{"id":3614,"date":"2025-01-02T03:10:17","date_gmt":"2025-01-02T03:10:17","guid":{"rendered":"https:\/\/vapestornado.com\/?post_type=product&#038;p=3614"},"modified":"2025-08-23T12:23:25","modified_gmt":"2025-08-23T12:23:25","slug":"vozol-gear-power-20k-20000-puffs-vape-rechargeable-disposable-box-bulk-buy-cheap-price","status":"publish","type":"product","link":"https:\/\/vapestornado.com\/pl\/product\/vozol-gear-power-20k-20000-puffs-vape-rechargeable-disposable-box-bulk-buy-cheap-price\/","title":{"rendered":"VOZOL Gear Power 20K 20000 Zaci\u0105gni\u0119\u0107 Vape Akumulator Jednorazowy Box Zakup Hurtowy Tanie Cena"},"content":{"rendered":"<h1 class=\"product-title\">VOZOL Gear Power 20K 20000 Zaci\u0105gni\u0119\u0107 Vape Akumulator Jednorazowy Box Zakup Hurtowy Tanie Cena<\/h1>\n<p>VOZOL GEAR POWER 20k jest fabrycznie nape\u0142niony imponuj\u0105cym <strong>20 ml e-soku<\/strong>, co czyni go idealnym nawet dla najbardziej intensywnych u\u017cytkownik\u00f3w, wystarczaj\u0105cym na ponad tydzie\u0144. Oferuje on <strong>trzy opcje mocy nikotyny<\/strong>\u20140 mg, 20 mg i 50 mg\u2014i jest dost\u0119pny w <strong>20 unikalnych smakach<\/strong>, zaspokajaj\u0105c szeroki zakres preferencji.<\/p>\n<p>Urz\u0105dzenie posiada <strong>akumulator o pojemno\u015bci 650 mAh<\/strong>, zapewniaj\u0105c sta\u0142\u0105 wydajno\u015b\u0107. Szybko \u0142aduje si\u0119 przez USB-C i zawiera <strong>siateczkowe podw\u00f3jne grza\u0142ki z technologi\u0105 S.i.L.C (Smooth, Identical, Long-lasting, Clean)<\/strong>, zapewniaj\u0105c p\u0142ynne i sp\u00f3jne wra\u017cenia z wapowania z ulepszonym smakiem i produkcj\u0105 pary.<\/p>\n<p>Zaprojektowany z my\u015bl\u0105 o wszechstronno\u015bci, GEAR POWER oferuje dwa tryby mocy. <strong>Tryb ECO<\/strong> dostarcza do <strong>20 000 zaci\u0105gni\u0119\u0107<\/strong>, idealny do d\u0142ugotrwa\u0142ego u\u017cytkowania, podczas gdy <strong>Tryb POWER<\/strong> priorytetyzuje bogatszy smak i g\u0119stsz\u0105 par\u0119, zapewniaj\u0105c oko\u0142o <strong>12 000 zaci\u0105gni\u0119\u0107<\/strong>.<\/p>\n<p>Przyjazny dla u\u017cytkownika <strong>wy\u015bwietlacz LED<\/strong> pokazuje aktualny tryb, pozosta\u0142y procent baterii i poziom e-soku, co u\u0142atwia monitorowanie u\u017cytkowania. Dla dodatkowej higieny, urz\u0105dzenie jest wyposa\u017cone w <strong>silikonow\u0105 nak\u0142adk\u0119<\/strong> aby chroni\u0107 ustnik, gdy nie jest u\u017cywany.<\/p>\n<p>\u0141\u0105cz\u0105c wyj\u0105tkow\u0105 wydajno\u015b\u0107, wygod\u0119 i stylowy design, VOZOL GEAR POWER to idealny wyb\u00f3r dla vaper\u00f3w poszukuj\u0105cych niezawodnego i wysokiej jako\u015bci urz\u0105dzenia jednorazowego u\u017cytku.<\/p>\n<p>&nbsp;<\/p>\n<p><span style=\"color: #ff0000;\"><strong>Dodaj Amy na WhatsApp, aby uzyska\u0107 szybk\u0105 odpowied\u017a i kupon na vape!<\/strong><\/span><\/p>\n<p><img fetchpriority=\"high\" decoding=\"async\" class=\"size-full wp-image-2932\" src=\"https:\/\/vapestornado.com\/wp-content\/uploads\/2024\/12\/Vape-Wholesale.jpg\" alt=\"Hurtowa sprzeda\u017c e-papieros\u00f3w\" width=\"229\" height=\"300\" \/><\/p>\n<h3><a href=\"https:\/\/wa.me\/8617776015835\" target=\"_blank\" rel=\"noopener\"><span style=\"color: #ff0000;\"><strong>WhatsApp: +86 17776015835<\/strong><\/span><\/a><\/h3>\n<p>&nbsp;<\/p>\n<h2 class=\"product-title\"><strong>VOZOL Gear Power 20K Cechy produktu<\/strong><\/h2>\n<div role=\"article\" data-tabster=\"{&quot;groupper&quot;:{&quot;tabbability&quot;:2},&quot;focusable&quot;:{}}\" data-content=\"ai-message\" aria-labelledby=\"juhNTJ6o7Gk1cgwZMJgv2-author juhNTJ6o7Gk1cgwZMJgv2-content\">\n<div id=\"juhNTJ6o7Gk1cgwZMJgv2-content\">\n<div role=\"article\" data-tabster=\"{&quot;groupper&quot;:{&quot;tabbability&quot;:2},&quot;focusable&quot;:{}}\" data-content=\"ai-message\" aria-labelledby=\"x4EZuCZWrTbh3weWUt7CU-author x4EZuCZWrTbh3weWUt7CU-content\">\n<div id=\"x4EZuCZWrTbh3weWUt7CU-content\">\n<div class=\"flex max-w-full flex-col flex-grow\">\n<div class=\"min-h-8 text-message flex w-full flex-col items-end gap-2 whitespace-normal break-words text-start [.text-message+&amp;]:mt-5\" dir=\"auto\" data-message-author-role=\"assistant\" data-message-id=\"52c6e00a-252f-4104-805d-2f1a84739c71\" data-message-model-slug=\"gpt-4o\">\n<div class=\"flex w-full flex-col gap-1 empty:hidden first:pt-[3px]\">\n<div class=\"markdown prose w-full break-words dark:prose-invert light\">\n<p>&nbsp;<\/p>\n<ul>\n<li><strong>Ogromna Pojemno\u015b\u0107 E-Juice<\/strong>: Wst\u0119pnie nape\u0142niony 20 ml e-soku, wystarcza na ponad tydzie\u0144, nawet dla intensywnie u\u017cytkuj\u0105cych.<\/li>\n<li><strong>Opcje Nikotyny<\/strong>: Dost\u0119pne w <strong>0, 20 i 50 mg<\/strong> st\u0119\u017cenia w 20 unikalnych smakach.<\/li>\n<li><strong>Akumulator<\/strong>: Posiada bateri\u0119 650 mAh, \u0142adowan\u0105 przez USB-C.<\/li>\n<li><strong>Zaawansowane cewki<\/strong>: Podw\u00f3jne cewki siatkowe z <strong>technologi\u0105 S.i.L.C<\/strong> zapewniaj\u0105 g\u0142adkie, sp\u00f3jne zaci\u0105gni\u0119cia.<\/li>\n<\/ul>\n<p><strong>Podw\u00f3jne tryby mocy dla wszechstronno\u015bci<\/strong><\/p>\n<ul>\n<li><strong>Tryb ECO<\/strong>: Oferuje do <strong>20 000 zaci\u0105gni\u0119\u0107<\/strong> dla d\u0142ugotrwa\u0142ego u\u017cytkowania.<\/li>\n<li><strong>Tryb POWER<\/strong>: Zapewnia bogatszy smak i g\u0119stsz\u0105 par\u0119, z oko\u0142o <strong>12 000 zaci\u0105gni\u0119\u0107<\/strong>.<\/li>\n<\/ul>\n<\/div>\n<\/div>\n<\/div>\n<\/div>\n<div class=\"mb-2 flex gap-3 empty:hidden -ml-2\">\n<figure id=\"attachment_3610\" aria-describedby=\"caption-attachment-3610\" style=\"width: 1000px\" class=\"wp-caption alignnone\"><img decoding=\"async\" class=\"wp-image-3610 size-full\" src=\"https:\/\/vapestornado.com\/wp-content\/uploads\/2025\/01\/VOZOL-Gear-Power-20000-Disposable-Bulk-Buy.jpg\" alt=\"VOZOL Gear Power 20000 Jednorazowe kupno hurtowe\" width=\"1000\" height=\"1000\" srcset=\"https:\/\/vapestornado.com\/wp-content\/uploads\/2025\/01\/VOZOL-Gear-Power-20000-Disposable-Bulk-Buy.jpg 1000w, https:\/\/vapestornado.com\/wp-content\/uploads\/2025\/01\/VOZOL-Gear-Power-20000-Disposable-Bulk-Buy-300x300.jpg 300w, https:\/\/vapestornado.com\/wp-content\/uploads\/2025\/01\/VOZOL-Gear-Power-20000-Disposable-Bulk-Buy-150x150.jpg 150w, https:\/\/vapestornado.com\/wp-content\/uploads\/2025\/01\/VOZOL-Gear-Power-20000-Disposable-Bulk-Buy-768x768.jpg 768w, https:\/\/vapestornado.com\/wp-content\/uploads\/2025\/01\/VOZOL-Gear-Power-20000-Disposable-Bulk-Buy-600x600.jpg 600w, https:\/\/vapestornado.com\/wp-content\/uploads\/2025\/01\/VOZOL-Gear-Power-20000-Disposable-Bulk-Buy-100x100.jpg 100w\" sizes=\"(max-width: 1000px) 100vw, 1000px\" \/><figcaption id=\"caption-attachment-3610\" class=\"wp-caption-text\">VOZOL Gear Power 20000 Jednorazowe kupno hurtowe<\/figcaption><\/figure>\n<\/div>\n<\/div>\n<\/div>\n<\/div>\n<\/div>\n<h2 class=\"product-title\"><strong>Popularny smak dla VOZOL Gear Power 20000<\/strong><strong>\u00a0<\/strong><strong>Jednorazowe E-papierosy<\/strong><\/h2>\n<p>Vozol Vista 20000 zapewnia r\u00f3\u017cnorodn\u0105 i ekscytuj\u0105c\u0105 gam\u0119 opcji dla Twojej linii produkt\u00f3w, zaspokajaj\u0105c r\u00f3\u017cne preferencje smakowe! Znajd\u017a popularny smak zgodnie z nasz\u0105 dat\u0105 sprzeda\u017cy i opiniami klient\u00f3w.<\/p>\n<p>1.Cytryna Mi\u0119ta<br \/>\n2. Mieszane Jagody <span style=\"color: #ff0000;\"><strong>&gt;&gt;&gt; Gor\u0105ce!<\/strong><\/span><br \/>\n3.Truskawka Mango<br \/>\n4.Mango L\u00f3d<br \/>\n5.Mango Ananas Grejpfrut<br \/>\n6. Winogronowy L\u00f3d<span style=\"color: #ff0000;\"><strong>&gt;&gt;&gt; Gor\u0105ce!<\/strong><\/span><br \/>\n7. Brzoskwinia na Lodzie<br \/>\n8.Cytryna Limonka<br \/>\n9. Arbuz z Lodem<br \/>\n10.Smoczy Owoc Banan Wi\u015bnia <span style=\"color: #ff0000;\"><strong>&gt;&gt;&gt; Gor\u0105ce!<\/strong><\/span><br \/>\n11.Podw\u00f3jne Jab\u0142ko L\u00f3d<br \/>\n12.Wi\u015bniowa Lemoniada<br \/>\n13. Truskawka Arbuz<br \/>\n14.Niebieski Razz Ice <span style=\"color: #ff0000;\"><strong>&gt;&gt;&gt; Najlepsze\uff01<\/strong><\/span><br \/>\n15.Bor\u00f3wkowa Burza<br \/>\n16.Niebieskie Mojito <span style=\"color: #ff0000;\"><strong>&gt;&gt;&gt; Gor\u0105ce!<\/strong><\/span><br \/>\n17.Malina Arbuz<br \/>\n18.Ogie\u0144 Wulkaniczny<\/p>\n<div class=\"flex-shrink-0 flex flex-col relative items-end\">\n<div class=\"pt-0\">\n<div class=\"gizmo-bot-avatar flex h-8 w-8 items-center justify-center overflow-hidden rounded-full\">\n<div class=\"relative p-1 rounded-sm flex items-center justify-center bg-token-main-surface-primary text-token-text-primary h-8 w-8\">\n<h2>Najcz\u0119\u015bciej zadawane pytania dotycz\u0105ce VOZOL Gear Power 20K<strong>\u00a0<\/strong>Jednorazowy e-papieros<\/h2>\n<p>&nbsp;<\/p>\n<div class=\"flex max-w-full flex-col flex-grow\">\n<div class=\"min-h-8 text-message flex w-full flex-col items-end gap-2 whitespace-normal break-words text-start [.text-message+&amp;]:mt-5\" dir=\"auto\" data-message-author-role=\"assistant\" data-message-id=\"4dc48248-df95-45bd-b800-6dedb43cf7f1\" data-message-model-slug=\"gpt-4o\">\n<div class=\"flex w-full flex-col gap-1 empty:hidden first:pt-[3px]\">\n<div class=\"markdown prose w-full break-words dark:prose-invert light\">\n<ol>\n<li><strong>Jak d\u0142ugo dzia\u0142a VOZOL GEAR POWER?<\/strong><br \/>\nVOZOL GEAR POWER oferuje do <strong>20 000 zaci\u0105gni\u0119\u0107<\/strong> w trybie ECO i oko\u0142o <strong>12 000 zaci\u0105gni\u0119\u0107<\/strong> w trybie POWER, w zale\u017cno\u015bci od nawyk\u00f3w u\u017cytkowania. Dzi\u0119ki pojemno\u015bci 20 ml e-liquidu, mo\u017ce wystarczy\u0107 na ponad tydzie\u0144 dla intensywnych u\u017cytkownik\u00f3w.<\/li>\n<li><strong>Jakie st\u0119\u017cenia nikotyny s\u0105 dost\u0119pne dla VOZOL GEAR POWER 20k?<\/strong><br \/>\nGEAR POWER 20k jest dost\u0119pny w <strong>st\u0119\u017ceniach nikotyny 0 mg, 20 mg i 50 mg<\/strong>, co czyni go odpowiednim dla r\u00f3\u017cnych preferencji i potrzeb nikotynowych.<\/li>\n<li><strong>Czy mog\u0119 na\u0142adowa\u0107 GEAR POWER i jak to zrobi\u0107?<\/strong><br \/>\nTak, urz\u0105dzenie posiada <strong>akumulator o pojemno\u015bci 650 mAh<\/strong>. Mo\u017cna go \u0142atwo na\u0142adowa\u0107 za pomoc\u0105 kabla <strong>USB-C<\/strong>, co zapewnia nieprzerwane u\u017cytkowanie.<\/li>\n<li><strong>Jakie smaki s\u0105 dost\u0119pne dla VOZOL GEAR POWER 20000?<\/strong><br \/>\nGEAR POWER jest dost\u0119pny w <strong>20 unikalnych smakach<\/strong>, od owocowych i s\u0142odkich po klasyczne i odwa\u017cne, zaspokajaj\u0105c szeroki wachlarz preferencji smakowych.<\/li>\n<li><strong>W jaki spos\u00f3b VOZL 20000 zapewnia sta\u0142y smak i produkcj\u0119 pary?<\/strong><br \/>\nUrz\u0105dzenie jest wyposa\u017cone w <strong>podw\u00f3jne cewki siatkowe i technologi\u0119 S.i.L.C (Smooth, Identical, Long-lasting, Clean)<\/strong>, zapewniaj\u0105c p\u0142ynne, sp\u00f3jne zaci\u0105gni\u0119cia ze wzmocnionym smakiem i produkcj\u0105 pary.<\/li>\n<li><strong>Jakie cechy sprawiaj\u0105, \u017ce GEAR POWER jest przyjazny dla u\u017cytkownika?<\/strong><br \/>\nGEAR POWER posiada <strong>jasny wy\u015bwietlacz LED<\/strong> , kt\u00f3ry pokazuje tryb zasilania, poziom na\u0142adowania baterii i poziom e-liquidu. Posiada r\u00f3wnie\u017c <strong>silikonow\u0105 nak\u0142adk\u0119<\/strong> aby utrzyma\u0107 ustnik w czysto\u015bci, gdy nie jest u\u017cywany, co zwi\u0119ksza wygod\u0119 i higien\u0119.<\/li>\n<\/ol>\n<\/div>\n<\/div>\n<\/div>\n<\/div>\n<\/div>\n<\/div>\n<\/div>\n<\/div>\n<div class=\"flex-shrink-0 flex flex-col relative items-end\">\n<div class=\"pt-0\">\n<div class=\"gizmo-bot-avatar flex h-8 w-8 items-center justify-center overflow-hidden rounded-full\">\n<div class=\"relative p-1 rounded-sm flex items-center justify-center bg-token-main-surface-primary text-token-text-primary h-8 w-8\">\n<div class=\"mb-2 flex gap-3 empty:hidden -ml-2\">\n<div role=\"article\" data-tabster=\"{&quot;groupper&quot;:{&quot;tabbability&quot;:2},&quot;focusable&quot;:{}}\" data-content=\"ai-message\" aria-labelledby=\"Vdt5ez4X7Tg813x6rFVha-author Vdt5ez4X7Tg813x6rFVha-content\">\n<div id=\"Vdt5ez4X7Tg813x6rFVha-content\">\n<div role=\"article\" data-tabster=\"{&quot;groupper&quot;:{&quot;tabbability&quot;:2},&quot;focusable&quot;:{}}\" data-content=\"ai-message\" aria-labelledby=\"o968oC7CEo2fGHsGdsRYC-author o968oC7CEo2fGHsGdsRYC-content\">\n<div id=\"o968oC7CEo2fGHsGdsRYC-content\">\n<h2>Dlaczego warto wybra\u0107 vapestornado dla VOZOL 20K Puffs Vape Hurt?<\/h2>\n<div class=\"flex-shrink-0 flex flex-col relative items-end\">\n<div class=\"pt-0\">\n<div class=\"gizmo-bot-avatar flex h-8 w-8 items-center justify-center overflow-hidden rounded-full\">\n<div class=\"relative p-1 rounded-sm flex items-center justify-center bg-token-main-surface-primary text-token-text-primary h-8 w-8\">\n<p>Witamy w vapestornado, Twoim zaufanym sklepie internetowym z papierosami elektronicznymi premium. Z ponad 5-letnim do\u015bwiadczeniem, oferujemy popularne marki jednorazowych papieros\u00f3w elektronicznych, takie jak Fumot RandM Vape, <a href=\"https:\/\/vapestornado.com\/pl\/product-category\/vapme-shisha\/\">Vapme<\/a>, Bang Vape, Waspe Vape, and WGA Vape, itp.<\/p>\n<p>Nasza oferta obejmuje popularne e-papierosy, takie jak <a href=\"https:\/\/vapestornado.com\/pl\/product\/randm-12000-puffs-fumot-digital-disposable-vape-wholesale-price\/\">RandM Tornado 12000<\/a>, oraz bogate w smaku opcje, takie jak <a href=\"https:\/\/vapestornado.com\/pl\/product\/wga-crystal-pro-max-extra-15000-puffs-rechargeable-disposable-vape-wholesale-bulk-buy\/\">\u00a0WGA Crystal 15k Zaci\u0105gni\u0119\u0107<\/a> . Ka\u017cdy produkt jest wybierany z my\u015bl\u0105 o jako\u015bci, warto\u015bci i r\u00f3\u017cnorodno\u015bci, dzi\u0119ki czemu znajdziesz idealne dopasowanie do swoich potrzeb. Odkryj wyj\u0105tkow\u0105 obs\u0142ug\u0119 i szerok\u0105 gam\u0119 najlepszych produkt\u00f3w w cenach hurtowych na vapestornado.<\/p>\n<\/div>\n<p>&nbsp;<\/p>\n<p><strong>Inne popularne jednorazowe e-papierosy<\/strong><\/p>\n<p><a href=\"https:\/\/vapestornado.com\/pl\/product\/vozol-vista-20000-vape-rechargeable-disposable-vape-wholesale-cheap-price\/\">VOZOL VISTA 20000 Puffs <span style=\"color: #ff0000;\"><strong>&gt;&gt;&gt;&gt; Dalej !<\/strong><\/span><\/a><\/p>\n<p><a href=\"https:\/\/vapestornado.com\/pl\/product\/vopk-ultra-40000-puffs-2-in-1-digital-screen-rechargeable-disposable-vape\/\">VOPK 40000 Podw\u00f3jny Smak<span style=\"color: #ff0000;\"><strong>&gt;&gt;&gt;&gt; Dalej !<\/strong><\/span><\/a><\/p>\n<p><a href=\"https:\/\/vapestornado.com\/pl\/product\/puff-25k-bang-king-25000-puffs-rechargeable-disposable-vape-wholesale-bulk-buy\/\">Bang King 25000 <span style=\"color: #ff0000;\"><strong>&gt;&gt;&gt;&gt; Dalej !<\/strong><\/span><\/a><\/p>\n<\/div>\n<\/div>\n<\/div>\n<p>&nbsp;<\/p>\n<\/div>\n<\/div>\n<\/div>\n<\/div>\n<\/div>\n<\/div>\n<\/div>\n<\/div>\n<\/div>","protected":false},"excerpt":{"rendered":"<p>VOZOL Gear Power 20K Puffs 2% Niska Nikotyna Jednorazowy Vape Sprzeda\u017c Hurtowa<br \/>\nVOZOL Gear Power 20000 Zaci\u0105gni\u0119\u0107 Cyfrowy Wy\u015bwietlacz Jednorazowy Vape Zakup Hurtowy<br \/>\nVOZOL Gear Power 20k Jednorazowy Vape Wielokrotnego \u0141adowania Niska Cena<\/p>\n<p><strong>Dodaj Amy do WhatsAppa, aby uzyska\u0107 szybk\u0105 odpowied\u017a i kupon na vape!<\/strong><\/p>\n<p><img fetchpriority=\"high\" decoding=\"async\" class=\"size-full wp-image-2932\" src=\"https:\/\/vapestornado.com\/wp-content\/uploads\/2024\/12\/Vape-Wholesale.jpg\" alt=\"Hurtowa sprzeda\u017c e-papieros\u00f3w\" width=\"229\" height=\"300\" \/><\/p>\n<h3><a href=\"https:\/\/wa.me\/8617776015835\"><span style=\"color: #ff0000;\"><strong>WhatsApp: +86 17776015835<\/strong><\/span><\/a><\/h3>\n<p>&nbsp;<\/p>","protected":false},"featured_media":3611,"comment_status":"open","ping_status":"closed","template":"","meta":{"_acf_changed":false,"_uag_custom_page_level_css":"","_lmt_disableupdate":"no","_lmt_disable":"","_monsterinsights_skip_tracking":false,"_monsterinsights_sitenote_active":false,"_monsterinsights_sitenote_note":"","_monsterinsights_sitenote_category":0,"site-sidebar-layout":"default","site-content-layout":"","ast-site-content-layout":"default","site-content-style":"default","site-sidebar-style":"default","ast-global-header-display":"","ast-banner-title-visibility":"","ast-main-header-display":"","ast-hfb-above-header-display":"","ast-hfb-below-header-display":"","ast-hfb-mobile-header-display":"","site-post-title":"","ast-breadcrumbs-content":"","ast-featured-img":"","footer-sml-layout":"","ast-disable-related-posts":"","theme-transparent-header-meta":"default","adv-header-id-meta":"","stick-header-meta":"","header-above-stick-meta":"","header-main-stick-meta":"","header-below-stick-meta":"","astra-migrate-meta-layouts":"set","ast-page-background-enabled":"default","ast-page-background-meta":{"desktop":{"background-color":"","background-image":"","background-repeat":"repeat","background-position":"center center","background-size":"auto","background-attachment":"scroll","background-type":"","background-media":"","overlay-type":"","overlay-color":"","overlay-opacity":"","overlay-gradient":""},"tablet":{"background-color":"","background-image":"","background-repeat":"repeat","background-position":"center center","background-size":"auto","background-attachment":"scroll","background-type":"","background-media":"","overlay-type":"","overlay-color":"","overlay-opacity":"","overlay-gradient":""},"mobile":{"background-color":"","background-image":"","background-repeat":"repeat","background-position":"center center","background-size":"auto","background-attachment":"scroll","background-type":"","background-media":"","overlay-type":"","overlay-color":"","overlay-opacity":"","overlay-gradient":""}},"ast-content-background-meta":{"desktop":{"background-color":"var(--ast-global-color-5)","background-image":"","background-repeat":"repeat","background-position":"center center","background-size":"auto","background-attachment":"scroll","background-type":"","background-media":"","overlay-type":"","overlay-color":"","overlay-opacity":"","overlay-gradient":""},"tablet":{"background-color":"var(--ast-global-color-5)","background-image":"","background-repeat":"repeat","background-position":"center center","background-size":"auto","background-attachment":"scroll","background-type":"","background-media":"","overlay-type":"","overlay-color":"","overlay-opacity":"","overlay-gradient":""},"mobile":{"background-color":"var(--ast-global-color-5)","background-image":"","background-repeat":"repeat","background-position":"center center","background-size":"auto","background-attachment":"scroll","background-type":"","background-media":"","overlay-type":"","overlay-color":"","overlay-opacity":"","overlay-gradient":""}},"_joinchat":{"telephone":"+8617776015835"}},"product_brand":[],"product_cat":[69,140,150,154,158,143,144,146,57],"product_tag":[165,105,97,166,94,222,221,220],"class_list":{"0":"post-3614","1":"product","2":"type-product","3":"status-publish","4":"has-post-thumbnail","6":"product_cat-20000-puff","7":"product_cat-big-puffs-disposable-vapes","8":"product_cat-buy-disposable-vapes-in-belgium","9":"product_cat-buy-disposable-vapes-in-netherlands","10":"product_cat-buy-disposable-vapes-in-spain","11":"product_cat-dual-mesh-disposable-vapes","12":"product_cat-low-nicotine-disposable-vapes","13":"product_cat-rechargeable-disposable-vapes","14":"product_cat-vozol-vape","15":"product_tag-cheap-vapes","16":"product_tag-digital-disposable-vape","17":"product_tag-hot-sale-disposable-vape","18":"product_tag-low-nicotine-vape","19":"product_tag-rechargeable-disposable-vape","20":"product_tag-vozol-gear-power-20000","21":"product_tag-vozol-gear-power-20k","22":"product_tag-vozol-vape","23":"desktop-align-left","24":"tablet-align-left","25":"mobile-align-left","27":"first","28":"instock","29":"sale","30":"shipping-taxable","31":"purchasable","32":"product-type-simple"},"acf":[],"uagb_featured_image_src":{"full":["https:\/\/vapestornado.com\/wp-content\/uploads\/2025\/01\/VOZOL-Gear-Power-20000-Disposable-Wholesale-Price.jpg",1000,1000,false],"thumbnail":["https:\/\/vapestornado.com\/wp-content\/uploads\/2025\/01\/VOZOL-Gear-Power-20000-Disposable-Wholesale-Price-150x150.jpg",150,150,true],"medium":["https:\/\/vapestornado.com\/wp-content\/uploads\/2025\/01\/VOZOL-Gear-Power-20000-Disposable-Wholesale-Price-300x300.jpg",300,300,true],"medium_large":["https:\/\/vapestornado.com\/wp-content\/uploads\/2025\/01\/VOZOL-Gear-Power-20000-Disposable-Wholesale-Price-768x768.jpg",768,768,true],"large":["https:\/\/vapestornado.com\/wp-content\/uploads\/2025\/01\/VOZOL-Gear-Power-20000-Disposable-Wholesale-Price.jpg",1000,1000,false],"1536x1536":["https:\/\/vapestornado.com\/wp-content\/uploads\/2025\/01\/VOZOL-Gear-Power-20000-Disposable-Wholesale-Price.jpg",1000,1000,false],"2048x2048":["https:\/\/vapestornado.com\/wp-content\/uploads\/2025\/01\/VOZOL-Gear-Power-20000-Disposable-Wholesale-Price.jpg",1000,1000,false],"trp-custom-language-flag":["https:\/\/vapestornado.com\/wp-content\/uploads\/2025\/01\/VOZOL-Gear-Power-20000-Disposable-Wholesale-Price.jpg",12,12,false],"woocommerce_thumbnail":["https:\/\/vapestornado.com\/wp-content\/uploads\/2025\/01\/VOZOL-Gear-Power-20000-Disposable-Wholesale-Price-300x300.jpg",300,300,true],"woocommerce_single":["https:\/\/vapestornado.com\/wp-content\/uploads\/2025\/01\/VOZOL-Gear-Power-20000-Disposable-Wholesale-Price-600x600.jpg",600,600,true],"woocommerce_gallery_thumbnail":["https:\/\/vapestornado.com\/wp-content\/uploads\/2025\/01\/VOZOL-Gear-Power-20000-Disposable-Wholesale-Price-100x100.jpg",100,100,true]},"uagb_author_info":{"display_name":"ESAMY","author_link":"https:\/\/vapestornado.com\/pl\/author\/"},"uagb_comment_info":0,"uagb_excerpt":"VOZOL Gear Power 20K\u00a0 Puffs 2% Low Nicotine Disposable Vape Wholesale VOZOL Gear Power 20000 Puff \u00a0Digital Display Disposable Vape Bulk Buy VOZOL Gear Power 20k Rechargeable Disposable Vape Cheap Price Add Amy's whatsapp get right reply and vape coupon! WhatsApp: +86 17776015835 &nbsp;","_links":{"self":[{"href":"https:\/\/vapestornado.com\/pl\/wp-json\/wp\/v2\/product\/3614","targetHints":{"allow":["GET"]}}],"collection":[{"href":"https:\/\/vapestornado.com\/pl\/wp-json\/wp\/v2\/product"}],"about":[{"href":"https:\/\/vapestornado.com\/pl\/wp-json\/wp\/v2\/types\/product"}],"replies":[{"embeddable":true,"href":"https:\/\/vapestornado.com\/pl\/wp-json\/wp\/v2\/comments?post=3614"}],"wp:featuredmedia":[{"embeddable":true,"href":"https:\/\/vapestornado.com\/pl\/wp-json\/wp\/v2\/media\/3611"}],"wp:attachment":[{"href":"https:\/\/vapestornado.com\/pl\/wp-json\/wp\/v2\/media?parent=3614"}],"wp:term":[{"taxonomy":"product_brand","embeddable":true,"href":"https:\/\/vapestornado.com\/pl\/wp-json\/wp\/v2\/product_brand?post=3614"},{"taxonomy":"product_cat","embeddable":true,"href":"https:\/\/vapestornado.com\/pl\/wp-json\/wp\/v2\/product_cat?post=3614"},{"taxonomy":"product_tag","embeddable":true,"href":"https:\/\/vapestornado.com\/pl\/wp-json\/wp\/v2\/product_tag?post=3614"}],"curies":[{"name":"wp","href":"https:\/\/api.w.org\/{rel}","templated":true}]}}