{"id":3599,"date":"2024-12-31T09:42:44","date_gmt":"2024-12-31T09:42:44","guid":{"rendered":"https:\/\/vapestornado.com\/?post_type=product&#038;p=3599"},"modified":"2025-08-23T09:39:43","modified_gmt":"2025-08-23T09:39:43","slug":"hayati-pro-ultra-bang-box-30k-puffs-dual-flavor-vape","status":"publish","type":"product","link":"https:\/\/vapestornado.com\/pl\/product\/hayati-pro-ultra-bang-box-30k-puffs-dual-flavor-vape\/","title":{"rendered":"Hayati Pro ULTRA Bang Box 30k Zaci\u0105gni\u0119\u0107 Vape o Podw\u00f3jnym Smaku"},"content":{"rendered":"<h1>Co to jest Hayati Pro ULTRA Bang Box 30000 Puffs Dual Flavor?<\/h1>\n<p data-start=\"398\" data-end=\"668\">Cyfrowy ekran <strong data-start=\"402\" data-end=\"454\">Bang Box 30000 Zaci\u0105gni\u0119\u0107 Jednorazowy Vape o Podw\u00f3jnym Smaku<\/strong> zosta\u0142 stworzony z my\u015bl\u0105 o pojemno\u015bci, r\u00f3\u017cnorodno\u015bci i sta\u0142ej wydajno\u015bci. Z <strong data-start=\"522\" data-end=\"549\">35 ml zbiornikiem na e-liquid<\/strong> oraz <strong data-start=\"557\" data-end=\"595\">, zaspokaja szeroki zakres preferencji. W\u0142\u0105czenie<\/strong>, zapewnia ponad <strong data-start=\"614\" data-end=\"630\">30 000 zaci\u0105gni\u0119\u0107<\/strong>\u2014znacznie przewy\u017cszaj\u0105c standardowe jednoraz\u00f3wki.<\/p>\n<p data-start=\"670\" data-end=\"960\">Jego <strong data-start=\"674\" data-end=\"696\">systemem podw\u00f3jnego smaku<\/strong> pozwala u\u017cytkownikom prze\u0142\u0105cza\u0107 si\u0119 mi\u0119dzy dwiema opcjami smakowymi w jednym urz\u0105dzeniu, oferuj\u0105c elastyczno\u015b\u0107 i \u015bwie\u017co\u015b\u0107 bez konieczno\u015bci noszenia wielu vape. The <strong data-start=\"828\" data-end=\"846\">cewka siatkowa 0,8 \u03a9<\/strong> zwi\u0119ksza produkcj\u0119 pary i intensywno\u015b\u0107 smaku, a <strong data-start=\"905\" data-end=\"929\">Szybkie \u0142adowanie typu C<\/strong> ogranicza przestoje do minimum.<\/p>\n<p data-start=\"962\" data-end=\"1207\">Kompaktowy i \u0142atwy w u\u017cyciu <strong data-start=\"991\" data-end=\"1012\">Bang Box 30K E-papieros<\/strong> \u0142\u0105czy d\u0142ugotrwa\u0142\u0105 wydajno\u015b\u0107 z funkcjami premium, co czyni go mocnym wyborem dla hurtownik\u00f3w, detalist\u00f3w i u\u017cytkownik\u00f3w na co dzie\u0144 poszukuj\u0105cych wygody podw\u00f3jnego smaku w jednoraz\u00f3wce o du\u017cej pojemno\u015bci.<\/p>\n<figure id=\"attachment_3601\" aria-describedby=\"caption-attachment-3601\" style=\"width: 1024px\" class=\"wp-caption alignnone\"><img fetchpriority=\"high\" decoding=\"async\" class=\"size-large wp-image-3601\" src=\"https:\/\/vapestornado.com\/wp-content\/uploads\/2024\/12\/Bang-Box-30000-Puffs-Dual-Flavor-Cheap-Price-Dual-Flavor-Satisfaction-at-an-Affordable-1024x576.jpg\" alt=\"Bang Box 30000 Puffs Dual Flavor Tanie Ceny Podw\u00f3jna Satysfakcja Smaku w Przyst\u0119pnej Cenie\" width=\"1024\" height=\"576\" srcset=\"https:\/\/vapestornado.com\/wp-content\/uploads\/2024\/12\/Bang-Box-30000-Puffs-Dual-Flavor-Cheap-Price-Dual-Flavor-Satisfaction-at-an-Affordable-1024x576.jpg 1024w, https:\/\/vapestornado.com\/wp-content\/uploads\/2024\/12\/Bang-Box-30000-Puffs-Dual-Flavor-Cheap-Price-Dual-Flavor-Satisfaction-at-an-Affordable-300x169.jpg 300w, https:\/\/vapestornado.com\/wp-content\/uploads\/2024\/12\/Bang-Box-30000-Puffs-Dual-Flavor-Cheap-Price-Dual-Flavor-Satisfaction-at-an-Affordable-768x432.jpg 768w, https:\/\/vapestornado.com\/wp-content\/uploads\/2024\/12\/Bang-Box-30000-Puffs-Dual-Flavor-Cheap-Price-Dual-Flavor-Satisfaction-at-an-Affordable-1536x864.jpg 1536w, https:\/\/vapestornado.com\/wp-content\/uploads\/2024\/12\/Bang-Box-30000-Puffs-Dual-Flavor-Cheap-Price-Dual-Flavor-Satisfaction-at-an-Affordable-2048x1152.jpg 2048w, https:\/\/vapestornado.com\/wp-content\/uploads\/2024\/12\/Bang-Box-30000-Puffs-Dual-Flavor-Cheap-Price-Dual-Flavor-Satisfaction-at-an-Affordable-600x338.jpg 600w\" sizes=\"(max-width: 1024px) 100vw, 1024px\" \/><figcaption id=\"caption-attachment-3601\" class=\"wp-caption-text\">Bang Box 30000 Puffs Dual Flavor Tanie Ceny Podw\u00f3jna Satysfakcja Smaku w Przyst\u0119pnej Cenie<\/figcaption><\/figure>\n<p>&nbsp;<\/p>\n<h3>Cechy Produktu<\/h3>\n<ol>\n<li>Ogromna liczba 30 000+ zaci\u0105gni\u0119\u0107 z funkcj\u0105 podw\u00f3jnego smaku dla maksymalnej r\u00f3\u017cnorodno\u015bci.<\/li>\n<li>Pojemno\u015b\u0107 35mL e-liquidu dla d\u0142ugotrwa\u0142ego u\u017cytkowania bez cz\u0119stych wymian.<\/li>\n<li>Akumulator 850mAh z szybkim \u0142adowaniem Type-C.<\/li>\n<li>Zaawansowana siatkowa grza\u0142ka 0,8\u03a9 dla intensywnych smak\u00f3w i g\u0142adkiej produkcji pary.<\/li>\n<li>Elegancki, przeno\u015bny design idealny do wapowania w podr\u00f3\u017cy.<\/li>\n<\/ol>\n<h3>Lista Smak\u00f3w<\/h3>\n<ol>\n<li>Truskawka Kiwi\/Arbuz L\u00f3d<\/li>\n<li>Truskawka Kiwi\/Truskawka Arbuz<\/li>\n<li>Sok Brzoskwiniowy\/Jagoda L\u00f3d<\/li>\n<li>Jagoda L\u00f3d\/Kiwi Marakuja Guawa<\/li>\n<li>Jagoda Kwa\u015bna Malina L\u00f3d\/Mieszanka Owoc\u00f3w<\/li>\n<li>Potr\u00f3jna Jagoda L\u00f3d\/Truskawka Mango<\/li>\n<li>Arbuz Guma Balonowa\/Truskawka Arbuz<\/li>\n<li>Jagoda L\u00f3d\/Arbuz L\u00f3d<\/li>\n<li>Truskawka Arbuz\/Kiwi Marakuja Guawa<\/li>\n<li>Czarny Smok L\u00f3d\/Mango Brzoskwinia Arbuz<\/li>\n<li>Niebieska Malina L\u00f3d\/Podw\u00f3jne Winogrono<\/li>\n<li>Blue Razz Ice\/Truskawka Mango<\/li>\n<li><\/li>\n<\/ol>\n<h4><strong>Bang box 30k Top 5 Smak\u00f3w<\/strong><\/h4>\n<ol>\n<li><strong>Truskawka Kiwi\/Arbuz L\u00f3d<\/strong>: Orze\u017awiaj\u0105ca mieszanka owoc\u00f3w tropikalnych i lodowej s\u0142odyczy.<\/li>\n<li><strong>Sok Brzoskwiniowy\/Jagoda L\u00f3d<\/strong>: S\u0142odka brzoskwinia \u0142\u0105czy si\u0119 z ch\u0142odz\u0105c\u0105 bor\u00f3wk\u0105, zapewniaj\u0105c zr\u00f3wnowa\u017cone doznania podczas wapowania.<\/li>\n<li><strong>Jagoda Kwa\u015bna Malina L\u00f3d\/Mieszanka Owoc\u00f3w<\/strong>: Kwaskowaty, s\u0142odki i lodowaty w ka\u017cdym wdechu.<\/li>\n<li><strong>Potr\u00f3jna Jagoda L\u00f3d\/Truskawka Mango<\/strong>: Mieszanka jag\u00f3d i mango dla owocowej eksplozji.<\/li>\n<li><strong>Niebieska Malina L\u00f3d\/Podw\u00f3jne Winogrono<\/strong>: Wyrazisty smak winogron w po\u0142\u0105czeniu z lodow\u0105 niebiesk\u0105 malin\u0105.<\/li>\n<\/ol>\n<h4><strong>Dlaczego wybra\u0107 Bang Box 30k Puffs o podw\u00f3jnym smaku?<\/strong><\/h4>\n<p>Bang Box 30000 Puffs o podw\u00f3jnym smaku oferuje wyj\u0105tkow\u0105 warto\u015b\u0107 i wszechstronno\u015b\u0107 dla waper\u00f3w. Jego system dw\u00f3ch smak\u00f3w pozwala u\u017cytkownikom na prze\u0142\u0105czanie si\u0119 mi\u0119dzy dwoma unikalnymi profilami smakowymi w jednym urz\u0105dzeniu, zapewniaj\u0105c przyjemne i zr\u00f3\u017cnicowane do\u015bwiadczenia podczas wapowania. Dzi\u0119ki du\u017cej pojemno\u015bci 35 ml e-liquidu i akumulatorowi 850 mAh, urz\u0105dzenie jest stworzone z my\u015bl\u0105 o d\u0142ugowieczno\u015bci, co czyni je idealnym dla intensywnie u\u017cywaj\u0105cych lub tych, kt\u00f3rzy nie lubi\u0105 cz\u0119stych wymian. Zaawansowana technologia grza\u0142ki siatkowej 0,8\u03a9 gwarantuje g\u0142adkie, aromatyczne i g\u0119ste chmury pary, podnosz\u0105c jako\u015b\u0107 Twoich sesji wapowania. Co wi\u0119cej, stylowy design i kompaktowy rozmiar sprawiaj\u0105, \u017ce jest wygodny do noszenia w dowolnym miejscu, a port \u0142adowania typu C zapewnia szybkie \u0142adowanie. Niezale\u017cnie od tego, czy jeste\u015b entuzjast\u0105 smaku, czy szukasz trwa\u0142o\u015bci, ten produkt spe\u0142ni oczekiwania na ka\u017cdym poziomie.<\/p>\n<h2><strong>Bang Box 30k Puffs o podw\u00f3jnym smaku - najcz\u0119\u015bciej zadawane pytania<\/strong><\/h2>\n<ol>\n<li><strong>Ile zaci\u0105gni\u0119\u0107 zapewnia Bang Box 30000 Puffs o podw\u00f3jnym smaku?<\/strong><br \/>\nZapewnia ponad 30 000 zaci\u0105gni\u0119\u0107 z funkcj\u0105 podw\u00f3jnego smaku.<\/li>\n<li><strong>Czy Bang Box 30000 Puffs o podw\u00f3jnym smaku mo\u017cna \u0142adowa\u0107?<\/strong><br \/>\nTak, posiada akumulator 850 mAh z portem \u0142adowania typu C.<\/li>\n<li><strong>Co sprawia, \u017ce system dw\u00f3ch smak\u00f3w jest wyj\u0105tkowy?<\/strong><br \/>\nUrz\u0105dzenie pozwala na p\u0142ynne prze\u0142\u0105czanie mi\u0119dzy dwoma smakami, oferuj\u0105c r\u00f3\u017cnorodno\u015b\u0107 w jednym waporyzatorze.<\/li>\n<li><strong>Jakiej technologii grza\u0142ki u\u017cywa to urz\u0105dzenie?<\/strong><br \/>\nU\u017cywa grza\u0142ki siatkowej 0,8\u03a9, aby wzmocni\u0107 smak i produkcj\u0119 pary.<\/li>\n<li><strong>Ile kombinacji smakowych jest dost\u0119pnych?<\/strong><br \/>\nDo wyboru jest 12 ekscytuj\u0105cych kombinacji podw\u00f3jnego smaku.<\/li>\n<\/ol>\n<h4>Bang Box Dual Flavor 30000 vapes hurtowo Kontakt i uzyskaj rabat teraz!<a href=\"https:\/\/wa.me\/8618077105750\" target=\"_blank\" rel=\"noopener\">+8618077105750<\/a><\/h4>\n<p><img decoding=\"async\" class=\"size-large wp-image-2921\" src=\"https:\/\/vapestornado.com\/wp-content\/uploads\/2024\/11\/20062b3a285f900e79520aad496b94d-887x1024.jpg\" alt=\"vapestornado Vicky\" width=\"887\" height=\"1024\" srcset=\"https:\/\/vapestornado.com\/wp-content\/uploads\/2024\/11\/20062b3a285f900e79520aad496b94d-887x1024.jpg 887w, https:\/\/vapestornado.com\/wp-content\/uploads\/2024\/11\/20062b3a285f900e79520aad496b94d-260x300.jpg 260w, https:\/\/vapestornado.com\/wp-content\/uploads\/2024\/11\/20062b3a285f900e79520aad496b94d-768x887.jpg 768w, https:\/\/vapestornado.com\/wp-content\/uploads\/2024\/11\/20062b3a285f900e79520aad496b94d-600x693.jpg 600w, https:\/\/vapestornado.com\/wp-content\/uploads\/2024\/11\/20062b3a285f900e79520aad496b94d.jpg 1080w\" sizes=\"(max-width: 887px) 100vw, 887px\" \/><\/p>","protected":false},"excerpt":{"rendered":"<p>Bang Box 30000 Puffs Dual Flavor oferuje 30 000+ zaci\u0105gni\u0119\u0107, podw\u00f3jne smaki, akumulator i siatkow\u0105 grza\u0142k\u0119 0,8\u03a9 dla intensywnego smaku.<\/p>\n<p><strong><span style=\"color: #ff0000;\">(nasza cena na stronie nie zawiera koszt\u00f3w wysy\u0142ki, skontaktuj si\u0119 ze mn\u0105, aby uzyska\u0107 pe\u0142n\u0105 cen\u0119 i zni\u017ck\u0119!)<\/span><\/strong><\/p>\n<p><img decoding=\"async\" class=\"size-medium wp-image-2921\" src=\"https:\/\/vapestornado.com\/wp-content\/uploads\/2024\/11\/20062b3a285f900e79520aad496b94d-260x300.jpg\" alt=\"vapestornado Vicky\" width=\"260\" height=\"300\" srcset=\"https:\/\/vapestornado.com\/wp-content\/uploads\/2024\/11\/20062b3a285f900e79520aad496b94d-260x300.jpg 260w, https:\/\/vapestornado.com\/wp-content\/uploads\/2024\/11\/20062b3a285f900e79520aad496b94d-887x1024.jpg 887w, https:\/\/vapestornado.com\/wp-content\/uploads\/2024\/11\/20062b3a285f900e79520aad496b94d-768x887.jpg 768w, https:\/\/vapestornado.com\/wp-content\/uploads\/2024\/11\/20062b3a285f900e79520aad496b94d-600x693.jpg 600w, https:\/\/vapestornado.com\/wp-content\/uploads\/2024\/11\/20062b3a285f900e79520aad496b94d.jpg 1080w\" sizes=\"(max-width: 260px) 100vw, 260px\" \/><\/p>","protected":false},"featured_media":3605,"comment_status":"open","ping_status":"closed","template":"","meta":{"_acf_changed":false,"_uag_custom_page_level_css":"","_lmt_disableupdate":"no","_lmt_disable":"","_monsterinsights_skip_tracking":false,"_monsterinsights_sitenote_active":false,"_monsterinsights_sitenote_note":"","_monsterinsights_sitenote_category":0,"site-sidebar-layout":"default","site-content-layout":"","ast-site-content-layout":"default","site-content-style":"default","site-sidebar-style":"default","ast-global-header-display":"","ast-banner-title-visibility":"","ast-main-header-display":"","ast-hfb-above-header-display":"","ast-hfb-below-header-display":"","ast-hfb-mobile-header-display":"","site-post-title":"","ast-breadcrumbs-content":"","ast-featured-img":"","footer-sml-layout":"","ast-disable-related-posts":"","theme-transparent-header-meta":"default","adv-header-id-meta":"","stick-header-meta":"","header-above-stick-meta":"","header-main-stick-meta":"","header-below-stick-meta":"","astra-migrate-meta-layouts":"set","ast-page-background-enabled":"default","ast-page-background-meta":{"desktop":{"background-color":"","background-image":"","background-repeat":"repeat","background-position":"center center","background-size":"auto","background-attachment":"scroll","background-type":"","background-media":"","overlay-type":"","overlay-color":"","overlay-opacity":"","overlay-gradient":""},"tablet":{"background-color":"","background-image":"","background-repeat":"repeat","background-position":"center center","background-size":"auto","background-attachment":"scroll","background-type":"","background-media":"","overlay-type":"","overlay-color":"","overlay-opacity":"","overlay-gradient":""},"mobile":{"background-color":"","background-image":"","background-repeat":"repeat","background-position":"center center","background-size":"auto","background-attachment":"scroll","background-type":"","background-media":"","overlay-type":"","overlay-color":"","overlay-opacity":"","overlay-gradient":""}},"ast-content-background-meta":{"desktop":{"background-color":"var(--ast-global-color-5)","background-image":"","background-repeat":"repeat","background-position":"center center","background-size":"auto","background-attachment":"scroll","background-type":"","background-media":"","overlay-type":"","overlay-color":"","overlay-opacity":"","overlay-gradient":""},"tablet":{"background-color":"var(--ast-global-color-5)","background-image":"","background-repeat":"repeat","background-position":"center center","background-size":"auto","background-attachment":"scroll","background-type":"","background-media":"","overlay-type":"","overlay-color":"","overlay-opacity":"","overlay-gradient":""},"mobile":{"background-color":"var(--ast-global-color-5)","background-image":"","background-repeat":"repeat","background-position":"center center","background-size":"auto","background-attachment":"scroll","background-type":"","background-media":"","overlay-type":"","overlay-color":"","overlay-opacity":"","overlay-gradient":""}},"_joinchat":{"telephone":"+8618077105750"}},"product_brand":[],"product_cat":[67,64,153,154,159,143,144,146],"product_tag":[],"class_list":{"0":"post-3599","1":"product","2":"type-product","3":"status-publish","4":"has-post-thumbnail","6":"product_cat-30000-puff","7":"product_cat-bangbox-vape","8":"product_cat-buy-disposable-vapes-in-italy","9":"product_cat-buy-disposable-vapes-in-netherlands","10":"product_cat-buy-disposable-vapes-in-sweden","11":"product_cat-dual-mesh-disposable-vapes","12":"product_cat-low-nicotine-disposable-vapes","13":"product_cat-rechargeable-disposable-vapes","14":"desktop-align-left","15":"tablet-align-left","16":"mobile-align-left","18":"first","19":"instock","20":"sale","21":"shipping-taxable","22":"purchasable","23":"product-type-simple"},"acf":[],"uagb_featured_image_src":{"full":["https:\/\/vapestornado.com\/wp-content\/uploads\/2024\/12\/Bang-Box-30000-Puffs-Dual-Flavor-Review-Explore-Its-Unique-Dual-Flavor-Technology.jpg",939,935,false],"thumbnail":["https:\/\/vapestornado.com\/wp-content\/uploads\/2024\/12\/Bang-Box-30000-Puffs-Dual-Flavor-Review-Explore-Its-Unique-Dual-Flavor-Technology-150x150.jpg",150,150,true],"medium":["https:\/\/vapestornado.com\/wp-content\/uploads\/2024\/12\/Bang-Box-30000-Puffs-Dual-Flavor-Review-Explore-Its-Unique-Dual-Flavor-Technology-300x300.jpg",300,300,true],"medium_large":["https:\/\/vapestornado.com\/wp-content\/uploads\/2024\/12\/Bang-Box-30000-Puffs-Dual-Flavor-Review-Explore-Its-Unique-Dual-Flavor-Technology-768x765.jpg",768,765,true],"large":["https:\/\/vapestornado.com\/wp-content\/uploads\/2024\/12\/Bang-Box-30000-Puffs-Dual-Flavor-Review-Explore-Its-Unique-Dual-Flavor-Technology.jpg",939,935,false],"1536x1536":["https:\/\/vapestornado.com\/wp-content\/uploads\/2024\/12\/Bang-Box-30000-Puffs-Dual-Flavor-Review-Explore-Its-Unique-Dual-Flavor-Technology.jpg",939,935,false],"2048x2048":["https:\/\/vapestornado.com\/wp-content\/uploads\/2024\/12\/Bang-Box-30000-Puffs-Dual-Flavor-Review-Explore-Its-Unique-Dual-Flavor-Technology.jpg",939,935,false],"trp-custom-language-flag":["https:\/\/vapestornado.com\/wp-content\/uploads\/2024\/12\/Bang-Box-30000-Puffs-Dual-Flavor-Review-Explore-Its-Unique-Dual-Flavor-Technology.jpg",12,12,false],"woocommerce_thumbnail":["https:\/\/vapestornado.com\/wp-content\/uploads\/2024\/12\/Bang-Box-30000-Puffs-Dual-Flavor-Review-Explore-Its-Unique-Dual-Flavor-Technology-300x300.jpg",300,300,true],"woocommerce_single":["https:\/\/vapestornado.com\/wp-content\/uploads\/2024\/12\/Bang-Box-30000-Puffs-Dual-Flavor-Review-Explore-Its-Unique-Dual-Flavor-Technology-600x597.jpg",600,597,true],"woocommerce_gallery_thumbnail":["https:\/\/vapestornado.com\/wp-content\/uploads\/2024\/12\/Bang-Box-30000-Puffs-Dual-Flavor-Review-Explore-Its-Unique-Dual-Flavor-Technology-100x100.jpg",100,100,true]},"uagb_author_info":{"display_name":"ESvicky","author_link":"https:\/\/vapestornado.com\/pl\/author\/"},"uagb_comment_info":0,"uagb_excerpt":"Bang Box 30000 Puffs Dual Flavor delivers 30,000+ puffs, dual flavors, rechargeable battery, and 0.8\u03a9 mesh coil for intense flavor. (our website price not include shipping cost, please contact me to get whole price and your disccount!)","_links":{"self":[{"href":"https:\/\/vapestornado.com\/pl\/wp-json\/wp\/v2\/product\/3599","targetHints":{"allow":["GET"]}}],"collection":[{"href":"https:\/\/vapestornado.com\/pl\/wp-json\/wp\/v2\/product"}],"about":[{"href":"https:\/\/vapestornado.com\/pl\/wp-json\/wp\/v2\/types\/product"}],"replies":[{"embeddable":true,"href":"https:\/\/vapestornado.com\/pl\/wp-json\/wp\/v2\/comments?post=3599"}],"wp:featuredmedia":[{"embeddable":true,"href":"https:\/\/vapestornado.com\/pl\/wp-json\/wp\/v2\/media\/3605"}],"wp:attachment":[{"href":"https:\/\/vapestornado.com\/pl\/wp-json\/wp\/v2\/media?parent=3599"}],"wp:term":[{"taxonomy":"product_brand","embeddable":true,"href":"https:\/\/vapestornado.com\/pl\/wp-json\/wp\/v2\/product_brand?post=3599"},{"taxonomy":"product_cat","embeddable":true,"href":"https:\/\/vapestornado.com\/pl\/wp-json\/wp\/v2\/product_cat?post=3599"},{"taxonomy":"product_tag","embeddable":true,"href":"https:\/\/vapestornado.com\/pl\/wp-json\/wp\/v2\/product_tag?post=3599"}],"curies":[{"name":"wp","href":"https:\/\/api.w.org\/{rel}","templated":true}]}}