{"id":3598,"date":"2024-12-31T09:02:37","date_gmt":"2024-12-31T09:02:37","guid":{"rendered":"https:\/\/vapestornado.com\/?post_type=product&#038;p=3598"},"modified":"2025-08-23T12:23:15","modified_gmt":"2025-08-23T12:23:15","slug":"vozol-vista-20000-vape-rechargeable-disposable-vape-wholesale-cheap-price","status":"publish","type":"product","link":"https:\/\/vapestornado.com\/pl\/product\/vozol-vista-20000-vape-rechargeable-disposable-vape-wholesale-cheap-price\/","title":{"rendered":"Vozol Vista 20000 Vape Akumulatorowy Jednorazowy Box Hurtowa Niska Cena"},"content":{"rendered":"<h1 class=\"product-title\">Vozol Vista 20000 Vape Akumulator Jednorazowy Vape Hurtownia Tanie Cena<\/h1>\n<p>Cyfrowy ekran <strong data-start=\"324\" data-end=\"374\">Vozol Vista 20000 Jednorazowy Vape z Mo\u017cliwo\u015bci\u0105 \u0141adowania<\/strong> zapewnia doskona\u0142\u0105 wydajno\u015b\u0107 dzi\u0119ki zaawansowanej technologii i stylowemu wygl\u0105dowi, co czyni go niezb\u0119dnym dla hurtowych nabywc\u00f3w w ca\u0142ej Europie. Oferuj\u0105c do <strong data-start=\"522\" data-end=\"538\">20 000 zaci\u0105gni\u0119\u0107<\/strong>, to urz\u0105dzenie jest zbudowane z <strong data-start=\"568\" data-end=\"599\">akumulator o pojemno\u015bci 650 mAh<\/strong> i <strong data-start=\"604\" data-end=\"628\">Szybkie \u0142adowanie typu C<\/strong>, zapewniaj\u0105c nieprzerwane sesje i minimalne przestoje.<\/p>\n<p>Wyposa\u017cony w <strong data-start=\"703\" data-end=\"732\">technologia podw\u00f3jnej siatki grzewczej<\/strong>, ka\u017cdy wdech jest g\u0142adki, pe\u0142en smaku i sp\u00f3jny. Funkcja <strong data-start=\"787\" data-end=\"814\">6-stopniow\u0105 kontrol\u0105 mocy<\/strong> i <strong data-start=\"819\" data-end=\"848\">regulowany system przep\u0142ywu powietrza<\/strong> umo\u017cliwia u\u017cytkownikom dostosowanie produkcji pary, od mocnych chmur po delikatniejsze zaci\u0105gni\u0119cie. Nowoczesny <strong data-start=\"934\" data-end=\"958\">Kolorowy ekran wy\u015bwietlacza<\/strong> wy\u015bwietla \u017cywotno\u015b\u0107 baterii i ustawienia mocy w czasie rzeczywistym, daj\u0105c u\u017cytkownikom pe\u0142n\u0105 kontrol\u0119 nad wapowaniem.<\/p>\n<p>Kompaktowy, przeno\u015bny i efektowny wizualnie, Vozol Vista 20K zosta\u0142 zaprojektowany z my\u015bl\u0105 o wygodzie i stylu. Dost\u0119pny w wielu smakach i opcjach nikotynowych, zaspokaja r\u00f3\u017cnorodne preferencje, zachowuj\u0105c przy tym najwy\u017csz\u0105 jako\u015b\u0107. Z <strong data-start=\"1305\" data-end=\"1337\">niskimi cenami hurtowymi vape<\/strong>, jest idealny dla sprzedawc\u00f3w, dystrybutor\u00f3w i w\u0142a\u015bcicieli sklep\u00f3w z vape, kt\u00f3rzy chc\u0105 oferowa\u0107 klientom najlepsze po\u0142\u0105czenie wydajno\u015bci, designu i warto\u015bci.<\/p>\n<p><span style=\"color: #ff0000;\"><strong>Dodaj Amy na WhatsApp, aby uzyska\u0107 szybk\u0105 odpowied\u017a i kupon na vape!<\/strong><\/span><\/p>\n<p><img fetchpriority=\"high\" decoding=\"async\" class=\"size-full wp-image-2932\" src=\"https:\/\/vapestornado.com\/wp-content\/uploads\/2024\/12\/Vape-Wholesale.jpg\" alt=\"Hurtowa sprzeda\u017c e-papieros\u00f3w\" width=\"229\" height=\"300\" \/><\/p>\n<h3><a href=\"https:\/\/wa.me\/8617776015835\" target=\"_blank\" rel=\"noopener\"><span style=\"color: #ff0000;\"><strong>WhatsApp: +86 17776015835<\/strong><\/span><\/a><\/h3>\n<p>&nbsp;<\/p>\n<h2 class=\"product-title\"><strong>Cechy produktu Vozol Vista 20000<\/strong><\/h2>\n<div role=\"article\" data-tabster=\"{&quot;groupper&quot;:{&quot;tabbability&quot;:2},&quot;focusable&quot;:{}}\" data-content=\"ai-message\" aria-labelledby=\"juhNTJ6o7Gk1cgwZMJgv2-author juhNTJ6o7Gk1cgwZMJgv2-content\">\n<div id=\"juhNTJ6o7Gk1cgwZMJgv2-content\">\n<div role=\"article\" data-tabster=\"{&quot;groupper&quot;:{&quot;tabbability&quot;:2},&quot;focusable&quot;:{}}\" data-content=\"ai-message\" aria-labelledby=\"x4EZuCZWrTbh3weWUt7CU-author x4EZuCZWrTbh3weWUt7CU-content\">\n<div id=\"x4EZuCZWrTbh3weWUt7CU-content\">\n<div class=\"flex max-w-full flex-col flex-grow\">\n<div class=\"min-h-8 text-message flex w-full flex-col items-end gap-2 whitespace-normal break-words text-start [.text-message+&amp;]:mt-5\" dir=\"auto\" data-message-author-role=\"assistant\" data-message-id=\"52c6e00a-252f-4104-805d-2f1a84739c71\" data-message-model-slug=\"gpt-4o\">\n<div class=\"flex w-full flex-col gap-1 empty:hidden first:pt-[3px]\">\n<div class=\"markdown prose w-full break-words dark:prose-invert light\">\n<h4><\/h4>\n<ul>\n<li><strong>Wysoka Liczba Zaci\u0105gni\u0119\u0107<\/strong>: Ciesz si\u0119 a\u017c do <strong>14,000<\/strong> i <strong>20 000 zaci\u0105gni\u0119\u0107<\/strong> dla d\u0142ugotrwa\u0142ego u\u017cytkowania.<\/li>\n<li><strong>6-poziomowa kontrola mocy<\/strong>: Dostosuj swoje wapowanie za pomoc\u0105 regulowanej mocy.<\/li>\n<li><strong>P\u0142ynne zaci\u0105gni\u0119cia<\/strong>: Zaawansowana technologia przep\u0142ywu powietrza gwarantuje p\u0142ynne i sp\u00f3jne uderzenie.<\/li>\n<li><strong>Przeno\u015bny<\/strong>: Kompaktowa, elegancka konstrukcja, kt\u00f3ra jest \u0142atwa do przenoszenia i idealna w podr\u00f3\u017cy.<\/li>\n<li><strong>Podw\u00f3jna Siatka Grzewcza<\/strong>: Do\u015bwiadcz wzmocnionego smaku i doskona\u0142ej produkcji pary.<\/li>\n<li><strong>Kolorowy ekran<\/strong>: Czytelny wy\u015bwietlacz zapewnia optymalne wra\u017cenia u\u017cytkownika.<\/li>\n<\/ul>\n<\/div>\n<\/div>\n<\/div>\n<\/div>\n<div class=\"mb-2 flex gap-3 empty:hidden -ml-2\">\n<p>&nbsp;<\/p>\n<\/div>\n<\/div>\n<\/div>\n<\/div>\n<\/div>\n<h2 class=\"product-title\"><strong>Popularny smak dla Vozol Vista 20000<\/strong><strong>\u00a0<\/strong><strong>Jednorazowe E-papierosy<\/strong><\/h2>\n<p>Vozol Vista 20000 zapewnia r\u00f3\u017cnorodn\u0105 i ekscytuj\u0105c\u0105 gam\u0119 opcji dla Twojej linii produkt\u00f3w, zaspokajaj\u0105c r\u00f3\u017cne preferencje smakowe! Znajd\u017a popularny smak zgodnie z nasz\u0105 dat\u0105 sprzeda\u017cy i opiniami klient\u00f3w.<\/p>\n<ol>\n<li><strong>Wi\u015bniowa Cola<\/strong><br \/>\nIdealne po\u0142\u0105czenie klasycznego smaku wi\u015bni i orze\u017awiaj\u0105cej coli, oferuj\u0105ce s\u0142odki, ale nie przesadnie cukrowy smak, kt\u00f3ry przywo\u0142uje nostalgiczne wibracje napoju.<\/li>\n<li><strong>Brzoskwinia z Lodem <span style=\"color: #ff0000;\">&gt;&gt;&gt;&gt; Gor\u0105ce!<\/span><\/strong><br \/>\nS\u0142odki, soczysty smak dojrza\u0142ych brzoskwi\u0144 po\u0142\u0105czony z ch\u0142odnym lodowym doznaniem, tworz\u0105c g\u0142adkie, orze\u017awiaj\u0105ce do\u015bwiadczenie, kt\u00f3re jest idealne na upalne dni.<\/li>\n<li><strong>Kwa\u015bne Jab\u0142ko Ice<\/strong><br \/>\nSmak cierpkiego zielonego jab\u0142ka po\u0142\u0105czony z ch\u0142odz\u0105cym efektem lodu, zapewniaj\u0105cy rze\u015bk\u0105, kwa\u015bno-s\u0142odk\u0105 r\u00f3wnowag\u0119, kt\u00f3ra od\u015bwie\u017ca z ka\u017cdym wdechem.<\/li>\n<li><strong>Mi\u0119towy Miami<\/strong><br \/>\nCh\u0142odny, orze\u017awiaj\u0105cy smak mi\u0119ty, dostarczaj\u0105cy od\u015bwie\u017caj\u0105cej bryzy jak powietrze oceaniczne w Miami, idealny do orze\u017awiaj\u0105cego i energetyzuj\u0105cego wapowania.<\/li>\n<li><strong>Winogronowy L\u00f3d<\/strong><br \/>\nBogaty, s\u0142odki smak winogron z nut\u0105 lodu, oferuj\u0105cy pe\u0142ny smak, kt\u00f3ry jest zar\u00f3wno aromatyczny, jak i orze\u017awiaj\u0105cy, idealny dla mi\u0142o\u015bnik\u00f3w owocowych dozna\u0144 podczas wapowania.<\/li>\n<li><strong>Arbuzowy l\u00f3d <span style=\"color: #ff0000;\">&gt;&gt;&gt;&gt; Gor\u0105ce!<\/span><\/strong><br \/>\nSoczysty smak arbuza po\u0142\u0105czony z mro\u017c\u0105cym efektem lodu, zapewniaj\u0105cy s\u0142odkie i orze\u017awiaj\u0105ce letnie doznania z ka\u017cdym wdechem.<\/li>\n<li><strong>Niebieska Malina z Lodem <span style=\"color: #ff0000;\">&gt;&gt;&gt;&gt; Najlepszy !<\/span><\/strong><br \/>\nMieszanka s\u0142odkich jag\u00f3d i cierpkich malin z ch\u0142odz\u0105cym efektem lodu, oferuj\u0105ca orze\u017awiaj\u0105cy i \u017cywy smak jag\u00f3d, kt\u00f3ry jest zar\u00f3wno s\u0142odki, jak i cierpki.<\/li>\n<li><strong>Brzoskwinia Mango Arbuz<\/strong><br \/>\nTropikalne trio dojrza\u0142ych brzoskwi\u0144, soczystych mango i orze\u017awiaj\u0105cego arbuza, oferuj\u0105ce warstwowy, s\u0142odki i owocowy smak, kt\u00f3ry jest idealny dla mi\u0142o\u015bnik\u00f3w owoc\u00f3w.<\/li>\n<li><strong>Truskawkowe Mango<\/strong><br \/>\nNaturalna s\u0142odycz dojrza\u0142ych truskawek po\u0142\u0105czona z egzotyczn\u0105 bogato\u015bci\u0105 mango, zapewniaj\u0105ca g\u0142adkie, zr\u00f3wnowa\u017cone doznania owocowe.<\/li>\n<li><strong>Malinowy Arbuz<\/strong><br \/>\nOrze\u017awiaj\u0105ce po\u0142\u0105czenie cierpkich malin i s\u0142odkiego, soczystego arbuza, tworz\u0105ce owocowe i nawil\u017caj\u0105ce doznania podczas wapowania z doskona\u0142\u0105 r\u00f3wnowag\u0105 smak\u00f3w.<\/li>\n<li><strong>VZBull <span style=\"color: #ff0000;\">&gt;&gt;&gt;&gt; Gor\u0105ce!<\/span><\/strong><br \/>\nOdwa\u017cny smak inspirowany napojami energetycznymi, s\u0142odki z lekk\u0105 nut\u0105 kwaskowato\u015bci, oferuj\u0105cy orze\u017awiaj\u0105cy i energetyzuj\u0105cy smak klasycznego napoju energetycznego.<\/li>\n<li><strong>Arbuz Guma Balonowa<\/strong><br \/>\nNostalgiczna mieszanka soczystego arbuza i s\u0142odkiej gumy balonowej, zapewniaj\u0105ca zabawny, cukierkowy smak, kt\u00f3ry jest zar\u00f3wno owocowy, jak i przyjemny.<\/li>\n<li><strong>Mieszanka Jag\u00f3d <span style=\"color: #ff0000;\">&gt;&gt;&gt;&gt; Gor\u0105ce!<\/span><\/strong><br \/>\nMieszanka r\u00f3\u017cnych jag\u00f3d, zapewniaj\u0105ca bogate, cierpkie i s\u0142odkie doznania owocowe, z warstwami smaku, kt\u00f3re s\u0105 idealne dla tych, kt\u00f3rzy lubi\u0105 mieszanki jagodowe.<\/li>\n<li><strong>Cytryna Lime<\/strong><br \/>\nOstry i cierpki mix cytryny i limonki, oferuj\u0105cy orze\u017awiaj\u0105cy, cytrusowy vape, kt\u00f3ry jest zar\u00f3wno cierpki, jak i ch\u0142odz\u0105cy \u2013 idealny dla mi\u0142o\u015bnik\u00f3w cytrus\u00f3w.<\/li>\n<li><strong>Strawberry Raspberry Cherry Mango Ice (Truskawka, Malina, Wi\u015bnia, Mango, L\u00f3d)<\/strong><br \/>\nZ\u0142o\u017cona mieszanka truskawki, maliny, wi\u015bni i mango, z efektem ch\u0142odz\u0105cego lodu, zapewniaj\u0105ca owocowe, s\u0142odkie i orze\u017awiaj\u0105ce doznania z ka\u017cdym zaci\u0105gni\u0119ciem.<\/li>\n<li><strong>Dragon Fruit Banana Cherry (Smoczy Owoc, Banan, Wi\u015bnia)<\/strong><br \/>\nUnikalne po\u0142\u0105czenie smoczego owocu, banana i wi\u015bni, oferuj\u0105ce tropikalny, egzotyczny profil smakowy, kt\u00f3ry jest s\u0142odki, g\u0142adki i kremowy z nut\u0105 kwaskowato\u015bci.<\/li>\n<li><strong>Elderflower Grapefruit (Czarny Bez, Grejpfrut)<\/strong><br \/>\nDelikatny smak czarnego bzu po\u0142\u0105czony z cierpko\u015bci\u0105 grejpfruta, tworz\u0105cy orze\u017awiaj\u0105cy, kwiatowy i cytrusowy smak, kt\u00f3ry jest zar\u00f3wno unikalny, jak i koj\u0105cy.<\/li>\n<li><strong>LavaFire<\/strong><br \/>\nOgnisty i odwa\u017cny smak z lekkim pikantnym kopni\u0119ciem, oferuj\u0105cy intensywne doznania vape pe\u0142ne ciep\u0142a, idealne dla tych, kt\u00f3rzy lubi\u0105 odwa\u017cne i pe\u0142ne przyg\u00f3d smaki.<\/li>\n<\/ol>\n<figure id=\"attachment_3586\" aria-describedby=\"caption-attachment-3586\" style=\"width: 1024px\" class=\"wp-caption alignnone\"><img decoding=\"async\" class=\"wp-image-3586 size-large\" src=\"https:\/\/vapestornado.com\/wp-content\/uploads\/2024\/12\/Vozol-Vista-20000-Disposable-Pod-Device-1024x1024.jpg\" alt=\"Vozol Vista 20000 Jednorazowe Urz\u0105dzenie Pod\" width=\"1024\" height=\"1024\" srcset=\"https:\/\/vapestornado.com\/wp-content\/uploads\/2024\/12\/Vozol-Vista-20000-Disposable-Pod-Device-1024x1024.jpg 1024w, https:\/\/vapestornado.com\/wp-content\/uploads\/2024\/12\/Vozol-Vista-20000-Disposable-Pod-Device-300x300.jpg 300w, https:\/\/vapestornado.com\/wp-content\/uploads\/2024\/12\/Vozol-Vista-20000-Disposable-Pod-Device-150x150.jpg 150w, https:\/\/vapestornado.com\/wp-content\/uploads\/2024\/12\/Vozol-Vista-20000-Disposable-Pod-Device-768x768.jpg 768w, https:\/\/vapestornado.com\/wp-content\/uploads\/2024\/12\/Vozol-Vista-20000-Disposable-Pod-Device-600x600.jpg 600w, https:\/\/vapestornado.com\/wp-content\/uploads\/2024\/12\/Vozol-Vista-20000-Disposable-Pod-Device-100x100.jpg 100w, https:\/\/vapestornado.com\/wp-content\/uploads\/2024\/12\/Vozol-Vista-20000-Disposable-Pod-Device.jpg 1126w\" sizes=\"(max-width: 1024px) 100vw, 1024px\" \/><figcaption id=\"caption-attachment-3586\" class=\"wp-caption-text\">Vozol Vista 20000 Jednorazowe Urz\u0105dzenie Pod<\/figcaption><\/figure>\n<div class=\"flex-shrink-0 flex flex-col relative items-end\">\n<div class=\"pt-0\">\n<div class=\"gizmo-bot-avatar flex h-8 w-8 items-center justify-center overflow-hidden rounded-full\">\n<div class=\"relative p-1 rounded-sm flex items-center justify-center bg-token-main-surface-primary text-token-text-primary h-8 w-8\">\n<h2>FAQ dla Vozol Vista 20000<strong>\u00a0<\/strong>Jednorazowy e-papieros<\/h2>\n<div class=\"flex max-w-full flex-col flex-grow\">\n<div class=\"min-h-8 text-message flex w-full flex-col items-end gap-2 whitespace-normal break-words text-start [.text-message+&amp;]:mt-5\" dir=\"auto\" data-message-author-role=\"assistant\" data-message-id=\"4dc48248-df95-45bd-b800-6dedb43cf7f1\" data-message-model-slug=\"gpt-4o\">\n<div class=\"flex w-full flex-col gap-1 empty:hidden first:pt-[3px]\">\n<div class=\"markdown prose w-full break-words dark:prose-invert light\">\n<p><strong>1. Co odr\u00f3\u017cnia seri\u0119 Vozol Vista 20000 od innych jednorazowych vape?<\/strong><br \/>\nSeria Vozol Vista wyr\u00f3\u017cnia si\u0119 du\u017c\u0105 liczb\u0105 zaci\u0105gni\u0119\u0107 (do 14 000 do 20 000 zaci\u0105gni\u0119\u0107), 6-poziomow\u0105 kontrol\u0105 mocy i technologi\u0105 podw\u00f3jnej siatki grzewczej, zapewniaj\u0105c\u0105 p\u0142ynniejsze, bardziej sp\u00f3jne zaci\u0105gni\u0119cie z lepszym smakiem i produkcj\u0105 pary. Dodatkowo, elegancki i przeno\u015bny design sprawia, \u017ce jest idealny do wapowania w podr\u00f3\u017cy.<\/p>\n<p><strong>2. Jak d\u0142ugo dzia\u0142aj\u0105 urz\u0105dzenia z serii Vozol Vista 20k?<\/strong><br \/>\nW zale\u017cno\u015bci od wybranego modelu, urz\u0105dzenia Vozol Vista oferuj\u0105 imponuj\u0105ce 14 000 do 20 000 zaci\u0105gni\u0119\u0107, zapewniaj\u0105c d\u0142ugotrwa\u0142e u\u017cytkowanie. Oznacza to, \u017ce mo\u017cesz cieszy\u0107 si\u0119 urz\u0105dzeniem przez d\u0142u\u017cszy czas, zanim b\u0119dziesz musia\u0142 je wymieni\u0107.<\/p>\n<p><strong>3. Czy mog\u0119 dostosowa\u0107 wra\u017cenia z wapowania za pomoc\u0105 Vozol Vista 20k?<\/strong><br \/>\nTak! Seria Vozol Vista oferuje 6-poziomow\u0105 kontrol\u0119 mocy, co pozwala dostosowa\u0107 ustawienia mocy do preferowanego stylu wapowania. Niezale\u017cnie od tego, czy wolisz p\u0142ynniejsze, l\u017cejsze zaci\u0105gni\u0119cie, czy bardziej intensywne, pe\u0142ne smaku uderzenie.<\/p>\n<p><strong>4. Jakie smaki s\u0105 dost\u0119pne w Vozol Vista 20000?<\/strong><br \/>\nSeria Vozol Vista oferuje szerok\u0105 gam\u0119 ekscytuj\u0105cych smak\u00f3w, w tym opcje takie jak Cherry Cola, Peach Ice, Sour Apple Ice, Mixed Berries, Watermelon Bubble Gum i wiele innych. Niezale\u017cnie od tego, czy lubisz smaki owocowe, mi\u0119towe, czy nawet inspirowane napojami energetycznymi, ka\u017cdy znajdzie co\u015b dla siebie.<\/p>\n<p><strong>5. Czy urz\u0105dzenia Vozol Vista s\u0105 przeno\u015bne i \u0142atwe w u\u017cyciu?<\/strong><br \/>\nAbsolutnie! Seria Vozol Vista charakteryzuje si\u0119 eleganck\u0105 i przeno\u015bn\u0105 konstrukcj\u0105, dzi\u0119ki czemu mo\u017cna j\u0105 \u0142atwo nosi\u0107 ze sob\u0105 wsz\u0119dzie. Dodatkowo, dzi\u0119ki kolorowemu ekranowi zapewniaj\u0105cemu czytelne wy\u015bwietlacze, urz\u0105dzenie oferuje intuicyjn\u0105 obs\u0142ug\u0119, dzi\u0119ki czemu jest idealne zar\u00f3wno dla pocz\u0105tkuj\u0105cych, jak i do\u015bwiadczonych u\u017cytkownik\u00f3w.<\/p>\n<\/div>\n<\/div>\n<\/div>\n<\/div>\n<\/div>\n<\/div>\n<\/div>\n<\/div>\n<div class=\"flex-shrink-0 flex flex-col relative items-end\">\n<div class=\"pt-0\">\n<div class=\"gizmo-bot-avatar flex h-8 w-8 items-center justify-center overflow-hidden rounded-full\">\n<div class=\"relative p-1 rounded-sm flex items-center justify-center bg-token-main-surface-primary text-token-text-primary h-8 w-8\">\n<div class=\"mb-2 flex gap-3 empty:hidden -ml-2\">\n<div role=\"article\" data-tabster=\"{&quot;groupper&quot;:{&quot;tabbability&quot;:2},&quot;focusable&quot;:{}}\" data-content=\"ai-message\" aria-labelledby=\"Vdt5ez4X7Tg813x6rFVha-author Vdt5ez4X7Tg813x6rFVha-content\">\n<div id=\"Vdt5ez4X7Tg813x6rFVha-content\">\n<div role=\"article\" data-tabster=\"{&quot;groupper&quot;:{&quot;tabbability&quot;:2},&quot;focusable&quot;:{}}\" data-content=\"ai-message\" aria-labelledby=\"o968oC7CEo2fGHsGdsRYC-author o968oC7CEo2fGHsGdsRYC-content\">\n<div id=\"o968oC7CEo2fGHsGdsRYC-content\">\n<p>&nbsp;<\/p>\n<h2>Dlaczego warto wybra\u0107 vapestornado do hurtowej sprzeda\u017cy FIHP 15000 Puffs Vape?<\/h2>\n<div class=\"flex-shrink-0 flex flex-col relative items-end\">\n<div class=\"pt-0\">\n<div class=\"gizmo-bot-avatar flex h-8 w-8 items-center justify-center overflow-hidden rounded-full\">\n<div class=\"relative p-1 rounded-sm flex items-center justify-center bg-token-main-surface-primary text-token-text-primary h-8 w-8\">\n<p>Witamy w vapestornado, Twoim zaufanym sklepie internetowym z papierosami elektronicznymi premium. Z ponad 5-letnim do\u015bwiadczeniem, oferujemy popularne marki jednorazowych papieros\u00f3w elektronicznych, takie jak Fumot RandM Vape, <a href=\"https:\/\/vapestornado.com\/pl\/product-category\/vapme-shisha\/\">Vapme<\/a>, Bang Vape, Waspe Vape, and WGA Vape, itp.<\/p>\n<p>Nasza oferta obejmuje popularne e-papierosy, takie jak <a href=\"https:\/\/vapestornado.com\/pl\/product\/randm-12000-puffs-fumot-digital-disposable-vape-wholesale-price\/\">RandM Tornado 12000<\/a>, oraz bogate w smaku opcje, takie jak <a href=\"https:\/\/vapestornado.com\/pl\/product\/wga-crystal-pro-max-extra-15000-puffs-rechargeable-disposable-vape-wholesale-bulk-buy\/\">\u00a0WGA Crystal 15k Zaci\u0105gni\u0119\u0107<\/a> . Ka\u017cdy produkt jest wybierany z my\u015bl\u0105 o jako\u015bci, warto\u015bci i r\u00f3\u017cnorodno\u015bci, dzi\u0119ki czemu znajdziesz idealne dopasowanie do swoich potrzeb. Odkryj wyj\u0105tkow\u0105 obs\u0142ug\u0119 i szerok\u0105 gam\u0119 najlepszych produkt\u00f3w w cenach hurtowych na vapestornado.<\/p>\n<\/div>\n<p>&nbsp;<\/p>\n<p><strong>Inne popularne jednorazowe e-papierosy<\/strong><\/p>\n<p><a href=\"https:\/\/vapestornado.com\/pl\/product\/bang-vape-35000-puffs-low-nicotine-bulk-buy-rechargeable-disposable-vapes-box-wholesale-price\/\">Bang Vape 40000 Pali <span style=\"color: #ff0000;\"><strong>&gt;&gt;&gt;&gt; Dalej !<\/strong><\/span><\/a><\/p>\n<p><a href=\"https:\/\/vapestornado.com\/pl\/product\/vopk-ultra-40000-puffs-2-in-1-digital-screen-rechargeable-disposable-vape\/\">VOPK 40000 Podw\u00f3jny Smak<span style=\"color: #ff0000;\"><strong>&gt;&gt;&gt;&gt; Dalej !<\/strong><\/span><\/a><\/p>\n<p><a href=\"https:\/\/vapestornado.com\/pl\/product\/puff-25k-bang-king-25000-puffs-rechargeable-disposable-vape-wholesale-bulk-buy\/\">Bang King 25000 <span style=\"color: #ff0000;\"><strong>&gt;&gt;&gt;&gt; Dalej !<\/strong><\/span><\/a><\/p>\n<\/div>\n<\/div>\n<\/div>\n<p>&nbsp;<\/p>\n<\/div>\n<\/div>\n<\/div>\n<\/div>\n<\/div>\n<\/div>\n<\/div>\n<\/div>\n<\/div>","protected":false},"excerpt":{"rendered":"<p>Hurtownia jednorazowych e-papieros\u00f3w Vozol Vista 20000 Puffs<br \/>\nAkumulator Vozol Vista 20000 Vape Jednorazowy<br \/>\nVozol Vista 20000 Puffs Jednorazowe urz\u0105dzenie typu Pod do kupienia hurtowo<\/p>\n<p><strong>Dodaj Amy do WhatsAppa, aby uzyska\u0107 szybk\u0105 odpowied\u017a i kupon na vape!<\/strong><\/p>\n<p><img fetchpriority=\"high\" decoding=\"async\" class=\"size-full wp-image-2932\" src=\"https:\/\/vapestornado.com\/wp-content\/uploads\/2024\/12\/Vape-Wholesale.jpg\" alt=\"Hurtowa sprzeda\u017c e-papieros\u00f3w\" width=\"229\" height=\"300\" \/><\/p>\n<h3><a href=\"https:\/\/wa.me\/8617776015835\"><span style=\"color: #ff0000;\"><strong>WhatsApp: +86 17776015835<\/strong><\/span><\/a><\/h3>\n<p>&nbsp;<\/p>","protected":false},"featured_media":3588,"comment_status":"open","ping_status":"closed","template":"","meta":{"_acf_changed":false,"_uag_custom_page_level_css":"","_lmt_disableupdate":"no","_lmt_disable":"","_monsterinsights_skip_tracking":false,"_monsterinsights_sitenote_active":false,"_monsterinsights_sitenote_note":"","_monsterinsights_sitenote_category":0,"site-sidebar-layout":"default","site-content-layout":"","ast-site-content-layout":"default","site-content-style":"default","site-sidebar-style":"default","ast-global-header-display":"","ast-banner-title-visibility":"","ast-main-header-display":"","ast-hfb-above-header-display":"","ast-hfb-below-header-display":"","ast-hfb-mobile-header-display":"","site-post-title":"","ast-breadcrumbs-content":"","ast-featured-img":"","footer-sml-layout":"","ast-disable-related-posts":"","theme-transparent-header-meta":"default","adv-header-id-meta":"","stick-header-meta":"","header-above-stick-meta":"","header-main-stick-meta":"","header-below-stick-meta":"","astra-migrate-meta-layouts":"set","ast-page-background-enabled":"default","ast-page-background-meta":{"desktop":{"background-color":"","background-image":"","background-repeat":"repeat","background-position":"center center","background-size":"auto","background-attachment":"scroll","background-type":"","background-media":"","overlay-type":"","overlay-color":"","overlay-opacity":"","overlay-gradient":""},"tablet":{"background-color":"","background-image":"","background-repeat":"repeat","background-position":"center center","background-size":"auto","background-attachment":"scroll","background-type":"","background-media":"","overlay-type":"","overlay-color":"","overlay-opacity":"","overlay-gradient":""},"mobile":{"background-color":"","background-image":"","background-repeat":"repeat","background-position":"center center","background-size":"auto","background-attachment":"scroll","background-type":"","background-media":"","overlay-type":"","overlay-color":"","overlay-opacity":"","overlay-gradient":""}},"ast-content-background-meta":{"desktop":{"background-color":"var(--ast-global-color-5)","background-image":"","background-repeat":"repeat","background-position":"center center","background-size":"auto","background-attachment":"scroll","background-type":"","background-media":"","overlay-type":"","overlay-color":"","overlay-opacity":"","overlay-gradient":""},"tablet":{"background-color":"var(--ast-global-color-5)","background-image":"","background-repeat":"repeat","background-position":"center center","background-size":"auto","background-attachment":"scroll","background-type":"","background-media":"","overlay-type":"","overlay-color":"","overlay-opacity":"","overlay-gradient":""},"mobile":{"background-color":"var(--ast-global-color-5)","background-image":"","background-repeat":"repeat","background-position":"center center","background-size":"auto","background-attachment":"scroll","background-type":"","background-media":"","overlay-type":"","overlay-color":"","overlay-opacity":"","overlay-gradient":""}},"_joinchat":{"telephone":"+8617776015835"}},"product_brand":[],"product_cat":[69,152,153,143,144,57],"product_tag":[165,105,97,166,94,220,219],"class_list":{"0":"post-3598","1":"product","2":"type-product","3":"status-publish","4":"has-post-thumbnail","6":"product_cat-20000-puff","7":"product_cat-buy-disposable-vapes-in-cermany","8":"product_cat-buy-disposable-vapes-in-italy","9":"product_cat-dual-mesh-disposable-vapes","10":"product_cat-low-nicotine-disposable-vapes","11":"product_cat-vozol-vape","12":"product_tag-cheap-vapes","13":"product_tag-digital-disposable-vape","14":"product_tag-hot-sale-disposable-vape","15":"product_tag-low-nicotine-vape","16":"product_tag-rechargeable-disposable-vape","17":"product_tag-vozol-vape","18":"product_tag-vozol-vista-20000","19":"desktop-align-left","20":"tablet-align-left","21":"mobile-align-left","23":"first","24":"instock","25":"sale","26":"shipping-taxable","27":"purchasable","28":"product-type-simple"},"acf":[],"uagb_featured_image_src":{"full":["https:\/\/vapestornado.com\/wp-content\/uploads\/2024\/12\/Vozol-Vista-20000-Disposable-Vape-Wholesale.jpg",1126,1126,false],"thumbnail":["https:\/\/vapestornado.com\/wp-content\/uploads\/2024\/12\/Vozol-Vista-20000-Disposable-Vape-Wholesale-150x150.jpg",150,150,true],"medium":["https:\/\/vapestornado.com\/wp-content\/uploads\/2024\/12\/Vozol-Vista-20000-Disposable-Vape-Wholesale-300x300.jpg",300,300,true],"medium_large":["https:\/\/vapestornado.com\/wp-content\/uploads\/2024\/12\/Vozol-Vista-20000-Disposable-Vape-Wholesale-768x768.jpg",768,768,true],"large":["https:\/\/vapestornado.com\/wp-content\/uploads\/2024\/12\/Vozol-Vista-20000-Disposable-Vape-Wholesale-1024x1024.jpg",1024,1024,true],"1536x1536":["https:\/\/vapestornado.com\/wp-content\/uploads\/2024\/12\/Vozol-Vista-20000-Disposable-Vape-Wholesale.jpg",1126,1126,false],"2048x2048":["https:\/\/vapestornado.com\/wp-content\/uploads\/2024\/12\/Vozol-Vista-20000-Disposable-Vape-Wholesale.jpg",1126,1126,false],"trp-custom-language-flag":["https:\/\/vapestornado.com\/wp-content\/uploads\/2024\/12\/Vozol-Vista-20000-Disposable-Vape-Wholesale.jpg",12,12,false],"woocommerce_thumbnail":["https:\/\/vapestornado.com\/wp-content\/uploads\/2024\/12\/Vozol-Vista-20000-Disposable-Vape-Wholesale-300x300.jpg",300,300,true],"woocommerce_single":["https:\/\/vapestornado.com\/wp-content\/uploads\/2024\/12\/Vozol-Vista-20000-Disposable-Vape-Wholesale-600x600.jpg",600,600,true],"woocommerce_gallery_thumbnail":["https:\/\/vapestornado.com\/wp-content\/uploads\/2024\/12\/Vozol-Vista-20000-Disposable-Vape-Wholesale-100x100.jpg",100,100,true]},"uagb_author_info":{"display_name":"ESAMY","author_link":"https:\/\/vapestornado.com\/pl\/author\/"},"uagb_comment_info":0,"uagb_excerpt":"Vozol Vista 20000 Puffs Disposable Vape Wholesale Vozol Vista 20000 Vape Rechargeable Disposable Vape Vozol Vista 20000 Puffs Disposable Pod Device Bulk Buy Add Amy's whatsapp get right reply and vape coupon! WhatsApp: +86 17776015835 &nbsp;","_links":{"self":[{"href":"https:\/\/vapestornado.com\/pl\/wp-json\/wp\/v2\/product\/3598","targetHints":{"allow":["GET"]}}],"collection":[{"href":"https:\/\/vapestornado.com\/pl\/wp-json\/wp\/v2\/product"}],"about":[{"href":"https:\/\/vapestornado.com\/pl\/wp-json\/wp\/v2\/types\/product"}],"replies":[{"embeddable":true,"href":"https:\/\/vapestornado.com\/pl\/wp-json\/wp\/v2\/comments?post=3598"}],"wp:featuredmedia":[{"embeddable":true,"href":"https:\/\/vapestornado.com\/pl\/wp-json\/wp\/v2\/media\/3588"}],"wp:attachment":[{"href":"https:\/\/vapestornado.com\/pl\/wp-json\/wp\/v2\/media?parent=3598"}],"wp:term":[{"taxonomy":"product_brand","embeddable":true,"href":"https:\/\/vapestornado.com\/pl\/wp-json\/wp\/v2\/product_brand?post=3598"},{"taxonomy":"product_cat","embeddable":true,"href":"https:\/\/vapestornado.com\/pl\/wp-json\/wp\/v2\/product_cat?post=3598"},{"taxonomy":"product_tag","embeddable":true,"href":"https:\/\/vapestornado.com\/pl\/wp-json\/wp\/v2\/product_tag?post=3598"}],"curies":[{"name":"wp","href":"https:\/\/api.w.org\/{rel}","templated":true}]}}