{"id":3568,"date":"2024-12-31T08:17:50","date_gmt":"2024-12-31T08:17:50","guid":{"rendered":"https:\/\/vapestornado.com\/?post_type=product&#038;p=3568"},"modified":"2025-08-23T09:40:26","modified_gmt":"2025-08-23T09:40:26","slug":"vookbar-cyber-pro-3000-puffs-wholesale-e-cigarette-hookah-vape","status":"publish","type":"product","link":"https:\/\/vapestornado.com\/pl\/product\/vookbar-cyber-pro-3000-puffs-wholesale-e-cigarette-hookah-vape\/","title":{"rendered":"Vookbar Cyber PRO 30000 Zaci\u0105gni\u0119\u0107 Hurtowa E-Papieros Fajka Wodna Vape"},"content":{"rendered":"<h1>Vookbar Cyber PRO 3000 Zaci\u0105gni\u0119\u0107 Hurtowa E-Papierosowa Fajka Wodna<\/h1>\n<p>&nbsp;<\/p>\n<div role=\"article\" data-tabster=\"{&quot;groupper&quot;:{&quot;tabbability&quot;:2},&quot;focusable&quot;:{}}\" data-content=\"ai-message\" aria-labelledby=\"64JRvXrTnY7mRmPkEQLLT-author 64JRvXrTnY7mRmPkEQLLT-content\">\n<div id=\"64JRvXrTnY7mRmPkEQLLT-content\">\n<p data-start=\"513\" data-end=\"779\">Cyfrowy ekran <strong data-start=\"517\" data-end=\"565\">Jednorazowy e-papieros Vookbar Cyber PRO 3000 Puffs<\/strong> zosta\u0142 zaprojektowany z my\u015bl\u0105 o p\u0142ynnej wydajno\u015bci, stylowym wygl\u0105dzie i warto\u015bci hurtowej. Z maksymalnie <strong data-start=\"650\" data-end=\"665\">3000 zaci\u0105gni\u0119\u0107<\/strong> na urz\u0105dzenie, stanowi niezawodn\u0105 opcj\u0119 dla vaper\u00f3w, kt\u00f3rzy ceni\u0105 sobie wygod\u0119 i jako\u015b\u0107 w kompaktowym formacie.<\/p>\n<p data-start=\"781\" data-end=\"1194\">Wyposa\u017cony w <strong data-start=\"798\" data-end=\"829\">akumulator 850mAh<\/strong> i <strong data-start=\"834\" data-end=\"858\">Szybkie \u0142adowanie typu C<\/strong>, Cyber PRO zapewnia sta\u0142\u0105 moc. Jego <strong data-start=\"904\" data-end=\"932\">22 ml wst\u0119pnie nape\u0142nionego e-liquidu<\/strong> z <strong data-start=\"938\" data-end=\"962\">5% moc\u0105 nikotyny<\/strong> dostarcza satysfakcjonuj\u0105ce uderzenia bezpo\u015brednio do p\u0142uc (DTL) i intensywn\u0105 g\u0142\u0119bi\u0119 smaku. Wykonany z najwy\u017cszej jako\u015bci sk\u0142adnik\u00f3w, w tym gliceryny ro\u015blinnej, glikolu propylenowego i naturalnych aromat\u00f3w, gwarantuje bogat\u0105, g\u0142adk\u0105 par\u0119 od pocz\u0105tku do ko\u0144ca.<\/p>\n<p data-start=\"1196\" data-end=\"1407\">\u0141\u0105cz\u0105c eleganck\u0105 estetyk\u0119 z zaawansowan\u0105 technologi\u0105 grza\u0142ki, <strong data-start=\"1258\" data-end=\"1290\">Vookbar Cyber PRO 3000 Zaci\u0105gni\u0119\u0107<\/strong> jest idealny dla sklep\u00f3w z e-papierosami, dystrybutor\u00f3w i konsument\u00f3w poszukuj\u0105cych kompaktowego, a jednocze\u015bnie mocnego <strong data-start=\"1379\" data-end=\"1404\">hurtowego shishy vape<\/strong>.<\/p>\n<figure id=\"attachment_3596\" aria-describedby=\"caption-attachment-3596\" style=\"width: 572px\" class=\"wp-caption alignnone\"><img fetchpriority=\"high\" decoding=\"async\" class=\"wp-image-3596\" src=\"https:\/\/vapestornado.com\/wp-content\/uploads\/2024\/12\/Vookbar-3000-Puffs-Hot-Sale-Disposable-Vapes-Germany.jpg\" alt=\"Vookbar 3000 Zaci\u0105gni\u0119\u0107 Gor\u0105ca Sprzeda\u017c Jednorazowe Vapy Polska\" width=\"572\" height=\"572\" srcset=\"https:\/\/vapestornado.com\/wp-content\/uploads\/2024\/12\/Vookbar-3000-Puffs-Hot-Sale-Disposable-Vapes-Germany.jpg 800w, https:\/\/vapestornado.com\/wp-content\/uploads\/2024\/12\/Vookbar-3000-Puffs-Hot-Sale-Disposable-Vapes-Germany-300x300.jpg 300w, https:\/\/vapestornado.com\/wp-content\/uploads\/2024\/12\/Vookbar-3000-Puffs-Hot-Sale-Disposable-Vapes-Germany-150x150.jpg 150w, https:\/\/vapestornado.com\/wp-content\/uploads\/2024\/12\/Vookbar-3000-Puffs-Hot-Sale-Disposable-Vapes-Germany-768x768.jpg 768w, https:\/\/vapestornado.com\/wp-content\/uploads\/2024\/12\/Vookbar-3000-Puffs-Hot-Sale-Disposable-Vapes-Germany-600x600.jpg 600w, https:\/\/vapestornado.com\/wp-content\/uploads\/2024\/12\/Vookbar-3000-Puffs-Hot-Sale-Disposable-Vapes-Germany-100x100.jpg 100w\" sizes=\"(max-width: 572px) 100vw, 572px\" \/><figcaption id=\"caption-attachment-3596\" class=\"wp-caption-text\">Vookbar 3000 Zaci\u0105gni\u0119\u0107 Gor\u0105ca Sprzeda\u017c Jednorazowe Vapy Polska<\/figcaption><\/figure>\n<\/div>\n<\/div>\n<p><img decoding=\"async\" class=\"alignleft wp-image-2951 size-medium\" src=\"https:\/\/vapestornado.com\/wp-content\/uploads\/2024\/12\/Wholesale-Disposable-Vape-265x300.jpg\" alt=\"Hurtownia jednorazowych vape\" width=\"265\" height=\"300\" srcset=\"https:\/\/vapestornado.com\/wp-content\/uploads\/2024\/12\/Wholesale-Disposable-Vape-265x300.jpg 265w, https:\/\/vapestornado.com\/wp-content\/uploads\/2024\/12\/Wholesale-Disposable-Vape-768x871.jpg 768w, https:\/\/vapestornado.com\/wp-content\/uploads\/2024\/12\/Wholesale-Disposable-Vape-600x680.jpg 600w, https:\/\/vapestornado.com\/wp-content\/uploads\/2024\/12\/Wholesale-Disposable-Vape.jpg 823w\" sizes=\"(max-width: 265px) 100vw, 265px\" \/><\/p>\n<h6>Skontaktuj si\u0119 z Mandy przez WhatsApp, aby uzyska\u0107 cen\u0119 promocyjn\u0105<a href=\"https:\/\/wa.me\/8618077105796\" target=\"_blank\" rel=\"noopener\">+8618077105796<\/a><\/h6>\n<div class=\"flex max-w-full flex-col flex-grow\">\n<div class=\"min-h-8 text-message flex w-full flex-col items-end gap-2 whitespace-normal break-words text-start [.text-message+&amp;]:mt-5\" dir=\"auto\" data-message-author-role=\"assistant\" data-message-id=\"cdb991c0-f594-4bff-b2d5-fbbdd7ce9e54\" data-message-model-slug=\"gpt-4o-mini\">\n<div class=\"flex w-full flex-col gap-1 empty:hidden first:pt-[3px]\">\n<div class=\"markdown prose w-full break-words dark:prose-invert light\"><\/div>\n<\/div>\n<\/div>\n<\/div>\n<div class=\"mb-2 flex gap-3 empty:hidden -ml-2\">\n<h2><strong>Vookbar Cyber PRO 30000 Zaci\u0105gni\u0119\u0107 <\/strong>Wyj\u0105tkowe cechy:<\/h2>\n<ul>\n<li><strong>Imponuj\u0105ca Liczba Zaci\u0105gni\u0119\u0107<\/strong>: Do 30 000 zaci\u0105gni\u0119\u0107 na urz\u0105dzenie, co zapewnia d\u0142ugie sesje vapowania.<\/li>\n<li><strong>Bateria<\/strong>: Akumulator 850mAh zapewnia sta\u0142\u0105 wydajno\u015b\u0107.<\/li>\n<li><strong>Pojemno\u015b\u0107 E-liquidu<\/strong>: 22ml p\u0142ynu o najwy\u017cszej jako\u015bci.<\/li>\n<li><strong>Moc Nikotyny<\/strong>: 2% nikotyny dla g\u0142adkiego, satysfakcjonuj\u0105cego uderzenia.<\/li>\n<li><strong>Sk\u0142adniki Premium<\/strong>: Zawiera gliceryn\u0119 ro\u015blinn\u0105, glikol propylenowy, nikotyn\u0119 i naturalne<\/li>\n<li><strong>Styl wapowania<\/strong>: Zaprojektowany dla entuzjast\u00f3w bezpo\u015bredniego wdechu (DTL) poszukuj\u0105cych bogatych chmur i intensywnego smaku.<\/li>\n<li><strong>Przyjazny dla u\u017cytkownika design<\/strong>: Kompaktowy, elegancki i gotowy do u\u017cycia od razu po wyj\u0119ciu z pude\u0142ka.<\/li>\n<\/ul>\n<\/div>\n<h2>Lista smak\u00f3w Vookbar Cyber PRO 3000 Puffs:<\/h2>\n<p>1.Niebieska malina lodowa<br \/>\n2.Brzoskwinia lodowa<br \/>\n3.Winogronowy l\u00f3d<br \/>\n4.Truskawka arbuz<br \/>\n5.Truskawka banan<br \/>\n6.Wi\u015bnia arbuz<br \/>\n7. Arbuz na lodzie<br \/>\n8.Brzoskwinia mango<br \/>\n9.Truskawka kiwi<br \/>\n10.Bia\u0142a truskawka l\u00f3d<br \/>\n11.Bia\u0142y \u017celkowy l\u00f3d<br \/>\n12.Mro\u017cona pinacolada<br \/>\n13.Cholernie bajeczny<br \/>\n14.Mojito z mieszanymi jagodami<\/p>\n<div role=\"article\" data-tabster=\"{&quot;groupper&quot;:{&quot;tabbability&quot;:2},&quot;focusable&quot;:{}}\" data-content=\"ai-message\" aria-labelledby=\"dARUyEWDoEYhnSPXFwx5A-author dARUyEWDoEYhnSPXFwx5A-content\">\n<div id=\"dARUyEWDoEYhnSPXFwx5A-content\">\n<h2>Dlaczego warto wybra\u0107 Vookbar Cyber PRO 3000 Puffs <strong>\u00a0<\/strong>at <a href=\"https:\/\/vapestornado.com\/pl\/product\/bang-box-35k-puffs-high-capacity-long-lasting-disposable-vape\/\">vapestornado.com?<\/a><\/h2>\n<ul>\n<li><strong>Du\u017ca pojemno\u015b\u0107 zaci\u0105gni\u0119\u0107<\/strong>: Dzi\u0119ki imponuj\u0105cej <strong>30 000 zaci\u0105gni\u0119\u0107<\/strong>, Vookbar Cyber PRO 30000 puff zapewnia d\u0142ugotrwa\u0142e u\u017cytkowanie, co czyni go popularnym wyborem w\u015br\u00f3d klient\u00f3w poszukuj\u0105cych warto\u015bci i wygody.<\/li>\n<li><strong>Najwy\u017csza jako\u015b\u0107<\/strong>: Wyposa\u017cony w <strong>22 ml pojemno\u015bci e-liquidu<\/strong> oraz<strong>% moc nikotyny<\/strong>, urz\u0105dzenie to dostarcza bogaty smak i satysfakcjonuj\u0105ce uderzenia, stworzone z wysokiej jako\u015bci sk\u0142adnik\u00f3w, takich jak <strong>gliceryna ro\u015blinna, glikol propylenowy i naturalne aromaty<\/strong>.<\/li>\n<li><strong>Zaawansowana Technologia<\/strong>: Zasilany przez <strong>akumulator 850mAh<\/strong>, ten e-papieros gwarantuje sta\u0142\u0105 wydajno\u015b\u0107 i obs\u0142uguje d\u0142u\u017csze sesje wapowania, idealne dla entuzjast\u00f3w bezpo\u015bredniego wdechu (DTL).<\/li>\n<li><strong>Elegancki i kompaktowy design<\/strong>: Vookbar Cyber PRO \u0142\u0105czy nowoczesn\u0105 estetyk\u0119 z funkcjonalno\u015bci\u0105 przyjazn\u0105 dla u\u017cytkownika, co czyni go atrakcyjnym dla szerokiego grona klient\u00f3w.<\/li>\n<li><strong>Przyjazny dla hurtowni<\/strong>: Dost\u0119pny w konkurencyjnych cenach na <strong>vapestornado.pl<\/strong>, ten produkt jest idealny do zakup\u00f3w hurtowych, zapewniaj\u0105c doskona\u0142e mar\u017ce zysku dla Twojej firmy.<\/li>\n<li><strong>Zapotrzebowanie Rynkowe<\/strong>: Dzi\u0119ki swoim funkcjom premium i du\u017cej liczbie zaci\u0105gni\u0119\u0107, Vookbar Cyber PRO zaspokaja rosn\u0105cy rynek konsument\u00f3w wysokiej klasy e-papieros\u00f3w, zwi\u0119kszaj\u0105c atrakcyjno\u015b\u0107 Twojej firmy.<\/li>\n<\/ul>\n<\/div>\n<\/div>\n<h2>Najcz\u0119\u015bciej zadawane pytania dotycz\u0105ce Vookbar Cyber PRO 3000 Puffs Vape Pods<\/h2>\n<p><strong>1. Ile zaci\u0105gni\u0119\u0107 zapewnia Vookbar Cyber PRO 3000?<\/strong><br \/>\nVookbar Cyber PRO oferuje imponuj\u0105ce <strong>30 000 zaci\u0105gni\u0119\u0107<\/strong>, co czyni go jednym z najd\u0142u\u017cej dzia\u0142aj\u0105cych jednorazowych vape na rynku.<\/p>\n<p><strong>2. Jaka jest pojemno\u015b\u0107 e-liquidu w tym urz\u0105dzeniu?<\/strong><br \/>\nKa\u017cdy pod Vookbar Cyber PRO zawiera <strong>22ml e-liquidu<\/strong>, co zapewnia sp\u00f3jny i bogaty smak przez ca\u0142y okres u\u017cytkowania.<\/p>\n<p><strong>3. Jaka jest moc nikotyny w Vookbar Vape Cyber PRO 30k PUFFS?<\/strong><br \/>\nUrz\u0105dzenie posiada <strong>5% moc\u0105 nikotyny<\/strong>, idealne dla vaper\u00f3w szukaj\u0105cych g\u0142adkiego i satysfakcjonuj\u0105cego uderzenia.<\/p>\n<p><strong>4. Czy Vookbar Cyber PRO jest \u0142adowalny?<\/strong><br \/>\nTak, jest zasilany przez <strong>akumulator 850mAh<\/strong> o sta\u0142ej wydajno\u015bci dla wyd\u0142u\u017conych sesji vapowania.<\/p>\n<p><strong>5. Jak przeno\u015bny jest Vookbar Cyber PRO?<\/strong><br \/>\nElegancka i kompaktowa konstrukcja sprawia, \u017ce jest idealny do u\u017cytku w podr\u00f3\u017cy, \u0142\u0105cz\u0105c wygod\u0119 z najwy\u017csz\u0105 wydajno\u015bci\u0105.<\/p>","protected":false},"excerpt":{"rendered":"<p>Vookbar Cyber PRO 3000 Zaci\u0105gni\u0119\u0107 to wysokiej klasy hurtowa e-papierosowa fajka wodna, oferuj\u0105ca d\u0142ugotrwa\u0142e zaci\u0105gni\u0119cia, g\u0142adki smak i elegancki design. Idealna do zakup\u00f3w hurtowych.<\/p>\n<figure id=\"attachment_2951\" aria-describedby=\"caption-attachment-2951\" style=\"width: 265px\" class=\"wp-caption alignnone\"><img decoding=\"async\" class=\"size-medium wp-image-2951\" src=\"https:\/\/vapestornado.com\/wp-content\/uploads\/2024\/12\/Wholesale-Disposable-Vape-265x300.jpg\" alt=\"Hurtownia jednorazowych vape\" width=\"265\" height=\"300\" srcset=\"https:\/\/vapestornado.com\/wp-content\/uploads\/2024\/12\/Wholesale-Disposable-Vape-265x300.jpg 265w, https:\/\/vapestornado.com\/wp-content\/uploads\/2024\/12\/Wholesale-Disposable-Vape-768x871.jpg 768w, https:\/\/vapestornado.com\/wp-content\/uploads\/2024\/12\/Wholesale-Disposable-Vape-600x680.jpg 600w, https:\/\/vapestornado.com\/wp-content\/uploads\/2024\/12\/Wholesale-Disposable-Vape.jpg 823w\" sizes=\"(max-width: 265px) 100vw, 265px\" \/><figcaption id=\"caption-attachment-2951\" class=\"wp-caption-text\">Skontaktuj si\u0119 z Mandy przez WhatsApp, aby uzyska\u0107 cen\u0119 promocyjn\u0105\u00a0 <a href=\"https:\/\/wa.me\/8618077105796\">+8618077105796<\/a><\/figcaption><\/figure>\n<p>&nbsp;<\/p>","protected":false},"featured_media":3592,"comment_status":"open","ping_status":"closed","template":"","meta":{"_acf_changed":false,"_uag_custom_page_level_css":"","_lmt_disableupdate":"no","_lmt_disable":"","_monsterinsights_skip_tracking":false,"_monsterinsights_sitenote_active":false,"_monsterinsights_sitenote_note":"","_monsterinsights_sitenote_category":0,"site-sidebar-layout":"default","site-content-layout":"","ast-site-content-layout":"default","site-content-style":"default","site-sidebar-style":"default","ast-global-header-display":"","ast-banner-title-visibility":"","ast-main-header-display":"","ast-hfb-above-header-display":"","ast-hfb-below-header-display":"","ast-hfb-mobile-header-display":"","site-post-title":"","ast-breadcrumbs-content":"","ast-featured-img":"","footer-sml-layout":"","ast-disable-related-posts":"","theme-transparent-header-meta":"default","adv-header-id-meta":"","stick-header-meta":"","header-above-stick-meta":"","header-main-stick-meta":"","header-below-stick-meta":"","astra-migrate-meta-layouts":"set","ast-page-background-enabled":"default","ast-page-background-meta":{"desktop":{"background-color":"","background-image":"","background-repeat":"repeat","background-position":"center center","background-size":"auto","background-attachment":"scroll","background-type":"","background-media":"","overlay-type":"","overlay-color":"","overlay-opacity":"","overlay-gradient":""},"tablet":{"background-color":"","background-image":"","background-repeat":"repeat","background-position":"center center","background-size":"auto","background-attachment":"scroll","background-type":"","background-media":"","overlay-type":"","overlay-color":"","overlay-opacity":"","overlay-gradient":""},"mobile":{"background-color":"","background-image":"","background-repeat":"repeat","background-position":"center center","background-size":"auto","background-attachment":"scroll","background-type":"","background-media":"","overlay-type":"","overlay-color":"","overlay-opacity":"","overlay-gradient":""}},"ast-content-background-meta":{"desktop":{"background-color":"var(--ast-global-color-5)","background-image":"","background-repeat":"repeat","background-position":"center center","background-size":"auto","background-attachment":"scroll","background-type":"","background-media":"","overlay-type":"","overlay-color":"","overlay-opacity":"","overlay-gradient":""},"tablet":{"background-color":"var(--ast-global-color-5)","background-image":"","background-repeat":"repeat","background-position":"center center","background-size":"auto","background-attachment":"scroll","background-type":"","background-media":"","overlay-type":"","overlay-color":"","overlay-opacity":"","overlay-gradient":""},"mobile":{"background-color":"var(--ast-global-color-5)","background-image":"","background-repeat":"repeat","background-position":"center center","background-size":"auto","background-attachment":"scroll","background-type":"","background-media":"","overlay-type":"","overlay-color":"","overlay-opacity":"","overlay-gradient":""}},"_joinchat":{"telephone":"+8618077105796"}},"product_brand":[],"product_cat":[67,140,153,157],"product_tag":[97,188],"class_list":{"0":"post-3568","1":"product","2":"type-product","3":"status-publish","4":"has-post-thumbnail","6":"product_cat-30000-puff","7":"product_cat-big-puffs-disposable-vapes","8":"product_cat-buy-disposable-vapes-in-italy","9":"product_cat-buy-disposable-vapes-in-portugal","10":"product_tag-hot-sale-disposable-vape","11":"product_tag-vookbar-cyber-pro-30000-puffs","12":"desktop-align-left","13":"tablet-align-left","14":"mobile-align-left","16":"first","17":"instock","18":"sale","19":"shipping-taxable","20":"purchasable","21":"product-type-simple"},"acf":[],"uagb_featured_image_src":{"full":["https:\/\/vapestornado.com\/wp-content\/uploads\/2024\/12\/Vookbar-3000-Puff-Vapes-Cheap-Price.jpg",800,800,false],"thumbnail":["https:\/\/vapestornado.com\/wp-content\/uploads\/2024\/12\/Vookbar-3000-Puff-Vapes-Cheap-Price-150x150.jpg",150,150,true],"medium":["https:\/\/vapestornado.com\/wp-content\/uploads\/2024\/12\/Vookbar-3000-Puff-Vapes-Cheap-Price-300x300.jpg",300,300,true],"medium_large":["https:\/\/vapestornado.com\/wp-content\/uploads\/2024\/12\/Vookbar-3000-Puff-Vapes-Cheap-Price-768x768.jpg",768,768,true],"large":["https:\/\/vapestornado.com\/wp-content\/uploads\/2024\/12\/Vookbar-3000-Puff-Vapes-Cheap-Price.jpg",800,800,false],"1536x1536":["https:\/\/vapestornado.com\/wp-content\/uploads\/2024\/12\/Vookbar-3000-Puff-Vapes-Cheap-Price.jpg",800,800,false],"2048x2048":["https:\/\/vapestornado.com\/wp-content\/uploads\/2024\/12\/Vookbar-3000-Puff-Vapes-Cheap-Price.jpg",800,800,false],"trp-custom-language-flag":["https:\/\/vapestornado.com\/wp-content\/uploads\/2024\/12\/Vookbar-3000-Puff-Vapes-Cheap-Price.jpg",12,12,false],"woocommerce_thumbnail":["https:\/\/vapestornado.com\/wp-content\/uploads\/2024\/12\/Vookbar-3000-Puff-Vapes-Cheap-Price-300x300.jpg",300,300,true],"woocommerce_single":["https:\/\/vapestornado.com\/wp-content\/uploads\/2024\/12\/Vookbar-3000-Puff-Vapes-Cheap-Price-600x600.jpg",600,600,true],"woocommerce_gallery_thumbnail":["https:\/\/vapestornado.com\/wp-content\/uploads\/2024\/12\/Vookbar-3000-Puff-Vapes-Cheap-Price-100x100.jpg",100,100,true]},"uagb_author_info":{"display_name":"ESMANDY","author_link":"https:\/\/vapestornado.com\/pl\/author\/"},"uagb_comment_info":0,"uagb_excerpt":"Vookbar Cyber PRO 3000 Puffs is a premium wholesale e-cigarette hookah vape, offering long-lasting puffs, smooth flavor, and a sleek design. Ideal for bulk purchases. [caption id=\"attachment_2951\" align=\"alignnone\" width=\"265\"] Pls Contact Mandy's WhatsApp For Discount Price\u00a0 +8618077105796[\/caption] &nbsp;","_links":{"self":[{"href":"https:\/\/vapestornado.com\/pl\/wp-json\/wp\/v2\/product\/3568","targetHints":{"allow":["GET"]}}],"collection":[{"href":"https:\/\/vapestornado.com\/pl\/wp-json\/wp\/v2\/product"}],"about":[{"href":"https:\/\/vapestornado.com\/pl\/wp-json\/wp\/v2\/types\/product"}],"replies":[{"embeddable":true,"href":"https:\/\/vapestornado.com\/pl\/wp-json\/wp\/v2\/comments?post=3568"}],"wp:featuredmedia":[{"embeddable":true,"href":"https:\/\/vapestornado.com\/pl\/wp-json\/wp\/v2\/media\/3592"}],"wp:attachment":[{"href":"https:\/\/vapestornado.com\/pl\/wp-json\/wp\/v2\/media?parent=3568"}],"wp:term":[{"taxonomy":"product_brand","embeddable":true,"href":"https:\/\/vapestornado.com\/pl\/wp-json\/wp\/v2\/product_brand?post=3568"},{"taxonomy":"product_cat","embeddable":true,"href":"https:\/\/vapestornado.com\/pl\/wp-json\/wp\/v2\/product_cat?post=3568"},{"taxonomy":"product_tag","embeddable":true,"href":"https:\/\/vapestornado.com\/pl\/wp-json\/wp\/v2\/product_tag?post=3568"}],"curies":[{"name":"wp","href":"https:\/\/api.w.org\/{rel}","templated":true}]}}