{"id":3516,"date":"2024-12-28T08:28:08","date_gmt":"2024-12-28T08:28:08","guid":{"rendered":"https:\/\/vapestornado.com\/?post_type=product&#038;p=3516"},"modified":"2025-08-23T12:18:00","modified_gmt":"2025-08-23T12:18:00","slug":"tornado-vape-fihp-15000-puffs-2-low-nicotine-disposable-vape-wholesale","status":"publish","type":"product","link":"https:\/\/vapestornado.com\/pl\/product\/tornado-vape-fihp-15000-puffs-2-low-nicotine-disposable-vape-wholesale\/","title":{"rendered":"Tornado Vape FIHP 15000 zaci\u0105gni\u0119\u0107 2% Niska zawarto\u015b\u0107 nikotyny Jednorazowy waporyzator Hurt"},"content":{"rendered":"<h1 class=\"product-title\">Tornado Vape FIHP 15000 zaci\u0105gni\u0119\u0107 2% Niska zawarto\u015b\u0107 nikotyny Jednorazowy waporyzator Hurt<\/h1>\n<p>Cyfrowy ekran <strong data-start=\"325\" data-end=\"352\">Tornado Vape FIHP 15000<\/strong> jest przeznaczony dla waper\u00f3w, kt\u00f3rzy chc\u0105 <strong data-start=\"385\" data-end=\"450\">d\u0142ugotrwa\u0142ej wydajno\u015bci, g\u0142adkiego smaku i niezawodnej jako\u015bci<\/strong> w cenie hurtowej. Z maksymalnie <strong data-start=\"493\" data-end=\"509\">15 000 zaci\u0105gni\u0119\u0107<\/strong>, ten jednorazowy waporyzator eliminuje ci\u0105g\u0142e wymiany, dzi\u0119ki czemu jest op\u0142acalny zar\u00f3wno dla u\u017cytkownik\u00f3w, jak i sprzedawc\u00f3w.<\/p>\n<p>Wst\u0119pnie nape\u0142niony <strong data-start=\"646\" data-end=\"666\">22ml e-liquidu<\/strong> i dost\u0119pny w <strong data-start=\"684\" data-end=\"716\">mocach nikotyny 2% i 5%<\/strong>, pasuje do r\u00f3\u017cnych potrzeb zwi\u0105zanych z wapowaniem \u2013 od l\u017cejszych sesji po silniejsze zadowolenie. Zasilany przez <strong data-start=\"811\" data-end=\"842\">akumulator o pojemno\u015bci 650 mAh<\/strong> z <strong data-start=\"848\" data-end=\"872\">Szybkie \u0142adowanie typu C<\/strong>, FIHP 15K pozwala na wapowanie bez przerw.<\/p>\n<p>Jego <strong data-start=\"940\" data-end=\"958\">1.0\u03a9 siatkowa grza\u0142ka<\/strong> zapewnia odwa\u017cn\u0105, aromatyczn\u0105 par\u0119, a <strong data-start=\"1000\" data-end=\"1029\">regulowany system przep\u0142ywu powietrza<\/strong> pozwala u\u017cytkownikom dostosowa\u0107 si\u0142\u0119 zaci\u0105gni\u0119cia do styl\u00f3w MTL lub DTL. Z <strong data-start=\"1090\" data-end=\"1122\">10 starannie opracowanymi smakami<\/strong>, to urz\u0105dzenie zapewnia du\u017c\u0105 r\u00f3\u017cnorodno\u015b\u0107 dla ka\u017cdego podniebienia.<\/p>\n<p>Kompaktowy, stylowy i zbudowany z my\u015bl\u0105 o wygodzie, <strong data-start=\"1248\" data-end=\"1270\">FIHP Tornado 15000<\/strong> jest idealny dla <strong data-start=\"1284\" data-end=\"1309\">hurtowych zam\u00f3wieniach<\/strong> w ca\u0142ej Europie, daj\u0105c sprzedawcom niezawodny, ciesz\u0105cy si\u0119 du\u017cym popytem jednorazowy waporyzator do zaoferowania swoim klientom.<\/p>\n<p>&nbsp;<\/p>\n<p><span style=\"color: #ff0000;\"><strong>Dodaj Amy na WhatsApp, aby uzyska\u0107 szybk\u0105 odpowied\u017a i kupon na vape!<\/strong><\/span><\/p>\n<p><img fetchpriority=\"high\" decoding=\"async\" class=\"size-full wp-image-2932\" src=\"https:\/\/vapestornado.com\/wp-content\/uploads\/2024\/12\/Vape-Wholesale.jpg\" alt=\"Hurtowa sprzeda\u017c e-papieros\u00f3w\" width=\"229\" height=\"300\" \/><\/p>\n<h3><a href=\"https:\/\/wa.me\/8617776015835\" target=\"_blank\" rel=\"noopener\"><span style=\"color: #ff0000;\"><strong>WhatsApp: +86 17776015835<\/strong><\/span><\/a><\/h3>\n<p>&nbsp;<\/p>\n<h2 class=\"product-title\"><strong>Cechy produktu Tornado Vape FIHP 15000<\/strong><\/h2>\n<div role=\"article\" data-tabster=\"{&quot;groupper&quot;:{&quot;tabbability&quot;:2},&quot;focusable&quot;:{}}\" data-content=\"ai-message\" aria-labelledby=\"juhNTJ6o7Gk1cgwZMJgv2-author juhNTJ6o7Gk1cgwZMJgv2-content\">\n<div id=\"juhNTJ6o7Gk1cgwZMJgv2-content\">\n<div role=\"article\" data-tabster=\"{&quot;groupper&quot;:{&quot;tabbability&quot;:2},&quot;focusable&quot;:{}}\" data-content=\"ai-message\" aria-labelledby=\"x4EZuCZWrTbh3weWUt7CU-author x4EZuCZWrTbh3weWUt7CU-content\">\n<div id=\"x4EZuCZWrTbh3weWUt7CU-content\">\n<div class=\"flex max-w-full flex-col flex-grow\">\n<div class=\"min-h-8 text-message flex w-full flex-col items-end gap-2 whitespace-normal break-words text-start [.text-message+&amp;]:mt-5\" dir=\"auto\" data-message-author-role=\"assistant\" data-message-id=\"52c6e00a-252f-4104-805d-2f1a84739c71\" data-message-model-slug=\"gpt-4o\">\n<div class=\"flex w-full flex-col gap-1 empty:hidden first:pt-[3px]\">\n<div class=\"markdown prose w-full break-words dark:prose-invert light\">\n<h4><\/h4>\n<ul>\n<li><strong>Ogromna Liczba Zaci\u0105gni\u0119\u0107:<\/strong> Jedno urz\u0105dzenie zapewnia dni ci\u0105g\u0142ego vapingu.<\/li>\n<li><strong>Dostosuj poziom nikotyny:<\/strong> Dostosuj swoje wra\u017cenia dzi\u0119ki opcjom, kt\u00f3re pasuj\u0105 do Twoich preferencji.<\/li>\n<li><strong>Konstrukcja z mo\u017cliwo\u015bci\u0105 \u0142adowania:<\/strong> Wygodna i ekologiczna dzi\u0119ki \u0142adowaniu przez port Type-C.<\/li>\n<li><strong>Wszechstronne smaki:<\/strong> R\u00f3\u017cnorodno\u015b\u0107 wyboru zapewnia brak zm\u0119czenia smakiem.<\/li>\n<li><strong>Przyjazny dla u\u017cytkownika:<\/strong> Elegancki, lekki i idealny do u\u017cytku w podr\u00f3\u017cy.<\/li>\n<\/ul>\n<\/div>\n<\/div>\n<\/div>\n<\/div>\n<div class=\"mb-2 flex gap-3 empty:hidden -ml-2\">\n<p>&nbsp;<\/p>\n<\/div>\n<\/div>\n<\/div>\n<\/div>\n<\/div>\n<h2 class=\"product-title\"><strong>Popularne smaki dla FIHP 15000\u00a0<\/strong><strong>Tornado\u00a0<\/strong><strong>Jednorazowe E-papierosy<\/strong><\/h2>\n<p>01. Pan niebieski \u00a0 <span style=\"color: #ff0000;\"><strong>&gt;&gt;&gt;&gt; Gor\u0105ce!<\/strong><\/span><br \/>\n02. Jagodowy L\u00f3d<br \/>\n03. Arbuzowy L\u00f3d<br \/>\n04. Nap\u00f3j energetyczny<br \/>\n05. Winogronowy L\u00f3d<br \/>\n06. Brzoskwiniowy L\u00f3d<br \/>\n07. Kiwi Marakuja Guawa \u00a0 <span style=\"color: #ff0000;\"><strong>&gt;&gt;&gt;&gt; Gor\u0105ce!<\/strong><\/span><br \/>\n08. Truskawka Kiwi<br \/>\n09. Brzoskwinia Mango Ananas<br \/>\n10. Truskawka Malina Wi\u015bnia <span style=\"color: #ff0000;\"><strong>&gt;&gt;&gt;&gt; Najlepszy !<\/strong><\/span><\/p>\n<figure id=\"attachment_3562\" aria-describedby=\"caption-attachment-3562\" style=\"width: 1000px\" class=\"wp-caption alignnone\"><img decoding=\"async\" class=\"wp-image-3562 size-full\" src=\"https:\/\/vapestornado.com\/wp-content\/uploads\/2024\/12\/Tornado-15k-Vape-FIHP-Bulk-Buy.webp\" alt=\"Tornado 15k Vape FIHP Zakupy hurtowe\" width=\"1000\" height=\"1000\" srcset=\"https:\/\/vapestornado.com\/wp-content\/uploads\/2024\/12\/Tornado-15k-Vape-FIHP-Bulk-Buy.webp 1000w, https:\/\/vapestornado.com\/wp-content\/uploads\/2024\/12\/Tornado-15k-Vape-FIHP-Bulk-Buy-300x300.webp 300w, https:\/\/vapestornado.com\/wp-content\/uploads\/2024\/12\/Tornado-15k-Vape-FIHP-Bulk-Buy-150x150.webp 150w, https:\/\/vapestornado.com\/wp-content\/uploads\/2024\/12\/Tornado-15k-Vape-FIHP-Bulk-Buy-768x768.webp 768w, https:\/\/vapestornado.com\/wp-content\/uploads\/2024\/12\/Tornado-15k-Vape-FIHP-Bulk-Buy-600x600.webp 600w, https:\/\/vapestornado.com\/wp-content\/uploads\/2024\/12\/Tornado-15k-Vape-FIHP-Bulk-Buy-100x100.webp 100w\" sizes=\"(max-width: 1000px) 100vw, 1000px\" \/><figcaption id=\"caption-attachment-3562\" class=\"wp-caption-text\">Tornado 15k Vape FIHP Zakupy hurtowe<\/figcaption><\/figure>\n<div class=\"flex-shrink-0 flex flex-col relative items-end\">\n<div class=\"pt-0\">\n<div class=\"gizmo-bot-avatar flex h-8 w-8 items-center justify-center overflow-hidden rounded-full\">\n<div class=\"relative p-1 rounded-sm flex items-center justify-center bg-token-main-surface-primary text-token-text-primary h-8 w-8\">\n<h3>Najcz\u0119\u015bciej zadawane pytania dotycz\u0105ce FIHP 15000 <strong>Tornado <\/strong>Jednorazowy e-papieros<\/h3>\n<div class=\"flex max-w-full flex-col flex-grow\">\n<div class=\"min-h-8 text-message flex w-full flex-col items-end gap-2 whitespace-normal break-words text-start [.text-message+&amp;]:mt-5\" dir=\"auto\" data-message-author-role=\"assistant\" data-message-id=\"4dc48248-df95-45bd-b800-6dedb43cf7f1\" data-message-model-slug=\"gpt-4o\">\n<div class=\"flex w-full flex-col gap-1 empty:hidden first:pt-[3px]\">\n<div class=\"markdown prose w-full break-words dark:prose-invert light\">\n<h3><\/h3>\n<p>1. <strong>Ile zaci\u0105gni\u0119\u0107 mog\u0119 si\u0119 spodziewa\u0107 po FIHP 15000?<\/strong><\/p>\n<p>FIHP 15000 Zaci\u0105gni\u0119\u0107 zosta\u0142 zaprojektowany, aby dostarczy\u0107 do <strong>15 000 zaci\u0105gni\u0119\u0107<\/strong>, zapewniaj\u0105c d\u0142ugotrwa\u0142\u0105 przyjemno\u015b\u0107 z wapowania bez konieczno\u015bci cz\u0119stego uzupe\u0142niania lub wymiany.<\/p>\n<p>2. <strong>Jakie st\u0119\u017cenia nikotyny s\u0105 dost\u0119pne dla FIHP 15000?<\/strong><\/p>\n<p>FIHP 15000 jest dost\u0119pny z <strong>22 ml fabrycznie nape\u0142niony kartrid\u017c z e-liquidem<\/strong> dost\u0119pny w dw\u00f3ch st\u0119\u017ceniach nikotyny: <strong>2% i 5%<\/strong>. Pozwala to wybra\u0107 intensywno\u015b\u0107, kt\u00f3ra odpowiada Twoim preferencjom.<\/p>\n<p>3. <strong>Czy FIHP 15000 jest \u0142adowalny i jakiej metody \u0142adowania u\u017cywa?<\/strong><\/p>\n<p>Tak, FIHP 15000 posiada <strong>akumulator o pojemno\u015bci 650 mAh<\/strong> i obs\u0142uguje <strong>Szybkie \u0142adowanie typu C<\/strong>, co sprawia, \u017ce \u0142adowanie jest wygodne, kiedy tylko jest to potrzebne.<\/p>\n<p>4. <strong>Jakie smaki s\u0105 dost\u0119pne dla FIHP 15000?<\/strong><\/p>\n<p>FIHP 15000 oferuje <strong>10 pysznych smak\u00f3w<\/strong>, w tym Strawberry Ice, Watermelon Kiwi, Mango Passionfruit i Cola Ice. Dzi\u0119ki takiej r\u00f3\u017cnorodno\u015bci ka\u017cdy znajdzie smak odpowiadaj\u0105cy jego preferencjom!<\/p>\n<p>5. <strong>Gdzie mog\u0119 kupi\u0107 Tornado Vape 15000 Puffs w cenie hurtowej?<\/strong><\/p>\n<p>Mo\u017cesz kupi\u0107 Tornado Vape 15000 Puffs w <strong>cen hurtowych<\/strong> od <strong>vapestornado internetowy sklep z e-papierosami<\/strong>, zaufanym \u017ar\u00f3dle produkt\u00f3w do wapowania klasy premium.<\/p>\n<\/div>\n<\/div>\n<\/div>\n<\/div>\n<div class=\"mb-2 flex gap-3 empty:hidden -ml-2\">\n<div class=\"items-center justify-start rounded-xl p-1 flex\"><\/div>\n<\/div>\n<\/div>\n<\/div>\n<\/div>\n<\/div>\n<div class=\"flex-shrink-0 flex flex-col relative items-end\">\n<div class=\"pt-0\">\n<div class=\"gizmo-bot-avatar flex h-8 w-8 items-center justify-center overflow-hidden rounded-full\">\n<div class=\"relative p-1 rounded-sm flex items-center justify-center bg-token-main-surface-primary text-token-text-primary h-8 w-8\">\n<div class=\"mb-2 flex gap-3 empty:hidden -ml-2\">\n<div role=\"article\" data-tabster=\"{&quot;groupper&quot;:{&quot;tabbability&quot;:2},&quot;focusable&quot;:{}}\" data-content=\"ai-message\" aria-labelledby=\"Vdt5ez4X7Tg813x6rFVha-author Vdt5ez4X7Tg813x6rFVha-content\">\n<div id=\"Vdt5ez4X7Tg813x6rFVha-content\">\n<div role=\"article\" data-tabster=\"{&quot;groupper&quot;:{&quot;tabbability&quot;:2},&quot;focusable&quot;:{}}\" data-content=\"ai-message\" aria-labelledby=\"o968oC7CEo2fGHsGdsRYC-author o968oC7CEo2fGHsGdsRYC-content\">\n<div id=\"o968oC7CEo2fGHsGdsRYC-content\">\n<p>&nbsp;<\/p>\n<h3>Dlaczego warto wybra\u0107 vapestornado do hurtowej sprzeda\u017cy FIHP 15000 Puffs Vape?<\/h3>\n<div class=\"flex-shrink-0 flex flex-col relative items-end\">\n<div class=\"pt-0\">\n<div class=\"gizmo-bot-avatar flex h-8 w-8 items-center justify-center overflow-hidden rounded-full\">\n<div class=\"relative p-1 rounded-sm flex items-center justify-center bg-token-main-surface-primary text-token-text-primary h-8 w-8\">\n<p>Witamy w vapestornado, Twoim zaufanym sklepie internetowym z papierosami elektronicznymi premium. Z ponad 5-letnim do\u015bwiadczeniem, oferujemy popularne marki jednorazowych papieros\u00f3w elektronicznych, takie jak Fumot RandM Vape, <a href=\"https:\/\/vapestornado.com\/pl\/product-category\/vapme-shisha\/\">Vapme<\/a>, Bang Vape, Waspe Vape, and WGA Vape, itp.<\/p>\n<p>Nasza oferta obejmuje popularne e-papierosy, takie jak <a href=\"https:\/\/vapestornado.com\/pl\/product\/randm-12000-puffs-fumot-digital-disposable-vape-wholesale-price\/\">RandM Tornado 12000<\/a>, oraz bogate w smaku opcje, takie jak <a href=\"https:\/\/vapestornado.com\/pl\/product\/wga-crystal-pro-max-extra-15000-puffs-rechargeable-disposable-vape-wholesale-bulk-buy\/\">\u00a0WGA Crystal 15k Zaci\u0105gni\u0119\u0107<\/a> . Ka\u017cdy produkt jest wybierany z my\u015bl\u0105 o jako\u015bci, warto\u015bci i r\u00f3\u017cnorodno\u015bci, dzi\u0119ki czemu znajdziesz idealne dopasowanie do swoich potrzeb. Odkryj wyj\u0105tkow\u0105 obs\u0142ug\u0119 i szerok\u0105 gam\u0119 najlepszych produkt\u00f3w w cenach hurtowych na vapestornado.<\/p>\n<\/div>\n<p>&nbsp;<\/p>\n<p><strong>Inne popularne jednorazowe e-papierosy<\/strong><\/p>\n<p><a href=\"https:\/\/vapestornado.com\/pl\/product\/bang-vape-35000-puffs-low-nicotine-bulk-buy-rechargeable-disposable-vapes-box-wholesale-price\/\">Bang Vape 35000 Zaci\u0105gni\u0119\u0107 <span style=\"color: #ff0000;\"><strong>&gt;&gt;&gt;&gt; Dalej !<\/strong><\/span><\/a><\/p>\n<p><a href=\"https:\/\/vapestornado.com\/pl\/product\/vopk-ultra-40000-puffs-2-in-1-digital-screen-rechargeable-disposable-vape\/\">VOPK 40000 Podw\u00f3jny Smak<span style=\"color: #ff0000;\"><strong>&gt;&gt;&gt;&gt; Dalej !<\/strong><\/span><\/a><\/p>\n<p><a href=\"https:\/\/vapestornado.com\/pl\/product\/bood-twins-46000-puff-double-flavour-low-nicotine-disposable-vape-wholesale-bulk-buy-price\/\">Bood Twins 46000<span style=\"color: #ff0000;\"><strong>&gt;&gt;&gt;&gt; Dalej !<\/strong><\/span><\/a><\/p>\n<\/div>\n<\/div>\n<\/div>\n<p>&nbsp;<\/p>\n<\/div>\n<\/div>\n<\/div>\n<\/div>\n<\/div>\n<\/div>\n<\/div>\n<\/div>\n<\/div>","protected":false},"excerpt":{"rendered":"<p>Tornado Vape FIHP 15000 zaci\u0105gni\u0119\u0107 2% Niska zawarto\u015b\u0107 nikotyny Sprzeda\u017c hurtowa<br \/>\nTornado Vape 15k FIHP Jednorazowy e-papieros z cyfrowym wy\u015bwietlaczem Zakup hurtowy<br \/>\nFIHP 15000 zaci\u0105gni\u0119\u0107 Tornado Jednorazowy e-papieros z mo\u017cliwo\u015bci\u0105 \u0142adowania<\/p>\n<p><strong>Dodaj Amy do WhatsAppa, aby uzyska\u0107 szybk\u0105 odpowied\u017a i kupon na vape!<\/strong><\/p>\n<p><img fetchpriority=\"high\" decoding=\"async\" class=\"size-full wp-image-2932\" src=\"https:\/\/vapestornado.com\/wp-content\/uploads\/2024\/12\/Vape-Wholesale.jpg\" alt=\"Hurtowa sprzeda\u017c e-papieros\u00f3w\" width=\"229\" height=\"300\" \/><\/p>\n<h3><a href=\"https:\/\/wa.me\/8617776015835\"><span style=\"color: #ff0000;\"><strong>WhatsApp: +86 17776015835<\/strong><\/span><\/a><\/h3>\n<p>&nbsp;<\/p>","protected":false},"featured_media":3561,"comment_status":"open","ping_status":"closed","template":"","meta":{"_acf_changed":false,"_uag_custom_page_level_css":"","_lmt_disableupdate":"no","_lmt_disable":"","_monsterinsights_skip_tracking":false,"_monsterinsights_sitenote_active":false,"_monsterinsights_sitenote_note":"","_monsterinsights_sitenote_category":0,"site-sidebar-layout":"default","site-content-layout":"","ast-site-content-layout":"default","site-content-style":"default","site-sidebar-style":"default","ast-global-header-display":"","ast-banner-title-visibility":"","ast-main-header-display":"","ast-hfb-above-header-display":"","ast-hfb-below-header-display":"","ast-hfb-mobile-header-display":"","site-post-title":"","ast-breadcrumbs-content":"","ast-featured-img":"","footer-sml-layout":"","ast-disable-related-posts":"","theme-transparent-header-meta":"default","adv-header-id-meta":"","stick-header-meta":"","header-above-stick-meta":"","header-main-stick-meta":"","header-below-stick-meta":"","astra-migrate-meta-layouts":"set","ast-page-background-enabled":"default","ast-page-background-meta":{"desktop":{"background-color":"","background-image":"","background-repeat":"repeat","background-position":"center center","background-size":"auto","background-attachment":"scroll","background-type":"","background-media":"","overlay-type":"","overlay-color":"","overlay-opacity":"","overlay-gradient":""},"tablet":{"background-color":"","background-image":"","background-repeat":"repeat","background-position":"center center","background-size":"auto","background-attachment":"scroll","background-type":"","background-media":"","overlay-type":"","overlay-color":"","overlay-opacity":"","overlay-gradient":""},"mobile":{"background-color":"","background-image":"","background-repeat":"repeat","background-position":"center center","background-size":"auto","background-attachment":"scroll","background-type":"","background-media":"","overlay-type":"","overlay-color":"","overlay-opacity":"","overlay-gradient":""}},"ast-content-background-meta":{"desktop":{"background-color":"var(--ast-global-color-5)","background-image":"","background-repeat":"repeat","background-position":"center center","background-size":"auto","background-attachment":"scroll","background-type":"","background-media":"","overlay-type":"","overlay-color":"","overlay-opacity":"","overlay-gradient":""},"tablet":{"background-color":"var(--ast-global-color-5)","background-image":"","background-repeat":"repeat","background-position":"center center","background-size":"auto","background-attachment":"scroll","background-type":"","background-media":"","overlay-type":"","overlay-color":"","overlay-opacity":"","overlay-gradient":""},"mobile":{"background-color":"var(--ast-global-color-5)","background-image":"","background-repeat":"repeat","background-position":"center center","background-size":"auto","background-attachment":"scroll","background-type":"","background-media":"","overlay-type":"","overlay-color":"","overlay-opacity":"","overlay-gradient":""}},"_joinchat":{"telephone":"+8617776015835"}},"product_brand":[],"product_cat":[19,71,150,160,143,146,148],"product_tag":[165,105,215,97,166,94,114,216],"class_list":{"0":"post-3516","1":"product","2":"type-product","3":"status-publish","4":"has-post-thumbnail","6":"product_cat-vapes","7":"product_cat-15000-puff","8":"product_cat-buy-disposable-vapes-in-belgium","9":"product_cat-buy-disposable-vapes-in-switzerland","10":"product_cat-dual-mesh-disposable-vapes","11":"product_cat-rechargeable-disposable-vapes","12":"product_cat-tornado-disposable-vapes","13":"product_tag-cheap-vapes","14":"product_tag-digital-disposable-vape","15":"product_tag-fihp-15000","16":"product_tag-hot-sale-disposable-vape","17":"product_tag-low-nicotine-vape","18":"product_tag-rechargeable-disposable-vape","19":"product_tag-tornado-vape","20":"product_tag-tornado-vape-fihp-15000","21":"desktop-align-left","22":"tablet-align-left","23":"mobile-align-left","25":"first","26":"instock","27":"sale","28":"shipping-taxable","29":"purchasable","30":"product-type-simple"},"acf":[],"uagb_featured_image_src":{"full":["https:\/\/vapestornado.com\/wp-content\/uploads\/2024\/12\/FIHP-15000-Puffs-Vape.webp",1000,1000,false],"thumbnail":["https:\/\/vapestornado.com\/wp-content\/uploads\/2024\/12\/FIHP-15000-Puffs-Vape-150x150.webp",150,150,true],"medium":["https:\/\/vapestornado.com\/wp-content\/uploads\/2024\/12\/FIHP-15000-Puffs-Vape-300x300.webp",300,300,true],"medium_large":["https:\/\/vapestornado.com\/wp-content\/uploads\/2024\/12\/FIHP-15000-Puffs-Vape-768x768.webp",768,768,true],"large":["https:\/\/vapestornado.com\/wp-content\/uploads\/2024\/12\/FIHP-15000-Puffs-Vape.webp",1000,1000,false],"1536x1536":["https:\/\/vapestornado.com\/wp-content\/uploads\/2024\/12\/FIHP-15000-Puffs-Vape.webp",1000,1000,false],"2048x2048":["https:\/\/vapestornado.com\/wp-content\/uploads\/2024\/12\/FIHP-15000-Puffs-Vape.webp",1000,1000,false],"trp-custom-language-flag":["https:\/\/vapestornado.com\/wp-content\/uploads\/2024\/12\/FIHP-15000-Puffs-Vape.webp",12,12,false],"woocommerce_thumbnail":["https:\/\/vapestornado.com\/wp-content\/uploads\/2024\/12\/FIHP-15000-Puffs-Vape-300x300.webp",300,300,true],"woocommerce_single":["https:\/\/vapestornado.com\/wp-content\/uploads\/2024\/12\/FIHP-15000-Puffs-Vape-600x600.webp",600,600,true],"woocommerce_gallery_thumbnail":["https:\/\/vapestornado.com\/wp-content\/uploads\/2024\/12\/FIHP-15000-Puffs-Vape-100x100.webp",100,100,true]},"uagb_author_info":{"display_name":"ESAMY","author_link":"https:\/\/vapestornado.com\/pl\/author\/"},"uagb_comment_info":0,"uagb_excerpt":"Tornado Vape FIHP 15000 Puffs 2% Low Nicotine Wholesale Tornado Vape 15k FIHP Digital Display Disposable Vape Bulk Buy FIHP 15000 Puffs Tornado Rechargeable Disposable Vapey Add Amy's whatsapp get right reply and vape coupon! WhatsApp: +86 17776015835 &nbsp;","_links":{"self":[{"href":"https:\/\/vapestornado.com\/pl\/wp-json\/wp\/v2\/product\/3516","targetHints":{"allow":["GET"]}}],"collection":[{"href":"https:\/\/vapestornado.com\/pl\/wp-json\/wp\/v2\/product"}],"about":[{"href":"https:\/\/vapestornado.com\/pl\/wp-json\/wp\/v2\/types\/product"}],"replies":[{"embeddable":true,"href":"https:\/\/vapestornado.com\/pl\/wp-json\/wp\/v2\/comments?post=3516"}],"wp:featuredmedia":[{"embeddable":true,"href":"https:\/\/vapestornado.com\/pl\/wp-json\/wp\/v2\/media\/3561"}],"wp:attachment":[{"href":"https:\/\/vapestornado.com\/pl\/wp-json\/wp\/v2\/media?parent=3516"}],"wp:term":[{"taxonomy":"product_brand","embeddable":true,"href":"https:\/\/vapestornado.com\/pl\/wp-json\/wp\/v2\/product_brand?post=3516"},{"taxonomy":"product_cat","embeddable":true,"href":"https:\/\/vapestornado.com\/pl\/wp-json\/wp\/v2\/product_cat?post=3516"},{"taxonomy":"product_tag","embeddable":true,"href":"https:\/\/vapestornado.com\/pl\/wp-json\/wp\/v2\/product_tag?post=3516"}],"curies":[{"name":"wp","href":"https:\/\/api.w.org\/{rel}","templated":true}]}}