{"id":3515,"date":"2024-12-28T08:19:21","date_gmt":"2024-12-28T08:19:21","guid":{"rendered":"https:\/\/vapestornado.com\/?post_type=product&#038;p=3515"},"modified":"2025-08-23T12:19:13","modified_gmt":"2025-08-23T12:19:13","slug":"uwin-shisha-hookah-crystal-20000-puffs-new-vape-bulk-price","status":"publish","type":"product","link":"https:\/\/vapestornado.com\/pl\/product\/uwin-shisha-hookah-crystal-20000-puffs-new-vape-bulk-price\/","title":{"rendered":"Uwin SHISHA HOOKAH Crystal 20000 Zaci\u0105gni\u0119\u0107 Nowy Vape Cena Hurtowa"},"content":{"rendered":"<h1>Uwin SHISHA HOOKAH Crystal 20000 Zaci\u0105gni\u0119\u0107 Nowy Vape Cena Hurtowa<\/h1>\n<p>Cyfrowy ekran <strong data-start=\"291\" data-end=\"333\">Uwin Shisha Hookah Kryszta\u0142 20000 Paliw<\/strong> to wysokiej klasy jednorazowy e-papieros przeznaczony dla sprzedawc\u00f3w detalicznych i dystrybutor\u00f3w poszukuj\u0105cych <strong data-start=\"415\" data-end=\"438\">hurtowych rozwi\u0105za\u0144 w zakresie e-papieros\u00f3w<\/strong> o du\u017cym popycie w ca\u0142ej Europie. Ka\u017cde urz\u0105dzenie zapewnia do <strong data-start=\"500\" data-end=\"523\">20 000 g\u0142adkich zaci\u0105gni\u0119\u0107<\/strong>, wst\u0119pnie nape\u0142nione <strong data-start=\"541\" data-end=\"561\">25 ml e-liquidu<\/strong> i zasilane <strong data-start=\"580\" data-end=\"618\">, zaspokaja szeroki zakres preferencji. W\u0142\u0105czenie<\/strong> z szybkim <strong data-start=\"629\" data-end=\"648\">\u0142adowanie typu C<\/strong>.<\/p>\n<p>Dost\u0119pne w <strong data-start=\"672\" data-end=\"713\">0%, 2%, 3% i 5% st\u0119\u017ceniach nikotyny<\/strong>, oferuje elastyczno\u015b\u0107 dla ka\u017cdego typu klienta. <strong data-start=\"769\" data-end=\"793\">technologii mesh coil<\/strong> zapewnia bogaty smak i g\u0119ste chmury, podczas gdy <strong data-start=\"842\" data-end=\"867\">kryszta\u0142owy design shishy<\/strong> dodaje nowoczesnego, stylowego wygl\u0105du.<\/p>\n<p>Dzi\u0119ki <strong data-start=\"913\" data-end=\"940\">12 najlepiej sprzedaj\u0105cych si\u0119 smak\u00f3w<\/strong> oraz praktyczne opakowanie hurtowe (<strong data-start=\"976\" data-end=\"1019\">10 szt.\/pude\u0142ko, 200 szt.\/karton, 20,3 kg\/karton<\/strong>), Uwin Crystal 20K jest stworzony zar\u00f3wno dla <strong data-start=\"1061\" data-end=\"1109\">p\u00f3\u0142ek sklepowych, jak i du\u017cych zam\u00f3wie\u0144 dystrybucyjnych<\/strong>. Kompaktowy, a jednocze\u015bnie wydajny, \u0142\u0105czy <strong data-start=\"1145\" data-end=\"1192\">niezawodno\u015b\u0107, wydajno\u015b\u0107 i przyst\u0119pno\u015b\u0107 cenow\u0105<\/strong>, co czyni go jednym z najbardziej konkurencyjnych hurtowych e-papieros\u00f3w w kategorii 20k zaci\u0105gni\u0119\u0107.<img fetchpriority=\"high\" decoding=\"async\" class=\"wp-image-3531\" style=\"font-style: inherit; font-weight: 600;\" src=\"https:\/\/vapestornado.com\/wp-content\/uploads\/2024\/12\/UWIN-VAPES-HOOKAH-Crystal-20000-Puffs-Grape-ice.jpg\" alt=\"UWIN VAPES HOOKAH Kryszta\u0142 20000 Paliw Winogrono z lodem\" width=\"473\" height=\"473\" srcset=\"https:\/\/vapestornado.com\/wp-content\/uploads\/2024\/12\/UWIN-VAPES-HOOKAH-Crystal-20000-Puffs-Grape-ice.jpg 800w, https:\/\/vapestornado.com\/wp-content\/uploads\/2024\/12\/UWIN-VAPES-HOOKAH-Crystal-20000-Puffs-Grape-ice-300x300.jpg 300w, https:\/\/vapestornado.com\/wp-content\/uploads\/2024\/12\/UWIN-VAPES-HOOKAH-Crystal-20000-Puffs-Grape-ice-150x150.jpg 150w, https:\/\/vapestornado.com\/wp-content\/uploads\/2024\/12\/UWIN-VAPES-HOOKAH-Crystal-20000-Puffs-Grape-ice-768x768.jpg 768w, https:\/\/vapestornado.com\/wp-content\/uploads\/2024\/12\/UWIN-VAPES-HOOKAH-Crystal-20000-Puffs-Grape-ice-600x600.jpg 600w, https:\/\/vapestornado.com\/wp-content\/uploads\/2024\/12\/UWIN-VAPES-HOOKAH-Crystal-20000-Puffs-Grape-ice-100x100.jpg 100w\" sizes=\"(max-width: 473px) 100vw, 473px\" \/><\/p>\n<div role=\"article\" data-tabster=\"{&quot;groupper&quot;:{&quot;tabbability&quot;:2},&quot;focusable&quot;:{}}\" data-content=\"ai-message\" aria-labelledby=\"64JRvXrTnY7mRmPkEQLLT-author 64JRvXrTnY7mRmPkEQLLT-content\">\n<div id=\"64JRvXrTnY7mRmPkEQLLT-content\">UWIN VAPES HOOKAH Kryszta\u0142 20000 Paliw Winogrono z lodem<\/div>\n<\/div>\n<p><img decoding=\"async\" class=\"alignleft wp-image-2951 size-medium\" src=\"https:\/\/vapestornado.com\/wp-content\/uploads\/2024\/12\/Wholesale-Disposable-Vape-265x300.jpg\" alt=\"Hurtownia jednorazowych vape\" width=\"265\" height=\"300\" srcset=\"https:\/\/vapestornado.com\/wp-content\/uploads\/2024\/12\/Wholesale-Disposable-Vape-265x300.jpg 265w, https:\/\/vapestornado.com\/wp-content\/uploads\/2024\/12\/Wholesale-Disposable-Vape-768x871.jpg 768w, https:\/\/vapestornado.com\/wp-content\/uploads\/2024\/12\/Wholesale-Disposable-Vape-600x680.jpg 600w, https:\/\/vapestornado.com\/wp-content\/uploads\/2024\/12\/Wholesale-Disposable-Vape.jpg 823w\" sizes=\"(max-width: 265px) 100vw, 265px\" \/><\/p>\n<h6>Skontaktuj si\u0119 z Mandy przez WhatsApp, aby uzyska\u0107 cen\u0119 promocyjn\u0105<a href=\"https:\/\/wa.me\/8618077105796\" target=\"_blank\" rel=\"noopener\">+8618077105796<\/a><\/h6>\n<div class=\"flex max-w-full flex-col flex-grow\">\n<div class=\"min-h-8 text-message flex w-full flex-col items-end gap-2 whitespace-normal break-words text-start [.text-message+&amp;]:mt-5\" dir=\"auto\" data-message-author-role=\"assistant\" data-message-id=\"cdb991c0-f594-4bff-b2d5-fbbdd7ce9e54\" data-message-model-slug=\"gpt-4o-mini\">\n<div class=\"flex w-full flex-col gap-1 empty:hidden first:pt-[3px]\">\n<div class=\"markdown prose w-full break-words dark:prose-invert light\"><\/div>\n<\/div>\n<\/div>\n<\/div>\n<div class=\"mb-2 flex gap-3 empty:hidden -ml-2\">\n<h2><strong>Uwin SHISHA VAPE Kryszta\u0142 20000 Paliw <\/strong>Wyj\u0105tkowe cechy:<\/h2>\n<ul>\n<li><strong>Poziomy nikotyny<\/strong>: 0%, 2%, 3%, 5%<\/li>\n<li><strong>Zaci\u0105gni\u0119\u0107<\/strong>: Do 20 000<\/li>\n<li><strong>E-Liquid<\/strong>: Pojemno\u015b\u0107 25 ml<\/li>\n<li><strong>Bateria<\/strong>: Akumulator 850 mAh, port typu C<\/li>\n<li><strong>Cewka<\/strong>: Cewka Mesh dla bogatego smaku<\/li>\n<li><strong>Smaki<\/strong>: 12 opcji<\/li>\n<li><strong>Opakowanie<\/strong>: 10 szt.\/pude\u0142ko, 200 szt.\/karton<\/li>\n<li><strong>Specyfikacja kartonu<\/strong>: 20,3 kg, 39,5 \u00d7 39 \u00d7 30,5 cm<\/li>\n<li><strong>Styl wapowania<\/strong>: Bezpo\u015brednio do p\u0142uc (DTL)<\/li>\n<\/ul>\n<\/div>\n<h2><strong>Uwin SHISHA HOOKAH Kryszta\u0142 VAPES 20k Paliw<\/strong> Lista Smak\u00f3w:<\/h2>\n<p>1. Jagoda na lodzie<br \/>\n2. Kiwi marakuja guawa<br \/>\n3. Truskawka kiwi<br \/>\n4. Mieszane jagody<br \/>\n5. Truskawka arbuz<br \/>\n6. Winogrono na lodzie<br \/>\n7. Arbuz na lodzie<br \/>\n8. Wi\u015bnia na lodzie<br \/>\n9. Truskawkowy l\u00f3d<br \/>\n10. Brzoskwinia na lodzie<br \/>\n11. Jagoda malina<br \/>\n12.Love 66<\/p>\n<div role=\"article\" data-tabster=\"{&quot;groupper&quot;:{&quot;tabbability&quot;:2},&quot;focusable&quot;:{}}\" data-content=\"ai-message\" aria-labelledby=\"dARUyEWDoEYhnSPXFwx5A-author dARUyEWDoEYhnSPXFwx5A-content\">\n<div id=\"dARUyEWDoEYhnSPXFwx5A-content\">\n<h2>Dlaczego Wybra\u0107 <strong>Uwin SHISHA HOOKAH Kryszta\u0142 20000 Paliw <\/strong>at <a href=\"https:\/\/vapestornado.com\/pl\/product\/bang-box-35k-puffs-high-capacity-long-lasting-disposable-vape\/\">vapestornado.com?<\/a><\/h2>\n<p>Je\u015bli szukasz wysokiej jako\u015bci jednorazowych e-papieros\u00f3w w konkurencyjnych cenach, vapestornado.com jest Twoim zaufanym \u017ar\u00f3d\u0142em dla <strong>Uwin Shisha Kryszta\u0142 20000 Paliw<\/strong>. Oto dlaczego ten produkt i platforma si\u0119 wyr\u00f3\u017cniaj\u0105:<\/p>\n<ul>\n<li><strong>Wyj\u0105tkowa Trwa\u0142o\u015b\u0107<\/strong><br \/>\nUwin Shisha Hookah Crystal zapewnia do <strong>20 000 zaci\u0105gni\u0119\u0107<\/strong>, co czyni go jednym z najd\u0142u\u017cej dzia\u0142aj\u0105cych jednorazowych e-papieros\u00f3w na rynku. Idealny dla zapalonych waper\u00f3w i os\u00f3b poszukuj\u0105cych d\u0142u\u017cszego u\u017cytkowania.<\/li>\n<li><strong>R\u00f3\u017cnorodne Opcje Nikotyny<\/strong><br \/>\nDostosowany do wszystkich preferencji, ten e-papieros jest dost\u0119pny w <strong>0%, 2%, 3% i 5% st\u0119\u017ceniach nikotyny<\/strong>, co czyni go idealnym zar\u00f3wno dla okazjonalnych, jak i regularnych u\u017cytkownik\u00f3w.<\/li>\n<li><strong>R\u00f3\u017cnorodno\u015b\u0107 Smak\u00f3w<\/strong><br \/>\nWybierz spo\u015br\u00f3d <strong>na jednostk\u0119. Z<\/strong>, starannie opracowane, aby zaspokoi\u0107 r\u00f3\u017cnorodne gusta, od owocowych ulubie\u0144c\u00f3w po ch\u0142odne mieszanki mentolowe.<\/li>\n<li><strong>Zaawansowana Technologia<\/strong><br \/>\nWyposa\u017cony w <strong>siatka grzewcza<\/strong> i <strong>, zaspokaja szeroki zakres preferencji. W\u0142\u0105czenie<\/strong>, urz\u0105dzenie oferuje g\u0142adk\u0105 par\u0119, bogaty smak i szybkie, wygodne \u0142adowanie przez <strong>portem Type-C<\/strong>.<\/li>\n<li><strong>Wygoda Hurtowa<\/strong><br \/>\nNa vapestornado.com ciesz si\u0119 opcjami pakowania zbiorczego z <strong>zapewnia p\u0142ynn\u0105 i aromatyczn\u0105 produkcj\u0119 pary, a<\/strong> i <strong>200 sztuk w kartonie<\/strong>, idealne dla sprzedawc\u00f3w detalicznych i dystrybutor\u00f3w.<\/li>\n<li><strong>Zaufany Dostawca<\/strong><br \/>\nvapestornado.com jest znany z niezawodnej obs\u0142ugi, oryginalnych produkt\u00f3w i konkurencyjnych cen, co czyni go platform\u0105 pierwszego wyboru dla wysokiej jako\u015bci vape.<\/li>\n<\/ul>\n<\/div>\n<\/div>\n<h2>FAQ O <strong>Uwin SHISHA HOOKAH Kryszta\u0142 20000 Paliw <\/strong>Pody Vape<\/h2>\n<p>&nbsp;<\/p>\n<p><strong>1. Ile zaci\u0105gni\u0119\u0107 mog\u0119 uzyska\u0107 z Uwin Shisha Hookah Vapes 20k puff?<\/strong><br \/>\nKa\u017cdy pod oferuje do <strong>20 000 zaci\u0105gni\u0119\u0107<\/strong>, co czyni go d\u0142ugotrwa\u0142\u0105 opcj\u0105 dla regularnego wapowania.<\/p>\n<p><strong>2. Jakie moce nikotyny s\u0105 dost\u0119pne dla Uwin Crystal 20000 Puffs?<\/strong><br \/>\nUwin Shisha Hookah Crystal jest dost\u0119pny w <strong>0%, 2%, 3% i 5% nikotyny<\/strong> opcjach, aby dopasowa\u0107 si\u0119 do r\u00f3\u017cnych preferencji.<\/p>\n<p><strong>3. Ile e-liquidu zawiera Uwin Crystal Vapes 20k Puffs?<\/strong><br \/>\nKa\u017cdy pod jest wst\u0119pnie nape\u0142niony <strong>25 ml wysokiej jako\u015bci e-liquidu<\/strong> dla d\u0142u\u017cszego u\u017cytkowania.<\/p>\n<p><strong>4. Ile czasu zajmuje dostarczenie Uwin Shisha Hookah Crystal 20000 Puffs Vape Pods do mojego kraju?<\/strong><br \/>\nCzasy dostawy r\u00f3\u017cni\u0105 si\u0119 w zale\u017cno\u015bci od lokalizacji i wybranej metody wysy\u0142ki. Dla kraj\u00f3w europejskich standardowa wysy\u0142ka trwa zazwyczaj 10<strong>\u201315 dni roboczych.<\/strong> Je\u015bli wypadaj\u0105 \u015bwi\u0119ta, czas dostawy paczki ulegnie op\u00f3\u017anieniu.<\/p>\n<p><strong>5. Jak mog\u0119 \u015bledzi\u0107 moje zam\u00f3wienie?<\/strong><br \/>\nPo wys\u0142aniu zam\u00f3wienia otrzymasz numer \u015bledzenia od dostawcy lub sprzedawcy. U\u017cyj go, aby monitorowa\u0107 post\u0119p dostawy.<\/p>","protected":false},"excerpt":{"rendered":"<p>Uwin Shisha Hookah Crystal 20000 Puffs Vape, ceny hurtowe, doskona\u0142e smaki, mo\u017cliwo\u015b\u0107 \u0142adowania, 2%5% nikotyny, przyjazny dla \u015brodowiska. Idealny dla hurtowych nabywc\u00f3w w Europie.<\/p>\n<figure id=\"attachment_2951\" aria-describedby=\"caption-attachment-2951\" style=\"width: 265px\" class=\"wp-caption alignnone\"><img decoding=\"async\" class=\"size-medium wp-image-2951\" src=\"https:\/\/vapestornado.com\/wp-content\/uploads\/2024\/12\/Wholesale-Disposable-Vape-265x300.jpg\" alt=\"Hurtownia jednorazowych vape\" width=\"265\" height=\"300\" srcset=\"https:\/\/vapestornado.com\/wp-content\/uploads\/2024\/12\/Wholesale-Disposable-Vape-265x300.jpg 265w, https:\/\/vapestornado.com\/wp-content\/uploads\/2024\/12\/Wholesale-Disposable-Vape-768x871.jpg 768w, https:\/\/vapestornado.com\/wp-content\/uploads\/2024\/12\/Wholesale-Disposable-Vape-600x680.jpg 600w, https:\/\/vapestornado.com\/wp-content\/uploads\/2024\/12\/Wholesale-Disposable-Vape.jpg 823w\" sizes=\"(max-width: 265px) 100vw, 265px\" \/><figcaption id=\"caption-attachment-2951\" class=\"wp-caption-text\">Skontaktuj si\u0119 z Mandy przez WhatsApp, aby uzyska\u0107 cen\u0119 promocyjn\u0105\u00a0 <a href=\"https:\/\/wa.me\/8618077105796\">+8618077105796<\/a><\/figcaption><\/figure>\n<p>&nbsp;<\/p>","protected":false},"featured_media":3520,"comment_status":"open","ping_status":"closed","template":"","meta":{"_acf_changed":false,"_uag_custom_page_level_css":"","_lmt_disableupdate":"no","_lmt_disable":"","_monsterinsights_skip_tracking":false,"_monsterinsights_sitenote_active":false,"_monsterinsights_sitenote_note":"","_monsterinsights_sitenote_category":0,"site-sidebar-layout":"default","site-content-layout":"","ast-site-content-layout":"default","site-content-style":"default","site-sidebar-style":"default","ast-global-header-display":"","ast-banner-title-visibility":"","ast-main-header-display":"","ast-hfb-above-header-display":"","ast-hfb-below-header-display":"","ast-hfb-mobile-header-display":"","site-post-title":"","ast-breadcrumbs-content":"","ast-featured-img":"","footer-sml-layout":"","ast-disable-related-posts":"","theme-transparent-header-meta":"default","adv-header-id-meta":"","stick-header-meta":"","header-above-stick-meta":"","header-main-stick-meta":"","header-below-stick-meta":"","astra-migrate-meta-layouts":"set","ast-page-background-enabled":"default","ast-page-background-meta":{"desktop":{"background-color":"","background-image":"","background-repeat":"repeat","background-position":"center center","background-size":"auto","background-attachment":"scroll","background-type":"","background-media":"","overlay-type":"","overlay-color":"","overlay-opacity":"","overlay-gradient":""},"tablet":{"background-color":"","background-image":"","background-repeat":"repeat","background-position":"center center","background-size":"auto","background-attachment":"scroll","background-type":"","background-media":"","overlay-type":"","overlay-color":"","overlay-opacity":"","overlay-gradient":""},"mobile":{"background-color":"","background-image":"","background-repeat":"repeat","background-position":"center center","background-size":"auto","background-attachment":"scroll","background-type":"","background-media":"","overlay-type":"","overlay-color":"","overlay-opacity":"","overlay-gradient":""}},"ast-content-background-meta":{"desktop":{"background-color":"var(--ast-global-color-5)","background-image":"","background-repeat":"repeat","background-position":"center center","background-size":"auto","background-attachment":"scroll","background-type":"","background-media":"","overlay-type":"","overlay-color":"","overlay-opacity":"","overlay-gradient":""},"tablet":{"background-color":"var(--ast-global-color-5)","background-image":"","background-repeat":"repeat","background-position":"center center","background-size":"auto","background-attachment":"scroll","background-type":"","background-media":"","overlay-type":"","overlay-color":"","overlay-opacity":"","overlay-gradient":""},"mobile":{"background-color":"var(--ast-global-color-5)","background-image":"","background-repeat":"repeat","background-position":"center center","background-size":"auto","background-attachment":"scroll","background-type":"","background-media":"","overlay-type":"","overlay-color":"","overlay-opacity":"","overlay-gradient":""}},"_joinchat":{"telephone":"+8618077105796"}},"product_brand":[],"product_cat":[69,150,151,153,157,141],"product_tag":[97,217],"class_list":{"0":"post-3515","1":"product","2":"type-product","3":"status-publish","4":"has-post-thumbnail","6":"product_cat-20000-puff","7":"product_cat-buy-disposable-vapes-in-belgium","8":"product_cat-buy-disposable-vapes-in-france","9":"product_cat-buy-disposable-vapes-in-italy","10":"product_cat-buy-disposable-vapes-in-portugal","11":"product_cat-crystal-disposable-vapes","12":"product_tag-hot-sale-disposable-vape","13":"product_tag-uwin-shisha-hookah-crystal-20000-puffs","14":"desktop-align-left","15":"tablet-align-left","16":"mobile-align-left","18":"first","19":"instock","20":"sale","21":"shipping-taxable","22":"purchasable","23":"product-type-simple"},"acf":[],"uagb_featured_image_src":{"full":["https:\/\/vapestornado.com\/wp-content\/uploads\/2024\/12\/Good-Sale-UWIN-HOOKAH-Crystal-20000-Puffs-Watermelon-ice.jpg",800,800,false],"thumbnail":["https:\/\/vapestornado.com\/wp-content\/uploads\/2024\/12\/Good-Sale-UWIN-HOOKAH-Crystal-20000-Puffs-Watermelon-ice-150x150.jpg",150,150,true],"medium":["https:\/\/vapestornado.com\/wp-content\/uploads\/2024\/12\/Good-Sale-UWIN-HOOKAH-Crystal-20000-Puffs-Watermelon-ice-300x300.jpg",300,300,true],"medium_large":["https:\/\/vapestornado.com\/wp-content\/uploads\/2024\/12\/Good-Sale-UWIN-HOOKAH-Crystal-20000-Puffs-Watermelon-ice-768x768.jpg",768,768,true],"large":["https:\/\/vapestornado.com\/wp-content\/uploads\/2024\/12\/Good-Sale-UWIN-HOOKAH-Crystal-20000-Puffs-Watermelon-ice.jpg",800,800,false],"1536x1536":["https:\/\/vapestornado.com\/wp-content\/uploads\/2024\/12\/Good-Sale-UWIN-HOOKAH-Crystal-20000-Puffs-Watermelon-ice.jpg",800,800,false],"2048x2048":["https:\/\/vapestornado.com\/wp-content\/uploads\/2024\/12\/Good-Sale-UWIN-HOOKAH-Crystal-20000-Puffs-Watermelon-ice.jpg",800,800,false],"trp-custom-language-flag":["https:\/\/vapestornado.com\/wp-content\/uploads\/2024\/12\/Good-Sale-UWIN-HOOKAH-Crystal-20000-Puffs-Watermelon-ice.jpg",12,12,false],"woocommerce_thumbnail":["https:\/\/vapestornado.com\/wp-content\/uploads\/2024\/12\/Good-Sale-UWIN-HOOKAH-Crystal-20000-Puffs-Watermelon-ice-300x300.jpg",300,300,true],"woocommerce_single":["https:\/\/vapestornado.com\/wp-content\/uploads\/2024\/12\/Good-Sale-UWIN-HOOKAH-Crystal-20000-Puffs-Watermelon-ice-600x600.jpg",600,600,true],"woocommerce_gallery_thumbnail":["https:\/\/vapestornado.com\/wp-content\/uploads\/2024\/12\/Good-Sale-UWIN-HOOKAH-Crystal-20000-Puffs-Watermelon-ice-100x100.jpg",100,100,true]},"uagb_author_info":{"display_name":"ESMANDY","author_link":"https:\/\/vapestornado.com\/pl\/author\/"},"uagb_comment_info":0,"uagb_excerpt":"Uwin Shisha Hookah Crystal 20000 Puffs Vape, bulk prices, premium flavors, rechargeable, 2%5% nicotine, eco-friendly. Perfect for wholesale buyers in Europe. [caption id=\"attachment_2951\" align=\"alignnone\" width=\"265\"] Pls Contact Mandy's WhatsApp For Discount Price\u00a0 +8618077105796[\/caption] &nbsp;","_links":{"self":[{"href":"https:\/\/vapestornado.com\/pl\/wp-json\/wp\/v2\/product\/3515","targetHints":{"allow":["GET"]}}],"collection":[{"href":"https:\/\/vapestornado.com\/pl\/wp-json\/wp\/v2\/product"}],"about":[{"href":"https:\/\/vapestornado.com\/pl\/wp-json\/wp\/v2\/types\/product"}],"replies":[{"embeddable":true,"href":"https:\/\/vapestornado.com\/pl\/wp-json\/wp\/v2\/comments?post=3515"}],"wp:featuredmedia":[{"embeddable":true,"href":"https:\/\/vapestornado.com\/pl\/wp-json\/wp\/v2\/media\/3520"}],"wp:attachment":[{"href":"https:\/\/vapestornado.com\/pl\/wp-json\/wp\/v2\/media?parent=3515"}],"wp:term":[{"taxonomy":"product_brand","embeddable":true,"href":"https:\/\/vapestornado.com\/pl\/wp-json\/wp\/v2\/product_brand?post=3515"},{"taxonomy":"product_cat","embeddable":true,"href":"https:\/\/vapestornado.com\/pl\/wp-json\/wp\/v2\/product_cat?post=3515"},{"taxonomy":"product_tag","embeddable":true,"href":"https:\/\/vapestornado.com\/pl\/wp-json\/wp\/v2\/product_tag?post=3515"}],"curies":[{"name":"wp","href":"https:\/\/api.w.org\/{rel}","templated":true}]}}