{"id":3445,"date":"2024-12-27T09:09:56","date_gmt":"2024-12-27T09:09:56","guid":{"rendered":"https:\/\/vapestornado.com\/?post_type=product&#038;p=3445"},"modified":"2025-08-23T10:50:44","modified_gmt":"2025-08-23T10:50:44","slug":"bood-pulse-pro-25k-50k-puffs-geek-bar-new-vape-bulk-price","status":"publish","type":"product","link":"https:\/\/vapestornado.com\/pl\/product\/bood-pulse-pro-25k-50k-puffs-geek-bar-new-vape-bulk-price\/","title":{"rendered":"Bood Pulse Pro 25k 50k Zaci\u0105gni\u0119\u0107 Geek Bar Nowy Vape Cena Hurtowa"},"content":{"rendered":"<h1>Bood Pulse Pro 25k 50k Zaci\u0105gni\u0119\u0107 Geek Bar Nowy Vape Cena Hurtowa<\/h1>\n<p>&nbsp;<\/p>\n<div role=\"article\" data-tabster=\"{&quot;groupper&quot;:{&quot;tabbability&quot;:2},&quot;focusable&quot;:{}}\" data-content=\"ai-message\" aria-labelledby=\"64JRvXrTnY7mRmPkEQLLT-author 64JRvXrTnY7mRmPkEQLLT-content\">\n<div id=\"64JRvXrTnY7mRmPkEQLLT-content\">\n<p data-start=\"210\" data-end=\"488\">Cyfrowy ekran <strong data-start=\"214\" data-end=\"268\">Bood Pulse Pro 25K \/ 50K Zaci\u0105gni\u0119\u0107 Jednorazowy Vape Bar<\/strong> jest przeznaczony dla hurtownik\u00f3w i detalist\u00f3w, kt\u00f3rzy chc\u0105 zaoferowa\u0107 klientom wyb\u00f3r mi\u0119dzy urz\u0105dzeniami o \u015bredniej i bardzo du\u017cej pojemno\u015bci. Z <strong data-start=\"404\" data-end=\"437\">opcjami 25 000 lub 50 000 zaci\u0105gni\u0119\u0107<\/strong>, ten vape jest przeznaczony zar\u00f3wno dla os\u00f3b u\u017cywaj\u0105cych go okazjonalnie, jak i intensywnie.<\/p>\n<p data-start=\"490\" data-end=\"798\">Ka\u017cda jednostka jest zasilana przez <strong data-start=\"517\" data-end=\"548\">akumulator 850mAh<\/strong> z <strong data-start=\"554\" data-end=\"578\">Szybkie \u0142adowanie typu C<\/strong>, zapewniaj\u0105c niezawodne dzia\u0142anie i minimalny czas przestoju. Zbiornik <strong data-start=\"636\" data-end=\"669\">38 ml wst\u0119pnie nape\u0142nionego e-liquidu<\/strong> zapewnia wyd\u0142u\u017cone u\u017cytkowanie, a <strong data-start=\"701\" data-end=\"734\">zaawansowana technologia grza\u0142ki siatkowej<\/strong> gwarantuje bogaty smak i g\u0142adk\u0105 par\u0119 od pocz\u0105tku do ko\u0144ca.<\/p>\n<p data-start=\"800\" data-end=\"1124\">Dost\u0119pne w <strong data-start=\"813\" data-end=\"835\">bez nikotyny (0%)<\/strong>, a tak\u017ce <strong data-start=\"848\" data-end=\"880\">mocach nikotyny 2% i 5%<\/strong>, <strong data-start=\"886\" data-end=\"912\">Bood Pulse Pro 25K\/50K<\/strong> odpowiada szerokiemu gronu klient\u00f3w w Polsce. Jego <strong data-start=\"959\" data-end=\"1027\">elegancki wygl\u0105d, du\u017ca produkcja pary i korzystne ceny hurtowe<\/strong> czyni\u0105 go atrakcyjn\u0105 opcj\u0105 dla sklep\u00f3w z vape i dystrybutor\u00f3w poszukuj\u0105cych niezawodnych zapas\u00f3w hurtowych.<\/p>\n<p>&nbsp;<\/p>\n<\/div>\n<\/div>\n<p><img fetchpriority=\"high\" decoding=\"async\" class=\"alignleft wp-image-2951 size-medium\" src=\"https:\/\/vapestornado.com\/wp-content\/uploads\/2024\/12\/Wholesale-Disposable-Vape-265x300.jpg\" alt=\"Hurtownia jednorazowych vape\" width=\"265\" height=\"300\" srcset=\"https:\/\/vapestornado.com\/wp-content\/uploads\/2024\/12\/Wholesale-Disposable-Vape-265x300.jpg 265w, https:\/\/vapestornado.com\/wp-content\/uploads\/2024\/12\/Wholesale-Disposable-Vape-768x871.jpg 768w, https:\/\/vapestornado.com\/wp-content\/uploads\/2024\/12\/Wholesale-Disposable-Vape-600x680.jpg 600w, https:\/\/vapestornado.com\/wp-content\/uploads\/2024\/12\/Wholesale-Disposable-Vape.jpg 823w\" sizes=\"(max-width: 265px) 100vw, 265px\" \/><\/p>\n<h6>Skontaktuj si\u0119 z Mandy przez WhatsApp, aby uzyska\u0107 cen\u0119 promocyjn\u0105<a href=\"https:\/\/wa.me\/8618077105796\" target=\"_blank\" rel=\"noopener\">+8618077105796<\/a><\/h6>\n<div class=\"flex max-w-full flex-col flex-grow\">\n<div class=\"min-h-8 text-message flex w-full flex-col items-end gap-2 whitespace-normal break-words text-start [.text-message+&amp;]:mt-5\" dir=\"auto\" data-message-author-role=\"assistant\" data-message-id=\"cdb991c0-f594-4bff-b2d5-fbbdd7ce9e54\" data-message-model-slug=\"gpt-4o-mini\">\n<div class=\"flex w-full flex-col gap-1 empty:hidden first:pt-[3px]\">\n<div class=\"markdown prose w-full break-words dark:prose-invert light\"><\/div>\n<\/div>\n<\/div>\n<\/div>\n<div class=\"mb-2 flex gap-3 empty:hidden -ml-2\">\n<h2><strong>Bood Pulse Pro 50k Zaci\u0105gni\u0119\u0107 <\/strong>Wyj\u0105tkowe cechy:<\/h2>\n<ul>\n<li><strong>50 000 zaci\u0105gni\u0119\u0107<\/strong>: Wyj\u0105tkowa trwa\u0142o\u015b\u0107 dla wyd\u0142u\u017conych sesji wapowania<\/li>\n<li><strong>Pojemno\u015b\u0107 e-liquidu<\/strong>: Du\u017ce 38 ml dla rzadszego uzupe\u0142niania<\/li>\n<li><strong>\u017bywotno\u015b\u0107 baterii<\/strong>: Wytrzyma\u0142a bateria 850 mAh z mo\u017cliwo\u015bci\u0105 \u0142adowania dla sta\u0142ej wydajno\u015bci<\/li>\n<li><strong>Opcje nikotyny<\/strong>: Warianty 0%, 2% i 5%, aby dopasowa\u0107 si\u0119 do indywidualnych preferencji<\/li>\n<li><strong>Cewka Mesh<\/strong>: Wzmocniony smak i produkcja pary<\/li>\n<\/ul>\n<\/div>\n<h2>Lista smak\u00f3w Bood Pulse Pro 50000 Puffs:<\/h2>\n<p>1.MELON ANANAS POMARA\u0143CZA<br \/>\n2.BOR\u00d3WKA KWA\u015aNA MALINA<br \/>\n3.ARBUZ KIWI<br \/>\n4.BOR\u00d3WKA ARBUZ<br \/>\n5.JE\u017bYNA L\u00d3D<br \/>\n6.POTR\u00d3JNY MELON<br \/>\n7.TRUSKAWKA Z LODEM<br \/>\n8.TRUSKAWKA ARBUZ Z LODEM<br \/>\n9.PODW\u00d3JNA LEMONIADA<br \/>\n10.WINOGRONO \u017bURAWINA JAGODA MALINA<\/p>\n<div role=\"article\" data-tabster=\"{&quot;groupper&quot;:{&quot;tabbability&quot;:2},&quot;focusable&quot;:{}}\" data-content=\"ai-message\" aria-labelledby=\"dARUyEWDoEYhnSPXFwx5A-author dARUyEWDoEYhnSPXFwx5A-content\">\n<div id=\"dARUyEWDoEYhnSPXFwx5A-content\">\n<h2>Dlaczego warto wybra\u0107 Bood Pulse Pro 25k\/50k Puffs na vapestornado.com?<\/h2>\n<p>Cyfrowy ekran <strong>Bood Pulse Pro 25K\/50K Wdech\u00f3w<\/strong> jednorazowy waporyzator to najlepszy wyb\u00f3r dla waper\u00f3w poszukuj\u0105cych wydajno\u015bci, wygody i jako\u015bci. Dost\u0119pny wy\u0142\u0105cznie na <strong>vapestornado.pl<\/strong>, to urz\u0105dzenie oferuje szereg funkcji zaprojektowanych w celu podniesienia jako\u015bci wapowania. Oto dlaczego warto wybra\u0107 Bood Pulse Pro:<\/p>\n<ul>\n<li><strong>Niezr\u00f3wnana trwa\u0142o\u015b\u0107<\/strong><\/li>\n<\/ul>\n<p>Z imponuj\u0105c\u0105 <strong>Od 25 000 do 50 000 zaci\u0105gni\u0119\u0107<\/strong>, Bood Pulse Pro oferuje jeden z najd\u0142u\u017cej dzia\u0142aj\u0105cych jednorazowych waporyzator\u00f3w na rynku. Nie musisz si\u0119 martwi\u0107 o cz\u0119ste wymiany, dzi\u0119ki czemu idealnie nadaje si\u0119 do codziennego u\u017cytku i d\u0142ugotrwa\u0142ej satysfakcji.<\/p>\n<ul>\n<li><strong>Wszechstronne opcje nikotyny<\/strong><\/li>\n<\/ul>\n<p>Bood Pulse Pro jest dost\u0119pny z <strong>bez nikotyny<\/strong>, <strong>2%<\/strong>, oraz w <strong>5%<\/strong> opcje nikotyny, daj\u0105c Ci mo\u017cliwo\u015b\u0107 wyboru preferowanego poziomu nikotyny. Niezale\u017cnie od tego, czy chcesz rzuci\u0107 nikotyn\u0119, czy cieszy\u0107 si\u0119 mocnym uderzeniem, znajdziesz idealn\u0105 opcj\u0119 dla siebie.<\/p>\n<ul>\n<li><strong>Du\u017ca pojemno\u015b\u0107 e-liquidu<\/strong><\/li>\n<\/ul>\n<p>Wyposa\u017cony w <strong>38 ml e-liquidu<\/strong>, Bood Pulse Pro oferuje wi\u0119cej ni\u017c wystarczaj\u0105c\u0105 ilo\u015b\u0107 soku do d\u0142ugotrwa\u0142ego wapowania bez konieczno\u015bci cz\u0119stego uzupe\u0142niania. To sprawia, \u017ce jest to wygodny i niezawodny wyb\u00f3r dla u\u017cytkownik\u00f3w w podr\u00f3\u017cy.<\/p>\n<ul>\n<li><strong>Wysoka wydajno\u015b\u0107<\/strong><\/li>\n<\/ul>\n<p>Wyposa\u017cony w solidny <strong>akumulator 850mAh<\/strong>, Bood Pulse Pro zapewnia sta\u0142\u0105 wydajno\u015b\u0107 przez ca\u0142y okres u\u017cytkowania. Z <strong>siatka grzewcza<\/strong> dla optymalnego smaku i g\u0142adkiej produkcji pary, ka\u017cde zaci\u0105gni\u0119cie to wyj\u0105tkowe do\u015bwiadczenie.<\/p>\n<ul>\n<li><strong>Jako\u015b\u0107, kt\u00f3rej mo\u017cesz zaufa\u0107<\/strong><\/li>\n<\/ul>\n<p>vapestornado.com oferuje wyselekcjonowany wyb\u00f3r najlepszych produkt\u00f3w do wapowania, a <strong>Bood Pulse Pro 25K\/50K Wdech\u00f3w<\/strong> nie jest wyj\u0105tkiem. Robi\u0105c zakupy u nas, masz gwarancj\u0119 autentycznych produkt\u00f3w, konkurencyjnych cen oraz szybkiej i niezawodnej wysy\u0142ki.<\/p>\n<ul>\n<li><strong>Satysfakcja Klienta<\/strong><\/li>\n<\/ul>\n<p>W vapestornado.com satysfakcja klienta jest naszym priorytetem. Oferujemy doskona\u0142\u0105 obs\u0142ug\u0119 klienta, aby zapewni\u0107 bezproblemowe zakupy, w tym \u0142atwe zwroty, szczeg\u00f3\u0142owe informacje o produktach i spersonalizowane wsparcie.<\/p>\n<p>&nbsp;<\/p>\n<\/div>\n<\/div>\n<h2>FAQ na temat Bood Pulse Pro 25k\/50k Puffs Vape Pods<\/h2>\n<p>Oto kilka cz\u0119sto zadawanych pyta\u0144, kt\u00f3re pomog\u0105 Ci dowiedzie\u0107 si\u0119 wi\u0119cej o <strong>Bood Pulse Pro 25K\/50K Wdech\u00f3w Podpory do Vapingu<\/strong>:<\/p>\n<h4>1. <strong>Jak d\u0142ugo dzia\u0142a Bood Pulse Pro 50000 Puff?<\/strong><\/h4>\n<p>Cyfrowy ekran <strong>Bood Pulse Pro<\/strong> oferuje imponuj\u0105c\u0105 \u017cywotno\u015b\u0107 do <strong>Od 25 000 do 50 000 zaci\u0105gni\u0119\u0107<\/strong>, w zale\u017cno\u015bci od sposobu u\u017cytkowania. Ta trwa\u0142a konstrukcja zapewnia, \u017ce nie b\u0119dziesz musia\u0142 cz\u0119sto wymienia\u0107 urz\u0105dzenia, co czyni go doskona\u0142ym wyborem do codziennego u\u017cytku.<\/p>\n<h4>2. <strong>Jakie opcje mocy nikotyny s\u0105 dost\u0119pne w Bood 50000 puffs vapor?<\/strong><\/h4>\n<p>Bood Pulse Pro jest dost\u0119pny w <strong>bez nikotyny<\/strong>, <strong>2%<\/strong>, oraz w <strong>5%<\/strong> opcjach nikotyny. Niezale\u017cnie od tego, czy chcesz delikatne uderzenie nikotyny, czy mocniejsze, ka\u017cdy znajdzie co\u015b dla siebie. Wersja beznikotynowa jest idealna dla tych, kt\u00f3rzy wol\u0105 wapowa\u0107 bez nikotyny.<\/p>\n<h4>3. <strong>Jaka jest pojemno\u015b\u0107 e-liquidu w Bood Pulse Pro 50000 puff?<\/strong><\/h4>\n<p>Urz\u0105dzenie jest wst\u0119pnie nape\u0142nione <strong>38 ml e-liquidu<\/strong>, zapewniaj\u0105c wystarczaj\u0105c\u0105 ilo\u015b\u0107 soku na d\u0142u\u017csze sesje wapowania. Oznacza to mniej uzupe\u0142nie\u0144 i wi\u0119ksz\u0105 wygod\u0119 dla waper\u00f3w.<\/p>\n<h4>4. <strong>Gdzie mog\u0119 kupi\u0107 Bood Pulse Pro 25000 50000 Puffs?<\/strong><\/h4>\n<p>Mo\u017cesz kupi\u0107 <strong>Bood Pulse Pro 25K\/50K Wdech\u00f3w Podpory do Vapingu<\/strong> bezpo\u015brednio od <strong>vapestornado.pl<\/strong>. Oferujemy szybk\u0105 wysy\u0142k\u0119, konkurencyjne ceny i wyj\u0105tkow\u0105 obs\u0142ug\u0119 klienta, aby zapewni\u0107 p\u0142ynne zakupy.<\/p>\n<p>Aby uzyska\u0107 wi\u0119cej informacji lub konkretne zapytania, skontaktuj si\u0119 z naszym zespo\u0142em obs\u0142ugi klienta!<\/p>","protected":false},"excerpt":{"rendered":"<p>Cyfrowy ekran <strong data-start=\"1168\" data-end=\"1205\">Bood Pulse Pro 25K\/50K Zaci\u0105gni\u0119\u0107 Vape<\/strong> oferuje podw\u00f3jne opcje pojemno\u015bci, wydajno\u015b\u0107 grza\u0142ki siatkowej i mo\u017cliwo\u015b\u0107 \u0142adowania. Wszechstronny jednorazowy zaprojektowany dla <strong data-start=\"1319\" data-end=\"1354\">hurtowych nabywc\u00f3w w Europie<\/strong>.<\/p>\n<figure id=\"attachment_2951\" aria-describedby=\"caption-attachment-2951\" style=\"width: 265px\" class=\"wp-caption alignnone\"><img decoding=\"async\" class=\"size-medium wp-image-2951\" src=\"https:\/\/vapestornado.com\/wp-content\/uploads\/2024\/12\/Wholesale-Disposable-Vape-265x300.jpg\" alt=\"Hurtownia jednorazowych vape\" width=\"265\" height=\"300\" srcset=\"https:\/\/vapestornado.com\/wp-content\/uploads\/2024\/12\/Wholesale-Disposable-Vape-265x300.jpg 265w, https:\/\/vapestornado.com\/wp-content\/uploads\/2024\/12\/Wholesale-Disposable-Vape-768x871.jpg 768w, https:\/\/vapestornado.com\/wp-content\/uploads\/2024\/12\/Wholesale-Disposable-Vape-600x680.jpg 600w, https:\/\/vapestornado.com\/wp-content\/uploads\/2024\/12\/Wholesale-Disposable-Vape.jpg 823w\" sizes=\"(max-width: 265px) 100vw, 265px\" \/><figcaption id=\"caption-attachment-2951\" class=\"wp-caption-text\">Skontaktuj si\u0119 z Mandy przez WhatsApp, aby uzyska\u0107 cen\u0119 promocyjn\u0105\u00a0 <a href=\"https:\/\/wa.me\/8618077105796\">+8618077105796<\/a><\/figcaption><\/figure>\n<p>&nbsp;<\/p>","protected":false},"featured_media":3504,"comment_status":"open","ping_status":"closed","template":"","meta":{"_acf_changed":false,"_uag_custom_page_level_css":"","_lmt_disableupdate":"no","_lmt_disable":"","_monsterinsights_skip_tracking":false,"_monsterinsights_sitenote_active":false,"_monsterinsights_sitenote_note":"","_monsterinsights_sitenote_category":0,"site-sidebar-layout":"default","site-content-layout":"","ast-site-content-layout":"default","site-content-style":"default","site-sidebar-style":"default","ast-global-header-display":"","ast-banner-title-visibility":"","ast-main-header-display":"","ast-hfb-above-header-display":"","ast-hfb-below-header-display":"","ast-hfb-mobile-header-display":"","site-post-title":"","ast-breadcrumbs-content":"","ast-featured-img":"","footer-sml-layout":"","ast-disable-related-posts":"","theme-transparent-header-meta":"default","adv-header-id-meta":"","stick-header-meta":"","header-above-stick-meta":"","header-main-stick-meta":"","header-below-stick-meta":"","astra-migrate-meta-layouts":"set","ast-page-background-enabled":"default","ast-page-background-meta":{"desktop":{"background-color":"","background-image":"","background-repeat":"repeat","background-position":"center center","background-size":"auto","background-attachment":"scroll","background-type":"","background-media":"","overlay-type":"","overlay-color":"","overlay-opacity":"","overlay-gradient":""},"tablet":{"background-color":"","background-image":"","background-repeat":"repeat","background-position":"center center","background-size":"auto","background-attachment":"scroll","background-type":"","background-media":"","overlay-type":"","overlay-color":"","overlay-opacity":"","overlay-gradient":""},"mobile":{"background-color":"","background-image":"","background-repeat":"repeat","background-position":"center center","background-size":"auto","background-attachment":"scroll","background-type":"","background-media":"","overlay-type":"","overlay-color":"","overlay-opacity":"","overlay-gradient":""}},"ast-content-background-meta":{"desktop":{"background-color":"var(--ast-global-color-5)","background-image":"","background-repeat":"repeat","background-position":"center center","background-size":"auto","background-attachment":"scroll","background-type":"","background-media":"","overlay-type":"","overlay-color":"","overlay-opacity":"","overlay-gradient":""},"tablet":{"background-color":"var(--ast-global-color-5)","background-image":"","background-repeat":"repeat","background-position":"center center","background-size":"auto","background-attachment":"scroll","background-type":"","background-media":"","overlay-type":"","overlay-color":"","overlay-opacity":"","overlay-gradient":""},"mobile":{"background-color":"var(--ast-global-color-5)","background-image":"","background-repeat":"repeat","background-position":"center center","background-size":"auto","background-attachment":"scroll","background-type":"","background-media":"","overlay-type":"","overlay-color":"","overlay-opacity":"","overlay-gradient":""}},"_joinchat":{"telephone":"+8618077105796"}},"product_brand":[],"product_cat":[192,140,193,155,156],"product_tag":[190,97],"class_list":{"0":"post-3445","1":"product","2":"type-product","3":"status-publish","4":"has-post-thumbnail","6":"product_cat-50000-puff","7":"product_cat-big-puffs-disposable-vapes","8":"product_cat-bood-disposable-vapes","9":"product_cat-buy-disposable-vapes-in-norway","10":"product_cat-buy-disposable-vapes-in-poland","11":"product_tag-bood-pulse-pro-50000","12":"product_tag-hot-sale-disposable-vape","13":"desktop-align-left","14":"tablet-align-left","15":"mobile-align-left","17":"first","18":"instock","19":"sale","20":"shipping-taxable","21":"purchasable","22":"product-type-simple"},"acf":[],"uagb_featured_image_src":{"full":["https:\/\/vapestornado.com\/wp-content\/uploads\/2024\/12\/Bood-vape-pulse-pro-25000-Puffs-50000-Puffs.jpg",800,800,false],"thumbnail":["https:\/\/vapestornado.com\/wp-content\/uploads\/2024\/12\/Bood-vape-pulse-pro-25000-Puffs-50000-Puffs-150x150.jpg",150,150,true],"medium":["https:\/\/vapestornado.com\/wp-content\/uploads\/2024\/12\/Bood-vape-pulse-pro-25000-Puffs-50000-Puffs-300x300.jpg",300,300,true],"medium_large":["https:\/\/vapestornado.com\/wp-content\/uploads\/2024\/12\/Bood-vape-pulse-pro-25000-Puffs-50000-Puffs-768x768.jpg",768,768,true],"large":["https:\/\/vapestornado.com\/wp-content\/uploads\/2024\/12\/Bood-vape-pulse-pro-25000-Puffs-50000-Puffs.jpg",800,800,false],"1536x1536":["https:\/\/vapestornado.com\/wp-content\/uploads\/2024\/12\/Bood-vape-pulse-pro-25000-Puffs-50000-Puffs.jpg",800,800,false],"2048x2048":["https:\/\/vapestornado.com\/wp-content\/uploads\/2024\/12\/Bood-vape-pulse-pro-25000-Puffs-50000-Puffs.jpg",800,800,false],"trp-custom-language-flag":["https:\/\/vapestornado.com\/wp-content\/uploads\/2024\/12\/Bood-vape-pulse-pro-25000-Puffs-50000-Puffs.jpg",12,12,false],"woocommerce_thumbnail":["https:\/\/vapestornado.com\/wp-content\/uploads\/2024\/12\/Bood-vape-pulse-pro-25000-Puffs-50000-Puffs-300x300.jpg",300,300,true],"woocommerce_single":["https:\/\/vapestornado.com\/wp-content\/uploads\/2024\/12\/Bood-vape-pulse-pro-25000-Puffs-50000-Puffs-600x600.jpg",600,600,true],"woocommerce_gallery_thumbnail":["https:\/\/vapestornado.com\/wp-content\/uploads\/2024\/12\/Bood-vape-pulse-pro-25000-Puffs-50000-Puffs-100x100.jpg",100,100,true]},"uagb_author_info":{"display_name":"ESMANDY","author_link":"https:\/\/vapestornado.com\/pl\/author\/"},"uagb_comment_info":0,"uagb_excerpt":"The Bood Pulse Pro 25K\/50K Puffs Vape offers dual capacity options, mesh coil performance, and rechargeable power. A versatile disposable designed for wholesale bulk buyers in Europe. [caption id=\"attachment_2951\" align=\"alignnone\" width=\"265\"] Pls Contact Mandy's WhatsApp For Discount Price\u00a0 +8618077105796[\/caption] &nbsp;","_links":{"self":[{"href":"https:\/\/vapestornado.com\/pl\/wp-json\/wp\/v2\/product\/3445","targetHints":{"allow":["GET"]}}],"collection":[{"href":"https:\/\/vapestornado.com\/pl\/wp-json\/wp\/v2\/product"}],"about":[{"href":"https:\/\/vapestornado.com\/pl\/wp-json\/wp\/v2\/types\/product"}],"replies":[{"embeddable":true,"href":"https:\/\/vapestornado.com\/pl\/wp-json\/wp\/v2\/comments?post=3445"}],"wp:featuredmedia":[{"embeddable":true,"href":"https:\/\/vapestornado.com\/pl\/wp-json\/wp\/v2\/media\/3504"}],"wp:attachment":[{"href":"https:\/\/vapestornado.com\/pl\/wp-json\/wp\/v2\/media?parent=3445"}],"wp:term":[{"taxonomy":"product_brand","embeddable":true,"href":"https:\/\/vapestornado.com\/pl\/wp-json\/wp\/v2\/product_brand?post=3445"},{"taxonomy":"product_cat","embeddable":true,"href":"https:\/\/vapestornado.com\/pl\/wp-json\/wp\/v2\/product_cat?post=3445"},{"taxonomy":"product_tag","embeddable":true,"href":"https:\/\/vapestornado.com\/pl\/wp-json\/wp\/v2\/product_tag?post=3445"}],"curies":[{"name":"wp","href":"https:\/\/api.w.org\/{rel}","templated":true}]}}