{"id":3394,"date":"2024-12-26T07:40:36","date_gmt":"2024-12-26T07:40:36","guid":{"rendered":"https:\/\/vapestornado.com\/?post_type=product&#038;p=3394"},"modified":"2025-08-23T12:25:34","modified_gmt":"2025-08-23T12:25:34","slug":"vookbar-cyber-pro-30000-puffs-touch-screen-2-low-nicotine-rechargeable-disposable-vapes-pen-bulk-buy-wholesale","status":"publish","type":"product","link":"https:\/\/vapestornado.com\/pl\/product\/vookbar-cyber-pro-30000-puffs-touch-screen-2-low-nicotine-rechargeable-disposable-vapes-pen-bulk-buy-wholesale\/","title":{"rendered":"Vookbar Cyber Pro 30000 Zaci\u0105gni\u0119\u0107 Ekran Dotykowy 2% Niska Zawarto\u015b\u0107 Nikotyny Jednorazowe Vape z Mo\u017cliwo\u015bci\u0105 \u0141adowania Hurtowy Zakup Hurtowy"},"content":{"rendered":"<h1 class=\"product-title\">Vookbar Cyber Pro 30000 Zaci\u0105gni\u0119\u0107 Ekran Dotykowy 2% Niska Zawarto\u015b\u0107 Nikotyny Jednorazowe Vape z Mo\u017cliwo\u015bci\u0105 \u0141adowania Hurtowy Zakup Hurtowy<\/h1>\n<p>Cyfrowy ekran <strong>Vookbar Cyber Pro 30000 Zaci\u0105gni\u0119\u0107<\/strong> jest tutaj, aby na nowo zdefiniowa\u0107 jednorazowe e-papierosy. Dzi\u0119ki eleganckiemu wygl\u0105dowi, zaawansowanej technologii i przyjaznym dla u\u017cytkownika funkcjom, ten e-papieros idealnie pasuje zar\u00f3wno dla okazjonalnych u\u017cytkownik\u00f3w, jak i do\u015bwiadczonych vaper\u00f3w, poszukuj\u0105cych do\u015bwiadczenia premium.<\/p>\n<h4><strong>Niezr\u00f3wnana trwa\u0142o\u015b\u0107<\/strong><\/h4>\n<p>Wyposa\u017cony w niesamowit\u0105 pojemno\u015b\u0107 <strong>30 000 zaci\u0105gni\u0119\u0107<\/strong> Vookbar Cyber Pro eliminuje potrzeb\u0119 cz\u0119stych wymian, zapewniaj\u0105c d\u0142ugotrwa\u0142\u0105 satysfakcj\u0119. Zbiornik na e-liquid o pojemno\u015bci <strong>22ml<\/strong> pozwala cieszy\u0107 si\u0119 nieprzerwanym wapowaniem ulubionych smak\u00f3w.<\/p>\n<h4><strong>Mocny i \u0141adowalny<\/strong><\/h4>\n<p>Zasilany przez <strong>akumulator o pojemno\u015bci 650 mAh<\/strong>Vookbar Cyber Pro sprawia, \u017ce mo\u017cesz wapowa\u0107 przez ca\u0142y dzie\u0144. Port szybkiego \u0142adowania <strong>USB-C<\/strong> zapewnia, \u017ce mo\u017cesz szybko na\u0142adowa\u0107 urz\u0105dzenie i wr\u00f3ci\u0107 do wapowania bez zw\u0142oki.<\/p>\n<h4><strong>Wzmocniony Smak i Para<\/strong><\/h4>\n<p>Wyposa\u017cony w <strong>system podw\u00f3jnej siatki grzewczej<\/strong>to urz\u0105dzenie zapewnia bogate, sp\u00f3jne smaki i imponuj\u0105c\u0105 produkcj\u0119 pary. Regulowany przep\u0142yw powietrza daje Ci kontrol\u0119 nad intensywno\u015bci\u0105, dostosowuj\u0105c si\u0119 zar\u00f3wno do preferencji g\u0142adkiego, jak i mocnego wapowania.<\/p>\n<h4><strong>Inteligentna Technologia Ekranu Dotykowego<\/strong><\/h4>\n<p>Vookbar Cyber Pro wyr\u00f3\u017cnia si\u0119 ekranem dotykowym <strong>2.1-cala<\/strong>zapewniaj\u0105c bezproblemow\u0105 nawigacj\u0119 po jego funkcjach. Dzi\u0119ki \u0142\u0105czno\u015bci Bluetooth mo\u017cesz sparowa\u0107 go z aplikacj\u0105 Wearinos, aby spersonalizowa\u0107 swoje do\u015bwiadczenie - dostosowywa\u0107 ustawienia, ustawia\u0107 w\u0142asne tapety, a nawet uzyskiwa\u0107 dost\u0119p do unikalnych opcji, takich jak zdalne selfie i powiadomienia.<\/p>\n<h4><strong>Bezpiecze\u0144stwo i Wygoda<\/strong><\/h4>\n<p>Vookbar Cyber Pro zawiera funkcj\u0119 <strong>blokady rodzicielskiej<\/strong>, co czyni go bezpieczniejsz\u0105 opcj\u0105 dla gospodarstw domowych. Jest przeznaczony dla u\u017cytkownik\u00f3w o niskiej zawarto\u015bci nikotyny, z mocami <strong>0%, 2%, 3% i 5%<\/strong>, zaspokajaj\u0105c r\u00f3\u017cnorodne preferencje.<\/p>\n<h4><strong>Poza wapowaniem<\/strong><\/h4>\n<p>Przenie\u015b swoje do\u015bwiadczenie na wy\u017cszy poziom dzi\u0119ki dodatkowym funkcjom, takim jak minigry i powiadomienia z medi\u00f3w spo\u0142eczno\u015bciowych, p\u0142ynnie integruj\u0105c wapowanie ze swoim stylem \u017cycia. To co\u015b wi\u0119cej ni\u017c tylko waporyzator \u2014 to inteligentne urz\u0105dzenie dla wsp\u00f3\u0142czesnego u\u017cytkownika.<\/p>\n<h3><strong>Podnie\u015b poziom swojego do\u015bwiadczenia z wapowaniem<\/strong><\/h3>\n<p>Niezale\u017cnie od tego, czy kupujesz hurtowo, czy szukasz wyj\u0105tkowego jednorazowego e-papierosa, model <strong>Vookbar Cyber Pro 30000 Zaci\u0105gni\u0119\u0107<\/strong> oferuje idealne po\u0142\u0105czenie innowacji, wydajno\u015bci i stylu. Poznaj przysz\u0142o\u015b\u0107 wapowania ju\u017c dzi\u015b!<\/p>\n<p><span style=\"color: #ff0000;\"><strong>Dodaj Amy na WhatsApp, aby uzyska\u0107 szybk\u0105 odpowied\u017a i kupon na vape!<\/strong><\/span><\/p>\n<p><img fetchpriority=\"high\" decoding=\"async\" class=\"size-full wp-image-2932\" src=\"https:\/\/vapestornado.com\/wp-content\/uploads\/2024\/12\/Vape-Wholesale.jpg\" alt=\"Hurtowa sprzeda\u017c e-papieros\u00f3w\" width=\"229\" height=\"300\" \/><\/p>\n<h3><a href=\"https:\/\/wa.me\/8617776015835\" target=\"_blank\" rel=\"noopener\"><span style=\"color: #ff0000;\"><strong>WhatsApp: +86 17776015835<\/strong><\/span><\/a><\/h3>\n<p>&nbsp;<\/p>\n<h2 class=\"product-title\">Vookbar Cyber Pro 30000 Jednorazowy E-papieros<strong> Cechy Produktu<\/strong><\/h2>\n<div role=\"article\" data-tabster=\"{&quot;groupper&quot;:{&quot;tabbability&quot;:2},&quot;focusable&quot;:{}}\" data-content=\"ai-message\" aria-labelledby=\"juhNTJ6o7Gk1cgwZMJgv2-author juhNTJ6o7Gk1cgwZMJgv2-content\">\n<div id=\"juhNTJ6o7Gk1cgwZMJgv2-content\">\n<div role=\"article\" data-tabster=\"{&quot;groupper&quot;:{&quot;tabbability&quot;:2},&quot;focusable&quot;:{}}\" data-content=\"ai-message\" aria-labelledby=\"x4EZuCZWrTbh3weWUt7CU-author x4EZuCZWrTbh3weWUt7CU-content\">\n<div id=\"x4EZuCZWrTbh3weWUt7CU-content\">\n<div class=\"flex max-w-full flex-col flex-grow\">\n<div class=\"min-h-8 text-message flex w-full flex-col items-end gap-2 whitespace-normal break-words text-start [.text-message+&amp;]:mt-5\" dir=\"auto\" data-message-author-role=\"assistant\" data-message-id=\"52c6e00a-252f-4104-805d-2f1a84739c71\" data-message-model-slug=\"gpt-4o\">\n<div class=\"flex w-full flex-col gap-1 empty:hidden first:pt-[3px]\">\n<div class=\"markdown prose w-full break-words dark:prose-invert light\">\n<div class=\"flex max-w-full flex-col flex-grow\">\n<div class=\"min-h-8 text-message flex w-full flex-col items-end gap-2 whitespace-normal break-words text-start [.text-message+&amp;]:mt-5\" dir=\"auto\" data-message-author-role=\"assistant\" data-message-id=\"d3382d71-de90-4719-8ad8-700b383ac952\" data-message-model-slug=\"gpt-4o\">\n<div class=\"flex w-full flex-col gap-1 empty:hidden first:pt-[3px]\">\n<div class=\"markdown prose w-full break-words dark:prose-invert light\">\n<h3><\/h3>\n<ol>\n<li><strong>Du\u017ca pojemno\u015b\u0107 zaci\u0105gni\u0119\u0107<\/strong>: 30 000 zaci\u0105gni\u0119\u0107 dla d\u0142u\u017cszego u\u017cytkowania bez konieczno\u015bci wymiany.<\/li>\n<li><strong>Du\u017ca obj\u0119to\u015b\u0107 p\u0142ynu<\/strong>: pojemno\u015b\u0107 22 ml dla d\u0142ugotrwa\u0142ej przyjemno\u015bci smakowej.<\/li>\n<li><strong>Pot\u0119\u017cna Bateria<\/strong>: Akumulator o pojemno\u015bci 650 mAh z szybkim \u0142adowaniem typu C.<\/li>\n<li><strong>Podw\u00f3jna Siatka Grzewcza<\/strong>: Zapewnia g\u0119st\u0105 par\u0119 i g\u0142adkie, aromatyczne zaci\u0105gni\u0119cia.<\/li>\n<li><strong>Inteligentne sterowanie dotykowe<\/strong>: 2,1-calowy ekran dotykowy z \u0142\u0105czno\u015bci\u0105 Bluetooth i konfigurowalnymi ustawieniami.<\/li>\n<li><strong>Urz\u0105dzenie wielofunkcyjne<\/strong>: Obs\u0142uguje minigry, powiadomienia z medi\u00f3w spo\u0142eczno\u015bciowych i inne.<\/li>\n<li><strong>R\u00f3\u017cnorodno\u015b\u0107 nikotyn<\/strong>: Dost\u0119pne w st\u0119\u017ceniach nikotyny 0%, 2%, 3% i 5%.<\/li>\n<li><strong>Funkcje bezpiecze\u0144stwa<\/strong>: Wbudowana blokada rodzicielska dla niezawodnej ochrony.<\/li>\n<\/ol>\n<\/div>\n<\/div>\n<\/div>\n<\/div>\n<div class=\"mb-2 flex gap-3 empty:hidden -ml-2\">\n<div class=\"items-center justify-start rounded-xl p-1 flex\"><\/div>\n<\/div>\n<\/div>\n<\/div>\n<\/div>\n<\/div>\n<\/div>\n<\/div>\n<\/div>\n<\/div>\n<h2 class=\"product-title\"><strong>Popularny smak dla jednorazowych e-papieros\u00f3w Vookbar Cyber Pro 30000<\/strong><\/h2>\n<p>Kolekcja zawiera r\u00f3\u017cnorodne smaki, \u0142\u0105cz\u0105ce klasyczne owoce, tropikalne przysmaki i lodowe wyko\u0144czenia. Od s\u0142odkich i cierpkich kombinacji, takich jak <strong>Brzoskwinia Mango<\/strong> i <strong>Truskawka Kiwi<\/strong> po orze\u017awiaj\u0105ce mentolowe akcenty, takie jak <strong>Arbuzowy l\u00f3d<\/strong> i <strong>Niebieska Malina z Lodem<\/strong>, ka\u017cdy znajdzie co\u015b dla siebie.<\/p>\n<p>1.Niebieska malina lodowa <span style=\"color: #ff0000;\"><strong>&gt;&gt;&gt;&gt; Gor\u0105ce!<\/strong><\/span><br \/>\n2.Brzoskwinia lodowa<br \/>\n3.Winogronowy l\u00f3d<br \/>\n4.Truskawka arbuz <span style=\"color: #ff0000;\"><strong>&gt;&gt;&gt;&gt; Gor\u0105ce!<\/strong><\/span><br \/>\n5.Truskawka banan<br \/>\n6.Wi\u015bnia arbuz<br \/>\n7. Arbuz na lodzie<br \/>\n8.Brzoskwinia mango<br \/>\n9.Truskawka kiwi<br \/>\n10.Bia\u0142a truskawka l\u00f3d<br \/>\n11.Bia\u0142y \u017celkowy l\u00f3d<br \/>\n12.Mro\u017cona pinacolada<br \/>\n13.Cholernie bajeczny<br \/>\n14.Mojito z mieszanymi jagodami <span style=\"color: #ff0000;\"><strong>&gt;&gt;&gt;&gt; Najlepszy !<\/strong><\/span><\/p>\n<figure id=\"attachment_3554\" aria-describedby=\"caption-attachment-3554\" style=\"width: 1000px\" class=\"wp-caption alignnone\"><img decoding=\"async\" class=\"wp-image-3554 size-full\" src=\"https:\/\/vapestornado.com\/wp-content\/uploads\/2024\/12\/Bluetooth-Vape-Vookbar-Cyber-\u200b\u200bPro-30000-Puffs-Disposable-Vape-Wholesale.webp\" alt=\"Bluetooth Vape Vookbar Cyber Pro 30000 Puffs Jednorazowy e-papieros Hurt\" width=\"1000\" height=\"1000\" srcset=\"https:\/\/vapestornado.com\/wp-content\/uploads\/2024\/12\/Bluetooth-Vape-Vookbar-Cyber-\u200b\u200bPro-30000-Puffs-Disposable-Vape-Wholesale.webp 1000w, https:\/\/vapestornado.com\/wp-content\/uploads\/2024\/12\/Bluetooth-Vape-Vookbar-Cyber-\u200b\u200bPro-30000-Puffs-Disposable-Vape-Wholesale-300x300.webp 300w, https:\/\/vapestornado.com\/wp-content\/uploads\/2024\/12\/Bluetooth-Vape-Vookbar-Cyber-\u200b\u200bPro-30000-Puffs-Disposable-Vape-Wholesale-150x150.webp 150w, https:\/\/vapestornado.com\/wp-content\/uploads\/2024\/12\/Bluetooth-Vape-Vookbar-Cyber-\u200b\u200bPro-30000-Puffs-Disposable-Vape-Wholesale-768x768.webp 768w, https:\/\/vapestornado.com\/wp-content\/uploads\/2024\/12\/Bluetooth-Vape-Vookbar-Cyber-\u200b\u200bPro-30000-Puffs-Disposable-Vape-Wholesale-600x600.webp 600w, https:\/\/vapestornado.com\/wp-content\/uploads\/2024\/12\/Bluetooth-Vape-Vookbar-Cyber-\u200b\u200bPro-30000-Puffs-Disposable-Vape-Wholesale-100x100.webp 100w\" sizes=\"(max-width: 1000px) 100vw, 1000px\" \/><figcaption id=\"caption-attachment-3554\" class=\"wp-caption-text\">Bluetooth Vape Vookbar Cyber Pro 30000 Puffs Jednorazowy e-papieros Hurt<\/figcaption><\/figure>\n<div class=\"flex-shrink-0 flex flex-col relative items-end\">\n<div class=\"pt-0\">\n<div class=\"gizmo-bot-avatar flex h-8 w-8 items-center justify-center overflow-hidden rounded-full\">\n<div class=\"relative p-1 rounded-sm flex items-center justify-center bg-token-main-surface-primary text-token-text-primary h-8 w-8\">\n<h3>FAQS dla Vookbar Cyber Pro 30000 Jednorazowe e-papierosy<\/h3>\n<div class=\"flex max-w-full flex-col flex-grow\">\n<div class=\"min-h-8 text-message flex w-full flex-col items-end gap-2 whitespace-normal break-words text-start [.text-message+&amp;]:mt-5\" dir=\"auto\" data-message-author-role=\"assistant\" data-message-id=\"4dc48248-df95-45bd-b800-6dedb43cf7f1\" data-message-model-slug=\"gpt-4o\">\n<div class=\"flex w-full flex-col gap-1 empty:hidden first:pt-[3px]\">\n<div class=\"markdown prose w-full break-words dark:prose-invert light\">\n<ol>\n<li><strong>Jak d\u0142ugo wystarcza Vookbar Cyber Pro 30000 Puffs?<\/strong><br \/>\nUrz\u0105dzenie oferuje do 30 000 zaci\u0105gni\u0119\u0107, zapewniaj\u0105c d\u0142ugotrwa\u0142e u\u017cytkowanie bez cz\u0119stej wymiany.<\/li>\n<li><strong>Czy mog\u0119 dostosowa\u0107 przep\u0142yw powietrza w Vookbar 30000 Jednorazowy e-papieros?<\/strong><br \/>\nTak, regulowana funkcja przep\u0142ywu powietrza pozwala dostosowa\u0107 inhalacj\u0119 do spersonalizowanego do\u015bwiadczenia z vapingu.<\/li>\n<li><strong>Czy Vookbar Cyber Pro 30k Touch Jednorazowy e-papieros obs\u0142uguje szybkie \u0142adowanie?<\/strong><br \/>\nOczywi\u015bcie! Posiada port \u0142adowania Type-C do szybkiego i wydajnego \u0142adowania.<\/li>\n<li><strong>Jakie st\u0119\u017cenia nikotyny s\u0105 dost\u0119pne dla Vookbar 30000 e-papierosa wielokrotnego \u0142adowania?<\/strong><br \/>\nUrz\u0105dzenie jest dost\u0119pne w st\u0119\u017ceniach nikotyny 0%, 2%, 3% i 5%, zaspokajaj\u0105c r\u00f3\u017cne preferencje.<\/li>\n<li><strong>Jakie dodatkowe funkcje zapewnia ekran dotykowy?<\/strong><br \/>\n2,1-calowy ekran dotykowy pozwala na monitorowanie ustawie\u0144, \u0142\u0105czenie si\u0119 przez Bluetooth, dostosowywanie tapet, a nawet zdalne sterowanie selfie.<\/li>\n<\/ol>\n<\/div>\n<\/div>\n<\/div>\n<\/div>\n<\/div>\n<\/div>\n<\/div>\n<\/div>\n<div class=\"flex-shrink-0 flex flex-col relative items-end\">\n<div class=\"pt-0\">\n<div class=\"gizmo-bot-avatar flex h-8 w-8 items-center justify-center overflow-hidden rounded-full\">\n<div class=\"relative p-1 rounded-sm flex items-center justify-center bg-token-main-surface-primary text-token-text-primary h-8 w-8\">\n<div class=\"mb-2 flex gap-3 empty:hidden -ml-2\">\n<div role=\"article\" data-tabster=\"{&quot;groupper&quot;:{&quot;tabbability&quot;:2},&quot;focusable&quot;:{}}\" data-content=\"ai-message\" aria-labelledby=\"Vdt5ez4X7Tg813x6rFVha-author Vdt5ez4X7Tg813x6rFVha-content\">\n<div id=\"Vdt5ez4X7Tg813x6rFVha-content\">\n<div role=\"article\" data-tabster=\"{&quot;groupper&quot;:{&quot;tabbability&quot;:2},&quot;focusable&quot;:{}}\" data-content=\"ai-message\" aria-labelledby=\"o968oC7CEo2fGHsGdsRYC-author o968oC7CEo2fGHsGdsRYC-content\">\n<div id=\"o968oC7CEo2fGHsGdsRYC-content\">\n<h3>Dlaczego warto wybra\u0107 vapestornado do hurtowej sprzeda\u017cy jednorazowego e-papierosa Vookbar 30000 Touch?<\/h3>\n<div class=\"flex-shrink-0 flex flex-col relative items-end\">\n<div class=\"pt-0\">\n<div class=\"gizmo-bot-avatar flex h-8 w-8 items-center justify-center overflow-hidden rounded-full\">\n<div class=\"relative p-1 rounded-sm flex items-center justify-center bg-token-main-surface-primary text-token-text-primary h-8 w-8\">\n<p>Witamy w vapestornado, Twoim zaufanym sklepie internetowym z papierosami elektronicznymi premium. Z ponad 5-letnim do\u015bwiadczeniem, oferujemy popularne marki jednorazowych papieros\u00f3w elektronicznych, takie jak Fumot RandM Vape, <a href=\"https:\/\/vapestornado.com\/pl\/product-category\/vapme-shisha\/\">Vapme<\/a>, Bang Vape, Waspe Vape, and WGA Vape, itp.<\/p>\n<p>Nasza oferta obejmuje popularne e-papierosy, takie jak <a href=\"https:\/\/vapestornado.com\/pl\/product\/randm-12000-puffs-fumot-digital-disposable-vape-wholesale-price\/\">RandM Tornado 12000<\/a>, oraz bogate w smaku opcje, takie jak <a href=\"https:\/\/vapestornado.com\/pl\/product\/wga-crystal-pro-max-extra-15000-puffs-rechargeable-disposable-vape-wholesale-bulk-buy\/\">\u00a0WGA Crystal 15k Zaci\u0105gni\u0119\u0107<\/a> . Ka\u017cdy produkt jest wybierany z my\u015bl\u0105 o jako\u015bci, warto\u015bci i r\u00f3\u017cnorodno\u015bci, dzi\u0119ki czemu znajdziesz idealne dopasowanie do swoich potrzeb. Odkryj wyj\u0105tkow\u0105 obs\u0142ug\u0119 i szerok\u0105 gam\u0119 najlepszych produkt\u00f3w w cenach hurtowych na vapestornado.<\/p>\n<\/div>\n<p>&nbsp;<\/p>\n<p><strong>Inne popularne jednorazowe e-papierosy<\/strong><\/p>\n<p><a href=\"https:\/\/vapestornado.com\/pl\/product\/bang-vape-35000-puffs-low-nicotine-bulk-buy-rechargeable-disposable-vapes-box-wholesale-price\/\">Bang Vape 35000 Zaci\u0105gni\u0119\u0107 <span style=\"color: #ff0000;\"><strong>&gt;&gt;&gt;&gt; Dalej !<\/strong><\/span><\/a><\/p>\n<p><a href=\"https:\/\/vapestornado.com\/pl\/product\/vopk-ultra-40000-puffs-2-in-1-digital-screen-rechargeable-disposable-vape\/\">VOPK 40000 Podw\u00f3jny Smak<span style=\"color: #ff0000;\"><strong>&gt;&gt;&gt;&gt; Dalej !<\/strong><\/span><\/a><\/p>\n<p><a href=\"https:\/\/vapestornado.com\/pl\/product\/bood-twins-46000-puff-double-flavour-low-nicotine-disposable-vape-wholesale-bulk-buy-price\/\">Bood Twins 46000<span style=\"color: #ff0000;\"><strong>&gt;&gt;&gt;&gt; Dalej !<\/strong><\/span><\/a><\/p>\n<\/div>\n<\/div>\n<\/div>\n<p>&nbsp;<\/p>\n<\/div>\n<\/div>\n<\/div>\n<\/div>\n<\/div>\n<\/div>\n<\/div>\n<\/div>\n<\/div>","protected":false},"excerpt":{"rendered":"<p>Gor\u0105cy Vookbar Cyber Pro 30000 Puffs 2% Niska Nikotyna Jednorazowy E-papieros<br \/>\nVookbar Vape Cyber Pro 30000 Puffs Cyfrowy Wy\u015bwietlacz Jednorazowy E-papieros Zakup Hurtowy<br \/>\nVookbar Cyber Pro 30k Dotykowy Jednorazowy E-papieros z Mo\u017cliwo\u015bci\u0105 \u0141adowania Sprzeda\u017c Hurtowa<\/p>\n<p><strong>Dodaj Amy do WhatsAppa, aby uzyska\u0107 szybk\u0105 odpowied\u017a i kupon na vape!<\/strong><\/p>\n<p><img fetchpriority=\"high\" decoding=\"async\" class=\"size-full wp-image-2932\" src=\"https:\/\/vapestornado.com\/wp-content\/uploads\/2024\/12\/Vape-Wholesale.jpg\" alt=\"Hurtowa sprzeda\u017c e-papieros\u00f3w\" width=\"229\" height=\"300\" \/><\/p>\n<h3><a href=\"https:\/\/wa.me\/8617776015835\"><span style=\"color: #ff0000;\"><strong>WhatsApp: +86 17776015835<\/strong><\/span><\/a><\/h3>\n<p>&nbsp;<\/p>","protected":false},"featured_media":3388,"comment_status":"open","ping_status":"closed","template":"","meta":{"_acf_changed":false,"_uag_custom_page_level_css":"","_lmt_disableupdate":"no","_lmt_disable":"","_monsterinsights_skip_tracking":false,"_monsterinsights_sitenote_active":false,"_monsterinsights_sitenote_note":"","_monsterinsights_sitenote_category":0,"site-sidebar-layout":"default","site-content-layout":"","ast-site-content-layout":"default","site-content-style":"default","site-sidebar-style":"default","ast-global-header-display":"","ast-banner-title-visibility":"","ast-main-header-display":"","ast-hfb-above-header-display":"","ast-hfb-below-header-display":"","ast-hfb-mobile-header-display":"","site-post-title":"","ast-breadcrumbs-content":"","ast-featured-img":"","footer-sml-layout":"","ast-disable-related-posts":"","theme-transparent-header-meta":"default","adv-header-id-meta":"","stick-header-meta":"","header-above-stick-meta":"","header-main-stick-meta":"","header-below-stick-meta":"","astra-migrate-meta-layouts":"set","ast-page-background-enabled":"default","ast-page-background-meta":{"desktop":{"background-color":"","background-image":"","background-repeat":"repeat","background-position":"center center","background-size":"auto","background-attachment":"scroll","background-type":"","background-media":"","overlay-type":"","overlay-color":"","overlay-opacity":"","overlay-gradient":""},"tablet":{"background-color":"","background-image":"","background-repeat":"repeat","background-position":"center center","background-size":"auto","background-attachment":"scroll","background-type":"","background-media":"","overlay-type":"","overlay-color":"","overlay-opacity":"","overlay-gradient":""},"mobile":{"background-color":"","background-image":"","background-repeat":"repeat","background-position":"center center","background-size":"auto","background-attachment":"scroll","background-type":"","background-media":"","overlay-type":"","overlay-color":"","overlay-opacity":"","overlay-gradient":""}},"ast-content-background-meta":{"desktop":{"background-color":"var(--ast-global-color-5)","background-image":"","background-repeat":"repeat","background-position":"center center","background-size":"auto","background-attachment":"scroll","background-type":"","background-media":"","overlay-type":"","overlay-color":"","overlay-opacity":"","overlay-gradient":""},"tablet":{"background-color":"var(--ast-global-color-5)","background-image":"","background-repeat":"repeat","background-position":"center center","background-size":"auto","background-attachment":"scroll","background-type":"","background-media":"","overlay-type":"","overlay-color":"","overlay-opacity":"","overlay-gradient":""},"mobile":{"background-color":"var(--ast-global-color-5)","background-image":"","background-repeat":"repeat","background-position":"center center","background-size":"auto","background-attachment":"scroll","background-type":"","background-media":"","overlay-type":"","overlay-color":"","overlay-opacity":"","overlay-gradient":""}},"_joinchat":{"telephone":"+8617776015835"}},"product_brand":[],"product_cat":[140,67,150,154,160,142,146],"product_tag":[165,105,97,166,94,207,208],"class_list":{"0":"post-3394","1":"product","2":"type-product","3":"status-publish","4":"has-post-thumbnail","6":"product_cat-big-puffs-disposable-vapes","7":"product_cat-30000-puff","8":"product_cat-buy-disposable-vapes-in-belgium","9":"product_cat-buy-disposable-vapes-in-netherlands","10":"product_cat-buy-disposable-vapes-in-switzerland","11":"product_cat-digital-box-disposable-vapes","12":"product_cat-rechargeable-disposable-vapes","13":"product_tag-cheap-vapes","14":"product_tag-digital-disposable-vape","15":"product_tag-hot-sale-disposable-vape","16":"product_tag-low-nicotine-vape","17":"product_tag-rechargeable-disposable-vape","18":"product_tag-vookbar-cyber-pro-30000","19":"product_tag-vookbar-vape","20":"desktop-align-left","21":"tablet-align-left","22":"mobile-align-left","24":"first","25":"instock","26":"sale","27":"shipping-taxable","28":"purchasable","29":"product-type-simple"},"acf":[],"uagb_featured_image_src":{"full":["https:\/\/vapestornado.com\/wp-content\/uploads\/2024\/12\/Vookbar-Cyber-\u200b\u200bPro-30k-Vape-Wholesale.jpg",1000,1000,false],"thumbnail":["https:\/\/vapestornado.com\/wp-content\/uploads\/2024\/12\/Vookbar-Cyber-\u200b\u200bPro-30k-Vape-Wholesale-150x150.jpg",150,150,true],"medium":["https:\/\/vapestornado.com\/wp-content\/uploads\/2024\/12\/Vookbar-Cyber-\u200b\u200bPro-30k-Vape-Wholesale-300x300.jpg",300,300,true],"medium_large":["https:\/\/vapestornado.com\/wp-content\/uploads\/2024\/12\/Vookbar-Cyber-\u200b\u200bPro-30k-Vape-Wholesale-768x768.jpg",768,768,true],"large":["https:\/\/vapestornado.com\/wp-content\/uploads\/2024\/12\/Vookbar-Cyber-\u200b\u200bPro-30k-Vape-Wholesale.jpg",1000,1000,false],"1536x1536":["https:\/\/vapestornado.com\/wp-content\/uploads\/2024\/12\/Vookbar-Cyber-\u200b\u200bPro-30k-Vape-Wholesale.jpg",1000,1000,false],"2048x2048":["https:\/\/vapestornado.com\/wp-content\/uploads\/2024\/12\/Vookbar-Cyber-\u200b\u200bPro-30k-Vape-Wholesale.jpg",1000,1000,false],"trp-custom-language-flag":["https:\/\/vapestornado.com\/wp-content\/uploads\/2024\/12\/Vookbar-Cyber-\u200b\u200bPro-30k-Vape-Wholesale.jpg",12,12,false],"woocommerce_thumbnail":["https:\/\/vapestornado.com\/wp-content\/uploads\/2024\/12\/Vookbar-Cyber-\u200b\u200bPro-30k-Vape-Wholesale-300x300.jpg",300,300,true],"woocommerce_single":["https:\/\/vapestornado.com\/wp-content\/uploads\/2024\/12\/Vookbar-Cyber-\u200b\u200bPro-30k-Vape-Wholesale-600x600.jpg",600,600,true],"woocommerce_gallery_thumbnail":["https:\/\/vapestornado.com\/wp-content\/uploads\/2024\/12\/Vookbar-Cyber-\u200b\u200bPro-30k-Vape-Wholesale-100x100.jpg",100,100,true]},"uagb_author_info":{"display_name":"ESAMY","author_link":"https:\/\/vapestornado.com\/pl\/author\/"},"uagb_comment_info":0,"uagb_excerpt":"Hot Vookbar Cyber Pro 30000 Puffs 2% Low Nicotine Disposable Vape Vookbar Vape Cyber Pro 30000 Puffs Digital Display Disposable Vape Bulk Buy Vookbar Cyber Pro 30k Touch Rechargeable Disposable Vape Wholesale Add Amy's whatsapp get right reply and vape coupon! WhatsApp: +86 17776015835 &nbsp;","_links":{"self":[{"href":"https:\/\/vapestornado.com\/pl\/wp-json\/wp\/v2\/product\/3394","targetHints":{"allow":["GET"]}}],"collection":[{"href":"https:\/\/vapestornado.com\/pl\/wp-json\/wp\/v2\/product"}],"about":[{"href":"https:\/\/vapestornado.com\/pl\/wp-json\/wp\/v2\/types\/product"}],"replies":[{"embeddable":true,"href":"https:\/\/vapestornado.com\/pl\/wp-json\/wp\/v2\/comments?post=3394"}],"wp:featuredmedia":[{"embeddable":true,"href":"https:\/\/vapestornado.com\/pl\/wp-json\/wp\/v2\/media\/3388"}],"wp:attachment":[{"href":"https:\/\/vapestornado.com\/pl\/wp-json\/wp\/v2\/media?parent=3394"}],"wp:term":[{"taxonomy":"product_brand","embeddable":true,"href":"https:\/\/vapestornado.com\/pl\/wp-json\/wp\/v2\/product_brand?post=3394"},{"taxonomy":"product_cat","embeddable":true,"href":"https:\/\/vapestornado.com\/pl\/wp-json\/wp\/v2\/product_cat?post=3394"},{"taxonomy":"product_tag","embeddable":true,"href":"https:\/\/vapestornado.com\/pl\/wp-json\/wp\/v2\/product_tag?post=3394"}],"curies":[{"name":"wp","href":"https:\/\/api.w.org\/{rel}","templated":true}]}}