{"id":3386,"date":"2024-12-26T06:35:55","date_gmt":"2024-12-26T06:35:55","guid":{"rendered":"https:\/\/vapestornado.com\/?post_type=product&#038;p=3386"},"modified":"2025-08-23T08:57:06","modified_gmt":"2025-08-23T08:57:06","slug":"bood-30k-puffs-geek-bar-cheap-price-rechargeable-vape","status":"publish","type":"product","link":"https:\/\/vapestornado.com\/pl\/product\/bood-30k-puffs-geek-bar-cheap-price-rechargeable-vape\/","title":{"rendered":"BOOD 30k Zaci\u0105gni\u0119\u0107 Geek Bar Tanie Cena Vape Z Mo\u017cliwo\u015bci\u0105 \u0141adowania"},"content":{"rendered":"<h1>BOOD INFINITY 30k Puffs Geek Bar Tani Wape Wielokrotnego \u0141adowania<\/h1>\n<p>&nbsp;<\/p>\n<div role=\"article\" data-tabster=\"{&quot;groupper&quot;:{&quot;tabbability&quot;:2},&quot;focusable&quot;:{}}\" data-content=\"ai-message\" aria-labelledby=\"64JRvXrTnY7mRmPkEQLLT-author 64JRvXrTnY7mRmPkEQLLT-content\">\n<div id=\"64JRvXrTnY7mRmPkEQLLT-content\">\n<p data-start=\"300\" data-end=\"543\">Cyfrowy ekran <strong data-start=\"304\" data-end=\"358\">BOOD INFINITY 30000 Zaci\u0105gni\u0119\u0107 Jednorazowy Vape Geek Bar<\/strong> \u0142\u0105czy pojemno\u015b\u0107, styl i wydajno\u015b\u0107 w jednym pot\u0119\u017cnym urz\u0105dzeniu. Z a\u017c do <strong data-start=\"436\" data-end=\"452\">30 000 zaci\u0105gni\u0119\u0107<\/strong> i <strong data-start=\"459\" data-end=\"490\">akumulator o pojemno\u015bci 650 mAh<\/strong>, zapewnia d\u0142ugotrwa\u0142e u\u017cytkowanie przy jednoczesnym zmniejszeniu ilo\u015bci odpad\u00f3w.<\/p>\n<p data-start=\"545\" data-end=\"844\">Wyposa\u017cony w <strong data-start=\"562\" data-end=\"600\">P\u0142yn do e-papieros\u00f3w<\/strong>, u\u017cytkownicy mog\u0105 sprawdza\u0107 poziom baterii i e-liquidu w czasie rzeczywistym, co zapewnia bezproblemowe u\u017cytkowanie. Funkcja <strong data-start=\"693\" data-end=\"718\">system podw\u00f3jnej siatki grzewczej<\/strong> zwi\u0119ksza g\u0119sto\u015b\u0107 pary i sp\u00f3jno\u015b\u0107 smaku, a <strong data-start=\"776\" data-end=\"798\">regulowanym przep\u0142ywem powietrza<\/strong> pozwala ka\u017cdemu u\u017cytkownikowi spersonalizowa\u0107 swoje zaci\u0105gni\u0119cie.<\/p>\n<p data-start=\"846\" data-end=\"1065\">Kompaktowy i trwa\u0142y <strong data-start=\"871\" data-end=\"908\">BOOD INFINITY 30K Jednorazowy Vape<\/strong> zapewnia g\u0142adkie chmury i bogaty smak, co czyni go praktycznym wyborem dla hurtownik\u00f3w, detalist\u00f3w i indywidualnych u\u017cytkownik\u00f3w poszukuj\u0105cych niezawodnych vape o du\u017cej pojemno\u015bci.<\/p>\n<\/div>\n<\/div>\n<p><img fetchpriority=\"high\" decoding=\"async\" class=\"alignleft wp-image-2951 size-medium\" src=\"https:\/\/vapestornado.com\/wp-content\/uploads\/2024\/12\/Wholesale-Disposable-Vape-265x300.jpg\" alt=\"Hurtownia jednorazowych vape\" width=\"265\" height=\"300\" srcset=\"https:\/\/vapestornado.com\/wp-content\/uploads\/2024\/12\/Wholesale-Disposable-Vape-265x300.jpg 265w, https:\/\/vapestornado.com\/wp-content\/uploads\/2024\/12\/Wholesale-Disposable-Vape-768x871.jpg 768w, https:\/\/vapestornado.com\/wp-content\/uploads\/2024\/12\/Wholesale-Disposable-Vape-600x680.jpg 600w, https:\/\/vapestornado.com\/wp-content\/uploads\/2024\/12\/Wholesale-Disposable-Vape.jpg 823w\" sizes=\"(max-width: 265px) 100vw, 265px\" \/><\/p>\n<h6>Skontaktuj si\u0119 z Mandy przez WhatsApp, aby uzyska\u0107 cen\u0119 promocyjn\u0105<a href=\"https:\/\/wa.me\/8618077105796\" target=\"_blank\" rel=\"noopener\">+8618077105796<\/a><\/h6>\n<div class=\"flex max-w-full flex-col flex-grow\">\n<div class=\"min-h-8 text-message flex w-full flex-col items-end gap-2 whitespace-normal break-words text-start [.text-message+&amp;]:mt-5\" dir=\"auto\" data-message-author-role=\"assistant\" data-message-id=\"cdb991c0-f594-4bff-b2d5-fbbdd7ce9e54\" data-message-model-slug=\"gpt-4o-mini\">\n<div class=\"flex w-full flex-col gap-1 empty:hidden first:pt-[3px]\">\n<div class=\"markdown prose w-full break-words dark:prose-invert light\"><\/div>\n<\/div>\n<\/div>\n<\/div>\n<div class=\"mb-2 flex gap-3 empty:hidden -ml-2\">\n<h2><strong>Gor\u0105ce specyfikacje wap\u00f3w BOOD INFINITY 30K PUFF<\/strong><\/h2>\n<ul>\n<li><strong>Ogromna pojemno\u015b\u0107 30 tys. zaci\u0105gni\u0119\u0107<\/strong>: Zaprojektowany do d\u0142ugotrwa\u0142ych sesji vapingu, oferuj\u0105cy do 30 000 zaci\u0105gni\u0119\u0107 dla naprawd\u0119 d\u0142ugotrwa\u0142ego do\u015bwiadczenia.<\/li>\n<li><strong>P\u0142yn do e-papieros\u00f3w<\/strong>: Posiada zintegrowany wy\u015bwietlacz do \u015bledzenia poziom\u00f3w p\u0142ynu do e-papieros\u00f3w i \u017cywotno\u015bci baterii, zapewniaj\u0105c p\u0142ynne u\u017cytkowanie bez przerw.<\/li>\n<li><strong>Zaawansowana technologia podw\u00f3jnej cewki siatkowej<\/strong>: Zapewnia zwi\u0119kszon\u0105 intensywno\u015b\u0107 smaku, p\u0142ynn\u0105 produkcj\u0119 pary i satysfakcjonuj\u0105ce uderzenie w gard\u0142o przy ka\u017cdym zaci\u0105gni\u0119ciu.<\/li>\n<li><strong>Konstrukcja wielokrotnego \u0142adowania z kompatybilno\u015bci\u0105 USB<\/strong>: Zbudowany z przyjaznym dla \u015brodowiska systemem wielokrotnego \u0142adowania, eliminuj\u0105c potrzeb\u0119 cz\u0119stych wymian.<\/li>\n<li><strong>Bateria o du\u017cej pojemno\u015bci 650 mAh<\/strong>: Oferuje niezawodn\u0105 i sta\u0142\u0105 moc, w po\u0142\u0105czeniu z szybkim \u0142adowaniem dla maksymalnej wygody.<\/li>\n<\/ul>\n<\/div>\n<h2>Lista smak\u00f3w do zakupu hurtowego wapu bood 30k Puffs:<\/h2>\n<p>1 TRUSKAWKA ARBUZ<br \/>\n2 BRZOSKWINIOWE MANGO ANANAS<br \/>\n3 LUSH ICE<br \/>\n4 BERRY BURST<br \/>\n5 TRUSKAWKOWE KIWI<br \/>\n6 HAWAJE<br \/>\n7 BLUE RAZZ ICE<br \/>\n8 JAGODOWA LEMONIADA<br \/>\n9 BLACK ICE<br \/>\n10 TIFFANY<\/p>\n<div role=\"article\" data-tabster=\"{&quot;groupper&quot;:{&quot;tabbability&quot;:2},&quot;focusable&quot;:{}}\" data-content=\"ai-message\" aria-labelledby=\"dARUyEWDoEYhnSPXFwx5A-author dARUyEWDoEYhnSPXFwx5A-content\">\n<div id=\"dARUyEWDoEYhnSPXFwx5A-content\">\n<h3>Dlaczego wybra\u0107 BOOD INFINITY 30K Puffs na vapestornado.com?<\/h3>\n<p>BOOD INFINITY 30K Puffs wyr\u00f3\u017cnia si\u0119 jako rewolucja w \u015bwiecie vapingu, a vapestornado.com to idealne miejsce, aby w pe\u0142ni wykorzysta\u0107 jego potencja\u0142. Oto dlaczego:<\/p>\n<ol>\n<li><strong>Ogromna pojemno\u015b\u0107 zaci\u0105gni\u0119\u0107:<\/strong> Dzi\u0119ki niesamowitej <strong>\u017cywotno\u015bci 30 000 zaci\u0105gni\u0119\u0107<\/strong>, BOOD INFINITY jest zaprojektowany do d\u0142ugotrwa\u0142ego u\u017cytkowania, zmniejszaj\u0105c potrzeb\u0119 cz\u0119stej wymiany i oferuj\u0105c wyj\u0105tkow\u0105 warto\u015b\u0107.<\/li>\n<li><strong>Zaawansowana technologia:<\/strong> Wyposa\u017cony w <strong>podw\u00f3jna siatka grzewcza<\/strong>, to urz\u0105dzenie zapewnia g\u0119st\u0105 produkcj\u0119 pary i bogate, sp\u00f3jne smaki, ulepszaj\u0105c ka\u017cde zaci\u0105gni\u0119cie dla najwy\u017cszej jako\u015bci do\u015bwiadczenia z vapingu.<\/li>\n<li><strong>Inteligentne monitorowanie:<\/strong> Cyfrowy ekran <strong>E-liquid<\/strong> dostarcza aktualizacje w czasie rzeczywistym na temat poziomu e-liquidu i stanu baterii, zapewniaj\u0105c, \u017ce zawsze masz kontrol\u0119 nad swoim vape'em.<\/li>\n<li><strong>Mo\u017cliwo\u015b\u0107 dostosowania do\u015bwiadczenia:<\/strong> Z <strong>regulowany system przep\u0142ywu powietrza<\/strong>, mo\u017cesz dostosowa\u0107 styl wapowania do swoich preferencji, niezale\u017cnie od tego, czy wolisz cia\u015bniejszy zaci\u0105g, czy bardziej otwarty przep\u0142yw powietrza.<\/li>\n<li><strong>Ekologiczny design:<\/strong> Wyposa\u017cony w <strong>akumulator 650mAh z mo\u017cliwo\u015bci\u0105 \u0142adowania<\/strong>, BOOD INFINITY wspiera zr\u00f3wnowa\u017cone praktyki wapowania, minimalizuj\u0105c ilo\u015b\u0107 odpad\u00f3w.<\/li>\n<li><strong>Konkurencyjne ceny:<\/strong> Na vapestornado.com oferujemy to wysokowydajne urz\u0105dzenie w <strong>niska cena<\/strong>, co zapewnia najwy\u017csz\u0105 jako\u015b\u0107 bez obci\u0105\u017cania bud\u017cetu.<\/li>\n<li><strong>Szybka i niezawodna wysy\u0142ka:<\/strong> Wszystkie zam\u00f3wienia s\u0105 wysy\u0142ane szybko i bezpiecznie, z opcjami dostawy dopasowanymi do Twoich potrzeb.<\/li>\n<\/ol>\n<p>vapestornado.com d\u0105\u017cy do dostarczania najwy\u017cszej klasy produkt\u00f3w do wapowania i wyj\u0105tkowej obs\u0142ugi klienta. Zr\u00f3b zakupy ju\u017c dzi\u015b i odkryj, dlaczego BOOD INFINITY 30K Puffs to idealny wyb\u00f3r, kt\u00f3ry zapewnia d\u0142ugotrwa\u0142e, bogate w funkcje i niedrogie wra\u017cenia z wapowania!<\/p>\n<\/div>\n<\/div>\n<h3>Najcz\u0119\u015bciej zadawane pytania dotycz\u0105ce BOOD INFINITY 30k Puffs<\/h3>\n<p><strong>1. Jak d\u0142ugo dzia\u0142a BOOD INFINITY 30k Puffs?<\/strong><br \/>\nBOOD INFINITY zosta\u0142 zaprojektowany, aby zapewni\u0107 do 30 000 zaci\u0105gni\u0119\u0107, co czyni go doskona\u0142ym wyborem do d\u0142ugotrwa\u0142ego u\u017cytkowania bez cz\u0119stej wymiany. Rzeczywisty czas u\u017cytkowania mo\u017ce si\u0119 r\u00f3\u017cni\u0107 w zale\u017cno\u015bci od indywidualnych nawyk\u00f3w wapowania.<\/p>\n<p><strong>2. Czy e-papieros Bood 30000 zaci\u0105gni\u0119\u0107 wymaga \u0142adowania?<\/strong><br \/>\nTak, BOOD INFINITY posiada akumulator, <strong>bateri\u0119 650 mAh<\/strong> aby zapewni\u0107 sta\u0142\u0105 wydajno\u015b\u0107. Wystarczy u\u017cy\u0107 kompatybilnego kabla \u0142aduj\u0105cego, aby na\u0142adowa\u0107 urz\u0105dzenie w razie potrzeby.<\/p>\n<p><strong>3. Co wyr\u00f3\u017cnia BOOD INFINITY 30k Puffs na tle innych jednorazowych e-papieros\u00f3w?<\/strong><br \/>\nTen e-papieros wyr\u00f3\u017cnia si\u0119 dzi\u0119ki <strong>E-liquid<\/strong>, kt\u00f3ry pozwala u\u017cytkownikom \u0142atwo monitorowa\u0107 poziom e-liquidu i \u017cywotno\u015b\u0107 baterii. Dodatkowo, jego <strong>Technologia podw\u00f3jnej siatki grzewczej (Double Mesh Coil)<\/strong> zapewnia g\u0142adsz\u0105 par\u0119 i bogaty smak z ka\u017cdym zaci\u0105gni\u0119ciem.<\/p>\n<p>4.<strong>Jak d\u0142ugo trwa dostawa mojego zam\u00f3wienia i sk\u0105d jest wysy\u0142ane?<\/strong><br \/>\nProdukcja BOOD INFINITY wymaga <strong>3-5 dni roboczych<\/strong>, a po wysy\u0142ce paczka dociera w ci\u0105gu <strong>10-15 dni roboczych<\/strong> . Wszystkie produkty s\u0105 wysy\u0142ane bezpo\u015brednio z <strong>Chin<\/strong>.<\/p>\n<p>inne vape, kt\u00f3re mog\u0105 Ci si\u0119 spodoba\u0107:<a href=\"https:\/\/vapestornado.com\/pl\/product-category\/bood-disposable-vapes\/\">BOOD VAPE JEDNORAZOWY<\/a>\u00a0 \u00a0<a href=\"https:\/\/vapestornado.com\/pl\/product-category\/30000-puff\/\">30000 Zaci\u0105gni\u0119\u0107 vape gor\u0105ca sprzeda\u017c\u00a0<\/a><\/p>","protected":false},"excerpt":{"rendered":"<p>BOOD 30k Puffs Geek Bar Vape: Wape wielokrotnego \u0142adowania, przyst\u0119pny cenowo, oferuj\u0105cy 30 000 zaci\u0105gni\u0119\u0107. Kup teraz, aby cieszy\u0107 si\u0119 najwy\u017csz\u0105 jako\u015bci\u0105 w najlepszej cenie!<\/p>\n<figure id=\"attachment_2951\" aria-describedby=\"caption-attachment-2951\" style=\"width: 265px\" class=\"wp-caption alignnone\"><img decoding=\"async\" class=\"size-medium wp-image-2951\" src=\"https:\/\/vapestornado.com\/wp-content\/uploads\/2024\/12\/Wholesale-Disposable-Vape-265x300.jpg\" alt=\"Hurtownia jednorazowych vape\" width=\"265\" height=\"300\" srcset=\"https:\/\/vapestornado.com\/wp-content\/uploads\/2024\/12\/Wholesale-Disposable-Vape-265x300.jpg 265w, https:\/\/vapestornado.com\/wp-content\/uploads\/2024\/12\/Wholesale-Disposable-Vape-768x871.jpg 768w, https:\/\/vapestornado.com\/wp-content\/uploads\/2024\/12\/Wholesale-Disposable-Vape-600x680.jpg 600w, https:\/\/vapestornado.com\/wp-content\/uploads\/2024\/12\/Wholesale-Disposable-Vape.jpg 823w\" sizes=\"(max-width: 265px) 100vw, 265px\" \/><figcaption id=\"caption-attachment-2951\" class=\"wp-caption-text\">Skontaktuj si\u0119 z Mandy przez WhatsApp, aby uzyska\u0107 cen\u0119 promocyjn\u0105\u00a0 <a href=\"https:\/\/wa.me\/8618077105796\">+8618077105796<\/a><\/figcaption><\/figure>\n<p>&nbsp;<\/p>","protected":false},"featured_media":3495,"comment_status":"open","ping_status":"closed","template":"","meta":{"_acf_changed":false,"_uag_custom_page_level_css":"","_lmt_disableupdate":"no","_lmt_disable":"","_monsterinsights_skip_tracking":false,"_monsterinsights_sitenote_active":false,"_monsterinsights_sitenote_note":"","_monsterinsights_sitenote_category":0,"site-sidebar-layout":"default","site-content-layout":"","ast-site-content-layout":"default","site-content-style":"default","site-sidebar-style":"default","ast-global-header-display":"","ast-banner-title-visibility":"","ast-main-header-display":"","ast-hfb-above-header-display":"","ast-hfb-below-header-display":"","ast-hfb-mobile-header-display":"","site-post-title":"","ast-breadcrumbs-content":"","ast-featured-img":"","footer-sml-layout":"","ast-disable-related-posts":"","theme-transparent-header-meta":"default","adv-header-id-meta":"","stick-header-meta":"","header-above-stick-meta":"","header-main-stick-meta":"","header-below-stick-meta":"","astra-migrate-meta-layouts":"set","ast-page-background-enabled":"default","ast-page-background-meta":{"desktop":{"background-color":"","background-image":"","background-repeat":"repeat","background-position":"center center","background-size":"auto","background-attachment":"scroll","background-type":"","background-media":"","overlay-type":"","overlay-color":"","overlay-opacity":"","overlay-gradient":""},"tablet":{"background-color":"","background-image":"","background-repeat":"repeat","background-position":"center center","background-size":"auto","background-attachment":"scroll","background-type":"","background-media":"","overlay-type":"","overlay-color":"","overlay-opacity":"","overlay-gradient":""},"mobile":{"background-color":"","background-image":"","background-repeat":"repeat","background-position":"center center","background-size":"auto","background-attachment":"scroll","background-type":"","background-media":"","overlay-type":"","overlay-color":"","overlay-opacity":"","overlay-gradient":""}},"ast-content-background-meta":{"desktop":{"background-color":"var(--ast-global-color-5)","background-image":"","background-repeat":"repeat","background-position":"center center","background-size":"auto","background-attachment":"scroll","background-type":"","background-media":"","overlay-type":"","overlay-color":"","overlay-opacity":"","overlay-gradient":""},"tablet":{"background-color":"var(--ast-global-color-5)","background-image":"","background-repeat":"repeat","background-position":"center center","background-size":"auto","background-attachment":"scroll","background-type":"","background-media":"","overlay-type":"","overlay-color":"","overlay-opacity":"","overlay-gradient":""},"mobile":{"background-color":"var(--ast-global-color-5)","background-image":"","background-repeat":"repeat","background-position":"center center","background-size":"auto","background-attachment":"scroll","background-type":"","background-media":"","overlay-type":"","overlay-color":"","overlay-opacity":"","overlay-gradient":""}},"_joinchat":{"telephone":"+8618077105796"}},"product_brand":[],"product_cat":[67,64,140,193,149,150,151,152,153,154,155,156,157,158,58],"product_tag":[209,97],"class_list":{"0":"post-3386","1":"product","2":"type-product","3":"status-publish","4":"has-post-thumbnail","6":"product_cat-30000-puff","7":"product_cat-bangbox-vape","8":"product_cat-big-puffs-disposable-vapes","9":"product_cat-bood-disposable-vapes","10":"product_cat-buy-disposable-vapes-in-austria","11":"product_cat-buy-disposable-vapes-in-belgium","12":"product_cat-buy-disposable-vapes-in-france","13":"product_cat-buy-disposable-vapes-in-cermany","14":"product_cat-buy-disposable-vapes-in-italy","15":"product_cat-buy-disposable-vapes-in-netherlands","16":"product_cat-buy-disposable-vapes-in-norway","17":"product_cat-buy-disposable-vapes-in-poland","18":"product_cat-buy-disposable-vapes-in-portugal","19":"product_cat-buy-disposable-vapes-in-spain","20":"product_cat-fumot-vape","21":"product_tag-bood-infinity-30k-puffs","22":"product_tag-hot-sale-disposable-vape","23":"desktop-align-left","24":"tablet-align-left","25":"mobile-align-left","27":"first","28":"instock","29":"sale","30":"shipping-taxable","31":"purchasable","32":"product-type-simple"},"acf":[],"uagb_featured_image_src":{"full":["https:\/\/vapestornado.com\/wp-content\/uploads\/2024\/12\/bood-infinity-30k-blue-razz-ice-cheap-price.jpg",800,800,false],"thumbnail":["https:\/\/vapestornado.com\/wp-content\/uploads\/2024\/12\/bood-infinity-30k-blue-razz-ice-cheap-price-150x150.jpg",150,150,true],"medium":["https:\/\/vapestornado.com\/wp-content\/uploads\/2024\/12\/bood-infinity-30k-blue-razz-ice-cheap-price-300x300.jpg",300,300,true],"medium_large":["https:\/\/vapestornado.com\/wp-content\/uploads\/2024\/12\/bood-infinity-30k-blue-razz-ice-cheap-price-768x768.jpg",768,768,true],"large":["https:\/\/vapestornado.com\/wp-content\/uploads\/2024\/12\/bood-infinity-30k-blue-razz-ice-cheap-price.jpg",800,800,false],"1536x1536":["https:\/\/vapestornado.com\/wp-content\/uploads\/2024\/12\/bood-infinity-30k-blue-razz-ice-cheap-price.jpg",800,800,false],"2048x2048":["https:\/\/vapestornado.com\/wp-content\/uploads\/2024\/12\/bood-infinity-30k-blue-razz-ice-cheap-price.jpg",800,800,false],"trp-custom-language-flag":["https:\/\/vapestornado.com\/wp-content\/uploads\/2024\/12\/bood-infinity-30k-blue-razz-ice-cheap-price.jpg",12,12,false],"woocommerce_thumbnail":["https:\/\/vapestornado.com\/wp-content\/uploads\/2024\/12\/bood-infinity-30k-blue-razz-ice-cheap-price-300x300.jpg",300,300,true],"woocommerce_single":["https:\/\/vapestornado.com\/wp-content\/uploads\/2024\/12\/bood-infinity-30k-blue-razz-ice-cheap-price-600x600.jpg",600,600,true],"woocommerce_gallery_thumbnail":["https:\/\/vapestornado.com\/wp-content\/uploads\/2024\/12\/bood-infinity-30k-blue-razz-ice-cheap-price-100x100.jpg",100,100,true]},"uagb_author_info":{"display_name":"ESMANDY","author_link":"https:\/\/vapestornado.com\/pl\/author\/"},"uagb_comment_info":0,"uagb_excerpt":"BOOD 30k Puffs Geek Bar Vape: Rechargeable, affordable vape with 30,000 puffs. Shop now for premium quality at the best price! [caption id=\"attachment_2951\" align=\"alignnone\" width=\"265\"] Pls Contact Mandy's WhatsApp For Discount Price\u00a0 +8618077105796[\/caption] &nbsp;","_links":{"self":[{"href":"https:\/\/vapestornado.com\/pl\/wp-json\/wp\/v2\/product\/3386","targetHints":{"allow":["GET"]}}],"collection":[{"href":"https:\/\/vapestornado.com\/pl\/wp-json\/wp\/v2\/product"}],"about":[{"href":"https:\/\/vapestornado.com\/pl\/wp-json\/wp\/v2\/types\/product"}],"replies":[{"embeddable":true,"href":"https:\/\/vapestornado.com\/pl\/wp-json\/wp\/v2\/comments?post=3386"}],"wp:featuredmedia":[{"embeddable":true,"href":"https:\/\/vapestornado.com\/pl\/wp-json\/wp\/v2\/media\/3495"}],"wp:attachment":[{"href":"https:\/\/vapestornado.com\/pl\/wp-json\/wp\/v2\/media?parent=3386"}],"wp:term":[{"taxonomy":"product_brand","embeddable":true,"href":"https:\/\/vapestornado.com\/pl\/wp-json\/wp\/v2\/product_brand?post=3386"},{"taxonomy":"product_cat","embeddable":true,"href":"https:\/\/vapestornado.com\/pl\/wp-json\/wp\/v2\/product_cat?post=3386"},{"taxonomy":"product_tag","embeddable":true,"href":"https:\/\/vapestornado.com\/pl\/wp-json\/wp\/v2\/product_tag?post=3386"}],"curies":[{"name":"wp","href":"https:\/\/api.w.org\/{rel}","templated":true}]}}