{"id":3385,"date":"2024-12-26T03:09:17","date_gmt":"2024-12-26T03:09:17","guid":{"rendered":"https:\/\/vapestornado.com\/?post_type=product&#038;p=3385"},"modified":"2025-08-23T11:12:32","modified_gmt":"2025-08-23T11:12:32","slug":"wga-crystal-plus-20000-puff-vape-2-in-1-rechargeable-disposable-vape-wholesale-bulk-buy","status":"publish","type":"product","link":"https:\/\/vapestornado.com\/pl\/product\/wga-crystal-plus-20000-puff-vape-2-in-1-rechargeable-disposable-vape-wholesale-bulk-buy\/","title":{"rendered":"WGA Crystal Plus 20000 Puff Vape 2 w 1 Akumulator Jednorazowy Vape Hurtowy Zakup Hurtowy"},"content":{"rendered":"<h1 class=\"product-title\">WGA Crystal Plus 20000 Puff Vape 2 w 1 Akumulator Jednorazowy Vape Hurtowy Zakup Hurtowy<\/h1>\n<p data-start=\"239\" data-end=\"582\">Cyfrowy ekran <strong data-start=\"243\" data-end=\"275\">WGA Crystal Plus 20000 Pali<\/strong> to praktyczna opcja 2 w 1 dla <strong data-start=\"309\" data-end=\"360\">polskich sprzedawc\u00f3w detalicznych, dystrybutor\u00f3w i nabywc\u00f3w hurtowych B2B<\/strong> , kt\u00f3rzy chc\u0105 r\u00f3\u017cnorodno\u015bci bez konieczno\u015bci posiadania dodatkowych jednostek magazynowych. Ka\u017cde urz\u0105dzenie zapewnia do <strong data-start=\"433\" data-end=\"449\">20 000 zaci\u0105gni\u0119\u0107<\/strong> i pozwala klientom <strong data-start=\"469\" data-end=\"511\">prze\u0142\u0105cza\u0107 si\u0119 mi\u0119dzy dwoma wst\u0119pnie nape\u0142nionymi smakami<\/strong> natychmiast \u2013 idealne dla sklep\u00f3w obs\u0142uguj\u0105cych r\u00f3\u017cne gusta w jednym produkcie.<\/p>\n<p data-start=\"584\" data-end=\"988\">A <strong data-start=\"586\" data-end=\"616\">Konstrukcja z mo\u017cliwo\u015bci\u0105 \u0142adowania Type\u2011C<\/strong> pomaga zapewni\u0107 pe\u0142ne wykorzystanie wk\u0142adu, zmniejszaj\u0105c ilo\u015b\u0107 odpad\u00f3w e\u2011liquidu i zwrot\u00f3w. Kryszta\u0142owy korpus jest kompaktowy do ekspozycji na ladzie i noszenia w kieszeni, a czysty smak wspiera powtarzaln\u0105 sprzeda\u017c w kana\u0142ach sprzeda\u017cy detalicznej i specjalistycznych sklepach z e-papierosami. <strong data-start=\"850\" data-end=\"881\">Wiele st\u0119\u017ce\u0144 nikotyny<\/strong> (dost\u0119pno\u015b\u0107 r\u00f3\u017cni si\u0119 w zale\u017cno\u015bci od rynku) sprawia, \u017ce linia jest odpowiednia zar\u00f3wno dla okazjonalnych u\u017cytkownik\u00f3w, jak i sta\u0142ych klient\u00f3w w ca\u0142ej Polsce.<\/p>\n<p data-start=\"990\" data-end=\"1021\"><strong data-start=\"990\" data-end=\"1021\">Dlaczego to dzia\u0142a w hurcie:<\/strong><\/p>\n<ul data-start=\"1022\" data-end=\"1325\">\n<li data-start=\"1022\" data-end=\"1079\">\n<p data-start=\"1024\" data-end=\"1079\"><strong data-start=\"1024\" data-end=\"1037\">20 tys. zaci\u0105gni\u0119\u0107<\/strong> na jednostk\u0119 dla d\u0142u\u017cszych cykli sprzeda\u017cy<\/p>\n<\/li>\n<li data-start=\"1080\" data-end=\"1157\">\n<p data-start=\"1082\" data-end=\"1157\"><strong data-start=\"1082\" data-end=\"1105\">Podw\u00f3jny smak 2 w 1<\/strong> prze\u0142\u0105czanie = szerszy odbi\u00f3r, mniej wariant\u00f3w do magazynowania<\/p>\n<\/li>\n<li data-start=\"1158\" data-end=\"1238\">\n<p data-start=\"1160\" data-end=\"1238\"><strong data-start=\"1160\" data-end=\"1187\">Mo\u017cliwo\u015b\u0107 \u0142adowania przez Type\u2011C<\/strong> dla lepszego wykorzystania i zadowolenia klienta<\/p>\n<\/li>\n<li data-start=\"1239\" data-end=\"1325\">\n<p data-start=\"1241\" data-end=\"1325\"><strong data-start=\"1241\" data-end=\"1284\">Opakowanie przyjazne dla sprzeda\u017cy hurtowej<\/strong>, dostosowane do europejskich detalist\u00f3w i dystrybutor\u00f3w<\/p>\n<\/li>\n<\/ul>\n<p><span style=\"color: #ff0000;\"><strong>Dodaj Amy na WhatsApp, aby uzyska\u0107 szybk\u0105 odpowied\u017a i kupon na vape!<\/strong><\/span><\/p>\n<p><img fetchpriority=\"high\" decoding=\"async\" class=\"size-full wp-image-2932\" src=\"https:\/\/vapestornado.com\/wp-content\/uploads\/2024\/12\/Vape-Wholesale.jpg\" alt=\"Hurtowa sprzeda\u017c e-papieros\u00f3w\" width=\"229\" height=\"300\" \/><\/p>\n<h3><a href=\"https:\/\/wa.me\/8617776015835\" target=\"_blank\" rel=\"noopener\"><span style=\"color: #ff0000;\"><strong>WhatsApp: +86 17776015835<\/strong><\/span><\/a><\/h3>\n<p>&nbsp;<\/p>\n<h2 class=\"product-title\">WGA Crystal Plus 20000 Jednorazowy Vape<strong> Cechy Produktu<\/strong><\/h2>\n<div role=\"article\" data-tabster=\"{&quot;groupper&quot;:{&quot;tabbability&quot;:2},&quot;focusable&quot;:{}}\" data-content=\"ai-message\" aria-labelledby=\"juhNTJ6o7Gk1cgwZMJgv2-author juhNTJ6o7Gk1cgwZMJgv2-content\">\n<div id=\"juhNTJ6o7Gk1cgwZMJgv2-content\">\n<div role=\"article\" data-tabster=\"{&quot;groupper&quot;:{&quot;tabbability&quot;:2},&quot;focusable&quot;:{}}\" data-content=\"ai-message\" aria-labelledby=\"x4EZuCZWrTbh3weWUt7CU-author x4EZuCZWrTbh3weWUt7CU-content\">\n<div id=\"x4EZuCZWrTbh3weWUt7CU-content\">\n<div class=\"flex max-w-full flex-col flex-grow\">\n<div class=\"min-h-8 text-message flex w-full flex-col items-end gap-2 whitespace-normal break-words text-start [.text-message+&amp;]:mt-5\" dir=\"auto\" data-message-author-role=\"assistant\" data-message-id=\"52c6e00a-252f-4104-805d-2f1a84739c71\" data-message-model-slug=\"gpt-4o\">\n<div class=\"flex w-full flex-col gap-1 empty:hidden first:pt-[3px]\">\n<div class=\"markdown prose w-full break-words dark:prose-invert light\">\n<h4><\/h4>\n<h4><strong>Niezr\u00f3wnana Pojemno\u015b\u0107 Puff<\/strong><\/h4>\n<p>Dzi\u0119ki <strong>20 000 zaci\u0105gni\u0119\u0107<\/strong>, Crystal Plus zapewnia d\u0142ugotrwa\u0142e u\u017cytkowanie, czyni\u0105c go niezawodnym towarzyszem podczas d\u0142ugich sesji wapowania.<\/p>\n<h4><strong>Wyra\u017any Wy\u015bwietlacz LCD<\/strong><\/h4>\n<p>Urz\u0105dzenie posiada <strong>krystalicznie czysty ekran LCD<\/strong> kt\u00f3ry informuje o stanie baterii i poziomie e-liquidu, eliminuj\u0105c domys\u0142y.<\/p>\n<h4><strong>Akumulator 650mAh z mo\u017cliwo\u015bci\u0105 \u0142adowania<\/strong><\/h4>\n<p>Zasilany przez <strong>akumulator o pojemno\u015bci 650 mAh<\/strong>, ten vape zosta\u0142 zaprojektowany z my\u015bl\u0105 o trwa\u0142o\u015bci i wygodzie. Port \u0142adowania <strong>USB typu C<\/strong> zapewnia szybkie i wydajne \u0142adowanie, dzi\u0119ki czemu mo\u017cesz sp\u0119dza\u0107 wi\u0119cej czasu na wapowaniu, a mniej na czekaniu.<\/p>\n<h4><strong>Technologia Podw\u00f3jnej Siatki Grzewczej<\/strong><\/h4>\n<p>Wyposa\u017cony w zaawansowan\u0105 <strong>podw\u00f3jne grza\u0142ki siatkowe<\/strong>, Crystal Plus zapewnia g\u0142adk\u0105, sp\u00f3jn\u0105 par\u0119 i bogaty smak przy ka\u017cdym zaci\u0105gni\u0119ciu. Technologia ta zwi\u0119ksza wydajno\u015b\u0107 e-liquidu i zapewnia satysfakcjonuj\u0105ce wra\u017cenia z wapowania usta-p\u0142uca (MTL).<\/p>\n<h4><strong>18 Wykwintnych Smak\u00f3w<\/strong><\/h4>\n<p>Wybieraj spo\u015br\u00f3d r\u00f3\u017cnorodnych <strong>18 starannie opracowanych smak\u00f3w<\/strong>, z kt\u00f3rych ka\u017cdy zosta\u0142 zaprojektowany, aby zachwyci\u0107 Twoje kubki smakowe. Od owocowych po mi\u0119towe i nie tylko, ka\u017cdy znajdzie co\u015b dla siebie.<\/p>\n<h4><strong>Zapakowane dla wygody<\/strong><\/h4>\n<p>Dost\u0119pne w <strong>Opakowania zbiorcze po 10 sztuk<\/strong>, WGA Crystal Plus to doskona\u0142y wyb\u00f3r dla hurtownik\u00f3w, detalist\u00f3w lub ka\u017cdego, kto chce zaopatrzy\u0107 si\u0119 w wysokiej jako\u015bci jednorazowego e-papierosa.<\/p>\n<\/div>\n<\/div>\n<\/div>\n<\/div>\n<div class=\"mb-2 flex gap-3 empty:hidden -ml-2\">\n<p>&nbsp;<\/p>\n<\/div>\n<\/div>\n<\/div>\n<\/div>\n<\/div>\n<h2 class=\"product-title\"><strong>Popularne smaki jednorazowych e-papieros\u00f3w WGA Crystal Plus 20000 Puffs<\/strong><\/h2>\n<p>1. BLUE RAZZ CHERRY\/FIZZY CHERRY<br \/>\n2. BLUE RAZZ GUMMY\/BLUE RASPBERRY\u00a0 <span style=\"color: #ff0000;\"><strong>&gt;&gt;&gt;&gt; Gor\u0105ce!<\/strong><\/span><br \/>\n3. BLUE RAZZ LEMONADE\/COLA LEMON<br \/>\n4. FRESH MINT\/DOUBLE MENTHOL<br \/>\n5. GUMMY BEAR\/SKITTLES <span style=\"color: #ff0000;\"><strong>&gt;&gt;&gt;&gt; Najlepszy !<\/strong><\/span><br \/>\n6. HEISENBERG\/PINK MAN<br \/>\n7. LEMON<br \/>\n8. PINEAPPLE ICE\/PINEAPPLE PEACH MANGO<br \/>\n9. ANANAS CYTRYNOWY\/GRONOWY L\u00d3D<br \/>\n10. LETNI SEN\/WI\u015aNIOWA COLA Z LODEM<br \/>\n11. LODY TRUSKAWKOWE\/TRUSKAWKA BANAN<br \/>\n12. MALINA TRUSKAWKOWA Z LODEM\/JAGODA WI\u015aNIA \u017bURAWINA <span style=\"color: #ff0000;\"><strong>&gt;&gt;&gt;&gt; Gor\u0105ce!<\/strong><\/span><br \/>\n13. POTR\u00d3JNE MANGO\/KIWI MARAKUJA GUJAWA<br \/>\n14. ARBUZ Z LODEM\/PODW\u00d3JNE JAB\u0141KO<br \/>\n15. ARBUZ HUBBA BUBBA\/JAGODA HUBBA BUBBA<br \/>\n16. BANAN Z LODEM\/GUJAWA Z LODEM<br \/>\n17. JAGODA Z LODEM\/TRUSKAWKA Z LODEM <span style=\"color: #ff0000;\"><strong>&gt;&gt;&gt;&gt; Gor\u0105ce!<\/strong><\/span><br \/>\n18. LIZAK JAGODOWY Z LODEM\/LIZAK TRUSKAWKOWY Z LODEM<br \/>\n19. WI\u015aNIA Z LODEM\/POMARA\u0143CZA Z LODEM<br \/>\n20. SOCZYSTA BRZOSKWINIA\/BRZOSKWINIA JAB\u0141KO Z LODEM <span style=\"color: #ff0000;\"><strong>&gt;&gt;&gt;&gt; Gor\u0105ce!<\/strong><\/span><\/p>\n<div class=\"flex-shrink-0 flex flex-col relative items-end\">\n<div class=\"pt-0\">\n<div class=\"gizmo-bot-avatar flex h-8 w-8 items-center justify-center overflow-hidden rounded-full\">\n<div class=\"relative p-1 rounded-sm flex items-center justify-center bg-token-main-surface-primary text-token-text-primary h-8 w-8\">\n<figure id=\"attachment_3374\" aria-describedby=\"caption-attachment-3374\" style=\"width: 1000px\" class=\"wp-caption alignnone\"><img decoding=\"async\" class=\"wp-image-3374 size-full\" src=\"https:\/\/vapestornado.com\/wp-content\/uploads\/2024\/12\/WGA-Crystal-20K-Puffs-Disposable-Vape-Bulk-Buy.jpg\" alt=\"WGA Crystal 20K Puffs Jednorazowy Vape Hurt\" width=\"1000\" height=\"520\" srcset=\"https:\/\/vapestornado.com\/wp-content\/uploads\/2024\/12\/WGA-Crystal-20K-Puffs-Disposable-Vape-Bulk-Buy.jpg 1000w, https:\/\/vapestornado.com\/wp-content\/uploads\/2024\/12\/WGA-Crystal-20K-Puffs-Disposable-Vape-Bulk-Buy-300x156.jpg 300w, https:\/\/vapestornado.com\/wp-content\/uploads\/2024\/12\/WGA-Crystal-20K-Puffs-Disposable-Vape-Bulk-Buy-768x399.jpg 768w, https:\/\/vapestornado.com\/wp-content\/uploads\/2024\/12\/WGA-Crystal-20K-Puffs-Disposable-Vape-Bulk-Buy-600x312.jpg 600w\" sizes=\"(max-width: 1000px) 100vw, 1000px\" \/><figcaption id=\"caption-attachment-3374\" class=\"wp-caption-text\">WGA Crystal 20K Puffs Jednorazowy Vape Hurt<\/figcaption><\/figure>\n<h2>FAQ dotycz\u0105ce WGA Crystal Plus 20000 Jednorazowy Vape<\/h2>\n<div class=\"flex max-w-full flex-col flex-grow\">\n<div class=\"min-h-8 text-message flex w-full flex-col items-end gap-2 whitespace-normal break-words text-start [.text-message+&amp;]:mt-5\" dir=\"auto\" data-message-author-role=\"assistant\" data-message-id=\"4dc48248-df95-45bd-b800-6dedb43cf7f1\" data-message-model-slug=\"gpt-4o\">\n<div class=\"flex w-full flex-col gap-1 empty:hidden first:pt-[3px]\">\n<div class=\"markdown prose w-full break-words dark:prose-invert light\">\n<h3><\/h3>\n<ol>\n<li><strong>Co sprawia, \u017ce WGA Crystal Plus 20000 Puffs jest wyj\u0105tkowy?<\/strong><br \/>\nCyfrowy ekran <strong>WGA Crystal Plus 20000 Pali<\/strong> charakteryzuje si\u0119 <strong>systemem podw\u00f3jnego smaku<\/strong>, umo\u017cliwiaj\u0105cym prze\u0142\u0105czanie si\u0119 mi\u0119dzy dwoma wst\u0119pnie nape\u0142nionymi smakami w jednym urz\u0105dzeniu, oferuj\u0105c niezr\u00f3wnan\u0105 wszechstronno\u015b\u0107 i wygod\u0119.<\/li>\n<li><strong>Jak sprawdzi\u0107 poziom baterii i e-liquidu w WGA Crystal Plus 20k?<\/strong><br \/>\nTo urz\u0105dzenie zawiera <strong>krystalicznie czysty wy\u015bwietlacz LCD<\/strong>, kt\u00f3ry pokazuje zar\u00f3wno stan baterii, jak i poziom e-liquidu, zapewniaj\u0105c, \u017ce zawsze jeste\u015b informowany o stanie swojego vape.<\/li>\n<li><strong>Jakie smaki s\u0105 dost\u0119pne dla WGA Crystal 20000 Dual Flavor Vape?<\/strong><br \/>\nDost\u0119pnych jest <strong>18 ekscytuj\u0105cych kombinacji smakowych<\/strong>, takich jak <strong>Blue Razz Cherry<\/strong> i <strong>Watermelon Ice<\/strong>, zaspokajaj\u0105cych r\u00f3\u017cnorodne preferencje smakowe.<\/li>\n<li><strong>Czy mog\u0119 na\u0142adowa\u0107 jednorazowego vape WGA Crystal 20k Puff?<\/strong><br \/>\nTak, jest wyposa\u017cony w <strong>akumulator 650mAh z mo\u017cliwo\u015bci\u0105 \u0142adowania<\/strong> i <strong>Port \u0142adowania typu C<\/strong>, umo\u017cliwiaj\u0105cy szybkie i wygodne \u0142adowanie w celu d\u0142u\u017cszego u\u017cytkowania.<\/li>\n<li><strong>Czy WGA Crystal Plus 20000 nadaje si\u0119 do wapowania Mouth-to-Lung (MTL)?<\/strong><br \/>\nAbsolutnie! Jego <strong>technologia podw\u00f3jnej siatki grzewczej<\/strong> zapewnia p\u0142ynn\u0105 produkcj\u0119 pary, dzi\u0119ki czemu idealnie nadaje si\u0119 dla waper\u00f3w MTL, kt\u00f3rzy lubi\u0105 kontrolowane, pe\u0142ne smaku uderzenia.<\/li>\n<\/ol>\n<\/div>\n<\/div>\n<\/div>\n<\/div>\n<div class=\"mb-2 flex gap-3 empty:hidden -ml-2\">\n<div class=\"items-center justify-start rounded-xl p-1 flex\"><\/div>\n<\/div>\n<\/div>\n<\/div>\n<\/div>\n<\/div>\n<div class=\"flex-shrink-0 flex flex-col relative items-end\">\n<div class=\"pt-0\">\n<div class=\"gizmo-bot-avatar flex h-8 w-8 items-center justify-center overflow-hidden rounded-full\">\n<div class=\"relative p-1 rounded-sm flex items-center justify-center bg-token-main-surface-primary text-token-text-primary h-8 w-8\">\n<div class=\"mb-2 flex gap-3 empty:hidden -ml-2\">\n<div role=\"article\" data-tabster=\"{&quot;groupper&quot;:{&quot;tabbability&quot;:2},&quot;focusable&quot;:{}}\" data-content=\"ai-message\" aria-labelledby=\"Vdt5ez4X7Tg813x6rFVha-author Vdt5ez4X7Tg813x6rFVha-content\">\n<div id=\"Vdt5ez4X7Tg813x6rFVha-content\">\n<div role=\"article\" data-tabster=\"{&quot;groupper&quot;:{&quot;tabbability&quot;:2},&quot;focusable&quot;:{}}\" data-content=\"ai-message\" aria-labelledby=\"o968oC7CEo2fGHsGdsRYC-author o968oC7CEo2fGHsGdsRYC-content\">\n<div id=\"o968oC7CEo2fGHsGdsRYC-content\">\n<p>&nbsp;<\/p>\n<h2>Dlaczego warto wybra\u0107 vapestornado do hurtowej sprzeda\u017cy WGA Crystal 15000 Puffs Vape?<\/h2>\n<div class=\"flex-shrink-0 flex flex-col relative items-end\">\n<div class=\"pt-0\">\n<div class=\"gizmo-bot-avatar flex h-8 w-8 items-center justify-center overflow-hidden rounded-full\">\n<div class=\"relative p-1 rounded-sm flex items-center justify-center bg-token-main-surface-primary text-token-text-primary h-8 w-8\">\n<p>Witamy w vapestornado, Twoim zaufanym sklepie internetowym z papierosami elektronicznymi premium. Z ponad 5-letnim do\u015bwiadczeniem, oferujemy popularne marki jednorazowych papieros\u00f3w elektronicznych, takie jak Fumot RandM Vape, <a href=\"https:\/\/vapestornado.com\/pl\/product-category\/vapme-shisha\/\">Vapme<\/a>, Bang Vape, Waspe Vape, and WGA Vape, itp.<\/p>\n<p>Nasza oferta obejmuje popularne e-papierosy, takie jak <a href=\"https:\/\/vapestornado.com\/pl\/product\/randm-12000-puffs-fumot-digital-disposable-vape-wholesale-price\/\">RandM Tornado 12000<\/a>, oraz bogate w smaku opcje, takie jak <a href=\"https:\/\/vapestornado.com\/pl\/product\/wga-crystal-pro-max-extra-15000-puffs-rechargeable-disposable-vape-wholesale-bulk-buy\/\">\u00a0WGA Crystal 15k Zaci\u0105gni\u0119\u0107<\/a> . Ka\u017cdy produkt jest wybierany z my\u015bl\u0105 o jako\u015bci, warto\u015bci i r\u00f3\u017cnorodno\u015bci, dzi\u0119ki czemu znajdziesz idealne dopasowanie do swoich potrzeb. Odkryj wyj\u0105tkow\u0105 obs\u0142ug\u0119 i szerok\u0105 gam\u0119 najlepszych produkt\u00f3w w cenach hurtowych na vapestornado.<\/p>\n<\/div>\n<p>&nbsp;<\/p>\n<p><strong>Inne popularne jednorazowe e-papierosy<\/strong><\/p>\n<p><a href=\"https:\/\/vapestornado.com\/pl\/product\/bang-vape-35000-puffs-low-nicotine-bulk-buy-rechargeable-disposable-vapes-box-wholesale-price\/\">Bang Vape 35000 Zaci\u0105gni\u0119\u0107 <span style=\"color: #ff0000;\"><strong>&gt;&gt;&gt;&gt; Dalej !<\/strong><\/span><\/a><\/p>\n<p><a href=\"https:\/\/vapestornado.com\/pl\/product\/vopk-ultra-40000-puffs-2-in-1-digital-screen-rechargeable-disposable-vape\/\">VOPK 40000 Podw\u00f3jny Smak<span style=\"color: #ff0000;\"><strong>&gt;&gt;&gt;&gt; Dalej !<\/strong><\/span><\/a><\/p>\n<p><a href=\"https:\/\/vapestornado.com\/pl\/product\/bood-twins-46000-puff-double-flavour-low-nicotine-disposable-vape-wholesale-bulk-buy-price\/\">Bood Twins 46000<span style=\"color: #ff0000;\"><strong>&gt;&gt;&gt;&gt; Dalej !<\/strong><\/span><\/a><\/p>\n<\/div>\n<\/div>\n<\/div>\n<p>&nbsp;<\/p>\n<\/div>\n<\/div>\n<\/div>\n<\/div>\n<\/div>\n<\/div>\n<\/div>\n<\/div>\n<\/div>","protected":false},"excerpt":{"rendered":"<p><strong data-start=\"1473\" data-end=\"1505\">WGA Crystal Plus 20000 Pali<\/strong>\u2014a <strong data-start=\"1508\" data-end=\"1552\">2 w 1, podw\u00f3jny smak, \u0142adowanie Type\u2011C<\/strong> jednorazowy, stworzony dla <strong data-start=\"1574\" data-end=\"1606\">zam\u00f3wie\u0144 hurtowych i zbiorczych w UE<\/strong>. Wysoka pojemno\u015b\u0107, \u0142atwa zmiana smaku i opakowanie przyjazne dla sprzedawc\u00f3w detalicznych zapewniaj\u0105ce siln\u0105, powtarzaln\u0105 sprzeda\u017c.<\/p>\n<p><strong>Dodaj Amy do WhatsAppa, aby uzyska\u0107 szybk\u0105 odpowied\u017a i kupon na vape!<\/strong><\/p>\n<p><img fetchpriority=\"high\" decoding=\"async\" class=\"size-full wp-image-2932\" src=\"https:\/\/vapestornado.com\/wp-content\/uploads\/2024\/12\/Vape-Wholesale.jpg\" alt=\"Hurtowa sprzeda\u017c e-papieros\u00f3w\" width=\"229\" height=\"300\" \/><\/p>\n<h3><a href=\"https:\/\/wa.me\/8617776015835\"><span style=\"color: #ff0000;\"><strong>WhatsApp: +86 17776015835<\/strong><\/span><\/a><\/h3>\n<p>&nbsp;<\/p>","protected":false},"featured_media":3370,"comment_status":"open","ping_status":"closed","template":"","meta":{"_acf_changed":false,"_uag_custom_page_level_css":"","_lmt_disableupdate":"no","_lmt_disable":"","_monsterinsights_skip_tracking":false,"_monsterinsights_sitenote_active":false,"_monsterinsights_sitenote_note":"","_monsterinsights_sitenote_category":0,"site-sidebar-layout":"default","site-content-layout":"","ast-site-content-layout":"default","site-content-style":"default","site-sidebar-style":"default","ast-global-header-display":"","ast-banner-title-visibility":"","ast-main-header-display":"","ast-hfb-above-header-display":"","ast-hfb-below-header-display":"","ast-hfb-mobile-header-display":"","site-post-title":"","ast-breadcrumbs-content":"","ast-featured-img":"","footer-sml-layout":"","ast-disable-related-posts":"","theme-transparent-header-meta":"default","adv-header-id-meta":"","stick-header-meta":"","header-above-stick-meta":"","header-main-stick-meta":"","header-below-stick-meta":"","astra-migrate-meta-layouts":"set","ast-page-background-enabled":"default","ast-page-background-meta":{"desktop":{"background-color":"","background-image":"","background-repeat":"repeat","background-position":"center center","background-size":"auto","background-attachment":"scroll","background-type":"","background-media":"","overlay-type":"","overlay-color":"","overlay-opacity":"","overlay-gradient":""},"tablet":{"background-color":"","background-image":"","background-repeat":"repeat","background-position":"center center","background-size":"auto","background-attachment":"scroll","background-type":"","background-media":"","overlay-type":"","overlay-color":"","overlay-opacity":"","overlay-gradient":""},"mobile":{"background-color":"","background-image":"","background-repeat":"repeat","background-position":"center center","background-size":"auto","background-attachment":"scroll","background-type":"","background-media":"","overlay-type":"","overlay-color":"","overlay-opacity":"","overlay-gradient":""}},"ast-content-background-meta":{"desktop":{"background-color":"var(--ast-global-color-5)","background-image":"","background-repeat":"repeat","background-position":"center center","background-size":"auto","background-attachment":"scroll","background-type":"","background-media":"","overlay-type":"","overlay-color":"","overlay-opacity":"","overlay-gradient":""},"tablet":{"background-color":"var(--ast-global-color-5)","background-image":"","background-repeat":"repeat","background-position":"center center","background-size":"auto","background-attachment":"scroll","background-type":"","background-media":"","overlay-type":"","overlay-color":"","overlay-opacity":"","overlay-gradient":""},"mobile":{"background-color":"var(--ast-global-color-5)","background-image":"","background-repeat":"repeat","background-position":"center center","background-size":"auto","background-attachment":"scroll","background-type":"","background-media":"","overlay-type":"","overlay-color":"","overlay-opacity":"","overlay-gradient":""}},"_joinchat":{"telephone":"+8617776015835"}},"product_brand":[],"product_cat":[69,151,155,142,146,59],"product_tag":[165,105,97,166,94,205,206,204],"class_list":{"0":"post-3385","1":"product","2":"type-product","3":"status-publish","4":"has-post-thumbnail","6":"product_cat-20000-puff","7":"product_cat-buy-disposable-vapes-in-france","8":"product_cat-buy-disposable-vapes-in-norway","9":"product_cat-digital-box-disposable-vapes","10":"product_cat-rechargeable-disposable-vapes","11":"product_cat-wga-crystal-vape","12":"product_tag-cheap-vapes","13":"product_tag-digital-disposable-vape","14":"product_tag-hot-sale-disposable-vape","15":"product_tag-low-nicotine-vape","16":"product_tag-rechargeable-disposable-vape","17":"product_tag-wga-crystal-20k","18":"product_tag-wga-crystal-plus-20000","19":"product_tag-wga-vape","20":"desktop-align-left","21":"tablet-align-left","22":"mobile-align-left","24":"first","25":"instock","26":"sale","27":"shipping-taxable","28":"purchasable","29":"product-type-simple"},"acf":[],"uagb_featured_image_src":{"full":["https:\/\/vapestornado.com\/wp-content\/uploads\/2024\/12\/WGA-Crystal-Plus-20000-Disposable-Vape-Wholesale.jpg",1000,992,false],"thumbnail":["https:\/\/vapestornado.com\/wp-content\/uploads\/2024\/12\/WGA-Crystal-Plus-20000-Disposable-Vape-Wholesale-150x150.jpg",150,150,true],"medium":["https:\/\/vapestornado.com\/wp-content\/uploads\/2024\/12\/WGA-Crystal-Plus-20000-Disposable-Vape-Wholesale-300x298.jpg",300,298,true],"medium_large":["https:\/\/vapestornado.com\/wp-content\/uploads\/2024\/12\/WGA-Crystal-Plus-20000-Disposable-Vape-Wholesale-768x762.jpg",768,762,true],"large":["https:\/\/vapestornado.com\/wp-content\/uploads\/2024\/12\/WGA-Crystal-Plus-20000-Disposable-Vape-Wholesale.jpg",1000,992,false],"1536x1536":["https:\/\/vapestornado.com\/wp-content\/uploads\/2024\/12\/WGA-Crystal-Plus-20000-Disposable-Vape-Wholesale.jpg",1000,992,false],"2048x2048":["https:\/\/vapestornado.com\/wp-content\/uploads\/2024\/12\/WGA-Crystal-Plus-20000-Disposable-Vape-Wholesale.jpg",1000,992,false],"trp-custom-language-flag":["https:\/\/vapestornado.com\/wp-content\/uploads\/2024\/12\/WGA-Crystal-Plus-20000-Disposable-Vape-Wholesale.jpg",12,12,false],"woocommerce_thumbnail":["https:\/\/vapestornado.com\/wp-content\/uploads\/2024\/12\/WGA-Crystal-Plus-20000-Disposable-Vape-Wholesale-300x300.jpg",300,300,true],"woocommerce_single":["https:\/\/vapestornado.com\/wp-content\/uploads\/2024\/12\/WGA-Crystal-Plus-20000-Disposable-Vape-Wholesale-600x595.jpg",600,595,true],"woocommerce_gallery_thumbnail":["https:\/\/vapestornado.com\/wp-content\/uploads\/2024\/12\/WGA-Crystal-Plus-20000-Disposable-Vape-Wholesale-100x100.jpg",100,100,true]},"uagb_author_info":{"display_name":"ESAMY","author_link":"https:\/\/vapestornado.com\/pl\/author\/"},"uagb_comment_info":0,"uagb_excerpt":"WGA Crystal Plus 20000 Puffs\u2014a 2\u2011in\u20111 dual\u2011flavour, Type\u2011C rechargeable disposable built for EU wholesale and bulk orders. High capacity, easy flavour switch, and retailer\u2011friendly packaging for strong, repeatable sales. Add Amy's whatsapp get right reply and vape coupon! WhatsApp: +86 17776015835 &nbsp;","_links":{"self":[{"href":"https:\/\/vapestornado.com\/pl\/wp-json\/wp\/v2\/product\/3385","targetHints":{"allow":["GET"]}}],"collection":[{"href":"https:\/\/vapestornado.com\/pl\/wp-json\/wp\/v2\/product"}],"about":[{"href":"https:\/\/vapestornado.com\/pl\/wp-json\/wp\/v2\/types\/product"}],"replies":[{"embeddable":true,"href":"https:\/\/vapestornado.com\/pl\/wp-json\/wp\/v2\/comments?post=3385"}],"wp:featuredmedia":[{"embeddable":true,"href":"https:\/\/vapestornado.com\/pl\/wp-json\/wp\/v2\/media\/3370"}],"wp:attachment":[{"href":"https:\/\/vapestornado.com\/pl\/wp-json\/wp\/v2\/media?parent=3385"}],"wp:term":[{"taxonomy":"product_brand","embeddable":true,"href":"https:\/\/vapestornado.com\/pl\/wp-json\/wp\/v2\/product_brand?post=3385"},{"taxonomy":"product_cat","embeddable":true,"href":"https:\/\/vapestornado.com\/pl\/wp-json\/wp\/v2\/product_cat?post=3385"},{"taxonomy":"product_tag","embeddable":true,"href":"https:\/\/vapestornado.com\/pl\/wp-json\/wp\/v2\/product_tag?post=3385"}],"curies":[{"name":"wp","href":"https:\/\/api.w.org\/{rel}","templated":true}]}}