{"id":3367,"date":"2024-12-25T07:28:34","date_gmt":"2024-12-25T07:28:34","guid":{"rendered":"https:\/\/vapestornado.com\/?post_type=product&#038;p=3367"},"modified":"2025-08-23T12:20:25","modified_gmt":"2025-08-23T12:20:25","slug":"bang-box-20000-puffs-0-2-5-low-nicotine-rechargeable-digital-display-disposable-vape-pen-wholesale-bulk-buy","status":"publish","type":"product","link":"https:\/\/vapestornado.com\/pl\/product\/bang-box-20000-puffs-0-2-5-low-nicotine-rechargeable-digital-display-disposable-vape-pen-wholesale-bulk-buy\/","title":{"rendered":"Bang Box 20000 Puffs 0% 2% 5% Niska Nikotyna Akumulatorowy Wy\u015bwietlacz Cyfrowy Jednorazowy E-papieros Hurtowy Zakup"},"content":{"rendered":"<h1 class=\"product-title\">Bang Box 20000 Puffs 0% 2% 5% Niska Nikotyna Akumulatorowy Wy\u015bwietlacz Cyfrowy Jednorazowy E-papieros Hurtowy Zakup<\/h1>\n<p>Cyfrowy ekran <strong>Bang Box 20000 Puffs Jednorazowy Vape<\/strong>, teraz dost\u0119pny w <strong>vapestornado<\/strong>\u2014Tw\u00f3j zaufany partner w dziedzinie rozwi\u0105za\u0144 premium dla vapingu. To najnowocze\u015bniejsze urz\u0105dzenie zosta\u0142o zaprojektowane z my\u015bl\u0105 zar\u00f3wno o okazjonalnych u\u017cytkownikach, jak i do\u015bwiadczonych waperach, zapewniaj\u0105c wyj\u0105tkowe wra\u017cenia dzi\u0119ki zaawansowanym funkcjom i niezr\u00f3wnanej wydajno\u015bci. Z imponuj\u0105c\u0105 liczb\u0105 <strong>20 000 zaci\u0105gni\u0119\u0107 na jednostk\u0119<\/strong>, Bang Box zapewnia d\u0142ugotrwa\u0142\u0105 przyjemno\u015b\u0107 bez niedogodno\u015bci zwi\u0105zanych z cz\u0119st\u0105 wymian\u0105.<\/p>\n<p>Dost\u0119pny w st\u0119\u017ceniach nikotyny <strong>0%, 2% i 5%<\/strong>, ten vape pen jest idealny dla os\u00f3b poszukuj\u0105cych opcji o niskiej zawarto\u015bci nikotyny lub bez nikotyny. Niezale\u017cnie od tego, czy jeste\u015b lekkim u\u017cytkownikiem, czy cz\u0119stym waperem, Bang Box oferuje satysfakcj\u0119 dostosowan\u0105 do Twoich preferencji.<\/p>\n<h4><strong>Innowacyjne Funkcje dla Doskona\u0142ego Vapingu<\/strong><\/h4>\n<p>Cyfrowy ekran <strong>Bang Box 20000 Wdech\u00f3w<\/strong> szczyci si\u0119 szeregiem wyr\u00f3\u017cniaj\u0105cych si\u0119 funkcji, kt\u00f3re wynosz\u0105 go ponad standardowe jednorazowe vape peny. Zawiera znaczn\u0105 <strong>pojemno\u015b\u0107 35 ml e-liquidu<\/strong>, co zmniejsza potrzeb\u0119 cz\u0119stego uzupe\u0142niania. Zasilany przez <strong>akumulator 850mAh<\/strong>, urz\u0105dzenie to zapewnia sta\u0142\u0105 wydajno\u015b\u0107 podczas d\u0142u\u017cszych sesji vapingu.<\/p>\n<p>A <strong>nowoczesny port \u0142adowania typu C<\/strong> umo\u017cliwia szybkie i wydajne \u0142adowanie, zapewniaj\u0105c, \u017ce zawsze jeste\u015b gotowy do wapowania. The <strong>cyfrowy wy\u015bwietlacz<\/strong> dodaje warstw\u0119 wygody, pozwalaj\u0105c u\u017cytkownikom z \u0142atwo\u015bci\u0105 monitorowa\u0107 \u017cywotno\u015b\u0107 baterii i liczb\u0119 zaci\u0105gni\u0119\u0107.<\/p>\n<p>Cyfrowy ekran <strong>oporno\u015b\u0107 grza\u0142ki mesh 0,8 \u03a9<\/strong> gwarantuje p\u0142ynn\u0105 produkcj\u0119 pary i bogate oddawanie smaku, dzi\u0119ki czemu ka\u017cde zaci\u0105gni\u0119cie jest przyjemne. Dodatkowo, <strong>vapestornado<\/strong> oferuje opcje dostosowywania OEM\/ODM, idealne dla marek, kt\u00f3re chc\u0105 spersonalizowa\u0107 opakowanie lub zaspokoi\u0107 specyficzne wymagania rynku.<\/p>\n<h4><strong>Dlaczego warto wybra\u0107 Bang Box 20000 Puffs?<\/strong><\/h4>\n<p>To urz\u0105dzenie wyr\u00f3\u017cnia si\u0119 trwa\u0142o\u015bci\u0105, opcjami smakowymi i wszechstronno\u015bci\u0105. Dzi\u0119ki eleganckiej, przeno\u015bnej konstrukcji jest idealny dla u\u017cytkownik\u00f3w w podr\u00f3\u017cy, a zbiornik e-liquidu o du\u017cej pojemno\u015bci i akumulator zapewniaj\u0105 wygod\u0119 regularnym waperom. Bang Box jest dost\u0119pny luzem, co czyni go popularnym wyborem dla hurtownik\u00f3w i detalist\u00f3w poszukuj\u0105cych niezawodnych produkt\u00f3w o du\u017cym popycie.<\/p>\n<p>&nbsp;<\/p>\n<p><span style=\"color: #ff0000;\"><strong>Dodaj Amy na WhatsApp, aby uzyska\u0107 szybk\u0105 odpowied\u017a i kupon na vape!<\/strong><\/span><\/p>\n<p><img fetchpriority=\"high\" decoding=\"async\" class=\"size-full wp-image-2932\" src=\"https:\/\/vapestornado.com\/wp-content\/uploads\/2024\/12\/Vape-Wholesale.jpg\" alt=\"Hurtowa sprzeda\u017c e-papieros\u00f3w\" width=\"229\" height=\"300\" \/><\/p>\n<h3><a href=\"https:\/\/wa.me\/8617776015835\" target=\"_blank\" rel=\"noopener\"><span style=\"color: #ff0000;\"><strong>WhatsApp: +86 17776015835<\/strong><\/span><\/a><\/h3>\n<p>&nbsp;<\/p>\n<h2 class=\"product-title\">Bang Box 30000 Jednorazowy Vape<strong> Cechy Produktu<\/strong><\/h2>\n<div role=\"article\" data-tabster=\"{&quot;groupper&quot;:{&quot;tabbability&quot;:2},&quot;focusable&quot;:{}}\" data-content=\"ai-message\" aria-labelledby=\"juhNTJ6o7Gk1cgwZMJgv2-author juhNTJ6o7Gk1cgwZMJgv2-content\">\n<div id=\"juhNTJ6o7Gk1cgwZMJgv2-content\">\n<div role=\"article\" data-tabster=\"{&quot;groupper&quot;:{&quot;tabbability&quot;:2},&quot;focusable&quot;:{}}\" data-content=\"ai-message\" aria-labelledby=\"x4EZuCZWrTbh3weWUt7CU-author x4EZuCZWrTbh3weWUt7CU-content\">\n<div id=\"x4EZuCZWrTbh3weWUt7CU-content\">\n<div class=\"flex max-w-full flex-col flex-grow\">\n<div class=\"min-h-8 text-message flex w-full flex-col items-end gap-2 whitespace-normal break-words text-start [.text-message+&amp;]:mt-5\" dir=\"auto\" data-message-author-role=\"assistant\" data-message-id=\"52c6e00a-252f-4104-805d-2f1a84739c71\" data-message-model-slug=\"gpt-4o\">\n<div class=\"flex w-full flex-col gap-1 empty:hidden first:pt-[3px]\">\n<div class=\"markdown prose w-full break-words dark:prose-invert light\"><\/div>\n<\/div>\n<\/div>\n<\/div>\n<div class=\"mb-2 flex gap-3 empty:hidden -ml-2\">\n<h3><\/h3>\n<ol>\n<li><strong>D\u0142ugotrwa\u0142e u\u017cytkowanie: <\/strong>Zapewnia do 20 000 zaci\u0105gni\u0119\u0107, minimalizuj\u0105c potrzeb\u0119 wymiany.<\/li>\n<li><strong>Opcje Niskiej Zawarto\u015bci Nikotyny: <\/strong>Dost\u0119pny w st\u0119\u017ceniach nikotyny 0%, 2% i 5%, dostosowanych do r\u00f3\u017cnych preferencji.<\/li>\n<li><strong>Du\u017ca pojemno\u015b\u0107 e-liquidu: <\/strong>Zbiornik e-liquidu o pojemno\u015bci 35 ml zmniejsza cz\u0119stotliwo\u015b\u0107 nape\u0142niania, idealny do d\u0142ugotrwa\u0142ego u\u017cytkowania.<\/li>\n<li><strong>Akumulator: <\/strong>Bateria 850 mAh z \u0142adowaniem typu C zapewnia sta\u0142\u0105 wydajno\u015b\u0107.<\/li>\n<li><strong>Wy\u015bwietlacz cyfrowy: <\/strong>Monitoruje \u017cywotno\u015b\u0107 baterii i liczb\u0119 zaci\u0105gni\u0119\u0107 dla wi\u0119kszej wygody.<\/li>\n<li><strong>P\u0142ynna produkcja pary: <\/strong>Grza\u0142ka mesh 0,8 \u03a9 zapewnia bogate, satysfakcjonuj\u0105ce smaki za ka\u017cdym razem.<\/li>\n<\/ol>\n<\/div>\n<\/div>\n<\/div>\n<\/div>\n<\/div>\n<h2 class=\"product-title\"><strong>Popularny smak dla jednorazowych vape Bang Box 30k Puffs<\/strong><\/h2>\n<p>&nbsp;<\/p>\n<p>1. Truskawkowe kiwi<br \/>\n2. Kiwi marakuja guawa<br \/>\n3. Truskawka Arbuz <strong><span style=\"color: #ff0000;\">&gt;&gt;&gt;&gt; Gor\u0105cy!<\/span><\/strong><br \/>\n4. Arbuz malinowy<br \/>\n5. Mro\u017cona malina z kwa\u015bnymi jagodami <strong><span style=\"color: #ff0000;\">&gt;&gt;&gt;&gt; Gor\u0105cy!<\/span><\/strong><br \/>\n6. Mro\u017cony arbuz<br \/>\n7. Mro\u017cony banan<br \/>\n8. Mango brzoskwinia<br \/>\n9. Mro\u017cona malina Blue Razz <strong><span style=\"color: #ff0000;\">&gt;&gt;&gt;&gt; Najlepsze!<\/span><\/strong><br \/>\n10. Mr blue<br \/>\n11. Mro\u017cone winogrono<br \/>\n12. Mro\u017cone mango<\/p>\n<figure id=\"attachment_3344\" aria-describedby=\"caption-attachment-3344\" style=\"width: 1126px\" class=\"wp-caption alignnone\"><img decoding=\"async\" class=\"wp-image-3344 size-full\" src=\"https:\/\/vapestornado.com\/wp-content\/uploads\/2024\/12\/Bang-Box-Vape-Disposable-20000-Puffs-20k-Wholesale.jpg\" alt=\"Bang Box Vape Jednorazowy 20000 Zaci\u0105gni\u0119\u0107 20k Hurt\" width=\"1126\" height=\"1126\" srcset=\"https:\/\/vapestornado.com\/wp-content\/uploads\/2024\/12\/Bang-Box-Vape-Disposable-20000-Puffs-20k-Wholesale.jpg 1126w, https:\/\/vapestornado.com\/wp-content\/uploads\/2024\/12\/Bang-Box-Vape-Disposable-20000-Puffs-20k-Wholesale-300x300.jpg 300w, https:\/\/vapestornado.com\/wp-content\/uploads\/2024\/12\/Bang-Box-Vape-Disposable-20000-Puffs-20k-Wholesale-1024x1024.jpg 1024w, https:\/\/vapestornado.com\/wp-content\/uploads\/2024\/12\/Bang-Box-Vape-Disposable-20000-Puffs-20k-Wholesale-150x150.jpg 150w, https:\/\/vapestornado.com\/wp-content\/uploads\/2024\/12\/Bang-Box-Vape-Disposable-20000-Puffs-20k-Wholesale-768x768.jpg 768w, https:\/\/vapestornado.com\/wp-content\/uploads\/2024\/12\/Bang-Box-Vape-Disposable-20000-Puffs-20k-Wholesale-600x600.jpg 600w, https:\/\/vapestornado.com\/wp-content\/uploads\/2024\/12\/Bang-Box-Vape-Disposable-20000-Puffs-20k-Wholesale-100x100.jpg 100w\" sizes=\"(max-width: 1126px) 100vw, 1126px\" \/><figcaption id=\"caption-attachment-3344\" class=\"wp-caption-text\">Bang Box Vape Jednorazowy 20000 Zaci\u0105gni\u0119\u0107 20k Hurt<\/figcaption><\/figure>\n<div class=\"flex-shrink-0 flex flex-col relative items-end\">\n<div class=\"pt-0\">\n<div class=\"gizmo-bot-avatar flex h-8 w-8 items-center justify-center overflow-hidden rounded-full\">\n<div class=\"relative p-1 rounded-sm flex items-center justify-center bg-token-main-surface-primary text-token-text-primary h-8 w-8\">\n<h3>FAQ dotycz\u0105ce jednorazowego vape Bang Box 20000<\/h3>\n<h3><\/h3>\n<h4>1. <strong>Czy mo\u017cna wnosi\u0107 jednorazowe vape na pok\u0142ad samolotu?<\/strong><\/h4>\n<p>Tak, jednorazowe vape, takie jak Bang Box, mo\u017cna przewozi\u0107 w baga\u017cu podr\u0119cznym, ale upewnij si\u0119, \u017ce urz\u0105dzenie jest wy\u0142\u0105czone i przestrzegaj przepis\u00f3w linii lotniczych dotycz\u0105cych baterii i e-liquid\u00f3w.<\/p>\n<h4>2. <strong>Jak na\u0142adowa\u0107 Bang Box 20000 Zaci\u0105gni\u0119\u0107?<\/strong><\/h4>\n<p>Na\u0142aduj urz\u0105dzenie za pomoc\u0105 do\u0142\u0105czonego portu \u0142adowania Type-C. Pod\u0142\u0105cz go do kompatybilnej \u0142adowarki i monitoruj stan baterii za pomoc\u0105 cyfrowego wy\u015bwietlacza.<\/p>\n<h4>3. <strong>Jak rozpozna\u0107, kiedy Bang Box jest pusty?<\/strong><\/h4>\n<p>Cyfrowy wy\u015bwietlacz na Bang Box pokazuje pozosta\u0142\u0105 liczb\u0119 zaci\u0105gni\u0119\u0107. Dodatkowo, s\u0142aby smak lub produkcja pary mog\u0105 wskazywa\u0107, \u017ce w urz\u0105dzeniu sko\u0144czy\u0142 si\u0119 e-liquid.<\/p>\n<h4>4. <strong>W jaki spos\u00f3b cyfrowy wy\u015bwietlacz poprawia wra\u017cenia z vapingu?<\/strong><\/h4>\n<p>Wy\u015bwietlacz pomaga u\u017cytkownikom \u015bledzi\u0107 \u017cywotno\u015b\u0107 baterii i liczb\u0119 zaci\u0105gni\u0119\u0107, zapewniaj\u0105c, \u017ce zawsze s\u0105 \u015bwiadomi stanu urz\u0105dzenia, co zapewnia p\u0142ynne wra\u017cenia.<\/p>\n<h4>5. <strong>Jakie s\u0105 korzy\u015bci z us\u0142ug OEM\/ODM dla Bang Box?<\/strong><\/h4>\n<p>Opcje OEM\/ODM vapestornado pozwalaj\u0105 firmom dostosowa\u0107 branding, opakowanie i projekt produktu, aby lepiej dopasowa\u0107 si\u0119 do potrzeb rynku, tworz\u0105c unikaln\u0105 ofert\u0119 dla klient\u00f3w.<\/p>\n<\/div>\n<\/div>\n<\/div>\n<\/div>\n<div class=\"flex-shrink-0 flex flex-col relative items-end\">\n<div class=\"pt-0\">\n<div class=\"gizmo-bot-avatar flex h-8 w-8 items-center justify-center overflow-hidden rounded-full\">\n<div class=\"relative p-1 rounded-sm flex items-center justify-center bg-token-main-surface-primary text-token-text-primary h-8 w-8\">\n<div class=\"mb-2 flex gap-3 empty:hidden -ml-2\">\n<div role=\"article\" data-tabster=\"{&quot;groupper&quot;:{&quot;tabbability&quot;:2},&quot;focusable&quot;:{}}\" data-content=\"ai-message\" aria-labelledby=\"Vdt5ez4X7Tg813x6rFVha-author Vdt5ez4X7Tg813x6rFVha-content\">\n<div id=\"Vdt5ez4X7Tg813x6rFVha-content\">\n<div role=\"article\" data-tabster=\"{&quot;groupper&quot;:{&quot;tabbability&quot;:2},&quot;focusable&quot;:{}}\" data-content=\"ai-message\" aria-labelledby=\"o968oC7CEo2fGHsGdsRYC-author o968oC7CEo2fGHsGdsRYC-content\">\n<div id=\"o968oC7CEo2fGHsGdsRYC-content\">\n<p>&nbsp;<\/p>\n<h3>Dlaczego warto wybra\u0107 vapestornado do hurtowej sprzeda\u017cy vape Bang Box 20000 Zaci\u0105gni\u0119\u0107?<\/h3>\n<div class=\"flex-shrink-0 flex flex-col relative items-end\">\n<div class=\"pt-0\">\n<div class=\"gizmo-bot-avatar flex h-8 w-8 items-center justify-center overflow-hidden rounded-full\">\n<div class=\"relative p-1 rounded-sm flex items-center justify-center bg-token-main-surface-primary text-token-text-primary h-8 w-8\">\n<p>Witamy w vapestornado, Twoim zaufanym sklepie internetowym z papierosami elektronicznymi premium. Z ponad 5-letnim do\u015bwiadczeniem, oferujemy popularne marki jednorazowych papieros\u00f3w elektronicznych, takie jak Fumot RandM Vape, <a href=\"https:\/\/vapestornado.com\/pl\/product\/vapme-crystal-7000-puffs-rechargeable-disposable-vape-wholesale-cheap-price\/\">Vapme<\/a>, Bang Vape, Waspe Vape, and WGA Vape, itp.<\/p>\n<p>Nasza oferta obejmuje popularne e-papierosy, takie jak <a href=\"https:\/\/vapestornado.com\/pl\/product\/fumot-randm-tornado-15000-puffs-rechargeable-disposable-vape-wholesale\/\">RandM Tornado 15000<\/a>, oraz bogate w smaku opcje, takie jak <a href=\"https:\/\/vapestornado.com\/pl\/product\/vapsolo-dg-18000-puffs-smart-screen-wholesale-disposable-cheap-vapes\/\">\u00a0Vapsolo DG18000 Zaci\u0105gni\u0119\u0107<\/a> . Ka\u017cdy produkt jest wybierany z my\u015bl\u0105 o jako\u015bci, warto\u015bci i r\u00f3\u017cnorodno\u015bci, dzi\u0119ki czemu znajdziesz idealne dopasowanie do swoich potrzeb. Odkryj wyj\u0105tkow\u0105 obs\u0142ug\u0119 i szerok\u0105 gam\u0119 najlepszych produkt\u00f3w w cenach hurtowych na vapestornado.<\/p>\n<\/div>\n<p>&nbsp;<\/p>\n<p><strong>Inne popularne jednorazowe e-papierosy<\/strong><\/p>\n<p><a href=\"https:\/\/vapestornado.com\/pl\/product\/aivono-flash-35000-puffs-rechargeable-disposable-vape-bulk-buy\/\">Aivono Flash 35000 Zaci\u0105gni\u0119\u0107 <span style=\"color: #ff0000;\"><strong>&gt;&gt;&gt;&gt; Dalej !<\/strong><\/span><\/a><\/p>\n<p><a href=\"https:\/\/vapestornado.com\/pl\/product\/vapme-crystal-7000-puffs-rechargeable-disposable-vape-wholesale-cheap-price\/\">Vape Crystal 7000 <span style=\"color: #ff0000;\"><strong>&gt;&gt;&gt;&gt; Dalej !<\/strong><\/span><\/a><\/p>\n<p><a href=\"https:\/\/vapestornado.com\/pl\/product\/bood-twins-46000-puff-double-flavour-low-nicotine-disposable-vape-wholesale-bulk-buy-price\/\">Bood Twins 46000<span style=\"color: #ff0000;\"><strong>&gt;&gt;&gt;&gt; Dalej !<\/strong><\/span><\/a><\/p>\n<\/div>\n<\/div>\n<\/div>\n<p>&nbsp;<\/p>\n<\/div>\n<\/div>\n<\/div>\n<\/div>\n<\/div>\n<\/div>\n<\/div>\n<\/div>\n<\/div>","protected":false},"excerpt":{"rendered":"<p>Oryginalny Bang Box 20000 Puffs Jednorazowe Vape Puff 20K Vape Pen<br \/>\nBang Box 20K 20000 Puff \u0141adowalny Jednorazowy Vape w Niskiej Cenie<br \/>\nBang Box 20K 20000 Puff Jednorazowy Vape z Inteligentnym Ekranem Cyfrowym<\/p>\n<p><strong>Dodaj Amy do WhatsAppa, aby uzyska\u0107 szybk\u0105 odpowied\u017a i kupon na vape!<\/strong><\/p>\n<p><img fetchpriority=\"high\" decoding=\"async\" class=\"size-full wp-image-2932\" src=\"https:\/\/vapestornado.com\/wp-content\/uploads\/2024\/12\/Vape-Wholesale.jpg\" alt=\"Hurtowa sprzeda\u017c e-papieros\u00f3w\" width=\"229\" height=\"300\" \/><\/p>\n<h3><a href=\"https:\/\/wa.me\/8617776015835\"><span style=\"color: #ff0000;\"><strong>WhatsApp: +86 17776015835<\/strong><\/span><\/a><\/h3>\n<p>&nbsp;<\/p>","protected":false},"featured_media":3346,"comment_status":"open","ping_status":"closed","template":"","meta":{"_acf_changed":false,"_uag_custom_page_level_css":"","_lmt_disableupdate":"no","_lmt_disable":"","_monsterinsights_skip_tracking":false,"_monsterinsights_sitenote_active":false,"_monsterinsights_sitenote_note":"","_monsterinsights_sitenote_category":0,"site-sidebar-layout":"default","site-content-layout":"","ast-site-content-layout":"default","site-content-style":"default","site-sidebar-style":"default","ast-global-header-display":"","ast-banner-title-visibility":"","ast-main-header-display":"","ast-hfb-above-header-display":"","ast-hfb-below-header-display":"","ast-hfb-mobile-header-display":"","site-post-title":"","ast-breadcrumbs-content":"","ast-featured-img":"","footer-sml-layout":"","ast-disable-related-posts":"","theme-transparent-header-meta":"default","adv-header-id-meta":"","stick-header-meta":"","header-above-stick-meta":"","header-main-stick-meta":"","header-below-stick-meta":"","astra-migrate-meta-layouts":"set","ast-page-background-enabled":"default","ast-page-background-meta":{"desktop":{"background-color":"","background-image":"","background-repeat":"repeat","background-position":"center center","background-size":"auto","background-attachment":"scroll","background-type":"","background-media":"","overlay-type":"","overlay-color":"","overlay-opacity":"","overlay-gradient":""},"tablet":{"background-color":"","background-image":"","background-repeat":"repeat","background-position":"center center","background-size":"auto","background-attachment":"scroll","background-type":"","background-media":"","overlay-type":"","overlay-color":"","overlay-opacity":"","overlay-gradient":""},"mobile":{"background-color":"","background-image":"","background-repeat":"repeat","background-position":"center center","background-size":"auto","background-attachment":"scroll","background-type":"","background-media":"","overlay-type":"","overlay-color":"","overlay-opacity":"","overlay-gradient":""}},"ast-content-background-meta":{"desktop":{"background-color":"var(--ast-global-color-5)","background-image":"","background-repeat":"repeat","background-position":"center center","background-size":"auto","background-attachment":"scroll","background-type":"","background-media":"","overlay-type":"","overlay-color":"","overlay-opacity":"","overlay-gradient":""},"tablet":{"background-color":"var(--ast-global-color-5)","background-image":"","background-repeat":"repeat","background-position":"center center","background-size":"auto","background-attachment":"scroll","background-type":"","background-media":"","overlay-type":"","overlay-color":"","overlay-opacity":"","overlay-gradient":""},"mobile":{"background-color":"var(--ast-global-color-5)","background-image":"","background-repeat":"repeat","background-position":"center center","background-size":"auto","background-attachment":"scroll","background-type":"","background-media":"","overlay-type":"","overlay-color":"","overlay-opacity":"","overlay-gradient":""}},"_joinchat":{"telephone":"+8617776015835"}},"product_brand":[],"product_cat":[69,64,152,156,160,142,144,19],"product_tag":[200,201,196,165,105,97,166,94],"class_list":{"0":"post-3367","1":"product","2":"type-product","3":"status-publish","4":"has-post-thumbnail","6":"product_cat-20000-puff","7":"product_cat-bangbox-vape","8":"product_cat-buy-disposable-vapes-in-cermany","9":"product_cat-buy-disposable-vapes-in-poland","10":"product_cat-buy-disposable-vapes-in-switzerland","11":"product_cat-digital-box-disposable-vapes","12":"product_cat-low-nicotine-disposable-vapes","13":"product_cat-vapes","14":"product_tag-bang-box-20000","15":"product_tag-bang-box-20k","16":"product_tag-bang-vape","17":"product_tag-cheap-vapes","18":"product_tag-digital-disposable-vape","19":"product_tag-hot-sale-disposable-vape","20":"product_tag-low-nicotine-vape","21":"product_tag-rechargeable-disposable-vape","22":"desktop-align-left","23":"tablet-align-left","24":"mobile-align-left","26":"first","27":"instock","28":"sale","29":"shipping-taxable","30":"purchasable","31":"product-type-simple"},"acf":[],"uagb_featured_image_src":{"full":["https:\/\/vapestornado.com\/wp-content\/uploads\/2024\/12\/Bang-Box-Vape-Disposable-Wholesale-20000-Puffs.jpg",1126,1126,false],"thumbnail":["https:\/\/vapestornado.com\/wp-content\/uploads\/2024\/12\/Bang-Box-Vape-Disposable-Wholesale-20000-Puffs-150x150.jpg",150,150,true],"medium":["https:\/\/vapestornado.com\/wp-content\/uploads\/2024\/12\/Bang-Box-Vape-Disposable-Wholesale-20000-Puffs-300x300.jpg",300,300,true],"medium_large":["https:\/\/vapestornado.com\/wp-content\/uploads\/2024\/12\/Bang-Box-Vape-Disposable-Wholesale-20000-Puffs-768x768.jpg",768,768,true],"large":["https:\/\/vapestornado.com\/wp-content\/uploads\/2024\/12\/Bang-Box-Vape-Disposable-Wholesale-20000-Puffs-1024x1024.jpg",1024,1024,true],"1536x1536":["https:\/\/vapestornado.com\/wp-content\/uploads\/2024\/12\/Bang-Box-Vape-Disposable-Wholesale-20000-Puffs.jpg",1126,1126,false],"2048x2048":["https:\/\/vapestornado.com\/wp-content\/uploads\/2024\/12\/Bang-Box-Vape-Disposable-Wholesale-20000-Puffs.jpg",1126,1126,false],"trp-custom-language-flag":["https:\/\/vapestornado.com\/wp-content\/uploads\/2024\/12\/Bang-Box-Vape-Disposable-Wholesale-20000-Puffs.jpg",12,12,false],"woocommerce_thumbnail":["https:\/\/vapestornado.com\/wp-content\/uploads\/2024\/12\/Bang-Box-Vape-Disposable-Wholesale-20000-Puffs-300x300.jpg",300,300,true],"woocommerce_single":["https:\/\/vapestornado.com\/wp-content\/uploads\/2024\/12\/Bang-Box-Vape-Disposable-Wholesale-20000-Puffs-600x600.jpg",600,600,true],"woocommerce_gallery_thumbnail":["https:\/\/vapestornado.com\/wp-content\/uploads\/2024\/12\/Bang-Box-Vape-Disposable-Wholesale-20000-Puffs-100x100.jpg",100,100,true]},"uagb_author_info":{"display_name":"ESAMY","author_link":"https:\/\/vapestornado.com\/pl\/author\/"},"uagb_comment_info":0,"uagb_excerpt":"Original Bang Box 20000 Puffs Disposable Vapes Puff 20K Vape Pen Bang Box 20K 20000 Puff Rechargeable Disposable Vape Cheap Price Bang Box 20K 20000 Puff Disposable Vape with Smart Screen Digital Display Add Amy's whatsapp get right reply and vape coupon! WhatsApp: +86 17776015835 &nbsp;","_links":{"self":[{"href":"https:\/\/vapestornado.com\/pl\/wp-json\/wp\/v2\/product\/3367","targetHints":{"allow":["GET"]}}],"collection":[{"href":"https:\/\/vapestornado.com\/pl\/wp-json\/wp\/v2\/product"}],"about":[{"href":"https:\/\/vapestornado.com\/pl\/wp-json\/wp\/v2\/types\/product"}],"replies":[{"embeddable":true,"href":"https:\/\/vapestornado.com\/pl\/wp-json\/wp\/v2\/comments?post=3367"}],"wp:featuredmedia":[{"embeddable":true,"href":"https:\/\/vapestornado.com\/pl\/wp-json\/wp\/v2\/media\/3346"}],"wp:attachment":[{"href":"https:\/\/vapestornado.com\/pl\/wp-json\/wp\/v2\/media?parent=3367"}],"wp:term":[{"taxonomy":"product_brand","embeddable":true,"href":"https:\/\/vapestornado.com\/pl\/wp-json\/wp\/v2\/product_brand?post=3367"},{"taxonomy":"product_cat","embeddable":true,"href":"https:\/\/vapestornado.com\/pl\/wp-json\/wp\/v2\/product_cat?post=3367"},{"taxonomy":"product_tag","embeddable":true,"href":"https:\/\/vapestornado.com\/pl\/wp-json\/wp\/v2\/product_tag?post=3367"}],"curies":[{"name":"wp","href":"https:\/\/api.w.org\/{rel}","templated":true}]}}