{"id":3338,"date":"2024-12-23T09:49:23","date_gmt":"2024-12-23T09:49:23","guid":{"rendered":"https:\/\/vapestornado.com\/?post_type=product&#038;p=3338"},"modified":"2025-12-08T09:54:00","modified_gmt":"2025-12-08T09:54:00","slug":"bood-twins-46000-puff-double-flavour-low-nicotine-disposable-vape-wholesale-bulk-buy-price","status":"publish","type":"product","link":"https:\/\/vapestornado.com\/pl\/product\/bood-twins-46000-puff-double-flavour-low-nicotine-disposable-vape-wholesale-bulk-buy-price\/","title":{"rendered":"Bood Twins 46000 Puff Podw\u00f3jny Smak Jednorazowy Vape o Niskiej Zawarto\u015bci Nikotyny Hurtowa Cena Zakupu"},"content":{"rendered":"<h2 class=\"product-title\">Bood Twins 46000 Puff pod jednorazowy vape z podw\u00f3jnym smakiem, prze\u0142\u0105cznik podw\u00f3jnego smaku i inteligentny ekran LED<\/h2>\n<p data-start=\"1069\" data-end=\"1289\">Cyfrowy ekran <strong data-start=\"113\" data-end=\"138\">Bood Twins 46000 Zaci\u0105gni\u0119\u0107<\/strong> jest wysokowydajnym podem jednorazowym zaprojektowanym dla u\u017cytkownik\u00f3w, kt\u00f3rzy chc\u0105 mie\u0107 dwa smaki w jednym urz\u0105dzeniu i \u017cywotno\u015b\u0107, kt\u00f3ra nie ko\u0144czy si\u0119 po kilku dniach. Dostarcza <strong data-start=\"286\" data-end=\"308\">do 46 000 puf\u00f3w<\/strong>, dzia\u0142a na <strong data-start=\"320\" data-end=\"344\">30ml wst\u0119pnie nape\u0142nionym zbiornikiem<\/strong>, i dodaje <strong data-start=\"357\" data-end=\"380\">prze\u0142\u0105cznik podw\u00f3jnego smaku<\/strong> aby\u015b m\u00f3g\u0142 zmienia\u0107 smak bez konieczno\u015bci wymiany urz\u0105dzenia. <strong data-start=\"433\" data-end=\"485\">Akumulator 650mAh z \u0142adowaniem Type-C<\/strong> Akumulator <strong data-start=\"541\" data-end=\"561\">Inteligentny ekran LED<\/strong> utrzymuje urz\u0105dzenie przy \u017cyciu, a\u017c do wyczerpania liquidu, podczas gdy<\/p>\n<h3 data-start=\"862\" data-end=\"937\">wy\u015bwietla liczb\u0119 puf\u00f3w, poziom baterii i stan liquidu w czasie rzeczywistym.<\/h3>\n<ul data-start=\"939\" data-end=\"1937\">\n<li data-start=\"939\" data-end=\"1160\">\n<p data-start=\"941\" data-end=\"1160\"><strong data-start=\"941\" data-end=\"978\">Dlaczego warto kupi\u0107 ten Bood Twins 46000 puf\u00f3w?<\/strong> Pojemno\u015b\u0107 potwierdzona przez rzeczywisty sprz\u0119t. <strong data-start=\"1045\" data-end=\"1065\">30ml e-liquidu<\/strong> Ocena 46K to nie tylko liczba na opakowaniu \u2014 jest wspierana przez<\/p>\n<\/li>\n<li data-start=\"1162\" data-end=\"1385\">\n<p data-start=\"1164\" data-end=\"1385\"><strong data-start=\"1164\" data-end=\"1200\">i \u0142adowalny akumulator, dzi\u0119ki czemu urz\u0105dzenie mo\u017ce dzia\u0142a\u0107 d\u0142ugo bez wcze\u015bniejszego wyschni\u0119cia.<\/strong> Cyfrowy ekran <strong data-start=\"1205\" data-end=\"1230\">Dwa smaki bez dodatkowego obci\u0105\u017cenia.<\/strong> system podw\u00f3jnego smaku<\/p>\n<\/li>\n<li data-start=\"1387\" data-end=\"1562\">\n<p data-start=\"1389\" data-end=\"1562\"><strong data-start=\"1389\" data-end=\"1450\">jest praktyczny do codziennego u\u017cytku: prze\u0142\u0105czaj profile, gdy zmienia si\u0119 Tw\u00f3j gust, zamiast nosi\u0107 dwa jednorazowe lub utkn\u0105\u0107 na jednym smaku na tygodnie.<\/strong> Dzi\u0119ki <strong data-start=\"1456\" data-end=\"1489\">\u0141adowalna bateria eliminuje typow\u0105 wad\u0119 jednorazowych urz\u0105dze\u0144.<\/strong>650mAh + szybkie \u0142adowanie Type-C<\/p>\n<\/li>\n<li data-start=\"1564\" data-end=\"1753\">\n<p data-start=\"1566\" data-end=\"1753\"><strong data-start=\"1566\" data-end=\"1593\">Przejrzyste informacje na pierwszy rzut oka.<\/strong> Cyfrowy ekran <strong data-start=\"1598\" data-end=\"1618\">Inteligentny ekran LED<\/strong> podaje liczb\u0119 chmur w czasie rzeczywistym, poziom baterii i stan liquidu. To oznacza mniej niespodzianek i lepsz\u0105 kontrol\u0119 nad \u0142adowaniem lub wymian\u0105.<\/p>\n<\/li>\n<li data-start=\"1755\" data-end=\"1937\">\n<p data-start=\"1757\" data-end=\"1937\"><strong data-start=\"1757\" data-end=\"1806\">Opcje nikotynowe pozostaj\u0105 proste i przyjazne dla UE.<\/strong> <strong data-start=\"1807\" data-end=\"1825\">0%, 2% i 5%<\/strong> obejmuje u\u017cywanie bez nikotyny, l\u017cejsze nawyki dzienne i mocniejsze uderzenia \u2014 bez narzucania jednej intensywno\u015bci wszystkim u\u017cytkownikom.<\/p>\n<\/li>\n<\/ul>\n<p><strong>Dodaj Amy na WhatsApp, aby uzyska\u0107 szybk\u0105 odpowied\u017a i kupon na vape!<\/strong><\/p>\n<p><img fetchpriority=\"high\" decoding=\"async\" class=\"size-full wp-image-2932\" src=\"https:\/\/vapestornado.com\/wp-content\/uploads\/2024\/12\/Vape-Wholesale.jpg\" alt=\"Hurtowa sprzeda\u017c e-papieros\u00f3w\" width=\"229\" height=\"300\" \/><\/p>\n<h3><a href=\"https:\/\/wa.me\/8617776015835\" target=\"_blank\" rel=\"noopener\"><span style=\"color: #ff0000;\"><strong>WhatsApp: +86 17776015835<\/strong><\/span><\/a><\/h3>\n<p>&nbsp;<\/p>\n<h2><span style=\"font-size: 1.5em; font-weight: bold;\">Kluczowe cechy produktu Bood Twins 46000\u00a0<\/span><\/h2>\n<div role=\"article\" data-tabster=\"{&quot;groupper&quot;:{&quot;tabbability&quot;:2},&quot;focusable&quot;:{}}\" data-content=\"ai-message\" aria-labelledby=\"juhNTJ6o7Gk1cgwZMJgv2-author juhNTJ6o7Gk1cgwZMJgv2-content\">\n<div id=\"juhNTJ6o7Gk1cgwZMJgv2-content\">\n<div role=\"article\" data-tabster=\"{&quot;groupper&quot;:{&quot;tabbability&quot;:2},&quot;focusable&quot;:{}}\" data-content=\"ai-message\" aria-labelledby=\"x4EZuCZWrTbh3weWUt7CU-author x4EZuCZWrTbh3weWUt7CU-content\">\n<div id=\"x4EZuCZWrTbh3weWUt7CU-content\">\n<table>\n<thead>\n<tr>\n<th>Funkcja<\/th>\n<th>Specyfikacja<\/th>\n<th>Szczeg\u00f3\u0142y<\/th>\n<\/tr>\n<\/thead>\n<tbody>\n<tr>\n<td>Pojemno\u015b\u0107 zaci\u0105gni\u0119\u0107<\/td>\n<td>Do 46 000 chmur<\/td>\n<td>Jednorazowy produkt o d\u0142ugiej \u017cywotno\u015bci, przeznaczony do d\u0142u\u017cszego codziennego u\u017cytkowania.<\/td>\n<\/tr>\n<tr>\n<td>System Smaku<\/td>\n<td>Podw\u00f3jny smak (prze\u0142\u0105cznik podw\u00f3jnego smaku)<\/td>\n<td>Dwa profile smakowe w jednym urz\u0105dzeniu; zmieniaj w dowolnym momencie.<\/td>\n<\/tr>\n<tr>\n<td>Obj\u0119to\u015b\u0107 E-Liquidu<\/td>\n<td>30ml nape\u0142nione wcze\u015bniej<\/td>\n<td>Du\u017cy zbiornik wspiera d\u0142ugie sesje i stabilne wyj\u015bcie.<\/td>\n<\/tr>\n<tr>\n<td>Bateria<\/td>\n<td>650mAh \u0142adowalny<\/td>\n<td>Na\u0142aduj, aby korzysta\u0107 z pe\u0142nej pojemno\u015bci liquidu zamiast wczesnej utylizacji.<\/td>\n<\/tr>\n<tr>\n<td>\u0141adowanie<\/td>\n<td>szybkie \u0142adowanie Type-C<\/td>\n<td>Szybkie do\u0142adowania za pomoc\u0105 standardowych kabli UE.<\/td>\n<\/tr>\n<tr>\n<td>Wy\u015bwietlacz<\/td>\n<td>Inteligentny ekran LED<\/td>\n<td>Pokazuje liczb\u0119 chmur, poziom baterii i stan liquidu w czasie rzeczywistym.<\/td>\n<\/tr>\n<tr>\n<td>Moce Nikotyny<\/td>\n<td>0% \/ 2% \/ 5% s\u00f3l nikotynowa<\/td>\n<td>Pasuje do u\u017cytkownik\u00f3w bez nikotyny, l\u017cejszych nawyk\u00f3w i intensywnych u\u017cytkownik\u00f3w.<\/td>\n<\/tr>\n<tr>\n<td>Przeznaczenie<\/td>\n<td>Jednorazowy, o du\u017cej pojemno\u015bci<\/td>\n<td>Prosta obs\u0142uga z d\u0142ugim czasem pracy.<\/td>\n<\/tr>\n<\/tbody>\n<\/table>\n<\/div>\n<\/div>\n<\/div>\n<\/div>\n<h2 class=\"product-title\"><strong>Popularny Smak dla Bood Twins 46000 Zaci\u0105gni\u0119\u0107<\/strong><\/h2>\n<p>1. Arbuz <strong><span style=\"color: #ff0000;\">&gt;&gt;&gt;&gt;&gt; Gor\u0105cy!<\/span><\/strong><br \/>\n2. Jab\u0142ko<br \/>\n3. Limonka<br \/>\n4. Zielone Jab\u0142ko<br \/>\n5. Kwa\u015bna Malina Jagodowa <strong><span style=\"color: #ff0000;\">&gt;&gt;&gt;&gt; Najlepszy !<\/span><\/strong><br \/>\n6. Czarna Porzeczka Malina<br \/>\n7. Brzoskwinia Mango<br \/>\n8. Winogrono <strong><span style=\"color: #ff0000;\">&gt;&gt;&gt;&gt;&gt; Gor\u0105cy!<\/span><\/strong><br \/>\n9. R\u00f3\u017cowa Lemonada<br \/>\n10. Zielone Winogrono<\/p>\n<h2>Dlaczego warto wybra\u0107 vapestornado do hurtowej sprzeda\u017cy vape Bood Twins 46000 Zaci\u0105gni\u0119\u0107?<\/h2>\n<div class=\"flex-shrink-0 flex flex-col relative items-end\">\n<div class=\"pt-0\">\n<div class=\"gizmo-bot-avatar flex h-8 w-8 items-center justify-center overflow-hidden rounded-full\">\n<div class=\"relative p-1 rounded-sm flex items-center justify-center bg-token-main-surface-primary text-token-text-primary h-8 w-8\">\n<p>Witamy w vapestornado, Twoim zaufanym sklepie internetowym z papierosami elektronicznymi premium. Z ponad 5-letnim do\u015bwiadczeniem, oferujemy popularne marki jednorazowych papieros\u00f3w elektronicznych, takie jak Fumot RandM Vape, <a href=\"https:\/\/vapestornado.com\/pl\/product\/vapme-crystal-7000-puffs-rechargeable-disposable-vape-wholesale-cheap-price\/\">Vapme<\/a>, Bang Vape, Waspe Vape, and WGA Vape, itp.<\/p>\n<p>Nasza oferta obejmuje popularne e-papierosy, takie jak <a href=\"https:\/\/vapestornado.com\/pl\/product\/fumot-randm-tornado-15000-puffs-rechargeable-disposable-vape-wholesale\/\">RandM Tornado 15000<\/a>, oraz bogate w smaku opcje, takie jak <a href=\"https:\/\/vapestornado.com\/pl\/product\/vapsolo-dg-18000-puffs-smart-screen-wholesale-disposable-cheap-vapes\/\">\u00a0Vapsolo DG18000 Zaci\u0105gni\u0119\u0107<\/a> . Ka\u017cdy produkt jest wybierany z my\u015bl\u0105 o jako\u015bci, warto\u015bci i r\u00f3\u017cnorodno\u015bci, dzi\u0119ki czemu znajdziesz idealne dopasowanie do swoich potrzeb. Odkryj wyj\u0105tkow\u0105 obs\u0142ug\u0119 i szerok\u0105 gam\u0119 najlepszych produkt\u00f3w w cenach hurtowych na vapestornado.<\/p>\n<\/div>\n<figure id=\"attachment_3305\" aria-describedby=\"caption-attachment-3305\" style=\"width: 1126px\" class=\"wp-caption alignnone\"><img decoding=\"async\" class=\"wp-image-3305 size-full\" src=\"https:\/\/vapestornado.com\/wp-content\/uploads\/2024\/12\/Best-Bood-Twins-46000-Puff-Disposable-Vape.jpg\" alt=\"Najlepszy Jednorazowy Vape Bood Twins 46000 Zaci\u0105gni\u0119\u0107\" width=\"1126\" height=\"1126\" srcset=\"https:\/\/vapestornado.com\/wp-content\/uploads\/2024\/12\/Best-Bood-Twins-46000-Puff-Disposable-Vape.jpg 1126w, https:\/\/vapestornado.com\/wp-content\/uploads\/2024\/12\/Best-Bood-Twins-46000-Puff-Disposable-Vape-300x300.jpg 300w, https:\/\/vapestornado.com\/wp-content\/uploads\/2024\/12\/Best-Bood-Twins-46000-Puff-Disposable-Vape-1024x1024.jpg 1024w, https:\/\/vapestornado.com\/wp-content\/uploads\/2024\/12\/Best-Bood-Twins-46000-Puff-Disposable-Vape-150x150.jpg 150w, https:\/\/vapestornado.com\/wp-content\/uploads\/2024\/12\/Best-Bood-Twins-46000-Puff-Disposable-Vape-768x768.jpg 768w, https:\/\/vapestornado.com\/wp-content\/uploads\/2024\/12\/Best-Bood-Twins-46000-Puff-Disposable-Vape-600x600.jpg 600w, https:\/\/vapestornado.com\/wp-content\/uploads\/2024\/12\/Best-Bood-Twins-46000-Puff-Disposable-Vape-100x100.jpg 100w\" sizes=\"(max-width: 1126px) 100vw, 1126px\" \/><figcaption id=\"caption-attachment-3305\" class=\"wp-caption-text\">Najlepszy Jednorazowy Vape Bood Twins 46000 Zaci\u0105gni\u0119\u0107<\/figcaption><\/figure>\n<div class=\"relative p-1 rounded-sm flex items-center justify-center bg-token-main-surface-primary text-token-text-primary h-8 w-8\">\n<h2>FAQ dotycz\u0105ce jednorazowego vape Bood Twins 46k<\/h2>\n<\/div>\n<\/div>\n<\/div>\n<\/div>\n<div class=\"flex-shrink-0 flex flex-col relative items-end\">\n<div class=\"pt-0\">\n<div class=\"gizmo-bot-avatar flex h-8 w-8 items-center justify-center overflow-hidden rounded-full\">\n<div class=\"relative p-1 rounded-sm flex items-center justify-center bg-token-main-surface-primary text-token-text-primary h-8 w-8\">\n<div class=\"mb-2 flex gap-3 empty:hidden -ml-2\">\n<div role=\"article\" data-tabster=\"{&quot;groupper&quot;:{&quot;tabbability&quot;:2},&quot;focusable&quot;:{}}\" data-content=\"ai-message\" aria-labelledby=\"Vdt5ez4X7Tg813x6rFVha-author Vdt5ez4X7Tg813x6rFVha-content\">\n<div id=\"Vdt5ez4X7Tg813x6rFVha-content\">\n<div role=\"article\" data-tabster=\"{&quot;groupper&quot;:{&quot;tabbability&quot;:2},&quot;focusable&quot;:{}}\" data-content=\"ai-message\" aria-labelledby=\"o968oC7CEo2fGHsGdsRYC-author o968oC7CEo2fGHsGdsRYC-content\">\n<div id=\"o968oC7CEo2fGHsGdsRYC-content\">\n<div class=\"flex max-w-full flex-col flex-grow\">\n<div class=\"min-h-8 text-message flex w-full flex-col items-end gap-2 whitespace-normal break-words text-start [.text-message+&amp;]:mt-5\" dir=\"auto\" data-message-author-role=\"assistant\" data-message-id=\"b080906d-586a-45a5-bbed-ade28bd7e809\" data-message-model-slug=\"gpt-4o\">\n<div class=\"flex w-full flex-col gap-1 empty:hidden first:pt-[3px]\">\n<div class=\"markdown prose w-full break-words dark:prose-invert light\">\n<ol data-start=\"3606\" data-end=\"4787\">\n<li data-start=\"3606\" data-end=\"3867\">\n<p data-start=\"3609\" data-end=\"3867\"><strong data-start=\"3609\" data-end=\"3725\">Jak to, \u017ce podw\u00f3jny smak w jednorazowym vape Bood Twins 46000 Puff utrzymuje sta\u0142o\u015b\u0107 przy tak du\u017cej liczbie chmur?<\/strong><br data-start=\"3725\" data-end=\"3728\" \/>Po\u0142\u0105czenie <strong data-start=\"3749\" data-end=\"3762\">30ml zbiornik<\/strong> i \u0142adowalnej mocy wspiera d\u0142ugie u\u017cytkowanie bez ostrych spadk\u00f3w, kt\u00f3re cz\u0119sto pokazuj\u0105 mniejsze jednoraz\u00f3wki.<\/p>\n<\/li>\n<li data-start=\"3869\" data-end=\"4092\">\n<p data-start=\"3872\" data-end=\"4092\"><strong data-start=\"3872\" data-end=\"3970\">Jaka jest praktyczna zaleta prze\u0142\u0105cznika podw\u00f3jnego smaku Bood Twins 46K podczas codziennego vapowania?<\/strong><br data-start=\"3970\" data-end=\"3973\" \/>Pozwala na zmian\u0119 smaku na \u017c\u0105danie, co utrzymuje \u015bwie\u017co\u015b\u0107 do\u015bwiadczenia przez tygodnie u\u017cytkowania bez konieczno\u015bci posiadania drugiego urz\u0105dzenia.<\/p>\n<\/li>\n<li data-start=\"4094\" data-end=\"4311\">\n<p data-start=\"4097\" data-end=\"4311\"><strong data-start=\"4097\" data-end=\"4193\">Czy jednorazowy vape Bood Twins 46000 Puff z \u0142adowaniem Type-C ko\u0144czy pe\u0142ne 30ml liquidu?<\/strong><br data-start=\"4193\" data-end=\"4196\" \/>\u0141adowalno\u015b\u0107 zosta\u0142a stworzona do tego celu \u2014 je\u015bli bateria roz\u0142aduje si\u0119 szybciej ni\u017c p\u0142yn, do\u0142adowanie przez Type-C pozwala na dalsze korzystanie.<\/p>\n<\/li>\n<li data-start=\"4313\" data-end=\"4542\">\n<p data-start=\"4316\" data-end=\"4542\"><strong data-start=\"4316\" data-end=\"4405\">Jak niezawodny jest ekran LED na smart ekranie Bood Twins 46000 Puff wysokiej pojemno\u015bci vape?<\/strong><br data-start=\"4405\" data-end=\"4408\" \/>Ekran pokazuje <strong data-start=\"4425\" data-end=\"4466\">liczba puf\u00f3w, stan baterii i poziom p\u0142ynu<\/strong>, zapewniaj\u0105c jasne, rzeczywiste \u015bledzenie w czasie rzeczywistym, aby\u015b m\u00f3g\u0142 planowa\u0107 \u0142adowanie i wymian\u0119.<\/p>\n<\/li>\n<li data-start=\"4544\" data-end=\"4787\">\n<p data-start=\"4547\" data-end=\"4787\"><strong data-start=\"4547\" data-end=\"4650\">Kt\u00f3ra moc nikotyny odpowiada r\u00f3\u017cnym u\u017cytkownikom w jednorazowym Bood Twins 46000 Puff z nisk\u0105 zawarto\u015bci\u0105 nikotyny?<\/strong><br data-start=\"4650\" data-end=\"4653\" \/><strong data-start=\"4653\" data-end=\"4659\">0%<\/strong> dzia\u0142a dla u\u017cycia wy\u0142\u0105cznie smakowego, <strong data-start=\"4688\" data-end=\"4694\">2%<\/strong> pasuje do lekkich do umiarkowanych codziennych nawyk\u00f3w, i <strong data-start=\"4736\" data-end=\"4742\">5%<\/strong> jest dla u\u017cytkownik\u00f3w, kt\u00f3rzy chc\u0105 silniejszej satysfakcji.<\/p>\n<\/li>\n<\/ol>\n<\/div>\n<\/div>\n<\/div>\n<\/div>\n<\/div>\n<\/div>\n<\/div>\n<\/div>\n<\/div>\n<\/div>\n<\/div>\n<\/div>\n<\/div>","protected":false},"excerpt":{"rendered":"<p data-start=\"1329\" data-end=\"1500\">Bood Twins 46000 Puff pod jednorazowy vape o podw\u00f3jnym smaku z 30ml wst\u0119pnie nape\u0142nionego e-liquidu, prze\u0142\u0105czaniem podw\u00f3jnych smak\u00f3w, inteligentnym ekranem LED i bateri\u0105 \u0142adowan\u0105 Type-C o pojemno\u015bci 650mAh. Do 46 000 puf\u00f3w z nikotyn\u0105 0%, 2% lub 5% na d\u0142ugi, kontrolowany i zr\u00f3\u017cnicowany smakowo czas u\u017cytkowania. <strong data-start=\"1456\" data-end=\"1497\">zam\u00f3wie\u0144 hurtowych po niskich cenach<\/strong>.<\/p>\n<p><strong>Dodaj Amy do WhatsAppa, aby uzyska\u0107 szybk\u0105 odpowied\u017a i kupon na vape!<\/strong><\/p>\n<p><img fetchpriority=\"high\" decoding=\"async\" class=\"size-full wp-image-2932\" src=\"https:\/\/vapestornado.com\/wp-content\/uploads\/2024\/12\/Vape-Wholesale.jpg\" alt=\"Hurtowa sprzeda\u017c e-papieros\u00f3w\" width=\"229\" height=\"300\" \/><\/p>\n<h3><a href=\"https:\/\/wa.me\/8617776015835\"><span style=\"color: #ff0000;\"><strong>WhatsApp: +86 17776015835<\/strong><\/span><\/a><\/h3>\n<p>&nbsp;<\/p>","protected":false},"featured_media":3307,"comment_status":"open","ping_status":"closed","template":"","meta":{"_acf_changed":false,"_uag_custom_page_level_css":"","_lmt_disableupdate":"no","_lmt_disable":"","_monsterinsights_skip_tracking":false,"_monsterinsights_sitenote_active":false,"_monsterinsights_sitenote_note":"","_monsterinsights_sitenote_category":0,"site-sidebar-layout":"default","site-content-layout":"","ast-site-content-layout":"default","site-content-style":"default","site-sidebar-style":"default","ast-global-header-display":"","ast-banner-title-visibility":"","ast-main-header-display":"","ast-hfb-above-header-display":"","ast-hfb-below-header-display":"","ast-hfb-mobile-header-display":"","site-post-title":"","ast-breadcrumbs-content":"","ast-featured-img":"","footer-sml-layout":"","ast-disable-related-posts":"","theme-transparent-header-meta":"default","adv-header-id-meta":"","stick-header-meta":"","header-above-stick-meta":"","header-main-stick-meta":"","header-below-stick-meta":"","astra-migrate-meta-layouts":"set","ast-page-background-enabled":"default","ast-page-background-meta":{"desktop":{"background-color":"","background-image":"","background-repeat":"repeat","background-position":"center center","background-size":"auto","background-attachment":"scroll","background-type":"","background-media":"","overlay-type":"","overlay-color":"","overlay-opacity":"","overlay-gradient":""},"tablet":{"background-color":"","background-image":"","background-repeat":"repeat","background-position":"center center","background-size":"auto","background-attachment":"scroll","background-type":"","background-media":"","overlay-type":"","overlay-color":"","overlay-opacity":"","overlay-gradient":""},"mobile":{"background-color":"","background-image":"","background-repeat":"repeat","background-position":"center center","background-size":"auto","background-attachment":"scroll","background-type":"","background-media":"","overlay-type":"","overlay-color":"","overlay-opacity":"","overlay-gradient":""}},"ast-content-background-meta":{"desktop":{"background-color":"var(--ast-global-color-5)","background-image":"","background-repeat":"repeat","background-position":"center center","background-size":"auto","background-attachment":"scroll","background-type":"","background-media":"","overlay-type":"","overlay-color":"","overlay-opacity":"","overlay-gradient":""},"tablet":{"background-color":"var(--ast-global-color-5)","background-image":"","background-repeat":"repeat","background-position":"center center","background-size":"auto","background-attachment":"scroll","background-type":"","background-media":"","overlay-type":"","overlay-color":"","overlay-opacity":"","overlay-gradient":""},"mobile":{"background-color":"var(--ast-global-color-5)","background-image":"","background-repeat":"repeat","background-position":"center center","background-size":"auto","background-attachment":"scroll","background-type":"","background-media":"","overlay-type":"","overlay-color":"","overlay-opacity":"","overlay-gradient":""}},"_joinchat":{"telephone":"+8617776015835"}},"product_brand":[],"product_cat":[140,230,193,149,158,144,146],"product_tag":[194,165,91,195,97,166,189,191,94],"class_list":{"0":"post-3338","1":"product","2":"type-product","3":"status-publish","4":"has-post-thumbnail","6":"product_cat-big-puffs-disposable-vapes","7":"product_cat-46000-puff","8":"product_cat-bood-disposable-vapes","9":"product_cat-buy-disposable-vapes-in-austria","10":"product_cat-buy-disposable-vapes-in-spain","11":"product_cat-low-nicotine-disposable-vapes","12":"product_cat-rechargeable-disposable-vapes","13":"product_tag-bood-twins-46000","14":"product_tag-cheap-vapes","15":"product_tag-double-flavour","16":"product_tag-dual-flavor-disposable-vape","17":"product_tag-hot-sale-disposable-vape","18":"product_tag-low-nicotine-vape","19":"product_tag-puff-50k","20":"product_tag-pulse-disposable-vape","21":"product_tag-rechargeable-disposable-vape","22":"desktop-align-left","23":"tablet-align-left","24":"mobile-align-left","26":"first","27":"instock","28":"sale","29":"shipping-taxable","30":"purchasable","31":"product-type-simple"},"acf":[],"uagb_featured_image_src":{"full":["https:\/\/vapestornado.com\/wp-content\/uploads\/2024\/12\/Bood-Twins-46000-Disposable-Vape-Wholesale.jpg",1126,1126,false],"thumbnail":["https:\/\/vapestornado.com\/wp-content\/uploads\/2024\/12\/Bood-Twins-46000-Disposable-Vape-Wholesale-150x150.jpg",150,150,true],"medium":["https:\/\/vapestornado.com\/wp-content\/uploads\/2024\/12\/Bood-Twins-46000-Disposable-Vape-Wholesale-300x300.jpg",300,300,true],"medium_large":["https:\/\/vapestornado.com\/wp-content\/uploads\/2024\/12\/Bood-Twins-46000-Disposable-Vape-Wholesale-768x768.jpg",768,768,true],"large":["https:\/\/vapestornado.com\/wp-content\/uploads\/2024\/12\/Bood-Twins-46000-Disposable-Vape-Wholesale-1024x1024.jpg",1024,1024,true],"1536x1536":["https:\/\/vapestornado.com\/wp-content\/uploads\/2024\/12\/Bood-Twins-46000-Disposable-Vape-Wholesale.jpg",1126,1126,false],"2048x2048":["https:\/\/vapestornado.com\/wp-content\/uploads\/2024\/12\/Bood-Twins-46000-Disposable-Vape-Wholesale.jpg",1126,1126,false],"trp-custom-language-flag":["https:\/\/vapestornado.com\/wp-content\/uploads\/2024\/12\/Bood-Twins-46000-Disposable-Vape-Wholesale.jpg",12,12,false],"woocommerce_thumbnail":["https:\/\/vapestornado.com\/wp-content\/uploads\/2024\/12\/Bood-Twins-46000-Disposable-Vape-Wholesale-300x300.jpg",300,300,true],"woocommerce_single":["https:\/\/vapestornado.com\/wp-content\/uploads\/2024\/12\/Bood-Twins-46000-Disposable-Vape-Wholesale-600x600.jpg",600,600,true],"woocommerce_gallery_thumbnail":["https:\/\/vapestornado.com\/wp-content\/uploads\/2024\/12\/Bood-Twins-46000-Disposable-Vape-Wholesale-100x100.jpg",100,100,true]},"uagb_author_info":{"display_name":"ESAMY","author_link":"https:\/\/vapestornado.com\/pl\/author\/"},"uagb_comment_info":0,"uagb_excerpt":"Bood Twins 46000 Puff double-flavour disposable vape with 30ml pre-filled e-liquid, dual-flavour switching, smart LED screen, and 650mAh Type-C rechargeable battery. Up to 46,000 puffs with 0%, 2%, or 5% nicotine for long, controlled, flavour-varied use. wholesale bulk orders at cheap prices. Add Amy's whatsapp get right reply and vape coupon! WhatsApp: +86 17776015835 &nbsp;","_links":{"self":[{"href":"https:\/\/vapestornado.com\/pl\/wp-json\/wp\/v2\/product\/3338","targetHints":{"allow":["GET"]}}],"collection":[{"href":"https:\/\/vapestornado.com\/pl\/wp-json\/wp\/v2\/product"}],"about":[{"href":"https:\/\/vapestornado.com\/pl\/wp-json\/wp\/v2\/types\/product"}],"replies":[{"embeddable":true,"href":"https:\/\/vapestornado.com\/pl\/wp-json\/wp\/v2\/comments?post=3338"}],"wp:featuredmedia":[{"embeddable":true,"href":"https:\/\/vapestornado.com\/pl\/wp-json\/wp\/v2\/media\/3307"}],"wp:attachment":[{"href":"https:\/\/vapestornado.com\/pl\/wp-json\/wp\/v2\/media?parent=3338"}],"wp:term":[{"taxonomy":"product_brand","embeddable":true,"href":"https:\/\/vapestornado.com\/pl\/wp-json\/wp\/v2\/product_brand?post=3338"},{"taxonomy":"product_cat","embeddable":true,"href":"https:\/\/vapestornado.com\/pl\/wp-json\/wp\/v2\/product_cat?post=3338"},{"taxonomy":"product_tag","embeddable":true,"href":"https:\/\/vapestornado.com\/pl\/wp-json\/wp\/v2\/product_tag?post=3338"}],"curies":[{"name":"wp","href":"https:\/\/api.w.org\/{rel}","templated":true}]}}