{"id":3302,"date":"2024-12-20T09:00:58","date_gmt":"2024-12-20T09:00:58","guid":{"rendered":"https:\/\/vapestornado.com\/?post_type=product&#038;p=3302"},"modified":"2025-08-23T10:40:53","modified_gmt":"2025-08-23T10:40:53","slug":"fumot-digital-box-12000-puffs-disposable-vape","status":"publish","type":"product","link":"https:\/\/vapestornado.com\/pl\/product\/fumot-digital-box-12000-puffs-disposable-vape\/","title":{"rendered":"Fumot Digital Box 12000 Puffs Jednorazowy Vape"},"content":{"rendered":"<h1>Fumot Digital Box 12000 Puffs Jednorazowy Vape<\/h1>\n<p data-start=\"283\" data-end=\"581\">Cyfrowy ekran <strong data-start=\"287\" data-end=\"336\">Fumot Digital Box 12000 Puffs Jednorazowy Vape<\/strong> jest stworzony dla sprzedawc\u00f3w detalicznych i dystrybutor\u00f3w poszukuj\u0105cych niezawodnego, bogatego w funkcje urz\u0105dzenia. Z maksymalnie <strong data-start=\"437\" data-end=\"453\">12 000 zaci\u0105gni\u0119\u0107<\/strong> na jednostk\u0119 i <strong data-start=\"469\" data-end=\"502\">20 ml wst\u0119pnie nape\u0142nionego zbiornika e-liquidu<\/strong>, oferuje doskona\u0142\u0105 warto\u015b\u0107 i d\u0142ugotrwa\u0142e u\u017cytkowanie dla klient\u00f3w w ca\u0142ej Europie.<\/p>\n<p data-start=\"583\" data-end=\"889\">Zasilany przez <strong data-start=\"596\" data-end=\"627\">akumulator 550mAh<\/strong> z <strong data-start=\"633\" data-end=\"652\">\u0142adowanie typu C<\/strong>, Fumot 12K zapewnia sta\u0142\u0105 wydajno\u015b\u0107 i minimalne przestoje. Jego <strong data-start=\"720\" data-end=\"744\">technologii mesh coil<\/strong> zapewnia g\u0142adk\u0105 par\u0119 i pe\u0142ny smak, a <strong data-start=\"794\" data-end=\"823\">cyfrowe wska\u017aniki ekranowe<\/strong> wyra\u017anie pokazuj\u0105 poziom e-liquidu i baterii dla wi\u0119kszej wygody.<\/p>\n<p data-start=\"891\" data-end=\"1195\">Kompaktowe i stylowe urz\u0105dzenie jest przeznaczone zar\u00f3wno dla pocz\u0105tkuj\u0105cych, jak i do\u015bwiadczonych u\u017cytkownik\u00f3w, kt\u00f3rzy oczekuj\u0105 niezawodnej wydajno\u015bci w przeno\u015bnej formie. Dla hurtownik\u00f3w <strong data-start=\"1049\" data-end=\"1074\">Fumot Cyfrowa Pude\u0142ko 12K<\/strong> \u0142\u0105czy pojemno\u015b\u0107, nowoczesny design i <strong data-start=\"1113\" data-end=\"1146\">konkurencyjne ceny hurtowe<\/strong>, co czyni go op\u0142acaln\u0105 opcj\u0105 dla sprzeda\u017cy hurtowej.<\/p>\n<p><img fetchpriority=\"high\" decoding=\"async\" class=\"alignnone size-full wp-image-3415\" src=\"https:\/\/vapestornado.com\/wp-content\/uploads\/2024\/12\/RandM-Fumot-Vape-Distributor-Best-Price.jpg\" alt=\"Dystrybutor RandM Fumot Vape Najlepsza cena\" width=\"1684\" height=\"1080\" srcset=\"https:\/\/vapestornado.com\/wp-content\/uploads\/2024\/12\/RandM-Fumot-Vape-Distributor-Best-Price.jpg 1684w, https:\/\/vapestornado.com\/wp-content\/uploads\/2024\/12\/RandM-Fumot-Vape-Distributor-Best-Price-300x192.jpg 300w, https:\/\/vapestornado.com\/wp-content\/uploads\/2024\/12\/RandM-Fumot-Vape-Distributor-Best-Price-1024x657.jpg 1024w, https:\/\/vapestornado.com\/wp-content\/uploads\/2024\/12\/RandM-Fumot-Vape-Distributor-Best-Price-768x493.jpg 768w, https:\/\/vapestornado.com\/wp-content\/uploads\/2024\/12\/RandM-Fumot-Vape-Distributor-Best-Price-1536x985.jpg 1536w, https:\/\/vapestornado.com\/wp-content\/uploads\/2024\/12\/RandM-Fumot-Vape-Distributor-Best-Price-600x385.jpg 600w\" sizes=\"(max-width: 1684px) 100vw, 1684px\" \/><\/p>\n<h3><strong>Cechy produktu:<\/strong><\/h3>\n<ul>\n<li><strong>Pojemno\u015b\u0107 12000 zaci\u0105gni\u0119\u0107<\/strong>: D\u0142ugotrwa\u0142a wydajno\u015b\u0107 na wiele dni wapowania bez ponownego nape\u0142niania.<\/li>\n<li><strong>20 ml E-liquidu<\/strong>: Wst\u0119pnie nape\u0142niony dla Twojej wygody i doskona\u0142ego smaku.<\/li>\n<li><strong>Technologia Mesh Coil<\/strong>: G\u0142adka produkcja pary i intensywny smak.<\/li>\n<li><strong>Akumulator 550 mAh<\/strong>: Obs\u0142uguje wyd\u0142u\u017cone u\u017cytkowanie dzi\u0119ki niezawodnej mocy.<\/li>\n<li><strong>E-liquid (E-p\u0142yn)<\/strong>: B\u0105d\u017a na bie\u017c\u0105co ze statusem swojego vape'a bez wysi\u0142ku.<\/li>\n<\/ul>\n<p><img decoding=\"async\" class=\"alignnone size-full wp-image-3413\" src=\"https:\/\/vapestornado.com\/wp-content\/uploads\/2024\/12\/Mesh-Coil-12000-Puffs-Disposable-Vape.png\" alt=\"Jednorazowy vape z grza\u0142k\u0105 Mesh Coil 12000 zaci\u0105gni\u0119\u0107\" width=\"1033\" height=\"592\" srcset=\"https:\/\/vapestornado.com\/wp-content\/uploads\/2024\/12\/Mesh-Coil-12000-Puffs-Disposable-Vape.png 1033w, https:\/\/vapestornado.com\/wp-content\/uploads\/2024\/12\/Mesh-Coil-12000-Puffs-Disposable-Vape-300x172.png 300w, https:\/\/vapestornado.com\/wp-content\/uploads\/2024\/12\/Mesh-Coil-12000-Puffs-Disposable-Vape-1024x587.png 1024w, https:\/\/vapestornado.com\/wp-content\/uploads\/2024\/12\/Mesh-Coil-12000-Puffs-Disposable-Vape-768x440.png 768w, https:\/\/vapestornado.com\/wp-content\/uploads\/2024\/12\/Mesh-Coil-12000-Puffs-Disposable-Vape-600x344.png 600w\" sizes=\"(max-width: 1033px) 100vw, 1033px\" \/> <img decoding=\"async\" class=\"alignnone size-full wp-image-3414\" src=\"https:\/\/vapestornado.com\/wp-content\/uploads\/2024\/12\/RandM-Fumot-12000-Puffs-Vape-Hot-Sale.png\" alt=\"RandM Fumot 12000 Zaci\u0105gni\u0119\u0107 Vape Gor\u0105ca wyprzeda\u017c\" width=\"1067\" height=\"609\" srcset=\"https:\/\/vapestornado.com\/wp-content\/uploads\/2024\/12\/RandM-Fumot-12000-Puffs-Vape-Hot-Sale.png 1067w, https:\/\/vapestornado.com\/wp-content\/uploads\/2024\/12\/RandM-Fumot-12000-Puffs-Vape-Hot-Sale-300x171.png 300w, https:\/\/vapestornado.com\/wp-content\/uploads\/2024\/12\/RandM-Fumot-12000-Puffs-Vape-Hot-Sale-1024x584.png 1024w, https:\/\/vapestornado.com\/wp-content\/uploads\/2024\/12\/RandM-Fumot-12000-Puffs-Vape-Hot-Sale-768x438.png 768w, https:\/\/vapestornado.com\/wp-content\/uploads\/2024\/12\/RandM-Fumot-12000-Puffs-Vape-Hot-Sale-600x342.png 600w\" sizes=\"(max-width: 1067px) 100vw, 1067px\" \/> <img loading=\"lazy\" decoding=\"async\" class=\"alignnone size-full wp-image-3410\" src=\"https:\/\/vapestornado.com\/wp-content\/uploads\/2024\/12\/Fumot-Digital-box-12000-Puffs-Disposable-Vape-Wholesale.png\" alt=\"Hurtownia jednorazowych vape Fumot Digital box 12000 zaci\u0105gni\u0119\u0107\" width=\"1010\" height=\"659\" srcset=\"https:\/\/vapestornado.com\/wp-content\/uploads\/2024\/12\/Fumot-Digital-box-12000-Puffs-Disposable-Vape-Wholesale.png 1010w, https:\/\/vapestornado.com\/wp-content\/uploads\/2024\/12\/Fumot-Digital-box-12000-Puffs-Disposable-Vape-Wholesale-300x196.png 300w, https:\/\/vapestornado.com\/wp-content\/uploads\/2024\/12\/Fumot-Digital-box-12000-Puffs-Disposable-Vape-Wholesale-768x501.png 768w, https:\/\/vapestornado.com\/wp-content\/uploads\/2024\/12\/Fumot-Digital-box-12000-Puffs-Disposable-Vape-Wholesale-600x391.png 600w\" sizes=\"(max-width: 1010px) 100vw, 1010px\" \/> <img loading=\"lazy\" decoding=\"async\" class=\"alignnone size-full wp-image-3406\" src=\"https:\/\/vapestornado.com\/wp-content\/uploads\/2024\/12\/550mAh-Fumot-Digital-Box-Vape-Trader.png\" alt=\"Handlarz vape 550mAh Fumot Digital Box\" width=\"1050\" height=\"659\" srcset=\"https:\/\/vapestornado.com\/wp-content\/uploads\/2024\/12\/550mAh-Fumot-Digital-Box-Vape-Trader.png 1050w, https:\/\/vapestornado.com\/wp-content\/uploads\/2024\/12\/550mAh-Fumot-Digital-Box-Vape-Trader-300x188.png 300w, https:\/\/vapestornado.com\/wp-content\/uploads\/2024\/12\/550mAh-Fumot-Digital-Box-Vape-Trader-1024x643.png 1024w, https:\/\/vapestornado.com\/wp-content\/uploads\/2024\/12\/550mAh-Fumot-Digital-Box-Vape-Trader-768x482.png 768w, https:\/\/vapestornado.com\/wp-content\/uploads\/2024\/12\/550mAh-Fumot-Digital-Box-Vape-Trader-600x377.png 600w\" sizes=\"(max-width: 1050px) 100vw, 1050px\" \/><\/p>\n<h2>RandM Cyfrowa Pude\u0142ko 12k Zaci\u0105gni\u0119\u0107<strong> Lista Smak\u00f3w:<\/strong><\/h2>\n<ul>\n<li>Bananowy L\u00f3d<\/li>\n<li>Czarny L\u00f3d<\/li>\n<li>Niebieska Malina z Lodem<\/li>\n<li>Jagoda na Lodzie<\/li>\n<li>Jagoda i Malina<\/li>\n<li>Kwa\u015bna Malina Jagodowa<\/li>\n<li>Wi\u015bniowy L\u00f3d<\/li>\n<li>Wi\u015bniowa Cola<\/li>\n<li>Cola L\u00f3d<\/li>\n<li>Ch\u0142odna Mi\u0119ta<\/li>\n<li>Podw\u00f3jne Jab\u0142ko<\/li>\n<li>Dr Blue<\/li>\n<li>Winogronowy L\u00f3d<\/li>\n<li>L\u00f3d na Patyku<\/li>\n<li>Kiwi Marakuja Guawa<\/li>\n<li>Mi\u0142o\u015b\u0107 66<\/li>\n<li>Lush Ice<\/li>\n<li>Mieszanka Jag\u00f3d<\/li>\n<li>Brzoskwinia Jagoda<\/li>\n<li>Brzoskwinia z Lodem<\/li>\n<li>Brzoskwiniowo-Mango-Ananasowy<\/li>\n<li>Ananasowy L\u00f3d<\/li>\n<li>R\u00f3\u017cowa Lemoniada<\/li>\n<li>Skittles<\/li>\n<li>Truskawkowo-Bananowy<\/li>\n<li>Truskawkowe Winogrono<\/li>\n<li>Truskawkowe lody<\/li>\n<li>Truskawkowa Arbuz<\/li>\n<li>Potr\u00f3jne Mango<\/li>\n<li>Vimto<\/li>\n<\/ul>\n<h3>RandM 12000 Top 5 Smak\u00f3w<\/h3>\n<ol>\n<li><strong>Bananowy L\u00f3d<\/strong>: S\u0142odki banan z ch\u0142odz\u0105cym mentolowym wyko\u0144czeniem.<\/li>\n<li><strong>Kwa\u015bna Malina Jagodowa<\/strong>: Pikantna jagoda z kwa\u015bnym akcentem malinowym.<\/li>\n<li><strong>Kiwi Marakuja Guawa<\/strong>: Tropikalna mieszanka egzotycznych owoc\u00f3w.<\/li>\n<li><strong>Brzoskwiniowo-Mango-Ananasowy<\/strong>: Soczyste po\u0142\u0105czenie brzoskwini, mango i ananasa.<\/li>\n<li><strong>Cola L\u00f3d<\/strong>: Klasyczny smak coli z orze\u017awiaj\u0105cym, lodowym akcentem.<\/li>\n<\/ol>\n<h2>Dlaczego warto wybra\u0107 Fumot digital box 12000 Puff Vape?<\/h2>\n<p><strong>Fumot 12000 cyfrowe pude\u0142ko e-papieros\u00f3w<\/strong> oferuje niezr\u00f3wnan\u0105 warto\u015b\u0107 dzi\u0119ki ogromnej pojemno\u015bci, wysokiej jako\u015bci materia\u0142om i innowacyjnym funkcjom. Idealny dla tych, kt\u00f3rzy ceni\u0105 wygod\u0119 \u2013 jest wst\u0119pnie nape\u0142niony, \u0142adowalny i zapewnia doskona\u0142e wra\u017cenia z wapowania. Szeroka gama smak\u00f3w zaspokoi ka\u017cde preferencje, a stylowy wygl\u0105d wyr\u00f3\u017cnia go na tle konkurencji.<\/p>\n<h4>Fumot Vape 12k hurtownia Skontaktuj si\u0119 i uzyskaj zni\u017ck\u0119 ju\u017c teraz!<\/h4>\n<figure id=\"attachment_2921\" aria-describedby=\"caption-attachment-2921\" style=\"width: 887px\" class=\"wp-caption alignnone\"><img loading=\"lazy\" decoding=\"async\" class=\"size-large wp-image-2921\" src=\"https:\/\/vapestornado.com\/wp-content\/uploads\/2024\/11\/20062b3a285f900e79520aad496b94d-887x1024.jpg\" alt=\"vapestornado Vicky\" width=\"887\" height=\"1024\" srcset=\"https:\/\/vapestornado.com\/wp-content\/uploads\/2024\/11\/20062b3a285f900e79520aad496b94d-887x1024.jpg 887w, https:\/\/vapestornado.com\/wp-content\/uploads\/2024\/11\/20062b3a285f900e79520aad496b94d-260x300.jpg 260w, https:\/\/vapestornado.com\/wp-content\/uploads\/2024\/11\/20062b3a285f900e79520aad496b94d-768x887.jpg 768w, https:\/\/vapestornado.com\/wp-content\/uploads\/2024\/11\/20062b3a285f900e79520aad496b94d-600x693.jpg 600w, https:\/\/vapestornado.com\/wp-content\/uploads\/2024\/11\/20062b3a285f900e79520aad496b94d.jpg 1080w\" sizes=\"(max-width: 887px) 100vw, 887px\" \/><figcaption id=\"caption-attachment-2921\" class=\"wp-caption-text\">vapestornado Vicky<\/figcaption><\/figure>","protected":false},"excerpt":{"rendered":"<p><strong><span style=\"color: #ff0000;\"><span style=\"color: #000000;\">Fumot Digital Box 12000 Puffs oferuje 20 ml e-liquidu, siatkow\u0105 grza\u0142k\u0119 zapewniaj\u0105c\u0105 smak i cyfrowy ekran. Kompaktowy, \u0142adowalny waporyzator idealny dla hurtowych nabywc\u00f3w w Europie.<\/span>(nasza cena na stronie nie zawiera koszt\u00f3w wysy\u0142ki, skontaktuj si\u0119 ze mn\u0105, aby uzyska\u0107 pe\u0142n\u0105 cen\u0119 i zni\u017ck\u0119!)<\/span><\/strong><\/p>\n<p><img loading=\"lazy\" decoding=\"async\" class=\"size-medium wp-image-2921\" src=\"https:\/\/vapestornado.com\/wp-content\/uploads\/2024\/11\/20062b3a285f900e79520aad496b94d-260x300.jpg\" alt=\"vapestornado Vicky\" width=\"260\" height=\"300\" srcset=\"https:\/\/vapestornado.com\/wp-content\/uploads\/2024\/11\/20062b3a285f900e79520aad496b94d-260x300.jpg 260w, https:\/\/vapestornado.com\/wp-content\/uploads\/2024\/11\/20062b3a285f900e79520aad496b94d-887x1024.jpg 887w, https:\/\/vapestornado.com\/wp-content\/uploads\/2024\/11\/20062b3a285f900e79520aad496b94d-768x887.jpg 768w, https:\/\/vapestornado.com\/wp-content\/uploads\/2024\/11\/20062b3a285f900e79520aad496b94d-600x693.jpg 600w, https:\/\/vapestornado.com\/wp-content\/uploads\/2024\/11\/20062b3a285f900e79520aad496b94d.jpg 1080w\" sizes=\"(max-width: 260px) 100vw, 260px\" \/><\/p>","protected":false},"featured_media":3409,"comment_status":"open","ping_status":"closed","template":"","meta":{"_acf_changed":false,"_uag_custom_page_level_css":"","_lmt_disableupdate":"no","_lmt_disable":"","_monsterinsights_skip_tracking":false,"_monsterinsights_sitenote_active":false,"_monsterinsights_sitenote_note":"","_monsterinsights_sitenote_category":0,"site-sidebar-layout":"default","site-content-layout":"","ast-site-content-layout":"default","site-content-style":"default","site-sidebar-style":"default","ast-global-header-display":"","ast-banner-title-visibility":"","ast-main-header-display":"","ast-hfb-above-header-display":"","ast-hfb-below-header-display":"","ast-hfb-mobile-header-display":"","site-post-title":"","ast-breadcrumbs-content":"","ast-featured-img":"","footer-sml-layout":"","ast-disable-related-posts":"","theme-transparent-header-meta":"default","adv-header-id-meta":"","stick-header-meta":"","header-above-stick-meta":"","header-main-stick-meta":"","header-below-stick-meta":"","astra-migrate-meta-layouts":"set","ast-page-background-enabled":"default","ast-page-background-meta":{"desktop":{"background-color":"","background-image":"","background-repeat":"repeat","background-position":"center center","background-size":"auto","background-attachment":"scroll","background-type":"","background-media":"","overlay-type":"","overlay-color":"","overlay-opacity":"","overlay-gradient":""},"tablet":{"background-color":"","background-image":"","background-repeat":"repeat","background-position":"center center","background-size":"auto","background-attachment":"scroll","background-type":"","background-media":"","overlay-type":"","overlay-color":"","overlay-opacity":"","overlay-gradient":""},"mobile":{"background-color":"","background-image":"","background-repeat":"repeat","background-position":"center center","background-size":"auto","background-attachment":"scroll","background-type":"","background-media":"","overlay-type":"","overlay-color":"","overlay-opacity":"","overlay-gradient":""}},"ast-content-background-meta":{"desktop":{"background-color":"var(--ast-global-color-5)","background-image":"","background-repeat":"repeat","background-position":"center center","background-size":"auto","background-attachment":"scroll","background-type":"","background-media":"","overlay-type":"","overlay-color":"","overlay-opacity":"","overlay-gradient":""},"tablet":{"background-color":"var(--ast-global-color-5)","background-image":"","background-repeat":"repeat","background-position":"center center","background-size":"auto","background-attachment":"scroll","background-type":"","background-media":"","overlay-type":"","overlay-color":"","overlay-opacity":"","overlay-gradient":""},"mobile":{"background-color":"var(--ast-global-color-5)","background-image":"","background-repeat":"repeat","background-position":"center center","background-size":"auto","background-attachment":"scroll","background-type":"","background-media":"","overlay-type":"","overlay-color":"","overlay-opacity":"","overlay-gradient":""}},"_joinchat":{"telephone":"+8618077105750"}},"product_brand":[],"product_cat":[72,157,159,160,142,58,144,19],"product_tag":[],"class_list":{"0":"post-3302","1":"product","2":"type-product","3":"status-publish","4":"has-post-thumbnail","6":"product_cat-12000-puff","7":"product_cat-buy-disposable-vapes-in-portugal","8":"product_cat-buy-disposable-vapes-in-sweden","9":"product_cat-buy-disposable-vapes-in-switzerland","10":"product_cat-digital-box-disposable-vapes","11":"product_cat-fumot-vape","12":"product_cat-low-nicotine-disposable-vapes","13":"product_cat-vapes","14":"desktop-align-left","15":"tablet-align-left","16":"mobile-align-left","18":"first","19":"instock","20":"sale","21":"shipping-taxable","22":"purchasable","23":"product-type-simple"},"acf":[],"uagb_featured_image_src":{"full":["https:\/\/vapestornado.com\/wp-content\/uploads\/2024\/12\/Fumot-Digital-12000-Puffs-E-liquid-Indicator-Vape.png",900,900,false],"thumbnail":["https:\/\/vapestornado.com\/wp-content\/uploads\/2024\/12\/Fumot-Digital-12000-Puffs-E-liquid-Indicator-Vape-150x150.png",150,150,true],"medium":["https:\/\/vapestornado.com\/wp-content\/uploads\/2024\/12\/Fumot-Digital-12000-Puffs-E-liquid-Indicator-Vape-300x300.png",300,300,true],"medium_large":["https:\/\/vapestornado.com\/wp-content\/uploads\/2024\/12\/Fumot-Digital-12000-Puffs-E-liquid-Indicator-Vape-768x768.png",768,768,true],"large":["https:\/\/vapestornado.com\/wp-content\/uploads\/2024\/12\/Fumot-Digital-12000-Puffs-E-liquid-Indicator-Vape.png",900,900,false],"1536x1536":["https:\/\/vapestornado.com\/wp-content\/uploads\/2024\/12\/Fumot-Digital-12000-Puffs-E-liquid-Indicator-Vape.png",900,900,false],"2048x2048":["https:\/\/vapestornado.com\/wp-content\/uploads\/2024\/12\/Fumot-Digital-12000-Puffs-E-liquid-Indicator-Vape.png",900,900,false],"trp-custom-language-flag":["https:\/\/vapestornado.com\/wp-content\/uploads\/2024\/12\/Fumot-Digital-12000-Puffs-E-liquid-Indicator-Vape.png",12,12,false],"woocommerce_thumbnail":["https:\/\/vapestornado.com\/wp-content\/uploads\/2024\/12\/Fumot-Digital-12000-Puffs-E-liquid-Indicator-Vape-300x300.png",300,300,true],"woocommerce_single":["https:\/\/vapestornado.com\/wp-content\/uploads\/2024\/12\/Fumot-Digital-12000-Puffs-E-liquid-Indicator-Vape-600x600.png",600,600,true],"woocommerce_gallery_thumbnail":["https:\/\/vapestornado.com\/wp-content\/uploads\/2024\/12\/Fumot-Digital-12000-Puffs-E-liquid-Indicator-Vape-100x100.png",100,100,true]},"uagb_author_info":{"display_name":"ESvicky","author_link":"https:\/\/vapestornado.com\/pl\/author\/"},"uagb_comment_info":0,"uagb_excerpt":"The Fumot Digital Box 12000 Puffs offers 20ml e-liquid, mesh coil flavor, and a digital screen. A compact, rechargeable vape perfect for wholesale buyers in Europe.(our website price not include shipping cost, please contact me to get whole price and your disccount!)","_links":{"self":[{"href":"https:\/\/vapestornado.com\/pl\/wp-json\/wp\/v2\/product\/3302","targetHints":{"allow":["GET"]}}],"collection":[{"href":"https:\/\/vapestornado.com\/pl\/wp-json\/wp\/v2\/product"}],"about":[{"href":"https:\/\/vapestornado.com\/pl\/wp-json\/wp\/v2\/types\/product"}],"replies":[{"embeddable":true,"href":"https:\/\/vapestornado.com\/pl\/wp-json\/wp\/v2\/comments?post=3302"}],"wp:featuredmedia":[{"embeddable":true,"href":"https:\/\/vapestornado.com\/pl\/wp-json\/wp\/v2\/media\/3409"}],"wp:attachment":[{"href":"https:\/\/vapestornado.com\/pl\/wp-json\/wp\/v2\/media?parent=3302"}],"wp:term":[{"taxonomy":"product_brand","embeddable":true,"href":"https:\/\/vapestornado.com\/pl\/wp-json\/wp\/v2\/product_brand?post=3302"},{"taxonomy":"product_cat","embeddable":true,"href":"https:\/\/vapestornado.com\/pl\/wp-json\/wp\/v2\/product_cat?post=3302"},{"taxonomy":"product_tag","embeddable":true,"href":"https:\/\/vapestornado.com\/pl\/wp-json\/wp\/v2\/product_tag?post=3302"}],"curies":[{"name":"wp","href":"https:\/\/api.w.org\/{rel}","templated":true}]}}