{"id":3301,"date":"2024-12-20T08:43:41","date_gmt":"2024-12-20T08:43:41","guid":{"rendered":"https:\/\/vapestornado.com\/?post_type=product&#038;p=3301"},"modified":"2025-08-23T12:25:51","modified_gmt":"2025-08-23T12:25:51","slug":"vookbar-cyber-pro-30000-puffs-disposable-vape-5-wholesale-price","status":"publish","type":"product","link":"https:\/\/vapestornado.com\/pl\/product\/vookbar-cyber-pro-30000-puffs-disposable-vape-5-wholesale-price\/","title":{"rendered":"Vookbar Cyber PRO 30000 zaci\u0105gni\u0119\u0107 jednorazowy e-papieros Cena hurtowa"},"content":{"rendered":"<h1>Vookbar Cyber PRO 30000 zaci\u0105gni\u0119\u0107 jednorazowy e-papieros Cena hurtowa<\/h1>\n<p>&nbsp;<\/p>\n<div role=\"article\" data-tabster=\"{&quot;groupper&quot;:{&quot;tabbability&quot;:2},&quot;focusable&quot;:{}}\" data-content=\"ai-message\" aria-labelledby=\"64JRvXrTnY7mRmPkEQLLT-author 64JRvXrTnY7mRmPkEQLLT-content\">\n<div id=\"64JRvXrTnY7mRmPkEQLLT-content\">\n<p>Cyfrowy ekran <strong>Vookbar Cyber PRO 30000 Puffs Jednorazowy Vape<\/strong> przesuwa granice nowoczesnego wapowania, \u0142\u0105cz\u0105c zaawansowan\u0105 technologi\u0119 z wyj\u0105tkow\u0105 wydajno\u015bci\u0105. Zaprojektowany dla vaper\u00f3w poszukuj\u0105cych czego\u015b wi\u0119cej ni\u017c zwyk\u0142ego urz\u0105dzenia, Cyber PRO \u0142\u0105czy inteligentne funkcje z eleganckim designem, tworz\u0105c prawdziwie futurystyczne do\u015bwiadczenie wapowania.<\/p>\n<p><strong>Niezr\u00f3wnana wydajno\u015b\u0107<\/strong><\/p>\n<p>Z imponuj\u0105c\u0105 <strong>30 tys. zaci\u0105gni\u0119\u0107<\/strong>, Vookbar Cyber PRO oferuje niezr\u00f3wnan\u0105 trwa\u0142o\u015b\u0107, co czyni go idealnym wyborem do d\u0142ugotrwa\u0142ego u\u017cytkowania. Urz\u0105dzenie jest wyposa\u017cone w <strong>22 ml pojemno\u015bci e-liquidu<\/strong> i zawiera nikotyn\u0119 o st\u0119\u017ceniu <strong>20mg\/ml<\/strong>, zapewniaj\u0105c sta\u0142\u0105, satysfakcjonuj\u0105c\u0105 par\u0119 przy ka\u017cdym zaci\u0105gni\u0119ciu. Zasilany przez wytrzyma\u0142\u0105 <strong>akumulator 2,850mAh<\/strong> i wykorzystuj\u0105cy <strong>Port \u0142adowania typu C<\/strong>, Cyber PRO zapewnia szybkie, niezawodne \u0142adowanie dla nieprzerwanego u\u017cytkowania.<\/p>\n<p><strong>Integracja inteligentnej technologii<\/strong><\/p>\n<p>Vookbar Cyber PRO wykracza poza tradycyjne wapowanie, s\u0142u\u017c\u0105c jako wielofunkcyjne urz\u0105dzenie, kt\u00f3re bezproblemowo integruje si\u0119 z Twoim cyfrowym stylem \u017cycia. \u0141\u0105czy si\u0119 przez <strong>Bluetooth<\/strong> lub swoj\u0105 w\u0142asn\u0105 aplikacj\u0119, umo\u017cliwiaj\u0105c inteligentne funkcje, takie jak:<\/p>\n<ul>\n<li><strong>Konfigurowalne ustawienia wapowania<\/strong> , aby dostosowa\u0107 swoje do\u015bwiadczenia do swoich preferencji.<\/li>\n<li><strong>Zdalne sterowanie aparatem<\/strong>, idealne do selfie i kreatywnej fotografii.<\/li>\n<li><strong>Powiadomienia spo\u0142eczno\u015bciowe<\/strong> aby by\u0107 na bie\u017c\u0105co, gdziekolwiek jeste\u015b.<\/li>\n<li><strong>Niestandardowe opcje tapet<\/strong>, umo\u017cliwiaj\u0105ce personalizacj\u0119 dynamicznego wy\u015bwietlacza urz\u0105dzenia.<\/li>\n<li>Wbudowane narz\u0119dzia, takie jak <strong>kalkulator<\/strong>, <strong>mini-gry<\/strong>i wiele wi\u0119cej dla wi\u0119kszej wygody.<\/li>\n<\/ul>\n<figure id=\"attachment_3493\" aria-describedby=\"caption-attachment-3493\" style=\"width: 518px\" class=\"wp-caption alignnone\"><img fetchpriority=\"high\" decoding=\"async\" class=\"wp-image-3493\" src=\"https:\/\/vapestornado.com\/wp-content\/uploads\/2024\/12\/Vookbar-vape-30000-Puffs-Wholesale-Prcie-Disposable-Vapes.jpg\" alt=\"Vookbar vape 30000 zaci\u0105gni\u0119\u0107 Cena hurtowa Jednorazowe E-papierosy\" width=\"518\" height=\"518\" srcset=\"https:\/\/vapestornado.com\/wp-content\/uploads\/2024\/12\/Vookbar-vape-30000-Puffs-Wholesale-Prcie-Disposable-Vapes.jpg 800w, https:\/\/vapestornado.com\/wp-content\/uploads\/2024\/12\/Vookbar-vape-30000-Puffs-Wholesale-Prcie-Disposable-Vapes-300x300.jpg 300w, https:\/\/vapestornado.com\/wp-content\/uploads\/2024\/12\/Vookbar-vape-30000-Puffs-Wholesale-Prcie-Disposable-Vapes-150x150.jpg 150w, https:\/\/vapestornado.com\/wp-content\/uploads\/2024\/12\/Vookbar-vape-30000-Puffs-Wholesale-Prcie-Disposable-Vapes-768x768.jpg 768w, https:\/\/vapestornado.com\/wp-content\/uploads\/2024\/12\/Vookbar-vape-30000-Puffs-Wholesale-Prcie-Disposable-Vapes-600x600.jpg 600w, https:\/\/vapestornado.com\/wp-content\/uploads\/2024\/12\/Vookbar-vape-30000-Puffs-Wholesale-Prcie-Disposable-Vapes-100x100.jpg 100w\" sizes=\"(max-width: 518px) 100vw, 518px\" \/><figcaption id=\"caption-attachment-3493\" class=\"wp-caption-text\">Vookbar vape 30000 zaci\u0105gni\u0119\u0107 Cena hurtowa Jednorazowe E-papierosy<\/figcaption><\/figure>\n<h2><strong>Dlaczego wybra\u0107 e-papierosy Vookbar Cyber PRO 30000 zaci\u0105gni\u0119\u0107?<\/strong><\/h2>\n<ul>\n<li><strong>Innowacja<\/strong> \u0141\u0105czy najnowocze\u015bniejsz\u0105 technologi\u0119 z eleganckim designem.<\/li>\n<li><strong>Ogromna Pojemno\u015b\u0107:<\/strong> Zapewnia p\u0142ynne, satysfakcjonuj\u0105ce wra\u017cenia z palenia z pojemno\u015bci\u0105 30 000 zaci\u0105gni\u0119\u0107.<\/li>\n<li><strong>Konfigurowalne Funkcje:<\/strong> Dostosuj moc i estetyk\u0119, aby dopasowa\u0107 je do swoich unikalnych preferencji.<\/li>\n<li><strong>Wytrzyma\u0142a konstrukcja:<\/strong> Wysokiej jako\u015bci materia\u0142y i niezawodna bateria zapewniaj\u0105 d\u0142ugotrwa\u0142\u0105 wydajno\u015b\u0107.<\/li>\n<\/ul>\n<p>Niezale\u017cnie od tego, czy jeste\u015b vaperem obeznanym z technologi\u0105, czy po prostu szukasz pot\u0119\u017cnego i stylowego urz\u0105dzenia do palenia, <strong>Jednorazowy E-papieros Vookbar Cyber PRO 30000 zaci\u0105gni\u0119\u0107<\/strong> oferuje po\u0142\u0105czenie <strong>innowacja<\/strong>, <strong>wydajno\u015b\u0107<\/strong>, oraz w <strong>personalizacja<\/strong>. Podnie\u015b swoje wra\u017cenia z vapowania ju\u017c dzi\u015b!<\/p>\n<\/div>\n<\/div>\n<p><img decoding=\"async\" class=\"wp-image-2951\" src=\"https:\/\/vapestornado.com\/wp-content\/uploads\/2024\/12\/Wholesale-Disposable-Vape-265x300.jpg\" alt=\"Hurtownia jednorazowych vape\" width=\"295\" height=\"334\" srcset=\"https:\/\/vapestornado.com\/wp-content\/uploads\/2024\/12\/Wholesale-Disposable-Vape-265x300.jpg 265w, https:\/\/vapestornado.com\/wp-content\/uploads\/2024\/12\/Wholesale-Disposable-Vape-768x871.jpg 768w, https:\/\/vapestornado.com\/wp-content\/uploads\/2024\/12\/Wholesale-Disposable-Vape-600x680.jpg 600w, https:\/\/vapestornado.com\/wp-content\/uploads\/2024\/12\/Wholesale-Disposable-Vape.jpg 823w\" sizes=\"(max-width: 295px) 100vw, 295px\" \/><\/p>\n<h6>Skontaktuj si\u0119 z Mandy przez WhatsApp, aby uzyska\u0107 cen\u0119 promocyjn\u0105<a href=\"https:\/\/wa.me\/8618077105796\" target=\"_blank\" rel=\"noopener\">+8618077105796<\/a><\/h6>\n<p>&nbsp;<\/p>\n<div class=\"flex max-w-full flex-col flex-grow\">\n<div class=\"min-h-8 text-message flex w-full flex-col items-end gap-2 whitespace-normal break-words text-start [.text-message+&amp;]:mt-5\" dir=\"auto\" data-message-author-role=\"assistant\" data-message-id=\"cdb991c0-f594-4bff-b2d5-fbbdd7ce9e54\" data-message-model-slug=\"gpt-4o-mini\">\n<div class=\"flex w-full flex-col gap-1 empty:hidden first:pt-[3px]\">\n<div class=\"markdown prose w-full break-words dark:prose-invert light\">\n<h3>Hurtowy e-papieros Vookbar Cyber PRO 30 000 Zaci\u0105gni\u0119\u0107 \u2013 Specyfikacje<\/h3>\n<ul>\n<li><strong>Rozmiar:<\/strong> Kompaktowy i przeno\u015bny, <strong>49x24x93mm<\/strong>.<\/li>\n<li><strong>Ekran:<\/strong> <strong>Wy\u015bwietlacz HD 2,01 cala<\/strong>, idealne do ustawie\u0144 i powiadomie\u0144.<\/li>\n<li><strong>Typ grza\u0142ki:<\/strong> <strong>Podw\u00f3jna grza\u0142ka siatkowa<\/strong> dla bogatego smaku i g\u0142adkich chmur.<\/li>\n<li><strong>Pojemno\u015b\u0107 e-liquidu:<\/strong> Wst\u0119pnie nape\u0142niony <strong>22 ml liquidu premium do e-papieros\u00f3w<\/strong>.<\/li>\n<li><strong>Moc nikotyny:<\/strong> Zapewnia satysfakcjonuj\u0105ce <strong>5% nikotyny<\/strong> uderzenie.<\/li>\n<li><strong>Bateria:<\/strong> D\u0142ugotrwa\u0142y <strong>akumulator 850mAh<\/strong> z szybkim <strong>\u0142adowanie typu C<\/strong>.<\/li>\n<li><strong>Tryby zaci\u0105gania:<\/strong>\n<ul>\n<li><strong>Tryb normalny:<\/strong> Do <strong>30 000 zaci\u0105gni\u0119\u0107<\/strong> dla d\u0142u\u017cszego wapowania.<\/li>\n<li><strong>Tryb mocy:<\/strong> Do <strong>15 000 zaci\u0105gni\u0119\u0107<\/strong> dla silniejszej wydajno\u015bci.<\/li>\n<\/ul>\n<\/li>\n<li><strong>Obs\u0142uga:<\/strong> Prosta <strong>kontrola przyciskiem bocznym<\/strong> do w\u0142\u0105czania\/wy\u0142\u0105czania i regulacji.<\/li>\n<li><strong>Funkcje:<\/strong> \u0141\u0105czno\u015b\u0107 Bluetooth, materia\u0142y przyjazne dla \u015brodowiska i konfigurowalne tryby wapowania.<\/li>\n<\/ul>\n<\/div>\n<\/div>\n<\/div>\n<\/div>\n<div class=\"mb-2 flex gap-3 empty:hidden -ml-2\">\n<h3 class=\"items-center justify-start rounded-xl p-1 flex\"><\/h3>\n<\/div>\n<h3><strong>Lista smak\u00f3w wk\u0142ad\u00f3w do vape Vookbar Cyber PRO 30k Puffs:<\/strong><\/h3>\n<p>1.Niebieska malina lodowa<br \/>\n2.Brzoskwinia lodowa<br \/>\n3.Winogronowy l\u00f3d<br \/>\n4.Truskawka arbuz<br \/>\n5.Truskawka banan<br \/>\n6.Wi\u015bnia arbuz<br \/>\n7. Arbuz na lodzie<br \/>\n8.Brzoskwinia mango<br \/>\n9.Truskawka kiwi<br \/>\n10.Bia\u0142a truskawka l\u00f3d<br \/>\n11.Bia\u0142y \u017celkowy l\u00f3d<br \/>\n12.Mro\u017cona pinacolada<br \/>\n13.Cholernie bajeczny<br \/>\n14.Mojito z mieszanymi jagodami<\/p>\n<div role=\"article\" data-tabster=\"{&quot;groupper&quot;:{&quot;tabbability&quot;:2},&quot;focusable&quot;:{}}\" data-content=\"ai-message\" aria-labelledby=\"dARUyEWDoEYhnSPXFwx5A-author dARUyEWDoEYhnSPXFwx5A-content\">\n<div id=\"dARUyEWDoEYhnSPXFwx5A-content\">\n<h4>Dlaczego warto wybra\u0107 jednorazowe vape Vookbar Cyber PRO 30000 Puffs w <a href=\"https:\/\/vapestornado.com\/pl\/store\/\">vapestornado.pl<\/a>?<\/h4>\n<p><strong>1. Ogromna pojemno\u015b\u0107 zaci\u0105gni\u0119\u0107:<\/strong><br \/>\nZaprojektowany z my\u015bl\u0105 o d\u0142ugotrwa\u0142ej przyjemno\u015bci, z <strong>Vookbar Cyber PRO<\/strong> oferuje do <strong>30 000 zaci\u0105gni\u0119\u0107<\/strong> w trybie normy i <strong>15 000 zaci\u0105gni\u0119\u0107<\/strong> w trybie mocy.<\/p>\n<p><strong>2. Najnowocze\u015bniejsze funkcje:<\/strong><br \/>\nWyposa\u017cony w <strong>Wy\u015bwietlacz HD 2,01 cala<\/strong>, <strong>technologia podw\u00f3jnej siatki grzewczej<\/strong>, oraz w <strong>konfigurowalne tryby vapingu<\/strong>, \u0142\u0105czy wydajno\u015b\u0107 ze stylem.<\/p>\n<p><strong>3. Opcje e-liquidu i nikotyny premium:<\/strong><br \/>\nDzi\u0119ki <strong>22 ml wst\u0119pnie nape\u0142nionego e-liquidu<\/strong> i <strong>5% moc\u0105 nikotyny<\/strong>, za ka\u017cdym razem do\u015bwiadczysz g\u0142adkich, aromatycznych i satysfakcjonuj\u0105cych zaci\u0105gni\u0119\u0107.<\/p>\n<p><strong>4. Innowacyjny i przyjazny dla u\u017cytkownika projekt:<\/strong><br \/>\nFunkcje takie jak <strong>\u0142\u0105czno\u015b\u0107 Bluetooth<\/strong>, <strong>kontrola przyciskiem bocznym<\/strong>, oraz w <strong>tryb ruchu<\/strong> sprawiaj\u0105, \u017ce urz\u0105dzenie jest \u0142atwe w u\u017cyciu i wielofunkcyjne.<\/p>\n<p><strong>5. Kupuj z ufno\u015bci\u0105 na vapestornado.com:<\/strong><\/p>\n<ul>\n<li>Ciesz si\u0119 <strong>konkurencyjne ceny<\/strong> na temat najnowszej technologii wapowania.<\/li>\n<li>Skorzystaj z <strong>szybka, niezawodna wysy\u0142ka<\/strong> w ca\u0142ej Polsce.<\/li>\n<li>Wybierz spo\u015br\u00f3d <strong>wyj\u0105tkowe oferty hurtowe<\/strong> dla zakup\u00f3w hurtowych.<\/li>\n<li>Kupuj bezpiecznie, korzystaj\u0105c z zaufanych metod p\u0142atno\u015bci i doskona\u0142ej obs\u0142ugi klienta.<\/li>\n<\/ul>\n<p>Ulepsz swoj\u0105 gr\u0119 w vaping ju\u017c dzi\u015b dzi\u0119ki <strong>Vookbar Cyber PRO 30K Zaci\u0105gni\u0119\u0107<\/strong> dost\u0119pne w <strong>vapestornado.pl<\/strong>!<\/p>\n<\/div>\n<\/div>\n<h4>Najcz\u0119\u015bciej zadawane pytania na temat Vookbar Cyber PRO 30000 Zaci\u0105gni\u0119\u0107 D\u0142ugotrwa\u0142e waporyzatory<\/h4>\n<p>&nbsp;<\/p>\n<h6><strong>1. Co sprawia, \u017ce Vookbar Cyber PRO 30,000 Puffs Vape jest wyj\u0105tkowy?<\/strong><\/h6>\n<ul>\n<li>Urz\u0105dzenie \u0142\u0105czy <strong>zaawansowan\u0105 technologi\u0119 wapowania<\/strong> z funkcjami takimi jak <strong>konfigurowalne tryby vapingu<\/strong>, a <strong>2,01-calowy ekran HD<\/strong>, oraz w <strong>podw\u00f3jne tryby zaci\u0105gni\u0119\u0107<\/strong> dla wyd\u0142u\u017conej lub mocniejszej wydajno\u015bci.<\/li>\n<\/ul>\n<h6>2. <strong>Ile zaci\u0105gni\u0119\u0107 mog\u0119 uzyska\u0107 z Vookbar Cyber PRO Vape Box?<\/strong><\/h6>\n<ul>\n<li>In <strong>Tryb Norm<\/strong>, mo\u017cesz cieszy\u0107 si\u0119 a\u017c do <strong>30 000 zaci\u0105gni\u0119\u0107<\/strong>, podczas gdy <strong>Tryb Power<\/strong> oferuje <strong>15 000 zaci\u0105gni\u0119\u0107<\/strong> dla bardziej intensywnych wra\u017ce\u0144 z wapowania.<\/li>\n<\/ul>\n<h6>3. <strong>Jak\u0105 moc nikotyny oferuje Vookbar 30000 Puffs?<\/strong><\/h6>\n<ul>\n<li>Vookbar Cyber PRO zawiera <strong>5% moc\u0105 nikotyny<\/strong>, zapewniaj\u0105c g\u0142adkie i satysfakcjonuj\u0105ce uderzenie.<\/li>\n<\/ul>\n<h6>4. <strong>Czy Vookbar Cyber PRO to waporyzator wielokrotnego \u0142adowania?<\/strong><\/h6>\n<ul>\n<li>Tak, zawiera <strong>akumulator 850mAh<\/strong> i obs\u0142uguje <strong>szybkie \u0142adowanie Type-C<\/strong>.<\/li>\n<\/ul>\n<h6>5. <strong>Czy waporyzator Vookbar 30k Puffs wykorzystuje technologi\u0119 cewki mesh?<\/strong><\/h6>\n<ul>\n<li>Tak, urz\u0105dzenie posiada <strong>technologia podw\u00f3jnej siatki grzewczej<\/strong> dla sp\u00f3jnego smaku i g\u0119stej produkcji pary.<\/li>\n<\/ul>","protected":false},"excerpt":{"rendered":"<div class=\"flex-shrink-0 flex flex-col relative items-end\">\n<div>\n<div class=\"pt-0\">\n<div class=\"gizmo-bot-avatar flex h-8 w-8 items-center justify-center overflow-hidden rounded-full\">\n<div class=\"relative p-1 rounded-sm flex items-center justify-center bg-token-main-surface-primary text-token-text-primary h-8 w-8\"><\/div>\n<\/div>\n<\/div>\n<\/div>\n<\/div>\n<div class=\"group\/conversation-turn relative flex w-full min-w-0 flex-col agent-turn\">\n<div class=\"flex-col gap-1 md:gap-3\">\n<div class=\"flex max-w-full flex-col flex-grow\">\n<div class=\"min-h-8 text-message flex w-full flex-col items-end gap-2 whitespace-normal break-words text-start [.text-message+&amp;]:mt-5\" dir=\"auto\" data-message-author-role=\"assistant\" data-message-id=\"cffa29e8-f112-46da-81c0-9ed74f60547a\" data-message-model-slug=\"gpt-4o\">\n<div class=\"flex w-full flex-col gap-1 empty:hidden first:pt-[3px]\">\n<div class=\"markdown prose w-full break-words dark:prose-invert light\">\n<p>Vookbar Cyber PRO 30000 Puffs Jednorazowy Vape, 5% nikotyny, elegancki design, du\u017ca pojemno\u015b\u0107, idealny do zam\u00f3wie\u0144 hurtowych i masowych.<\/p>\n<\/div>\n<\/div>\n<\/div>\n<\/div>\n<\/div>\n<\/div>\n<figure id=\"attachment_2951\" aria-describedby=\"caption-attachment-2951\" style=\"width: 265px\" class=\"wp-caption alignnone\"><img decoding=\"async\" class=\"size-medium wp-image-2951\" src=\"https:\/\/vapestornado.com\/wp-content\/uploads\/2024\/12\/Wholesale-Disposable-Vape-265x300.jpg\" alt=\"Hurtownia jednorazowych vape\" width=\"265\" height=\"300\" srcset=\"https:\/\/vapestornado.com\/wp-content\/uploads\/2024\/12\/Wholesale-Disposable-Vape-265x300.jpg 265w, https:\/\/vapestornado.com\/wp-content\/uploads\/2024\/12\/Wholesale-Disposable-Vape-768x871.jpg 768w, https:\/\/vapestornado.com\/wp-content\/uploads\/2024\/12\/Wholesale-Disposable-Vape-600x680.jpg 600w, https:\/\/vapestornado.com\/wp-content\/uploads\/2024\/12\/Wholesale-Disposable-Vape.jpg 823w\" sizes=\"(max-width: 265px) 100vw, 265px\" \/><figcaption id=\"caption-attachment-2951\" class=\"wp-caption-text\">Skontaktuj si\u0119 z Mandy przez WhatsApp, aby uzyska\u0107 cen\u0119 promocyjn\u0105\u00a0 <a href=\"https:\/\/wa.me\/8618077105796\">+8618077105796<\/a><\/figcaption><\/figure>\n<p>&nbsp;<\/p>","protected":false},"featured_media":3489,"comment_status":"open","ping_status":"closed","template":"","meta":{"_acf_changed":false,"_uag_custom_page_level_css":"","_lmt_disableupdate":"no","_lmt_disable":"","_monsterinsights_skip_tracking":false,"_monsterinsights_sitenote_active":false,"_monsterinsights_sitenote_note":"","_monsterinsights_sitenote_category":0,"site-sidebar-layout":"default","site-content-layout":"","ast-site-content-layout":"default","site-content-style":"default","site-sidebar-style":"default","ast-global-header-display":"","ast-banner-title-visibility":"","ast-main-header-display":"","ast-hfb-above-header-display":"","ast-hfb-below-header-display":"","ast-hfb-mobile-header-display":"","site-post-title":"","ast-breadcrumbs-content":"","ast-featured-img":"","footer-sml-layout":"","ast-disable-related-posts":"","theme-transparent-header-meta":"default","adv-header-id-meta":"","stick-header-meta":"","header-above-stick-meta":"","header-main-stick-meta":"","header-below-stick-meta":"","astra-migrate-meta-layouts":"set","ast-page-background-enabled":"default","ast-page-background-meta":{"desktop":{"background-color":"","background-image":"","background-repeat":"repeat","background-position":"center center","background-size":"auto","background-attachment":"scroll","background-type":"","background-media":"","overlay-type":"","overlay-color":"","overlay-opacity":"","overlay-gradient":""},"tablet":{"background-color":"","background-image":"","background-repeat":"repeat","background-position":"center center","background-size":"auto","background-attachment":"scroll","background-type":"","background-media":"","overlay-type":"","overlay-color":"","overlay-opacity":"","overlay-gradient":""},"mobile":{"background-color":"","background-image":"","background-repeat":"repeat","background-position":"center center","background-size":"auto","background-attachment":"scroll","background-type":"","background-media":"","overlay-type":"","overlay-color":"","overlay-opacity":"","overlay-gradient":""}},"ast-content-background-meta":{"desktop":{"background-color":"var(--ast-global-color-5)","background-image":"","background-repeat":"repeat","background-position":"center center","background-size":"auto","background-attachment":"scroll","background-type":"","background-media":"","overlay-type":"","overlay-color":"","overlay-opacity":"","overlay-gradient":""},"tablet":{"background-color":"var(--ast-global-color-5)","background-image":"","background-repeat":"repeat","background-position":"center center","background-size":"auto","background-attachment":"scroll","background-type":"","background-media":"","overlay-type":"","overlay-color":"","overlay-opacity":"","overlay-gradient":""},"mobile":{"background-color":"var(--ast-global-color-5)","background-image":"","background-repeat":"repeat","background-position":"center center","background-size":"auto","background-attachment":"scroll","background-type":"","background-media":"","overlay-type":"","overlay-color":"","overlay-opacity":"","overlay-gradient":""}},"_joinchat":{"telephone":"+8618077105796"}},"product_brand":[],"product_cat":[67,149,150,154,155],"product_tag":[97,188],"class_list":{"0":"post-3301","1":"product","2":"type-product","3":"status-publish","4":"has-post-thumbnail","6":"product_cat-30000-puff","7":"product_cat-buy-disposable-vapes-in-austria","8":"product_cat-buy-disposable-vapes-in-belgium","9":"product_cat-buy-disposable-vapes-in-netherlands","10":"product_cat-buy-disposable-vapes-in-norway","11":"product_tag-hot-sale-disposable-vape","12":"product_tag-vookbar-cyber-pro-30000-puffs","13":"desktop-align-left","14":"tablet-align-left","15":"mobile-align-left","17":"first","18":"instock","19":"sale","20":"shipping-taxable","21":"purchasable","22":"product-type-simple"},"acf":[],"uagb_featured_image_src":{"full":["https:\/\/vapestornado.com\/wp-content\/uploads\/2024\/12\/Best-Price-Vookbar-30000-Puff-Vapes.jpg",800,800,false],"thumbnail":["https:\/\/vapestornado.com\/wp-content\/uploads\/2024\/12\/Best-Price-Vookbar-30000-Puff-Vapes-150x150.jpg",150,150,true],"medium":["https:\/\/vapestornado.com\/wp-content\/uploads\/2024\/12\/Best-Price-Vookbar-30000-Puff-Vapes-300x300.jpg",300,300,true],"medium_large":["https:\/\/vapestornado.com\/wp-content\/uploads\/2024\/12\/Best-Price-Vookbar-30000-Puff-Vapes-768x768.jpg",768,768,true],"large":["https:\/\/vapestornado.com\/wp-content\/uploads\/2024\/12\/Best-Price-Vookbar-30000-Puff-Vapes.jpg",800,800,false],"1536x1536":["https:\/\/vapestornado.com\/wp-content\/uploads\/2024\/12\/Best-Price-Vookbar-30000-Puff-Vapes.jpg",800,800,false],"2048x2048":["https:\/\/vapestornado.com\/wp-content\/uploads\/2024\/12\/Best-Price-Vookbar-30000-Puff-Vapes.jpg",800,800,false],"trp-custom-language-flag":["https:\/\/vapestornado.com\/wp-content\/uploads\/2024\/12\/Best-Price-Vookbar-30000-Puff-Vapes.jpg",12,12,false],"woocommerce_thumbnail":["https:\/\/vapestornado.com\/wp-content\/uploads\/2024\/12\/Best-Price-Vookbar-30000-Puff-Vapes-300x300.jpg",300,300,true],"woocommerce_single":["https:\/\/vapestornado.com\/wp-content\/uploads\/2024\/12\/Best-Price-Vookbar-30000-Puff-Vapes-600x600.jpg",600,600,true],"woocommerce_gallery_thumbnail":["https:\/\/vapestornado.com\/wp-content\/uploads\/2024\/12\/Best-Price-Vookbar-30000-Puff-Vapes-100x100.jpg",100,100,true]},"uagb_author_info":{"display_name":"ESMANDY","author_link":"https:\/\/vapestornado.com\/pl\/author\/"},"uagb_comment_info":0,"uagb_excerpt":"Vookbar Cyber PRO 30000 Puffs Disposable Vape, 5% nicotine, sleek design, high capacity, ideal for wholesale and bulk orders. [caption id=\"attachment_2951\" align=\"alignnone\" width=\"265\"] Pls Contact Mandy's WhatsApp For Discount Price\u00a0 +8618077105796[\/caption] &nbsp;","_links":{"self":[{"href":"https:\/\/vapestornado.com\/pl\/wp-json\/wp\/v2\/product\/3301","targetHints":{"allow":["GET"]}}],"collection":[{"href":"https:\/\/vapestornado.com\/pl\/wp-json\/wp\/v2\/product"}],"about":[{"href":"https:\/\/vapestornado.com\/pl\/wp-json\/wp\/v2\/types\/product"}],"replies":[{"embeddable":true,"href":"https:\/\/vapestornado.com\/pl\/wp-json\/wp\/v2\/comments?post=3301"}],"wp:featuredmedia":[{"embeddable":true,"href":"https:\/\/vapestornado.com\/pl\/wp-json\/wp\/v2\/media\/3489"}],"wp:attachment":[{"href":"https:\/\/vapestornado.com\/pl\/wp-json\/wp\/v2\/media?parent=3301"}],"wp:term":[{"taxonomy":"product_brand","embeddable":true,"href":"https:\/\/vapestornado.com\/pl\/wp-json\/wp\/v2\/product_brand?post=3301"},{"taxonomy":"product_cat","embeddable":true,"href":"https:\/\/vapestornado.com\/pl\/wp-json\/wp\/v2\/product_cat?post=3301"},{"taxonomy":"product_tag","embeddable":true,"href":"https:\/\/vapestornado.com\/pl\/wp-json\/wp\/v2\/product_tag?post=3301"}],"curies":[{"name":"wp","href":"https:\/\/api.w.org\/{rel}","templated":true}]}}