{"id":3246,"date":"2024-12-19T07:46:10","date_gmt":"2024-12-19T07:46:10","guid":{"rendered":"https:\/\/vapestornado.com\/?post_type=product&#038;p=3246"},"modified":"2025-08-23T12:26:13","modified_gmt":"2025-08-23T12:26:13","slug":"vapsolo-king-10000-puffs-2-5-low-nicotine-rechargeable-disposable-vapes-pen-wholesale-bulk-buy","status":"publish","type":"product","link":"https:\/\/vapestornado.com\/pl\/product\/vapsolo-king-10000-puffs-2-5-low-nicotine-rechargeable-disposable-vapes-pen-wholesale-bulk-buy\/","title":{"rendered":"Vapsolo King 10000 zaci\u0105gni\u0119\u0107 2% 5% Niska zawarto\u015b\u0107 nikotyny \u0141adowalne jednorazowe vape'y w d\u0142ugopisie Hurtowy zakup luzem"},"content":{"rendered":"<h1 class=\"product-title\">Vapsolo King 10000 zaci\u0105gni\u0119\u0107 2% 5% Niska zawarto\u015b\u0107 nikotyny \u0141adowalne jednorazowe vape'y w d\u0142ugopisie Hurtowy zakup luzem<\/h1>\n<p>Cyfrowy ekran <strong>Vapsolo King 10000 Zaci\u0105gni\u0119\u0107 Niska Nikotyna Jednorazowy Vape Pen z Mo\u017cliwo\u015bci\u0105 \u0141adowania<\/strong> to doskona\u0142y wyb\u00f3r dla waper\u00f3w poszukuj\u0105cych <strong>d\u0142ugotrwa\u0142\u0105 wydajno\u015b\u0107<\/strong>, <strong>regulowany przep\u0142yw powietrza<\/strong>i doskona\u0142ej warto\u015bci. Z imponuj\u0105c\u0105 liczb\u0105 <strong>10 000 zaci\u0105gni\u0119\u0107<\/strong> na urz\u0105dzenie, ten vape zapewnia d\u0142ugotrwa\u0142\u0105 satysfakcj\u0119 bez konieczno\u015bci cz\u0119stej wymiany.<\/p>\n<p>Jego <strong>pojemno\u015b\u0107 20 ml e-liquidu<\/strong> w po\u0142\u0105czeniu z <strong>technologii mesh coil<\/strong> zapewnia p\u0142ynn\u0105 produkcj\u0119 pary i wyj\u0105tkowy smak w ka\u017cdym zaci\u0105gni\u0119ciu. Uk\u0142ad <strong>akumulator o pojemno\u015bci 650 mAh<\/strong> zapewnia sta\u0142\u0105 moc, a <strong>Szybkie \u0142adowanie typu C<\/strong> utrzymuje gotowo\u015b\u0107 do wapowania przy minimalnym czasie przestoju.<\/p>\n<p>Zaprojektowany z my\u015bl\u0105 o personalizacji, <strong>regulowanym przep\u0142ywem powietrza<\/strong> funkcja oferuje trzy ustawienia, kt\u00f3re pasuj\u0105 do preferowanego stylu wapowania \u2014 niezale\u017cnie od tego, czy lubisz cia\u015bniejsze zaci\u0105gni\u0119cie, czy bardziej otwarty przep\u0142yw powietrza. Jego <strong>lekka i przeno\u015bna konstrukcja<\/strong>, wa\u017c\u0105ca zaledwie 95 g, sprawia, \u017ce jest idealny dla waper\u00f3w w podr\u00f3\u017cy. Dodatkowo, z <strong>cenami hurtowymi<\/strong>Vapsolo King 10000 to przyst\u0119pna cenowo i niezawodna opcja zar\u00f3wno dla os\u00f3b indywidualnych, jak i sprzedawc\u00f3w detalicznych.<\/p>\n<p>&nbsp;<\/p>\n<p><strong>Dodaj Amy na WhatsApp, aby uzyska\u0107 szybk\u0105 odpowied\u017a i kupon na vape!<\/strong><\/p>\n<p><img fetchpriority=\"high\" decoding=\"async\" class=\"size-full wp-image-2932\" src=\"https:\/\/vapestornado.com\/wp-content\/uploads\/2024\/12\/Vape-Wholesale.jpg\" alt=\"Hurtowa sprzeda\u017c e-papieros\u00f3w\" width=\"229\" height=\"300\" \/><\/p>\n<h3><a href=\"https:\/\/wa.me\/8617776015835\" target=\"_blank\" rel=\"noopener\"><span style=\"color: #ff0000;\"><strong>WhatsApp: +86 17776015835<\/strong><\/span><\/a><\/h3>\n<p>&nbsp;<\/p>\n<h2><strong>Vapsolo King 10000 Cechy Produktu<\/strong><\/h2>\n<div role=\"article\" data-tabster=\"{&quot;groupper&quot;:{&quot;tabbability&quot;:2},&quot;focusable&quot;:{}}\" data-content=\"ai-message\" aria-labelledby=\"juhNTJ6o7Gk1cgwZMJgv2-author juhNTJ6o7Gk1cgwZMJgv2-content\">\n<div id=\"juhNTJ6o7Gk1cgwZMJgv2-content\">\n<div role=\"article\" data-tabster=\"{&quot;groupper&quot;:{&quot;tabbability&quot;:2},&quot;focusable&quot;:{}}\" data-content=\"ai-message\" aria-labelledby=\"x4EZuCZWrTbh3weWUt7CU-author x4EZuCZWrTbh3weWUt7CU-content\">\n<div id=\"x4EZuCZWrTbh3weWUt7CU-content\">\n<h3><\/h3>\n<ol>\n<li style=\"list-style-type: none;\">\n<ol>\n<li><strong>10 000 Zaci\u0105gni\u0119\u0107:<\/strong> D\u0142ugotrwa\u0142e wapowanie dla nieprzerwanej satysfakcji.<\/li>\n<li><strong>Akumulator:<\/strong> <strong>bateri\u0119 650 mAh<\/strong> z <strong>Szybkie \u0142adowanie typu C<\/strong> dla wygody.<\/li>\n<li><strong>Regulowany przep\u0142yw powietrza:<\/strong> Trzy konfigurowalne ustawienia dla spersonalizowanego zaci\u0105gni\u0119cia.<\/li>\n<li><strong>Technologia Mesh Coil:<\/strong> Zapewnia p\u0142ynn\u0105 produkcj\u0119 pary i wzmocniony smak.<\/li>\n<li><strong>Pojemno\u015b\u0107 E-Liquidu 20 ml:<\/strong> Mniej uzupe\u0142nie\u0144 dla wi\u0119kszej wygody.<\/li>\n<li><strong>Konfigurowalne Poziomy Nikotyny:<\/strong> Dost\u0119pne w <strong>2% i 5% z nisk\u0105 zawarto\u015bci\u0105 nikotyny<\/strong> opcji.<\/li>\n<li><strong>Lekka Konstrukcja:<\/strong> Wa\u017cy tylko <strong>95g<\/strong>, idealny do przenoszenia i podr\u00f3\u017cy.<\/li>\n<li><strong>Dost\u0119pno\u015b\u0107 Hurtowa:<\/strong> Przyst\u0119pne cenowo opcje zakupu hurtowego idealne do u\u017cytku osobistego i detalicznego.<\/li>\n<\/ol>\n<\/li>\n<\/ol>\n<figure id=\"attachment_3241\" aria-describedby=\"caption-attachment-3241\" style=\"width: 600px\" class=\"wp-caption alignnone\"><img decoding=\"async\" class=\"wp-image-3241\" src=\"https:\/\/vapestornado.com\/wp-content\/uploads\/2024\/12\/Vapsolo-Disposable-Vape-Wholesale-300x300.jpg\" alt=\"Hurtowa sprzeda\u017c jednorazowych e-papieros\u00f3w Vapsolo King 10000 Puffs\" width=\"600\" height=\"600\" srcset=\"https:\/\/vapestornado.com\/wp-content\/uploads\/2024\/12\/Vapsolo-Disposable-Vape-Wholesale-300x300.jpg 300w, https:\/\/vapestornado.com\/wp-content\/uploads\/2024\/12\/Vapsolo-Disposable-Vape-Wholesale-150x150.jpg 150w, https:\/\/vapestornado.com\/wp-content\/uploads\/2024\/12\/Vapsolo-Disposable-Vape-Wholesale-768x768.jpg 768w, https:\/\/vapestornado.com\/wp-content\/uploads\/2024\/12\/Vapsolo-Disposable-Vape-Wholesale-600x600.jpg 600w, https:\/\/vapestornado.com\/wp-content\/uploads\/2024\/12\/Vapsolo-Disposable-Vape-Wholesale-100x100.jpg 100w, https:\/\/vapestornado.com\/wp-content\/uploads\/2024\/12\/Vapsolo-Disposable-Vape-Wholesale.jpg 1000w\" sizes=\"(max-width: 600px) 100vw, 600px\" \/><figcaption id=\"caption-attachment-3241\" class=\"wp-caption-text\">Hurtowa sprzeda\u017c jednorazowych e-papieros\u00f3w Vapsolo King 10000 Puffs<\/figcaption><\/figure>\n<\/div>\n<\/div>\n<\/div>\n<\/div>\n<h2 class=\"product-title\"><strong>Lista Smak\u00f3w Vapsolo King 10000<\/strong><\/h2>\n<p>1. Jagoda malina<br \/>\n2. Niebieska malina<br \/>\n3. Truskawka kiwi<br \/>\n4. Brzoskwinia mango ananas<br \/>\n5. Red Bull<br \/>\n6. L\u00f3d bananowy<br \/>\n7. Kwa\u015bny l\u00f3d ananasowy<br \/>\n8. L\u00f3d truskawkowo-malinowo-wi\u015bniowy<br \/>\n9. Kiwi marakuja Guawa<br \/>\n10. Truskawkowy banan<br \/>\n11. Musuj\u0105ca wi\u015bnia<br \/>\n12. L\u00f3d jagodowy<br \/>\n13. Prime truskawkowy arbuz<br \/>\n14. Purpurowy deszcz<br \/>\n15. limonka<br \/>\n16. Mr blue<br \/>\n17. czerwone jab\u0142ko<br \/>\n18. mieszane jagody<br \/>\n19. arbuzowy l\u00f3d<br \/>\n20. truskawkowy l\u00f3d<\/p>\n<h3>Dlaczego warto wybra\u0107 vapestornado do hurtowej sprzeda\u017cy Vapsolo King 10k Puffs Vape?<\/h3>\n<div class=\"flex-shrink-0 flex flex-col relative items-end\">\n<div class=\"pt-0\">\n<div class=\"gizmo-bot-avatar flex h-8 w-8 items-center justify-center overflow-hidden rounded-full\">\n<div class=\"relative p-1 rounded-sm flex items-center justify-center bg-token-main-surface-primary text-token-text-primary h-8 w-8\">\n<p>Witamy w vapestornado, Twoim zaufanym sklepie internetowym z papierosami elektronicznymi premium. Z ponad 5-letnim do\u015bwiadczeniem, oferujemy popularne marki jednorazowych papieros\u00f3w elektronicznych, takie jak Fumot RandM Vape, <a href=\"https:\/\/vapestornado.com\/pl\/product\/vapme-crystal-7000-puffs-rechargeable-disposable-vape-wholesale-cheap-price\/\">Vapme<\/a>, Bang Vape, Waspe Vape, and WGA Vape, itp.<\/p>\n<p>Nasza oferta obejmuje popularne e-papierosy, takie jak <a href=\"https:\/\/vapestornado.com\/pl\/product\/fumot-randm-tornado-15000-puffs-rechargeable-disposable-vape-wholesale\/\">RandM Tornado 15000<\/a>, oraz bogate w smaku opcje, takie jak <a href=\"https:\/\/vapestornado.com\/pl\/product\/vapsolo-dg-18000-puffs-smart-screen-wholesale-disposable-cheap-vapes\/\">\u00a0Vapsolo DG18000 Zaci\u0105gni\u0119\u0107<\/a> . Ka\u017cdy produkt jest wybierany z my\u015bl\u0105 o jako\u015bci, warto\u015bci i r\u00f3\u017cnorodno\u015bci, dzi\u0119ki czemu znajdziesz idealne dopasowanie do swoich potrzeb. Odkryj wyj\u0105tkow\u0105 obs\u0142ug\u0119 i szerok\u0105 gam\u0119 najlepszych produkt\u00f3w w cenach hurtowych na vapestornado.<\/p>\n<\/div>\n<h3><\/h3>\n<div class=\"relative p-1 rounded-sm flex items-center justify-center bg-token-main-surface-primary text-token-text-primary h-8 w-8\">\n<h3>FAQ dotycz\u0105ce jednorazowego vape Vapsolo King 10000<\/h3>\n<\/div>\n<\/div>\n<\/div>\n<\/div>\n<div class=\"flex-shrink-0 flex flex-col relative items-end\">\n<div class=\"pt-0\">\n<div class=\"gizmo-bot-avatar flex h-8 w-8 items-center justify-center overflow-hidden rounded-full\">\n<div class=\"relative p-1 rounded-sm flex items-center justify-center bg-token-main-surface-primary text-token-text-primary h-8 w-8\">\n<div class=\"mb-2 flex gap-3 empty:hidden -ml-2\">\n<div role=\"article\" data-tabster=\"{&quot;groupper&quot;:{&quot;tabbability&quot;:2},&quot;focusable&quot;:{}}\" data-content=\"ai-message\" aria-labelledby=\"Vdt5ez4X7Tg813x6rFVha-author Vdt5ez4X7Tg813x6rFVha-content\">\n<div id=\"Vdt5ez4X7Tg813x6rFVha-content\">\n<div role=\"article\" data-tabster=\"{&quot;groupper&quot;:{&quot;tabbability&quot;:2},&quot;focusable&quot;:{}}\" data-content=\"ai-message\" aria-labelledby=\"o968oC7CEo2fGHsGdsRYC-author o968oC7CEo2fGHsGdsRYC-content\">\n<div id=\"o968oC7CEo2fGHsGdsRYC-content\">\n<h3><\/h3>\n<ol>\n<li><strong>Ile zaci\u0105gni\u0119\u0107 oferuje Vapsolo 10000?<\/strong><br \/>\nOferuje imponuj\u0105c\u0105 liczb\u0119 <strong>10 000 zaci\u0105gni\u0119\u0107<\/strong>, co czyni go najlepszym wyborem dla d\u0142ugotrwa\u0142ych jednorazowych vape.<\/li>\n<li><strong>Czy mog\u0119 na\u0142adowa\u0107 Vapsolo King 10k?<\/strong><br \/>\nTak, posiada <strong>akumulator o pojemno\u015bci 650 mAh<\/strong> z <strong>Port \u0142adowania typu C<\/strong> dla szybkiego i \u0142atwego \u0142adowania.<\/li>\n<li><strong>Jakie s\u0105 dost\u0119pne moce nikotyny?<\/strong><br \/>\nUrz\u0105dzenie jest dost\u0119pne w <strong>2% i 5% z nisk\u0105 zawarto\u015bci\u0105 nikotyny<\/strong> opcjach, zaspokajaj\u0105c szeroki zakres preferencji.<\/li>\n<li><strong>Jak dzia\u0142a regulowany przep\u0142yw powietrza?<\/strong><br \/>\nVapsolo King 10000 ma <strong>trzy ustawienia przep\u0142ywu powietrza<\/strong>, co pozwala dostosowa\u0107 wra\u017cenia z wapowania, aby uzyska\u0107 cia\u015bniejszy lub lu\u017aniejszy wdech.<\/li>\n<li><strong>Gdzie mog\u0119 kupi\u0107 Vapsolo King 10000 w cenach hurtowych?<\/strong><br \/>\nAby uzyska\u0107 najlepsze <strong>hurtownia jednorazowych vape<\/strong> oferty, odwied\u017a vapestornado<strong>\u00a0internetowym sklepie z e-papierosami<\/strong>, gdzie znajdziesz <strong>tanie jednorazowe vapy<\/strong> produkty o wysokiej jako\u015bci.<\/li>\n<\/ol>\n<\/div>\n<\/div>\n<\/div>\n<\/div>\n<\/div>\n<\/div>\n<\/div>\n<\/div>\n<\/div>","protected":false},"excerpt":{"rendered":"<p>Vapsolo King 10000 Zaci\u0105gni\u0119\u0107 2% 5% Jednorazowy Vape Niska Nikotyna Cena Zakupu Hurtowego<br \/>\nVapsolo King 10000 Zaci\u0105gni\u0119\u0107 Jednorazowy Vape z Mo\u017cliwo\u015bci\u0105 \u0141adowania Hurtowo<br \/>\nTani Fabryczny Vapsolo King 10000 Zaci\u0105gni\u0119\u0107 2% 5% Jednorazowy Vape Niska Nikotyna<\/p>\n<p><strong>Dodaj Amy do WhatsAppa, aby uzyska\u0107 szybk\u0105 odpowied\u017a i kupon na vape!<\/strong><\/p>\n<p><img fetchpriority=\"high\" decoding=\"async\" class=\"size-full wp-image-2932\" src=\"https:\/\/vapestornado.com\/wp-content\/uploads\/2024\/12\/Vape-Wholesale.jpg\" alt=\"Hurtowa sprzeda\u017c e-papieros\u00f3w\" width=\"229\" height=\"300\" \/><\/p>\n<h3><a href=\"https:\/\/wa.me\/8617776015835\"><span style=\"color: #ff0000;\"><strong>WhatsApp: +86 17776015835<\/strong><\/span><\/a><\/h3>\n<p>&nbsp;<\/p>","protected":false},"featured_media":3240,"comment_status":"open","ping_status":"closed","template":"","meta":{"_acf_changed":false,"_uag_custom_page_level_css":"","_lmt_disableupdate":"no","_lmt_disable":"","_monsterinsights_skip_tracking":false,"_monsterinsights_sitenote_active":false,"_monsterinsights_sitenote_note":"","_monsterinsights_sitenote_category":0,"site-sidebar-layout":"default","site-content-layout":"","ast-site-content-layout":"default","site-content-style":"default","site-sidebar-style":"default","ast-global-header-display":"","ast-banner-title-visibility":"","ast-main-header-display":"","ast-hfb-above-header-display":"","ast-hfb-below-header-display":"","ast-hfb-mobile-header-display":"","site-post-title":"","ast-breadcrumbs-content":"","ast-featured-img":"","footer-sml-layout":"","ast-disable-related-posts":"","theme-transparent-header-meta":"default","adv-header-id-meta":"","stick-header-meta":"","header-above-stick-meta":"","header-main-stick-meta":"","header-below-stick-meta":"","astra-migrate-meta-layouts":"set","ast-page-background-enabled":"default","ast-page-background-meta":{"desktop":{"background-color":"","background-image":"","background-repeat":"repeat","background-position":"center center","background-size":"auto","background-attachment":"scroll","background-type":"","background-media":"","overlay-type":"","overlay-color":"","overlay-opacity":"","overlay-gradient":""},"tablet":{"background-color":"","background-image":"","background-repeat":"repeat","background-position":"center center","background-size":"auto","background-attachment":"scroll","background-type":"","background-media":"","overlay-type":"","overlay-color":"","overlay-opacity":"","overlay-gradient":""},"mobile":{"background-color":"","background-image":"","background-repeat":"repeat","background-position":"center center","background-size":"auto","background-attachment":"scroll","background-type":"","background-media":"","overlay-type":"","overlay-color":"","overlay-opacity":"","overlay-gradient":""}},"ast-content-background-meta":{"desktop":{"background-color":"var(--ast-global-color-5)","background-image":"","background-repeat":"repeat","background-position":"center center","background-size":"auto","background-attachment":"scroll","background-type":"","background-media":"","overlay-type":"","overlay-color":"","overlay-opacity":"","overlay-gradient":""},"tablet":{"background-color":"var(--ast-global-color-5)","background-image":"","background-repeat":"repeat","background-position":"center center","background-size":"auto","background-attachment":"scroll","background-type":"","background-media":"","overlay-type":"","overlay-color":"","overlay-opacity":"","overlay-gradient":""},"mobile":{"background-color":"var(--ast-global-color-5)","background-image":"","background-repeat":"repeat","background-position":"center center","background-size":"auto","background-attachment":"scroll","background-type":"","background-media":"","overlay-type":"","overlay-color":"","overlay-opacity":"","overlay-gradient":""}},"_joinchat":{"telephone":"+8617776015835"}},"product_brand":[],"product_cat":[106,151,154,160,144,146,19,171],"product_tag":[165,97,166,94,139,180],"class_list":{"0":"post-3246","1":"product","2":"type-product","3":"status-publish","4":"has-post-thumbnail","6":"product_cat-10000-puff","7":"product_cat-buy-disposable-vapes-in-france","8":"product_cat-buy-disposable-vapes-in-netherlands","9":"product_cat-buy-disposable-vapes-in-switzerland","10":"product_cat-low-nicotine-disposable-vapes","11":"product_cat-rechargeable-disposable-vapes","12":"product_cat-vapes","13":"product_cat-vapsolo-disposable-vapes","14":"product_tag-cheap-vapes","15":"product_tag-hot-sale-disposable-vape","16":"product_tag-low-nicotine-vape","17":"product_tag-rechargeable-disposable-vape","18":"product_tag-vapsolo","19":"product_tag-vapsolo-king-10000","20":"desktop-align-left","21":"tablet-align-left","22":"mobile-align-left","24":"first","25":"instock","26":"sale","27":"shipping-taxable","28":"purchasable","29":"product-type-simple"},"acf":[],"uagb_featured_image_src":{"full":["https:\/\/vapestornado.com\/wp-content\/uploads\/2024\/12\/Disposable-Vape-Wholesale-Vapsolo-King-10000-Puffs.jpg",1000,1000,false],"thumbnail":["https:\/\/vapestornado.com\/wp-content\/uploads\/2024\/12\/Disposable-Vape-Wholesale-Vapsolo-King-10000-Puffs-150x150.jpg",150,150,true],"medium":["https:\/\/vapestornado.com\/wp-content\/uploads\/2024\/12\/Disposable-Vape-Wholesale-Vapsolo-King-10000-Puffs-300x300.jpg",300,300,true],"medium_large":["https:\/\/vapestornado.com\/wp-content\/uploads\/2024\/12\/Disposable-Vape-Wholesale-Vapsolo-King-10000-Puffs-768x768.jpg",768,768,true],"large":["https:\/\/vapestornado.com\/wp-content\/uploads\/2024\/12\/Disposable-Vape-Wholesale-Vapsolo-King-10000-Puffs.jpg",1000,1000,false],"1536x1536":["https:\/\/vapestornado.com\/wp-content\/uploads\/2024\/12\/Disposable-Vape-Wholesale-Vapsolo-King-10000-Puffs.jpg",1000,1000,false],"2048x2048":["https:\/\/vapestornado.com\/wp-content\/uploads\/2024\/12\/Disposable-Vape-Wholesale-Vapsolo-King-10000-Puffs.jpg",1000,1000,false],"trp-custom-language-flag":["https:\/\/vapestornado.com\/wp-content\/uploads\/2024\/12\/Disposable-Vape-Wholesale-Vapsolo-King-10000-Puffs.jpg",12,12,false],"woocommerce_thumbnail":["https:\/\/vapestornado.com\/wp-content\/uploads\/2024\/12\/Disposable-Vape-Wholesale-Vapsolo-King-10000-Puffs-300x300.jpg",300,300,true],"woocommerce_single":["https:\/\/vapestornado.com\/wp-content\/uploads\/2024\/12\/Disposable-Vape-Wholesale-Vapsolo-King-10000-Puffs-600x600.jpg",600,600,true],"woocommerce_gallery_thumbnail":["https:\/\/vapestornado.com\/wp-content\/uploads\/2024\/12\/Disposable-Vape-Wholesale-Vapsolo-King-10000-Puffs-100x100.jpg",100,100,true]},"uagb_author_info":{"display_name":"ESAMY","author_link":"https:\/\/vapestornado.com\/pl\/author\/"},"uagb_comment_info":1,"uagb_excerpt":"Vapsolo King 10000 Puffs 2% 5% Low Nicotine Disposable Vape Bulk Buy Price Vapsolo King 10000 Puffs Rechargeable Disposable Vape Wholesale Cheap Factory Vapsolo King 10000 Puffs 2% 5% Low Nicotine Disposable Vape Add Amy's whatsapp get right reply and vape vape coupon! WhatsApp: +86 17776015835 &nbsp;","_links":{"self":[{"href":"https:\/\/vapestornado.com\/pl\/wp-json\/wp\/v2\/product\/3246","targetHints":{"allow":["GET"]}}],"collection":[{"href":"https:\/\/vapestornado.com\/pl\/wp-json\/wp\/v2\/product"}],"about":[{"href":"https:\/\/vapestornado.com\/pl\/wp-json\/wp\/v2\/types\/product"}],"replies":[{"embeddable":true,"href":"https:\/\/vapestornado.com\/pl\/wp-json\/wp\/v2\/comments?post=3246"}],"wp:featuredmedia":[{"embeddable":true,"href":"https:\/\/vapestornado.com\/pl\/wp-json\/wp\/v2\/media\/3240"}],"wp:attachment":[{"href":"https:\/\/vapestornado.com\/pl\/wp-json\/wp\/v2\/media?parent=3246"}],"wp:term":[{"taxonomy":"product_brand","embeddable":true,"href":"https:\/\/vapestornado.com\/pl\/wp-json\/wp\/v2\/product_brand?post=3246"},{"taxonomy":"product_cat","embeddable":true,"href":"https:\/\/vapestornado.com\/pl\/wp-json\/wp\/v2\/product_cat?post=3246"},{"taxonomy":"product_tag","embeddable":true,"href":"https:\/\/vapestornado.com\/pl\/wp-json\/wp\/v2\/product_tag?post=3246"}],"curies":[{"name":"wp","href":"https:\/\/api.w.org\/{rel}","templated":true}]}}