{"id":3231,"date":"2024-12-18T09:42:32","date_gmt":"2024-12-18T09:42:32","guid":{"rendered":"https:\/\/vapestornado.com\/?post_type=product&#038;p=3231"},"modified":"2025-08-23T12:12:36","modified_gmt":"2025-08-23T12:12:36","slug":"wholesale-price-aivono-curved-smart-screen-35000-puffs-disposable-vape","status":"publish","type":"product","link":"https:\/\/vapestornado.com\/pl\/product\/wholesale-price-aivono-curved-smart-screen-35000-puffs-disposable-vape\/","title":{"rendered":"Cena hurtowa AIVONO Curved Smart Screen 35000 Zaci\u0105gni\u0119\u0107 Jednorazowy Vape"},"content":{"rendered":"<h1>Cena hurtowa AIVONO Curved Smart Screen 35000 Zaci\u0105gni\u0119\u0107 Jednorazowy Vape<\/h1>\n<p>Cyfrowy ekran <strong data-start=\"346\" data-end=\"404\">AIVONO Zakrzywiony Smart Screen 35000 Zaci\u0105gni\u0119\u0107 Jednorazowy Vape<\/strong> zosta\u0142 zaprojektowany dla waper\u00f3w, kt\u00f3rzy ceni\u0105 zaawansowan\u0105 technologi\u0119, wysokiej jako\u015bci design i d\u0142ugotrwa\u0142\u0105 wydajno\u015b\u0107. Dostarczaj\u0105c do <strong data-start=\"524\" data-end=\"540\">35 000 zaci\u0105gni\u0119\u0107<\/strong>, to urz\u0105dzenie jest zasilane przez niezawodny <strong data-start=\"579\" data-end=\"622\">akumulator 850mAh z czystego kobaltu z mo\u017cliwo\u015bci\u0105 \u0142adowania<\/strong> z <strong data-start=\"628\" data-end=\"652\">Szybkie \u0142adowanie typu C<\/strong>, zapewniaj\u0105c nieprzerwane wapowanie. Jego <strong data-start=\"689\" data-end=\"726\">28ml wst\u0119pnie nape\u0142nionej pojemno\u015bci e-liquidu<\/strong> i wiele st\u0119\u017ce\u0144 nikotyny (0%, 2%, 3%, 5%) sprawiaj\u0105, \u017ce jest odpowiedni dla szerokiego grona odbiorc\u00f3w.<\/p>\n<p>A <strong data-start=\"825\" data-end=\"848\">Grza\u0142ka z podw\u00f3jnej siatki 1.0\u03a9<\/strong> zapewnia bogaty smak i g\u0142adkie chmury, a <strong data-start=\"898\" data-end=\"927\">regulowanymi ustawieniami mocy<\/strong> umo\u017cliwiaj\u0105 u\u017cytkownikom dostosowanie g\u0119sto\u015bci i intensywno\u015bci pary. Zakrzywiony dynamiczny <strong data-start=\"998\" data-end=\"1015\">inteligentny wy\u015bwietlacz<\/strong> wy\u015bwietla stan baterii i poziom e-liquidu w czasie rzeczywistym, uzupe\u0142niony animowanymi wizualizacjami \u0142adowania i konfigurowalnym pod\u015bwietlanym logo.<\/p>\n<p>Dzi\u0119ki jego <strong data-start=\"1166\" data-end=\"1190\">elegancka, kompaktowa konstrukcja<\/strong> i opcje OEM\/ODM, AIVONO Curved Smart Screen 35K jest idealny zar\u00f3wno dla u\u017cytkownik\u00f3w indywidualnych, jak i <strong data-start=\"1284\" data-end=\"1304\">kupc\u00f3w hurtowych<\/strong> w ca\u0142ej Europie. \u0141\u0105cz\u0105c innowacyjno\u015b\u0107, trwa\u0142o\u015b\u0107 i styl, jest to doskona\u0142y wyb\u00f3r dla <strong data-start=\"1392\" data-end=\"1452\">detalist\u00f3w i dystrybutor\u00f3w poszukuj\u0105cych jednorazowych vape'\u00f3w w du\u017cych ilo\u015bciach<\/strong> w konkurencyjnych cenach.<\/p>\n<figure id=\"attachment_3474\" aria-describedby=\"caption-attachment-3474\" style=\"width: 800px\" class=\"wp-caption alignnone\"><img fetchpriority=\"high\" decoding=\"async\" class=\"wp-image-3474 size-full\" src=\"https:\/\/vapestornado.com\/wp-content\/uploads\/2024\/12\/AIVONO-35k-puff-vape-Box.jpg\" alt=\"AIVONO 35k zaci\u0105gni\u0119\u0107 waporyzator Box\" width=\"800\" height=\"800\" srcset=\"https:\/\/vapestornado.com\/wp-content\/uploads\/2024\/12\/AIVONO-35k-puff-vape-Box.jpg 800w, https:\/\/vapestornado.com\/wp-content\/uploads\/2024\/12\/AIVONO-35k-puff-vape-Box-300x300.jpg 300w, https:\/\/vapestornado.com\/wp-content\/uploads\/2024\/12\/AIVONO-35k-puff-vape-Box-150x150.jpg 150w, https:\/\/vapestornado.com\/wp-content\/uploads\/2024\/12\/AIVONO-35k-puff-vape-Box-768x768.jpg 768w, https:\/\/vapestornado.com\/wp-content\/uploads\/2024\/12\/AIVONO-35k-puff-vape-Box-600x600.jpg 600w, https:\/\/vapestornado.com\/wp-content\/uploads\/2024\/12\/AIVONO-35k-puff-vape-Box-100x100.jpg 100w\" sizes=\"(max-width: 800px) 100vw, 800px\" \/><figcaption id=\"caption-attachment-3474\" class=\"wp-caption-text\">AIVONO 35k zaci\u0105gni\u0119\u0107 waporyzator Box<\/figcaption><\/figure>\n<p><img decoding=\"async\" class=\"wp-image-2951\" src=\"https:\/\/vapestornado.com\/wp-content\/uploads\/2024\/12\/Wholesale-Disposable-Vape-265x300.jpg\" alt=\"Hurtownia jednorazowych vape\" width=\"295\" height=\"334\" srcset=\"https:\/\/vapestornado.com\/wp-content\/uploads\/2024\/12\/Wholesale-Disposable-Vape-265x300.jpg 265w, https:\/\/vapestornado.com\/wp-content\/uploads\/2024\/12\/Wholesale-Disposable-Vape-768x871.jpg 768w, https:\/\/vapestornado.com\/wp-content\/uploads\/2024\/12\/Wholesale-Disposable-Vape-600x680.jpg 600w, https:\/\/vapestornado.com\/wp-content\/uploads\/2024\/12\/Wholesale-Disposable-Vape.jpg 823w\" sizes=\"(max-width: 295px) 100vw, 295px\" \/><\/p>\n<h6>Skontaktuj si\u0119 z Mandy przez WhatsApp, aby uzyska\u0107 cen\u0119 promocyjn\u0105<a href=\"https:\/\/wa.me\/8618077105796\" target=\"_blank\" rel=\"noopener\">+8618077105796<\/a><\/h6>\n<h2><strong>AIVONO Vape Curved Screen 35000 zaci\u0105gni\u0119\u0107 \u2013 Kluczowe specyfikacje<\/strong><\/h2>\n<div class=\"flex max-w-full flex-col flex-grow\">\n<div class=\"min-h-8 text-message flex w-full flex-col items-end gap-2 whitespace-normal break-words text-start [.text-message+&amp;]:mt-5\" dir=\"auto\" data-message-author-role=\"assistant\" data-message-id=\"cdb991c0-f594-4bff-b2d5-fbbdd7ce9e54\" data-message-model-slug=\"gpt-4o-mini\">\n<div class=\"flex w-full flex-col gap-1 empty:hidden first:pt-[3px]\">\n<div class=\"markdown prose w-full break-words dark:prose-invert light\">\n<ul>\n<li><strong>Liczba zaci\u0105gni\u0119\u0107:<\/strong> Do 35 000 zaci\u0105gni\u0119\u0107<\/li>\n<li><strong>Pojemno\u015b\u0107 e-liquidu:<\/strong> 28 ml<\/li>\n<li><strong>Bateria:<\/strong> 17350 czystego kobaltu, 850mAh (Akumulator, Typ-C)<\/li>\n<li><strong>Rezystancja grza\u0142ki:<\/strong> Grza\u0142ka z podw\u00f3jnej siatki 1.0\u03a9<\/li>\n<li><strong>Opcje nikotyny:<\/strong> 5%, 3%, 2%, 0%<\/li>\n<li><strong>Funkcje ekranu:<\/strong> Wska\u017aniki poziomu p\u0142ynu i baterii, konfigurowalne pod\u015bwietlane logo<\/li>\n<li><strong>Wy\u015bwietlacz:<\/strong> Zakrzywiony dynamiczny ekran z efektami animacji \u0142adowania i zaci\u0105gania<\/li>\n<li><strong>Regulowana moc:<\/strong> Obs\u0142uguje kontrol\u0119 smaku i pary<\/li>\n<li><strong>Projekt:<\/strong> Kompaktowy rozmiar (55*95mm), obs\u0142uguje personalizacj\u0119 OEM\/ODM<\/li>\n<\/ul>\n<\/div>\n<\/div>\n<\/div>\n<\/div>\n<div class=\"mb-2 flex gap-3 empty:hidden -ml-2\">\n<div class=\"items-center justify-start rounded-xl p-1 flex\"><\/div>\n<\/div>\n<h2><strong>Hurtownia Waporyzator\u00f3w AIVONO Zakrzywiony Ekran Lista smak\u00f3w 35k Zaci\u0105gni\u0119\u0107:<\/strong><\/h2>\n<p>1.AIM FLASH: Truskawkowy L\u00f3d<br \/>\n2.AIM FLASH: Truskawkowy Arbuz<br \/>\n3.AIM FLASH: Wi\u015bniowa Malina<br \/>\n4.AIM FLASH: Niebieska Malina z Lodem<br \/>\n5.AIM FLASH: Cytrynowy<br \/>\n6.AIM FLASH: Sok Brzoskwiniowy<br \/>\n7.AIM FLASH: Bor\u00f3wkowa Winogrono<br \/>\n8.AIM FLASH: Arbuzowy L\u00f3d<br \/>\n9.AIM FLASH: Jab\u0142kowa Jagoda<br \/>\n10.AIM FLASH:Mango ananas<br \/>\n11.AIM FLASH:Niebieski Ranczo<br \/>\n12.AIM FLASH:Truskawka l\u00f3d<br \/>\n13.AIM FLASH:Winogrono<br \/>\n14.AIM FLASH:Mieszane jagody<br \/>\n15.AIM FLASH:Truskawka Kiwi l\u00f3d<\/p>\n<div role=\"article\" data-tabster=\"{&quot;groupper&quot;:{&quot;tabbability&quot;:2},&quot;focusable&quot;:{}}\" data-content=\"ai-message\" aria-labelledby=\"dARUyEWDoEYhnSPXFwx5A-author dARUyEWDoEYhnSPXFwx5A-content\">\n<div id=\"dARUyEWDoEYhnSPXFwx5A-content\">\n<h3>Dlaczego warto wybra\u0107 AIVONO Curved Smart Screen 35000 Puffs w Polsce <a href=\"https:\/\/vapestornado.com\/pl\/store\/\">vapestornado.pl<\/a>?<\/h3>\n<ol>\n<li><strong>Najwy\u017csza jako\u015b\u0107 i wydajno\u015b\u0107<\/strong><br \/>\nJednorazowy waporyzator AIVONO Curved Smart Screen 35000 Puffs oferuje wyj\u0105tkowe wra\u017cenia z wapowania z mo\u017cliwo\u015bci\u0105 do 35 000 zaci\u0105gni\u0119\u0107. Zasilany akumulatorem o du\u017cej pojemno\u015bci 850mAh, zapewnia sta\u0142\u0105 wydajno\u015b\u0107 i12.AIM FLASH:Truskawka l\u00f3d doskona\u0142\u0105 trwa\u0142o\u015b\u0107.<\/li>\n<li><strong>Zaawansowane funkcje dla lepszego do\u015bwiadczenia<\/strong><br \/>\nWyposa\u017cone w podw\u00f3jn\u0105 grza\u0142k\u0119 mesh o oporno\u015bci 1.0\u03a9, urz\u0105dzenie to zapewnia g\u0142adk\u0105 produkcj\u0119 pary i bogaty smak z ka\u017cdym zaci\u0105gni\u0119ciem. Zakrzywiony, dynamiczny ekran smart screen dostarcza bie\u017c\u0105cych informacji o poziomie p\u0142ynu i baterii, a personalizowalne, pod\u015bwietlane logo dodaje elegancji.<\/li>\n<li><strong>Dostosowane dla ka\u017cdego vapera<\/strong><br \/>\nOferuj\u0105c wiele opcji nikotyny (5%, 3%, 2%, 0%), waporyzator AIVONO odpowiada na r\u00f3\u017cne preferencje, zapewniaj\u0105c idealny wyb\u00f3r dla ka\u017cdego vapera.<\/li>\n<li><strong>Elegancki, kompaktowy design<\/strong><br \/>\nZaprojektowany z my\u015bl\u0105 o wygodzie, waporyzator AIVONO z zakrzywionym ekranem smart screen ma kompaktowe wymiary 55*95mm, co u\u0142atwia jego przenoszenie, zachowuj\u0105c jednocze\u015bnie stylowy i nowoczesny wygl\u0105d.<\/li>\n<li><strong>Wy\u0142\u0105czna dost\u0119pno\u015b\u0107 na vapestornado.com<\/strong><br \/>\nvapestornado.com oferuje wy\u0142\u0105czny dost\u0119p do AIVONO Curved Smart Screen 35000 Puffs, zapewniaj\u0105c konkurencyjne ceny, szybk\u0105 wysy\u0142k\u0119 i doskona\u0142\u0105 obs\u0142ug\u0119 klienta dla klient\u00f3w z Polski i innych kraj\u00f3w.<\/li>\n<li><strong>Idealny dla polskich vaper\u00f3w<\/strong><br \/>\nDzi\u0119ki innowacyjnemu designowi i doskona\u0142ej wydajno\u015bci, waporyzator AIVONO z zakrzywionym ekranem smart screen jest doskonale dopasowany do wyrafinowanych gust\u00f3w polskich vaper\u00f3w, \u0142\u0105cz\u0105c w jednym urz\u0105dzeniu zaawansowan\u0105 technologi\u0119 i trwa\u0142o\u015b\u0107.<\/li>\n<\/ol>\n<\/div>\n<\/div>\n<h3>Najcz\u0119\u015bciej zadawane pytania dotycz\u0105ce AIVONO Curved Smart Screen 35000 Puffs<\/h3>\n<p><strong>P: Ile zaci\u0105gni\u0119\u0107 mog\u0119 si\u0119 spodziewa\u0107 po AIVONO Curved Smart Screen 35000 Puffs?<\/strong><br \/>\n<strong>A:<\/strong> AIVONO Curved Smart Screen zapewnia do <strong>35 000 zaci\u0105gni\u0119\u0107<\/strong>, co gwarantuje d\u0142ugotrwa\u0142e i satysfakcjonuj\u0105ce do\u015bwiadczenie vapingu.<\/p>\n<p><strong>P: Jaka jest pojemno\u015b\u0107 baterii waporyzatora AIVONO CurvedScreen 35k puffs?<\/strong><br \/>\n<strong>A:<\/strong> Urz\u0105dzenie jest zasilane przez <strong>akumulator 17350 z czystego kobaltu<\/strong> o pojemno\u015bci <strong>850mAh<\/strong>, co zapewnia niezawodn\u0105 wydajno\u015b\u0107 i d\u0142ug\u0105 \u017cywotno\u015b\u0107 baterii.<\/p>\n<p><strong>P: Czy waporyzator AIVONO Screen 35k puffs obs\u0142uguje \u0142adowanie Type-C?<\/strong><br \/>\n<strong>A:<\/strong> Tak, urz\u0105dzenie posiada <strong>Port \u0142adowania typu C<\/strong>, umo\u017cliwiaj\u0105c szybkie i wygodne \u0142adowanie.<\/p>\n<p><strong>P: Jakiego rodzaju grza\u0142k\u0119 u\u017cywa AIVONO Curved Screen 35k puffs?<\/strong><br \/>\n<strong>A:<\/strong> Ten vape u\u017cywa <strong>Grza\u0142ka z podw\u00f3jnej siatki 1.0\u03a9<\/strong>, zapewniaj\u0105c p\u0142ynn\u0105 i sta\u0142\u0105 produkcj\u0119 pary, wraz z bogatymi i aromatycznymi doznaniami.<\/p>\n<p><strong>P: Jak mog\u0119 sprawdzi\u0107 poziom e-liquidu i baterii na urz\u0105dzeniu AIVONO Curved Smart Screen 35000 vape bar?<\/strong><br \/>\n<strong>A:<\/strong> Urz\u0105dzenie posiada <strong>zakrzywiony dynamiczny inteligentny ekran<\/strong> kt\u00f3ry wy\u015bwietla w czasie rzeczywistym poziomy e-liquidu i baterii, dzi\u0119ki czemu zawsze wiesz, kiedy na\u0142adowa\u0107 lub uzupe\u0142ni\u0107 p\u0142yn.<\/p>\n<p><strong>P: Co sprawia, \u017ce AIVONO Curved Smart Screen 35k Vapes w niskiej cenie s\u0105 idealne dla europejskich vaper\u00f3w?<\/strong><br \/>\n<strong>A:<\/strong> AIVONO Curved 35k puff vape \u0142\u0105czy w sobie najnowocze\u015bniejsz\u0105 technologi\u0119, elegancki design i wiele opcji nikotynowych, co czyni go idealnym wyborem dla wyrafinowanych preferencji europejskich vaper\u00f3w.<\/p>","protected":false},"excerpt":{"rendered":"<p>AIVONO zakrzywiony inteligentny ekran 35000 zaci\u0105gni\u0119\u0107: waporyzatory jednorazowego u\u017cytku premium, 35 000 zaci\u0105gni\u0119\u0107, konfigurowalne funkcje, podw\u00f3jna grza\u0142ka siatkowa, \u0142adowanie przez USB-C, idealne dla polskich waper\u00f3w.<\/p>\n<figure id=\"attachment_2951\" aria-describedby=\"caption-attachment-2951\" style=\"width: 265px\" class=\"wp-caption alignnone\"><img decoding=\"async\" class=\"size-medium wp-image-2951\" src=\"https:\/\/vapestornado.com\/wp-content\/uploads\/2024\/12\/Wholesale-Disposable-Vape-265x300.jpg\" alt=\"Hurtownia jednorazowych vape\" width=\"265\" height=\"300\" srcset=\"https:\/\/vapestornado.com\/wp-content\/uploads\/2024\/12\/Wholesale-Disposable-Vape-265x300.jpg 265w, https:\/\/vapestornado.com\/wp-content\/uploads\/2024\/12\/Wholesale-Disposable-Vape-768x871.jpg 768w, https:\/\/vapestornado.com\/wp-content\/uploads\/2024\/12\/Wholesale-Disposable-Vape-600x680.jpg 600w, https:\/\/vapestornado.com\/wp-content\/uploads\/2024\/12\/Wholesale-Disposable-Vape.jpg 823w\" sizes=\"(max-width: 265px) 100vw, 265px\" \/><figcaption id=\"caption-attachment-2951\" class=\"wp-caption-text\">Skontaktuj si\u0119 z Mandy przez WhatsApp, aby uzyska\u0107 cen\u0119 promocyjn\u0105\u00a0 <a href=\"https:\/\/wa.me\/8618077105796\">+8618077105796<\/a><\/figcaption><\/figure>\n<p>&nbsp;<\/p>","protected":false},"featured_media":3479,"comment_status":"open","ping_status":"closed","template":"","meta":{"_acf_changed":false,"_uag_custom_page_level_css":"","_lmt_disableupdate":"no","_lmt_disable":"","_monsterinsights_skip_tracking":false,"_monsterinsights_sitenote_active":false,"_monsterinsights_sitenote_note":"","_monsterinsights_sitenote_category":0,"site-sidebar-layout":"default","site-content-layout":"","ast-site-content-layout":"default","site-content-style":"default","site-sidebar-style":"default","ast-global-header-display":"","ast-banner-title-visibility":"","ast-main-header-display":"","ast-hfb-above-header-display":"","ast-hfb-below-header-display":"","ast-hfb-mobile-header-display":"","site-post-title":"","ast-breadcrumbs-content":"","ast-featured-img":"","footer-sml-layout":"","ast-disable-related-posts":"","theme-transparent-header-meta":"default","adv-header-id-meta":"","stick-header-meta":"","header-above-stick-meta":"","header-main-stick-meta":"","header-below-stick-meta":"","astra-migrate-meta-layouts":"set","ast-page-background-enabled":"default","ast-page-background-meta":{"desktop":{"background-color":"","background-image":"","background-repeat":"repeat","background-position":"center center","background-size":"auto","background-attachment":"scroll","background-type":"","background-media":"","overlay-type":"","overlay-color":"","overlay-opacity":"","overlay-gradient":""},"tablet":{"background-color":"","background-image":"","background-repeat":"repeat","background-position":"center center","background-size":"auto","background-attachment":"scroll","background-type":"","background-media":"","overlay-type":"","overlay-color":"","overlay-opacity":"","overlay-gradient":""},"mobile":{"background-color":"","background-image":"","background-repeat":"repeat","background-position":"center center","background-size":"auto","background-attachment":"scroll","background-type":"","background-media":"","overlay-type":"","overlay-color":"","overlay-opacity":"","overlay-gradient":""}},"ast-content-background-meta":{"desktop":{"background-color":"var(--ast-global-color-5)","background-image":"","background-repeat":"repeat","background-position":"center center","background-size":"auto","background-attachment":"scroll","background-type":"","background-media":"","overlay-type":"","overlay-color":"","overlay-opacity":"","overlay-gradient":""},"tablet":{"background-color":"var(--ast-global-color-5)","background-image":"","background-repeat":"repeat","background-position":"center center","background-size":"auto","background-attachment":"scroll","background-type":"","background-media":"","overlay-type":"","overlay-color":"","overlay-opacity":"","overlay-gradient":""},"mobile":{"background-color":"var(--ast-global-color-5)","background-image":"","background-repeat":"repeat","background-position":"center center","background-size":"auto","background-attachment":"scroll","background-type":"","background-media":"","overlay-type":"","overlay-color":"","overlay-opacity":"","overlay-gradient":""}},"_joinchat":{"telephone":"+8618077105796"}},"product_brand":[],"product_cat":[175,176,140,153,157],"product_tag":[177,97],"class_list":{"0":"post-3231","1":"product","2":"type-product","3":"status-publish","4":"has-post-thumbnail","6":"product_cat-35000-puff","7":"product_cat-aivono-vape","8":"product_cat-big-puffs-disposable-vapes","9":"product_cat-buy-disposable-vapes-in-italy","10":"product_cat-buy-disposable-vapes-in-portugal","11":"product_tag-aivono-35000-puffs","12":"product_tag-hot-sale-disposable-vape","13":"desktop-align-left","14":"tablet-align-left","15":"mobile-align-left","17":"first","18":"instock","19":"sale","20":"shipping-taxable","21":"purchasable","22":"product-type-simple"},"acf":[],"uagb_featured_image_src":{"full":["https:\/\/vapestornado.com\/wp-content\/uploads\/2024\/12\/AIVONO-35000-Puffs-Good-Sale-Vape.jpg",800,800,false],"thumbnail":["https:\/\/vapestornado.com\/wp-content\/uploads\/2024\/12\/AIVONO-35000-Puffs-Good-Sale-Vape-150x150.jpg",150,150,true],"medium":["https:\/\/vapestornado.com\/wp-content\/uploads\/2024\/12\/AIVONO-35000-Puffs-Good-Sale-Vape-300x300.jpg",300,300,true],"medium_large":["https:\/\/vapestornado.com\/wp-content\/uploads\/2024\/12\/AIVONO-35000-Puffs-Good-Sale-Vape-768x768.jpg",768,768,true],"large":["https:\/\/vapestornado.com\/wp-content\/uploads\/2024\/12\/AIVONO-35000-Puffs-Good-Sale-Vape.jpg",800,800,false],"1536x1536":["https:\/\/vapestornado.com\/wp-content\/uploads\/2024\/12\/AIVONO-35000-Puffs-Good-Sale-Vape.jpg",800,800,false],"2048x2048":["https:\/\/vapestornado.com\/wp-content\/uploads\/2024\/12\/AIVONO-35000-Puffs-Good-Sale-Vape.jpg",800,800,false],"trp-custom-language-flag":["https:\/\/vapestornado.com\/wp-content\/uploads\/2024\/12\/AIVONO-35000-Puffs-Good-Sale-Vape.jpg",12,12,false],"woocommerce_thumbnail":["https:\/\/vapestornado.com\/wp-content\/uploads\/2024\/12\/AIVONO-35000-Puffs-Good-Sale-Vape-300x300.jpg",300,300,true],"woocommerce_single":["https:\/\/vapestornado.com\/wp-content\/uploads\/2024\/12\/AIVONO-35000-Puffs-Good-Sale-Vape-600x600.jpg",600,600,true],"woocommerce_gallery_thumbnail":["https:\/\/vapestornado.com\/wp-content\/uploads\/2024\/12\/AIVONO-35000-Puffs-Good-Sale-Vape-100x100.jpg",100,100,true]},"uagb_author_info":{"display_name":"ESMANDY","author_link":"https:\/\/vapestornado.com\/pl\/author\/"},"uagb_comment_info":0,"uagb_excerpt":"AIVONO Curved Smart Screen 35000 Puff\u00a0 vape pods : Premium disposable vape, 35,000 puffs, customizable features, dual mesh coil, Type-C charging, ideal for European vapers. [caption id=\"attachment_2951\" align=\"alignnone\" width=\"265\"] Pls Contact Mandy's WhatsApp For Discount Price\u00a0 +8618077105796[\/caption] &nbsp;","_links":{"self":[{"href":"https:\/\/vapestornado.com\/pl\/wp-json\/wp\/v2\/product\/3231","targetHints":{"allow":["GET"]}}],"collection":[{"href":"https:\/\/vapestornado.com\/pl\/wp-json\/wp\/v2\/product"}],"about":[{"href":"https:\/\/vapestornado.com\/pl\/wp-json\/wp\/v2\/types\/product"}],"replies":[{"embeddable":true,"href":"https:\/\/vapestornado.com\/pl\/wp-json\/wp\/v2\/comments?post=3231"}],"wp:featuredmedia":[{"embeddable":true,"href":"https:\/\/vapestornado.com\/pl\/wp-json\/wp\/v2\/media\/3479"}],"wp:attachment":[{"href":"https:\/\/vapestornado.com\/pl\/wp-json\/wp\/v2\/media?parent=3231"}],"wp:term":[{"taxonomy":"product_brand","embeddable":true,"href":"https:\/\/vapestornado.com\/pl\/wp-json\/wp\/v2\/product_brand?post=3231"},{"taxonomy":"product_cat","embeddable":true,"href":"https:\/\/vapestornado.com\/pl\/wp-json\/wp\/v2\/product_cat?post=3231"},{"taxonomy":"product_tag","embeddable":true,"href":"https:\/\/vapestornado.com\/pl\/wp-json\/wp\/v2\/product_tag?post=3231"}],"curies":[{"name":"wp","href":"https:\/\/api.w.org\/{rel}","templated":true}]}}