{"id":3223,"date":"2024-12-18T08:28:53","date_gmt":"2024-12-18T08:28:53","guid":{"rendered":"https:\/\/vapestornado.com\/?post_type=product&#038;p=3223"},"modified":"2025-08-23T12:21:59","modified_gmt":"2025-08-23T12:21:59","slug":"vapsolo-triple-30000-puffs-3-flavors-in-1-rechargeable-disposable-vapes-pen-bulk-buy-wholesale","status":"publish","type":"product","link":"https:\/\/vapestornado.com\/pl\/product\/vapsolo-triple-30000-puffs-3-flavors-in-1-rechargeable-disposable-vapes-pen-bulk-buy-wholesale\/","title":{"rendered":"Vapsolo Triple 30000 Zaci\u0105gni\u0119\u0107 3 Smaki w 1 \u0141adowalne Jednorazowe Vape Pen Hurtowy Zakup"},"content":{"rendered":"<h1 class=\"product-title\">Vapsolo Triple 30000 Zaci\u0105gni\u0119\u0107 3 Smaki w 1 \u0141adowalne Jednorazowe Vape Pen Hurtowy Zakup<\/h1>\n<p>Cyfrowy ekran <strong>Vapsolo Triple 30000<\/strong> rewolucjonizuje do\u015bwiadczenie wapowania dzi\u0119ki unikalnemu <strong>3 Smaki w 1 Jednorazowym e-papierosie<\/strong> designowi. Ciesz si\u0119 a\u017c <strong>30 000 zaci\u0105gni\u0119\u0107<\/strong> z p\u0142ynnym prze\u0142\u0105czaniem mi\u0119dzy trzema r\u00f3\u017cnymi smakami, a wszystko to w jednym eleganckim, \u0142adowalnym urz\u0105dzeniu. Wyposa\u017cony w <strong>potr\u00f3jne grza\u0142ki mesh<\/strong> dla wzmocnionego smaku i produkcji pary, urz\u0105dzenie zapewnia, \u017ce ka\u017cdy wdech jest g\u0142adki i satysfakcjonuj\u0105cy.<\/p>\n<p>Z <strong>Pojemno\u015b\u0107 45 ml e-liquidu<\/strong> (15 ml na smak), <strong>Vapsolo Triple 30000<\/strong> minimalizuje potrzeb\u0119 uzupe\u0142niania, a <strong>akumulator o pojemno\u015bci 650 mAh<\/strong> z <strong>Szybkie \u0142adowanie typu C<\/strong> gwarantuje sta\u0142\u0105 wydajno\u015b\u0107. Wbudowany <strong>wy\u015bwietlacz LCD<\/strong> informuje o poziomie e-liquidu, \u017cywotno\u015bci baterii i ustawieniach smaku, zapewniaj\u0105c pe\u0142n\u0105 kontrol\u0119.<\/p>\n<p>Dost\u0119pne w <strong>Opcje 2% i 5% z nisk\u0105 zawarto\u015bci\u0105 nikotyny<\/strong>, to <strong>najlepszy jednorazowy e-papieros<\/strong> jest idealny zar\u00f3wno dla okazjonalnych, jak i do\u015bwiadczonych waper\u00f3w. Jego <strong>hurtownia jednorazowych vape<\/strong> atrakcyjne ceny czyni\u0105 go op\u0142acaln\u0105 opcj\u0105 dla nabywc\u00f3w hurtowych, zapewniaj\u0105c wysok\u0105 jako\u015b\u0107 w <strong>tani vape<\/strong> cenie.<\/p>\n<p>&nbsp;<\/p>\n<p><strong>Dodaj Amy na WhatsApp, aby uzyska\u0107 szybk\u0105 odpowied\u017a i kupon na vape!<\/strong><\/p>\n<p><img fetchpriority=\"high\" decoding=\"async\" class=\"size-full wp-image-2932\" src=\"https:\/\/vapestornado.com\/wp-content\/uploads\/2024\/12\/Vape-Wholesale.jpg\" alt=\"Hurtowa sprzeda\u017c e-papieros\u00f3w\" width=\"229\" height=\"300\" \/><\/p>\n<h3><a href=\"https:\/\/wa.me\/8617776015835\" target=\"_blank\" rel=\"noopener\"><span style=\"color: #ff0000;\"><strong>WhatsApp: +86 17776015835<\/strong><\/span><\/a><\/h3>\n<p>&nbsp;<\/p>\n<h2><strong>Vapsolo Triple 30000 Puffs \u2013 cechy produktu<\/strong><\/h2>\n<div role=\"article\" data-tabster=\"{&quot;groupper&quot;:{&quot;tabbability&quot;:2},&quot;focusable&quot;:{}}\" data-content=\"ai-message\" aria-labelledby=\"juhNTJ6o7Gk1cgwZMJgv2-author juhNTJ6o7Gk1cgwZMJgv2-content\">\n<div id=\"juhNTJ6o7Gk1cgwZMJgv2-content\">\n<div role=\"article\" data-tabster=\"{&quot;groupper&quot;:{&quot;tabbability&quot;:2},&quot;focusable&quot;:{}}\" data-content=\"ai-message\" aria-labelledby=\"x4EZuCZWrTbh3weWUt7CU-author x4EZuCZWrTbh3weWUt7CU-content\">\n<div id=\"x4EZuCZWrTbh3weWUt7CU-content\">\n<h3><\/h3>\n<ol>\n<li><strong>30 000 zaci\u0105gni\u0119\u0107:<\/strong> Ogromna liczba zaci\u0105gni\u0119\u0107 dla wyd\u0142u\u017conych sesji wapowania.<\/li>\n<li><strong>3 smaki w 1 urz\u0105dzeniu:<\/strong> Prze\u0142\u0105czaj si\u0119 bez wysi\u0142ku mi\u0119dzy trzema pysznymi smakami.<\/li>\n<li><strong>Potr\u00f3jne grza\u0142ki Mesh:<\/strong> Wzmocniony smak i produkcja pary.<\/li>\n<li><strong>Akumulator:<\/strong> Bateria 650 mAh z szybkim \u0142adowaniem Type-C.<\/li>\n<li><strong>Pojemno\u015b\u0107 e-liquidu 45 ml:<\/strong> Du\u017cy zapas p\u0142ynu, 15 ml na smak.<\/li>\n<li><strong>Wy\u015bwietlacz LCD:<\/strong> Monitorowanie w czasie rzeczywistym liczby zaci\u0105gni\u0119\u0107, baterii i ustawie\u0144 smaku.<\/li>\n<li><strong>Opcje Niskiej Zawarto\u015bci Nikotyny:<\/strong> Dost\u0119pny w wersjach 2% i 5% dla mo\u017cliwo\u015bci dostosowania poziomu nikotyny.<\/li>\n<li><strong>Wytrzyma\u0142a<\/strong> Lekka, kompaktowa konstrukcja do wapowania w podr\u00f3\u017cy.<\/li>\n<li><strong>Gotowy do sprzeda\u017cy hurtowej:<\/strong> Przyst\u0119pne ceny hurtowe dla sprzedawc\u00f3w detalicznych i reseller\u00f3w.<\/li>\n<li><strong>10 Kombinacji Smak\u00f3w:<\/strong> Szeroki wyb\u00f3r opcji smakowych dla ka\u017cdego podniebienia.<\/li>\n<\/ol>\n<figure id=\"attachment_3224\" aria-describedby=\"caption-attachment-3224\" style=\"width: 600px\" class=\"wp-caption alignnone\"><img decoding=\"async\" class=\"wp-image-3224\" src=\"https:\/\/vapestornado.com\/wp-content\/uploads\/2024\/12\/Vapsolo-Triple-30000-Puffs-3-Flavors-in-1-Disposable-Vape-300x300.jpg\" alt=\"Vapsolo Triple 30000 Zaci\u0105gni\u0119\u0107 3 Smaki w 1 Jednorazowym Vape\" width=\"600\" height=\"600\" srcset=\"https:\/\/vapestornado.com\/wp-content\/uploads\/2024\/12\/Vapsolo-Triple-30000-Puffs-3-Flavors-in-1-Disposable-Vape-300x300.jpg 300w, https:\/\/vapestornado.com\/wp-content\/uploads\/2024\/12\/Vapsolo-Triple-30000-Puffs-3-Flavors-in-1-Disposable-Vape-1024x1024.jpg 1024w, https:\/\/vapestornado.com\/wp-content\/uploads\/2024\/12\/Vapsolo-Triple-30000-Puffs-3-Flavors-in-1-Disposable-Vape-150x150.jpg 150w, https:\/\/vapestornado.com\/wp-content\/uploads\/2024\/12\/Vapsolo-Triple-30000-Puffs-3-Flavors-in-1-Disposable-Vape-768x768.jpg 768w, https:\/\/vapestornado.com\/wp-content\/uploads\/2024\/12\/Vapsolo-Triple-30000-Puffs-3-Flavors-in-1-Disposable-Vape-600x600.jpg 600w, https:\/\/vapestornado.com\/wp-content\/uploads\/2024\/12\/Vapsolo-Triple-30000-Puffs-3-Flavors-in-1-Disposable-Vape-100x100.jpg 100w, https:\/\/vapestornado.com\/wp-content\/uploads\/2024\/12\/Vapsolo-Triple-30000-Puffs-3-Flavors-in-1-Disposable-Vape.jpg 1126w\" sizes=\"(max-width: 600px) 100vw, 600px\" \/><figcaption id=\"caption-attachment-3224\" class=\"wp-caption-text\">Vapsolo Triple 30000 Zaci\u0105gni\u0119\u0107 3 Smaki w 1 Jednorazowym Vape<\/figcaption><\/figure>\n<\/div>\n<\/div>\n<\/div>\n<\/div>\n<h2 class=\"product-title\"><strong>Lista Smak\u00f3w Vapsolo Triple 30000 Zaci\u0105gni\u0119\u0107<\/strong><\/h2>\n<p>1. Arbuzowy l\u00f3d<br \/>\n2. Cytrynowo-limonkowy<br \/>\n3. Truskawkowo-bananowy<br \/>\n4. Truskawkowo-kiwi<br \/>\n5. Owoce tropikalne<br \/>\n6. Ananas kokosowy<br \/>\n7. Truskawka malina<br \/>\n8. Malina arbuz<br \/>\n9. Truskawkowa waniliowa cola<br \/>\n10. Arbuzowy l\u00f3d<\/p>\n<h3>Dlaczego warto wybra\u0107 vapestornado do hurtowej sprzeda\u017cy Vapsolo 30000 Puffs Vape?<\/h3>\n<div class=\"flex-shrink-0 flex flex-col relative items-end\">\n<div class=\"pt-0\">\n<div class=\"gizmo-bot-avatar flex h-8 w-8 items-center justify-center overflow-hidden rounded-full\">\n<div class=\"relative p-1 rounded-sm flex items-center justify-center bg-token-main-surface-primary text-token-text-primary h-8 w-8\">\n<p>Witamy w vapestornado, Twoim zaufanym sklepie internetowym z papierosami elektronicznymi premium. Z ponad 5-letnim do\u015bwiadczeniem, oferujemy popularne marki jednorazowych papieros\u00f3w elektronicznych, takie jak Fumot RandM Vape, <a href=\"https:\/\/vapestornado.com\/pl\/product\/vapme-crystal-7000-puffs-rechargeable-disposable-vape-wholesale-cheap-price\/\">Vapme<\/a>, Bang Vape, Waspe Vape, and WGA Vape, itp.<\/p>\n<p>Nasza oferta obejmuje popularne e-papierosy, takie jak <a href=\"https:\/\/vapestornado.com\/pl\/product\/fumot-randm-tornado-15000-puffs-rechargeable-disposable-vape-wholesale\/\">RandM Tornado 15000<\/a>, oraz bogate w smaku opcje, takie jak <a href=\"https:\/\/vapestornado.com\/pl\/product\/vapsolo-dg-18000-puffs-smart-screen-wholesale-disposable-cheap-vapes\/\">\u00a0Vapsolo DG18000 Zaci\u0105gni\u0119\u0107<\/a> . Ka\u017cdy produkt jest wybierany z my\u015bl\u0105 o jako\u015bci, warto\u015bci i r\u00f3\u017cnorodno\u015bci, dzi\u0119ki czemu znajdziesz idealne dopasowanie do swoich potrzeb. Odkryj wyj\u0105tkow\u0105 obs\u0142ug\u0119 i szerok\u0105 gam\u0119 najlepszych produkt\u00f3w w cenach hurtowych na vapestornado.<\/p>\n<\/div>\n<h3><\/h3>\n<div class=\"relative p-1 rounded-sm flex items-center justify-center bg-token-main-surface-primary text-token-text-primary h-8 w-8\">\n<h3>FAQ dotycz\u0105ce jednorazowego vape Vapsolo Triple 30000 Puffs<\/h3>\n<\/div>\n<\/div>\n<\/div>\n<\/div>\n<div class=\"flex-shrink-0 flex flex-col relative items-end\">\n<div class=\"pt-0\">\n<div class=\"gizmo-bot-avatar flex h-8 w-8 items-center justify-center overflow-hidden rounded-full\">\n<div class=\"relative p-1 rounded-sm flex items-center justify-center bg-token-main-surface-primary text-token-text-primary h-8 w-8\">\n<div class=\"mb-2 flex gap-3 empty:hidden -ml-2\">\n<div role=\"article\" data-tabster=\"{&quot;groupper&quot;:{&quot;tabbability&quot;:2},&quot;focusable&quot;:{}}\" data-content=\"ai-message\" aria-labelledby=\"Vdt5ez4X7Tg813x6rFVha-author Vdt5ez4X7Tg813x6rFVha-content\">\n<div id=\"Vdt5ez4X7Tg813x6rFVha-content\">\n<div role=\"article\" data-tabster=\"{&quot;groupper&quot;:{&quot;tabbability&quot;:2},&quot;focusable&quot;:{}}\" data-content=\"ai-message\" aria-labelledby=\"o968oC7CEo2fGHsGdsRYC-author o968oC7CEo2fGHsGdsRYC-content\">\n<div id=\"o968oC7CEo2fGHsGdsRYC-content\">\n<h3><\/h3>\n<ol>\n<li><strong>Co sprawia, \u017ce Vapsolo Triple 30000 jest wyj\u0105tkowy?<\/strong><br \/>\nPosiada <strong>3 smaki w 1 jednorazowym vape<\/strong>, umo\u017cliwiaj\u0105c u\u017cytkownikom bezproblemowe prze\u0142\u0105czanie si\u0119 mi\u0119dzy trzema r\u00f3\u017cnymi smakami.<\/li>\n<li><strong>Jak d\u0142ugo urz\u0105dzenie dzia\u0142a?<\/strong><br \/>\nZ <strong>Pojemno\u015b\u0107 30 000 zaci\u0105gni\u0119\u0107<\/strong> i <strong>akumulator o pojemno\u015bci 650 mAh<\/strong>, jest przeznaczone do d\u0142ugotrwa\u0142ego u\u017cytkowania.<\/li>\n<li><strong>Gdzie mog\u0119 kupi\u0107 ten vape w cenach hurtowych?<\/strong><br \/>\nKup <strong>Vapsolo Triple 30000<\/strong> na vapestornado<strong>\u00a0internetowym sklepie z e-papierosami<\/strong>, zaufanym \u017ar\u00f3dle dla <strong>hurtowe jednorazowe vape<\/strong>.<\/li>\n<li><strong>Czy urz\u0105dzenie obs\u0142uguje szybkie \u0142adowanie?<\/strong><br \/>\nTak, jest wyposa\u017cony w <strong>Port \u0142adowania typu C<\/strong> dla szybkiego i wydajnego \u0142adowania.<\/li>\n<li><strong>Jakie poziomy nikotyny s\u0105 dost\u0119pne?<\/strong><br \/>\nUrz\u0105dzenie jest dost\u0119pne w obu wersjach: <strong>2% i 5% z nisk\u0105 zawarto\u015bci\u0105 nikotyny<\/strong> opcjach, aby dopasowa\u0107 si\u0119 do r\u00f3\u017cnych preferencji.<\/li>\n<\/ol>\n<\/div>\n<\/div>\n<\/div>\n<\/div>\n<\/div>\n<\/div>\n<\/div>\n<\/div>\n<\/div>","protected":false},"excerpt":{"rendered":"<p>Najlepsze Vapsolo Triple 30000 Puffs 2% 5% Jednorazowe e-papierosy z nisk\u0105 zawarto\u015bci\u0105 nikotyny \u2013 zakup hurtowy w atrakcyjnej cenie<br \/>\nVapsolo Triple 30000 Puffs Akumulatorowe jednorazowe e-papierosy \u2013 sprzeda\u017c hurtowa<br \/>\nTanie fabryczne Vapsolo Triple 30000 Puffs 2% 5% Jednorazowe e-papierosy z nisk\u0105 zawarto\u015bci\u0105 nikotyny<\/p>\n<p><strong>Dodaj Amy do WhatsAppa, aby uzyska\u0107 szybk\u0105 odpowied\u017a i kupon na vape!<\/strong><\/p>\n<p><img fetchpriority=\"high\" decoding=\"async\" class=\"size-full wp-image-2932\" src=\"https:\/\/vapestornado.com\/wp-content\/uploads\/2024\/12\/Vape-Wholesale.jpg\" alt=\"Hurtowa sprzeda\u017c e-papieros\u00f3w\" width=\"229\" height=\"300\" \/><\/p>\n<h3><a href=\"https:\/\/wa.me\/8617776015835\"><span style=\"color: #ff0000;\"><strong>WhatsApp: +86 17776015835<\/strong><\/span><\/a><\/h3>\n<p>&nbsp;<\/p>","protected":false},"featured_media":3230,"comment_status":"open","ping_status":"closed","template":"","meta":{"_acf_changed":false,"_uag_custom_page_level_css":"","_lmt_disableupdate":"no","_lmt_disable":"","_monsterinsights_skip_tracking":false,"_monsterinsights_sitenote_active":false,"_monsterinsights_sitenote_note":"","_monsterinsights_sitenote_category":0,"site-sidebar-layout":"default","site-content-layout":"","ast-site-content-layout":"default","site-content-style":"default","site-sidebar-style":"default","ast-global-header-display":"","ast-banner-title-visibility":"","ast-main-header-display":"","ast-hfb-above-header-display":"","ast-hfb-below-header-display":"","ast-hfb-mobile-header-display":"","site-post-title":"","ast-breadcrumbs-content":"","ast-featured-img":"","footer-sml-layout":"","ast-disable-related-posts":"","theme-transparent-header-meta":"default","adv-header-id-meta":"","stick-header-meta":"","header-above-stick-meta":"","header-main-stick-meta":"","header-below-stick-meta":"","astra-migrate-meta-layouts":"set","ast-page-background-enabled":"default","ast-page-background-meta":{"desktop":{"background-color":"","background-image":"","background-repeat":"repeat","background-position":"center center","background-size":"auto","background-attachment":"scroll","background-type":"","background-media":"","overlay-type":"","overlay-color":"","overlay-opacity":"","overlay-gradient":""},"tablet":{"background-color":"","background-image":"","background-repeat":"repeat","background-position":"center center","background-size":"auto","background-attachment":"scroll","background-type":"","background-media":"","overlay-type":"","overlay-color":"","overlay-opacity":"","overlay-gradient":""},"mobile":{"background-color":"","background-image":"","background-repeat":"repeat","background-position":"center center","background-size":"auto","background-attachment":"scroll","background-type":"","background-media":"","overlay-type":"","overlay-color":"","overlay-opacity":"","overlay-gradient":""}},"ast-content-background-meta":{"desktop":{"background-color":"var(--ast-global-color-5)","background-image":"","background-repeat":"repeat","background-position":"center center","background-size":"auto","background-attachment":"scroll","background-type":"","background-media":"","overlay-type":"","overlay-color":"","overlay-opacity":"","overlay-gradient":""},"tablet":{"background-color":"var(--ast-global-color-5)","background-image":"","background-repeat":"repeat","background-position":"center center","background-size":"auto","background-attachment":"scroll","background-type":"","background-media":"","overlay-type":"","overlay-color":"","overlay-opacity":"","overlay-gradient":""},"mobile":{"background-color":"var(--ast-global-color-5)","background-image":"","background-repeat":"repeat","background-position":"center center","background-size":"auto","background-attachment":"scroll","background-type":"","background-media":"","overlay-type":"","overlay-color":"","overlay-opacity":"","overlay-gradient":""}},"_joinchat":{"telephone":"+8617776015835"}},"product_brand":[],"product_cat":[67,149,151,143,144,277,146,171],"product_tag":[165,97,166,94,139,174,173],"class_list":{"0":"post-3223","1":"product","2":"type-product","3":"status-publish","4":"has-post-thumbnail","6":"product_cat-30000-puff","7":"product_cat-buy-disposable-vapes-in-austria","8":"product_cat-buy-disposable-vapes-in-france","9":"product_cat-dual-mesh-disposable-vapes","10":"product_cat-low-nicotine-disposable-vapes","11":"product_cat-mesii-vape","12":"product_cat-rechargeable-disposable-vapes","13":"product_cat-vapsolo-disposable-vapes","14":"product_tag-cheap-vapes","15":"product_tag-hot-sale-disposable-vape","16":"product_tag-low-nicotine-vape","17":"product_tag-rechargeable-disposable-vape","18":"product_tag-vapsolo","19":"product_tag-vapsolo-30000","20":"product_tag-vapsolo-triple-30000","21":"desktop-align-left","22":"tablet-align-left","23":"mobile-align-left","25":"first","26":"instock","27":"sale","28":"shipping-taxable","29":"purchasable","30":"product-type-simple"},"acf":[],"uagb_featured_image_src":{"full":["https:\/\/vapestornado.com\/wp-content\/uploads\/2024\/12\/Vapsolo-Triple-30000-Puffs-Rechargeable-Disposable-Vape.jpg",1126,1126,false],"thumbnail":["https:\/\/vapestornado.com\/wp-content\/uploads\/2024\/12\/Vapsolo-Triple-30000-Puffs-Rechargeable-Disposable-Vape-150x150.jpg",150,150,true],"medium":["https:\/\/vapestornado.com\/wp-content\/uploads\/2024\/12\/Vapsolo-Triple-30000-Puffs-Rechargeable-Disposable-Vape-300x300.jpg",300,300,true],"medium_large":["https:\/\/vapestornado.com\/wp-content\/uploads\/2024\/12\/Vapsolo-Triple-30000-Puffs-Rechargeable-Disposable-Vape-768x768.jpg",768,768,true],"large":["https:\/\/vapestornado.com\/wp-content\/uploads\/2024\/12\/Vapsolo-Triple-30000-Puffs-Rechargeable-Disposable-Vape-1024x1024.jpg",1024,1024,true],"1536x1536":["https:\/\/vapestornado.com\/wp-content\/uploads\/2024\/12\/Vapsolo-Triple-30000-Puffs-Rechargeable-Disposable-Vape.jpg",1126,1126,false],"2048x2048":["https:\/\/vapestornado.com\/wp-content\/uploads\/2024\/12\/Vapsolo-Triple-30000-Puffs-Rechargeable-Disposable-Vape.jpg",1126,1126,false],"trp-custom-language-flag":["https:\/\/vapestornado.com\/wp-content\/uploads\/2024\/12\/Vapsolo-Triple-30000-Puffs-Rechargeable-Disposable-Vape.jpg",12,12,false],"woocommerce_thumbnail":["https:\/\/vapestornado.com\/wp-content\/uploads\/2024\/12\/Vapsolo-Triple-30000-Puffs-Rechargeable-Disposable-Vape-300x300.jpg",300,300,true],"woocommerce_single":["https:\/\/vapestornado.com\/wp-content\/uploads\/2024\/12\/Vapsolo-Triple-30000-Puffs-Rechargeable-Disposable-Vape-600x600.jpg",600,600,true],"woocommerce_gallery_thumbnail":["https:\/\/vapestornado.com\/wp-content\/uploads\/2024\/12\/Vapsolo-Triple-30000-Puffs-Rechargeable-Disposable-Vape-100x100.jpg",100,100,true]},"uagb_author_info":{"display_name":"ESAMY","author_link":"https:\/\/vapestornado.com\/pl\/author\/"},"uagb_comment_info":0,"uagb_excerpt":"Best Vapsolo Triple 30000 Puffs 2% 5% Low Nicotine Disposable Vape Bulk Buy Price Vapsolo Triple 30000 Puffs Rechargeable Disposable Vape Wholesale Cheap Factory Vapsolo Triple 30000 Puffs 2% 5% Low Nicotine Disposable Vape Add Amy's whatsapp get right reply and vape vape coupon! WhatsApp: +86 17776015835 &nbsp;","_links":{"self":[{"href":"https:\/\/vapestornado.com\/pl\/wp-json\/wp\/v2\/product\/3223","targetHints":{"allow":["GET"]}}],"collection":[{"href":"https:\/\/vapestornado.com\/pl\/wp-json\/wp\/v2\/product"}],"about":[{"href":"https:\/\/vapestornado.com\/pl\/wp-json\/wp\/v2\/types\/product"}],"replies":[{"embeddable":true,"href":"https:\/\/vapestornado.com\/pl\/wp-json\/wp\/v2\/comments?post=3223"}],"wp:featuredmedia":[{"embeddable":true,"href":"https:\/\/vapestornado.com\/pl\/wp-json\/wp\/v2\/media\/3230"}],"wp:attachment":[{"href":"https:\/\/vapestornado.com\/pl\/wp-json\/wp\/v2\/media?parent=3223"}],"wp:term":[{"taxonomy":"product_brand","embeddable":true,"href":"https:\/\/vapestornado.com\/pl\/wp-json\/wp\/v2\/product_brand?post=3223"},{"taxonomy":"product_cat","embeddable":true,"href":"https:\/\/vapestornado.com\/pl\/wp-json\/wp\/v2\/product_cat?post=3223"},{"taxonomy":"product_tag","embeddable":true,"href":"https:\/\/vapestornado.com\/pl\/wp-json\/wp\/v2\/product_tag?post=3223"}],"curies":[{"name":"wp","href":"https:\/\/api.w.org\/{rel}","templated":true}]}}