{"id":3201,"date":"2024-12-18T03:39:14","date_gmt":"2024-12-18T03:39:14","guid":{"rendered":"https:\/\/vapestornado.com\/?post_type=product&#038;p=3201"},"modified":"2025-08-23T09:47:27","modified_gmt":"2025-08-23T09:47:27","slug":"vapsolo-viking-12000-puffs-2-5-low-nicotine-bulk-buy-rechargeable-disposable-vapes-pen-wholesale-price","status":"publish","type":"product","link":"https:\/\/vapestornado.com\/pl\/product\/vapsolo-viking-12000-puffs-2-5-low-nicotine-bulk-buy-rechargeable-disposable-vapes-pen-wholesale-price\/","title":{"rendered":"VapSolo Viking 12000 Zaci\u0105gni\u0119\u0107 2% 5% Niska Zawarto\u015b\u0107 Nikotyny Hurtowy Zakup Jednorazowe Vape z Mo\u017cliwo\u015bci\u0105 \u0141adowania Cena Hurtowa"},"content":{"rendered":"<h1 class=\"product-title\">VapSolo Viking 12000 Zaci\u0105gni\u0119\u0107 2% 5% Niska Zawarto\u015b\u0107 Nikotyny Hurtowy Zakup Jednorazowe Vape z Mo\u017cliwo\u015bci\u0105 \u0141adowania Cena Hurtowa<\/h1>\n<p data-start=\"403\" data-end=\"652\">Cyfrowy ekran <strong data-start=\"407\" data-end=\"453\">VapSolo Viking 12000 Zaci\u0105gni\u0119\u0107 Jednorazowy Vape<\/strong> zapewnia wyd\u0142u\u017con\u0105 wydajno\u015b\u0107 i elastyczno\u015b\u0107 w eleganckiej, przeno\u015bnej konstrukcji. Z <strong data-start=\"536\" data-end=\"562\">22 ml pojemno\u015bci e-liquidu<\/strong> i do <strong data-start=\"573\" data-end=\"589\">12 000 zaci\u0105gni\u0119\u0107<\/strong>, zapewnia d\u0142ugotrwa\u0142e u\u017cytkowanie bez konieczno\u015bci ci\u0105g\u0142ej wymiany.<\/p>\n<p data-start=\"654\" data-end=\"909\">Zasilany przez <strong data-start=\"667\" data-end=\"698\">akumulator o pojemno\u015bci 650 mAh<\/strong> z <strong data-start=\"704\" data-end=\"728\">Szybkie \u0142adowanie typu C<\/strong>, Viking 12K zapewnia sp\u00f3jne sesje i wydajne \u0142adowanie. Jest dost\u0119pny w <strong data-start=\"811\" data-end=\"843\">mocach nikotyny 2% i 5%<\/strong>, dzi\u0119ki czemu nadaje si\u0119 zar\u00f3wno dla umiarkowanych, jak i silniejszych preferencji.<\/p>\n<p data-start=\"911\" data-end=\"1150\">Wyposa\u017cony w <strong data-start=\"925\" data-end=\"949\">technologii mesh coil<\/strong> i <strong data-start=\"954\" data-end=\"984\">4-poziomowa regulacja przep\u0142ywu powietrza<\/strong>, to urz\u0105dzenie gwarantuje p\u0142ynn\u0105 produkcj\u0119 pary i mo\u017cliwo\u015b\u0107 dostosowania zaci\u0105gni\u0119\u0107. Funkcja <strong data-start=\"1061\" data-end=\"1076\">wy\u015bwietlacz LCD<\/strong> dodaje wygody, pokazuj\u0105c liczb\u0119 zaci\u0105gni\u0119\u0107 i stan baterii w czasie rzeczywistym.<\/p>\n<p data-start=\"1152\" data-end=\"1410\">Lekki i \u0142atwy do przenoszenia, <strong data-start=\"1187\" data-end=\"1211\">VapSolo Viking 12000<\/strong> jest idealny zar\u00f3wno dla u\u017cytkownik\u00f3w codziennych, jak i hurtownik\u00f3w. Jego po\u0142\u0105czenie pojemno\u015bci, zaawansowanych funkcji i konkurencyjnej <strong data-start=\"1326\" data-end=\"1347\">cenami hurtowymi<\/strong> czyni go op\u0142acaln\u0105 opcj\u0105 dla sprzedawc\u00f3w detalicznych i dystrybutor\u00f3w.<\/p>\n<p><strong>Dodaj Amy na WhatsApp, aby uzyska\u0107 szybk\u0105 odpowied\u017a i kupon na vape!<\/strong><\/p>\n<p><img fetchpriority=\"high\" decoding=\"async\" class=\"size-full wp-image-2932\" src=\"https:\/\/vapestornado.com\/wp-content\/uploads\/2024\/12\/Vape-Wholesale.jpg\" alt=\"Hurtowa sprzeda\u017c e-papieros\u00f3w\" width=\"229\" height=\"300\" \/><\/p>\n<h3><a href=\"https:\/\/wa.me\/8617776015835\" target=\"_blank\" rel=\"noopener\"><span style=\"color: #ff0000;\"><strong>WhatsApp: +86 17776015835<\/strong><\/span><\/a><\/h3>\n<p>&nbsp;<\/p>\n<h2><strong>Cechy produktu VapSolo Viking 12000<\/strong><\/h2>\n<div role=\"article\" data-tabster=\"{&quot;groupper&quot;:{&quot;tabbability&quot;:2},&quot;focusable&quot;:{}}\" data-content=\"ai-message\" aria-labelledby=\"juhNTJ6o7Gk1cgwZMJgv2-author juhNTJ6o7Gk1cgwZMJgv2-content\">\n<div id=\"juhNTJ6o7Gk1cgwZMJgv2-content\">\n<div role=\"article\" data-tabster=\"{&quot;groupper&quot;:{&quot;tabbability&quot;:2},&quot;focusable&quot;:{}}\" data-content=\"ai-message\" aria-labelledby=\"x4EZuCZWrTbh3weWUt7CU-author x4EZuCZWrTbh3weWUt7CU-content\">\n<div id=\"x4EZuCZWrTbh3weWUt7CU-content\">\n<h3><\/h3>\n<ol>\n<li><strong>12 000 zaci\u0105gni\u0119\u0107 na urz\u0105dzenie:<\/strong> Wyd\u0142u\u017cone u\u017cytkowanie dla bezproblemowego do\u015bwiadczenia z e-papierosem.<\/li>\n<li><strong>Opcje Niskiej Zawarto\u015bci Nikotyny:<\/strong> Dost\u0119pne w wersjach 2% i 5%, dostosowanych do r\u00f3\u017cnych preferencji.<\/li>\n<li><strong>Akumulator:<\/strong> Pojemno\u015b\u0107 650mAh z wygodnym szybkim \u0142adowaniem przez port USB-C.<\/li>\n<li><strong>4-stopniowa regulacja przep\u0142ywu powietrza:<\/strong> Dostosuj styl vapowania z precyzj\u0105.<\/li>\n<li><strong>Technologia Mesh Coil:<\/strong> Za ka\u017cdym razem zapewnia g\u0142adk\u0105 par\u0119 i wzmocniony smak.<\/li>\n<li><strong>Pojemno\u015b\u0107 e-liquidu 22ml:<\/strong> Zapewnia d\u0142u\u017csze sesje bez cz\u0119stego uzupe\u0142niania.<\/li>\n<li><strong>Wy\u015bwietlacz LCD:<\/strong> \u0141atwe monitorowanie liczby zaci\u0105gni\u0119\u0107 i stanu baterii w czasie rzeczywistym.<\/li>\n<li><strong>Kompaktowy i lekki:<\/strong> Przeno\u015bna konstrukcja, wa\u017cy tylko 95g dla \u0142atwego u\u017cytkowania w drodze.<\/li>\n<li><strong>Przyst\u0119pne Ceny Hurtowe:<\/strong> Idealny do zakup\u00f3w hurtowych i odsprzeda\u017cy.<\/li>\n<li><strong>Marka e-papieros\u00f3w jednorazowych klasy premium:<\/strong> \u0141\u0105czy wygod\u0119, wydajno\u015b\u0107 i styl.<\/li>\n<\/ol>\n<\/div>\n<\/div>\n<\/div>\n<\/div>\n<h2 class=\"product-title\"><strong>Lista smak\u00f3w VapSolo 12000 Puffs<\/strong><\/h2>\n<p>1.bor\u00f3wka malina<br \/>\n2.bor\u00f3wka<br \/>\n3. musuj\u0105ca wi\u015bnia<br \/>\n4. Arbuz l\u00f3d<br \/>\n5. truskawka kiwi<br \/>\n6. truskawka arbuz<br \/>\n7. letni sen<br \/>\n8. bor\u00f3wka wi\u015bnia \u017curawina<br \/>\n9. cytryna limonka<br \/>\n10. \u017celkowy mi\u015b<br \/>\n11. Truskawkowo-bananowy<br \/>\n12. \u015bwie\u017ca mi\u0119ta<br \/>\n13. truskawka malina l\u00f3d<br \/>\n14. cytryna brzoskwinia<br \/>\n15. Lody Czerwone Jab\u0142ko<\/p>\n<figure id=\"attachment_3194\" aria-describedby=\"caption-attachment-3194\" style=\"width: 600px\" class=\"wp-caption alignnone\"><img decoding=\"async\" class=\"wp-image-3194\" src=\"https:\/\/vapestornado.com\/wp-content\/uploads\/2024\/12\/VapSolo-12000-Puffs-Disposable-Vape-Wholesale-Cheap-Price-300x300.jpg\" alt=\"VapSolo 12000 Puffs Jednorazowy E-papieros Hurtowo Tanie Ceny\" width=\"600\" height=\"600\" srcset=\"https:\/\/vapestornado.com\/wp-content\/uploads\/2024\/12\/VapSolo-12000-Puffs-Disposable-Vape-Wholesale-Cheap-Price-300x300.jpg 300w, https:\/\/vapestornado.com\/wp-content\/uploads\/2024\/12\/VapSolo-12000-Puffs-Disposable-Vape-Wholesale-Cheap-Price-1024x1024.jpg 1024w, https:\/\/vapestornado.com\/wp-content\/uploads\/2024\/12\/VapSolo-12000-Puffs-Disposable-Vape-Wholesale-Cheap-Price-150x150.jpg 150w, https:\/\/vapestornado.com\/wp-content\/uploads\/2024\/12\/VapSolo-12000-Puffs-Disposable-Vape-Wholesale-Cheap-Price-768x768.jpg 768w, https:\/\/vapestornado.com\/wp-content\/uploads\/2024\/12\/VapSolo-12000-Puffs-Disposable-Vape-Wholesale-Cheap-Price-600x600.jpg 600w, https:\/\/vapestornado.com\/wp-content\/uploads\/2024\/12\/VapSolo-12000-Puffs-Disposable-Vape-Wholesale-Cheap-Price-100x100.jpg 100w, https:\/\/vapestornado.com\/wp-content\/uploads\/2024\/12\/VapSolo-12000-Puffs-Disposable-Vape-Wholesale-Cheap-Price.jpg 1126w\" sizes=\"(max-width: 600px) 100vw, 600px\" \/><figcaption id=\"caption-attachment-3194\" class=\"wp-caption-text\">VapSolo 12000 Puffs Jednorazowy E-papieros Hurtowo Tanie Ceny<\/figcaption><\/figure>\n<h3>Dlaczego wybra\u0107 Vapestornado dla VapSolo Viking 12000 Puffs E-papieros Hurtowo?<\/h3>\n<div class=\"flex-shrink-0 flex flex-col relative items-end\">\n<div class=\"pt-0\">\n<div class=\"gizmo-bot-avatar flex h-8 w-8 items-center justify-center overflow-hidden rounded-full\">\n<div class=\"relative p-1 rounded-sm flex items-center justify-center bg-token-main-surface-primary text-token-text-primary h-8 w-8\">\n<p>Witamy w vapestornado, Twoim zaufanym sklepie internetowym z papierosami elektronicznymi premium. Z ponad 5-letnim do\u015bwiadczeniem, oferujemy popularne marki jednorazowych papieros\u00f3w elektronicznych, takie jak Fumot RandM Vape, <a href=\"https:\/\/vapestornado.com\/pl\/product\/vapme-crystal-7000-puffs-rechargeable-disposable-vape-wholesale-cheap-price\/\">Vapme<\/a>, Bang Vape, Waspe Vape, and WGA Vape, itp.<\/p>\n<p>Nasza oferta obejmuje popularne e-papierosy, takie jak <a href=\"https:\/\/vapestornado.com\/pl\/product\/fumot-randm-tornado-15000-puffs-rechargeable-disposable-vape-wholesale\/\">RandM Tornado 15000<\/a>, oraz bogate w smaku opcje, takie jak <a href=\"https:\/\/vapestornado.com\/pl\/product\/waspe-40000-puffs-double-flavour-led-display-disposable-vape-wholesale\/\">WASPE Podw\u00f3jny Smak 40000 Zaci\u0105gni\u0119\u0107<\/a> . Ka\u017cdy produkt jest wybierany z my\u015bl\u0105 o jako\u015bci, warto\u015bci i r\u00f3\u017cnorodno\u015bci, dzi\u0119ki czemu znajdziesz idealne dopasowanie do swoich potrzeb. Odkryj wyj\u0105tkow\u0105 obs\u0142ug\u0119 i szerok\u0105 gam\u0119 najlepszych produkt\u00f3w w cenach hurtowych na vapestornado.<\/p>\n<\/div>\n<h3><\/h3>\n<div class=\"relative p-1 rounded-sm flex items-center justify-center bg-token-main-surface-primary text-token-text-primary h-8 w-8\">\n<h3>FAQS dla VapSolo Viking 12k Puff Jednorazowy E-papieros<\/h3>\n<\/div>\n<\/div>\n<\/div>\n<\/div>\n<div class=\"flex-shrink-0 flex flex-col relative items-end\">\n<div class=\"pt-0\">\n<div class=\"gizmo-bot-avatar flex h-8 w-8 items-center justify-center overflow-hidden rounded-full\">\n<div class=\"relative p-1 rounded-sm flex items-center justify-center bg-token-main-surface-primary text-token-text-primary h-8 w-8\">\n<div class=\"mb-2 flex gap-3 empty:hidden -ml-2\">\n<div role=\"article\" data-tabster=\"{&quot;groupper&quot;:{&quot;tabbability&quot;:2},&quot;focusable&quot;:{}}\" data-content=\"ai-message\" aria-labelledby=\"Vdt5ez4X7Tg813x6rFVha-author Vdt5ez4X7Tg813x6rFVha-content\">\n<div id=\"Vdt5ez4X7Tg813x6rFVha-content\">\n<div role=\"article\" data-tabster=\"{&quot;groupper&quot;:{&quot;tabbability&quot;:2},&quot;focusable&quot;:{}}\" data-content=\"ai-message\" aria-labelledby=\"o968oC7CEo2fGHsGdsRYC-author o968oC7CEo2fGHsGdsRYC-content\">\n<div id=\"o968oC7CEo2fGHsGdsRYC-content\">\n<ol>\n<li><strong>Jaka jest pojemno\u015b\u0107 zaci\u0105gni\u0119\u0107 VapSolo Viking 12000?<\/strong><br \/>\nCyfrowy ekran <strong>VapSolo Viking 12000<\/strong> oferuje do <strong>12 000 zaci\u0105gni\u0119\u0107<\/strong>, zapewniaj\u0105c wyd\u0142u\u017cone u\u017cytkowanie przy minimalnej konserwacji.<\/li>\n<li><strong>Czy mog\u0119 na\u0142adowa\u0107 VapSolo Viking 12000?<\/strong><br \/>\nTak, urz\u0105dzenie jest wyposa\u017cone w <strong>akumulator o pojemno\u015bci 650 mAh<\/strong> i <strong>Port \u0142adowania typu C<\/strong> dla szybkiego i wydajnego \u0142adowania.<\/li>\n<li><strong>Jakie poziomy nikotyny s\u0105 dost\u0119pne?<\/strong><br \/>\nUrz\u0105dzenie jest dost\u0119pne w <strong>Opcje 2% i 5% z nisk\u0105 zawarto\u015bci\u0105 nikotyny<\/strong>, zaspokajaj\u0105c szereg preferencji u\u017cytkownik\u00f3w.<\/li>\n<li><strong>Jak dzia\u0142a regulowany przep\u0142yw powietrza?<\/strong><br \/>\nCyfrowy ekran <strong>4-poziomowa regulacja przep\u0142ywu powietrza<\/strong> pozwala prze\u0142\u0105cza\u0107 si\u0119 mi\u0119dzy cia\u015bniejszymi a lu\u017aniejszymi zaci\u0105gni\u0119ciami, daj\u0105c pe\u0142n\u0105 kontrol\u0119 nad Twoim stylem palenia.<\/li>\n<li><strong>Dlaczego VapSolo Viking 12000 jest idealny dla hurtowych nabywc\u00f3w?<\/strong><br \/>\nDzi\u0119ki jego <strong>wysok\u0105 liczb\u0119 zaci\u0105gni\u0119\u0107<\/strong>, <strong>wy\u015bwietlacz LCD<\/strong>, oraz w <strong>przyst\u0119pne ceny hurtowe<\/strong>, jest idealny dla sprzedawc\u00f3w detalicznych, kt\u00f3rzy chc\u0105 zaopatrzy\u0107 si\u0119 w wysokiej jako\u015bci, bogate w funkcje <strong>jednorazowy e-papieros<\/strong> produkty w konkurencyjnych cenach.<\/li>\n<\/ol>\n<\/div>\n<\/div>\n<\/div>\n<\/div>\n<\/div>\n<\/div>\n<\/div>\n<\/div>\n<\/div>","protected":false},"excerpt":{"rendered":"<p>VapSolo Viking 12000 zaci\u0105gni\u0119\u0107 2% 5% niska nikotyna jednorazowy e-papieros Cena zakupu hurtowego<br \/>\nVapSolo Viking 12000 zaci\u0105gni\u0119\u0107 \u0142adowalny jednorazowy e-papieros hurt<br \/>\nTania fabryka VapSolo 12000 zaci\u0105gni\u0119\u0107 2% 5% niska nikotyna jednorazowy e-papieros<\/p>\n<p><strong>Dodaj Amy do WhatsAppa, aby uzyska\u0107 szybk\u0105 odpowied\u017a i kupon na vape!<\/strong><\/p>\n<p><img fetchpriority=\"high\" decoding=\"async\" class=\"size-full wp-image-2932\" src=\"https:\/\/vapestornado.com\/wp-content\/uploads\/2024\/12\/Vape-Wholesale.jpg\" alt=\"Hurtowa sprzeda\u017c e-papieros\u00f3w\" width=\"229\" height=\"300\" \/><\/p>\n<h3><a href=\"https:\/\/wa.me\/8617776015835\"><span style=\"color: #ff0000;\"><strong>WhatsApp: +86 17776015835<\/strong><\/span><\/a><\/h3>\n<p>&nbsp;<\/p>","protected":false},"featured_media":3193,"comment_status":"open","ping_status":"closed","template":"","meta":{"_acf_changed":false,"_uag_custom_page_level_css":"","_lmt_disableupdate":"no","_lmt_disable":"","_monsterinsights_skip_tracking":false,"_monsterinsights_sitenote_active":false,"_monsterinsights_sitenote_note":"","_monsterinsights_sitenote_category":0,"site-sidebar-layout":"default","site-content-layout":"","ast-site-content-layout":"default","site-content-style":"default","site-sidebar-style":"default","ast-global-header-display":"","ast-banner-title-visibility":"","ast-main-header-display":"","ast-hfb-above-header-display":"","ast-hfb-below-header-display":"","ast-hfb-mobile-header-display":"","site-post-title":"","ast-breadcrumbs-content":"","ast-featured-img":"","footer-sml-layout":"","ast-disable-related-posts":"","theme-transparent-header-meta":"default","adv-header-id-meta":"","stick-header-meta":"","header-above-stick-meta":"","header-main-stick-meta":"","header-below-stick-meta":"","astra-migrate-meta-layouts":"set","ast-page-background-enabled":"default","ast-page-background-meta":{"desktop":{"background-color":"","background-image":"","background-repeat":"repeat","background-position":"center center","background-size":"auto","background-attachment":"scroll","background-type":"","background-media":"","overlay-type":"","overlay-color":"","overlay-opacity":"","overlay-gradient":""},"tablet":{"background-color":"","background-image":"","background-repeat":"repeat","background-position":"center center","background-size":"auto","background-attachment":"scroll","background-type":"","background-media":"","overlay-type":"","overlay-color":"","overlay-opacity":"","overlay-gradient":""},"mobile":{"background-color":"","background-image":"","background-repeat":"repeat","background-position":"center center","background-size":"auto","background-attachment":"scroll","background-type":"","background-media":"","overlay-type":"","overlay-color":"","overlay-opacity":"","overlay-gradient":""}},"ast-content-background-meta":{"desktop":{"background-color":"var(--ast-global-color-5)","background-image":"","background-repeat":"repeat","background-position":"center center","background-size":"auto","background-attachment":"scroll","background-type":"","background-media":"","overlay-type":"","overlay-color":"","overlay-opacity":"","overlay-gradient":""},"tablet":{"background-color":"var(--ast-global-color-5)","background-image":"","background-repeat":"repeat","background-position":"center center","background-size":"auto","background-attachment":"scroll","background-type":"","background-media":"","overlay-type":"","overlay-color":"","overlay-opacity":"","overlay-gradient":""},"mobile":{"background-color":"var(--ast-global-color-5)","background-image":"","background-repeat":"repeat","background-position":"center center","background-size":"auto","background-attachment":"scroll","background-type":"","background-media":"","overlay-type":"","overlay-color":"","overlay-opacity":"","overlay-gradient":""}},"_joinchat":{"telephone":"+8617776015835"}},"product_brand":[],"product_cat":[72,149,150,156,144,146,171],"product_tag":[165,97,166,94,139,170,169],"class_list":{"0":"post-3201","1":"product","2":"type-product","3":"status-publish","4":"has-post-thumbnail","6":"product_cat-12000-puff","7":"product_cat-buy-disposable-vapes-in-austria","8":"product_cat-buy-disposable-vapes-in-belgium","9":"product_cat-buy-disposable-vapes-in-poland","10":"product_cat-low-nicotine-disposable-vapes","11":"product_cat-rechargeable-disposable-vapes","12":"product_cat-vapsolo-disposable-vapes","13":"product_tag-cheap-vapes","14":"product_tag-hot-sale-disposable-vape","15":"product_tag-low-nicotine-vape","16":"product_tag-rechargeable-disposable-vape","17":"product_tag-vapsolo","18":"product_tag-vapsolo-viking-12000","19":"product_tag-vasolo-12000","20":"desktop-align-left","21":"tablet-align-left","22":"mobile-align-left","24":"first","25":"instock","26":"sale","27":"shipping-taxable","28":"purchasable","29":"product-type-simple"},"acf":[],"uagb_featured_image_src":{"full":["https:\/\/vapestornado.com\/wp-content\/uploads\/2024\/12\/VapSolo-12000-Puffs-Disposable-Vape-Bulk-Buy-Price.jpg",1126,1126,false],"thumbnail":["https:\/\/vapestornado.com\/wp-content\/uploads\/2024\/12\/VapSolo-12000-Puffs-Disposable-Vape-Bulk-Buy-Price-150x150.jpg",150,150,true],"medium":["https:\/\/vapestornado.com\/wp-content\/uploads\/2024\/12\/VapSolo-12000-Puffs-Disposable-Vape-Bulk-Buy-Price-300x300.jpg",300,300,true],"medium_large":["https:\/\/vapestornado.com\/wp-content\/uploads\/2024\/12\/VapSolo-12000-Puffs-Disposable-Vape-Bulk-Buy-Price-768x768.jpg",768,768,true],"large":["https:\/\/vapestornado.com\/wp-content\/uploads\/2024\/12\/VapSolo-12000-Puffs-Disposable-Vape-Bulk-Buy-Price-1024x1024.jpg",1024,1024,true],"1536x1536":["https:\/\/vapestornado.com\/wp-content\/uploads\/2024\/12\/VapSolo-12000-Puffs-Disposable-Vape-Bulk-Buy-Price.jpg",1126,1126,false],"2048x2048":["https:\/\/vapestornado.com\/wp-content\/uploads\/2024\/12\/VapSolo-12000-Puffs-Disposable-Vape-Bulk-Buy-Price.jpg",1126,1126,false],"trp-custom-language-flag":["https:\/\/vapestornado.com\/wp-content\/uploads\/2024\/12\/VapSolo-12000-Puffs-Disposable-Vape-Bulk-Buy-Price.jpg",12,12,false],"woocommerce_thumbnail":["https:\/\/vapestornado.com\/wp-content\/uploads\/2024\/12\/VapSolo-12000-Puffs-Disposable-Vape-Bulk-Buy-Price-300x300.jpg",300,300,true],"woocommerce_single":["https:\/\/vapestornado.com\/wp-content\/uploads\/2024\/12\/VapSolo-12000-Puffs-Disposable-Vape-Bulk-Buy-Price-600x600.jpg",600,600,true],"woocommerce_gallery_thumbnail":["https:\/\/vapestornado.com\/wp-content\/uploads\/2024\/12\/VapSolo-12000-Puffs-Disposable-Vape-Bulk-Buy-Price-100x100.jpg",100,100,true]},"uagb_author_info":{"display_name":"ESAMY","author_link":"https:\/\/vapestornado.com\/pl\/author\/"},"uagb_comment_info":0,"uagb_excerpt":"VapSolo Viking 12000 Puffs 2% 5% Low Nicotine Disposable VapeBulk Buy Price VapSolo Viking 12000 Puffs Rechargeable Disposable Vape Wholesale Cheap Factory VapSolo 12000 Puffs 2% 5% Low Nicotine Disposable Vape Add Amy's whatsapp get right reply and vape vape coupon! WhatsApp: +86 17776015835 &nbsp;","_links":{"self":[{"href":"https:\/\/vapestornado.com\/pl\/wp-json\/wp\/v2\/product\/3201","targetHints":{"allow":["GET"]}}],"collection":[{"href":"https:\/\/vapestornado.com\/pl\/wp-json\/wp\/v2\/product"}],"about":[{"href":"https:\/\/vapestornado.com\/pl\/wp-json\/wp\/v2\/types\/product"}],"replies":[{"embeddable":true,"href":"https:\/\/vapestornado.com\/pl\/wp-json\/wp\/v2\/comments?post=3201"}],"wp:featuredmedia":[{"embeddable":true,"href":"https:\/\/vapestornado.com\/pl\/wp-json\/wp\/v2\/media\/3193"}],"wp:attachment":[{"href":"https:\/\/vapestornado.com\/pl\/wp-json\/wp\/v2\/media?parent=3201"}],"wp:term":[{"taxonomy":"product_brand","embeddable":true,"href":"https:\/\/vapestornado.com\/pl\/wp-json\/wp\/v2\/product_brand?post=3201"},{"taxonomy":"product_cat","embeddable":true,"href":"https:\/\/vapestornado.com\/pl\/wp-json\/wp\/v2\/product_cat?post=3201"},{"taxonomy":"product_tag","embeddable":true,"href":"https:\/\/vapestornado.com\/pl\/wp-json\/wp\/v2\/product_tag?post=3201"}],"curies":[{"name":"wp","href":"https:\/\/api.w.org\/{rel}","templated":true}]}}