{"id":3178,"date":"2024-12-16T02:59:47","date_gmt":"2024-12-16T02:59:47","guid":{"rendered":"https:\/\/vapestornado.com\/?post_type=product&#038;p=3178"},"modified":"2025-08-23T09:55:35","modified_gmt":"2025-08-23T09:55:35","slug":"waspe-15000-puffs-low-nicotine-tornado-vape-bulk-buy-cheap-price","status":"publish","type":"product","link":"https:\/\/vapestornado.com\/pl\/product\/waspe-15000-puffs-low-nicotine-tornado-vape-bulk-buy-cheap-price\/","title":{"rendered":"Waspe 15000 Zaci\u0105gni\u0119\u0107 Niska Zawarto\u015b\u0107 Nikotyny Tornado Vape Hurtowy Zakup Tania Cena"},"content":{"rendered":"<h1 class=\"product-title\">Waspe 15000 Zaci\u0105gni\u0119\u0107 Niska Zawarto\u015b\u0107 Nikotyny Tornado Vape Hurtowy Zakup Tania Cena<\/h1>\n<p data-start=\"297\" data-end=\"604\">he <strong data-start=\"301\" data-end=\"346\">Waspe 15000 Puffs Tornado Jednorazowy Vape<\/strong> \u0142\u0105czy w sobie zwi\u0119kszon\u0105 pojemno\u015b\u0107, wygod\u0119 i zaawansowane funkcje, co czyni go mocnym wyborem zar\u00f3wno dla indywidualnych u\u017cytkownik\u00f3w, jak i nabywc\u00f3w hurtowych. Z maksymalnie <strong data-start=\"496\" data-end=\"512\">15 000 zaci\u0105gni\u0119\u0107<\/strong> i kompaktow\u0105 konstrukcj\u0105, zapewnia d\u0142ugotrwa\u0142\u0105 wydajno\u015b\u0107 bez cz\u0119stych wymian.<\/p>\n<p data-start=\"606\" data-end=\"854\">Wyposa\u017cony w <strong data-start=\"622\" data-end=\"642\">przejrzysty ekran LED<\/strong>, u\u017cytkownicy mog\u0105 monitorowa\u0107 liczb\u0119 zaci\u0105gni\u0119\u0107 i \u017cywotno\u015b\u0107 baterii w czasie rzeczywistym. The <strong data-start=\"708\" data-end=\"726\">cewka siatkowa 0,8 \u03a9<\/strong> wzmacnia dostarczanie smaku i produkcj\u0119 pary, podczas gdy <strong data-start=\"784\" data-end=\"808\">Szybkie \u0142adowanie typu C<\/strong> zapewnia szybkie \u0142adowanie, umo\u017cliwiaj\u0105c ci\u0105g\u0142e u\u017cytkowanie.<\/p>\n<p data-start=\"856\" data-end=\"1111\">Dost\u0119pne w <strong data-start=\"869\" data-end=\"910\">0%, 2%, 3% i 5% st\u0119\u017ceniach nikotyny<\/strong>, to <strong data-start=\"917\" data-end=\"938\">waporyzator z nisk\u0105 zawarto\u015bci\u0105 nikotyny<\/strong> zaspokaja szeroki zakres preferencji. Dla hurtownik\u00f3w i nabywc\u00f3w hurtowych, <strong data-start=\"1015\" data-end=\"1033\">Waspe 15K Vape<\/strong> oferuje konkurencyjne ceny, niezawodne dzia\u0142anie i silny popyt na rynku.<\/p>\n<p><strong>Dodaj Amy na WhatsApp, aby uzyska\u0107 szybk\u0105 odpowied\u017a i kupon na vape!<\/strong><\/p>\n<p><img fetchpriority=\"high\" decoding=\"async\" class=\"size-full wp-image-2932\" src=\"https:\/\/vapestornado.com\/wp-content\/uploads\/2024\/12\/Vape-Wholesale.jpg\" alt=\"Hurtowa sprzeda\u017c e-papieros\u00f3w\" width=\"229\" height=\"300\" \/><\/p>\n<h3><a href=\"https:\/\/wa.me\/8617776015835\" target=\"_blank\" rel=\"noopener\"><span style=\"color: #ff0000;\"><strong>WhatsApp: +86 17776015835<\/strong><\/span><\/a><\/h3>\n<p>&nbsp;<\/p>\n<h2><strong>Cechy produktu Waspe 15000 Chmurek<\/strong><\/h2>\n<div role=\"article\" data-tabster=\"{&quot;groupper&quot;:{&quot;tabbability&quot;:2},&quot;focusable&quot;:{}}\" data-content=\"ai-message\" aria-labelledby=\"juhNTJ6o7Gk1cgwZMJgv2-author juhNTJ6o7Gk1cgwZMJgv2-content\">\n<div id=\"juhNTJ6o7Gk1cgwZMJgv2-content\">\n<div role=\"article\" data-tabster=\"{&quot;groupper&quot;:{&quot;tabbability&quot;:2},&quot;focusable&quot;:{}}\" data-content=\"ai-message\" aria-labelledby=\"x4EZuCZWrTbh3weWUt7CU-author x4EZuCZWrTbh3weWUt7CU-content\">\n<div id=\"x4EZuCZWrTbh3weWUt7CU-content\">\n<ul>\n<li><strong>Opcje dostosowywania nikotyny:<\/strong> Wybierz nikotyn\u0119 0%, 2%, 3% lub 5%, aby dostosowa\u0107 j\u0105 do swoich potrzeb.<\/li>\n<li><strong>Zwi\u0119kszona pojemno\u015b\u0107 zaci\u0105gni\u0119\u0107:<\/strong> Do 15 000 zaci\u0105gni\u0119\u0107 dzi\u0119ki du\u017cemu, 22 ml zbiornikowi na e-liquid.<\/li>\n<li><strong>Ekran LED:<\/strong> Wyra\u017any wy\u015bwietlacz pokazuj\u0105cy stan baterii i liczb\u0119 zaci\u0105gni\u0119\u0107.<\/li>\n<li><strong>Szybkie \u0142adowanie:<\/strong> Port Type-C do szybkiego i wygodnego \u0142adowania.<\/li>\n<li><strong>Technologia Mesh Coil:<\/strong> Grza\u0142ka 0.8\u03a9 zapewnia bogaty smak i g\u0142adk\u0105 par\u0119.<\/li>\n<li><strong>Przeno\u015bna i elegancka konstrukcja:<\/strong> Kompaktowy i stylowy do u\u017cytku w podr\u00f3\u017cy.<\/li>\n<li><strong>Vape o niskiej zawarto\u015bci nikotyny:<\/strong> Idealny dla tych, kt\u00f3rzy szukaj\u0105 opcji o obni\u017conej zawarto\u015bci nikotyny.<\/li>\n<li><strong>Przyjazny dla hurtownik\u00f3w Vape:<\/strong> Opcje zakupu hurtowego dla sprzedawc\u00f3w detalicznych w konkurencyjnych cenach.<\/li>\n<li><strong>Wytrzyma\u0142a konstrukcja:<\/strong> Zaprojektowany z my\u015bl\u0105 o niezawodno\u015bci i d\u0142ugotrwa\u0142ej wydajno\u015bci.<\/li>\n<li><strong>Niedroga jako\u015b\u0107:<\/strong> A <strong>tani vape<\/strong> z funkcjami premium.<\/li>\n<\/ul>\n<\/div>\n<\/div>\n<\/div>\n<\/div>\n<h2 class=\"product-title\"><strong>Lista smak\u00f3w Waspe Tornado 15000 Puffs<\/strong><\/h2>\n<p>1 Arbuz z lodem<br \/>\n2 Truskawka-arbuz<br \/>\n3 Lemoniada pomara\u0144czowa<br \/>\n4 Podw\u00f3jne jab\u0142ko<br \/>\n5 Truskawka-kiwi<br \/>\n6 Wi\u015bnia<br \/>\n7 Winogrono<br \/>\n8 Mieszanka jag\u00f3d<br \/>\n9 Jagoda z lodem<br \/>\n10 Truskawka-mango<br \/>\n11 Niebieska Cytryna Malina<br \/>\n12 Brzoskwiniowy L\u00f3d<\/p>\n<h3>Dlaczego wybra\u0107 vapestornado do Waspe 15k Puffs Vape Sprzeda\u017c Hurtowa?<\/h3>\n<div class=\"flex-shrink-0 flex flex-col relative items-end\">\n<div class=\"pt-0\">\n<div class=\"gizmo-bot-avatar flex h-8 w-8 items-center justify-center overflow-hidden rounded-full\">\n<div class=\"relative p-1 rounded-sm flex items-center justify-center bg-token-main-surface-primary text-token-text-primary h-8 w-8\">\n<p>Witamy w vapestornado, Twoim zaufanym sklepie internetowym z papierosami elektronicznymi premium. Z ponad 5-letnim do\u015bwiadczeniem, oferujemy popularne marki jednorazowych papieros\u00f3w elektronicznych, takie jak Fumot RandM Vape, <a href=\"https:\/\/vapestornado.com\/pl\/product\/vapme-crystal-7000-puffs-rechargeable-disposable-vape-wholesale-cheap-price\/\">Vapme<\/a>, Bang Vape, Waspe Vape, and WGA Vape, itp.<\/p>\n<p>Nasza oferta obejmuje popularne e-papierosy, takie jak <a href=\"https:\/\/vapestornado.com\/pl\/product\/fumot-randm-tornado-15000-puffs-rechargeable-disposable-vape-wholesale\/\">RandM Tornado 15000<\/a>, oraz bogate w smaku opcje, takie jak <a href=\"https:\/\/vapestornado.com\/pl\/product\/waspe-40000-puffs-double-flavour-led-display-disposable-vape-wholesale\/\">WASPE Podw\u00f3jny Smak 40000 Zaci\u0105gni\u0119\u0107<\/a> . Ka\u017cdy produkt jest wybierany z my\u015bl\u0105 o jako\u015bci, warto\u015bci i r\u00f3\u017cnorodno\u015bci, dzi\u0119ki czemu znajdziesz idealne dopasowanie do swoich potrzeb. Odkryj wyj\u0105tkow\u0105 obs\u0142ug\u0119 i szerok\u0105 gam\u0119 najlepszych produkt\u00f3w w cenach hurtowych na vapestornado.<\/p>\n<\/div>\n<h3><\/h3>\n<div class=\"relative p-1 rounded-sm flex items-center justify-center bg-token-main-surface-primary text-token-text-primary h-8 w-8\">\n<h3>FAQS dla Waspe 15000 Puffs Jednorazowy Vape<\/h3>\n<\/div>\n<\/div>\n<\/div>\n<\/div>\n<div class=\"flex-shrink-0 flex flex-col relative items-end\">\n<div class=\"pt-0\">\n<div class=\"gizmo-bot-avatar flex h-8 w-8 items-center justify-center overflow-hidden rounded-full\">\n<div class=\"relative p-1 rounded-sm flex items-center justify-center bg-token-main-surface-primary text-token-text-primary h-8 w-8\">\n<div class=\"mb-2 flex gap-3 empty:hidden -ml-2\">\n<div role=\"article\" data-tabster=\"{&quot;groupper&quot;:{&quot;tabbability&quot;:2},&quot;focusable&quot;:{}}\" data-content=\"ai-message\" aria-labelledby=\"Vdt5ez4X7Tg813x6rFVha-author Vdt5ez4X7Tg813x6rFVha-content\">\n<div id=\"Vdt5ez4X7Tg813x6rFVha-content\">\n<div role=\"article\" data-tabster=\"{&quot;groupper&quot;:{&quot;tabbability&quot;:2},&quot;focusable&quot;:{}}\" data-content=\"ai-message\" aria-labelledby=\"o968oC7CEo2fGHsGdsRYC-author o968oC7CEo2fGHsGdsRYC-content\">\n<div id=\"o968oC7CEo2fGHsGdsRYC-content\">\n<h3><\/h3>\n<ol>\n<li><strong>Jaka jest pojemno\u015b\u0107 zaci\u0105gni\u0119\u0107 Waspe 15000?<\/strong><br \/>\nCyfrowy ekran <strong>Tornado 15000<\/strong> oferuje do <strong>15 000 zaci\u0105gni\u0119\u0107<\/strong> z du\u017c\u0105 pojemno\u015bci\u0105 22 ml e-liquidu.<\/li>\n<li><strong>Czy mog\u0119 regulowa\u0107 poziom nikotyny?<\/strong><br \/>\nTak, mo\u017cesz wybra\u0107 spo\u015br\u00f3d <strong>st\u0119\u017cenia nikotyny 0%, 2%, 3% lub 5%<\/strong> dla spersonalizowanego do\u015bwiadczenia z wapowaniem.<\/li>\n<li><strong>Czy Waspe 15000 obs\u0142uguje szybkie \u0142adowanie?<\/strong><br \/>\nOczywi\u015bcie! Jest wyposa\u017cony w <strong>Port \u0142adowania typu C<\/strong> do szybkiego i wydajnego \u0142adowania.<\/li>\n<li><strong>Co sprawia, \u017ce Waspe 15000 jest idealny do sprzeda\u017cy hurtowej?<\/strong><br \/>\nJego <strong>niska cena<\/strong>, wysoki popyt i funkcje premium sprawiaj\u0105, \u017ce jest idealny dla <strong>ceny hurtowe vape<\/strong> i kupuj\u0105cych hurtowo.<\/li>\n<li><strong>Czy Waspe 15000 jest odpowiedni dla u\u017cytkownik\u00f3w o niskim poziomie nikotyny?<\/strong><br \/>\nTak, zosta\u0142 zaprojektowany, aby by\u0107 <strong>waporyzator z nisk\u0105 zawarto\u015bci\u0105 nikotyny<\/strong>, co czyni go idealnym rozwi\u0105zaniem dla u\u017cytkownik\u00f3w poszukuj\u0105cych opcji o zmniejszonej zawarto\u015bci nikotyny.<\/li>\n<\/ol>\n<\/div>\n<\/div>\n<\/div>\n<\/div>\n<\/div>\n<\/div>\n<\/div>\n<\/div>\n<\/div>","protected":false},"excerpt":{"rendered":"<p>Vapsolo DG 18000 Smart Screen Hurtowa Jednorazowa E-papieros<br \/>\nVapsolo DG 18000 Chmurek 2% 5% Niska Nikotyna Hurtowy Zakup E-papieros\u00f3w<br \/>\nVapsolo DG18000 Chmurek 2% 5% Niska Nikotyna Jednorazowy E-papieros z Mo\u017cliwo\u015bci\u0105 \u0141adowania<\/p>\n<p><strong>Dodaj Amy do WhatsAppa, aby uzyska\u0107 szybk\u0105 odpowied\u017a i kupon na vape!<\/strong><\/p>\n<p><img fetchpriority=\"high\" decoding=\"async\" class=\"size-full wp-image-2932\" src=\"https:\/\/vapestornado.com\/wp-content\/uploads\/2024\/12\/Vape-Wholesale.jpg\" alt=\"Hurtowa sprzeda\u017c e-papieros\u00f3w\" width=\"229\" height=\"300\" \/><\/p>\n<h3><a href=\"https:\/\/wa.me\/8617776015835\"><span style=\"color: #ff0000;\"><strong>WhatsApp: +86 17776015835<\/strong><\/span><\/a><\/h3>\n<p>&nbsp;<\/p>","protected":false},"featured_media":3184,"comment_status":"open","ping_status":"closed","template":"","meta":{"_acf_changed":false,"_uag_custom_page_level_css":"","_lmt_disableupdate":"no","_lmt_disable":"","_monsterinsights_skip_tracking":false,"_monsterinsights_sitenote_active":false,"_monsterinsights_sitenote_note":"","_monsterinsights_sitenote_category":0,"site-sidebar-layout":"default","site-content-layout":"","ast-site-content-layout":"default","site-content-style":"default","site-sidebar-style":"default","ast-global-header-display":"","ast-banner-title-visibility":"","ast-main-header-display":"","ast-hfb-above-header-display":"","ast-hfb-below-header-display":"","ast-hfb-mobile-header-display":"","site-post-title":"","ast-breadcrumbs-content":"","ast-featured-img":"","footer-sml-layout":"","ast-disable-related-posts":"","theme-transparent-header-meta":"default","adv-header-id-meta":"","stick-header-meta":"","header-above-stick-meta":"","header-main-stick-meta":"","header-below-stick-meta":"","astra-migrate-meta-layouts":"set","ast-page-background-enabled":"default","ast-page-background-meta":{"desktop":{"background-color":"","background-image":"","background-repeat":"repeat","background-position":"center center","background-size":"auto","background-attachment":"scroll","background-type":"","background-media":"","overlay-type":"","overlay-color":"","overlay-opacity":"","overlay-gradient":""},"tablet":{"background-color":"","background-image":"","background-repeat":"repeat","background-position":"center center","background-size":"auto","background-attachment":"scroll","background-type":"","background-media":"","overlay-type":"","overlay-color":"","overlay-opacity":"","overlay-gradient":""},"mobile":{"background-color":"","background-image":"","background-repeat":"repeat","background-position":"center center","background-size":"auto","background-attachment":"scroll","background-type":"","background-media":"","overlay-type":"","overlay-color":"","overlay-opacity":"","overlay-gradient":""}},"ast-content-background-meta":{"desktop":{"background-color":"var(--ast-global-color-5)","background-image":"","background-repeat":"repeat","background-position":"center center","background-size":"auto","background-attachment":"scroll","background-type":"","background-media":"","overlay-type":"","overlay-color":"","overlay-opacity":"","overlay-gradient":""},"tablet":{"background-color":"var(--ast-global-color-5)","background-image":"","background-repeat":"repeat","background-position":"center center","background-size":"auto","background-attachment":"scroll","background-type":"","background-media":"","overlay-type":"","overlay-color":"","overlay-opacity":"","overlay-gradient":""},"mobile":{"background-color":"var(--ast-global-color-5)","background-image":"","background-repeat":"repeat","background-position":"center center","background-size":"auto","background-attachment":"scroll","background-type":"","background-media":"","overlay-type":"","overlay-color":"","overlay-opacity":"","overlay-gradient":""}},"_joinchat":{"telephone":"+8617776015835"}},"product_brand":[],"product_cat":[71,152,160,142,144,148,60],"product_tag":[97,94,114,164,163],"class_list":{"0":"post-3178","1":"product","2":"type-product","3":"status-publish","4":"has-post-thumbnail","6":"product_cat-15000-puff","7":"product_cat-buy-disposable-vapes-in-cermany","8":"product_cat-buy-disposable-vapes-in-switzerland","9":"product_cat-digital-box-disposable-vapes","10":"product_cat-low-nicotine-disposable-vapes","11":"product_cat-tornado-disposable-vapes","12":"product_cat-waspe-fihp-vape","13":"product_tag-hot-sale-disposable-vape","14":"product_tag-rechargeable-disposable-vape","15":"product_tag-tornado-vape","16":"product_tag-waspe-15000","17":"product_tag-waspe-vape","18":"desktop-align-left","19":"tablet-align-left","20":"mobile-align-left","22":"first","23":"instock","24":"sale","25":"shipping-taxable","26":"purchasable","27":"product-type-simple"},"acf":[],"uagb_featured_image_src":{"full":["https:\/\/vapestornado.com\/wp-content\/uploads\/2024\/12\/WASPE-15000-Puffs-Disposable-Vape.jpg",1713,1713,false],"thumbnail":["https:\/\/vapestornado.com\/wp-content\/uploads\/2024\/12\/WASPE-15000-Puffs-Disposable-Vape-150x150.jpg",150,150,true],"medium":["https:\/\/vapestornado.com\/wp-content\/uploads\/2024\/12\/WASPE-15000-Puffs-Disposable-Vape-300x300.jpg",300,300,true],"medium_large":["https:\/\/vapestornado.com\/wp-content\/uploads\/2024\/12\/WASPE-15000-Puffs-Disposable-Vape-768x768.jpg",768,768,true],"large":["https:\/\/vapestornado.com\/wp-content\/uploads\/2024\/12\/WASPE-15000-Puffs-Disposable-Vape-1024x1024.jpg",1024,1024,true],"1536x1536":["https:\/\/vapestornado.com\/wp-content\/uploads\/2024\/12\/WASPE-15000-Puffs-Disposable-Vape-1536x1536.jpg",1536,1536,true],"2048x2048":["https:\/\/vapestornado.com\/wp-content\/uploads\/2024\/12\/WASPE-15000-Puffs-Disposable-Vape.jpg",1713,1713,false],"trp-custom-language-flag":["https:\/\/vapestornado.com\/wp-content\/uploads\/2024\/12\/WASPE-15000-Puffs-Disposable-Vape.jpg",12,12,false],"woocommerce_thumbnail":["https:\/\/vapestornado.com\/wp-content\/uploads\/2024\/12\/WASPE-15000-Puffs-Disposable-Vape-300x300.jpg",300,300,true],"woocommerce_single":["https:\/\/vapestornado.com\/wp-content\/uploads\/2024\/12\/WASPE-15000-Puffs-Disposable-Vape-600x600.jpg",600,600,true],"woocommerce_gallery_thumbnail":["https:\/\/vapestornado.com\/wp-content\/uploads\/2024\/12\/WASPE-15000-Puffs-Disposable-Vape-100x100.jpg",100,100,true]},"uagb_author_info":{"display_name":"ESAMY","author_link":"https:\/\/vapestornado.com\/pl\/author\/"},"uagb_comment_info":0,"uagb_excerpt":"Vapsolo DG 18000 Smart Screen Wholesale Disposable Vape Vapsolo DG 18000 Puffs 2% 5% Low Nicotine Bulk Buy Vapes Vapsolo DG18000 Puffs 2% 5% Low Nicotine Rechargeable Disposable Vape Add Amy's whatsapp get right reply and vape vape coupon! WhatsApp: +86 17776015835 &nbsp;","_links":{"self":[{"href":"https:\/\/vapestornado.com\/pl\/wp-json\/wp\/v2\/product\/3178","targetHints":{"allow":["GET"]}}],"collection":[{"href":"https:\/\/vapestornado.com\/pl\/wp-json\/wp\/v2\/product"}],"about":[{"href":"https:\/\/vapestornado.com\/pl\/wp-json\/wp\/v2\/types\/product"}],"replies":[{"embeddable":true,"href":"https:\/\/vapestornado.com\/pl\/wp-json\/wp\/v2\/comments?post=3178"}],"wp:featuredmedia":[{"embeddable":true,"href":"https:\/\/vapestornado.com\/pl\/wp-json\/wp\/v2\/media\/3184"}],"wp:attachment":[{"href":"https:\/\/vapestornado.com\/pl\/wp-json\/wp\/v2\/media?parent=3178"}],"wp:term":[{"taxonomy":"product_brand","embeddable":true,"href":"https:\/\/vapestornado.com\/pl\/wp-json\/wp\/v2\/product_brand?post=3178"},{"taxonomy":"product_cat","embeddable":true,"href":"https:\/\/vapestornado.com\/pl\/wp-json\/wp\/v2\/product_cat?post=3178"},{"taxonomy":"product_tag","embeddable":true,"href":"https:\/\/vapestornado.com\/pl\/wp-json\/wp\/v2\/product_tag?post=3178"}],"curies":[{"name":"wp","href":"https:\/\/api.w.org\/{rel}","templated":true}]}}