{"id":3171,"date":"2024-12-14T09:23:10","date_gmt":"2024-12-14T09:23:10","guid":{"rendered":"https:\/\/vapestornado.com\/?post_type=product&#038;p=3171"},"modified":"2025-08-23T10:02:23","modified_gmt":"2025-08-23T10:02:23","slug":"waspe-40000-puffs-double-flavor-rechargeable-vape-cheap-price","status":"publish","type":"product","link":"https:\/\/vapestornado.com\/pl\/product\/waspe-40000-puffs-double-flavor-rechargeable-vape-cheap-price\/","title":{"rendered":"WASPE 40000 Zaci\u0105gni\u0119\u0107 Podw\u00f3jny Smak Akumulator Vape Tanie Cena"},"content":{"rendered":"<h1>WASPE 40000 Zaci\u0105gni\u0119\u0107 Podw\u00f3jny Smak Akumulator Vape Tanie Cena<\/h1>\n<p>&nbsp;<\/p>\n<div role=\"article\" data-tabster=\"{&quot;groupper&quot;:{&quot;tabbability&quot;:2},&quot;focusable&quot;:{}}\" data-content=\"ai-message\" aria-labelledby=\"64JRvXrTnY7mRmPkEQLLT-author 64JRvXrTnY7mRmPkEQLLT-content\">\n<div id=\"64JRvXrTnY7mRmPkEQLLT-content\">\n<p>\u0141adowalny Vape WASPE 40000 z dwoma smakami \u0142\u0105czy w sobie zaawansowan\u0105 technologi\u0119 z doskona\u0142ym dostarczaniem smaku. Zaprojektowany do d\u0142ugotrwa\u0142ego u\u017cytkowania, WASPE VAPES oferuje do 40 000 zaci\u0105gni\u0119\u0107, zapewniaj\u0105c d\u0142ugotrwa\u0142\u0105 satysfakcj\u0119. Podw\u00f3jne grza\u0142ki siatkowe 0,9\u03a9 zapewniaj\u0105 g\u0142adk\u0105, pe\u0142n\u0105 par\u0119 o zwi\u0119kszonej intensywno\u015bci smaku i satysfakcjonuj\u0105cym uderzeniu w gard\u0142o. Jego pojemno\u015b\u0107 36 ml e-liquidu zmniejsza potrzeb\u0119 cz\u0119stego uzupe\u0142niania, podczas gdy \u0142adowalna bateria 850 mAh zapewnia niezawodne dzia\u0142anie. Funkcja szybkiego \u0142adowania Type-C minimalizuje przestoje. Inteligentny wy\u015bwietlacz LED oferuje aktualizacje w czasie rzeczywistym dotycz\u0105ce poziomu baterii i e-liquidu, co zwi\u0119ksza wygod\u0119. Dzi\u0119ki systemowi podw\u00f3jnego smaku u\u017cytkownicy mog\u0105 bez wysi\u0142ku prze\u0142\u0105cza\u0107 si\u0119 mi\u0119dzy dwoma r\u00f3\u017cnymi smakami, poprawiaj\u0105c wra\u017cenia z vapowania. Dost\u0119pny w st\u0119\u017ceniach nikotyny 2% i 5% oraz 16 unikalnych smakach, jest odpowiedni zar\u00f3wno dla nowych, jak i do\u015bwiadczonych vaper\u00f3w. Wybierz Vape WASPE FIHP 40000 zaci\u0105gni\u0119\u0107, aby uzyska\u0107 najnowocze\u015bniejsze funkcje, elegancki wygl\u0105d i najwy\u017cszej jako\u015bci wra\u017cenia z vapowania, dostosowane do Twoich preferencji.<\/p>\n<\/div>\n<\/div>\n<p><img fetchpriority=\"high\" decoding=\"async\" class=\"alignnone size-medium wp-image-4245\" src=\"https:\/\/vapestornado.com\/wp-content\/uploads\/2024\/12\/Waspe-DOUBLE-FLAVOUR-40k-Vape-Cheap-Price-300x300.jpg\" alt=\"\" width=\"300\" height=\"300\" srcset=\"https:\/\/vapestornado.com\/wp-content\/uploads\/2024\/12\/Waspe-DOUBLE-FLAVOUR-40k-Vape-Cheap-Price-300x300.jpg 300w, https:\/\/vapestornado.com\/wp-content\/uploads\/2024\/12\/Waspe-DOUBLE-FLAVOUR-40k-Vape-Cheap-Price-1024x1024.jpg 1024w, https:\/\/vapestornado.com\/wp-content\/uploads\/2024\/12\/Waspe-DOUBLE-FLAVOUR-40k-Vape-Cheap-Price-150x150.jpg 150w, https:\/\/vapestornado.com\/wp-content\/uploads\/2024\/12\/Waspe-DOUBLE-FLAVOUR-40k-Vape-Cheap-Price-768x768.jpg 768w, https:\/\/vapestornado.com\/wp-content\/uploads\/2024\/12\/Waspe-DOUBLE-FLAVOUR-40k-Vape-Cheap-Price-12x12.jpg 12w, https:\/\/vapestornado.com\/wp-content\/uploads\/2024\/12\/Waspe-DOUBLE-FLAVOUR-40k-Vape-Cheap-Price-600x600.jpg 600w, https:\/\/vapestornado.com\/wp-content\/uploads\/2024\/12\/Waspe-DOUBLE-FLAVOUR-40k-Vape-Cheap-Price-100x100.jpg 100w, https:\/\/vapestornado.com\/wp-content\/uploads\/2024\/12\/Waspe-DOUBLE-FLAVOUR-40k-Vape-Cheap-Price.jpg 1500w\" sizes=\"(max-width: 300px) 100vw, 300px\" \/><\/p>\n<p><img decoding=\"async\" class=\"wp-image-2951\" src=\"https:\/\/vapestornado.com\/wp-content\/uploads\/2024\/12\/Wholesale-Disposable-Vape-265x300.jpg\" alt=\"Hurtownia jednorazowych vape\" width=\"295\" height=\"334\" srcset=\"https:\/\/vapestornado.com\/wp-content\/uploads\/2024\/12\/Wholesale-Disposable-Vape-265x300.jpg 265w, https:\/\/vapestornado.com\/wp-content\/uploads\/2024\/12\/Wholesale-Disposable-Vape-768x871.jpg 768w, https:\/\/vapestornado.com\/wp-content\/uploads\/2024\/12\/Wholesale-Disposable-Vape-600x680.jpg 600w, https:\/\/vapestornado.com\/wp-content\/uploads\/2024\/12\/Wholesale-Disposable-Vape.jpg 823w\" sizes=\"(max-width: 295px) 100vw, 295px\" \/><\/p>\n<h6>Skontaktuj si\u0119 z Mandy przez WhatsApp, aby uzyska\u0107 cen\u0119 promocyjn\u0105<a href=\"https:\/\/wa.me\/8618077105796\" target=\"_blank\" rel=\"noopener\">+8618077105796<\/a><\/h6>\n<p>&nbsp;<\/p>\n<h2><strong>Specyfikacje jednorazowych Vape WASPE 40000 zaci\u0105gni\u0119\u0107<\/strong><\/h2>\n<ul>\n<li><strong>Moc Nikotyny<\/strong>: Dost\u0119pne w opcjach 2% i 5% dla spersonalizowanego do\u015bwiadczenia z vapowaniem.<\/li>\n<li><strong>Pojemno\u015b\u0107 zaci\u0105gni\u0119\u0107<\/strong>: Do 40 000 zaci\u0105gni\u0119\u0107, idealne do d\u0142ugotrwa\u0142ego u\u017cytkowania z minimaln\u0105 liczb\u0105 wymian.<\/li>\n<li><strong>Pojemno\u015b\u0107 e-liquidu<\/strong>: Wst\u0119pnie nape\u0142niony 36 ml najwy\u017cszej jako\u015bci p\u0142ynu do vapowania na d\u0142ugotrwa\u0142e sesje.<\/li>\n<li><strong>Zaawansowane grza\u0142ki siatkowe<\/strong>: Podw\u00f3jne grza\u0142ki siatkowe 0,9\u03a9 dostarczaj\u0105 g\u0142adk\u0105, bogat\u0105 par\u0119 i wzmocniony smak.<\/li>\n<li><strong>Mo\u017cliwo\u015b\u0107 \u0142adowania przez USB-C<\/strong>: Szybkie i wydajne \u0142adowanie Type-C minimalizuje przestoje.<\/li>\n<li><strong>Pojemno\u015b\u0107 Baterii<\/strong>: Solidna \u0142adowalna bateria 850 mAh zapewnia sta\u0142\u0105 wydajno\u015b\u0107.<\/li>\n<li><strong>Inteligentny wy\u015bwietlacz LED<\/strong>: Aktualizacje poziomu baterii i e-liquidu w czasie rzeczywistym dla bezproblemowej u\u017cyteczno\u015bci.<\/li>\n<li><strong>Technologia podw\u00f3jnego smaku<\/strong>: Prze\u0142\u0105czaj si\u0119 mi\u0119dzy dwoma r\u00f3\u017cnymi smakami, aby uzyska\u0107 dynamiczne i spersonalizowane wra\u017cenia z vapowania.<\/li>\n<\/ul>\n<h2><strong>WASPE Tornado Vape 40k zaci\u0105gni\u0119\u0107 Lista smak\u00f3w:<\/strong><\/h2>\n<p class=\"selectable-text copyable-text x15bjb6t x1n2onr6\" dir=\"ltr\"><span class=\"selectable-text copyable-text false\">1.L\u00f3d Arbuzowy<\/span><\/p>\n<p class=\"selectable-text copyable-text x15bjb6t x1n2onr6\" dir=\"ltr\"><span class=\"selectable-text copyable-text false x1sdyfia xss6m8b\">2.<\/span><span class=\"selectable-text copyable-text false\"> Musuj\u0105ca Wi\u015bnia L\u00f3d<\/span><\/p>\n<p class=\"selectable-text copyable-text x15bjb6t x1n2onr6\" dir=\"ltr\"><span class=\"selectable-text copyable-text false x1sdyfia xss6m8b\">3.<\/span><span class=\"selectable-text copyable-text false\"> Truskawka Arbuz<\/span><\/p>\n<p class=\"selectable-text copyable-text x15bjb6t x1n2onr6\" dir=\"ltr\"><span class=\"selectable-text copyable-text false x1sdyfia xss6m8b\">4.<\/span><span class=\"selectable-text copyable-text false\"> L\u00f3d Red Bull<\/span><\/p>\n<p class=\"selectable-text copyable-text x15bjb6t x1n2onr6\" dir=\"ltr\"><span class=\"selectable-text copyable-text false x1sdyfia xss6m8b\">5.<\/span><span class=\"selectable-text copyable-text false\"> Brzoskwinia L\u00f3d<\/span><\/p>\n<p class=\"selectable-text copyable-text x15bjb6t x1n2onr6\" dir=\"ltr\"><span class=\"selectable-text copyable-text false x1sdyfia xss6m8b\">6.<\/span><span class=\"selectable-text copyable-text false\"> Grape Ice<\/span><\/p>\n<p class=\"selectable-text copyable-text x15bjb6t x1n2onr6\" dir=\"ltr\"><span class=\"selectable-text copyable-text false x1sdyfia xss6m8b\">7.<\/span><span class=\"selectable-text copyable-text false\"> Niebieska Malina Lemon<\/span><\/p>\n<p class=\"selectable-text copyable-text x15bjb6t x1n2onr6\" dir=\"ltr\"><span class=\"selectable-text copyable-text false x1sdyfia xss6m8b\">8.<\/span><span class=\"selectable-text copyable-text false\"> Mieszane Jagody<\/span><\/p>\n<p class=\"selectable-text copyable-text x15bjb6t x1n2onr6\" dir=\"ltr\"><span class=\"selectable-text copyable-text false x1sdyfia xss6m8b\">9.<\/span><span class=\"selectable-text copyable-text false\"> Truskawka Malina Wi\u015bnia<\/span><\/p>\n<p class=\"selectable-text copyable-text x15bjb6t x1n2onr6\" dir=\"ltr\"><span class=\"selectable-text copyable-text false x1sdyfia xss6m8b\">10.<\/span><span class=\"selectable-text copyable-text false\"> Truskawka Banan<\/span><\/p>\n<p class=\"selectable-text copyable-text x15bjb6t x1n2onr6\" dir=\"ltr\"><span class=\"selectable-text copyable-text false x1sdyfia xss6m8b\">11.<\/span><span class=\"selectable-text copyable-text false\"> Guma Balonowa Truskawka Arbuz<\/span><\/p>\n<p class=\"selectable-text copyable-text x15bjb6t x1n2onr6\" dir=\"ltr\"><span class=\"selectable-text copyable-text false x1sdyfia xss6m8b\">12.<\/span><span class=\"selectable-text copyable-text false\"> Wi\u015bnia Cola L\u00f3d<\/span><\/p>\n<p class=\"selectable-text copyable-text x15bjb6t x1n2onr6\" dir=\"ltr\"><span class=\"selectable-text copyable-text false x1sdyfia xss6m8b\">13.<\/span><span class=\"selectable-text copyable-text false\"> Kwa\u015bne Jab\u0142ko Malina<\/span><\/p>\n<p class=\"selectable-text copyable-text x15bjb6t x1n2onr6\" dir=\"ltr\"><span class=\"selectable-text copyable-text false x1sdyfia xss6m8b\">14.<\/span><span class=\"selectable-text copyable-text false\"> Brzoskwinia Jagoda<\/span><\/p>\n<p class=\"selectable-text copyable-text x15bjb6t x1n2onr6\" dir=\"ltr\"><span class=\"selectable-text copyable-text false x1sdyfia xss6m8b\">15.<\/span><span class=\"selectable-text copyable-text false\"> Blueberry Ice<\/span><\/p>\n<p class=\"selectable-text copyable-text x15bjb6t x1n2onr6\" dir=\"ltr\"><span class=\"selectable-text copyable-text false x1sdyfia xss6m8b\">16.<\/span><span class=\"selectable-text copyable-text false\"> Truskawka Wi\u015bnia<\/span><\/p>\n<div role=\"article\" data-tabster=\"{&quot;groupper&quot;:{&quot;tabbability&quot;:2},&quot;focusable&quot;:{}}\" data-content=\"ai-message\" aria-labelledby=\"dARUyEWDoEYhnSPXFwx5A-author dARUyEWDoEYhnSPXFwx5A-content\">\n<div id=\"dARUyEWDoEYhnSPXFwx5A-content\">\n<h2><strong>Dlaczego warto wybra\u0107 vape pody WASPE 40k Puffs w vapestornado.com?<\/strong><\/h2>\n<ul>\n<li><strong>Niezr\u00f3wnana trwa\u0142o\u015b\u0107<\/strong>: Z imponuj\u0105c\u0105 liczb\u0105 40 000 zaci\u0105gni\u0119\u0107, WASPE 40K jest idealny dla vaper\u00f3w poszukuj\u0105cych d\u0142ugotrwa\u0142ego u\u017cytkowania bez cz\u0119stych wymian.<\/li>\n<li><strong>Zaawansowana technologia wapowania<\/strong>: Dzi\u0119ki podw\u00f3jnym siatkowym grza\u0142kom o oporno\u015bci 0,9\u03a9, to urz\u0105dzenie zapewnia g\u0142adk\u0105, pe\u0142n\u0105 smaku par\u0119 z ka\u017cdym zaci\u0105gni\u0119ciem, oferuj\u0105c najwy\u017cszej jako\u015bci do\u015bwiadczenie wapowania.<\/li>\n<li><strong>Ogromna pojemno\u015b\u0107 e-liquidu<\/strong>: Wst\u0119pnie nape\u0142niony 36 ml wysokiej jako\u015bci e-liquidu, zosta\u0142 zaprojektowany do nieprzerwanych, d\u0142ugotrwa\u0142ych sesji.<\/li>\n<li><strong>Wygodne \u0142adowanie<\/strong>: Wyposa\u017cony w akumulator Type-C o pojemno\u015bci 850 mAh, WASPE 40000 zaci\u0105gni\u0119\u0107 zapewnia niezawodn\u0105 moc i szybkie \u0142adowanie, dzi\u0119ki czemu zawsze jeste\u015b gotowy do wapowania.<\/li>\n<li><strong>Innowacyjna funkcja podw\u00f3jnego smaku<\/strong>: Ciesz si\u0119 dwoma smakami w jednym urz\u0105dzeniu, co zapewnia mo\u017cliwo\u015b\u0107 dostosowania i dynamicznego do\u015bwiadczenia z wapowania, dopasowanego do Twoich preferencji.<\/li>\n<li><strong>Przyjazny dla u\u017cytkownika design<\/strong>: Inteligentny wy\u015bwietlacz LED informuje o poziomie baterii i e-liquidu, co zwi\u0119ksza wygod\u0119 codziennego wapowania.<\/li>\n<li><strong>Elastyczne opcje nikotyny<\/strong>: Dost\u0119pne w st\u0119\u017ceniach nikotyny 2% i 5%, zaspokajaj\u0105c potrzeby zar\u00f3wno pocz\u0105tkuj\u0105cych, jak i do\u015bwiadczonych waper\u00f3w.<\/li>\n<li><strong>Us\u0142uga premium vapestornado<\/strong>: Zakupy na vapestornado.com oznaczaj\u0105 dost\u0119p do autentycznych produkt\u00f3w, konkurencyjnych cen i wyj\u0105tkowej obs\u0142ugi klienta.<\/li>\n<\/ul>\n<\/div>\n<\/div>\n<h2>Cz\u0119sto zadawane pytania dotycz\u0105ce <strong>WASPE 40K Puffs \u0142adowalne e-papierosy cena hurtowa<\/strong><\/h2>\n<p><strong>P1: Jak mog\u0119 \u015bledzi\u0107 moje zam\u00f3wienie WASPE VAPES 40k Puffs?<\/strong><br \/>\nO: Po wys\u0142aniu zam\u00f3wienia otrzymasz numer do \u015bledzenia poczt\u0105 e-mail, aby monitorowa\u0107 post\u0119py dostawy.<\/p>\n<p><strong>P2: Jaki jest szacowany czas wysy\u0142ki dla WASPE 40000 PUFF?<\/strong><br \/>\nO: Zam\u00f3wienia wysy\u0142ane z Chin zazwyczaj docieraj\u0105 w ci\u0105gu 7-14 dni roboczych, podczas gdy zam\u00f3wienia z magazyn\u00f3w europejskich przychodz\u0105 w ci\u0105gu 3-6 dni roboczych.<\/p>\n<p><strong>P3: Czy mog\u0119 otrzyma\u0107 szybsz\u0105 dostaw\u0119?<\/strong><br \/>\nO: Aby uzyska\u0107 szybsz\u0105 wysy\u0142k\u0119, rozwa\u017c zam\u00f3wienie produkt\u00f3w, kt\u00f3re s\u0105 dost\u0119pne w naszych europejskich magazynach.<\/p>\n<p><strong>P4: Czy mog\u0119 wybra\u0107 konkretne smaki dla WASPE FIHP VAPE 40000 PUFFS?<\/strong><br \/>\nO: Smaki s\u0105 zazwyczaj uk\u0142adane losowo, ale mo\u017cesz zostawi\u0107 notatk\u0119 przy kasie ze swoimi preferencjami, a my zrobimy co w naszej mocy, aby je uwzgl\u0119dni\u0107.<\/p>\n<p><strong>P5: Czy wysy\u0142acie WASPE 40000 zaci\u0105gni\u0119\u0107 za granic\u0119?<\/strong><br \/>\nO: Tak, wysy\u0142amy do wi\u0119kszo\u015bci kraj\u00f3w na ca\u0142ym \u015bwiecie i zajmujemy si\u0119 odpraw\u0105 celn\u0105.<\/p>\n<p><strong>P6: Jak mog\u0119 skontaktowa\u0107 si\u0119 z obs\u0142ug\u0105 klienta?<\/strong><br \/>\nO: Skontaktuj si\u0119 z nami poprzez e-mail, WhatsApp lub czat na \u017cywo na naszej stronie internetowej, aby uzyska\u0107 szybk\u0105 pomoc.<\/p>","protected":false},"excerpt":{"rendered":"<ul>\n<li><strong>Kup WASPE FIHP 40000 zaci\u0105gni\u0119\u0107, \u0142adowalny Vape, w bezkonkurencyjnych cenach<\/strong><\/li>\n<li><strong>Hurtowe oferty na WASPE FIHP 40K zaci\u0105gni\u0119\u0107 Vapes \u2013 Oszcz\u0119d\u017a du\u017co na zam\u00f3wieniach hurtowych<\/strong><\/li>\n<li><strong>Kup WASPE 40000 zaci\u0105gni\u0119\u0107 z dwoma smakami Vape \u2013 Zaawansowane funkcje, przyst\u0119pne ceny<\/strong><\/li>\n<\/ul>\n<figure id=\"attachment_2951\" aria-describedby=\"caption-attachment-2951\" style=\"width: 265px\" class=\"wp-caption alignnone\"><img decoding=\"async\" class=\"size-medium wp-image-2951\" src=\"https:\/\/vapestornado.com\/wp-content\/uploads\/2024\/12\/Wholesale-Disposable-Vape-265x300.jpg\" alt=\"Hurtownia jednorazowych vape\" width=\"265\" height=\"300\" srcset=\"https:\/\/vapestornado.com\/wp-content\/uploads\/2024\/12\/Wholesale-Disposable-Vape-265x300.jpg 265w, https:\/\/vapestornado.com\/wp-content\/uploads\/2024\/12\/Wholesale-Disposable-Vape-768x871.jpg 768w, https:\/\/vapestornado.com\/wp-content\/uploads\/2024\/12\/Wholesale-Disposable-Vape-600x680.jpg 600w, https:\/\/vapestornado.com\/wp-content\/uploads\/2024\/12\/Wholesale-Disposable-Vape.jpg 823w\" sizes=\"(max-width: 265px) 100vw, 265px\" \/><figcaption id=\"caption-attachment-2951\" class=\"wp-caption-text\">Skontaktuj si\u0119 z Mandy przez WhatsApp, aby uzyska\u0107 cen\u0119 promocyjn\u0105\u00a0 <a href=\"https:\/\/wa.me\/8618077105796\">+8618077105796<\/a><\/figcaption><\/figure>\n<p>&nbsp;<\/p>","protected":false},"featured_media":4245,"comment_status":"open","ping_status":"closed","template":"","meta":{"_acf_changed":false,"_uag_custom_page_level_css":"","_lmt_disableupdate":"no","_lmt_disable":"","_monsterinsights_skip_tracking":false,"_monsterinsights_sitenote_active":false,"_monsterinsights_sitenote_note":"","_monsterinsights_sitenote_category":0,"site-sidebar-layout":"default","site-content-layout":"","ast-site-content-layout":"default","site-content-style":"default","site-sidebar-style":"default","ast-global-header-display":"","ast-banner-title-visibility":"","ast-main-header-display":"","ast-hfb-above-header-display":"","ast-hfb-below-header-display":"","ast-hfb-mobile-header-display":"","site-post-title":"","ast-breadcrumbs-content":"","ast-featured-img":"","footer-sml-layout":"","ast-disable-related-posts":"","theme-transparent-header-meta":"default","adv-header-id-meta":"","stick-header-meta":"","header-above-stick-meta":"","header-main-stick-meta":"","header-below-stick-meta":"","astra-migrate-meta-layouts":"set","ast-page-background-enabled":"default","ast-page-background-meta":{"desktop":{"background-color":"","background-image":"","background-repeat":"repeat","background-position":"center center","background-size":"auto","background-attachment":"scroll","background-type":"","background-media":"","overlay-type":"","overlay-color":"","overlay-opacity":"","overlay-gradient":""},"tablet":{"background-color":"","background-image":"","background-repeat":"repeat","background-position":"center center","background-size":"auto","background-attachment":"scroll","background-type":"","background-media":"","overlay-type":"","overlay-color":"","overlay-opacity":"","overlay-gradient":""},"mobile":{"background-color":"","background-image":"","background-repeat":"repeat","background-position":"center center","background-size":"auto","background-attachment":"scroll","background-type":"","background-media":"","overlay-type":"","overlay-color":"","overlay-opacity":"","overlay-gradient":""}},"ast-content-background-meta":{"desktop":{"background-color":"var(--ast-global-color-5)","background-image":"","background-repeat":"repeat","background-position":"center center","background-size":"auto","background-attachment":"scroll","background-type":"","background-media":"","overlay-type":"","overlay-color":"","overlay-opacity":"","overlay-gradient":""},"tablet":{"background-color":"var(--ast-global-color-5)","background-image":"","background-repeat":"repeat","background-position":"center center","background-size":"auto","background-attachment":"scroll","background-type":"","background-media":"","overlay-type":"","overlay-color":"","overlay-opacity":"","overlay-gradient":""},"mobile":{"background-color":"var(--ast-global-color-5)","background-image":"","background-repeat":"repeat","background-position":"center center","background-size":"auto","background-attachment":"scroll","background-type":"","background-media":"","overlay-type":"","overlay-color":"","overlay-opacity":"","overlay-gradient":""}},"_joinchat":{"telephone":"+8618077105796"}},"product_brand":[],"product_cat":[65,149,153,156,157,158,60],"product_tag":[97,89],"class_list":{"0":"post-3171","1":"product","2":"type-product","3":"status-publish","4":"has-post-thumbnail","6":"product_cat-40000-puff","7":"product_cat-buy-disposable-vapes-in-austria","8":"product_cat-buy-disposable-vapes-in-italy","9":"product_cat-buy-disposable-vapes-in-poland","10":"product_cat-buy-disposable-vapes-in-portugal","11":"product_cat-buy-disposable-vapes-in-spain","12":"product_cat-waspe-fihp-vape","13":"product_tag-hot-sale-disposable-vape","14":"product_tag-waspe-40000-puffs","15":"desktop-align-left","16":"tablet-align-left","17":"mobile-align-left","19":"first","20":"instock","21":"sale","22":"shipping-taxable","23":"purchasable","24":"product-type-simple"},"acf":[],"uagb_featured_image_src":{"full":["https:\/\/vapestornado.com\/wp-content\/uploads\/2024\/12\/Waspe-DOUBLE-FLAVOUR-40k-Vape-Cheap-Price.jpg",1500,1500,false],"thumbnail":["https:\/\/vapestornado.com\/wp-content\/uploads\/2024\/12\/Waspe-DOUBLE-FLAVOUR-40k-Vape-Cheap-Price-150x150.jpg",150,150,true],"medium":["https:\/\/vapestornado.com\/wp-content\/uploads\/2024\/12\/Waspe-DOUBLE-FLAVOUR-40k-Vape-Cheap-Price-300x300.jpg",300,300,true],"medium_large":["https:\/\/vapestornado.com\/wp-content\/uploads\/2024\/12\/Waspe-DOUBLE-FLAVOUR-40k-Vape-Cheap-Price-768x768.jpg",768,768,true],"large":["https:\/\/vapestornado.com\/wp-content\/uploads\/2024\/12\/Waspe-DOUBLE-FLAVOUR-40k-Vape-Cheap-Price-1024x1024.jpg",1024,1024,true],"1536x1536":["https:\/\/vapestornado.com\/wp-content\/uploads\/2024\/12\/Waspe-DOUBLE-FLAVOUR-40k-Vape-Cheap-Price.jpg",1500,1500,false],"2048x2048":["https:\/\/vapestornado.com\/wp-content\/uploads\/2024\/12\/Waspe-DOUBLE-FLAVOUR-40k-Vape-Cheap-Price.jpg",1500,1500,false],"trp-custom-language-flag":["https:\/\/vapestornado.com\/wp-content\/uploads\/2024\/12\/Waspe-DOUBLE-FLAVOUR-40k-Vape-Cheap-Price-12x12.jpg",12,12,true],"woocommerce_thumbnail":["https:\/\/vapestornado.com\/wp-content\/uploads\/2024\/12\/Waspe-DOUBLE-FLAVOUR-40k-Vape-Cheap-Price-300x300.jpg",300,300,true],"woocommerce_single":["https:\/\/vapestornado.com\/wp-content\/uploads\/2024\/12\/Waspe-DOUBLE-FLAVOUR-40k-Vape-Cheap-Price-600x600.jpg",600,600,true],"woocommerce_gallery_thumbnail":["https:\/\/vapestornado.com\/wp-content\/uploads\/2024\/12\/Waspe-DOUBLE-FLAVOUR-40k-Vape-Cheap-Price-100x100.jpg",100,100,true]},"uagb_author_info":{"display_name":"ESMANDY","author_link":"https:\/\/vapestornado.com\/pl\/author\/"},"uagb_comment_info":0,"uagb_excerpt":"Get WASPE FIHP 40000 Puff Rechargeable Vape at Unbeatable Prices Wholesale Deals on WASPE FIHP 40K Puffs Vapes \u2013 Save Big on Bulk Orders Shop WASPE 40000 Puffs Dual Flavor Vape \u2013 Advanced Features, Affordable Prices [caption id=\"attachment_2951\" align=\"alignnone\" width=\"265\"] Pls Contact Mandy's WhatsApp For Discount Price\u00a0 +8618077105796[\/caption] &nbsp;","_links":{"self":[{"href":"https:\/\/vapestornado.com\/pl\/wp-json\/wp\/v2\/product\/3171","targetHints":{"allow":["GET"]}}],"collection":[{"href":"https:\/\/vapestornado.com\/pl\/wp-json\/wp\/v2\/product"}],"about":[{"href":"https:\/\/vapestornado.com\/pl\/wp-json\/wp\/v2\/types\/product"}],"replies":[{"embeddable":true,"href":"https:\/\/vapestornado.com\/pl\/wp-json\/wp\/v2\/comments?post=3171"}],"wp:featuredmedia":[{"embeddable":true,"href":"https:\/\/vapestornado.com\/pl\/wp-json\/wp\/v2\/media\/4245"}],"wp:attachment":[{"href":"https:\/\/vapestornado.com\/pl\/wp-json\/wp\/v2\/media?parent=3171"}],"wp:term":[{"taxonomy":"product_brand","embeddable":true,"href":"https:\/\/vapestornado.com\/pl\/wp-json\/wp\/v2\/product_brand?post=3171"},{"taxonomy":"product_cat","embeddable":true,"href":"https:\/\/vapestornado.com\/pl\/wp-json\/wp\/v2\/product_cat?post=3171"},{"taxonomy":"product_tag","embeddable":true,"href":"https:\/\/vapestornado.com\/pl\/wp-json\/wp\/v2\/product_tag?post=3171"}],"curies":[{"name":"wp","href":"https:\/\/api.w.org\/{rel}","templated":true}]}}