{"id":3132,"date":"2024-12-13T09:10:35","date_gmt":"2024-12-13T09:10:35","guid":{"rendered":"https:\/\/vapestornado.com\/?post_type=product&#038;p=3132"},"modified":"2025-08-23T10:04:00","modified_gmt":"2025-08-23T10:04:00","slug":"vapsolo-twins-20000-double-flavour-rechargeable-disposable-vape-wholesale-price","status":"publish","type":"product","link":"https:\/\/vapestornado.com\/pl\/product\/vapsolo-twins-20000-double-flavour-rechargeable-disposable-vape-wholesale-price\/","title":{"rendered":"Vapsolo Twins 20000 Podw\u00f3jny Smak Jednorazowy Vape z Mo\u017cliwo\u015bci\u0105 \u0141adowania Cena Hurtowa"},"content":{"rendered":"<h1 class=\"product-title\">Vapsolo Twins 20000 Podw\u00f3jny Smak Jednorazowy Vape z Mo\u017cliwo\u015bci\u0105 \u0141adowania Cena Hurtowa<\/h1>\n<p data-start=\"319\" data-end=\"581\">Cyfrowy ekran <strong data-start=\"323\" data-end=\"377\">Vapsolo Twins 20000 Jednorazowy Vape o Podw\u00f3jnym Smaku<\/strong> jest przeznaczony dla sprzedawc\u00f3w detalicznych i hurtownik\u00f3w, kt\u00f3rzy potrzebuj\u0105 niezawodnego, trwa\u0142ego towaru. Z a\u017c do <strong data-start=\"470\" data-end=\"497\">20 000 zaci\u0105gni\u0119\u0107 na urz\u0105dzenie<\/strong> i <strong data-start=\"504\" data-end=\"526\">25 ml zbiornikiem na e-liquid<\/strong>, oferuje wyd\u0142u\u017cone u\u017cytkowanie i du\u017cy potencja\u0142 odsprzeda\u017cy.<\/p>\n<p data-start=\"583\" data-end=\"946\">Jego <strong data-start=\"587\" data-end=\"612\">system podw\u00f3jnego smaku<\/strong> pozwala klientom prze\u0142\u0105cza\u0107 si\u0119 mi\u0119dzy dwoma mieszankami w jednym urz\u0105dzeniu, co czyni go bardziej atrakcyjnym dla kupuj\u0105cych, kt\u00f3rzy chc\u0105 r\u00f3\u017cnorodno\u015bci bez noszenia wielu vape'\u00f3w. Natomiast <strong data-start=\"759\" data-end=\"783\">technologii mesh coil<\/strong> zapewnia g\u0142adk\u0105 par\u0119 i sp\u00f3jny smak, a <strong data-start=\"837\" data-end=\"868\">akumulator o pojemno\u015bci 650 mAh<\/strong> z <strong data-start=\"874\" data-end=\"898\">Szybkie \u0142adowanie typu C<\/strong> utrzymuje sta\u0142\u0105 wydajno\u015b\u0107 a\u017c do ostatniej kropli.<\/p>\n<p data-start=\"948\" data-end=\"1202\">Dost\u0119pne w <strong data-start=\"961\" data-end=\"993\">mocach nikotyny 2% i 5%<\/strong>, <strong data-start=\"999\" data-end=\"1025\">Vapsolo Bli\u017ani\u0119ta 20K Vape<\/strong> odpowiada r\u00f3\u017cnym preferencjom klient\u00f3w. Z konkurencyjnymi <strong data-start=\"1085\" data-end=\"1106\">cenami hurtowymi<\/strong> i du\u017cym popytem na rynku, jest to m\u0105dry wyb\u00f3r dla ma\u0142ych sklep\u00f3w i dystrybutor\u00f3w w ca\u0142ej Europie, w tym w Polsce<\/p>\n<p><strong>Dodaj Amy na WhatsApp, aby uzyska\u0107 szybk\u0105 odpowied\u017a i kupon na vape!<\/strong><\/p>\n<p><img fetchpriority=\"high\" decoding=\"async\" class=\"size-full wp-image-2932\" src=\"https:\/\/vapestornado.com\/wp-content\/uploads\/2024\/12\/Vape-Wholesale.jpg\" alt=\"Hurtowa sprzeda\u017c e-papieros\u00f3w\" width=\"229\" height=\"300\" \/><\/p>\n<h3><a href=\"https:\/\/wa.me\/8617776015835\" target=\"_blank\" rel=\"noopener\"><span style=\"color: #ff0000;\"><strong>WhatsApp: +86 17776015835<\/strong><\/span><\/a><\/h3>\n<p>&nbsp;<\/p>\n<h2><strong>Cechy Produktu Vapsolo Twins 20000<\/strong><\/h2>\n<div role=\"article\" data-tabster=\"{&quot;groupper&quot;:{&quot;tabbability&quot;:2},&quot;focusable&quot;:{}}\" data-content=\"ai-message\" aria-labelledby=\"juhNTJ6o7Gk1cgwZMJgv2-author juhNTJ6o7Gk1cgwZMJgv2-content\">\n<div id=\"juhNTJ6o7Gk1cgwZMJgv2-content\">\n<div role=\"article\" data-tabster=\"{&quot;groupper&quot;:{&quot;tabbability&quot;:2},&quot;focusable&quot;:{}}\" data-content=\"ai-message\" aria-labelledby=\"x4EZuCZWrTbh3weWUt7CU-author x4EZuCZWrTbh3weWUt7CU-content\">\n<div id=\"x4EZuCZWrTbh3weWUt7CU-content\">\n<h3><\/h3>\n<ol>\n<li><strong>Podw\u00f3jna Rado\u015b\u0107 Smaku:<\/strong> System podw\u00f3jnego zbiornika na dwa smaki w jednym e-papierosie.<\/li>\n<li><strong>Ogromna Liczba Zaci\u0105gni\u0119\u0107:<\/strong> Oferuje imponuj\u0105ce <strong>20 000 zaci\u0105gni\u0119\u0107<\/strong>.<\/li>\n<li><strong>Akumulator:<\/strong> D\u0142ugotrwa\u0142a bateria 650mAh z \u0142adowaniem Type-C.<\/li>\n<li><strong>Du\u017ca Pojemno\u015b\u0107 E-liquidu:<\/strong> <strong>Wst\u0119pnie nape\u0142nione zbiorniki 25 ml<\/strong> do d\u0142ugotrwa\u0142ego u\u017cytkowania.<\/li>\n<li><strong>Opcje st\u0119\u017cenia nikotyny:<\/strong> Wybierz spo\u015br\u00f3d <strong>2% lub 5%<\/strong> poziom\u00f3w nikotyny.<\/li>\n<li><strong>Technologia Mesh Coil:<\/strong> Zapewnia g\u0142adk\u0105 i aromatyczn\u0105 produkcj\u0119 pary.<\/li>\n<li><strong>Regulowany przep\u0142yw powietrza:<\/strong> Dostosuj intensywno\u015b\u0107 pary do swojego stylu.<\/li>\n<li><strong>Przyjazny dla u\u017cytkownika design:<\/strong> System aktywowany wdechem dla \u0142atwego i wygodnego wapowania.<\/li>\n<li><strong>Kompaktowy<\/strong> Stylowy design idealny dla u\u017cytkownik\u00f3w w ruchu.<\/li>\n<li><strong>Inteligentny ekran wy\u015bwietlacza:<\/strong> Aktualizacje w czasie rzeczywistym dotycz\u0105ce \u017cywotno\u015bci baterii i liczby zaci\u0105gni\u0119\u0107.<\/li>\n<\/ol>\n<\/div>\n<\/div>\n<\/div>\n<\/div>\n<h2 class=\"product-title\"><strong>Lista smak\u00f3w Vapsolo Twins 20000<\/strong><\/h2>\n<p>1. Cytryna Limonka<br \/>\n2. Winogronowy L\u00f3d<br \/>\n3. Ananas Kokos<br \/>\n4. Pomara\u0144cza Mango Arbuz<br \/>\n5. Jagodowy L\u00f3d<br \/>\n6. Arbuzowy L\u00f3d<br \/>\n7. Truskawka Banan<br \/>\n8. Truskawka Malina Wi\u015bnia L\u00f3d<br \/>\n9. Niebieska Malina Lemoniada<br \/>\n10.Arbuz z Lodem<br \/>\n11.Potr\u00f3jny Melon<br \/>\n12.Czarny L\u00f3d Smoczy Owoc Truskawka<br \/>\n13.Ananas Kokos<br \/>\n14.Truskawka z Lodem<br \/>\n15.Truskawka Kiwi<br \/>\n16.Potr\u00f3jny Melon<\/p>\n<h3>Dlaczego wybra\u0107 vapestornado do hurtowej sprzeda\u017cy Vapsolo Twins 20k Puff Vape?<\/h3>\n<div class=\"flex-shrink-0 flex flex-col relative items-end\">\n<div class=\"pt-0\">\n<div class=\"gizmo-bot-avatar flex h-8 w-8 items-center justify-center overflow-hidden rounded-full\">\n<div class=\"relative p-1 rounded-sm flex items-center justify-center bg-token-main-surface-primary text-token-text-primary h-8 w-8\">\n<p>Witamy w vapestornado, Twoim zaufanym sklepie internetowym z papierosami elektronicznymi premium. Z ponad 5-letnim do\u015bwiadczeniem, oferujemy popularne marki jednorazowych papieros\u00f3w elektronicznych, takie jak Fumot RandM Vape, <a href=\"https:\/\/vapestornado.com\/pl\/product\/vapme-crystal-7000-puffs-rechargeable-disposable-vape-wholesale-cheap-price\/\">Vapme<\/a>, Bang Vape, Waspe Vape, and WGA Vape, itp.<\/p>\n<p>Nasza oferta obejmuje popularne e-papierosy, takie jak <a href=\"https:\/\/vapestornado.com\/pl\/product\/fumot-randm-tornado-15000-puffs-rechargeable-disposable-vape-wholesale\/\">RandM Tornado 15000<\/a>, oraz bogate w smaku opcje, takie jak <a href=\"https:\/\/vapestornado.com\/pl\/product\/waspe-40000-puffs-double-flavour-led-display-disposable-vape-wholesale\/\">WASPE Podw\u00f3jny Smak 40000 Zaci\u0105gni\u0119\u0107<\/a> . Ka\u017cdy produkt jest wybierany z my\u015bl\u0105 o jako\u015bci, warto\u015bci i r\u00f3\u017cnorodno\u015bci, dzi\u0119ki czemu znajdziesz idealne dopasowanie do swoich potrzeb. Odkryj wyj\u0105tkow\u0105 obs\u0142ug\u0119 i szerok\u0105 gam\u0119 najlepszych produkt\u00f3w w cenach hurtowych na vapestornado.<\/p>\n<\/div>\n<h3><\/h3>\n<div class=\"relative p-1 rounded-sm flex items-center justify-center bg-token-main-surface-primary text-token-text-primary h-8 w-8\">\n<h3>FAQS dla jednorazowego Vapsolo 20k Puff Vape<\/h3>\n<\/div>\n<\/div>\n<\/div>\n<\/div>\n<div class=\"flex-shrink-0 flex flex-col relative items-end\">\n<div class=\"pt-0\">\n<div class=\"gizmo-bot-avatar flex h-8 w-8 items-center justify-center overflow-hidden rounded-full\">\n<div class=\"relative p-1 rounded-sm flex items-center justify-center bg-token-main-surface-primary text-token-text-primary h-8 w-8\">\n<div class=\"mb-2 flex gap-3 empty:hidden -ml-2\">\n<div role=\"article\" data-tabster=\"{&quot;groupper&quot;:{&quot;tabbability&quot;:2},&quot;focusable&quot;:{}}\" data-content=\"ai-message\" aria-labelledby=\"Vdt5ez4X7Tg813x6rFVha-author Vdt5ez4X7Tg813x6rFVha-content\">\n<div id=\"Vdt5ez4X7Tg813x6rFVha-content\">\n<div role=\"article\" data-tabster=\"{&quot;groupper&quot;:{&quot;tabbability&quot;:2},&quot;focusable&quot;:{}}\" data-content=\"ai-message\" aria-labelledby=\"o968oC7CEo2fGHsGdsRYC-author o968oC7CEo2fGHsGdsRYC-content\">\n<div id=\"o968oC7CEo2fGHsGdsRYC-content\">\n<ol>\n<li><strong>Co sprawia, \u017ce Vapsolo Twins 20000 jest wyj\u0105tkowy?<\/strong><br \/>\nCyfrowy ekran <strong>podw\u00f3jny system zbiornika smak\u00f3w<\/strong> pozwala cieszy\u0107 si\u0119 dwoma r\u00f3\u017cnymi smakami w jednym urz\u0105dzeniu, co czyni go niezwykle wszechstronnym.<\/li>\n<li><strong>Ile zaci\u0105gni\u0119\u0107 zapewnia Vapsolo Twins 20000?<\/strong><br \/>\nOferuje imponuj\u0105c\u0105 liczb\u0119 <strong>20 000 zaci\u0105gni\u0119\u0107<\/strong>, co sprawia, \u017ce idealnie nadaje si\u0119 do d\u0142ugotrwa\u0142ego u\u017cytkowania.<\/li>\n<li><strong>Czy Vapsolo Twins mo\u017cna \u0142adowa\u0107?<\/strong><br \/>\nTak, posiada <strong>akumulator o pojemno\u015bci 650 mAh<\/strong> z szybkim \u0142adowaniem Type-C dla wygody.<\/li>\n<li><strong>Jakie s\u0105 dost\u0119pne opcje st\u0119\u017cenia nikotyny?<\/strong><br \/>\nUrz\u0105dzenie jest dost\u0119pne w <strong>2% i 5%<\/strong>, zaspokajaj\u0105c potrzeby zar\u00f3wno pocz\u0105tkuj\u0105cych, jak i zaawansowanych u\u017cytkownik\u00f3w nikotyny.<\/li>\n<li><strong>Czy Vapsolo Twins jest odpowiedni dla pocz\u0105tkuj\u0105cych?<\/strong><br \/>\nAbsolutnie! Jego <strong>system aktywowany zaci\u0105gni\u0119ciem<\/strong> i proste sterowanie u\u0142atwiaj\u0105 obs\u0142ug\u0119 pocz\u0105tkuj\u0105cym, jednocze\u015bnie oferuj\u0105c zaawansowane funkcje dla do\u015bwiadczonych waper\u00f3w.<\/li>\n<\/ol>\n<\/div>\n<\/div>\n<\/div>\n<\/div>\n<p>&nbsp;<\/p>\n<\/div>\n<\/div>\n<\/div>\n<\/div>\n<\/div>\n<div class=\"group\/conversation-turn relative flex w-full min-w-0 flex-col agent-turn\">\n<div class=\"flex-col gap-1 md:gap-3\">\n<div class=\"flex max-w-full flex-col flex-grow\">\n<div class=\"min-h-8 text-message flex w-full flex-col items-end gap-2 whitespace-normal break-words [.text-message+&amp;]:mt-5\" dir=\"auto\" data-message-author-role=\"assistant\" data-message-id=\"db716a1c-9ed0-4b8d-b3b0-7bdb913c3d42\" data-message-model-slug=\"gpt-4o\">\n<div class=\"flex w-full flex-col gap-1 empty:hidden first:pt-[3px]\">\n<div class=\"markdown prose w-full break-words dark:prose-invert light\">\n<p>&nbsp;<\/p>\n<\/div>\n<\/div>\n<\/div>\n<\/div>\n<\/div>\n<\/div>","protected":false},"excerpt":{"rendered":"<p>Vapsolo Twins 20000 Zaci\u0105gni\u0119\u0107 2 w 1 Jednorazowy E-papieros Cena Hurtowa<br \/>\nVapsolo 20000 Podw\u00f3jny Smak \u0141adowalny Jednorazowy E-papieros Gor\u0105ca Sprzeda\u017c<br \/>\nVapsolo Twins 20k 2 Smaki w 1 Jednorazowy E-papieros Cena Zakupu Hurtowego<\/p>\n<p><strong>Dodaj Amy do WhatsAppa, aby uzyska\u0107 szybk\u0105 odpowied\u017a i kupon na vape!<\/strong><\/p>\n<p><img fetchpriority=\"high\" decoding=\"async\" class=\"size-full wp-image-2932\" src=\"https:\/\/vapestornado.com\/wp-content\/uploads\/2024\/12\/Vape-Wholesale.jpg\" alt=\"Hurtowa sprzeda\u017c e-papieros\u00f3w\" width=\"229\" height=\"300\" \/><\/p>\n<h3><a href=\"https:\/\/wa.me\/8617776015835\"><span style=\"color: #ff0000;\"><strong>WhatsApp: +86 17776015835<\/strong><\/span><\/a><\/h3>\n<p>&nbsp;<\/p>","protected":false},"featured_media":3129,"comment_status":"open","ping_status":"closed","template":"","meta":{"_acf_changed":false,"_uag_custom_page_level_css":"","_lmt_disableupdate":"no","_lmt_disable":"","_monsterinsights_skip_tracking":false,"_monsterinsights_sitenote_active":false,"_monsterinsights_sitenote_note":"","_monsterinsights_sitenote_category":0,"site-sidebar-layout":"default","site-content-layout":"","ast-site-content-layout":"default","site-content-style":"default","site-sidebar-style":"default","ast-global-header-display":"","ast-banner-title-visibility":"","ast-main-header-display":"","ast-hfb-above-header-display":"","ast-hfb-below-header-display":"","ast-hfb-mobile-header-display":"","site-post-title":"","ast-breadcrumbs-content":"","ast-featured-img":"","footer-sml-layout":"","ast-disable-related-posts":"","theme-transparent-header-meta":"default","adv-header-id-meta":"","stick-header-meta":"","header-above-stick-meta":"","header-main-stick-meta":"","header-below-stick-meta":"","astra-migrate-meta-layouts":"set","ast-page-background-enabled":"default","ast-page-background-meta":{"desktop":{"background-color":"","background-image":"","background-repeat":"repeat","background-position":"center center","background-size":"auto","background-attachment":"scroll","background-type":"","background-media":"","overlay-type":"","overlay-color":"","overlay-opacity":"","overlay-gradient":""},"tablet":{"background-color":"","background-image":"","background-repeat":"repeat","background-position":"center center","background-size":"auto","background-attachment":"scroll","background-type":"","background-media":"","overlay-type":"","overlay-color":"","overlay-opacity":"","overlay-gradient":""},"mobile":{"background-color":"","background-image":"","background-repeat":"repeat","background-position":"center center","background-size":"auto","background-attachment":"scroll","background-type":"","background-media":"","overlay-type":"","overlay-color":"","overlay-opacity":"","overlay-gradient":""}},"ast-content-background-meta":{"desktop":{"background-color":"var(--ast-global-color-5)","background-image":"","background-repeat":"repeat","background-position":"center center","background-size":"auto","background-attachment":"scroll","background-type":"","background-media":"","overlay-type":"","overlay-color":"","overlay-opacity":"","overlay-gradient":""},"tablet":{"background-color":"var(--ast-global-color-5)","background-image":"","background-repeat":"repeat","background-position":"center center","background-size":"auto","background-attachment":"scroll","background-type":"","background-media":"","overlay-type":"","overlay-color":"","overlay-opacity":"","overlay-gradient":""},"mobile":{"background-color":"var(--ast-global-color-5)","background-image":"","background-repeat":"repeat","background-position":"center center","background-size":"auto","background-attachment":"scroll","background-type":"","background-media":"","overlay-type":"","overlay-color":"","overlay-opacity":"","overlay-gradient":""}},"_joinchat":{"telephone":"+8617776015835"}},"product_brand":[],"product_cat":[69,171],"product_tag":[97,94,139,137,138],"class_list":{"0":"post-3132","1":"product","2":"type-product","3":"status-publish","4":"has-post-thumbnail","6":"product_cat-20000-puff","7":"product_cat-vapsolo-disposable-vapes","8":"product_tag-hot-sale-disposable-vape","9":"product_tag-rechargeable-disposable-vape","10":"product_tag-vapsolo","11":"product_tag-vapsolo-twins-20000","12":"product_tag-vapsolo-twins-20k","13":"desktop-align-left","14":"tablet-align-left","15":"mobile-align-left","17":"first","18":"instock","19":"sale","20":"shipping-taxable","21":"purchasable","22":"product-type-simple"},"acf":[],"uagb_featured_image_src":{"full":["https:\/\/vapestornado.com\/wp-content\/uploads\/2024\/12\/Vapsolo-Twins-EU-Electronic-Cigarette-Wholesale.jpg",1126,1126,false],"thumbnail":["https:\/\/vapestornado.com\/wp-content\/uploads\/2024\/12\/Vapsolo-Twins-EU-Electronic-Cigarette-Wholesale-150x150.jpg",150,150,true],"medium":["https:\/\/vapestornado.com\/wp-content\/uploads\/2024\/12\/Vapsolo-Twins-EU-Electronic-Cigarette-Wholesale-300x300.jpg",300,300,true],"medium_large":["https:\/\/vapestornado.com\/wp-content\/uploads\/2024\/12\/Vapsolo-Twins-EU-Electronic-Cigarette-Wholesale-768x768.jpg",768,768,true],"large":["https:\/\/vapestornado.com\/wp-content\/uploads\/2024\/12\/Vapsolo-Twins-EU-Electronic-Cigarette-Wholesale-1024x1024.jpg",1024,1024,true],"1536x1536":["https:\/\/vapestornado.com\/wp-content\/uploads\/2024\/12\/Vapsolo-Twins-EU-Electronic-Cigarette-Wholesale.jpg",1126,1126,false],"2048x2048":["https:\/\/vapestornado.com\/wp-content\/uploads\/2024\/12\/Vapsolo-Twins-EU-Electronic-Cigarette-Wholesale.jpg",1126,1126,false],"trp-custom-language-flag":["https:\/\/vapestornado.com\/wp-content\/uploads\/2024\/12\/Vapsolo-Twins-EU-Electronic-Cigarette-Wholesale.jpg",12,12,false],"woocommerce_thumbnail":["https:\/\/vapestornado.com\/wp-content\/uploads\/2024\/12\/Vapsolo-Twins-EU-Electronic-Cigarette-Wholesale-300x300.jpg",300,300,true],"woocommerce_single":["https:\/\/vapestornado.com\/wp-content\/uploads\/2024\/12\/Vapsolo-Twins-EU-Electronic-Cigarette-Wholesale-600x600.jpg",600,600,true],"woocommerce_gallery_thumbnail":["https:\/\/vapestornado.com\/wp-content\/uploads\/2024\/12\/Vapsolo-Twins-EU-Electronic-Cigarette-Wholesale-100x100.jpg",100,100,true]},"uagb_author_info":{"display_name":"ESAMY","author_link":"https:\/\/vapestornado.com\/pl\/author\/"},"uagb_comment_info":0,"uagb_excerpt":"Vapsolo Twins 20000 Puffs 2 in 1 Disposable Vape Wholesale Price Vapsolo 20000 Double Flavour Rechargeable Disposable Vape Hot Sale Vapsolo Twins 20k 2 Flavour in 1 Disposable Vape Bulk Buy Price Add Amy's whatsapp get right reply and vape vape coupon! WhatsApp: +86 17776015835 &nbsp;","_links":{"self":[{"href":"https:\/\/vapestornado.com\/pl\/wp-json\/wp\/v2\/product\/3132","targetHints":{"allow":["GET"]}}],"collection":[{"href":"https:\/\/vapestornado.com\/pl\/wp-json\/wp\/v2\/product"}],"about":[{"href":"https:\/\/vapestornado.com\/pl\/wp-json\/wp\/v2\/types\/product"}],"replies":[{"embeddable":true,"href":"https:\/\/vapestornado.com\/pl\/wp-json\/wp\/v2\/comments?post=3132"}],"wp:featuredmedia":[{"embeddable":true,"href":"https:\/\/vapestornado.com\/pl\/wp-json\/wp\/v2\/media\/3129"}],"wp:attachment":[{"href":"https:\/\/vapestornado.com\/pl\/wp-json\/wp\/v2\/media?parent=3132"}],"wp:term":[{"taxonomy":"product_brand","embeddable":true,"href":"https:\/\/vapestornado.com\/pl\/wp-json\/wp\/v2\/product_brand?post=3132"},{"taxonomy":"product_cat","embeddable":true,"href":"https:\/\/vapestornado.com\/pl\/wp-json\/wp\/v2\/product_cat?post=3132"},{"taxonomy":"product_tag","embeddable":true,"href":"https:\/\/vapestornado.com\/pl\/wp-json\/wp\/v2\/product_tag?post=3132"}],"curies":[{"name":"wp","href":"https:\/\/api.w.org\/{rel}","templated":true}]}}