{"id":3107,"date":"2024-12-13T02:59:26","date_gmt":"2024-12-13T02:59:26","guid":{"rendered":"https:\/\/vapestornado.com\/?post_type=product&#038;p=3107"},"modified":"2025-08-22T10:31:24","modified_gmt":"2025-08-22T10:31:24","slug":"randm-tornado-music-30000-puffs-fumot-bulk-sale-disposable","status":"publish","type":"product","link":"https:\/\/vapestornado.com\/pl\/product\/randm-tornado-music-30000-puffs-fumot-bulk-sale-disposable\/","title":{"rendered":"Randm Tornado Music 30000 Fumot Sprzeda\u017c hurtowa Jednorazowy Vape"},"content":{"rendered":"<h1>Randm Tornado Music 30000 Puffs Fumot Hurtowa Sprzeda\u017c Jednorazowy E-papieros<\/h1>\n<p data-start=\"293\" data-end=\"626\">Cyfrowy ekran <strong data-start=\"297\" data-end=\"364\">Randm Tornado Music 30000 Puffs Fumot Hurtowa Sprzeda\u017c Jednorazowy E-papieros<\/strong> zosta\u0142 zaprojektowany dla vaper\u00f3w, kt\u00f3rzy chc\u0105 d\u0142ugotrwa\u0142ej wydajno\u015bci i wygody. Z imponuj\u0105c\u0105 <strong data-start=\"458\" data-end=\"482\">Pojemno\u015b\u0107 30 000 zaci\u0105gni\u0119\u0107<\/strong>, a <strong data-start=\"486\" data-end=\"517\">akumulator 600 mAh<\/strong>, i zaawansowan\u0105 <strong data-start=\"532\" data-end=\"569\">technologi\u0105 przep\u0142ywu powietrza z grza\u0142k\u0105 siatkow\u0105 1.0\u03a9<\/strong>, dostarcza g\u0142adk\u0105, sp\u00f3jn\u0105 par\u0119 przy ka\u017cdym zaci\u0105gni\u0119ciu.<\/p>\n<p data-start=\"628\" data-end=\"848\">Kompaktowy i stylowy, Tornado Music 30K jest \u0142atwy do przenoszenia i idealny do ca\u0142odziennego wapowania. Wst\u0119pnie nape\u0142niony szerok\u0105 gam\u0105 <strong data-start=\"750\" data-end=\"771\">30 unikalnych smak\u00f3w<\/strong>, oferuje co\u015b dla ka\u017cdego smaku \u2014 od owocowych po lodowe mieszanki.<\/p>\n<p data-start=\"850\" data-end=\"1048\">Dla hurtownik\u00f3w i detalist\u00f3w <strong data-start=\"885\" data-end=\"920\">Fumot Randm 30k Jednorazowy E-papieros<\/strong> \u0142\u0105czy wysok\u0105 pojemno\u015b\u0107, siln\u0105 rozpoznawalno\u015b\u0107 marki i warto\u015b\u0107 sprzeda\u017cy hurtowej, co czyni go zyskownym wyborem na rynek polski.<\/p>\n<p><img fetchpriority=\"high\" decoding=\"async\" class=\"wp-image-3114 alignleft\" src=\"https:\/\/vapestornado.com\/wp-content\/uploads\/2024\/12\/Randm-tornado-vape-30000-puffs.jpg\" alt=\"Jednorazowy e-papieros Randm tornado 30000 zaci\u0105gni\u0119\u0107 cena hurtowa\" width=\"559\" height=\"559\" srcset=\"https:\/\/vapestornado.com\/wp-content\/uploads\/2024\/12\/Randm-tornado-vape-30000-puffs.jpg 800w, https:\/\/vapestornado.com\/wp-content\/uploads\/2024\/12\/Randm-tornado-vape-30000-puffs-300x300.jpg 300w, https:\/\/vapestornado.com\/wp-content\/uploads\/2024\/12\/Randm-tornado-vape-30000-puffs-150x150.jpg 150w, https:\/\/vapestornado.com\/wp-content\/uploads\/2024\/12\/Randm-tornado-vape-30000-puffs-768x768.jpg 768w, https:\/\/vapestornado.com\/wp-content\/uploads\/2024\/12\/Randm-tornado-vape-30000-puffs-600x600.jpg 600w, https:\/\/vapestornado.com\/wp-content\/uploads\/2024\/12\/Randm-tornado-vape-30000-puffs-100x100.jpg 100w\" sizes=\"(max-width: 559px) 100vw, 559px\" \/><\/p>\n<p style=\"padding-left: 40px;\">\u00a0<img decoding=\"async\" class=\"wp-image-3124 alignleft\" src=\"https:\/\/vapestornado.com\/wp-content\/uploads\/2024\/12\/LYN-whatsapp-846x1024.jpg\" alt=\"LYN whatsapp\" width=\"290\" height=\"351\" srcset=\"https:\/\/vapestornado.com\/wp-content\/uploads\/2024\/12\/LYN-whatsapp-846x1024.jpg 846w, https:\/\/vapestornado.com\/wp-content\/uploads\/2024\/12\/LYN-whatsapp-248x300.jpg 248w, https:\/\/vapestornado.com\/wp-content\/uploads\/2024\/12\/LYN-whatsapp-768x930.jpg 768w, https:\/\/vapestornado.com\/wp-content\/uploads\/2024\/12\/LYN-whatsapp-600x726.jpg 600w, https:\/\/vapestornado.com\/wp-content\/uploads\/2024\/12\/LYN-whatsapp.jpg 1046w\" sizes=\"(max-width: 290px) 100vw, 290px\" \/><\/p>\n<p><em><strong><span style=\"color: #ff0000;\">Skontaktuj si\u0119 ze mn\u0105, skanuj\u0105c ten kod, aby dowiedzie\u0107 si\u0119 wi\u0119cej o zaci\u0105gni\u0119ciach<\/span><\/strong><\/em><\/p>\n<p><em><strong>Whatsapp\uff1a<a href=\"https:\/\/wa.me\/8617840853976\" target=\"_blank\" rel=\"noopener\">+86178 4085 3976<\/a><\/strong><\/em><\/p>\n<p>&nbsp;<\/p>\n<h2><\/h2>\n<h2><strong>Najwa\u017cniejsze cechy produktu 30k Music Fumot Vape.<br \/>\n<\/strong><\/h2>\n<p>(1) bateria\uff1a<span style=\"color: #ff0000;\">600mAh<\/span> \u0142adowalna, aby zapewni\u0107 d\u0142ugotrwa\u0142\u0105 moc.<\/p>\n<p>(2) Nikotyna\uff1azapewnia <span style=\"color: #ff0000;\">2%\/5% nikotyny<\/span> do wyboru dla r\u00f3\u017cnych u\u017cytkownik\u00f3w.<\/p>\n<p>(3) Zaci\u0105gni\u0119cia: oferuje<span style=\"color: #ff0000;\">30000 zaci\u0105gni\u0119\u0107<\/span>, mo\u017ce by\u0107 u\u017cywany przez d\u0142ugi czas i bez potrzeby cz\u0119stej wymiany.<\/p>\n<p>(4) <span style=\"color: #ff0000;\">30 smak\u00f3w<\/span>: mo\u017cna wybra\u0107 wi\u0119cej smak\u00f3w, a przy 50 sztukach mo\u017cna wybra\u0107 co najmniej 5 smak\u00f3w.<\/p>\n<p>(5) Port \u0142adowania:<span style=\"color: #ff0000;\">Typ-C<\/span> interfejs szybkiego \u0142adowania, obs\u0142uguje funkcj\u0119 \u0142adowania.<\/p>\n<p>(6) <span style=\"color: #ff0000;\">\u015awiat\u0142o muzyczne<\/span>: \u015awiat\u0142o Randm 30k b\u0119dzie zmienia\u0107 si\u0119 synchronicznie z muzyk\u0105 podczas u\u017cywania, tworz\u0105c ulepszone wra\u017cenia z vapowania.<\/p>\n<h2><strong>Jakie smaki s\u0105 dost\u0119pne w jednorazowym waporyzatorze 30k Fumot?<br \/>\n<\/strong><\/h2>\n<p><em><span style=\"color: #000000;\"><strong>1. Bananowy l\u00f3d: <\/strong><\/span><\/em>G\u0142adka mieszanka dojrza\u0142ych banan\u00f3w z orze\u017awiaj\u0105cym, lodowym wyko\u0144czeniem.<br \/>\n<span style=\"color: #000000;\"><strong><em>2. Czarny l\u00f3d:<\/em> <\/strong><\/span>Wyrazista czarna porzeczka z ch\u0142odn\u0105 nut\u0105 mentolu.<br \/>\n<em><strong><span style=\"color: #000000;\">3. Niebieski Razz Ice:<\/span> <\/strong><\/em>S\u0142odka i kwa\u015bna niebieska malina z mro\u017anym kopni\u0119ciem.<br \/>\n<em><strong><span style=\"color: #000000;\">4. Bor\u00f3wka na lodzie:<\/span><\/strong> <\/em>Soczyste bor\u00f3wki w po\u0142\u0105czeniu z ch\u0142odnym powiewem mentolu.<br \/>\n<em><strong><span style=\"color: #000000;\">5. Bor\u00f3wka Malina:<\/span><\/strong><\/em> Cudowne po\u0142\u0105czenie s\u0142odkich jag\u00f3d i cierpkich malin.<br \/>\n<em><strong><span style=\"color: #000000;\">6. Jagoda Kwa\u015bna Malina:<\/span> <\/strong><\/em>Jagody i maliny z nut\u0105 kwa\u015bno\u015bci.<br \/>\n<em><strong><span style=\"color: #000000;\">7. Wi\u015bnia L\u00f3d:<\/span> <\/strong><\/em>S\u0142odkie wi\u015bnie z orze\u017awiaj\u0105cym, lodowym akcentem.<br \/>\n<em><strong><span style=\"color: #000000;\">8. Wi\u015bnia Cola:<\/span> <\/strong><\/em>Klasyczny smak coli z nut\u0105 wi\u015bni.<br \/>\n<em><strong><span style=\"color: #000000;\">9. Cola L\u00f3d:<\/span> <\/strong><\/em>Musuj\u0105ca cola z ch\u0142odnym, mentolowym wyko\u0144czeniem.<br \/>\n<em><strong><span style=\"color: #000000;\">10. Ch\u0142odna Mi\u0119ta:<\/span><\/strong> <\/em>Chrupi\u0105cy i orze\u017awiaj\u0105cy smak mi\u0119ty.<br \/>\n<em><strong><span style=\"color: #000000;\">11. Podw\u00f3jne Jab\u0142ko:<\/span><\/strong> <\/em>Mieszanka s\u0142odkich i cierpkich jab\u0142ek.<br \/>\n<em><strong><span style=\"color: #000000;\">12. Dr Blue:<\/span><\/strong> <\/em>Tajemnicza mieszanka jag\u00f3d z ch\u0142odnym finiszem.<br \/>\n<em><strong><span style=\"color: #000000;\">13. Lodowe Winogrono:<\/span> <\/strong><\/em>S\u0142odkie winogrona z mro\u017anym, mentolowym akcentem.<br \/>\n<em><strong><span style=\"color: #000000;\">14. Lody Na Patyku:<\/span> <\/strong><\/em>Nostalgiczna mieszanka owocowych smak\u00f3w lod\u00f3w na patyku.<br \/>\n<em><strong><span style=\"color: #000000;\">15. Kiwi Marakuja Guawa:<\/span><\/strong> <\/em>Egzotyczna mieszanka kiwi, marakui i guawy.<br \/>\n<em><strong><span style=\"color: #000000;\">16. Love 66:<\/span> <\/strong><\/em>Wyj\u0105tkowa mieszanka owoc\u00f3w tropikalnych z nut\u0105 mentolu.<br \/>\n<em><strong><span style=\"color: #000000;\">17. Soczysty L\u00f3d:<\/span><\/strong> <\/em>Arbuz z orze\u017awiaj\u0105cym, lodowym finiszem.<br \/>\n<em><strong><span style=\"color: #000000;\">18. Mieszanka Jag\u00f3d:<\/span><\/strong><\/em> Kompozycja r\u00f3\u017cnych jag\u00f3d.<br \/>\n<em><strong><span style=\"color: #000000;\">19. Brzoskwiniowa Jagoda:<\/span> <\/strong><\/em>Soczyste brzoskwinie z jagodowym akcentem.<br \/>\n<em><strong><span style=\"color: #000000;\">20. Lodowa Brzoskwinia:<\/span> <\/strong><\/em>S\u0142odkie brzoskwinie z ch\u0142odnym, mentolowym wyko\u0144czeniem.<br \/>\n<em><strong><span style=\"color: #000000;\">21. Brzoskwiniowe Mango Ananas:<\/span><\/strong> <\/em>Tropikalna mieszanka brzoskwini, mango i ananasa.<br \/>\n<em><strong><span style=\"color: #000000;\">22. Ananasowy L\u00f3d:<\/span> <\/strong><\/em>S\u0142odki i ostry ananas z mro\u017anym akcentem.<br \/>\n<em><strong><span style=\"color: #000000;\">23. R\u00f3\u017cowa Lemoniada:<\/span> <\/strong><\/em>Ostra lemoniada z nut\u0105 jag\u00f3d.<br \/>\n<em><strong><span style=\"color: #000000;\">24. Skittles:<\/span> <\/strong><\/em>T\u0119cza owocowych smak\u00f3w.<br \/>\n<em><strong><span style=\"color: #000000;\">25. Truskawka Banan:<\/span> <\/strong><\/em>Klasyczna mieszanka s\u0142odkich truskawek i kremowych banan\u00f3w.<br \/>\n<em><strong><span style=\"color: #000000;\">26. Truskawka Winogrono:<\/span><\/strong> <\/em>S\u0142odkie truskawki w po\u0142\u0105czeniu z soczystymi winogronami.<br \/>\n<em><strong><span style=\"color: #000000;\">27. Truskawkowy L\u00f3d:<\/span><\/strong> <\/em>\u015awie\u017ce truskawki z ch\u0142odnym, mentolowym wyko\u0144czeniem.<br \/>\n<em><strong><span style=\"color: #000000;\">28. Truskawka Arbuz:<\/span> <\/strong><\/em>Orze\u017awiaj\u0105ca mieszanka truskawek i arbuza.<br \/>\n<em><strong><span style=\"color: #000000;\">29. Potr\u00f3jne Mango:<\/span> <\/strong><\/em>Intensywny smak mango o potr\u00f3jnej mocy.<br \/>\n<em><strong><span style=\"color: #000000;\">30. Vimto:<\/span> <\/strong><\/em>Unikalna mieszanka owoc\u00f3w inspirowana klasycznym napojem.<\/p>\n<div class=\"flex-shrink-0 flex flex-col relative items-end\">\n<div class=\"pt-0\">\n<div class=\"gizmo-bot-avatar flex h-8 w-8 items-center justify-center overflow-hidden rounded-full\">\n<div class=\"relative p-1 rounded-sm flex items-center justify-center bg-token-main-surface-primary text-token-text-primary h-8 w-8\">\n<h2><strong>FAQ:<\/strong><\/h2>\n<h4>P: Dlaczego wybra\u0107 jednorazowy e-papieros Fumot RANDM Tornado 30000 puffs?<\/h4>\n<p><span style=\"color: #000000;\"><b>A\uff1a<\/b><\/span>Wybierz Fumot RANDM Tornado 30000 Puffs, aby cieszy\u0107 si\u0119 d\u0142ugotrwa\u0142ym, aromatycznym i bezproblemowym wapowaniem. Idealny do zakup\u00f3w hurtowych.<\/p>\n<h4>P: Jaka jest minimalna ilo\u015b\u0107 zam\u00f3wienia hurtowego jednorazowego e-papierosa Fumot 30k?<\/h4>\n<p><span style=\"color: #000000;\"><b>A\uff1a<\/b><\/span>Minimalne zam\u00f3wienie jednorazowego e-papierosa Fumot 30k Tornado Music wynosi 50 sztuk, im wi\u0119ksza ilo\u015b\u0107, tym lepsz\u0105 cen\u0119 otrzymasz.<\/p>\n<h4>P: Czy rabat ro\u015bnie wraz z liczb\u0105 zam\u00f3wie\u0144?<\/h4>\n<p><span style=\"color: #000000;\"><b>A\uff1a<\/b>Oferujemy ju\u017c bardzo niskie ceny, ale cena nie b\u0119dzie spada\u0107 wraz ze wzrostem ilo\u015bci zam\u00f3wienia. Postaramy si\u0119 jednak uzyska\u0107 dla Ciebie pr\u00f3bk\u0119. Mamy nadziej\u0119, \u017ce zapewni Ci to dobre do\u015bwiadczenie.<\/span><\/p>\n<h4>P: Czy mo\u017cna samodzielnie \u015bledzi\u0107 paczk\u0119?<\/h4>\n<p><strong><span style=\"color: #000000;\"><b>A\uff1a<\/b><\/span><\/strong><span style=\"color: #000000;\">Tak, po wys\u0142aniu paczki, wy\u015blemy Ci numer \u015bledzenia <\/span><span style=\"color: #000000;\">aby\u015b m\u00f3g\u0142 sprawdzi\u0107 jej status. Dodatkowo, b\u0119dziemy monitorowa\u0107 przesy\u0142k\u0119, a\u017c j\u0105 otrzymasz, gwarantuj\u0105c Ci aktualizacje przez ca\u0142y proces.<\/span><\/p>\n<p>inne e-papierosy, kt\u00f3re mog\u0105 Ci si\u0119 spodoba\u0107<br \/>\n<a href=\"https:\/\/vapestornado.com\/pl\/product-category\/30000-puff\/\">30000 zaci\u0105gni\u0119\u0107 e-papieros<\/a><\/p>\n<\/div>\n<\/div>\n<\/div>\n<\/div>","protected":false},"excerpt":{"rendered":"<p><em><strong>Randm 30k jednorazowy e-papieros muzyczny, kt\u00f3ry oferuje 30 000 zaci\u0105gni\u0119\u0107 i 30 smak\u00f3w do wyboru.\u00a0 <\/strong><\/em><\/p>\n<p><em><strong>W e-papierosach Fumot 30k mamy do wyboru poziom nikotyny 2% lub 5%. Poza tym, prowadzimy sprzeda\u017c hurtow\u0105 i oferujemy najlepsz\u0105 obs\u0142ug\u0119.<\/strong><\/em><\/p>\n<figure id=\"attachment_3124\" aria-describedby=\"caption-attachment-3124\" style=\"width: 248px\" class=\"wp-caption alignleft\"><img decoding=\"async\" class=\"size-medium wp-image-3124\" src=\"https:\/\/vapestornado.com\/wp-content\/uploads\/2024\/12\/LYN-whatsapp-248x300.jpg\" alt=\"LYN whatsapp\" width=\"248\" height=\"300\" srcset=\"https:\/\/vapestornado.com\/wp-content\/uploads\/2024\/12\/LYN-whatsapp-248x300.jpg 248w, https:\/\/vapestornado.com\/wp-content\/uploads\/2024\/12\/LYN-whatsapp-846x1024.jpg 846w, https:\/\/vapestornado.com\/wp-content\/uploads\/2024\/12\/LYN-whatsapp-768x930.jpg 768w, https:\/\/vapestornado.com\/wp-content\/uploads\/2024\/12\/LYN-whatsapp-600x726.jpg 600w, https:\/\/vapestornado.com\/wp-content\/uploads\/2024\/12\/LYN-whatsapp.jpg 1046w\" sizes=\"(max-width: 248px) 100vw, 248px\" \/><figcaption id=\"caption-attachment-3124\" class=\"wp-caption-text\"><a href=\"https:\/\/wa.me\/8617840853976\"><em><strong>Skontaktuj si\u0119 z Lyn, aby dowiedzie\u0107 si\u0119 wi\u0119cej o zaci\u0105gni\u0119ciach<\/strong><\/em><\/a><\/figcaption><\/figure>","protected":false},"featured_media":3109,"comment_status":"open","ping_status":"closed","template":"","meta":{"_acf_changed":false,"_uag_custom_page_level_css":"","_lmt_disableupdate":"no","_lmt_disable":"","_monsterinsights_skip_tracking":false,"_monsterinsights_sitenote_active":false,"_monsterinsights_sitenote_note":"","_monsterinsights_sitenote_category":0,"site-sidebar-layout":"default","site-content-layout":"","ast-site-content-layout":"default","site-content-style":"default","site-sidebar-style":"default","ast-global-header-display":"","ast-banner-title-visibility":"","ast-main-header-display":"","ast-hfb-above-header-display":"","ast-hfb-below-header-display":"","ast-hfb-mobile-header-display":"","site-post-title":"","ast-breadcrumbs-content":"","ast-featured-img":"","footer-sml-layout":"","ast-disable-related-posts":"","theme-transparent-header-meta":"default","adv-header-id-meta":"","stick-header-meta":"","header-above-stick-meta":"","header-main-stick-meta":"","header-below-stick-meta":"","astra-migrate-meta-layouts":"set","ast-page-background-enabled":"default","ast-page-background-meta":{"desktop":{"background-color":"","background-image":"","background-repeat":"repeat","background-position":"center center","background-size":"auto","background-attachment":"scroll","background-type":"","background-media":"","overlay-type":"","overlay-color":"","overlay-opacity":"","overlay-gradient":""},"tablet":{"background-color":"","background-image":"","background-repeat":"repeat","background-position":"center center","background-size":"auto","background-attachment":"scroll","background-type":"","background-media":"","overlay-type":"","overlay-color":"","overlay-opacity":"","overlay-gradient":""},"mobile":{"background-color":"","background-image":"","background-repeat":"repeat","background-position":"center center","background-size":"auto","background-attachment":"scroll","background-type":"","background-media":"","overlay-type":"","overlay-color":"","overlay-opacity":"","overlay-gradient":""}},"ast-content-background-meta":{"desktop":{"background-color":"var(--ast-global-color-5)","background-image":"","background-repeat":"repeat","background-position":"center center","background-size":"auto","background-attachment":"scroll","background-type":"","background-media":"","overlay-type":"","overlay-color":"","overlay-opacity":"","overlay-gradient":""},"tablet":{"background-color":"var(--ast-global-color-5)","background-image":"","background-repeat":"repeat","background-position":"center center","background-size":"auto","background-attachment":"scroll","background-type":"","background-media":"","overlay-type":"","overlay-color":"","overlay-opacity":"","overlay-gradient":""},"mobile":{"background-color":"var(--ast-global-color-5)","background-image":"","background-repeat":"repeat","background-position":"center center","background-size":"auto","background-attachment":"scroll","background-type":"","background-media":"","overlay-type":"","overlay-color":"","overlay-opacity":"","overlay-gradient":""}},"_joinchat":{"telephone":"17776015835"}},"product_brand":[],"product_cat":[19,67,58],"product_tag":[83,125,124,126,78,114],"class_list":{"0":"post-3107","1":"product","2":"type-product","3":"status-publish","4":"has-post-thumbnail","6":"product_cat-vapes","7":"product_cat-30000-puff","8":"product_cat-fumot-vape","9":"product_tag-fumot-vape","10":"product_tag-randm-30000","11":"product_tag-randm-tornado-30000","12":"product_tag-randm-tornado-30k","13":"product_tag-randm-vape","14":"product_tag-tornado-vape","15":"desktop-align-left","16":"tablet-align-left","17":"mobile-align-left","19":"first","20":"instock","21":"sale","22":"shipping-taxable","23":"purchasable","24":"product-type-simple"},"acf":[],"uagb_featured_image_src":{"full":["https:\/\/vapestornado.com\/wp-content\/uploads\/2024\/12\/Randm-disposable-vape-30k-puffs.jpg",800,800,false],"thumbnail":["https:\/\/vapestornado.com\/wp-content\/uploads\/2024\/12\/Randm-disposable-vape-30k-puffs-150x150.jpg",150,150,true],"medium":["https:\/\/vapestornado.com\/wp-content\/uploads\/2024\/12\/Randm-disposable-vape-30k-puffs-300x300.jpg",300,300,true],"medium_large":["https:\/\/vapestornado.com\/wp-content\/uploads\/2024\/12\/Randm-disposable-vape-30k-puffs-768x768.jpg",768,768,true],"large":["https:\/\/vapestornado.com\/wp-content\/uploads\/2024\/12\/Randm-disposable-vape-30k-puffs.jpg",800,800,false],"1536x1536":["https:\/\/vapestornado.com\/wp-content\/uploads\/2024\/12\/Randm-disposable-vape-30k-puffs.jpg",800,800,false],"2048x2048":["https:\/\/vapestornado.com\/wp-content\/uploads\/2024\/12\/Randm-disposable-vape-30k-puffs.jpg",800,800,false],"trp-custom-language-flag":["https:\/\/vapestornado.com\/wp-content\/uploads\/2024\/12\/Randm-disposable-vape-30k-puffs.jpg",12,12,false],"woocommerce_thumbnail":["https:\/\/vapestornado.com\/wp-content\/uploads\/2024\/12\/Randm-disposable-vape-30k-puffs-300x300.jpg",300,300,true],"woocommerce_single":["https:\/\/vapestornado.com\/wp-content\/uploads\/2024\/12\/Randm-disposable-vape-30k-puffs-600x600.jpg",600,600,true],"woocommerce_gallery_thumbnail":["https:\/\/vapestornado.com\/wp-content\/uploads\/2024\/12\/Randm-disposable-vape-30k-puffs-100x100.jpg",100,100,true]},"uagb_author_info":{"display_name":"ESLYN","author_link":"https:\/\/vapestornado.com\/pl\/author\/"},"uagb_comment_info":0,"uagb_excerpt":"Randm 30k disaposable music vape that can offer 30,000 puffs and 30 flavors to choose.\u00a0 We have 2% or 5% Nicotine level can be choose in Fumot 30k vapes. Beside,we are sale Bulk price and have best service. [caption id=\"attachment_3124\" align=\"alignleft\" width=\"248\"] Contact Lyn to know more about puffs[\/caption]","_links":{"self":[{"href":"https:\/\/vapestornado.com\/pl\/wp-json\/wp\/v2\/product\/3107","targetHints":{"allow":["GET"]}}],"collection":[{"href":"https:\/\/vapestornado.com\/pl\/wp-json\/wp\/v2\/product"}],"about":[{"href":"https:\/\/vapestornado.com\/pl\/wp-json\/wp\/v2\/types\/product"}],"replies":[{"embeddable":true,"href":"https:\/\/vapestornado.com\/pl\/wp-json\/wp\/v2\/comments?post=3107"}],"wp:featuredmedia":[{"embeddable":true,"href":"https:\/\/vapestornado.com\/pl\/wp-json\/wp\/v2\/media\/3109"}],"wp:attachment":[{"href":"https:\/\/vapestornado.com\/pl\/wp-json\/wp\/v2\/media?parent=3107"}],"wp:term":[{"taxonomy":"product_brand","embeddable":true,"href":"https:\/\/vapestornado.com\/pl\/wp-json\/wp\/v2\/product_brand?post=3107"},{"taxonomy":"product_cat","embeddable":true,"href":"https:\/\/vapestornado.com\/pl\/wp-json\/wp\/v2\/product_cat?post=3107"},{"taxonomy":"product_tag","embeddable":true,"href":"https:\/\/vapestornado.com\/pl\/wp-json\/wp\/v2\/product_tag?post=3107"}],"curies":[{"name":"wp","href":"https:\/\/api.w.org\/{rel}","templated":true}]}}