{"id":3103,"date":"2024-12-12T09:36:42","date_gmt":"2024-12-12T09:36:42","guid":{"rendered":"https:\/\/vapestornado.com\/?post_type=product&#038;p=3103"},"modified":"2025-08-23T11:16:54","modified_gmt":"2025-08-23T11:16:54","slug":"randm-tornado-7k-puffs-hot-sale-rechargeable-vape","status":"publish","type":"product","link":"https:\/\/vapestornado.com\/pl\/product\/randm-tornado-7k-puffs-hot-sale-rechargeable-vape\/","title":{"rendered":"Randm Tornado 7k Puffs Gor\u0105ca Wyprzeda\u017c Vape z Mo\u017cliwo\u015bci\u0105 \u0141adowania"},"content":{"rendered":"<h1>Randm Tornado 7k Puffs Gor\u0105ca Wyprzeda\u017c Vape z Mo\u017cliwo\u015bci\u0105 \u0141adowania<\/h1>\n<p>&nbsp;<\/p>\n<div role=\"article\" data-tabster=\"{&quot;groupper&quot;:{&quot;tabbability&quot;:2},&quot;focusable&quot;:{}}\" data-content=\"ai-message\" aria-labelledby=\"64JRvXrTnY7mRmPkEQLLT-author 64JRvXrTnY7mRmPkEQLLT-content\">\n<div id=\"64JRvXrTnY7mRmPkEQLLT-content\">\n<p>Podnie\u015b jako\u015b\u0107 swojego vapingu dzi\u0119ki Randm Tornado 7000 Puffs Wst\u0119pnie nape\u0142nionemu, \u0142adowalnemu vape, szczytowi luksusu i wydajno\u015bci. To wysokiej klasy urz\u0105dzenie mo\u017ce pochwali\u0107 si\u0119 niezwyk\u0142\u0105 pojemno\u015bci\u0105 zbiornika 15 ml, zapewniaj\u0105c przed\u0142u\u017con\u0105 przyjemno\u015b\u0107 z vapingu bez ci\u0105g\u0142ej potrzeby uzupe\u0142niania. Solidna bateria 850 mAh zapewnia p\u0142ynne, nieprzerwane u\u017cytkowanie, dzi\u0119ki czemu jest niezawodnym towarzyszem w domu i w podr\u00f3\u017cy.<\/p>\n<p>Jedn\u0105 z wyr\u00f3\u017cniaj\u0105cych si\u0119 cech RandM Vape Tornado 7000 jest jego wszechstronno\u015b\u0107 w zakresie e-liquid\u00f3w. Pozwala to na odkrywanie r\u00f3\u017cnorodnej gamy smak\u00f3w, od orze\u017awiaj\u0105cych mieszanek owocowych po bogaty, satysfakcjonuj\u0105cy tyto\u0144. Spersonalizuj swoj\u0105 podr\u00f3\u017c z vapingiem, aby dopasowa\u0107 j\u0105 do swojego wyrafinowanego podniebienia, zapewniaj\u0105c, \u017ce ka\u017cdy wdech b\u0119dzie wyj\u0105tkowym do\u015bwiadczeniem.<\/p>\n<p>Zaawansowana technologia siatkowej grza\u0142ki wbudowana w RandM Tornado 7k puffs maksymalizuje smak i produkcj\u0119 pary, przekszta\u0142caj\u0105c ka\u017cdy wdech w wykwintne doznanie smakowe. Przyjazna dla u\u017cytkownika konstrukcja, w po\u0142\u0105czeniu z wygodnym systemem \u0142adowania USB-C, sprawia, \u017ce urz\u0105dzenie jest r\u00f3wnie praktyczne, co wydajne.<\/p>\n<p>Dla tych, kt\u00f3rzy wymagaj\u0105 najlepszej jako\u015bci i wydajno\u015bci, jednorazowy vape RandM Tornado 7000 jest najlepszym wyborem. Jego po\u0142\u0105czenie doskona\u0142ej konstrukcji, innowacyjnych funkcji i wszechstronno\u015bci smak\u00f3w wyznacza nowy standard w luksusowym vapingu. Poczuj r\u00f3\u017cnic\u0119 dzi\u0119ki urz\u0105dzeniu zaprojektowanemu dla koneser\u00f3w, kt\u00f3rzy ceni\u0105 sobie lepsze rzeczy w \u017cyciu.<\/p>\n<\/div>\n<\/div>\n<p>&nbsp;<\/p>\n<p><img fetchpriority=\"high\" decoding=\"async\" class=\"wp-image-2951\" src=\"https:\/\/vapestornado.com\/wp-content\/uploads\/2024\/12\/Wholesale-Disposable-Vape-265x300.jpg\" alt=\"Hurtownia jednorazowych vape\" width=\"295\" height=\"334\" srcset=\"https:\/\/vapestornado.com\/wp-content\/uploads\/2024\/12\/Wholesale-Disposable-Vape-265x300.jpg 265w, https:\/\/vapestornado.com\/wp-content\/uploads\/2024\/12\/Wholesale-Disposable-Vape-768x871.jpg 768w, https:\/\/vapestornado.com\/wp-content\/uploads\/2024\/12\/Wholesale-Disposable-Vape-600x680.jpg 600w, https:\/\/vapestornado.com\/wp-content\/uploads\/2024\/12\/Wholesale-Disposable-Vape.jpg 823w\" sizes=\"(max-width: 295px) 100vw, 295px\" \/><\/p>\n<h6>Skontaktuj si\u0119 z Mandy przez WhatsApp, aby uzyska\u0107 cen\u0119 promocyjn\u0105<a href=\"https:\/\/wa.me\/8618077105796\" target=\"_blank\" rel=\"noopener\">+8618077105796<\/a><\/h6>\n<h2><strong>Randm Vape 7000 Puffs \u2013 Kluczowe Specyfikacje<\/strong><\/h2>\n<ul>\n<li><strong>Pojemno\u015b\u0107 Baterii<\/strong>: 850 mAh dla wyd\u0142u\u017conych sesji vapingu.<\/li>\n<li><strong>Obj\u0119to\u015b\u0107 E-Liquidu<\/strong>: Zbiornik 15 ml zapewnia trwa\u0142y smak i satysfakcj\u0119.<\/li>\n<li><strong>Liczba Zaci\u0105gni\u0119\u0107<\/strong>: Do 7 000 zaci\u0105gni\u0119\u0107 dla d\u0142ugotrwa\u0142ego u\u017cytkowania.<\/li>\n<li><strong>\u0141adowanie<\/strong>: Wyposa\u017cony w port USB-C do szybkiego i wygodnego \u0142adowania.<\/li>\n<li><strong>Typ Grza\u0142ki<\/strong>: Zaawansowana siatkowa grza\u0142ka dla g\u0142adszej i bardziej aromatycznej pary.<\/li>\n<li><strong>Funkcja O\u015bwietlenia<\/strong>: O\u015bwietlenie zbiornika RGB dodaje stylowy i dynamiczny element wizualny.<\/li>\n<\/ul>\n<h2><strong>Lista smak\u00f3w Tornado Vape Randm 7k Puffs:<\/strong><\/h2>\n<p>1 Mi\u0119ta Ch\u0142odna<br \/>\n2 Soczysty L\u00f3d<br \/>\n3 Mandarynkowy L\u00f3d<br \/>\n4 Truskawkowy P\u0105czek<br \/>\n5 \u017belkowy Mi\u015b<br \/>\n6 Jagoda Na Lodzie<br \/>\n7 Mango z lodem<br \/>\n8 Brzoskwinia z lodem<br \/>\n9 Banan z lodem<br \/>\n10 Winogrono z lodem<br \/>\n11 R\u00f3\u017cowa lemoniada<br \/>\n12 Rum Pina Colada<br \/>\n13 Mieszane jagody<br \/>\n14 Koktajl mleczny bananowy<br \/>\n15 Truskawka z arbuzem<br \/>\n16 Czerwone jab\u0142ko z cytryn\u0105<br \/>\n17 Ananas z lodem<br \/>\n18 Wata cukrowa<br \/>\n19 Truskawka z bananem<br \/>\n20 Truskawka z lodem<br \/>\n21 Truskawka z kiwi<br \/>\n22. Czerwona energia z lodem<br \/>\n23. Blue Razz Lemonade<br \/>\n24. Czerwone jab\u0142ko z lodem<br \/>\n25. Berry Lemonade<br \/>\n26. Guma balonowa jagodowa<br \/>\n27. Bluesour Raspberry<br \/>\n28. Dr Blue<br \/>\n29. Jab\u0142ko Brzoskwinia Gruszka<br \/>\n30. Jagoda Granat<br \/>\n31. Vimto<br \/>\n32. Kiwi Marakuja Guawa<br \/>\n33. Colaice<br \/>\n34. Kwa\u015bne Jab\u0142ko<br \/>\n35. Czarna Porzeczka Mentol<br \/>\n36. Tygrysia Krew<br \/>\n37. Brzoskwinia Jagoda Cukierki<br \/>\n38. Brzoskwinia Mango<br \/>\n39. Truskawkowy Red Bull<br \/>\n40. Czarna Porzeczka Ice<br \/>\n41. Truskawkowo-arbuzowa lemoniada<br \/>\n42. Wi\u015bnia<br \/>\n43. Niebieska Malina Wi\u015bnia<br \/>\n44. Skittles<br \/>\n45. Jagoda Malina<br \/>\n46. Truskawkowe Winogrono<br \/>\n47. Jagoda Wi\u015bnia \u017burawina<br \/>\n48. Jab\u0142kowy Wybuch Jag\u00f3d<br \/>\n49. Wi\u015bniowa Cola<br \/>\n50. Cytryna<br \/>\n51. R\u00f3\u017cowy Wybuch<br \/>\n52. Pacific Cooler<br \/>\n53. Ice Pop<br \/>\n54. Bingo Crush<br \/>\n55. Vimto Crush<br \/>\n56. Tyto\u0144<\/p>\n<div role=\"article\" data-tabster=\"{&quot;groupper&quot;:{&quot;tabbability&quot;:2},&quot;focusable&quot;:{}}\" data-content=\"ai-message\" aria-labelledby=\"dARUyEWDoEYhnSPXFwx5A-author dARUyEWDoEYhnSPXFwx5A-content\">\n<div id=\"dARUyEWDoEYhnSPXFwx5A-content\">\n<h2>Dlaczego warto wybra\u0107 RandM Tornado 7000 Puffs Vapes w <a href=\"https:\/\/vapestornado.com\/pl\/store\/\">vapestornado.pl<\/a>?<\/h2>\n<p><strong>1. Doskona\u0142a pojemno\u015b\u0107 zbiornika<\/strong>: RandM Tornado 7000 Puffs Vape charakteryzuje si\u0119 wyj\u0105tkow\u0105 pojemno\u015bci\u0105 zbiornika 15 ml, zapewniaj\u0105c wyd\u0142u\u017cone sesje waporyzacji bez konieczno\u015bci ci\u0105g\u0142ego uzupe\u0142niania. Idealny na d\u0142ugie dni i nieprzerwane przyjemno\u015bci.<\/p>\n<p><strong>2. Solidna wydajno\u015b\u0107 baterii<\/strong>: Wyposa\u017cone w akumulator o pojemno\u015bci 850 mAh, urz\u0105dzenie to gwarantuje ci\u0105g\u0142\u0105 i niezawodn\u0105 wydajno\u015b\u0107, zapewniaj\u0105c, \u017ce nigdy nie przegapisz \u017cadnego taktu, niezale\u017cnie od tego, czy jeste\u015b w domu, czy w podr\u00f3\u017cy.<\/p>\n<p><strong>3. Wszechstronno\u015b\u0107 smak\u00f3w<\/strong>: Kompatybilny z r\u00f3\u017cnymi e-liquidami, RandM Tornado 7000 pozwala dostosowa\u0107 wra\u017cenia z waporyzacji. Od \u015bwie\u017cych mieszanek owocowych po bogate smaki tytoniowe, Twoje opcje s\u0105 nieograniczone.<\/p>\n<p><strong>4. Zaawansowana technologia cewek siatkowych<\/strong>: Innowacyjna technologia cewek siatkowych zapewnia optymalne rozwini\u0119cie smaku i produkcj\u0119 pary, zamieniaj\u0105c ka\u017cde zaci\u0105gni\u0119cie w doskona\u0142e doznanie smakowe. Poczuj szczyt intensywno\u015bci smaku z ka\u017cdym wdechem.<\/p>\n<p><strong>5. Przyjazna dla u\u017cytkownika konstrukcja<\/strong>: Dzi\u0119ki \u0142atwemu uzupe\u0142nianiu i praktycznemu systemowi \u0142adowania USB-C, RandM Tornado 7000 zosta\u0142 zaprojektowany z my\u015bl\u0105 o wygodzie i wydajno\u015bci. Jest nie tylko pot\u0119\u017cny, ale tak\u017ce niezwykle \u0142atwy w u\u017cyciu.<\/p>\n<p>Wybierz RandM Tornado 7000 Puffs Vape Pod od <a href=\"https:\/\/vapestornado.com\/pl\/store\/\">vapestornado.pl<\/a> aby uzyska\u0107 wra\u017cenia z waporyzacji, kt\u00f3re \u0142\u0105cz\u0105 luksus, wydajno\u015b\u0107 i wszechstronno\u015b\u0107.<\/p>\n<\/div>\n<\/div>\n<h2>FAQ dotycz\u0105ce RandM Tornado 7000 Puffs Rechargeable Vape<\/h2>\n<p><strong>P: Ile zaci\u0105gni\u0119\u0107 mog\u0119 si\u0119 spodziewa\u0107 od RandM Tornado 7000?<\/strong><\/p>\n<p><strong>A:<\/strong> RandM Tornado 7000 oferuje oko\u0142o 7000 zaci\u0105gni\u0119\u0107 na urz\u0105dzenie, zapewniaj\u0105c d\u0142ugotrwa\u0142e wra\u017cenia z waporyzacji.<\/p>\n<p><strong>P: Jaka jest pojemno\u015b\u0107 baterii RandM Tornado 7000?<\/strong><\/p>\n<p><strong>A:<\/strong> RandM Tornado 7000 jest wyposa\u017cony w akumulator o pojemno\u015bci 850 mAh, zapewniaj\u0105cy sta\u0142\u0105 wydajno\u015b\u0107 i niezawodno\u015b\u0107.<\/p>\n<p><strong>P: Jak na\u0142adowa\u0107 jednorazowego e-papierosa RandM Tornado 7000?<\/strong><\/p>\n<p><strong>A:<\/strong> Urz\u0105dzenie jest wyposa\u017cone w port \u0142adowania USB-C, co u\u0142atwia \u0142adowanie. Wystarczy pod\u0142\u0105czy\u0107 urz\u0105dzenie do kompatybilnej \u0142adowarki i \u0142adowa\u0107 w razie potrzeby.<\/p>\n<p><strong>P: Jak\u0105 pojemno\u015b\u0107 e-liquidu ma RandM Tornado 7000?<\/strong><\/p>\n<p><strong>A:<\/strong> Pojemno\u015b\u0107 zbiornika RandM Tornado 7000 wynosi 15 ml, co zapewnia d\u0142ugotrwa\u0142e u\u017cytkowanie bez cz\u0119stego uzupe\u0142niania.<\/p>\n<p>&nbsp;<\/p>","protected":false},"excerpt":{"rendered":"<p><strong>Kup Randm Tornado 7000 Puffs w Obni\u017conej Cenie Ju\u017c Dzi\u015b<\/strong><\/p>\n<p><strong>Przyst\u0119pna Cena Hurtowa Vape Randm Tornado 7000 Puffs<\/strong><\/p>\n<p><strong>Kup Hurtowo Vape Randm Tornado 7000 Puff, Aby Uzyska\u0107 Maksymalne Oszcz\u0119dno\u015bci<\/strong><\/p>\n<figure id=\"attachment_2951\" aria-describedby=\"caption-attachment-2951\" style=\"width: 265px\" class=\"wp-caption alignnone\"><img decoding=\"async\" class=\"size-medium wp-image-2951\" src=\"https:\/\/vapestornado.com\/wp-content\/uploads\/2024\/12\/Wholesale-Disposable-Vape-265x300.jpg\" alt=\"Hurtownia jednorazowych vape\" width=\"265\" height=\"300\" srcset=\"https:\/\/vapestornado.com\/wp-content\/uploads\/2024\/12\/Wholesale-Disposable-Vape-265x300.jpg 265w, https:\/\/vapestornado.com\/wp-content\/uploads\/2024\/12\/Wholesale-Disposable-Vape-768x871.jpg 768w, https:\/\/vapestornado.com\/wp-content\/uploads\/2024\/12\/Wholesale-Disposable-Vape-600x680.jpg 600w, https:\/\/vapestornado.com\/wp-content\/uploads\/2024\/12\/Wholesale-Disposable-Vape.jpg 823w\" sizes=\"(max-width: 265px) 100vw, 265px\" \/><figcaption id=\"caption-attachment-2951\" class=\"wp-caption-text\">Skontaktuj si\u0119 z Mandy przez WhatsApp, aby uzyska\u0107 cen\u0119 promocyjn\u0105\u00a0 <a href=\"https:\/\/wa.me\/8618077105796\">+8618077105796<\/a><\/figcaption><\/figure>\n<p>&nbsp;<\/p>","protected":false},"featured_media":3117,"comment_status":"open","ping_status":"closed","template":"","meta":{"_acf_changed":false,"_uag_custom_page_level_css":"","_lmt_disableupdate":"no","_lmt_disable":"","_monsterinsights_skip_tracking":false,"_monsterinsights_sitenote_active":false,"_monsterinsights_sitenote_note":"","_monsterinsights_sitenote_category":0,"site-sidebar-layout":"default","site-content-layout":"","ast-site-content-layout":"default","site-content-style":"default","site-sidebar-style":"default","ast-global-header-display":"","ast-banner-title-visibility":"","ast-main-header-display":"","ast-hfb-above-header-display":"","ast-hfb-below-header-display":"","ast-hfb-mobile-header-display":"","site-post-title":"","ast-breadcrumbs-content":"","ast-featured-img":"","footer-sml-layout":"","ast-disable-related-posts":"","theme-transparent-header-meta":"default","adv-header-id-meta":"","stick-header-meta":"","header-above-stick-meta":"","header-main-stick-meta":"","header-below-stick-meta":"","astra-migrate-meta-layouts":"set","ast-page-background-enabled":"default","ast-page-background-meta":{"desktop":{"background-color":"","background-image":"","background-repeat":"repeat","background-position":"center center","background-size":"auto","background-attachment":"scroll","background-type":"","background-media":"","overlay-type":"","overlay-color":"","overlay-opacity":"","overlay-gradient":""},"tablet":{"background-color":"","background-image":"","background-repeat":"repeat","background-position":"center center","background-size":"auto","background-attachment":"scroll","background-type":"","background-media":"","overlay-type":"","overlay-color":"","overlay-opacity":"","overlay-gradient":""},"mobile":{"background-color":"","background-image":"","background-repeat":"repeat","background-position":"center center","background-size":"auto","background-attachment":"scroll","background-type":"","background-media":"","overlay-type":"","overlay-color":"","overlay-opacity":"","overlay-gradient":""}},"ast-content-background-meta":{"desktop":{"background-color":"var(--ast-global-color-5)","background-image":"","background-repeat":"repeat","background-position":"center center","background-size":"auto","background-attachment":"scroll","background-type":"","background-media":"","overlay-type":"","overlay-color":"","overlay-opacity":"","overlay-gradient":""},"tablet":{"background-color":"var(--ast-global-color-5)","background-image":"","background-repeat":"repeat","background-position":"center center","background-size":"auto","background-attachment":"scroll","background-type":"","background-media":"","overlay-type":"","overlay-color":"","overlay-opacity":"","overlay-gradient":""},"mobile":{"background-color":"var(--ast-global-color-5)","background-image":"","background-repeat":"repeat","background-position":"center center","background-size":"auto","background-attachment":"scroll","background-type":"","background-media":"","overlay-type":"","overlay-color":"","overlay-opacity":"","overlay-gradient":""}},"_joinchat":{"telephone":"+8618077105796"}},"product_brand":[],"product_cat":[58,74,153,154,148],"product_tag":[97,127],"class_list":{"0":"post-3103","1":"product","2":"type-product","3":"status-publish","4":"has-post-thumbnail","6":"product_cat-fumot-vape","7":"product_cat-7000-puff","8":"product_cat-buy-disposable-vapes-in-italy","9":"product_cat-buy-disposable-vapes-in-netherlands","10":"product_cat-tornado-disposable-vapes","11":"product_tag-hot-sale-disposable-vape","12":"product_tag-randm-tornado-7000","13":"desktop-align-left","14":"tablet-align-left","15":"mobile-align-left","17":"first","18":"instock","19":"sale","20":"shipping-taxable","21":"purchasable","22":"product-type-simple"},"acf":[],"uagb_featured_image_src":{"full":["https:\/\/vapestornado.com\/wp-content\/uploads\/2024\/12\/Randm-7000-Puff-Strawberry-Watermelon-Lemonade.jpg",800,800,false],"thumbnail":["https:\/\/vapestornado.com\/wp-content\/uploads\/2024\/12\/Randm-7000-Puff-Strawberry-Watermelon-Lemonade-150x150.jpg",150,150,true],"medium":["https:\/\/vapestornado.com\/wp-content\/uploads\/2024\/12\/Randm-7000-Puff-Strawberry-Watermelon-Lemonade-300x300.jpg",300,300,true],"medium_large":["https:\/\/vapestornado.com\/wp-content\/uploads\/2024\/12\/Randm-7000-Puff-Strawberry-Watermelon-Lemonade-768x768.jpg",768,768,true],"large":["https:\/\/vapestornado.com\/wp-content\/uploads\/2024\/12\/Randm-7000-Puff-Strawberry-Watermelon-Lemonade.jpg",800,800,false],"1536x1536":["https:\/\/vapestornado.com\/wp-content\/uploads\/2024\/12\/Randm-7000-Puff-Strawberry-Watermelon-Lemonade.jpg",800,800,false],"2048x2048":["https:\/\/vapestornado.com\/wp-content\/uploads\/2024\/12\/Randm-7000-Puff-Strawberry-Watermelon-Lemonade.jpg",800,800,false],"trp-custom-language-flag":["https:\/\/vapestornado.com\/wp-content\/uploads\/2024\/12\/Randm-7000-Puff-Strawberry-Watermelon-Lemonade.jpg",12,12,false],"woocommerce_thumbnail":["https:\/\/vapestornado.com\/wp-content\/uploads\/2024\/12\/Randm-7000-Puff-Strawberry-Watermelon-Lemonade-300x300.jpg",300,300,true],"woocommerce_single":["https:\/\/vapestornado.com\/wp-content\/uploads\/2024\/12\/Randm-7000-Puff-Strawberry-Watermelon-Lemonade-600x600.jpg",600,600,true],"woocommerce_gallery_thumbnail":["https:\/\/vapestornado.com\/wp-content\/uploads\/2024\/12\/Randm-7000-Puff-Strawberry-Watermelon-Lemonade-100x100.jpg",100,100,true]},"uagb_author_info":{"display_name":"ESMANDY","author_link":"https:\/\/vapestornado.com\/pl\/author\/"},"uagb_comment_info":0,"uagb_excerpt":"Grab Randm Tornado 7000 Puffs at a Discount Price Today Affordable Wholesale Price for Randm Tornado 7000 Puffs Vapes Bulk Buy Randm Tornado 7000 Puff Vape for Maximum Savings [caption id=\"attachment_2951\" align=\"alignnone\" width=\"265\"] Pls Contact Mandy's WhatsApp For Discount Price\u00a0 +8618077105796[\/caption] &nbsp;","_links":{"self":[{"href":"https:\/\/vapestornado.com\/pl\/wp-json\/wp\/v2\/product\/3103","targetHints":{"allow":["GET"]}}],"collection":[{"href":"https:\/\/vapestornado.com\/pl\/wp-json\/wp\/v2\/product"}],"about":[{"href":"https:\/\/vapestornado.com\/pl\/wp-json\/wp\/v2\/types\/product"}],"replies":[{"embeddable":true,"href":"https:\/\/vapestornado.com\/pl\/wp-json\/wp\/v2\/comments?post=3103"}],"wp:featuredmedia":[{"embeddable":true,"href":"https:\/\/vapestornado.com\/pl\/wp-json\/wp\/v2\/media\/3117"}],"wp:attachment":[{"href":"https:\/\/vapestornado.com\/pl\/wp-json\/wp\/v2\/media?parent=3103"}],"wp:term":[{"taxonomy":"product_brand","embeddable":true,"href":"https:\/\/vapestornado.com\/pl\/wp-json\/wp\/v2\/product_brand?post=3103"},{"taxonomy":"product_cat","embeddable":true,"href":"https:\/\/vapestornado.com\/pl\/wp-json\/wp\/v2\/product_cat?post=3103"},{"taxonomy":"product_tag","embeddable":true,"href":"https:\/\/vapestornado.com\/pl\/wp-json\/wp\/v2\/product_tag?post=3103"}],"curies":[{"name":"wp","href":"https:\/\/api.w.org\/{rel}","templated":true}]}}