{"id":3101,"date":"2024-12-12T09:12:28","date_gmt":"2024-12-12T09:12:28","guid":{"rendered":"https:\/\/vapestornado.com\/?post_type=product&#038;p=3101"},"modified":"2025-12-05T08:52:27","modified_gmt":"2025-12-05T08:52:27","slug":"jnr-falcon-x-18000-puffs-disposable-vape-wholesale-price","status":"publish","type":"product","link":"https:\/\/vapestornado.com\/pl\/product\/jnr-falcon-x-18000-puffs-disposable-vape-wholesale-price\/","title":{"rendered":"JNR Falcon X 18000 Zaci\u0105gni\u0119\u0107 Jednorazowy Vape Cena Hurtowa"},"content":{"rendered":"<h1 class=\"product-title\">JNR Falcon X 18000 Zaci\u0105gni\u0119\u0107 Jednorazowy Vape Cena Hurtowa<\/h1>\n<p data-start=\"1154\" data-end=\"1343\">JNR Falcon X 18000 dostarcza 18 000 puffs\u00f3w z podw\u00f3jnymi cewkami mesh, akumulatorem Type-C o pojemno\u015bci 950mAh i ekranem HD\u2014zaprojektowany dla sta\u0142ego smaku i d\u0142ugiego codziennego u\u017cytkowania bez spadk\u00f3w w jako\u015bci przyjemnego smaku.<\/p>\n<p data-start=\"567\" data-end=\"897\"><strong data-start=\"567\" data-end=\"608\">Pojemno\u015b\u0107 18K, kt\u00f3ra pasuje do prawdziwych rutyn.<\/strong><br data-start=\"608\" data-end=\"611\" \/>Cyfrowy ekran <strong data-start=\"615\" data-end=\"653\">Jednorazowy e-papieros JNR Falcon X 18000<\/strong> jest stworzony na d\u0142u\u017csze sesje, a nie kr\u00f3tkie bursty. Przy <strong data-start=\"700\" data-end=\"722\">do 18 000 puffs\u00f3w<\/strong>, zmniejsza cz\u0119stotliwo\u015b\u0107 wymiany w por\u00f3wnaniu do mniejszych jednoraz\u00f3wek. Dla tych, kt\u00f3rzy korzystaj\u0105 z e-papierosa w dni robocze i weekendy, to ma wi\u0119ksze znaczenie ni\u017c drobne dodatki.<\/p>\n<p data-start=\"899\" data-end=\"1149\"><strong data-start=\"899\" data-end=\"936\">Podw\u00f3jne cewki mesh dla stabilnego smaku.<\/strong><br data-start=\"936\" data-end=\"939\" \/>Wewn\u0105trz, a <strong data-start=\"949\" data-end=\"974\">system podw\u00f3jnej siatki grzewczej<\/strong> r\u00f3wnomiernie rozprowadza ciep\u0142o. To utrzymuje g\u0142adkie zaci\u0105gni\u0119cie i pomaga unikn\u0105\u0107 ostrego, spalonego posmaku, kt\u00f3ry pojawia si\u0119 w s\u0142abszych urz\u0105dzeniach o du\u017cej liczbie puffs\u00f3w. Smak pozostaje sp\u00f3jny g\u0142\u0119biej w zbiorniku.<\/p>\n<p data-start=\"1151\" data-end=\"1400\"><strong data-start=\"1151\" data-end=\"1192\">Du\u017cy akumulator z \u0142adowaniem Type-C.<\/strong><br data-start=\"1192\" data-end=\"1195\" \/>A <strong data-start=\"1197\" data-end=\"1215\">Akumulator 950mAh<\/strong> zasila to urz\u0105dzenie i jest \u0142adowalny. Gdy bateria si\u0119 roz\u0142aduje, szybkie <strong data-start=\"1294\" data-end=\"1311\">do\u0142adowanie Type-C<\/strong> przywraca je do u\u017cytku, aby p\u0142yn nie zosta\u0142 zmarnowany, poniewa\u017c energia ko\u0144czy si\u0119 jako pierwsza.<\/p>\n<p data-start=\"1402\" data-end=\"1619\"><strong data-start=\"1402\" data-end=\"1437\">Ekran HD utrzymuje prostot\u0119.<\/strong><br data-start=\"1437\" data-end=\"1440\" \/>Ekran pokazuje <strong data-start=\"1457\" data-end=\"1493\">poziom na\u0142adowania baterii i poziom e-liquidu<\/strong> w czasie rzeczywistym. U\u017cytkownicy mog\u0105 zobaczy\u0107, co pozosta\u0142o na pierwszy rzut oka, na\u0142adowa\u0107 przed wyczerpaniem energii i unikn\u0105\u0107 niespodziewanych suchych zaci\u0105gni\u0119\u0107 pod koniec.<\/p>\n<p data-start=\"1621\" data-end=\"1892\"><strong data-start=\"1621\" data-end=\"1660\">Opcje niskiej zawarto\u015bci nikotyny do kontrolowanego u\u017cycia.<\/strong><br data-start=\"1660\" data-end=\"1663\" \/>Ten model jest dost\u0119pny w wersjach z ni\u017csz\u0105 zawarto\u015bci\u0105 nikotyny dla os\u00f3b, kt\u00f3re chc\u0105 bardziej stabilnego, mniej agresywnego uderzenia. To sprawia, \u017ce <strong data-start=\"1782\" data-end=\"1802\">JNR 18K Falcon X<\/strong> jest praktycznym krokiem dla palaczy, kt\u00f3rzy chc\u0105 mie\u0107 wi\u0119ksz\u0105 kontrol\u0119 nad spo\u017cyciem, nie rezygnuj\u0105c z czasu u\u017cytkowania.<\/p>\n<p><strong>Dodaj Amy na WhatsApp, aby uzyska\u0107 szybk\u0105 odpowied\u017a i kupon na vape!<\/strong><\/p>\n<p><img fetchpriority=\"high\" decoding=\"async\" class=\"size-full wp-image-2932\" src=\"https:\/\/vapestornado.com\/wp-content\/uploads\/2024\/12\/Vape-Wholesale.jpg\" alt=\"Hurtowa sprzeda\u017c e-papieros\u00f3w\" width=\"229\" height=\"300\" \/><\/p>\n<h3><a href=\"https:\/\/wa.me\/8617776015835\" target=\"_blank\" rel=\"noopener\"><span style=\"color: #ff0000;\"><strong>WhatsApp: +86 17776015835<\/strong><\/span><\/a><\/h3>\n<p>&nbsp;<\/p>\n<h2><strong>JNR Falcon X 18000 Cechy produktu<\/strong><\/h2>\n<div role=\"article\" data-tabster=\"{&quot;groupper&quot;:{&quot;tabbability&quot;:2},&quot;focusable&quot;:{}}\" data-content=\"ai-message\" aria-labelledby=\"juhNTJ6o7Gk1cgwZMJgv2-author juhNTJ6o7Gk1cgwZMJgv2-content\">\n<div id=\"juhNTJ6o7Gk1cgwZMJgv2-content\">\n<div role=\"article\" data-tabster=\"{&quot;groupper&quot;:{&quot;tabbability&quot;:2},&quot;focusable&quot;:{}}\" data-content=\"ai-message\" aria-labelledby=\"x4EZuCZWrTbh3weWUt7CU-author x4EZuCZWrTbh3weWUt7CU-content\">\n<div id=\"x4EZuCZWrTbh3weWUt7CU-content\">\n<table>\n<thead>\n<tr>\n<th>Funkcja \/ Parametr<\/th>\n<th align=\"right\">Specyfikacja<\/th>\n<th>Wyja\u015bnienie<\/th>\n<\/tr>\n<\/thead>\n<tbody>\n<tr>\n<td>Nazwa produktu<\/td>\n<td align=\"right\">JNR Falcon X 18000 Puffs Jednorazowy Vape<\/td>\n<td>Czytelne nazewnictwo dla powtarzalnych zam\u00f3wie\u0144 i wyszukiwania.<\/td>\n<\/tr>\n<tr>\n<td>Pojemno\u015b\u0107 zaci\u0105gni\u0119\u0107<\/td>\n<td align=\"right\">Do 18 000 puf\u00f3w<\/td>\n<td>D\u0142ugotrwa\u0142e u\u017cytkowanie; mniej wymian urz\u0105dzenia.<\/td>\n<\/tr>\n<tr>\n<td>Typ Grza\u0142ki<\/td>\n<td align=\"right\">Podw\u00f3jne grza\u0142ki mesh<\/td>\n<td>R\u00f3wnomierne podgrzewanie = bardziej g\u0142adny vapor, stabilniejszy smak, mniej przypalonych uderze\u0144.<\/td>\n<\/tr>\n<tr>\n<td>Bateria<\/td>\n<td align=\"right\">950mAh akumulator do \u0142adowania<\/td>\n<td>Wystarczaj\u0105co mocny na intensywne u\u017cytkowanie; na\u0142aduj, aby doko\u0144czy\u0107 tankowanie.<\/td>\n<\/tr>\n<tr>\n<td>\u0141adowanie<\/td>\n<td align=\"right\">Szybkie \u0142adowanie USB Type-C<\/td>\n<td>Standardowy kabel; kr\u00f3tszy czas przestoju.<\/td>\n<\/tr>\n<tr>\n<td>Wy\u015bwietlacz<\/td>\n<td align=\"right\">Ekran HD (bateria + e-liquid)<\/td>\n<td>Pokazuje pozosta\u0142\u0105 moc i ilo\u015b\u0107 liquidu, aby\u015b m\u00f3g\u0142 zachowa\u0107 kontrol\u0119.<\/td>\n<\/tr>\n<tr>\n<td>Opcje Nikotyny<\/td>\n<td align=\"right\">Warianty niskiego nikotyny<\/td>\n<td>Dla u\u017cytkownik\u00f3w, kt\u00f3rzy chc\u0105 l\u017cejszego codziennego uderzenia.<\/td>\n<\/tr>\n<tr>\n<td>Budowa<\/td>\n<td align=\"right\">Kompaktowa, trwa\u0142a obudowa<\/td>\n<td>\u0141atwy do przenoszenia; mie\u015bci si\u0119 w kieszeni na co dzie\u0144.<\/td>\n<\/tr>\n<tr>\n<td>Target Fit<\/td>\n<td align=\"right\">Sprzeda\u017c detaliczna i hurtowa w Polsce 2025<\/td>\n<td>Segment o du\u017cej pojemno\u015bci z popytem na powtarzaln\u0105 sprzeda\u017c.<\/td>\n<\/tr>\n<\/tbody>\n<\/table>\n<\/div>\n<\/div>\n<\/div>\n<\/div>\n<h2 class=\"product-title\"><strong>JNR Falcon X 18000 Lista smak\u00f3w<\/strong><\/h2>\n<p>1. Blue Razz Ice<br \/>\n2. Jagoda Malina<br \/>\n3.Mi\u0119ta<br \/>\n4.Kiwi Arbuz L\u00f3d<br \/>\n5.Winogrono L\u00f3d<br \/>\n6. Truskawkowe Kiwi<br \/>\n7.Truskawka Arbuz L\u00f3d<br \/>\n8.Arbuz L\u00f3d<br \/>\n9. L\u00f3d Truskawkowy<br \/>\n10.Mieszane Owoce Jagodowe<br \/>\n11.Arbuzowa Guma Balonowa<br \/>\n12. Kwa\u015bne jab\u0142ko z lodem<br \/>\n13. Brzoskwinia z lodem<br \/>\n14. Eksplozja jag\u00f3d<br \/>\n15. Bor\u00f3wka malina wi\u015bnia<br \/>\n16. Wi\u015bniowo-jagodowy<br \/>\n17. Truskawka banan<br \/>\n18. Bor\u00f3wka kiwi<br \/>\n19. Marakuja kiwi<br \/>\n20. Bia\u0142a brzoskwinia z malin\u0105<br \/>\n21. Niebieska malina wi\u015bnia<br \/>\n22.Wi\u015bnia Arbuz Mro\u017cony<br \/>\n23.Wi\u015bniowa Cola<br \/>\n24.Bananowy L\u00f3d<br \/>\n25. Skittles<br \/>\n26.Potr\u00f3jny Melon<br \/>\n27.Pan Niebieski<br \/>\n28.Wi\u015bniowy L\u00f3d<br \/>\n29.Arbuz Liczi<\/p>\n<h3>Dlaczego wybra\u0107 vapestornado do zakupu hurtowego JNR 18000 Puff Vape?<\/h3>\n<div class=\"flex-shrink-0 flex flex-col relative items-end\">\n<div class=\"pt-0\">\n<div class=\"gizmo-bot-avatar flex h-8 w-8 items-center justify-center overflow-hidden rounded-full\">\n<div class=\"relative p-1 rounded-sm flex items-center justify-center bg-token-main-surface-primary text-token-text-primary h-8 w-8\">\n<p>Witamy w vapestornado, Twoim zaufanym sklepie internetowym z papierosami elektronicznymi premium. Z ponad 5-letnim do\u015bwiadczeniem, oferujemy popularne marki jednorazowych papieros\u00f3w elektronicznych, takie jak Fumot RandM Vape, <a href=\"https:\/\/vapestornado.com\/pl\/product\/vapme-crystal-7000-puffs-rechargeable-disposable-vape-wholesale-cheap-price\/\">Vapme<\/a>, Bang Vape, Waspe Vape, and WGA Vape, itp.<\/p>\n<p>Nasza oferta obejmuje popularne e-papierosy, takie jak <a href=\"https:\/\/vapestornado.com\/pl\/product\/fumot-randm-tornado-15000-puffs-rechargeable-disposable-vape-wholesale\/\">RandM Tornado 15000<\/a>, oraz bogate w smaku opcje, takie jak <a href=\"https:\/\/vapestornado.com\/pl\/product\/waspe-40000-puffs-double-flavour-led-display-disposable-vape-wholesale\/\">WASPE Podw\u00f3jny Smak 40000 Zaci\u0105gni\u0119\u0107<\/a> . Ka\u017cdy produkt jest wybierany z my\u015bl\u0105 o jako\u015bci, warto\u015bci i r\u00f3\u017cnorodno\u015bci, dzi\u0119ki czemu znajdziesz idealne dopasowanie do swoich potrzeb. Odkryj wyj\u0105tkow\u0105 obs\u0142ug\u0119 i szerok\u0105 gam\u0119 najlepszych produkt\u00f3w w cenach hurtowych na vapestornado.<\/p>\n<\/div>\n<h3><\/h3>\n<div class=\"relative p-1 rounded-sm flex items-center justify-center bg-token-main-surface-primary text-token-text-primary h-8 w-8\">\n<h3>Najcz\u0119\u015bciej zadawane pytania dotycz\u0105ce jednorazowego e-papierosa JNR Falcon X 18k Puff<\/h3>\n<p data-start=\"2922\" data-end=\"3135\"><strong data-start=\"2922\" data-end=\"2995\">1. Czy potrzebuj\u0119 specjalnej \u0142adowarki do jednorazowego JNR Falcon X 18K?<\/strong><br data-start=\"2995\" data-end=\"2998\" \/>Nie. The <strong data-start=\"3006\" data-end=\"3042\">JNR Falcon X 18K jednorazowy e-papieros<\/strong> \u0142aduje si\u0119 za pomoc\u0105 standardowego <strong data-start=\"3065\" data-end=\"3079\">USB Typ-C<\/strong>, wi\u0119c dowolny zwyk\u0142y kabel Type-C i bezpieczny adapter b\u0119d\u0105 dzia\u0142a\u0107.<\/p>\n<p data-start=\"3137\" data-end=\"3403\"><strong data-start=\"3137\" data-end=\"3216\">2. Jak d\u0142ugo wytrzymuje e-papieros JNR Falcon X 18000 Puffs dla codziennego palacza?<\/strong><br data-start=\"3216\" data-end=\"3219\" \/>To zale\u017cy od u\u017cytkowania, ale wi\u0119kszo\u015b\u0107 codziennych u\u017cytkownik\u00f3w uzyskuje znacznie d\u0142u\u017cszy czas pracy ni\u017c urz\u0105dzenia 5k\u201310k, poniewa\u017c <strong data-start=\"3321\" data-end=\"3349\">JNR Falcon X 18000 Puffs<\/strong> \u0142\u0105czy wysok\u0105 liczb\u0119 puf\u00f3w z akumulatorem do wielokrotnego \u0142adowania.<\/p>\n<p data-start=\"3405\" data-end=\"3635\"><strong data-start=\"3405\" data-end=\"3471\">3. Czy JNR 18K Falcon X unika smaku spalenizny pod koniec?<\/strong><br data-start=\"3471\" data-end=\"3474\" \/>Cyfrowy ekran <strong data-start=\"3478\" data-end=\"3497\">podw\u00f3jne grza\u0142ki siatkowe<\/strong> w <strong data-start=\"3505\" data-end=\"3525\">JNR 18K Falcon X<\/strong> r\u00f3wnomiernie si\u0119 nagrzewaj\u0105 i s\u0105 zaprojektowane tak, aby zmniejszy\u0107 p\u00f3\u017ane spalenia, kt\u00f3re cz\u0119sto pojawiaj\u0105 si\u0119 w jednorazowych urz\u0105dzeniach o du\u017cej pojemno\u015bci.<\/p>\n<p data-start=\"3637\" data-end=\"3918\"><strong data-start=\"3637\" data-end=\"3714\">4. Czy wersja JNR Falcon X 18000 o niskiej zawarto\u015bci nikotyny nadaje si\u0119 do ograniczania u\u017cycia?<\/strong><br data-start=\"3714\" data-end=\"3717\" \/>Tak. The <strong data-start=\"3726\" data-end=\"3772\">JNR Falcon X 18000 jednorazowy e-papieros o niskiej zawarto\u015bci nikotyny<\/strong> jest cz\u0119sto wybierany przez u\u017cytkownik\u00f3w, kt\u00f3rzy chc\u0105 l\u017cejszego codziennego dozna\u0144, jednocze\u015bnie korzystaj\u0105c z urz\u0105dzenia o d\u0142ugiej \u017cywotno\u015bci, aby nie musie\u0107 zbyt cz\u0119sto wymienia\u0107 (lub nadmiernie u\u017cywa\u0107) mniejszych jednostek.<\/p>\n<p data-start=\"3920\" data-end=\"4186\"><strong data-start=\"3920\" data-end=\"3989\">5. Czy mog\u0119 zabra\u0107 jednorazowego e-papierosa JNR Falcon X 18000 na samolot?<\/strong><br data-start=\"3989\" data-end=\"3992\" \/>Wi\u0119kszo\u015b\u0107 linii lotniczych pozwala na jednorazowe urz\u0105dzenia tylko w <strong data-start=\"4032\" data-end=\"4052\">podr\u0119cznym<\/strong>, a nie w baga\u017cu rejestrowanym, ze wzgl\u0119du na przepisy dotycz\u0105ce baterii. Przechowuj <strong data-start=\"4103\" data-end=\"4141\">Jednorazowy e-papieros JNR Falcon X 18000<\/strong> zapiecz\u0119towane i przestrzegaj przepis\u00f3w linii lotniczych\/lokalnych.<\/p>\n<\/div>\n<\/div>\n<\/div>\n<\/div>","protected":false},"excerpt":{"rendered":"<p>JNR Falcon X 18000 Puffs Jednorazowe Vape Hurt<br \/>\nJNR Bar 18000 PUFFS Kryszta\u0142owy Jednorazowy Vape<br \/>\nJNR Falcon X 18000 Puffs Cyfrowy Jednorazowy Vape<\/p>\n<p><strong>Dodaj Amy do WhatsAppa, aby uzyska\u0107 szybk\u0105 odpowied\u017a i kupon na vape!<\/strong><\/p>\n<p><img fetchpriority=\"high\" decoding=\"async\" class=\"size-full wp-image-2932\" src=\"https:\/\/vapestornado.com\/wp-content\/uploads\/2024\/12\/Vape-Wholesale.jpg\" alt=\"Hurtowa sprzeda\u017c e-papieros\u00f3w\" width=\"229\" height=\"300\" \/><\/p>\n<h3><a href=\"https:\/\/wa.me\/8617776015835\"><span style=\"color: #ff0000;\"><strong>WhatsApp: +86 17776015835<\/strong><\/span><\/a><\/h3>\n<p>&nbsp;<\/p>","protected":false},"featured_media":3089,"comment_status":"open","ping_status":"closed","template":"","meta":{"_acf_changed":false,"_uag_custom_page_level_css":"","_lmt_disableupdate":"no","_lmt_disable":"","_monsterinsights_skip_tracking":false,"_monsterinsights_sitenote_active":false,"_monsterinsights_sitenote_note":"","_monsterinsights_sitenote_category":0,"site-sidebar-layout":"default","site-content-layout":"","ast-site-content-layout":"default","site-content-style":"default","site-sidebar-style":"default","ast-global-header-display":"","ast-banner-title-visibility":"","ast-main-header-display":"","ast-hfb-above-header-display":"","ast-hfb-below-header-display":"","ast-hfb-mobile-header-display":"","site-post-title":"","ast-breadcrumbs-content":"","ast-featured-img":"","footer-sml-layout":"","ast-disable-related-posts":"","theme-transparent-header-meta":"default","adv-header-id-meta":"","stick-header-meta":"","header-above-stick-meta":"","header-main-stick-meta":"","header-below-stick-meta":"","astra-migrate-meta-layouts":"set","ast-page-background-enabled":"default","ast-page-background-meta":{"desktop":{"background-color":"","background-image":"","background-repeat":"repeat","background-position":"center center","background-size":"auto","background-attachment":"scroll","background-type":"","background-media":"","overlay-type":"","overlay-color":"","overlay-opacity":"","overlay-gradient":""},"tablet":{"background-color":"","background-image":"","background-repeat":"repeat","background-position":"center center","background-size":"auto","background-attachment":"scroll","background-type":"","background-media":"","overlay-type":"","overlay-color":"","overlay-opacity":"","overlay-gradient":""},"mobile":{"background-color":"","background-image":"","background-repeat":"repeat","background-position":"center center","background-size":"auto","background-attachment":"scroll","background-type":"","background-media":"","overlay-type":"","overlay-color":"","overlay-opacity":"","overlay-gradient":""}},"ast-content-background-meta":{"desktop":{"background-color":"var(--ast-global-color-5)","background-image":"","background-repeat":"repeat","background-position":"center center","background-size":"auto","background-attachment":"scroll","background-type":"","background-media":"","overlay-type":"","overlay-color":"","overlay-opacity":"","overlay-gradient":""},"tablet":{"background-color":"var(--ast-global-color-5)","background-image":"","background-repeat":"repeat","background-position":"center center","background-size":"auto","background-attachment":"scroll","background-type":"","background-media":"","overlay-type":"","overlay-color":"","overlay-opacity":"","overlay-gradient":""},"mobile":{"background-color":"var(--ast-global-color-5)","background-image":"","background-repeat":"repeat","background-position":"center center","background-size":"auto","background-attachment":"scroll","background-type":"","background-media":"","overlay-type":"","overlay-color":"","overlay-opacity":"","overlay-gradient":""}},"_joinchat":{"telephone":"+8617776015835"}},"product_brand":[],"product_cat":[70,151,141,76],"product_tag":[97,136,479,134,135,94],"class_list":{"0":"post-3101","1":"product","2":"type-product","3":"status-publish","4":"has-post-thumbnail","6":"product_cat-18000-puff","7":"product_cat-buy-disposable-vapes-in-france","8":"product_cat-crystal-disposable-vapes","9":"product_cat-jnr-vape","10":"product_tag-hot-sale-disposable-vape","11":"product_tag-jnr-18000","12":"product_tag-jnr-18k","13":"product_tag-jnr-falcon-x-18000","14":"product_tag-jnr-vape","15":"product_tag-rechargeable-disposable-vape","16":"desktop-align-left","17":"tablet-align-left","18":"mobile-align-left","20":"first","21":"instock","22":"sale","23":"shipping-taxable","24":"purchasable","25":"product-type-simple"},"acf":[],"uagb_featured_image_src":{"full":["https:\/\/vapestornado.com\/wp-content\/uploads\/2024\/12\/JNR-Falcon-X-18000-Digital-Disposable-Vape.jpg",1126,1130,false],"thumbnail":["https:\/\/vapestornado.com\/wp-content\/uploads\/2024\/12\/JNR-Falcon-X-18000-Digital-Disposable-Vape-150x150.jpg",150,150,true],"medium":["https:\/\/vapestornado.com\/wp-content\/uploads\/2024\/12\/JNR-Falcon-X-18000-Digital-Disposable-Vape-300x300.jpg",300,300,true],"medium_large":["https:\/\/vapestornado.com\/wp-content\/uploads\/2024\/12\/JNR-Falcon-X-18000-Digital-Disposable-Vape-768x771.jpg",768,771,true],"large":["https:\/\/vapestornado.com\/wp-content\/uploads\/2024\/12\/JNR-Falcon-X-18000-Digital-Disposable-Vape-1020x1024.jpg",1020,1024,true],"1536x1536":["https:\/\/vapestornado.com\/wp-content\/uploads\/2024\/12\/JNR-Falcon-X-18000-Digital-Disposable-Vape.jpg",1126,1130,false],"2048x2048":["https:\/\/vapestornado.com\/wp-content\/uploads\/2024\/12\/JNR-Falcon-X-18000-Digital-Disposable-Vape.jpg",1126,1130,false],"trp-custom-language-flag":["https:\/\/vapestornado.com\/wp-content\/uploads\/2024\/12\/JNR-Falcon-X-18000-Digital-Disposable-Vape.jpg",12,12,false],"woocommerce_thumbnail":["https:\/\/vapestornado.com\/wp-content\/uploads\/2024\/12\/JNR-Falcon-X-18000-Digital-Disposable-Vape-300x300.jpg",300,300,true],"woocommerce_single":["https:\/\/vapestornado.com\/wp-content\/uploads\/2024\/12\/JNR-Falcon-X-18000-Digital-Disposable-Vape-600x602.jpg",600,602,true],"woocommerce_gallery_thumbnail":["https:\/\/vapestornado.com\/wp-content\/uploads\/2024\/12\/JNR-Falcon-X-18000-Digital-Disposable-Vape-100x100.jpg",100,100,true]},"uagb_author_info":{"display_name":"ESAMY","author_link":"https:\/\/vapestornado.com\/pl\/author\/"},"uagb_comment_info":0,"uagb_excerpt":"JNR Falcon X 18000 Puffs Disposable Vape Wholesale JNR Bar 18000 PUFFS Crystal Disposable Vape JNR Falcon X 18000 Puffs Digital Disposable Vape Add Amy's whatsapp get right reply and vape vape coupon! WhatsApp: +86 17776015835 &nbsp;","_links":{"self":[{"href":"https:\/\/vapestornado.com\/pl\/wp-json\/wp\/v2\/product\/3101","targetHints":{"allow":["GET"]}}],"collection":[{"href":"https:\/\/vapestornado.com\/pl\/wp-json\/wp\/v2\/product"}],"about":[{"href":"https:\/\/vapestornado.com\/pl\/wp-json\/wp\/v2\/types\/product"}],"replies":[{"embeddable":true,"href":"https:\/\/vapestornado.com\/pl\/wp-json\/wp\/v2\/comments?post=3101"}],"wp:featuredmedia":[{"embeddable":true,"href":"https:\/\/vapestornado.com\/pl\/wp-json\/wp\/v2\/media\/3089"}],"wp:attachment":[{"href":"https:\/\/vapestornado.com\/pl\/wp-json\/wp\/v2\/media?parent=3101"}],"wp:term":[{"taxonomy":"product_brand","embeddable":true,"href":"https:\/\/vapestornado.com\/pl\/wp-json\/wp\/v2\/product_brand?post=3101"},{"taxonomy":"product_cat","embeddable":true,"href":"https:\/\/vapestornado.com\/pl\/wp-json\/wp\/v2\/product_cat?post=3101"},{"taxonomy":"product_tag","embeddable":true,"href":"https:\/\/vapestornado.com\/pl\/wp-json\/wp\/v2\/product_tag?post=3101"}],"curies":[{"name":"wp","href":"https:\/\/api.w.org\/{rel}","templated":true}]}}