{"id":3099,"date":"2024-12-12T08:20:28","date_gmt":"2024-12-12T08:20:28","guid":{"rendered":"https:\/\/vapestornado.com\/?post_type=product&#038;p=3099"},"modified":"2025-12-05T09:13:20","modified_gmt":"2025-12-05T09:13:20","slug":"vapme-shisha-hookah-15000-puff-rechargeable-disposable-vape-wholesale-poland","status":"publish","type":"product","link":"https:\/\/vapestornado.com\/pl\/product\/vapme-shisha-hookah-15000-puff-rechargeable-disposable-vape-wholesale-poland\/","title":{"rendered":"Vapme Shisha Hookah 15000 Puff Jednorazowy Vape z mo\u017cliwo\u015bci\u0105 \u0142adowania Hurtownia Polska"},"content":{"rendered":"<h1 class=\"product-title\">Vapme Shisha Hookah 15000 Puff Jednorazowy Vape z mo\u017cliwo\u015bci\u0105 \u0142adowania Hurtownia Polska<\/h1>\n<p data-start=\"87\" data-end=\"383\">Cyfrowy ekran <strong data-start=\"91\" data-end=\"136\">Vapme Shisha Hookah 15000 jednorazowy e-papieros<\/strong> zapewnia sesj\u0119 w stylu shishy w kompaktowym, \u0142atwym do przenoszenia korpusie. Zaprojektowany do d\u0142ugotrwa\u0142ego codziennego u\u017cytku, zapewnia czas pracy, kt\u00f3rego oczekuj\u0105 u\u017cytkownicy od <strong data-start=\"274\" data-end=\"307\">Vapme Shisha Hookah 15K chmur<\/strong> urz\u0105dzenia, wspieranego przez 25ml wst\u0119pnie nape\u0142niony zbiornik i wielorazowy system zasilania.<\/p>\n<p data-start=\"385\" data-end=\"653\">To prawdziwy <strong data-start=\"400\" data-end=\"426\">15000 chmur shishy e-papieros<\/strong> zaprojektowany wok\u00f3\u0142 otwartego, g\u0142adkiego ci\u0105gni\u0119cia. System <strong data-start=\"469\" data-end=\"506\">0,6\u03a9 jednorazowego e-papierosa w stylu shishy<\/strong> grza\u0142ki zapewniaj\u0105cej g\u0119stszy dym i szersze wdechy ni\u017c ciasne disposables MTL, daj\u0105c odczucie zbli\u017cone do hookah bez konieczno\u015bci ustawiania, w\u0119gla czy ba\u0142aganu.<\/p>\n<p data-start=\"655\" data-end=\"1025\">Pojemno\u015b\u0107 oparta jest na rzeczywistej obj\u0119to\u015bci p\u0142ynu. Jako <strong data-start=\"702\" data-end=\"728\">Vapme Hookah e-papieros 25ml<\/strong> model, posiada wystarczaj\u0105c\u0105 ilo\u015b\u0107 e-liquidu, aby sprosta\u0107 wysokiemu ratingowi chmur, dzi\u0119ki czemu u\u017cytkownicy nie zu\u017cywaj\u0105 urz\u0105dzenia w kilka dni. Gdy bateria si\u0119 roz\u0142aduje, <strong data-start=\"876\" data-end=\"922\">Type-C wielorazowy e-papieros shisha<\/strong> system umo\u017cliwia szybkie i proste uzupe\u0142nianie, pozwalaj\u0105c u\u017cytkownikom doko\u0144czy\u0107 pe\u0142ny zbiornik zamiast wyrzuca\u0107 go wcze\u015bniej.<\/p>\n<p data-start=\"1027\" data-end=\"1209\">Nikotyna dost\u0119pna jest w dw\u00f3ch rozs\u0105dnych opcjach \u2014 0% dla sesji wy\u0142\u0105cznie smakowych oraz 2% dla lekkiego codziennego uderzenia \u2014 plus szeroka gama smak\u00f3w, aby u\u017cytkownicy mogli trzyma\u0107 si\u0119 tego, co lubi\u0105 przez d\u0142ugi czas.<\/p>\n<p><strong style=\"font-size: 16px;\">Skontaktuj si\u0119 z Amy, aby uzyska\u0107 odpowiedni\u0105 odpowied\u017a i kupon na vape!<\/strong><\/p>\n<p><img fetchpriority=\"high\" decoding=\"async\" class=\"size-full wp-image-2932\" src=\"https:\/\/vapestornado.com\/wp-content\/uploads\/2024\/12\/Vape-Wholesale.jpg\" alt=\"Hurtowa sprzeda\u017c e-papieros\u00f3w\" width=\"229\" height=\"300\" \/><\/p>\n<h3><a href=\"https:\/\/wa.me\/8617776015835\" target=\"_blank\" rel=\"noopener\"><span style=\"color: #ff0000;\"><strong>WhatsApp: +86 17776015835<\/strong><\/span><\/a><\/h3>\n<p>&nbsp;<\/p>\n<h2><strong>Vapme Shisha Hookah 15000 Cechy produktu<\/strong><\/h2>\n<table>\n<thead>\n<tr>\n<th>Funkcja<\/th>\n<th align=\"right\">Specyfikacja<\/th>\n<th>Wyja\u015bnienie<\/th>\n<\/tr>\n<\/thead>\n<tbody>\n<tr>\n<td>Nazwa produktu<\/td>\n<td align=\"right\">Vapme Shisha Hookah 15000<\/td>\n<td>Przejrzysta nazewnictwo dla ponownych zam\u00f3wie\u0144 i wyszukiwania.<\/td>\n<\/tr>\n<tr>\n<td>Pojemno\u015b\u0107 zaci\u0105gni\u0119\u0107<\/td>\n<td align=\"right\">do 15 000 puf\u00f3w<\/td>\n<td>D\u0142u\u017csze u\u017cytkowanie ni\u017c standardowe jednoraz\u00f3wki; mniej wymian.<\/td>\n<\/tr>\n<tr>\n<td>Obj\u0119to\u015b\u0107 E-Liquidu<\/td>\n<td align=\"right\">Wst\u0119pnie nape\u0142nione 25ml<\/td>\n<td>Du\u017cy zbiornik obs\u0142uguje ocen\u0119 15K.<\/td>\n<\/tr>\n<tr>\n<td>Grza\u0142ka \/ Op\u00f3r<\/td>\n<td align=\"right\">0,6\u03a9<\/td>\n<td>Wi\u0119kszy przep\u0142yw powietrza i g\u0119stsza para, bli\u017csza stylowi shishy.<\/td>\n<\/tr>\n<tr>\n<td>Bateria<\/td>\n<td align=\"right\">650mAh \u0142adowalny<\/td>\n<td>Na\u0142aduj, aby korzysta\u0107 z pe\u0142nego zbiornika.<\/td>\n<\/tr>\n<tr>\n<td>\u0141adowanie<\/td>\n<td align=\"right\">USB Typ-C<\/td>\n<td>Standardowy kabel; szybkie uzupe\u0142nianie.<\/td>\n<\/tr>\n<tr>\n<td>Opcje Nikotyny<\/td>\n<td align=\"right\">0% \/ 2%<\/td>\n<td>Wybierz smak tylko lub lekkie uderzenie nikotynowe.<\/td>\n<\/tr>\n<tr>\n<td>Opcje smakowe<\/td>\n<td align=\"right\">24 smaki<\/td>\n<td>Zakres dla r\u00f3\u017cnych preferencji i powtarzaj\u0105cych si\u0119 zakup\u00f3w.<\/td>\n<\/tr>\n<tr>\n<td>Aktywacja<\/td>\n<td align=\"right\">Aktywowany wdechem<\/td>\n<td>Brak przycisk\u00f3w; wdychaj, aby vape'owa\u0107.<\/td>\n<\/tr>\n<\/tbody>\n<\/table>\n<h2 class=\"product-title\"><strong>Lista smak\u00f3w Vapme 15000 E Shisha<\/strong><\/h2>\n<ol start=\"1\">\n<li>Jagoda na Lodzie<\/li>\n<li>Kiwi Marakuja Guawa<\/li>\n<li>Blue Razz Lemonada<\/li>\n<li>Truskawka Kiwi<\/li>\n<li>Mieszanka Jag\u00f3d<\/li>\n<li>Truskawkowa Arbuz<\/li>\n<li>Winogronowy L\u00f3d<\/li>\n<li>Arbuzowy l\u00f3d<\/li>\n<li>Brzoskwinia, mango, ananas<\/li>\n<li>Truskawkowe lody<\/li>\n<li>Brzoskwinia z Lodem<\/li>\n<li>Mango Banan<\/li>\n<li>Wi\u015bnia i jagody<\/li>\n<li>Jagoda i Malina<\/li>\n<li>Mi\u0142o\u015b\u0107 66<\/li>\n<li>Arbuz Byk<\/li>\n<li>Truskawkowe Winogrono<\/li>\n<li>Cukierki truskawkowo-malinowe<\/li>\n<li>Mamba<\/li>\n<li>Arbuz Wi\u015bnia<\/li>\n<li>Mro\u017cone Jab\u0142ko<\/li>\n<li>Cytryna Mi\u0119ta<\/li>\n<li>Czarna porzeczka z lodem<\/li>\n<li>Koktajl Ananasowy<\/li>\n<\/ol>\n<h3>Dlaczego warto wybra\u0107 vapestornado dla Vapme 15000 Puff Vape Hurt?<\/h3>\n<div class=\"flex-shrink-0 flex flex-col relative items-end\">\n<div class=\"pt-0\">\n<div class=\"gizmo-bot-avatar flex h-8 w-8 items-center justify-center overflow-hidden rounded-full\">\n<div class=\"relative p-1 rounded-sm flex items-center justify-center bg-token-main-surface-primary text-token-text-primary h-8 w-8\">\n<p>Witamy w vapestornado, Twoim zaufanym sklepie internetowym z papierosami elektronicznymi premium. Z ponad 5-letnim do\u015bwiadczeniem, oferujemy popularne marki jednorazowych papieros\u00f3w elektronicznych, takie jak Fumot RandM Vape, <a href=\"https:\/\/vapestornado.com\/pl\/product\/vapme-crystal-7000-puffs-rechargeable-disposable-vape-wholesale-cheap-price\/\">Vapme<\/a>, Bang Vape, Waspe Vape, and WGA Vape, itp.<\/p>\n<p>Nasza oferta obejmuje popularne e-papierosy, takie jak <a href=\"https:\/\/vapestornado.com\/pl\/product\/fumot-randm-tornado-15000-puffs-rechargeable-disposable-vape-wholesale\/\">RandM Tornado 15000<\/a>, oraz bogate w smaku opcje, takie jak <a href=\"https:\/\/vapestornado.com\/pl\/product\/waspe-40000-puffs-double-flavour-led-display-disposable-vape-wholesale\/\">WASPE Podw\u00f3jny Smak 40000 Zaci\u0105gni\u0119\u0107<\/a> . Ka\u017cdy produkt jest wybierany z my\u015bl\u0105 o jako\u015bci, warto\u015bci i r\u00f3\u017cnorodno\u015bci, dzi\u0119ki czemu znajdziesz idealne dopasowanie do swoich potrzeb. Odkryj wyj\u0105tkow\u0105 obs\u0142ug\u0119 i szerok\u0105 gam\u0119 najlepszych produkt\u00f3w w cenach hurtowych na vapestornado.<\/p>\n<\/div>\n<h3><\/h3>\n<div class=\"relative p-1 rounded-sm flex items-center justify-center bg-token-main-surface-primary text-token-text-primary h-8 w-8\">\n<h3>FAQS dla Vapme Shisha 15000 Puff Jednorazowy Vape<\/h3>\n<p data-start=\"2743\" data-end=\"2944\"><strong data-start=\"2743\" data-end=\"2812\">1. Czy potrzebuj\u0119 specjalnej \u0142adowarki do Vapme Shisha 15K?<\/strong><br data-start=\"2812\" data-end=\"2815\" \/>Nie. The <strong data-start=\"2823\" data-end=\"2861\">Vapme Shisha 15K jednorazowa<\/strong> \u0142adowanie przez <strong data-start=\"2874\" data-end=\"2888\">USB Typ-C<\/strong>, wi\u0119c dowolny standardowy kabel Type-C i bezpieczny adapter dzia\u0142aj\u0105.<\/p>\n<p data-start=\"2946\" data-end=\"3170\"><strong data-start=\"2946\" data-end=\"3021\">2. Czy Vapme Shisha 15000 jest bli\u017csza shishy czy paleniu papierosa?<\/strong><br data-start=\"3021\" data-end=\"3024\" \/>Przypomina shish\u0119. The <strong data-start=\"3045\" data-end=\"3058\">0,6\u03a9<\/strong> na <strong data-start=\"3066\" data-end=\"3100\">Vapme Shisha 15000 vape<\/strong> daje bardziej otwarte wdechy i g\u0119stszy par\u0119 ni\u017c ciasne disposables MTL.<\/p>\n<p data-start=\"3172\" data-end=\"3428\"><strong data-start=\"3172\" data-end=\"3247\">3. Jakie nikotyny s\u0105 dost\u0119pne w zakresie shishy Vapme 15k?<\/strong><br data-start=\"3247\" data-end=\"3250\" \/>Istniej\u0105 dwie opcje: <strong data-start=\"3273\" data-end=\"3279\">0%<\/strong> dla nikotyny brak i <strong data-start=\"3300\" data-end=\"3306\">2%<\/strong> dla lekkiego, sta\u0142ego uderzenia. Wersja <strong data-start=\"3336\" data-end=\"3377\">Vapme 150000 Shisha 2% z nikotyn\u0105<\/strong> odpowiada palaczom, kt\u00f3rzy chc\u0105 czego\u015b umiarkowanego.<\/p>\n<p data-start=\"3430\" data-end=\"3683\"><strong data-start=\"3430\" data-end=\"3510\">4. Jak d\u0142ugo wytrzymuje jednorazowa shisha Vapme 15000 przy codziennym u\u017cytkowaniu?<\/strong><br data-start=\"3510\" data-end=\"3513\" \/>U\u017cytkowanie si\u0119 r\u00f3\u017cni, ale <strong data-start=\"3535\" data-end=\"3557\">ocena 15 000 puf\u00f3w<\/strong> plus <strong data-start=\"3563\" data-end=\"3578\">25 ml p\u0142ynu<\/strong> zazwyczaj trwa znacznie d\u0142u\u017cej ni\u017c ma\u0142e disposables, szczeg\u00f3lnie gdy \u0142aduje si\u0119 bateri\u0119 w razie potrzeby.<\/p>\n<p data-start=\"3685\" data-end=\"3961\"><strong data-start=\"3685\" data-end=\"3758\">5. Jakie smaki s\u0105 dost\u0119pne dla Vapme Shisha 15k puf\u00f3w?<\/strong><br data-start=\"3758\" data-end=\"3761\" \/>Taki <strong data-start=\"3765\" data-end=\"3801\">Vapme <\/strong>\u00a0linia vape oferuje <strong data-start=\"3814\" data-end=\"3828\">24 smaki<\/strong>, obejmuj\u0105c owoce, l\u00f3d i s\u0142odsze mieszanki. Sklepy mog\u0105 zaopatrywa\u0107 si\u0119 w r\u00f3\u017cne smaki w zale\u017cno\u015bci od lokalnego popytu, a u\u017cytkownicy mog\u0105 trzyma\u0107 si\u0119 znanego profilu.<\/p>\n<\/div>\n<\/div>\n<\/div>\n<\/div>","protected":false},"excerpt":{"rendered":"<p>Vapme Shisha Hookah 15000 Jednorazowy e-papieros na hurtowe zakupy tanio<br \/>\nVapme 15K Chmurka Jednorazowa Shisha Hookah Hurtowa Cena<br \/>\nVapme Shisha 15k Wielorazowy e-papieros z pe\u0142nymi smakami na stanie<\/p>\n<p><strong>Dodaj Amy do WhatsAppa, aby uzyska\u0107 szybk\u0105 odpowied\u017a i kupon na vape!<\/strong><\/p>\n<p><img fetchpriority=\"high\" decoding=\"async\" class=\"size-full wp-image-2932\" src=\"https:\/\/vapestornado.com\/wp-content\/uploads\/2024\/12\/Vape-Wholesale.jpg\" alt=\"Hurtowa sprzeda\u017c e-papieros\u00f3w\" width=\"229\" height=\"300\" \/><\/p>\n<h3><a href=\"https:\/\/wa.me\/8617776015835\"><span style=\"color: #ff0000;\"><strong>WhatsApp: +86 17776015835<\/strong><\/span><\/a><\/h3>\n<p>&nbsp;<\/p>","protected":false},"featured_media":3094,"comment_status":"open","ping_status":"closed","template":"","meta":{"_acf_changed":false,"_uag_custom_page_level_css":"","_lmt_disableupdate":"no","_lmt_disable":"","_monsterinsights_skip_tracking":false,"_monsterinsights_sitenote_active":false,"_monsterinsights_sitenote_note":"","_monsterinsights_sitenote_category":0,"site-sidebar-layout":"default","site-content-layout":"","ast-site-content-layout":"default","site-content-style":"default","site-sidebar-style":"default","ast-global-header-display":"","ast-banner-title-visibility":"","ast-main-header-display":"","ast-hfb-above-header-display":"","ast-hfb-below-header-display":"","ast-hfb-mobile-header-display":"","site-post-title":"","ast-breadcrumbs-content":"","ast-featured-img":"","footer-sml-layout":"","ast-disable-related-posts":"","theme-transparent-header-meta":"default","adv-header-id-meta":"","stick-header-meta":"","header-above-stick-meta":"","header-main-stick-meta":"","header-below-stick-meta":"","astra-migrate-meta-layouts":"set","ast-page-background-enabled":"default","ast-page-background-meta":{"desktop":{"background-color":"","background-image":"","background-repeat":"repeat","background-position":"center center","background-size":"auto","background-attachment":"scroll","background-type":"","background-media":"","overlay-type":"","overlay-color":"","overlay-opacity":"","overlay-gradient":""},"tablet":{"background-color":"","background-image":"","background-repeat":"repeat","background-position":"center center","background-size":"auto","background-attachment":"scroll","background-type":"","background-media":"","overlay-type":"","overlay-color":"","overlay-opacity":"","overlay-gradient":""},"mobile":{"background-color":"","background-image":"","background-repeat":"repeat","background-position":"center center","background-size":"auto","background-attachment":"scroll","background-type":"","background-media":"","overlay-type":"","overlay-color":"","overlay-opacity":"","overlay-gradient":""}},"ast-content-background-meta":{"desktop":{"background-color":"var(--ast-global-color-5)","background-image":"","background-repeat":"repeat","background-position":"center center","background-size":"auto","background-attachment":"scroll","background-type":"","background-media":"","overlay-type":"","overlay-color":"","overlay-opacity":"","overlay-gradient":""},"tablet":{"background-color":"var(--ast-global-color-5)","background-image":"","background-repeat":"repeat","background-position":"center center","background-size":"auto","background-attachment":"scroll","background-type":"","background-media":"","overlay-type":"","overlay-color":"","overlay-opacity":"","overlay-gradient":""},"mobile":{"background-color":"var(--ast-global-color-5)","background-image":"","background-repeat":"repeat","background-position":"center center","background-size":"auto","background-attachment":"scroll","background-type":"","background-media":"","overlay-type":"","overlay-color":"","overlay-opacity":"","overlay-gradient":""}},"_joinchat":{"telephone":"+8617776015835"}},"product_brand":[],"product_cat":[71,150,154,156,144,146,147,61],"product_tag":[131,93,132,130],"class_list":{"0":"post-3099","1":"product","2":"type-product","3":"status-publish","4":"has-post-thumbnail","6":"product_cat-15000-puff","7":"product_cat-buy-disposable-vapes-in-belgium","8":"product_cat-buy-disposable-vapes-in-netherlands","9":"product_cat-buy-disposable-vapes-in-poland","10":"product_cat-low-nicotine-disposable-vapes","11":"product_cat-rechargeable-disposable-vapes","12":"product_cat-shisha-hookah-disposable-vapes","13":"product_cat-vapme-shisha","14":"product_tag-shisha-hookah","15":"product_tag-vape-wholesale","16":"product_tag-vapme-shisha-15000","17":"product_tag-vapme-shisha-hookah-15000","18":"desktop-align-left","19":"tablet-align-left","20":"mobile-align-left","22":"first","23":"instock","24":"sale","25":"shipping-taxable","26":"purchasable","27":"product-type-simple"},"acf":[],"uagb_featured_image_src":{"full":["https:\/\/vapestornado.com\/wp-content\/uploads\/2024\/12\/JNR-Vapme-Shisha-Hookah-15000-Wholesale.jpg",1126,1126,false],"thumbnail":["https:\/\/vapestornado.com\/wp-content\/uploads\/2024\/12\/JNR-Vapme-Shisha-Hookah-15000-Wholesale-150x150.jpg",150,150,true],"medium":["https:\/\/vapestornado.com\/wp-content\/uploads\/2024\/12\/JNR-Vapme-Shisha-Hookah-15000-Wholesale-300x300.jpg",300,300,true],"medium_large":["https:\/\/vapestornado.com\/wp-content\/uploads\/2024\/12\/JNR-Vapme-Shisha-Hookah-15000-Wholesale-768x768.jpg",768,768,true],"large":["https:\/\/vapestornado.com\/wp-content\/uploads\/2024\/12\/JNR-Vapme-Shisha-Hookah-15000-Wholesale-1024x1024.jpg",1024,1024,true],"1536x1536":["https:\/\/vapestornado.com\/wp-content\/uploads\/2024\/12\/JNR-Vapme-Shisha-Hookah-15000-Wholesale.jpg",1126,1126,false],"2048x2048":["https:\/\/vapestornado.com\/wp-content\/uploads\/2024\/12\/JNR-Vapme-Shisha-Hookah-15000-Wholesale.jpg",1126,1126,false],"trp-custom-language-flag":["https:\/\/vapestornado.com\/wp-content\/uploads\/2024\/12\/JNR-Vapme-Shisha-Hookah-15000-Wholesale.jpg",12,12,false],"woocommerce_thumbnail":["https:\/\/vapestornado.com\/wp-content\/uploads\/2024\/12\/JNR-Vapme-Shisha-Hookah-15000-Wholesale-300x300.jpg",300,300,true],"woocommerce_single":["https:\/\/vapestornado.com\/wp-content\/uploads\/2024\/12\/JNR-Vapme-Shisha-Hookah-15000-Wholesale-600x600.jpg",600,600,true],"woocommerce_gallery_thumbnail":["https:\/\/vapestornado.com\/wp-content\/uploads\/2024\/12\/JNR-Vapme-Shisha-Hookah-15000-Wholesale-100x100.jpg",100,100,true]},"uagb_author_info":{"display_name":"ESAMY","author_link":"https:\/\/vapestornado.com\/pl\/author\/"},"uagb_comment_info":0,"uagb_excerpt":"Vapme Shisha Hookah 15000 Disposable Vape Bulk Buy Cheap Price Vapme 15K Puff Disposable Shisha Hookah Wholesale Price Vapme Shisha 15k Rechargeable Vape with Full Flavors in Stock Add Amy's whatsapp get right reply and vape vape coupon! WhatsApp: +86 17776015835 &nbsp;","_links":{"self":[{"href":"https:\/\/vapestornado.com\/pl\/wp-json\/wp\/v2\/product\/3099","targetHints":{"allow":["GET"]}}],"collection":[{"href":"https:\/\/vapestornado.com\/pl\/wp-json\/wp\/v2\/product"}],"about":[{"href":"https:\/\/vapestornado.com\/pl\/wp-json\/wp\/v2\/types\/product"}],"replies":[{"embeddable":true,"href":"https:\/\/vapestornado.com\/pl\/wp-json\/wp\/v2\/comments?post=3099"}],"wp:featuredmedia":[{"embeddable":true,"href":"https:\/\/vapestornado.com\/pl\/wp-json\/wp\/v2\/media\/3094"}],"wp:attachment":[{"href":"https:\/\/vapestornado.com\/pl\/wp-json\/wp\/v2\/media?parent=3099"}],"wp:term":[{"taxonomy":"product_brand","embeddable":true,"href":"https:\/\/vapestornado.com\/pl\/wp-json\/wp\/v2\/product_brand?post=3099"},{"taxonomy":"product_cat","embeddable":true,"href":"https:\/\/vapestornado.com\/pl\/wp-json\/wp\/v2\/product_cat?post=3099"},{"taxonomy":"product_tag","embeddable":true,"href":"https:\/\/vapestornado.com\/pl\/wp-json\/wp\/v2\/product_tag?post=3099"}],"curies":[{"name":"wp","href":"https:\/\/api.w.org\/{rel}","templated":true}]}}