{"id":3083,"date":"2024-12-11T09:26:24","date_gmt":"2024-12-11T09:26:24","guid":{"rendered":"https:\/\/vapestornado.com\/?post_type=product&#038;p=3083"},"modified":"2025-08-23T11:13:51","modified_gmt":"2025-08-23T11:13:51","slug":"randm-vape-tornado-7000-puffs-disposable-vape-bulk-buy-price-germany","status":"publish","type":"product","link":"https:\/\/vapestornado.com\/pl\/product\/randm-vape-tornado-7000-puffs-disposable-vape-bulk-buy-price-germany\/","title":{"rendered":"RandM Vape Tornado 7000 Puffs Jednorazowy Vape Cena Hurtowa Niemcy"},"content":{"rendered":"<h1 class=\"product-title\">RandM Vape Tornado 7000 Puffs Jednorazowy Vape Cena Hurtowa Niemcy<\/h1>\n<p data-start=\"178\" data-end=\"507\">Cyfrowy ekran <strong data-start=\"182\" data-end=\"220\">RandM Tornado 7000 Jednorazowy E-papieros<\/strong> jest silnym sprzedawc\u0105 na rynku polskim, \u0142\u0105cz\u0105c niezawodne dzia\u0142anie z szerok\u0105 gam\u0105 smak\u00f3w w konkurencyjnej cenie <strong data-start=\"336\" data-end=\"354\">ceny zakupu hurtowego<\/strong>. Z maksymalnie <strong data-start=\"367\" data-end=\"391\">7000 zaci\u0105gni\u0119\u0107 na urz\u0105dzenie<\/strong>, ten model oferuje sprzedawcom detalicznym przyst\u0119pn\u0105 cenowo, a jednocze\u015bnie trwa\u0142\u0105 opcj\u0119 dla klient\u00f3w poszukuj\u0105cych zar\u00f3wno smaku, jak i wygody.<span id=\"1\" class=\"notranslate immersive-translate-target-wrapper\" lang=\"zh-CN\" translate=\"no\" data-immersive-translate-loading-id=\"\">\u00a0 <\/span><\/p>\n<p data-start=\"509\" data-end=\"785\">Wyposa\u017cony w <strong data-start=\"525\" data-end=\"557\">akumulatorem 1000 mAh z mo\u017cliwo\u015bci\u0105 ponownego \u0142adowania<\/strong> i <strong data-start=\"562\" data-end=\"586\">Szybkie \u0142adowanie typu C<\/strong>, RandM 7K zapewnia ci\u0105g\u0142e u\u017cytkowanie bez marnowania e-liquidu. A <strong data-start=\"654\" data-end=\"683\">regulowany system przep\u0142ywu powietrza<\/strong> pozwala u\u017cytkownikom prze\u0142\u0105cza\u0107 si\u0119 mi\u0119dzy cia\u015bniejszymi lub bardziej otwartymi zaci\u0105gni\u0119ciami, dzi\u0119ki czemu jest odpowiedni dla r\u00f3\u017cnych preferencji.<\/p>\n<p data-start=\"787\" data-end=\"1022\">Dzi\u0119ki <strong data-start=\"792\" data-end=\"816\">56 r\u00f3\u017cnorodnych smak\u00f3w<\/strong> od owocowych po deserowe, to urz\u0105dzenie zaspokaja r\u00f3\u017cnorodne gusta polskich klient\u00f3w. The <strong data-start=\"915\" data-end=\"938\">format o niskiej zawarto\u015bci nikotyny<\/strong> (2% lub mniej) czyni go atrakcyjn\u0105 opcj\u0105 dla waper\u00f3w poszukuj\u0105cych \u0142agodniejszych sesji.<\/p>\n<p data-start=\"1024\" data-end=\"1096\">Dla dystrybutor\u00f3w i w\u0142a\u015bcicieli sklep\u00f3w <strong data-start=\"1062\" data-end=\"1084\">RandM Tornado 7000<\/strong> zapewnia:<\/p>\n<ul data-start=\"1097\" data-end=\"1349\">\n<li data-start=\"1097\" data-end=\"1151\">\n<p data-start=\"1099\" data-end=\"1151\">\u015arednia pojemno\u015b\u0107 zaci\u0105gni\u0119\u0107, idealna do codziennej sprzeda\u017cy<\/p>\n<\/li>\n<li data-start=\"1152\" data-end=\"1200\">\n<p data-start=\"1154\" data-end=\"1200\">Szeroki katalog smak\u00f3w dla powtarzalnych zakup\u00f3w<\/p>\n<\/li>\n<li data-start=\"1201\" data-end=\"1257\">\n<p data-start=\"1203\" data-end=\"1257\">Konstrukcja z mo\u017cliwo\u015bci\u0105 \u0142adowania, zmniejszaj\u0105ca liczb\u0119 zwrot\u00f3w i reklamacji<\/p>\n<\/li>\n<li data-start=\"1258\" data-end=\"1349\">\n<p data-start=\"1260\" data-end=\"1349\"><strong data-start=\"1260\" data-end=\"1312\">Opakowania hurtowe i konkurencyjne ceny hurtowe<\/strong> dostosowane do rynk\u00f3w UE i Polski<\/p>\n<\/li>\n<\/ul>\n<p><strong>Dodaj Amy na WhatsApp, aby uzyska\u0107 szybk\u0105 odpowied\u017a i kupon na vape!<\/strong><\/p>\n<p><img fetchpriority=\"high\" decoding=\"async\" class=\"size-full wp-image-2932\" src=\"https:\/\/vapestornado.com\/wp-content\/uploads\/2024\/12\/Vape-Wholesale.jpg\" alt=\"Hurtowa sprzeda\u017c e-papieros\u00f3w\" width=\"229\" height=\"300\" \/><\/p>\n<h3><a href=\"https:\/\/wa.me\/8617776015835\" target=\"_blank\" rel=\"noopener\"><span style=\"color: #ff0000;\"><strong>WhatsApp: +86 17776015835<\/strong><\/span><\/a><\/h3>\n<p>&nbsp;<\/p>\n<h2><strong>Cechy produktu RandM Tornado 7000<\/strong><\/h2>\n<p>Zintegrowana bateria 1000mAh<br \/>\nAkumulator do wielokrotnego \u0142adowania<br \/>\n7000 zaci\u0105gni\u0119\u0107 na urz\u0105dzenie<br \/>\nKontrola przep\u0142ywu powietrza<br \/>\n56 dost\u0119pnych smak\u00f3w<br \/>\n\u0141adowany przez USB-C<\/p>\n<h2 class=\"product-title\"><strong>Lista smak\u00f3w RandM Tornado 7000<\/strong><\/h2>\n<p>1 Mi\u0119ta Ch\u0142odna<br \/>\n2 Soczysty L\u00f3d<br \/>\n3 Mandarynkowy L\u00f3d<br \/>\n4 Truskawkowy P\u0105czek<br \/>\n5 \u017belkowy Mi\u015b<br \/>\n6 Jagoda Na Lodzie<br \/>\n7 Mango z lodem<br \/>\n8 Brzoskwinia z lodem<br \/>\n9 Banan z lodem<br \/>\n10 Winogrono z lodem<br \/>\n11 R\u00f3\u017cowa lemoniada<br \/>\n12 Rum Pina Colada<br \/>\n13 Mieszane jagody<br \/>\n14 Koktajl mleczny bananowy<br \/>\n15 Truskawka z arbuzem<br \/>\n16 Czerwone jab\u0142ko z cytryn\u0105<br \/>\n17 Ananas z lodem<br \/>\n18 Wata cukrowa<br \/>\n19 Truskawka z bananem<br \/>\n20 Truskawka z lodem<br \/>\n21 Truskawka z kiwi<br \/>\n22. Czerwona energia z lodem<br \/>\n23. Blue Razz Lemonade<br \/>\n24. Czerwone jab\u0142ko z lodem<br \/>\n25. Berry Lemonade<br \/>\n26. Guma balonowa jagodowa<br \/>\n27. Bluesour Raspberry<br \/>\n28. Dr Blue<br \/>\n29. Jab\u0142ko Brzoskwinia Gruszka<br \/>\n30. Jagoda Granat<br \/>\n31. Vimto<br \/>\n32. Kiwi Marakuja Guawa<br \/>\n33. Colaice<br \/>\n34. Kwa\u015bne Jab\u0142ko<br \/>\n35. Czarna Porzeczka Mentol<br \/>\n36. Tygrysia Krew<br \/>\n37. Brzoskwinia Jagoda Cukierki<br \/>\n38. Brzoskwinia Mango<br \/>\n39. Truskawkowy Red Bull<br \/>\n40. Czarna Porzeczka Ice<br \/>\n41. Truskawkowo-arbuzowa lemoniada<br \/>\n42. Wi\u015bnia<br \/>\n43. Niebieska Malina Wi\u015bnia<br \/>\n44. Skittles<br \/>\n45. Jagoda Malina<br \/>\n46. Truskawkowe Winogrono<br \/>\n47. Jagoda Wi\u015bnia \u017burawina<br \/>\n48. Jab\u0142kowy Wybuch Jag\u00f3d<br \/>\n49. Wi\u015bniowa Cola<br \/>\n50. Cytryna<br \/>\n51. R\u00f3\u017cowy Wybuch<br \/>\n52. Pacific Cooler<br \/>\n53. Ice Pop<br \/>\n54. Bingo Crush<\/p>\n<h2>Dlaczego warto wybra\u0107 VapesTornado do hurtowej sprzeda\u017cy Fumot RandM 7k Vape?<\/h2>\n<div class=\"flex-shrink-0 flex flex-col relative items-end\">\n<div class=\"pt-0\">\n<div class=\"gizmo-bot-avatar flex h-8 w-8 items-center justify-center overflow-hidden rounded-full\">\n<div class=\"relative p-1 rounded-sm flex items-center justify-center bg-token-main-surface-primary text-token-text-primary h-8 w-8\">\n<p>Witamy w vapestornado, Twoim zaufanym sklepie internetowym z papierosami elektronicznymi premium. Z ponad 5-letnim do\u015bwiadczeniem, oferujemy popularne marki jednorazowych papieros\u00f3w elektronicznych, takie jak Fumot RandM Vape, <a href=\"https:\/\/vapestornado.com\/pl\/product\/vapme-crystal-7000-puffs-rechargeable-disposable-vape-wholesale-cheap-price\/\">Vapme<\/a>, Bang Vape, Waspe Vape, and WGA Vape, itp.<\/p>\n<p>Nasza oferta obejmuje popularne e-papierosy, takie jak <a href=\"https:\/\/vapestornado.com\/pl\/product\/fumot-randm-tornado-15000-puffs-rechargeable-disposable-vape-wholesale\/\">RandM Tornado 15000<\/a>, oraz bogate w smaku opcje, takie jak <a href=\"https:\/\/vapestornado.com\/pl\/product\/waspe-40000-puffs-double-flavour-led-display-disposable-vape-wholesale\/\">WASPE Podw\u00f3jny Smak 40000 Zaci\u0105gni\u0119\u0107<\/a> . Ka\u017cdy produkt jest wybierany z my\u015bl\u0105 o jako\u015bci, warto\u015bci i r\u00f3\u017cnorodno\u015bci, dzi\u0119ki czemu znajdziesz idealne dopasowanie do swoich potrzeb. Odkryj wyj\u0105tkow\u0105 obs\u0142ug\u0119 i szerok\u0105 gam\u0119 najlepszych produkt\u00f3w w cenach hurtowych na vapestornado.<\/p>\n<\/div>\n<h3><\/h3>\n<div class=\"relative p-1 rounded-sm flex items-center justify-center bg-token-main-surface-primary text-token-text-primary h-8 w-8\">\n<h2>FAQS dla jednorazowego e-papierosa RandM 7000 Music<\/h2>\n<\/div>\n<\/div>\n<\/div>\n<\/div>\n<div class=\"flex-shrink-0 flex flex-col relative items-end\">\n<div class=\"pt-0\">\n<div class=\"gizmo-bot-avatar flex h-8 w-8 items-center justify-center overflow-hidden rounded-full\">\n<div class=\"relative p-1 rounded-sm flex items-center justify-center bg-token-main-surface-primary text-token-text-primary h-8 w-8\">\n<div class=\"mb-2 flex gap-3 empty:hidden -ml-2\">\n<h3><\/h3>\n<ol>\n<li><strong>Ile zaci\u0105gni\u0119\u0107 zapewnia RandM 7000?<\/strong><br \/>\nRandM 7000 zapewnia imponuj\u0105c\u0105 liczb\u0119 7000 zaci\u0105gni\u0119\u0107 na urz\u0105dzenie, co gwarantuje d\u0142ugotrwa\u0142e u\u017cytkowanie podczas ka\u017cdej sesji wapowania.<\/li>\n<li><strong>Czy RandM 7000 mo\u017cna \u0142adowa\u0107?<\/strong><br \/>\nTak, urz\u0105dzenie jest wyposa\u017cone w akumulator 1000 mAh i obs\u0142uguje szybkie \u0142adowanie za pomoc\u0105 portu Type-C, co zapewnia wygod\u0119.<\/li>\n<li><strong>Ile smak\u00f3w jest dost\u0119pnych dla Fumot Tornado 7000?<\/strong><br \/>\nFumot Tornado 7000 wyst\u0119puje w 56 r\u00f3\u017cnych smakach, oferuj\u0105c szerok\u0105 gam\u0119, aby zaspokoi\u0107 r\u00f3\u017cnorodne preferencje.<\/li>\n<li><strong>Czy RandM Tornado 7k jest odpowiedni dla u\u017cytkownik\u00f3w preferuj\u0105cych nisk\u0105 zawarto\u015b\u0107 nikotyny?<\/strong><br \/>\nTak, RandM Tornado 7k to <strong>jednorazowego e-papierosa o niskiej zawarto\u015bci nikotyny<\/strong>, co czyni go \u015bwietn\u0105 opcj\u0105 dla tych, kt\u00f3rzy wol\u0105 \u0142agodniejsze i bardziej subtelne doznania podczas wapowania.<\/li>\n<li><strong>Czy mog\u0119 kupi\u0107 RandM Tornado 7000 hurtowo po cenach hurtowych?<\/strong><br \/>\nOczywi\u015bcie! RandM Tornado 7000 jest dost\u0119pny w sprzeda\u017cy <strong>ceny hurtowe vape<\/strong>, oferuj\u0105c konkurencyjne ceny hurtowe dla sprzedawc\u00f3w detalicznych w Polsce i poza ni\u0105.<\/li>\n<\/ol>\n<p>&nbsp;<\/p>\n<\/div>\n<\/div>\n<\/div>\n<\/div>\n<\/div>\n<div class=\"group\/conversation-turn relative flex w-full min-w-0 flex-col agent-turn\">\n<div class=\"flex-col gap-1 md:gap-3\">\n<div class=\"flex max-w-full flex-col flex-grow\">\n<div class=\"min-h-8 text-message flex w-full flex-col items-end gap-2 whitespace-normal break-words [.text-message+&amp;]:mt-5\" dir=\"auto\" data-message-author-role=\"assistant\" data-message-id=\"db716a1c-9ed0-4b8d-b3b0-7bdb913c3d42\" data-message-model-slug=\"gpt-4o\">\n<div class=\"flex w-full flex-col gap-1 empty:hidden first:pt-[3px]\">\n<div class=\"markdown prose w-full break-words dark:prose-invert light\">\n<p>&nbsp;<\/p>\n<\/div>\n<\/div>\n<\/div>\n<\/div>\n<\/div>\n<\/div>","protected":false},"excerpt":{"rendered":"<p>Cyfrowy ekran <strong data-start=\"1398\" data-end=\"1426\">RandM Tornado 7000 Zaci\u0105gni\u0119\u0107<\/strong> oferuje 56 smak\u00f3w, akumulator o pojemno\u015bci 1000mAh z mo\u017cliwo\u015bci\u0105 \u0142adowania i regulowany przep\u0142yw powietrza. Jednorazowy e-papieros o \u015bredniej pojemno\u015bci, zaprojektowany dla <strong data-start=\"1545\" data-end=\"1578\">hurtowych nabywc\u00f3w w Polsce<\/strong> w konkurencyjnych cenach.<\/p>\n<p><strong>Dodaj Amy do WhatsAppa, aby uzyska\u0107 szybk\u0105 odpowied\u017a i kupon na vape!<\/strong><\/p>\n<p><img fetchpriority=\"high\" decoding=\"async\" class=\"size-full wp-image-2932\" src=\"https:\/\/vapestornado.com\/wp-content\/uploads\/2024\/12\/Vape-Wholesale.jpg\" alt=\"Hurtowa sprzeda\u017c e-papieros\u00f3w\" width=\"229\" height=\"300\" \/><\/p>\n<h3><a href=\"https:\/\/wa.me\/8617776015835\"><span style=\"color: #ff0000;\"><strong>WhatsApp: +86 17776015835<\/strong><\/span><\/a><\/h3>\n<p>&nbsp;<\/p>","protected":false},"featured_media":3080,"comment_status":"open","ping_status":"closed","template":"","meta":{"_acf_changed":false,"_uag_custom_page_level_css":"","_lmt_disableupdate":"no","_lmt_disable":"","_monsterinsights_skip_tracking":false,"_monsterinsights_sitenote_active":false,"_monsterinsights_sitenote_note":"","_monsterinsights_sitenote_category":0,"site-sidebar-layout":"default","site-content-layout":"","ast-site-content-layout":"default","site-content-style":"default","site-sidebar-style":"default","ast-global-header-display":"","ast-banner-title-visibility":"","ast-main-header-display":"","ast-hfb-above-header-display":"","ast-hfb-below-header-display":"","ast-hfb-mobile-header-display":"","site-post-title":"","ast-breadcrumbs-content":"","ast-featured-img":"","footer-sml-layout":"","ast-disable-related-posts":"","theme-transparent-header-meta":"default","adv-header-id-meta":"","stick-header-meta":"","header-above-stick-meta":"","header-main-stick-meta":"","header-below-stick-meta":"","astra-migrate-meta-layouts":"set","ast-page-background-enabled":"default","ast-page-background-meta":{"desktop":{"background-color":"","background-image":"","background-repeat":"repeat","background-position":"center center","background-size":"auto","background-attachment":"scroll","background-type":"","background-media":"","overlay-type":"","overlay-color":"","overlay-opacity":"","overlay-gradient":""},"tablet":{"background-color":"","background-image":"","background-repeat":"repeat","background-position":"center center","background-size":"auto","background-attachment":"scroll","background-type":"","background-media":"","overlay-type":"","overlay-color":"","overlay-opacity":"","overlay-gradient":""},"mobile":{"background-color":"","background-image":"","background-repeat":"repeat","background-position":"center center","background-size":"auto","background-attachment":"scroll","background-type":"","background-media":"","overlay-type":"","overlay-color":"","overlay-opacity":"","overlay-gradient":""}},"ast-content-background-meta":{"desktop":{"background-color":"var(--ast-global-color-5)","background-image":"","background-repeat":"repeat","background-position":"center center","background-size":"auto","background-attachment":"scroll","background-type":"","background-media":"","overlay-type":"","overlay-color":"","overlay-opacity":"","overlay-gradient":""},"tablet":{"background-color":"var(--ast-global-color-5)","background-image":"","background-repeat":"repeat","background-position":"center center","background-size":"auto","background-attachment":"scroll","background-type":"","background-media":"","overlay-type":"","overlay-color":"","overlay-opacity":"","overlay-gradient":""},"mobile":{"background-color":"var(--ast-global-color-5)","background-image":"","background-repeat":"repeat","background-position":"center center","background-size":"auto","background-attachment":"scroll","background-type":"","background-media":"","overlay-type":"","overlay-color":"","overlay-opacity":"","overlay-gradient":""}},"_joinchat":{"telephone":"+8617776015835"}},"product_brand":[],"product_cat":[74,151,152,143,58,144,148],"product_tag":[83,128,127,129,78,114,93],"class_list":{"0":"post-3083","1":"product","2":"type-product","3":"status-publish","4":"has-post-thumbnail","6":"product_cat-7000-puff","7":"product_cat-buy-disposable-vapes-in-france","8":"product_cat-buy-disposable-vapes-in-cermany","9":"product_cat-dual-mesh-disposable-vapes","10":"product_cat-fumot-vape","11":"product_cat-low-nicotine-disposable-vapes","12":"product_cat-tornado-disposable-vapes","13":"product_tag-fumot-vape","14":"product_tag-randm-7000","15":"product_tag-randm-tornado-7000","16":"product_tag-randm-tornado-7000-germany","17":"product_tag-randm-vape","18":"product_tag-tornado-vape","19":"product_tag-vape-wholesale","20":"desktop-align-left","21":"tablet-align-left","22":"mobile-align-left","24":"first","25":"instock","26":"sale","27":"shipping-taxable","28":"purchasable","29":"product-type-simple"},"acf":[],"uagb_featured_image_src":{"full":["https:\/\/vapestornado.com\/wp-content\/uploads\/2024\/12\/RandM-Tornado-7000-Puffs-Disposable-Vape.jpg",1126,1126,false],"thumbnail":["https:\/\/vapestornado.com\/wp-content\/uploads\/2024\/12\/RandM-Tornado-7000-Puffs-Disposable-Vape-150x150.jpg",150,150,true],"medium":["https:\/\/vapestornado.com\/wp-content\/uploads\/2024\/12\/RandM-Tornado-7000-Puffs-Disposable-Vape-300x300.jpg",300,300,true],"medium_large":["https:\/\/vapestornado.com\/wp-content\/uploads\/2024\/12\/RandM-Tornado-7000-Puffs-Disposable-Vape-768x768.jpg",768,768,true],"large":["https:\/\/vapestornado.com\/wp-content\/uploads\/2024\/12\/RandM-Tornado-7000-Puffs-Disposable-Vape-1024x1024.jpg",1024,1024,true],"1536x1536":["https:\/\/vapestornado.com\/wp-content\/uploads\/2024\/12\/RandM-Tornado-7000-Puffs-Disposable-Vape.jpg",1126,1126,false],"2048x2048":["https:\/\/vapestornado.com\/wp-content\/uploads\/2024\/12\/RandM-Tornado-7000-Puffs-Disposable-Vape.jpg",1126,1126,false],"trp-custom-language-flag":["https:\/\/vapestornado.com\/wp-content\/uploads\/2024\/12\/RandM-Tornado-7000-Puffs-Disposable-Vape.jpg",12,12,false],"woocommerce_thumbnail":["https:\/\/vapestornado.com\/wp-content\/uploads\/2024\/12\/RandM-Tornado-7000-Puffs-Disposable-Vape-300x300.jpg",300,300,true],"woocommerce_single":["https:\/\/vapestornado.com\/wp-content\/uploads\/2024\/12\/RandM-Tornado-7000-Puffs-Disposable-Vape-600x600.jpg",600,600,true],"woocommerce_gallery_thumbnail":["https:\/\/vapestornado.com\/wp-content\/uploads\/2024\/12\/RandM-Tornado-7000-Puffs-Disposable-Vape-100x100.jpg",100,100,true]},"uagb_author_info":{"display_name":"ESAMY","author_link":"https:\/\/vapestornado.com\/pl\/author\/"},"uagb_comment_info":0,"uagb_excerpt":"The RandM Tornado 7000 Puffs offers 56 flavours, 1000mAh rechargeable battery, and adjustable airflow. A mid-capacity disposable vape designed for Germany wholesale bulk buyers at competitive prices. Add Amy's whatsapp get right reply and vape vape coupon! WhatsApp: +86 17776015835 &nbsp;","_links":{"self":[{"href":"https:\/\/vapestornado.com\/pl\/wp-json\/wp\/v2\/product\/3083","targetHints":{"allow":["GET"]}}],"collection":[{"href":"https:\/\/vapestornado.com\/pl\/wp-json\/wp\/v2\/product"}],"about":[{"href":"https:\/\/vapestornado.com\/pl\/wp-json\/wp\/v2\/types\/product"}],"replies":[{"embeddable":true,"href":"https:\/\/vapestornado.com\/pl\/wp-json\/wp\/v2\/comments?post=3083"}],"wp:featuredmedia":[{"embeddable":true,"href":"https:\/\/vapestornado.com\/pl\/wp-json\/wp\/v2\/media\/3080"}],"wp:attachment":[{"href":"https:\/\/vapestornado.com\/pl\/wp-json\/wp\/v2\/media?parent=3083"}],"wp:term":[{"taxonomy":"product_brand","embeddable":true,"href":"https:\/\/vapestornado.com\/pl\/wp-json\/wp\/v2\/product_brand?post=3083"},{"taxonomy":"product_cat","embeddable":true,"href":"https:\/\/vapestornado.com\/pl\/wp-json\/wp\/v2\/product_cat?post=3083"},{"taxonomy":"product_tag","embeddable":true,"href":"https:\/\/vapestornado.com\/pl\/wp-json\/wp\/v2\/product_tag?post=3083"}],"curies":[{"name":"wp","href":"https:\/\/api.w.org\/{rel}","templated":true}]}}