{"id":3076,"date":"2024-12-11T08:15:21","date_gmt":"2024-12-11T08:15:21","guid":{"rendered":"https:\/\/vapestornado.com\/?post_type=product&#038;p=3076"},"modified":"2025-12-09T09:39:23","modified_gmt":"2025-12-09T09:39:23","slug":"randm-tornado-30000-puffs-music-rechargeable-disposable-vape-pen-wholesale","status":"publish","type":"product","link":"https:\/\/vapestornado.com\/pl\/product\/randm-tornado-30000-puffs-music-rechargeable-disposable-vape-pen-wholesale\/","title":{"rendered":"RandM Tornado 30000 zaci\u0105gni\u0119\u0107, jednorazowy vape z muzyk\u0105 i mo\u017cliwo\u015bci\u0105 \u0142adowania, hurtownia"},"content":{"rendered":"<h1 class=\"product-title\">RandM Tornado 30000 zaci\u0105gni\u0119\u0107, jednorazowy vape z muzyk\u0105 i mo\u017cliwo\u015bci\u0105 \u0142adowania, hurtownia<\/h1>\n<p data-start=\"1141\" data-end=\"1425\">Fumot RandM Tornado 30000 Puffs to \u0142adowalny jednorazowy waporyzator na 30 000 zaci\u0105gni\u0119\u0107 z grza\u0142k\u0105 mesh 1.0\u03a9 i o\u015bwietleniem LED synchronizowanym z muzyk\u0105, stworzony do d\u0142ugich sesji, stabilnego smaku i wyj\u0105tkowego stylu.<\/p>\n<p data-start=\"915\" data-end=\"1120\"><strong data-start=\"915\" data-end=\"946\">D\u0142uga \u017cywotno\u015b\u0107 bez zb\u0119dnej obj\u0119to\u015bci.<\/strong> Cyfrowy ekran <strong data-start=\"951\" data-end=\"1000\">Jednorazowy waporyzator RandM Tornado 30000 Puffs<\/strong> jest skierowany do regularnych u\u017cytkownik\u00f3w, kt\u00f3rzy chc\u0105 urz\u0105dzenia, kt\u00f3re wystarcza na tygodnie, a nie na dni, a jednocze\u015bnie jest \u0142atwe do noszenia na co dzie\u0144.<\/p>\n<p data-start=\"1124\" data-end=\"1346\"><strong data-start=\"1124\" data-end=\"1172\">Stabilno\u015b\u0107 grza\u0142ki mesh przy du\u017cej liczbie zaci\u0105gni\u0119\u0107.<\/strong> Ten FUMOT<strong data-start=\"1177\" data-end=\"1232\">\u00a0\u0142adowalny jednorazowy waporyzator z grza\u0142k\u0105 mesh 30K<\/strong> u\u017cywa <strong data-start=\"1240\" data-end=\"1258\">1.0\u03a9 siatkowa grza\u0142ka<\/strong> zapewnia p\u0142ynne zaci\u0105gni\u0119cia, g\u0119st\u0105 par\u0119 i wolniejsze zanikanie smaku w ca\u0142ym zakresie 30K.<\/p>\n<p data-start=\"1350\" data-end=\"1534\"><strong data-start=\"1350\" data-end=\"1397\">Zasilanie Type-C, kt\u00f3re zapobiega marnowaniu e-liquidu.<\/strong> Z <strong data-start=\"1405\" data-end=\"1455\">\u0141adowalny Tornado Vape 30k z Type-C 650mAh<\/strong>, do\u0142adowujesz, kiedy potrzebujesz i wapujesz, a\u017c urz\u0105dzenie naprawd\u0119 si\u0119 sko\u0144czy.<\/p>\n<p data-start=\"1538\" data-end=\"1781\"><strong data-start=\"1538\" data-end=\"1577\">O\u015bwietlenie LED synchronizowane z muzyk\u0105 do u\u017cytku w miejscach publicznych.<\/strong> Fumot <strong data-start=\"1582\" data-end=\"1616\">E-papieros Tornado<\/strong> pulsuje \u015bwiat\u0142ami w rytm Twojej playlisty, funkcja, kt\u00f3ra dobrze si\u0119 sprzedaje w <strong data-start=\"1682\" data-end=\"1736\">Niemczech, Polsce, Hiszpanii, W\u0142oszech i Holandii<\/strong>, szczeg\u00f3lnie w nocnych i weekendowych scenach.<\/p>\n<p data-start=\"1785\" data-end=\"1987\"><strong data-start=\"1785\" data-end=\"1820\">Szeroka gama smak\u00f3w wbudowana.<\/strong> Dwadzie\u015bcia smak\u00f3w obejmuje profile owocowe, lodowe i klasyczne, wi\u0119c <strong data-start=\"1884\" data-end=\"1922\">Jednorazowy RandM 30K<\/strong> pozostaje interesuj\u0105cy przy d\u0142ugotrwa\u0142ym u\u017cytkowaniu bez konieczno\u015bci u\u017cywania drugiego urz\u0105dzenia.<\/p>\n<p><strong>Dodaj Amy na WhatsApp, aby uzyska\u0107 szybk\u0105 odpowied\u017a i kupon na vape!<\/strong><\/p>\n<p><img fetchpriority=\"high\" decoding=\"async\" class=\"size-full wp-image-2932\" src=\"https:\/\/vapestornado.com\/wp-content\/uploads\/2024\/12\/Vape-Wholesale.jpg\" alt=\"Hurtowa sprzeda\u017c e-papieros\u00f3w\" width=\"229\" height=\"300\" \/><\/p>\n<h3><a href=\"https:\/\/wa.me\/8617776015835\" target=\"_blank\" rel=\"noopener\"><span style=\"color: #ff0000;\"><strong>WhatsApp: +86 17776015835<\/strong><\/span><\/a><\/h3>\n<p>&nbsp;<\/p>\n<h2><strong>Funkcje produktu RandM Tornado 30000<\/strong><\/h2>\n<table>\n<thead>\n<tr>\n<th>Funkcja<\/th>\n<th>Specyfikacja<\/th>\n<th>Szczeg\u00f3\u0142y<\/th>\n<\/tr>\n<\/thead>\n<tbody>\n<tr>\n<td>Nazwa produktu<\/td>\n<td>Jednorazowy e-papieros RandM Tornado 30000 Puffs z muzyk\u0105<\/td>\n<td>Wielka pojemno\u015b\u0107, \u0142adowalny jednorazowy z funkcjami \u015bwietlnymi.<\/td>\n<\/tr>\n<tr>\n<td>Pojemno\u015b\u0107 zaci\u0105gni\u0119\u0107<\/td>\n<td>Do 30 000 puffs<\/td>\n<td>Zaprojektowany do d\u0142ugotrwa\u0142ego codziennego u\u017cytku z rzadsz\u0105 konieczno\u015bci\u0105 wymiany.<\/td>\n<\/tr>\n<tr>\n<td>Typ Grza\u0142ki<\/td>\n<td>1.0\u03a9 siatkowa grza\u0142ka<\/td>\n<td>R\u00f3wnomierne podgrzewanie dla g\u0142adkiego parowania i sta\u0142ego smaku.<\/td>\n<\/tr>\n<tr>\n<td>Bateria<\/td>\n<td>650mAh \u0142adowalny<\/td>\n<td>Niezawodne wyj\u015bcie; na\u0142aduj ponownie, aby korzysta\u0107 z pe\u0142nego okresu \u017cycia urz\u0105dzenia.<\/td>\n<\/tr>\n<tr>\n<td>\u0141adowanie<\/td>\n<td>szybkie \u0142adowanie Type-C<\/td>\n<td>Szybkie uzupe\u0142nianie za pomoc\u0105 nowoczesnych kabli zgodnych z normami UE.<\/td>\n<\/tr>\n<tr>\n<td>Funkcja O\u015bwietlenia<\/td>\n<td>System LED synchronizowany z muzyk\u0105<\/td>\n<td>Diody pulsuj\u0105 w rytm muzyki dla efektu wizualnego i interaktywnego.<\/td>\n<\/tr>\n<tr>\n<td>Gama Smak\u00f3w<\/td>\n<td>30 smak\u00f3w<\/td>\n<td>Szeroki wyb\u00f3r do d\u0142ugoterminowej rotacji.<\/td>\n<\/tr>\n<tr>\n<td>Styl nikotynowy<\/td>\n<td>Obs\u0142uga opcji niskiej nikotyny<\/td>\n<td>Dla u\u017cytkownik\u00f3w preferuj\u0105cych \u0142agodniejszy efekt.<\/td>\n<\/tr>\n<tr>\n<td>Pozycjonowanie<\/td>\n<td>Model detaliczny i hurtowy o wysokim obrocie<\/td>\n<td>Design przyci\u0105gaj\u0105cy uwag\u0119 na p\u00f3\u0142ce oraz d\u0142ugi czas pracy.<\/td>\n<\/tr>\n<\/tbody>\n<\/table>\n<h2 class=\"product-title\"><strong>Lista smak\u00f3w RandM Tornado 30000<\/strong><\/h2>\n<p>1. Bananowy l\u00f3d<br \/>\n2. Czarny L\u00f3d<br \/>\n3. Niebieska Malina z Lodem<br \/>\n4. Bor\u00f3wka z Lodem<br \/>\n5. Bor\u00f3wka Malina<br \/>\n6. Bor\u00f3wka Kwa\u015bna Malina<br \/>\n7. Wi\u015bnia z Lodem<br \/>\n8. Wi\u015bniowa Cola<br \/>\n9. Cola z Lodem<br \/>\n10. Ch\u0142odna Mi\u0119ta<br \/>\n11. Podw\u00f3jne Jab\u0142ko<br \/>\n12. Dr Blue<br \/>\n13. Winogrono z Lodem<br \/>\n14. Lodziak<br \/>\n15. Kiwi Marakuja Guawa<br \/>\n16. Love 66<br \/>\n17. Lush Ice<br \/>\n18. Mieszane Jagody<br \/>\n19. Brzoskwinia Jagoda<br \/>\n20. Brzoskwinia L\u00f3d<br \/>\n21. Brzoskwiniowe Mango Ananas<br \/>\n22. Ananas L\u00f3d<br \/>\n23. R\u00f3\u017cowa Lemoniada<br \/>\n24. Skittles<br \/>\n25. Truskawka Banan<br \/>\n26. Truskawka Winogrono<br \/>\n27. Truskawka L\u00f3d<br \/>\n28. Truskawka Arbuz<br \/>\n29. Potr\u00f3jne Mango<br \/>\n30. Vimto<\/p>\n<h2>Dlaczego wybra\u0107 vapestornado dla hurtowej sprzeda\u017cy Fumot 30k?<\/h2>\n<div class=\"flex-shrink-0 flex flex-col relative items-end\">\n<div class=\"pt-0\">\n<div class=\"gizmo-bot-avatar flex h-8 w-8 items-center justify-center overflow-hidden rounded-full\">\n<div class=\"relative p-1 rounded-sm flex items-center justify-center bg-token-main-surface-primary text-token-text-primary h-8 w-8\">\n<p>Witamy w vapestornado, Twoim zaufanym sklepie internetowym z papierosami elektronicznymi premium. Z ponad 5-letnim do\u015bwiadczeniem, oferujemy popularne marki jednorazowych papieros\u00f3w elektronicznych, takie jak Fumot RandM Vape, <a href=\"https:\/\/vapestornado.com\/pl\/product\/vapme-crystal-7000-puffs-rechargeable-disposable-vape-wholesale-cheap-price\/\">Vapme<\/a>, Bang Vape, Waspe Vape, and WGA Vape, itp.<\/p>\n<p>Nasza oferta obejmuje popularne e-papierosy, takie jak <a href=\"https:\/\/vapestornado.com\/pl\/product\/fumot-randm-tornado-15000-puffs-rechargeable-disposable-vape-wholesale\/\">RandM Tornado 15000<\/a>, oraz bogate w smaku opcje, takie jak <a href=\"https:\/\/vapestornado.com\/pl\/product\/waspe-40000-puffs-double-flavour-led-display-disposable-vape-wholesale\/\">WASPE Podw\u00f3jny Smak 40000 Zaci\u0105gni\u0119\u0107<\/a> . Ka\u017cdy produkt jest wybierany z my\u015bl\u0105 o jako\u015bci, warto\u015bci i r\u00f3\u017cnorodno\u015bci, dzi\u0119ki czemu znajdziesz idealne dopasowanie do swoich potrzeb. Odkryj wyj\u0105tkow\u0105 obs\u0142ug\u0119 i szerok\u0105 gam\u0119 najlepszych produkt\u00f3w w cenach hurtowych na vapestornado.<\/p>\n<\/div>\n<h3><\/h3>\n<div class=\"relative p-1 rounded-sm flex items-center justify-center bg-token-main-surface-primary text-token-text-primary h-8 w-8\">\n<h2>Najcz\u0119\u015bciej zadawane pytania dotycz\u0105ce jednorazowego vape'a RandM 30k Music<\/h2>\n<\/div>\n<\/div>\n<\/div>\n<\/div>\n<div class=\"flex-shrink-0 flex flex-col relative items-end\">\n<div class=\"pt-0\">\n<div class=\"gizmo-bot-avatar flex h-8 w-8 items-center justify-center overflow-hidden rounded-full\">\n<div class=\"relative p-1 rounded-sm flex items-center justify-center bg-token-main-surface-primary text-token-text-primary h-8 w-8\">\n<div class=\"mb-2 flex gap-3 empty:hidden -ml-2\">\n<h2 data-start=\"2910\" data-end=\"2929\"><\/h2>\n<ol data-start=\"2931\" data-end=\"4128\">\n<li data-start=\"2931\" data-end=\"3167\">\n<p data-start=\"2934\" data-end=\"3167\"><strong data-start=\"2934\" data-end=\"3034\">Jak jednorazowy RandM Tornado 30000 Puffs z mesh coil utrzymuje stabilno\u015b\u0107 smaku podczas d\u0142ugiego u\u017cytkowania?<\/strong><br data-start=\"3034\" data-end=\"3037\" \/>Cyfrowy ekran <strong data-start=\"3041\" data-end=\"3059\">1.0\u03a9 siatkowa grza\u0142ka<\/strong> r\u00f3wnomiernie rozprowadza ciep\u0142o, pomagaj\u0105c, aby para pozosta\u0142a g\u0142adka, a smak trwa\u0142 g\u0142\u0119biej w okresie u\u017cytkowania urz\u0105dzenia.<\/p>\n<\/li>\n<li data-start=\"3169\" data-end=\"3415\">\n<p data-start=\"3172\" data-end=\"3415\"><strong data-start=\"3172\" data-end=\"3281\">Czym r\u00f3\u017cni si\u0119 \u0142adowalny jednorazowy e-papieros RandM Tornado 30K Music od standardowego urz\u0105dzenia 30K?<\/strong><br data-start=\"3281\" data-end=\"3284\" \/>Cyfrowy ekran <strong data-start=\"3288\" data-end=\"3315\">LED synchronizuj\u0105ce z muzyk\u0105<\/strong> reaguje na Twoj\u0105 playlist\u0119, daj\u0105c wizualny efekt rytmu, kt\u00f3ry pasuje do \u015brodowisk spo\u0142ecznych i nocnych.<\/p>\n<\/li>\n<li data-start=\"3417\" data-end=\"3661\">\n<p data-start=\"3420\" data-end=\"3661\"><strong data-start=\"3420\" data-end=\"3533\">Czy podgrzewacz Fumot Tornado 30000 Type-C na\u0142adowany do pe\u0142nej pojemno\u015bci inhalacji bez utraty baterii?<\/strong><br data-start=\"3533\" data-end=\"3536\" \/>\u0141adowalno\u015b\u0107 rozwi\u0105zuje problem wczesnego roz\u0142adowania baterii. Gdy moc si\u0119 wyczerpuje, uzupe\u0142nienie Type-C pozwala kontynuowa\u0107, a\u017c do ko\u0144ca inhalacji.<\/p>\n<\/li>\n<li data-start=\"3663\" data-end=\"3885\">\n<p data-start=\"3666\" data-end=\"3885\"><strong data-start=\"3666\" data-end=\"3768\">Czy jednorazowy podgrzewacz Fumot 30K LED nadaje si\u0119 do codziennego noszenia oraz na wieczorne wyj\u015bcia?<\/strong><br data-start=\"3768\" data-end=\"3771\" \/>Tak. Pozostaje przeno\u015bny do codziennego u\u017cytku, a funkcja LED dodaje atrakcyjno\u015bci w barach, klubach i podczas weekendowych wyj\u015b\u0107.<\/p>\n<\/li>\n<li data-start=\"3887\" data-end=\"4128\">\n<p data-start=\"3890\" data-end=\"4128\"><strong data-start=\"3890\" data-end=\"3982\">Jak 30 smak\u00f3w w RandM Tornado 30000 Puffs Music Vape pomagaj\u0105 u\u017cytkownikom d\u0142ugoterminowym?<\/strong><br data-start=\"3982\" data-end=\"3985\" \/>Du\u017ca gama smak\u00f3w sprawia, \u017ce urz\u0105dzenia do d\u0142ugiego u\u017cytkowania s\u0105 bardziej przyjemne, pozwalaj\u0105c u\u017cytkownikom na rotacj\u0119 profili zamiast utkn\u0105\u0107 na jednym smaku na tygodnie.<\/p>\n<\/li>\n<\/ol>\n<\/div>\n<\/div>\n<\/div>\n<\/div>\n<\/div>\n<div class=\"group\/conversation-turn relative flex w-full min-w-0 flex-col agent-turn\">\n<div class=\"flex-col gap-1 md:gap-3\">\n<div class=\"flex max-w-full flex-col flex-grow\">\n<div class=\"min-h-8 text-message flex w-full flex-col items-end gap-2 whitespace-normal break-words [.text-message+&amp;]:mt-5\" dir=\"auto\" data-message-author-role=\"assistant\" data-message-id=\"db716a1c-9ed0-4b8d-b3b0-7bdb913c3d42\" data-message-model-slug=\"gpt-4o\">\n<div class=\"flex w-full flex-col gap-1 empty:hidden first:pt-[3px]\">\n<div class=\"markdown prose w-full break-words dark:prose-invert light\">\n<p>&nbsp;<\/p>\n<\/div>\n<\/div>\n<\/div>\n<\/div>\n<\/div>\n<\/div>","protected":false},"excerpt":{"rendered":"<p data-start=\"1465\" data-end=\"1662\">Fumot RandM Tornado 30000 Puffs Muzyczny, \u0142adowalny jednorazowy waporyzator z grza\u0142k\u0105 mesh 1.0\u03a9, szybkim \u0142adowaniem Type-C 650mAh, o\u015bwietleniem LED synchronizowanym z muzyk\u0105 i 20 smakami. Stworzony do d\u0142ugich, p\u0142ynnych sesji i silnego popytu detalicznego w UE. Wyj\u0105tkowy jednorazowy waporyzator zaprojektowany dla <strong data-start=\"1624\" data-end=\"1659\">hurtowych nabywc\u00f3w w Europie<\/strong>.<\/p>\n<p><strong>Dodaj Amy do WhatsAppa, aby uzyska\u0107 szybk\u0105 odpowied\u017a i kupon na vape!<\/strong><\/p>\n<p><img fetchpriority=\"high\" decoding=\"async\" class=\"size-full wp-image-2932\" src=\"https:\/\/vapestornado.com\/wp-content\/uploads\/2024\/12\/Vape-Wholesale.jpg\" alt=\"Hurtowa sprzeda\u017c e-papieros\u00f3w\" width=\"229\" height=\"300\" \/><\/p>\n<h3><a href=\"https:\/\/wa.me\/8617776015835\"><span style=\"color: #ff0000;\"><strong>WhatsApp: +86 17776015835<\/strong><\/span><\/a><\/h3>\n<p>&nbsp;<\/p>","protected":false},"featured_media":3025,"comment_status":"open","ping_status":"closed","template":"","meta":{"_acf_changed":false,"_uag_custom_page_level_css":"","_lmt_disableupdate":"no","_lmt_disable":"","_monsterinsights_skip_tracking":false,"_monsterinsights_sitenote_active":false,"_monsterinsights_sitenote_note":"","_monsterinsights_sitenote_category":0,"site-sidebar-layout":"default","site-content-layout":"","ast-site-content-layout":"default","site-content-style":"default","site-sidebar-style":"default","ast-global-header-display":"","ast-banner-title-visibility":"","ast-main-header-display":"","ast-hfb-above-header-display":"","ast-hfb-below-header-display":"","ast-hfb-mobile-header-display":"","site-post-title":"","ast-breadcrumbs-content":"","ast-featured-img":"","footer-sml-layout":"","ast-disable-related-posts":"","theme-transparent-header-meta":"default","adv-header-id-meta":"","stick-header-meta":"","header-above-stick-meta":"","header-main-stick-meta":"","header-below-stick-meta":"","astra-migrate-meta-layouts":"set","ast-page-background-enabled":"default","ast-page-background-meta":{"desktop":{"background-color":"","background-image":"","background-repeat":"repeat","background-position":"center center","background-size":"auto","background-attachment":"scroll","background-type":"","background-media":"","overlay-type":"","overlay-color":"","overlay-opacity":"","overlay-gradient":""},"tablet":{"background-color":"","background-image":"","background-repeat":"repeat","background-position":"center center","background-size":"auto","background-attachment":"scroll","background-type":"","background-media":"","overlay-type":"","overlay-color":"","overlay-opacity":"","overlay-gradient":""},"mobile":{"background-color":"","background-image":"","background-repeat":"repeat","background-position":"center center","background-size":"auto","background-attachment":"scroll","background-type":"","background-media":"","overlay-type":"","overlay-color":"","overlay-opacity":"","overlay-gradient":""}},"ast-content-background-meta":{"desktop":{"background-color":"var(--ast-global-color-5)","background-image":"","background-repeat":"repeat","background-position":"center center","background-size":"auto","background-attachment":"scroll","background-type":"","background-media":"","overlay-type":"","overlay-color":"","overlay-opacity":"","overlay-gradient":""},"tablet":{"background-color":"var(--ast-global-color-5)","background-image":"","background-repeat":"repeat","background-position":"center center","background-size":"auto","background-attachment":"scroll","background-type":"","background-media":"","overlay-type":"","overlay-color":"","overlay-opacity":"","overlay-gradient":""},"mobile":{"background-color":"var(--ast-global-color-5)","background-image":"","background-repeat":"repeat","background-position":"center center","background-size":"auto","background-attachment":"scroll","background-type":"","background-media":"","overlay-type":"","overlay-color":"","overlay-opacity":"","overlay-gradient":""}},"_joinchat":{"telephone":"+8617776015835"}},"product_brand":[],"product_cat":[67,153,154,160,142,58,148],"product_tag":[83,125,124,126,78,114],"class_list":{"0":"post-3076","1":"product","2":"type-product","3":"status-publish","4":"has-post-thumbnail","6":"product_cat-30000-puff","7":"product_cat-buy-disposable-vapes-in-italy","8":"product_cat-buy-disposable-vapes-in-netherlands","9":"product_cat-buy-disposable-vapes-in-switzerland","10":"product_cat-digital-box-disposable-vapes","11":"product_cat-fumot-vape","12":"product_cat-tornado-disposable-vapes","13":"product_tag-fumot-vape","14":"product_tag-randm-30000","15":"product_tag-randm-tornado-30000","16":"product_tag-randm-tornado-30k","17":"product_tag-randm-vape","18":"product_tag-tornado-vape","19":"desktop-align-left","20":"tablet-align-left","21":"mobile-align-left","23":"first","24":"instock","25":"sale","26":"shipping-taxable","27":"purchasable","28":"product-type-simple"},"acf":[],"uagb_featured_image_src":{"full":["https:\/\/vapestornado.com\/wp-content\/uploads\/2024\/12\/Randm-Tornado-30K-Puffs-Rechargeable-Disposable-Vapes.jpg",1126,1126,false],"thumbnail":["https:\/\/vapestornado.com\/wp-content\/uploads\/2024\/12\/Randm-Tornado-30K-Puffs-Rechargeable-Disposable-Vapes-150x150.jpg",150,150,true],"medium":["https:\/\/vapestornado.com\/wp-content\/uploads\/2024\/12\/Randm-Tornado-30K-Puffs-Rechargeable-Disposable-Vapes-300x300.jpg",300,300,true],"medium_large":["https:\/\/vapestornado.com\/wp-content\/uploads\/2024\/12\/Randm-Tornado-30K-Puffs-Rechargeable-Disposable-Vapes-768x768.jpg",768,768,true],"large":["https:\/\/vapestornado.com\/wp-content\/uploads\/2024\/12\/Randm-Tornado-30K-Puffs-Rechargeable-Disposable-Vapes-1024x1024.jpg",1024,1024,true],"1536x1536":["https:\/\/vapestornado.com\/wp-content\/uploads\/2024\/12\/Randm-Tornado-30K-Puffs-Rechargeable-Disposable-Vapes.jpg",1126,1126,false],"2048x2048":["https:\/\/vapestornado.com\/wp-content\/uploads\/2024\/12\/Randm-Tornado-30K-Puffs-Rechargeable-Disposable-Vapes.jpg",1126,1126,false],"trp-custom-language-flag":["https:\/\/vapestornado.com\/wp-content\/uploads\/2024\/12\/Randm-Tornado-30K-Puffs-Rechargeable-Disposable-Vapes.jpg",12,12,false],"woocommerce_thumbnail":["https:\/\/vapestornado.com\/wp-content\/uploads\/2024\/12\/Randm-Tornado-30K-Puffs-Rechargeable-Disposable-Vapes-300x300.jpg",300,300,true],"woocommerce_single":["https:\/\/vapestornado.com\/wp-content\/uploads\/2024\/12\/Randm-Tornado-30K-Puffs-Rechargeable-Disposable-Vapes-600x600.jpg",600,600,true],"woocommerce_gallery_thumbnail":["https:\/\/vapestornado.com\/wp-content\/uploads\/2024\/12\/Randm-Tornado-30K-Puffs-Rechargeable-Disposable-Vapes-100x100.jpg",100,100,true]},"uagb_author_info":{"display_name":"ESAMY","author_link":"https:\/\/vapestornado.com\/pl\/author\/"},"uagb_comment_info":0,"uagb_excerpt":"Fumot RandM Tornado 30000 Puffs Music rechargeable disposable vape with 1.0\u03a9 mesh coil, 650mAh Type-C fast charging, music-sync LED lighting, and 20 flavours. Built for long, smooth sessions and strong EU retail demand.\u00a0A standout disposable designed for wholesale bulk buyers in Europe. Add Amy's whatsapp get right reply and vape vape coupon! WhatsApp: +86 17776015835&hellip;","_links":{"self":[{"href":"https:\/\/vapestornado.com\/pl\/wp-json\/wp\/v2\/product\/3076","targetHints":{"allow":["GET"]}}],"collection":[{"href":"https:\/\/vapestornado.com\/pl\/wp-json\/wp\/v2\/product"}],"about":[{"href":"https:\/\/vapestornado.com\/pl\/wp-json\/wp\/v2\/types\/product"}],"replies":[{"embeddable":true,"href":"https:\/\/vapestornado.com\/pl\/wp-json\/wp\/v2\/comments?post=3076"}],"wp:featuredmedia":[{"embeddable":true,"href":"https:\/\/vapestornado.com\/pl\/wp-json\/wp\/v2\/media\/3025"}],"wp:attachment":[{"href":"https:\/\/vapestornado.com\/pl\/wp-json\/wp\/v2\/media?parent=3076"}],"wp:term":[{"taxonomy":"product_brand","embeddable":true,"href":"https:\/\/vapestornado.com\/pl\/wp-json\/wp\/v2\/product_brand?post=3076"},{"taxonomy":"product_cat","embeddable":true,"href":"https:\/\/vapestornado.com\/pl\/wp-json\/wp\/v2\/product_cat?post=3076"},{"taxonomy":"product_tag","embeddable":true,"href":"https:\/\/vapestornado.com\/pl\/wp-json\/wp\/v2\/product_tag?post=3076"}],"curies":[{"name":"wp","href":"https:\/\/api.w.org\/{rel}","templated":true}]}}