{"id":3064,"date":"2024-12-10T08:39:40","date_gmt":"2024-12-10T08:39:40","guid":{"rendered":"https:\/\/vapestornado.com\/?post_type=product&#038;p=3064"},"modified":"2025-12-04T07:06:41","modified_gmt":"2025-12-04T07:06:41","slug":"fumot-randm-tornado-25000-puffs-touch-disposable-vape-wholesale-online","status":"publish","type":"product","link":"https:\/\/vapestornado.com\/pl\/product\/fumot-randm-tornado-25000-puffs-touch-disposable-vape-wholesale-online\/","title":{"rendered":"Fumot RandM Tornado 25000 Puffs Dotykowy Jednorazowy Vape Hurtownia Online"},"content":{"rendered":"<h2 class=\"product-title\">Fumot RandM Tornado 25000 Puff Jednorazowy e-papieros \u2014 Inteligentna moc, d\u0142ugi czas pracy, wysokiej jako\u015bci smak<\/h2>\n<p data-start=\"285\" data-end=\"669\">Je\u015bli szukasz <strong data-start=\"309\" data-end=\"337\">jednorazowego e-papierosa z 25k chmurami<\/strong> kt\u00f3ry naprawd\u0119 d\u0142ugo dzia\u0142a i nadal jest nowoczesny w u\u017cytkowaniu, to <strong data-start=\"390\" data-end=\"430\">Fumot RandM Tornado 25000 Puff jednorazowy e-papieros<\/strong> zosta\u0142 zaprojektowany, aby wyr\u00f3\u017cnia\u0107 si\u0119 spo\u015br\u00f3d typowych wysokowydajnych opcji. Z <strong data-start=\"491\" data-end=\"508\">ponad 25 000 chmur<\/strong>, g\u0142adkim systemem podw\u00f3jnej siatki grza\u0142ek i responsywnym ekranem Smart Touch, zapewnia d\u0142ugie sesje, sta\u0142y smak i \u0142atw\u0105 kontrol\u0119 w jednym urz\u0105dzeniu gotowym do kieszeni.<\/p>\n<h3 data-start=\"671\" data-end=\"723\">Dlaczego to jest najlepszy 25K chmur e-papieros dla codziennych u\u017cytkownik\u00f3w<\/h3>\n<p data-start=\"724\" data-end=\"1134\">Wi\u0119kszo\u015b\u0107 d\u0142ugotrwa\u0142ych jednorazowych e-papieros\u00f3w po\u015bwi\u0119ca smak lub ko\u0144czy si\u0119 przed wyczerpaniem p\u0142ynu. <strong data-start=\"809\" data-end=\"854\">Fumot RandM Tornado 25000 Puff Touch e-papieros<\/strong> rozwi\u0105zuje ten problem dzi\u0119ki <strong data-start=\"882\" data-end=\"920\">jednorazowemu e-papierosowi z podw\u00f3jn\u0105 siatk\u0105 grza\u0142ek 25k<\/strong> kt\u00f3ry r\u00f3wnomiernie si\u0119 nagrzewa i utrzymuje czysty smak od pierwszego do ostatniego uderzenia. Niezale\u017cnie od tego, czy wolisz owocowe mieszanki, ch\u0142odne profile lodowe, czy s\u0142odkie desery, smak pozostaje stabilny zamiast zanika\u0107 w po\u0142owie urz\u0105dzenia.<\/p>\n<p data-start=\"1136\" data-end=\"1312\">Poniewa\u017c jest zaprojektowany do d\u0142ugotrwa\u0142ego u\u017cytkowania, wielu klient\u00f3w ocenia go jako <strong data-start=\"1206\" data-end=\"1228\">najlepszy 25k chmur e-papieros<\/strong> do intensywnego codziennego wapowania, podczas gdy okazjonalni u\u017cytkownicy ceni\u0105 sobie jak rzadko trzeba go wymienia\u0107.<\/p>\n<h3 data-start=\"1314\" data-end=\"1383\">Smart Touch Screen + Regulowana Moc (Prosty, Nie Skomplikowany)<\/h3>\n<p data-start=\"1384\" data-end=\"1533\">To wi\u0119cej ni\u017c standardowy jednorazowy produkt. To jest <strong data-start=\"1432\" data-end=\"1476\">dotykowy ekran jednorazowego vapingu 25000 puf\u00f3w<\/strong> z inteligentnym interfejsem Touch Screen zaprojektowanym dla prawdziwej wygody:<\/p>\n<ul data-start=\"1535\" data-end=\"1669\">\n<li data-start=\"1535\" data-end=\"1598\">\n<p data-start=\"1537\" data-end=\"1598\"><strong data-start=\"1537\" data-end=\"1551\">Podw\u00f3jne dotkni\u0119cie<\/strong> do natychmiastowego sprawdzania poziomu na\u0142adowania baterii i mocy.<\/p>\n<\/li>\n<li data-start=\"1599\" data-end=\"1669\">\n<p data-start=\"1601\" data-end=\"1669\"><strong data-start=\"1601\" data-end=\"1615\">Potr\u00f3jne dotkni\u0119cie<\/strong> do regulacji wyj\u015bcia dla \u0142agodniejszych oddech\u00f3w lub mocniejszych chmur.<\/p>\n<\/li>\n<\/ul>\n<p data-start=\"1671\" data-end=\"1969\">To czyni go prawdziwym <strong data-start=\"1692\" data-end=\"1742\">inteligentnym jednorazowym vapem z regulowan\u0105 moc\u0105<\/strong> opcj\u0105 \u2014 idealnym dla u\u017cytkownik\u00f3w, kt\u00f3rzy chc\u0105 mie\u0107 kontrol\u0119 bez menu lub aplikacji. Je\u015bli lubisz widzie\u0107 stan urz\u0105dzenia wyra\u017anie, docenisz <strong data-start=\"1877\" data-end=\"1912\">jednorazowy vapor z ekranem TFT<\/strong> wy\u015bwietlaczem w stylu, kt\u00f3ry pozwala wszystko widzie\u0107 na pierwszy rzut oka.<\/p>\n<h3 data-start=\"1971\" data-end=\"2012\">\u0141adowanie przez Type-C, aby korzysta\u0107 z ka\u017cdego pufa<\/h3>\n<p data-start=\"2013\" data-end=\"2239\">Cyfrowy ekran <strong data-start=\"2017\" data-end=\"2067\">Jednorazowy vapor RandM 25K z \u0142adowaniem Type-C<\/strong> zasilany jest wytrzyma\u0142\u0105 <strong data-start=\"2086\" data-end=\"2104\">bateri\u0105 700mAh<\/strong> z szybkim \u0142adowaniem Type-C. To oznacza, \u017ce mo\u017cesz na\u0142adowa\u0107 go w razie potrzeby i doko\u0144czy\u0107 ca\u0142y zbiornik \u2014 bez marnowania puf\u00f3w, bez wczesnego wy\u0142\u0105czania baterii.<\/p>\n<h3 data-start=\"2241\" data-end=\"2269\">Fajny dodatek: Tryb Gry<\/h3>\n<p data-start=\"2270\" data-end=\"2523\">Dla u\u017cytkownik\u00f3w, kt\u00f3rzy chc\u0105 czego\u015b innego, opcjonalna <strong data-start=\"2323\" data-end=\"2363\">funkcja trybu gry RandM Tornado 25000<\/strong> dodaje interaktywny akcent. Nie jest to konieczne do vapowania \u2014 to tylko unikalny dodatek, kt\u00f3ry sprawia, \u017ce urz\u0105dzenie wygl\u0105da bardziej premium i wyr\u00f3\u017cnia si\u0119 na p\u00f3\u0142kach.<\/p>\n<p>&nbsp;<\/p>\n<p><strong>Dodaj Amy na WhatsApp, aby uzyska\u0107 szybk\u0105 odpowied\u017a i kupon na vape!<\/strong><\/p>\n<p><img fetchpriority=\"high\" decoding=\"async\" class=\"size-full wp-image-2932\" src=\"https:\/\/vapestornado.com\/wp-content\/uploads\/2024\/12\/Vape-Wholesale.jpg\" alt=\"Hurtowa sprzeda\u017c e-papieros\u00f3w\" width=\"229\" height=\"300\" \/><\/p>\n<h3><a href=\"https:\/\/wa.me\/8617776015835\" target=\"_blank\" rel=\"noopener\"><span style=\"color: #ff0000;\"><strong>WhatsApp: +86 17776015835<\/strong><\/span><\/a><\/h3>\n<p>&nbsp;<\/p>\n<h2><strong>Cechy Produktu RandM Tornado 25000<\/strong><\/h2>\n<table>\n<thead>\n<tr>\n<th>Parametr<\/th>\n<th align=\"right\">Specyfikacja<\/th>\n<th>Wyja\u015bnienie dla u\u017cytkownika<\/th>\n<\/tr>\n<\/thead>\n<tbody>\n<tr>\n<td>Pojemno\u015b\u0107 zaci\u0105gni\u0119\u0107<\/td>\n<td align=\"right\">ponad 25 000 chmur<\/td>\n<td>Trwa tygodniami dla wi\u0119kszo\u015bci u\u017cytkownik\u00f3w; mniej wymian.<\/td>\n<\/tr>\n<tr>\n<td>Bateria<\/td>\n<td align=\"right\">Wymienna bateria 700mAh<\/td>\n<td>Wi\u0119ksza bateria obs\u0142uguje pe\u0142n\u0105 liczb\u0119 chmur; na\u0142aduj, aby doko\u0144czy\u0107 ca\u0142y p\u0142yn.<\/td>\n<\/tr>\n<tr>\n<td>\u0141adowanie<\/td>\n<td align=\"right\">USB Typ-C<\/td>\n<td>Nowoczesny standard szybkiego \u0142adowania; \u0142atwo dost\u0119pne kable.<\/td>\n<\/tr>\n<tr>\n<td>Typ Grza\u0142ki<\/td>\n<td align=\"right\">Podw\u00f3jne grza\u0142ki mesh<\/td>\n<td>R\u00f3wnomierne nagrzewanie = silniejsza sp\u00f3jno\u015b\u0107 smaku i g\u0142adka para.<\/td>\n<\/tr>\n<tr>\n<td>Wy\u015bwietlacz \/ Sterowanie<\/td>\n<td align=\"right\">Inteligentny dotyk + ekran cyfrowy<\/td>\n<td>Dotknij, aby sprawdzi\u0107 poziom baterii\/moc; reguluj moc bez menu.<\/td>\n<\/tr>\n<tr>\n<td>Regulacja mocy<\/td>\n<td align=\"right\">Potr\u00f3jne stukni\u0119cie, aby zmieni\u0107 wyj\u015bcie<\/td>\n<td>Pozwala wybra\u0107 \u0142agodniejsze uderzenia lub mocniejsze chmury.<\/td>\n<\/tr>\n<tr>\n<td>Tryb gry<\/td>\n<td align=\"right\">Opcjonalny tryb interaktywny<\/td>\n<td>Dodaje nowo\u015bci i atrakcyjno\u015bci na p\u00f3\u0142ce dla m\u0142odszych\/u\u017cytkownik\u00f3w technologii.<\/td>\n<\/tr>\n<tr>\n<td>Aktywacja<\/td>\n<td align=\"right\">Aktywowany wdechem<\/td>\n<td>Nie potrzebujesz przycisk\u00f3w do vapowania; wdychaj, aby u\u017cywa\u0107.<\/td>\n<\/tr>\n<tr>\n<td>U\u017cytkownicy docelowi<\/td>\n<td align=\"right\">Casualowi do intensywnych vaper\u00f3w<\/td>\n<td>Dzia\u0142a zar\u00f3wno dla u\u017cytkownik\u00f3w na ca\u0142y dzie\u0144, jak i okazjonalnych vaper\u00f3w.<\/td>\n<\/tr>\n<tr>\n<td>Dopasowanie do rynku<\/td>\n<td align=\"right\">Sprzeda\u017c detaliczna i hurtowa w Polsce<\/td>\n<td>Wysoka pojemno\u015b\u0107 + funkcje premium nap\u0119dzaj\u0105 powtarzaln\u0105 sprzeda\u017c.<\/td>\n<\/tr>\n<\/tbody>\n<\/table>\n<h2 class=\"product-title\"><strong>Lista smak\u00f3w RandM 25000<\/strong><\/h2>\n<p>1. Bananowy l\u00f3d<br \/>\n2. Truskawkowy arbuz<br \/>\n3. Mi\u0119towa Miami<br \/>\n4. Bor\u00f3wka Malina<br \/>\n5. Czarny L\u00f3d<br \/>\n6. Bia\u0142y \u017belek L\u00f3d<br \/>\n7. Arbuzowy L\u00f3d<br \/>\n8. Soczysta Brzoskwinia L\u00f3d<br \/>\n9. R\u00f3\u017cowa Lemoniada<br \/>\n10. Truskawka Mango<br \/>\n11. Brzoskwinia Mango Arbuz<br \/>\n12. Winogrono Cytryna<br \/>\n13. Tropikalna T\u0119cza<br \/>\n14. Wi\u015bniowa Bomba<br \/>\n15. Cukierki Truskawkowo-Mi\u0119towe<br \/>\n16. Podw\u00f3jne Jab\u0142ko<br \/>\n17. Bor\u00f3wka z Lodem<br \/>\n18. Truskawka z Lodem<br \/>\n19. Soczysty L\u00f3d<br \/>\n20. Ananas z Lodem<br \/>\n21. Winogrono z Lodem<br \/>\n22. Dr Blue<br \/>\n23. Kiwi, Marakuja, Guawa<br \/>\n24. Wi\u015bniowa Cola<\/p>\n<figure id=\"attachment_3266\" aria-describedby=\"caption-attachment-3266\" style=\"width: 300px\" class=\"wp-caption alignnone\"><img decoding=\"async\" class=\"size-medium wp-image-3266\" src=\"https:\/\/vapestornado.com\/wp-content\/uploads\/2024\/12\/Buy-RandM-Tornado-25K-Vape-300x201.png\" alt=\"Kup Fumot RandM Tornado 250000 Vape\" width=\"300\" height=\"201\" srcset=\"https:\/\/vapestornado.com\/wp-content\/uploads\/2024\/12\/Buy-RandM-Tornado-25K-Vape-300x201.png 300w, https:\/\/vapestornado.com\/wp-content\/uploads\/2024\/12\/Buy-RandM-Tornado-25K-Vape-768x515.png 768w, https:\/\/vapestornado.com\/wp-content\/uploads\/2024\/12\/Buy-RandM-Tornado-25K-Vape-600x403.png 600w, https:\/\/vapestornado.com\/wp-content\/uploads\/2024\/12\/Buy-RandM-Tornado-25K-Vape.png 900w\" sizes=\"(max-width: 300px) 100vw, 300px\" \/><figcaption id=\"caption-attachment-3266\" class=\"wp-caption-text\">Kup Fumot RandM Tornado 250000 Vape<\/figcaption><\/figure>\n<figure id=\"attachment_3266\" aria-describedby=\"caption-attachment-3266\" style=\"width: 300px\" class=\"wp-caption alignnone\"><img decoding=\"async\" class=\"size-medium wp-image-3266\" src=\"https:\/\/vapestornado.com\/wp-content\/uploads\/2024\/12\/Buy-RandM-Tornado-25K-Vape-300x201.png\" alt=\"Kup Fumot RandM Tornado 250000 Vape\" width=\"300\" height=\"201\" srcset=\"https:\/\/vapestornado.com\/wp-content\/uploads\/2024\/12\/Buy-RandM-Tornado-25K-Vape-300x201.png 300w, https:\/\/vapestornado.com\/wp-content\/uploads\/2024\/12\/Buy-RandM-Tornado-25K-Vape-768x515.png 768w, https:\/\/vapestornado.com\/wp-content\/uploads\/2024\/12\/Buy-RandM-Tornado-25K-Vape-600x403.png 600w, https:\/\/vapestornado.com\/wp-content\/uploads\/2024\/12\/Buy-RandM-Tornado-25K-Vape.png 900w\" sizes=\"(max-width: 300px) 100vw, 300px\" \/><figcaption id=\"caption-attachment-3266\" class=\"wp-caption-text\">Kup Fumot RandM Tornado 250000 Vape<\/figcaption><\/figure>\n<h3>Dlaczego wybra\u0107 vapestornado do hurtowej sprzeda\u017cy Fumot 25k Vape?<\/h3>\n<div class=\"flex-shrink-0 flex flex-col relative items-end\">\n<div class=\"pt-0\">\n<div class=\"gizmo-bot-avatar flex h-8 w-8 items-center justify-center overflow-hidden rounded-full\">\n<div class=\"relative p-1 rounded-sm flex items-center justify-center bg-token-main-surface-primary text-token-text-primary h-8 w-8\">\n<p>Witamy w vapestornado, Twoim zaufanym sklepie internetowym z wysokiej jako\u015bci jednorazowymi e-papierosami. Dzi\u0119ki ponad 5-letniemu do\u015bwiadczeniu oferujemy popularne marki jednorazowych e-papieros\u00f3w, takie jak Fumot RandM Vape, Vapme, Bang Vape, Waspe Vape i WGA Vape itp.<\/p>\n<p>Nasza oferta obejmuje popularne e-papierosy, takie jak <a href=\"https:\/\/vapestornado.com\/pl\/product\/fumot-randm-tornado-15000-puffs-rechargeable-disposable-vape-wholesale\/\">RandM Tornado 15000<\/a>, oraz bogate w smaku opcje, takie jak <a href=\"https:\/\/vapestornado.com\/pl\/product\/waspe-40000-puffs-double-flavour-led-display-disposable-vape-wholesale\/\">WASPE Podw\u00f3jny Smak 40000 Zaci\u0105gni\u0119\u0107<\/a> . Ka\u017cdy produkt jest wybierany z my\u015bl\u0105 o jako\u015bci, warto\u015bci i r\u00f3\u017cnorodno\u015bci, dzi\u0119ki czemu znajdziesz idealne dopasowanie do swoich potrzeb. Odkryj wyj\u0105tkow\u0105 obs\u0142ug\u0119 i szerok\u0105 gam\u0119 najlepszych produkt\u00f3w w cenach hurtowych na vapestornado.<\/p>\n<\/div>\n<h3><\/h3>\n<div class=\"relative p-1 rounded-sm flex items-center justify-center bg-token-main-surface-primary text-token-text-primary h-8 w-8\">\n<h3>FAQ dotycz\u0105ce jednorazowego e-papierosa RandM 25k<\/h3>\n<p data-start=\"4913\" data-end=\"5124\"><strong data-start=\"4913\" data-end=\"4989\">1. Czy jednoraz\u00f3wki potrzebuj\u0105 specjalnej \u0142adowarki do Fumot RandM 25K Puff?<\/strong><br data-start=\"4989\" data-end=\"4992\" \/>Nie. The <strong data-start=\"5000\" data-end=\"5046\">Fumot RandM 25K Puff Touch Jednorazowy Vape<\/strong> u\u017cywa standardowego <strong data-start=\"5061\" data-end=\"5075\">USB Typ-C<\/strong>, wi\u0119c dowolny kabel Type-C i bezpieczny adapter USB dzia\u0142aj\u0105.<\/p>\n<p data-start=\"5126\" data-end=\"5380\"><strong data-start=\"5126\" data-end=\"5212\">2. Czy jednoraz\u00f3wki szybciej uzale\u017cniaj\u0105 \u2014 w tym Fumot RandM 25K Puff?<\/strong><br data-start=\"5212\" data-end=\"5215\" \/>Ryzyko uzale\u017cnienia zale\u017cy od <strong data-start=\"5241\" data-end=\"5287\">si\u0142a nikotyny i jak cz\u0119sto j\u0105 u\u017cywasz<\/strong>, nie tylko liczba puf\u00f3w. Je\u015bli si\u0119 obawiasz, wybierz opcj\u0119 z mniejsz\u0105 zawarto\u015bci\u0105 nikotyny i umiarkowane u\u017cycie.<\/p>\n<p data-start=\"5382\" data-end=\"5657\"><strong data-start=\"5382\" data-end=\"5462\">3. Kt\u00f3ra jednoraz\u00f3wka wytrzymuje d\u0142u\u017cej: Fumot RandM 25K Puff czy urz\u0105dzenia 10k\/20k?<\/strong><br data-start=\"5462\" data-end=\"5465\" \/>W rzeczywistym u\u017cytkowaniu, <strong data-start=\"5482\" data-end=\"5506\">Fumot RandM 25K Puff<\/strong> zazwyczaj wytrzymuje d\u0142u\u017cej, poniewa\u017c \u0142\u0105czy <strong data-start=\"5550\" data-end=\"5612\">ponad 25 000 puf\u00f3w, podw\u00f3jne siatki grzewcze i akumulator do \u0142adowania<\/strong>, podczas gdy jednoraz\u00f3wki o mniejszej liczbie puf\u00f3w ko\u0144cz\u0105 si\u0119 szybciej.<\/p>\n<p data-start=\"5659\" data-end=\"5949\"><strong data-start=\"5659\" data-end=\"5743\">4. Jakie s\u0105 najlepsze smaki w linii Fumot 25K Puff Touch w tej chwili?<\/strong><br data-start=\"5743\" data-end=\"5746\" \/>Najlepiej sprzedaj\u0105ce si\u0119 zwykle pochodz\u0105 z <strong data-start=\"5776\" data-end=\"5814\">profil\u00f3w owocowo-lodowych i mieszanych owoc\u00f3w<\/strong>, poniewa\u017c pozostaj\u0105 orze\u017awiaj\u0105ce podczas d\u0142ugich sesji. Dost\u0119pno\u015b\u0107 r\u00f3\u017cni si\u0119 w zale\u017cno\u015bci od regionu, sprawd\u017a aktualn\u0105 list\u0119 smak\u00f3w na stronie produktu.<\/p>\n<p data-start=\"5951\" data-end=\"6200\"><strong data-start=\"5951\" data-end=\"6022\">5. Czy mog\u0119 zabra\u0107 jednorazowego vape'a RandM 25000 Puff na samolot?<\/strong><br data-start=\"6022\" data-end=\"6025\" \/>Wi\u0119kszo\u015b\u0107 linii lotniczych zezwala na jednorazowe e-papierosy <strong data-start=\"6057\" data-end=\"6085\">tylko w baga\u017cu podr\u0119cznym<\/strong>, nie sprawdzane baga\u017ce, ze wzgl\u0119du na przepisy dotycz\u0105ce baterii. Trzymaj je w zamkni\u0119ciu i potwierd\u017a najnowsz\u0105 polityk\u0119 swojej linii lotniczej przed podr\u00f3\u017c\u0105.<\/p>\n<\/div>\n<\/div>\n<\/div>\n<\/div>","protected":false},"excerpt":{"rendered":"<p>Fumot RandM Tornado 25000 Zaci\u0105gni\u0119\u0107 Jednorazowy Vape z Ekranem Dotykowym<br \/>\nRandM Vape Tornado 25000 Zaci\u0105gni\u0119\u0107 Hurtowa Cena<br \/>\nRandM Vape Tornado 25000 Jednorazowy Vape z Cyfrowym Wy\u015bwietlaczem<\/p>\n<p><strong>Dodaj Amy do WhatsAppa, aby uzyska\u0107 szybk\u0105 odpowied\u017a i kupon na vape!<\/strong><\/p>\n<p><img fetchpriority=\"high\" decoding=\"async\" class=\"size-full wp-image-2932\" src=\"https:\/\/vapestornado.com\/wp-content\/uploads\/2024\/12\/Vape-Wholesale.jpg\" alt=\"Hurtowa sprzeda\u017c e-papieros\u00f3w\" width=\"229\" height=\"300\" \/><\/p>\n<h3><a href=\"https:\/\/wa.me\/8617776015835\"><span style=\"color: #ff0000;\"><strong>WhatsApp: +86 17776015835<\/strong><\/span><\/a><\/h3>\n<p>&nbsp;<\/p>","protected":false},"featured_media":3038,"comment_status":"open","ping_status":"closed","template":"","meta":{"_acf_changed":false,"_uag_custom_page_level_css":"","_lmt_disableupdate":"no","_lmt_disable":"","_monsterinsights_skip_tracking":false,"_monsterinsights_sitenote_active":false,"_monsterinsights_sitenote_note":"","_monsterinsights_sitenote_category":0,"site-sidebar-layout":"default","site-content-layout":"","ast-site-content-layout":"default","site-content-style":"default","site-sidebar-style":"default","ast-global-header-display":"","ast-banner-title-visibility":"","ast-main-header-display":"","ast-hfb-above-header-display":"","ast-hfb-below-header-display":"","ast-hfb-mobile-header-display":"","site-post-title":"","ast-breadcrumbs-content":"","ast-featured-img":"","footer-sml-layout":"","ast-disable-related-posts":"","theme-transparent-header-meta":"default","adv-header-id-meta":"","stick-header-meta":"","header-above-stick-meta":"","header-main-stick-meta":"","header-below-stick-meta":"","astra-migrate-meta-layouts":"set","ast-page-background-enabled":"default","ast-page-background-meta":{"desktop":{"background-color":"","background-image":"","background-repeat":"repeat","background-position":"center center","background-size":"auto","background-attachment":"scroll","background-type":"","background-media":"","overlay-type":"","overlay-color":"","overlay-opacity":"","overlay-gradient":""},"tablet":{"background-color":"","background-image":"","background-repeat":"repeat","background-position":"center center","background-size":"auto","background-attachment":"scroll","background-type":"","background-media":"","overlay-type":"","overlay-color":"","overlay-opacity":"","overlay-gradient":""},"mobile":{"background-color":"","background-image":"","background-repeat":"repeat","background-position":"center center","background-size":"auto","background-attachment":"scroll","background-type":"","background-media":"","overlay-type":"","overlay-color":"","overlay-opacity":"","overlay-gradient":""}},"ast-content-background-meta":{"desktop":{"background-color":"var(--ast-global-color-5)","background-image":"","background-repeat":"repeat","background-position":"center center","background-size":"auto","background-attachment":"scroll","background-type":"","background-media":"","overlay-type":"","overlay-color":"","overlay-opacity":"","overlay-gradient":""},"tablet":{"background-color":"var(--ast-global-color-5)","background-image":"","background-repeat":"repeat","background-position":"center center","background-size":"auto","background-attachment":"scroll","background-type":"","background-media":"","overlay-type":"","overlay-color":"","overlay-opacity":"","overlay-gradient":""},"mobile":{"background-color":"var(--ast-global-color-5)","background-image":"","background-repeat":"repeat","background-position":"center center","background-size":"auto","background-attachment":"scroll","background-type":"","background-media":"","overlay-type":"","overlay-color":"","overlay-opacity":"","overlay-gradient":""}},"_joinchat":{"telephone":"+8617776015835"}},"product_brand":[],"product_cat":[68,58,19],"product_tag":[83,115,117,116,78,114],"class_list":{"0":"post-3064","1":"product","2":"type-product","3":"status-publish","4":"has-post-thumbnail","6":"product_cat-25000-puff","7":"product_cat-fumot-vape","8":"product_cat-vapes","9":"product_tag-fumot-vape","10":"product_tag-randm-25000","11":"product_tag-randm-25k","12":"product_tag-randm-tornado-25000","13":"product_tag-randm-vape","14":"product_tag-tornado-vape","15":"desktop-align-left","16":"tablet-align-left","17":"mobile-align-left","19":"first","20":"instock","21":"sale","22":"shipping-taxable","23":"purchasable","24":"product-type-simple"},"acf":[],"uagb_featured_image_src":{"full":["https:\/\/vapestornado.com\/wp-content\/uploads\/2024\/12\/PUFF-25000-Tornado-RandM-Vape.jpg",1182,1182,false],"thumbnail":["https:\/\/vapestornado.com\/wp-content\/uploads\/2024\/12\/PUFF-25000-Tornado-RandM-Vape-150x150.jpg",150,150,true],"medium":["https:\/\/vapestornado.com\/wp-content\/uploads\/2024\/12\/PUFF-25000-Tornado-RandM-Vape-300x300.jpg",300,300,true],"medium_large":["https:\/\/vapestornado.com\/wp-content\/uploads\/2024\/12\/PUFF-25000-Tornado-RandM-Vape-768x768.jpg",768,768,true],"large":["https:\/\/vapestornado.com\/wp-content\/uploads\/2024\/12\/PUFF-25000-Tornado-RandM-Vape-1024x1024.jpg",1024,1024,true],"1536x1536":["https:\/\/vapestornado.com\/wp-content\/uploads\/2024\/12\/PUFF-25000-Tornado-RandM-Vape.jpg",1182,1182,false],"2048x2048":["https:\/\/vapestornado.com\/wp-content\/uploads\/2024\/12\/PUFF-25000-Tornado-RandM-Vape.jpg",1182,1182,false],"trp-custom-language-flag":["https:\/\/vapestornado.com\/wp-content\/uploads\/2024\/12\/PUFF-25000-Tornado-RandM-Vape.jpg",12,12,false],"woocommerce_thumbnail":["https:\/\/vapestornado.com\/wp-content\/uploads\/2024\/12\/PUFF-25000-Tornado-RandM-Vape-300x300.jpg",300,300,true],"woocommerce_single":["https:\/\/vapestornado.com\/wp-content\/uploads\/2024\/12\/PUFF-25000-Tornado-RandM-Vape-600x600.jpg",600,600,true],"woocommerce_gallery_thumbnail":["https:\/\/vapestornado.com\/wp-content\/uploads\/2024\/12\/PUFF-25000-Tornado-RandM-Vape-100x100.jpg",100,100,true]},"uagb_author_info":{"display_name":"ESAMY","author_link":"https:\/\/vapestornado.com\/pl\/author\/"},"uagb_comment_info":0,"uagb_excerpt":"Fumot RandM Tornado 25000 Puffs Touch Disposable Vape PUFF 25000 RandM Vape Tornado Wholesale Price RandM Vape Tornado 25000 Digital Display Disposable Vape Add Amy's whatsapp get right reply and vape vape coupon! WhatsApp: +86 17776015835 &nbsp;","_links":{"self":[{"href":"https:\/\/vapestornado.com\/pl\/wp-json\/wp\/v2\/product\/3064","targetHints":{"allow":["GET"]}}],"collection":[{"href":"https:\/\/vapestornado.com\/pl\/wp-json\/wp\/v2\/product"}],"about":[{"href":"https:\/\/vapestornado.com\/pl\/wp-json\/wp\/v2\/types\/product"}],"replies":[{"embeddable":true,"href":"https:\/\/vapestornado.com\/pl\/wp-json\/wp\/v2\/comments?post=3064"}],"wp:featuredmedia":[{"embeddable":true,"href":"https:\/\/vapestornado.com\/pl\/wp-json\/wp\/v2\/media\/3038"}],"wp:attachment":[{"href":"https:\/\/vapestornado.com\/pl\/wp-json\/wp\/v2\/media?parent=3064"}],"wp:term":[{"taxonomy":"product_brand","embeddable":true,"href":"https:\/\/vapestornado.com\/pl\/wp-json\/wp\/v2\/product_brand?post=3064"},{"taxonomy":"product_cat","embeddable":true,"href":"https:\/\/vapestornado.com\/pl\/wp-json\/wp\/v2\/product_cat?post=3064"},{"taxonomy":"product_tag","embeddable":true,"href":"https:\/\/vapestornado.com\/pl\/wp-json\/wp\/v2\/product_tag?post=3064"}],"curies":[{"name":"wp","href":"https:\/\/api.w.org\/{rel}","templated":true}]}}