{"id":3062,"date":"2024-12-10T08:21:23","date_gmt":"2024-12-10T08:21:23","guid":{"rendered":"https:\/\/vapestornado.com\/?post_type=product&#038;p=3062"},"modified":"2025-12-05T09:32:41","modified_gmt":"2025-12-05T09:32:41","slug":"randm-tornado-9000-puffs-rechargeable-disposable-vape-wholesale-online","status":"publish","type":"product","link":"https:\/\/vapestornado.com\/pl\/product\/randm-tornado-9000-puffs-rechargeable-disposable-vape-wholesale-online\/","title":{"rendered":"RandM Tornado 9000 Zaci\u0105gni\u0119\u0107 Jednorazowy Vape z Mo\u017cliwo\u015bci\u0105 \u0141adowania Hurtowo Online"},"content":{"rendered":"<h1 class=\"product-title\">RandM Tornado 9000 Zaci\u0105gni\u0119\u0107 Jednorazowy Vape z Mo\u017cliwo\u015bci\u0105 \u0141adowania Hurtowo Online<\/h1>\n<p data-start=\"1186\" data-end=\"1344\">RandM Tornado 9000 to kompaktowy, \u0142adowalny jednorazowy e-papieros z ponad 9 000 chmur, 18 ml nape\u0142nionego p\u0142ynu, bateri\u0105 Type-C 850mAh, wyj\u015bciem na cewk\u0119 mesh i ekranem RGB \u2014 zaprojektowany do d\u0142ugiego codziennego u\u017cytkowania i przejrzystego \u015bledzenia.<\/p>\n<p data-start=\"545\" data-end=\"882\"><strong data-start=\"545\" data-end=\"591\">Ponad 9 000 chmur, kt\u00f3re wyd\u0142u\u017caj\u0105 \u017cywotno\u015b\u0107 urz\u0105dzenia.<\/strong><br data-start=\"591\" data-end=\"594\" \/>Cyfrowy ekran <strong data-start=\"598\" data-end=\"636\">Jednorazowy e-papieros RandM Tornado 9000<\/strong> znajduje si\u0119 w kategorii \u201eu\u017cywaj przez jaki\u015b czas\u201d. Jego <strong data-start=\"680\" data-end=\"699\">ocena ponad 9K chmur<\/strong> czyni go solidnym krokiem naprz\u00f3d w por\u00f3wnaniu do ma\u0142ych jednoraz\u00f3wek, dzi\u0119ki czemu nie musisz wymienia\u0107 e-papieros\u00f3w co drugi dzie\u0144. Dla regularnych palaczy, kt\u00f3rzy korzystaj\u0105 z e-papieros\u00f3w podczas przerw w pracy i wieczorami, ta sp\u00f3jno\u015b\u0107 ma znaczenie.<\/p>\n<p data-start=\"884\" data-end=\"1120\"><strong data-start=\"884\" data-end=\"919\">Zbiornik 18 ml, brak konieczno\u015bci uzupe\u0142niania, brak ba\u0142aganu.<\/strong><br data-start=\"919\" data-end=\"922\" \/>Ka\u017cda jednostka jest <strong data-start=\"938\" data-end=\"971\">wst\u0119pnie nape\u0142niona 18 ml e-liquidem<\/strong>, dopasowanym do liczby chmur. Pomys\u0142 jest prosty: otw\u00f3rz opakowanie, korzystaj z e-papierosa, na\u0142aduj go w razie potrzeby i u\u017cywaj do ko\u0144ca, nie martwi\u0105c si\u0119 o butelki czy wk\u0142ady.<\/p>\n<p data-start=\"1122\" data-end=\"1338\"><strong data-start=\"1122\" data-end=\"1159\">Dym z cewki mesh, kt\u00f3ry pozostaje g\u0142adki.<\/strong><br data-start=\"1159\" data-end=\"1162\" \/>A <strong data-start=\"1164\" data-end=\"1177\">siatka grzewcza<\/strong> r\u00f3wnomiernie rozprowadza ciep\u0142o, dzi\u0119ki czemu para jest stabilna, a smak d\u0142u\u017cej si\u0119 utrzymuje. Pomaga to r\u00f3wnie\u017c unikn\u0105\u0107 suchego, przypalonego ko\u0144ca, kt\u00f3ry mog\u0105 rozwija\u0107 podstawowe cewki, gdy tank si\u0119 opr\u00f3\u017cnia.<\/p>\n<p data-start=\"1340\" data-end=\"1599\"><strong data-start=\"1340\" data-end=\"1384\">\u0141adowalna bateria 850mAh z Type-C.<\/strong><br data-start=\"1384\" data-end=\"1387\" \/>Cyfrowy ekran <strong data-start=\"1391\" data-end=\"1409\">Bateria 850mAh<\/strong> jest \u0142adowalna i <strong data-start=\"1431\" data-end=\"1459\">szybkie \u0142adowanie USB typu C<\/strong> zachowuje praktyczno\u015b\u0107. Gdy moc spada, kr\u00f3tkie do\u0142adowanie przywraca pe\u0142n\u0105 wydajno\u015b\u0107, pozwalaj\u0105c na zu\u017cycie ca\u0142ych 18 ml bez marnowania.<\/p>\n<p data-start=\"1822\" data-end=\"2064\"><strong data-start=\"1822\" data-end=\"1857\">54 smaki i opcje niskiego nikotyny.<\/strong><br data-start=\"1857\" data-end=\"1860\" \/>Dzi\u0119ki <strong data-start=\"1865\" data-end=\"1879\">54 smaki<\/strong>, RandM Tornado 9K obejmuje ulubione smaki UE \u2014 owoce, l\u00f3d, s\u0142odkie mieszanki \u2014 aby u\u017cytkownicy mogli pozosta\u0107 przy tym, co lubi\u0105. Dost\u0119pne s\u0105 warianty z nisk\u0105 zawarto\u015bci\u0105 nikotyny dla tych, kt\u00f3rzy chc\u0105 l\u017cejszego codziennego uderzenia.<\/p>\n<p>&nbsp;<\/p>\n<p><strong>Dodaj Amy na WhatsApp, aby uzyska\u0107 szybk\u0105 odpowied\u017a i kupon na vape!<\/strong><\/p>\n<p><img fetchpriority=\"high\" decoding=\"async\" class=\"size-full wp-image-2932\" src=\"https:\/\/vapestornado.com\/wp-content\/uploads\/2024\/12\/Vape-Wholesale.jpg\" alt=\"Hurtowa sprzeda\u017c e-papieros\u00f3w\" width=\"229\" height=\"300\" \/><\/p>\n<h3><a href=\"https:\/\/wa.me\/8617776015835\" target=\"_blank\" rel=\"noopener\"><span style=\"color: #ff0000;\"><strong>WhatsApp: +86 17776015835<\/strong><\/span><\/a><\/h3>\n<p>&nbsp;<\/p>\n<h2><strong>Cechy produktu RandM Tornado 9000<\/strong><\/h2>\n<table>\n<thead>\n<tr>\n<th>Funkcja \/ Parametr<\/th>\n<th align=\"right\">Specyfikacja<\/th>\n<th>Wyja\u015bnienie<\/th>\n<\/tr>\n<\/thead>\n<tbody>\n<tr>\n<td>Nazwa produktu<\/td>\n<td align=\"right\">RandM Tornado 9000<\/td>\n<td>Wyczy\u015b\u0107 nazw\u0119 modelu dla ponownych zam\u00f3wie\u0144 i wyszukiwania.<\/td>\n<\/tr>\n<tr>\n<td>Pojemno\u015b\u0107 zaci\u0105gni\u0119\u0107<\/td>\n<td align=\"right\">Ponad 9000 zaci\u0105gni\u0119\u0107<\/td>\n<td>D\u0142u\u017csze u\u017cytkowanie ni\u017c standardowe jednoraz\u00f3wki; mniej wymian.<\/td>\n<\/tr>\n<tr>\n<td>Obj\u0119to\u015b\u0107 E-Liquidu<\/td>\n<td align=\"right\">18ml wst\u0119pnie nape\u0142nione<\/td>\n<td>Wystarczaj\u0105co du\u017cy, aby obs\u0142u\u017cy\u0107 ocen\u0119 9K bez uzupe\u0142niania.<\/td>\n<\/tr>\n<tr>\n<td>Typ Grza\u0142ki<\/td>\n<td align=\"right\">Cewka Mesh<\/td>\n<td>R\u00f3wnomierne nagrzewanie = g\u0142adszy ci\u0105g i stabilniejszy smak.<\/td>\n<\/tr>\n<tr>\n<td>Bateria<\/td>\n<td align=\"right\">850mAh do\u0142adowywalna bateria<\/td>\n<td>Na\u0142aduj, aby doko\u0144czy\u0107 tank zamiast wyrzuca\u0107 wcze\u015bniej.<\/td>\n<\/tr>\n<tr>\n<td>\u0141adowanie<\/td>\n<td align=\"right\">Szybkie \u0142adowanie USB Type-C<\/td>\n<td>Standardowy kabel; szybkie uzupe\u0142nianie.<\/td>\n<\/tr>\n<tr>\n<td>Wy\u015bwietlacz<\/td>\n<td align=\"right\">Ekran RGB z informacjami o zaci\u0105gni\u0119ciach i baterii<\/td>\n<td>\u015aledzi zu\u017cycie i pozosta\u0142\u0105 moc na pierwszy rzut oka.<\/td>\n<\/tr>\n<tr>\n<td>Smaki<\/td>\n<td align=\"right\">54 opcje<\/td>\n<td>Szeroki wyb\u00f3r dla r\u00f3\u017cnych gust\u00f3w i rynk\u00f3w.<\/td>\n<\/tr>\n<tr>\n<td>Nikotyna<\/td>\n<td align=\"right\">Dost\u0119pne warianty o niskiej zawarto\u015bci nikotyny<\/td>\n<td>Odpowiedni dla os\u00f3b o mniejszym dziennym spo\u017cyciu lub u\u017cytkownik\u00f3w ograniczaj\u0105cych spo\u017cycie.<\/td>\n<\/tr>\n<tr>\n<td>Kszta\u0142t<\/td>\n<td align=\"right\">Kompaktowa, przeno\u015bna obudowa<\/td>\n<td>\u0141atwy do noszenia na dni robocze i podr\u00f3\u017ce.<\/td>\n<\/tr>\n<tr>\n<td>Aktywacja<\/td>\n<td align=\"right\">Aktywowany wdechem<\/td>\n<td>Brak przycisk\u00f3w; wdychaj, aby vape'owa\u0107.<\/td>\n<\/tr>\n<\/tbody>\n<\/table>\n<h2 class=\"product-title\"><strong>Lista smak\u00f3w RandM 9000<\/strong><\/h2>\n<p>1 Jagoda Malina<br \/>\n2 Pan Niebieski<br \/>\n3 Truskawka Arbuz<br \/>\n4 Lemoniada pomara\u0144czowa<br \/>\n5 Guma balonowa arbuzowa<br \/>\n6 T\u0119czowe cukierki<br \/>\n7 R\u00f3\u017cowa lemoniada<br \/>\n8 Brzoskwinia Mango Ananas<br \/>\n9 Truskawka Banan<br \/>\n10 Soczysty L\u00f3d<br \/>\n11 Czarny Smok L\u00f3d<br \/>\n12 Aloes Winogrono<br \/>\n13 Niebieska Malina L\u00f3d<br \/>\n14 Kiwi Marakuja Guawa<br \/>\n15 \u017belkowy Mi\u015b<br \/>\n16 Mieszane Jagody<br \/>\n17 Ch\u0142odna Mi\u0119ta<br \/>\n18 Malina Arbuz<br \/>\n19 Brzoskwiniowa Lemoniada<br \/>\n20 Guawa L\u00f3d<br \/>\n21 Truskawkowa Lemoniada<br \/>\n22 Arbuz Niebieska Malina L\u00f3d<br \/>\n23 Krem Bananowy<br \/>\n24 Brzoskwinia Jagody<br \/>\n25 Truskawkowy Krem<br \/>\n26 Kwa\u015bne Cukierki<br \/>\n27 Cytryna<br \/>\n28 Wi\u015bnia<br \/>\n29 Gazowana Wi\u015bnia<br \/>\n30 Jagoda Wi\u015bnia \u017burawina<br \/>\n31 Vimto<br \/>\n32 Skittles<br \/>\n33 Czarny L\u00f3d<br \/>\n34 Winogrono<br \/>\n35 Bluelicious L\u00f3d<br \/>\n36 Truskawkowy L\u00f3d<br \/>\n37 Niebieska Malina Kush<br \/>\n38 L\u00f3d na Patyku<br \/>\n39 Jagoda Kwa\u015bna Malina<br \/>\n40 Ananas<br \/>\n41 Wi\u015bniowa Brzoskwiniowa Lemoniada<br \/>\n42 Truskawka Malina Wi\u015bnia L\u00f3d<br \/>\n43 Potr\u00f3jne Mango<br \/>\n44 Truskawka Malina L\u00f3d<br \/>\n45 Truskawka Arbuz Guma Balonowa<br \/>\n46 Prime Truskawka Arbuz<br \/>\n47 Arbuzowy L\u00f3d<\/p>\n<h3>Dlaczego warto wybra\u0107 vapestornado do sprzeda\u017cy hurtowej RandM Tornado 9k Vape?<\/h3>\n<div class=\"flex-shrink-0 flex flex-col relative items-end\">\n<div class=\"pt-0\">\n<div class=\"gizmo-bot-avatar flex h-8 w-8 items-center justify-center overflow-hidden rounded-full\">\n<div class=\"relative p-1 rounded-sm flex items-center justify-center bg-token-main-surface-primary text-token-text-primary h-8 w-8\">\n<p>Witamy w vapestornado, Twoim zaufanym sklepie internetowym z wysokiej jako\u015bci jednorazowymi e-papierosami. Dzi\u0119ki ponad 5-letniemu do\u015bwiadczeniu oferujemy popularne marki jednorazowych e-papieros\u00f3w, takie jak Fumot RandM Vape, Vapme, Bang Vape, Waspe Vape i WGA Vape itp.<\/p>\n<p>Nasza oferta obejmuje popularne e-papierosy, takie jak <a href=\"https:\/\/vapestornado.com\/pl\/product\/randm-12000-puffs-fumot-digital-disposable-vape-wholesale-price\/\">RandM Tornado 12000<\/a>, oraz bogate w smaku opcje, takie jak <a href=\"https:\/\/vapestornado.com\/pl\/product\/fumot-randm-tornado-15000-puffs-rechargeable-disposable-vape-wholesale\/\">Randm 15000 Zaci\u0105gni\u0119\u0107<\/a> . Ka\u017cdy produkt jest wybierany z naciskiem na jako\u015b\u0107, warto\u015b\u0107 i r\u00f3\u017cnorodno\u015b\u0107, zapewniaj\u0105c znalezienie idealnego dopasowania do Twoich potrzeb. Odkryj wyj\u0105tkow\u0105 obs\u0142ug\u0119 i szerok\u0105 gam\u0119 najlepszych produkt\u00f3w na vapestornado.<\/p>\n<\/div>\n<h3><\/h3>\n<div class=\"relative p-1 rounded-sm flex items-center justify-center bg-token-main-surface-primary text-token-text-primary h-8 w-8\">\n<h3>Najcz\u0119\u015bciej zadawane pytania dotycz\u0105ce jednorazowego waporyzatora Fumot 9k<\/h3>\n<\/div>\n<\/div>\n<\/div>\n<\/div>\n<div class=\"flex-shrink-0 flex flex-col relative items-end\">\n<div class=\"pt-0\">\n<div class=\"gizmo-bot-avatar flex h-8 w-8 items-center justify-center overflow-hidden rounded-full\">\n<p data-start=\"3174\" data-end=\"3366\"><strong data-start=\"3174\" data-end=\"3237\">1. Czy RandM Tornado 9K wymaga \u0142adowania przed pierwszym u\u017cyciem?<\/strong><br data-start=\"3237\" data-end=\"3240\" \/>Nie. The <strong data-start=\"3248\" data-end=\"3279\">Jednorazowy RandM Tornado 9K<\/strong> jest gotowy do u\u017cycia od razu po wyj\u0119ciu z pude\u0142ka. \u0141adowanie jest potrzebne dopiero p\u00f3\u017aniej, aby zu\u017cy\u0107 ca\u0142e 18 ml p\u0142ynu.<\/p>\n<p data-start=\"3368\" data-end=\"3611\"><strong data-start=\"3368\" data-end=\"3444\">2. Jak d\u0142ugo wystarcza RandM Tornado 9000 Puffs dla osoby pal\u0105cej codziennie?<\/strong><br data-start=\"3444\" data-end=\"3447\" \/>U\u017cytkowanie si\u0119 r\u00f3\u017cni, ale <strong data-start=\"3469\" data-end=\"3497\">RandM Tornado 9000 Puffs<\/strong> zwykle wystarcza znacznie d\u0142u\u017cej ni\u017c jednoraz\u00f3wki 3k\u20135k ze wzgl\u0119du na wy\u017csz\u0105 ocen\u0119 zaci\u0105gni\u0119\u0107 i akumulator.<\/p>\n<p data-start=\"3613\" data-end=\"3838\"><strong data-start=\"3613\" data-end=\"3683\">3. Czy grza\u0142ka mesh w RandM Tornado 9000 jest lepsza ni\u017c standardowa grza\u0142ka?<\/strong><br data-start=\"3683\" data-end=\"3686\" \/>Tak, w praktyce. Grza\u0142ka <strong data-start=\"3707\" data-end=\"3739\">mesh w RandM Tornado 9000<\/strong> nagrzewa si\u0119 bardziej r\u00f3wnomiernie, co zapewnia p\u0142ynniejsz\u0105 par\u0119 i pomaga zmniejszy\u0107 blakni\u0119cie smaku w p\u00f3\u017aniejszym okresie u\u017cytkowania urz\u0105dzenia.<\/p>\n<p data-start=\"3840\" data-end=\"4039\"><strong data-start=\"3840\" data-end=\"3901\">4. Czy RandM Tornado 9 000+ mo\u017cna u\u017cywa\u0107 z niskim nikotyn\u0105<\/strong><br data-start=\"3901\" data-end=\"3904\" \/>Tak. <strong data-start=\"3909\" data-end=\"3950\">wersje niskonikotynowe RandM Tornado 9 000+<\/strong> s\u0105 dost\u0119pne dla u\u017cytkownik\u00f3w, kt\u00f3rzy wol\u0105 l\u017cejszy codzienny zastrzyk lub chc\u0105 mie\u0107 wi\u0119ksz\u0105 kontrol\u0119 nad spo\u017cyciem.<\/p>\n<p data-start=\"4041\" data-end=\"4330\"><strong data-start=\"4041\" data-end=\"4113\">5. Co wyr\u00f3\u017cnia RandM Tornado 9000 spo\u015br\u00f3d innych jednorazowych urz\u0105dze\u0144 9K<\/strong><br data-start=\"4113\" data-end=\"4116\" \/>Cyfrowy ekran <strong data-start=\"4120\" data-end=\"4142\">RandM Tornado 9000<\/strong> \u0142\u0105czy wysok\u0105 ocen\u0119 zaci\u0105gni\u0119\u0107 z <strong data-start=\"4179\" data-end=\"4210\">akumulator 850mAh<\/strong>, <strong data-start=\"4212\" data-end=\"4231\">\u0142adowanie typu C<\/strong>, oraz z <strong data-start=\"4240\" data-end=\"4254\">ekranem RGB<\/strong> kt\u00f3ry \u015bledzi zar\u00f3wno zaci\u0105gni\u0119cia, jak i moc\u2014funkcje, kt\u00f3re nie zawsze wyst\u0119puj\u0105 w tej klasie.<\/p>\n<\/div>\n<\/div>\n<\/div>","protected":false},"excerpt":{"rendered":"<p>RandM Tornado 9000 Jednorazowy E-papieros \u2014 ponad 9 tys. chmur na codzienne u\u017cytkowanie<br \/>\nRandM Tornado 9K Mesh Coil Smak i Typ-C \u0141adowanie<br \/>\nFumot Tornado 9000 Smaki (54 opcje) z RGB na \u017cywo i kontrol\u0105 ekranu<\/p>\n<p><strong>Dodaj Amy do WhatsAppa, aby uzyska\u0107 szybk\u0105 odpowied\u017a i kupon na vape!<\/strong><\/p>\n<p><img fetchpriority=\"high\" decoding=\"async\" class=\"size-full wp-image-2932\" src=\"https:\/\/vapestornado.com\/wp-content\/uploads\/2024\/12\/Vape-Wholesale.jpg\" alt=\"Hurtowa sprzeda\u017c e-papieros\u00f3w\" width=\"229\" height=\"300\" \/><\/p>\n<h3><a href=\"https:\/\/wa.me\/8617776015835\"><span style=\"color: #ff0000;\"><strong>WhatsApp: +86 17776015835<\/strong><\/span><\/a><\/h3>\n<p>&nbsp;<\/p>","protected":false},"featured_media":3050,"comment_status":"open","ping_status":"closed","template":"","meta":{"_acf_changed":false,"_uag_custom_page_level_css":"","_lmt_disableupdate":"no","_lmt_disable":"","_monsterinsights_skip_tracking":false,"_monsterinsights_sitenote_active":false,"_monsterinsights_sitenote_note":"","_monsterinsights_sitenote_category":0,"site-sidebar-layout":"default","site-content-layout":"","ast-site-content-layout":"default","site-content-style":"default","site-sidebar-style":"default","ast-global-header-display":"","ast-banner-title-visibility":"","ast-main-header-display":"","ast-hfb-above-header-display":"","ast-hfb-below-header-display":"","ast-hfb-mobile-header-display":"","site-post-title":"","ast-breadcrumbs-content":"","ast-featured-img":"","footer-sml-layout":"","ast-disable-related-posts":"","theme-transparent-header-meta":"default","adv-header-id-meta":"","stick-header-meta":"","header-above-stick-meta":"","header-main-stick-meta":"","header-below-stick-meta":"","astra-migrate-meta-layouts":"set","ast-page-background-enabled":"default","ast-page-background-meta":{"desktop":{"background-color":"","background-image":"","background-repeat":"repeat","background-position":"center center","background-size":"auto","background-attachment":"scroll","background-type":"","background-media":"","overlay-type":"","overlay-color":"","overlay-opacity":"","overlay-gradient":""},"tablet":{"background-color":"","background-image":"","background-repeat":"repeat","background-position":"center center","background-size":"auto","background-attachment":"scroll","background-type":"","background-media":"","overlay-type":"","overlay-color":"","overlay-opacity":"","overlay-gradient":""},"mobile":{"background-color":"","background-image":"","background-repeat":"repeat","background-position":"center center","background-size":"auto","background-attachment":"scroll","background-type":"","background-media":"","overlay-type":"","overlay-color":"","overlay-opacity":"","overlay-gradient":""}},"ast-content-background-meta":{"desktop":{"background-color":"var(--ast-global-color-5)","background-image":"","background-repeat":"repeat","background-position":"center center","background-size":"auto","background-attachment":"scroll","background-type":"","background-media":"","overlay-type":"","overlay-color":"","overlay-opacity":"","overlay-gradient":""},"tablet":{"background-color":"var(--ast-global-color-5)","background-image":"","background-repeat":"repeat","background-position":"center center","background-size":"auto","background-attachment":"scroll","background-type":"","background-media":"","overlay-type":"","overlay-color":"","overlay-opacity":"","overlay-gradient":""},"mobile":{"background-color":"var(--ast-global-color-5)","background-image":"","background-repeat":"repeat","background-position":"center center","background-size":"auto","background-attachment":"scroll","background-type":"","background-media":"","overlay-type":"","overlay-color":"","overlay-opacity":"","overlay-gradient":""}},"_joinchat":{"telephone":"+8617776015835"}},"product_brand":[],"product_cat":[73,154,157,160,58,148],"product_tag":[83,113,112,78,114],"class_list":{"0":"post-3062","1":"product","2":"type-product","3":"status-publish","4":"has-post-thumbnail","6":"product_cat-9000-puff","7":"product_cat-buy-disposable-vapes-in-netherlands","8":"product_cat-buy-disposable-vapes-in-portugal","9":"product_cat-buy-disposable-vapes-in-switzerland","10":"product_cat-fumot-vape","11":"product_cat-tornado-disposable-vapes","12":"product_tag-fumot-vape","13":"product_tag-randm-9000","14":"product_tag-randm-tornado-9000","15":"product_tag-randm-vape","16":"product_tag-tornado-vape","17":"desktop-align-left","18":"tablet-align-left","19":"mobile-align-left","21":"first","22":"instock","23":"sale","24":"shipping-taxable","25":"purchasable","26":"product-type-simple"},"acf":[],"uagb_featured_image_src":{"full":["https:\/\/vapestornado.com\/wp-content\/uploads\/2024\/12\/RandM-9000-Tornado-Fumot-Vape.jpg",800,800,false],"thumbnail":["https:\/\/vapestornado.com\/wp-content\/uploads\/2024\/12\/RandM-9000-Tornado-Fumot-Vape-150x150.jpg",150,150,true],"medium":["https:\/\/vapestornado.com\/wp-content\/uploads\/2024\/12\/RandM-9000-Tornado-Fumot-Vape-300x300.jpg",300,300,true],"medium_large":["https:\/\/vapestornado.com\/wp-content\/uploads\/2024\/12\/RandM-9000-Tornado-Fumot-Vape-768x768.jpg",768,768,true],"large":["https:\/\/vapestornado.com\/wp-content\/uploads\/2024\/12\/RandM-9000-Tornado-Fumot-Vape.jpg",800,800,false],"1536x1536":["https:\/\/vapestornado.com\/wp-content\/uploads\/2024\/12\/RandM-9000-Tornado-Fumot-Vape.jpg",800,800,false],"2048x2048":["https:\/\/vapestornado.com\/wp-content\/uploads\/2024\/12\/RandM-9000-Tornado-Fumot-Vape.jpg",800,800,false],"trp-custom-language-flag":["https:\/\/vapestornado.com\/wp-content\/uploads\/2024\/12\/RandM-9000-Tornado-Fumot-Vape.jpg",12,12,false],"woocommerce_thumbnail":["https:\/\/vapestornado.com\/wp-content\/uploads\/2024\/12\/RandM-9000-Tornado-Fumot-Vape-300x300.jpg",300,300,true],"woocommerce_single":["https:\/\/vapestornado.com\/wp-content\/uploads\/2024\/12\/RandM-9000-Tornado-Fumot-Vape-600x600.jpg",600,600,true],"woocommerce_gallery_thumbnail":["https:\/\/vapestornado.com\/wp-content\/uploads\/2024\/12\/RandM-9000-Tornado-Fumot-Vape-100x100.jpg",100,100,true]},"uagb_author_info":{"display_name":"ESAMY","author_link":"https:\/\/vapestornado.com\/pl\/author\/"},"uagb_comment_info":0,"uagb_excerpt":"RandM Tornado 9000 Disposable Vape \u2014 9K+ Puffs for Day-to-Day Reliability RandM Tornado 9K Mesh Coil Flavor and Type-C Rechargeable Power Fumot Tornado 9000 Flavors (54 Options) with RGB Live Screen Control Add Amy's whatsapp get right reply and vape vape coupon! WhatsApp: +86 17776015835 &nbsp;","_links":{"self":[{"href":"https:\/\/vapestornado.com\/pl\/wp-json\/wp\/v2\/product\/3062","targetHints":{"allow":["GET"]}}],"collection":[{"href":"https:\/\/vapestornado.com\/pl\/wp-json\/wp\/v2\/product"}],"about":[{"href":"https:\/\/vapestornado.com\/pl\/wp-json\/wp\/v2\/types\/product"}],"replies":[{"embeddable":true,"href":"https:\/\/vapestornado.com\/pl\/wp-json\/wp\/v2\/comments?post=3062"}],"wp:featuredmedia":[{"embeddable":true,"href":"https:\/\/vapestornado.com\/pl\/wp-json\/wp\/v2\/media\/3050"}],"wp:attachment":[{"href":"https:\/\/vapestornado.com\/pl\/wp-json\/wp\/v2\/media?parent=3062"}],"wp:term":[{"taxonomy":"product_brand","embeddable":true,"href":"https:\/\/vapestornado.com\/pl\/wp-json\/wp\/v2\/product_brand?post=3062"},{"taxonomy":"product_cat","embeddable":true,"href":"https:\/\/vapestornado.com\/pl\/wp-json\/wp\/v2\/product_cat?post=3062"},{"taxonomy":"product_tag","embeddable":true,"href":"https:\/\/vapestornado.com\/pl\/wp-json\/wp\/v2\/product_tag?post=3062"}],"curies":[{"name":"wp","href":"https:\/\/api.w.org\/{rel}","templated":true}]}}