{"id":3033,"date":"2024-12-10T06:54:50","date_gmt":"2024-12-10T06:54:50","guid":{"rendered":"https:\/\/vapestornado.com\/?post_type=product&#038;p=3033"},"modified":"2025-08-23T10:12:12","modified_gmt":"2025-08-23T10:12:12","slug":"wga-crystal-pro-max-15k-puffs-wholesale-price-vape-pods","status":"publish","type":"product","link":"https:\/\/vapestornado.com\/pl\/product\/wga-crystal-pro-max-15k-puffs-wholesale-price-vape-pods\/","title":{"rendered":"WGA Crystal Pro Max 15k Puffs Cena Hurtowa Vape Pody"},"content":{"rendered":"<h1>WGA Crystal Pro Max 15k Puffs Cena Hurtowa Vape Pody<\/h1>\n<p data-start=\"286\" data-end=\"581\">Cyfrowy ekran <strong data-start=\"290\" data-end=\"339\">Jednorazowy Vape WGA Crystal Pro Max 15K Puffs<\/strong> jest przeznaczony dla hurtownik\u00f3w i sprzedawc\u00f3w detalicznych poszukuj\u0105cych niezawodnych produkt\u00f3w o wysokim popycie na rynku europejskim. Z pojemno\u015bci\u0105 do <strong data-start=\"457\" data-end=\"484\">15 000 zaci\u0105gni\u0119\u0107 na urz\u0105dzenie<\/strong> i <strong data-start=\"491\" data-end=\"524\">25 ml wst\u0119pnie nape\u0142nionego zbiornika e-liquidu<\/strong>, zapewnia wyd\u0142u\u017cone u\u017cytkowanie i du\u017cy potencja\u0142 odsprzeda\u017cy.<\/p>\n<p data-start=\"583\" data-end=\"874\">Zasilany przez <strong data-start=\"596\" data-end=\"627\">akumulator o pojemno\u015bci 650 mAh<\/strong> z <strong data-start=\"633\" data-end=\"657\">Szybkie \u0142adowanie typu C<\/strong>, Crystal Pro Max zapewnia sp\u00f3jne sesje bez przerw. Wbudowany <strong data-start=\"732\" data-end=\"759\">wska\u017anik LED w czasie rzeczywistym<\/strong> informuje u\u017cytkownik\u00f3w o stanie baterii, a <strong data-start=\"810\" data-end=\"828\">cewka siatkowa 0,8 \u03a9<\/strong> zwi\u0119ksza g\u0119sto\u015b\u0107 pary i dostarczanie smaku.<\/p>\n<p data-start=\"876\" data-end=\"1231\">Kompaktowy i przeno\u015bny o wymiarach <strong data-start=\"900\" data-end=\"923\">43 mm \u00d7 23 mm \u00d7 105 mm<\/strong>, <strong data-start=\"929\" data-end=\"961\">WGA Crystal Pro Max 15K Vape<\/strong> jest \u0142atwy do przenoszenia, stylowy na wystawie i dost\u0119pny w szerokiej gamie profili smakowych, aby zaspokoi\u0107 r\u00f3\u017cne preferencje. Jego po\u0142\u0105czenie pojemno\u015bci, designu i konkurencyjno\u015bci <strong data-start=\"1133\" data-end=\"1154\">cenami hurtowymi<\/strong> czyni go doskona\u0142ym wyborem dla sprzedawc\u00f3w detalicznych i dystrybutor\u00f3w w ca\u0142ej Europie.<\/p>\n<p>&nbsp;<\/p>\n<p><img fetchpriority=\"high\" decoding=\"async\" class=\"size-medium wp-image-2951\" src=\"https:\/\/vapestornado.com\/wp-content\/uploads\/2024\/12\/Wholesale-Disposable-Vape-265x300.jpg\" alt=\"Hurtownia jednorazowych vape\" width=\"265\" height=\"300\" srcset=\"https:\/\/vapestornado.com\/wp-content\/uploads\/2024\/12\/Wholesale-Disposable-Vape-265x300.jpg 265w, https:\/\/vapestornado.com\/wp-content\/uploads\/2024\/12\/Wholesale-Disposable-Vape-768x871.jpg 768w, https:\/\/vapestornado.com\/wp-content\/uploads\/2024\/12\/Wholesale-Disposable-Vape-600x680.jpg 600w, https:\/\/vapestornado.com\/wp-content\/uploads\/2024\/12\/Wholesale-Disposable-Vape.jpg 823w\" sizes=\"(max-width: 265px) 100vw, 265px\" \/><\/p>\n<h6><span style=\"font-size: 1.1em; font-weight: bold;\">Skontaktuj si\u0119 z Mandy przez WhatsApp, aby uzyska\u0107 cen\u0119 promocyjn\u0105<\/span><a style=\"font-size: 1.1em; font-weight: bold; background-color: #ffffff;\" href=\"https:\/\/wa.me\/8618077105796\" target=\"_blank\" rel=\"noopener\">+8618077105796<\/a><\/h6>\n<p>&nbsp;<\/p>\n<h2><strong>WGA The Crystal Pro Max Extra 15,000 Puffs Vape \u2013 Kluczowe Specyfikacje<\/strong><\/h2>\n<ul>\n<li><strong>Du\u017ca Pojemno\u015b\u0107 Zaci\u0105gni\u0119\u0107<\/strong>: Zapewnia do 15 000 zaci\u0105gni\u0119\u0107 na urz\u0105dzenie, oferuj\u0105c d\u0142ugotrwa\u0142e u\u017cytkowanie i zmniejszaj\u0105c potrzeb\u0119 wymiany.<\/li>\n<li><strong>Akumulator 650 mAh<\/strong>: Posiada wytrzyma\u0142y akumulator 650mAh dla stabilnego dostarczania mocy podczas ka\u017cdej sesji.<\/li>\n<li><strong>Efektywne \u0141adowanie Type-C<\/strong>: Wyposa\u017cone w nowoczesny port Type-C do szybkiego i wygodnego \u0142adowania, aby urz\u0105dzenie by\u0142o zawsze gotowe.<\/li>\n<li><strong>Du\u017ca Pojemno\u015b\u0107 E-Liquidu<\/strong>: Wyposa\u017cone w 25ml zbiornik na e-liquid, wspieraj\u0105cy d\u0142ugie sesje wapowania bez ci\u0105g\u0142ego nape\u0142niania.<\/li>\n<li><strong>Wy\u015bwietlacz Stanu Baterii LED<\/strong>: Zawiera wska\u017anik LED w czasie rzeczywistym do monitorowania poziomu baterii i unikania niespodziewanych przerw.<\/li>\n<li><strong>Przeno\u015bna i stylowa konstrukcja<\/strong>: Kompaktowe wymiary 43mm x 23mm x 105mm zapewniaj\u0105 \u0142atw\u0105 obs\u0142ug\u0119 i przeno\u015bno\u015b\u0107, idealne do u\u017cytku w podr\u00f3\u017cy.<\/li>\n<\/ul>\n<h2><strong>WGA Crystal Pro Max 15k Puffs Lista Smak\u00f3w:<\/strong><\/h2>\n<p>1. ARBUZ Z LODEM<br \/>\n2.JAGODA MALINA<br \/>\n3.GAZOWANA WI\u015aNIA<br \/>\n4.MI\u015a \u017bELKOWY<br \/>\n5.CYTRYNA LIMONKA<br \/>\n6.TRUSKAWKOWY L\u00d3D<br \/>\n7.KWA\u015aNA MALINA JAGODA<br \/>\n8.NIEBIESKA MALINA Z LODEM<br \/>\n9.PAN NIEBIESKI<br \/>\n10.CUKIERKI OWOCOWE<br \/>\n11.BOR\u00d3WKA WI\u015aNIA \u017bURAWINA<br \/>\n12.SOCZYSTA BRZOSKWINIA<br \/>\n13.TRUSKAWKA MALINA WI\u015aNIA Z LODEM<br \/>\n14.GUMA BALONOWA<br \/>\n15.JE\u017bYNA BOR\u00d3WKA MALINA<br \/>\n16.LODOWY LIZAK TRUSKAWKOWY<br \/>\n17.LODOWY LIZAK BOR\u00d3WKOWY<br \/>\n18.PRIME TRUSKAWKA ARBUZ<br \/>\n19.GUMA BALONOWA TRUSKAWKA WI\u015aNIA<br \/>\n20.MALINA WI\u015aNIA Z LODEM<br \/>\n21.ANANAS Z LODEM<br \/>\n22.LETNIE MARZENIE<br \/>\n23.WGA R\u00d3\u017bOWY<br \/>\n24.\u015aWIE\u017bA MI\u0118TA<br \/>\n25.PODW\u00d3JNE JAB\u0141KO<br \/>\n26.POTR\u00d3JNE MANGO<br \/>\n27.CZARNY SMOK Z LODEM<br \/>\n28.COLA ICE<br \/>\n29.CYTRYNA ANANASOWA<br \/>\n30.MR BLACK<br \/>\n31.KIWI MARAKUJA GUJAWA<\/p>\n<h3><strong>Dlaczego warto wybra\u0107 WGA The Crystal Pro Max 15 000 Puffs Vapes?<\/strong><\/h3>\n<ul>\n<li><strong>Wyj\u0105tkowe profile smakowe<\/strong>: Zanurz si\u0119 w wyselekcjonowanej gamie \u017cywych i orze\u017awiaj\u0105cych smak\u00f3w owocowych, z kt\u00f3rych ka\u017cdy zosta\u0142 stworzony, aby zapewni\u0107 niezmiennie zachwycaj\u0105ce wra\u017cenia z vapingu.<\/li>\n<li><strong>\u0141atwa wygoda<\/strong>: Zaprojektowany z my\u015bl\u0105 o prostocie, ten jednorazowy vape oferuje p\u0142ynny i bezstresowy spos\u00f3b na korzystanie z vapingu premium w dowolnym miejscu i czasie.<\/li>\n<li><strong>Trwa\u0142o\u015b\u0107 i wydajno\u015b\u0107<\/strong>: Z imponuj\u0105c\u0105 pojemno\u015bci\u0105 do 15 000 zaci\u0105gni\u0119\u0107, wytrzyma\u0142ym akumulatorem 650 mAh i zbiornikiem na 25 ml liquidu, ten vape zosta\u0142 stworzony, aby zapewni\u0107 niezawodne dzia\u0142anie przez d\u0142ugi czas.<\/li>\n<li><strong>Nowoczesny i kompaktowy design<\/strong>: Jego smuk\u0142e wymiary i elegancka konstrukcja zapewniaj\u0105 przeno\u015bno\u015b\u0107 bez utraty stylu czy funkcjonalno\u015bci.<\/li>\n<\/ul>\n<p>Cyfrowy ekran <strong>WGA The Crystal Pro Max Extra 15000 Puffs Vape Pod\u00a0<\/strong> to doskona\u0142y wyb\u00f3r dla vaper\u00f3w poszukuj\u0105cych wygody, wydajno\u015bci i wyj\u0105tkowych dozna\u0144 sensorycznych. Idealne po\u0142\u0105czenie najnowocze\u015bniejszej technologii i doskona\u0142ego smaku czeka na Ciebie.<\/p>\n<p>&nbsp;<\/p>\n<h3><strong>Najcz\u0119\u015bciej zadawane pytania na temat WGA The Crystal Pro Max 15 000 Puffs Rechargeable Vape<\/strong><\/h3>\n<ol>\n<li><strong>Ile zaci\u0105gni\u0119\u0107 oferuje WGA Crystal Pro Max puff 15k?<\/strong><br \/>\nUrz\u0105dzenie zapewnia do 15 000 zaci\u0105gni\u0119\u0107, co czyni je idealnym do d\u0142ugotrwa\u0142ego u\u017cytkowania bez cz\u0119stej wymiany.<\/li>\n<li><strong>Jaki typ baterii jest w nim u\u017cywany?<\/strong><br \/>\nPosiada akumulator o pojemno\u015bci 650 mAh z portem \u0142adowania USB-C, co zapewnia szybkie i wydajne \u0142adowanie.<\/li>\n<li><strong>Jaka jest pojemno\u015b\u0107 liquidu w Vape 15000 Puffs? <a href=\"https:\/\/vapestornado.com\/pl\/product\/wga-crystal-pro-max-15k-puffs-wholesale-price-vape-pods\/\">WGA Vape<\/a>?<\/strong><br \/>\nCrystal Pro Max ma du\u017c\u0105 pojemno\u015b\u0107 25 ml liquidu, co pozwala na d\u0142ugie sesje palenia.<\/li>\n<li><strong>Czy WGA Crystal Vape 15000 Puffs ma wska\u017anik baterii?<\/strong><br \/>\nTak, zawiera wska\u017anik LED baterii, dzi\u0119ki czemu mo\u017cesz monitorowa\u0107 poziom na\u0142adowania i \u0142adowa\u0107 w razie potrzeby.<\/li>\n<li><strong>Czy liquid w WGA 15000 Puffs mo\u017cna uzupe\u0142nia\u0107?<\/strong><br \/>\nNie, WGA Crystal Pro Max 15000 Puffs to jednorazowe urz\u0105dzenie, kt\u00f3re nie obs\u0142uguje uzupe\u0142niania liquidu.<\/li>\n<\/ol>","protected":false},"excerpt":{"rendered":"<p>WGA Crystal Pro Max 15k Puffs vape pody w cenach hurtowych. Ciesz si\u0119 d\u0142ugotrwa\u0142ymi zaci\u0105gni\u0119ciami, doskona\u0142ymi smakami i opcjami zakupu hurtowego dla Twojej firmy.<\/p>\n<figure id=\"attachment_2951\" aria-describedby=\"caption-attachment-2951\" style=\"width: 265px\" class=\"wp-caption alignnone\"><img fetchpriority=\"high\" decoding=\"async\" class=\"size-medium wp-image-2951\" src=\"https:\/\/vapestornado.com\/wp-content\/uploads\/2024\/12\/Wholesale-Disposable-Vape-265x300.jpg\" alt=\"Hurtownia jednorazowych vape\" width=\"265\" height=\"300\" srcset=\"https:\/\/vapestornado.com\/wp-content\/uploads\/2024\/12\/Wholesale-Disposable-Vape-265x300.jpg 265w, https:\/\/vapestornado.com\/wp-content\/uploads\/2024\/12\/Wholesale-Disposable-Vape-768x871.jpg 768w, https:\/\/vapestornado.com\/wp-content\/uploads\/2024\/12\/Wholesale-Disposable-Vape-600x680.jpg 600w, https:\/\/vapestornado.com\/wp-content\/uploads\/2024\/12\/Wholesale-Disposable-Vape.jpg 823w\" sizes=\"(max-width: 265px) 100vw, 265px\" \/><figcaption id=\"caption-attachment-2951\" class=\"wp-caption-text\">Skontaktuj si\u0119 z Mandy przez WhatsApp, aby uzyska\u0107 cen\u0119 promocyjn\u0105<a href=\"https:\/\/wa.me\/8618077105796\">+8618077105796<\/a><\/figcaption><\/figure>\n<p>&nbsp;<\/p>","protected":false},"featured_media":3052,"comment_status":"open","ping_status":"closed","template":"","meta":{"_acf_changed":false,"_uag_custom_page_level_css":"","_lmt_disableupdate":"no","_lmt_disable":"","_monsterinsights_skip_tracking":false,"_monsterinsights_sitenote_active":false,"_monsterinsights_sitenote_note":"","_monsterinsights_sitenote_category":0,"site-sidebar-layout":"default","site-content-layout":"","ast-site-content-layout":"default","site-content-style":"default","site-sidebar-style":"default","ast-global-header-display":"","ast-banner-title-visibility":"","ast-main-header-display":"","ast-hfb-above-header-display":"","ast-hfb-below-header-display":"","ast-hfb-mobile-header-display":"","site-post-title":"","ast-breadcrumbs-content":"","ast-featured-img":"","footer-sml-layout":"","ast-disable-related-posts":"","theme-transparent-header-meta":"default","adv-header-id-meta":"","stick-header-meta":"","header-above-stick-meta":"","header-main-stick-meta":"","header-below-stick-meta":"","astra-migrate-meta-layouts":"set","ast-page-background-enabled":"default","ast-page-background-meta":{"desktop":{"background-color":"","background-image":"","background-repeat":"repeat","background-position":"center center","background-size":"auto","background-attachment":"scroll","background-type":"","background-media":"","overlay-type":"","overlay-color":"","overlay-opacity":"","overlay-gradient":""},"tablet":{"background-color":"","background-image":"","background-repeat":"repeat","background-position":"center center","background-size":"auto","background-attachment":"scroll","background-type":"","background-media":"","overlay-type":"","overlay-color":"","overlay-opacity":"","overlay-gradient":""},"mobile":{"background-color":"","background-image":"","background-repeat":"repeat","background-position":"center center","background-size":"auto","background-attachment":"scroll","background-type":"","background-media":"","overlay-type":"","overlay-color":"","overlay-opacity":"","overlay-gradient":""}},"ast-content-background-meta":{"desktop":{"background-color":"var(--ast-global-color-5)","background-image":"","background-repeat":"repeat","background-position":"center center","background-size":"auto","background-attachment":"scroll","background-type":"","background-media":"","overlay-type":"","overlay-color":"","overlay-opacity":"","overlay-gradient":""},"tablet":{"background-color":"var(--ast-global-color-5)","background-image":"","background-repeat":"repeat","background-position":"center center","background-size":"auto","background-attachment":"scroll","background-type":"","background-media":"","overlay-type":"","overlay-color":"","overlay-opacity":"","overlay-gradient":""},"mobile":{"background-color":"var(--ast-global-color-5)","background-image":"","background-repeat":"repeat","background-position":"center center","background-size":"auto","background-attachment":"scroll","background-type":"","background-media":"","overlay-type":"","overlay-color":"","overlay-opacity":"","overlay-gradient":""}},"_joinchat":{"telephone":"+8618077105796"}},"product_brand":[],"product_cat":[71,140,153,158,159,160,141,59],"product_tag":[97,111],"class_list":{"0":"post-3033","1":"product","2":"type-product","3":"status-publish","4":"has-post-thumbnail","6":"product_cat-15000-puff","7":"product_cat-big-puffs-disposable-vapes","8":"product_cat-buy-disposable-vapes-in-italy","9":"product_cat-buy-disposable-vapes-in-spain","10":"product_cat-buy-disposable-vapes-in-sweden","11":"product_cat-buy-disposable-vapes-in-switzerland","12":"product_cat-crystal-disposable-vapes","13":"product_cat-wga-crystal-vape","14":"product_tag-hot-sale-disposable-vape","15":"product_tag-wga-15k-puffs","16":"desktop-align-left","17":"tablet-align-left","18":"mobile-align-left","20":"first","21":"instock","22":"sale","23":"shipping-taxable","24":"purchasable","25":"product-type-simple"},"acf":[],"uagb_featured_image_src":{"full":["https:\/\/vapestornado.com\/wp-content\/uploads\/2024\/12\/WGA-15000-PUFFS-JUICY-PEACH-Disposable-Vape.jpg",800,800,false],"thumbnail":["https:\/\/vapestornado.com\/wp-content\/uploads\/2024\/12\/WGA-15000-PUFFS-JUICY-PEACH-Disposable-Vape-150x150.jpg",150,150,true],"medium":["https:\/\/vapestornado.com\/wp-content\/uploads\/2024\/12\/WGA-15000-PUFFS-JUICY-PEACH-Disposable-Vape-300x300.jpg",300,300,true],"medium_large":["https:\/\/vapestornado.com\/wp-content\/uploads\/2024\/12\/WGA-15000-PUFFS-JUICY-PEACH-Disposable-Vape-768x768.jpg",768,768,true],"large":["https:\/\/vapestornado.com\/wp-content\/uploads\/2024\/12\/WGA-15000-PUFFS-JUICY-PEACH-Disposable-Vape.jpg",800,800,false],"1536x1536":["https:\/\/vapestornado.com\/wp-content\/uploads\/2024\/12\/WGA-15000-PUFFS-JUICY-PEACH-Disposable-Vape.jpg",800,800,false],"2048x2048":["https:\/\/vapestornado.com\/wp-content\/uploads\/2024\/12\/WGA-15000-PUFFS-JUICY-PEACH-Disposable-Vape.jpg",800,800,false],"trp-custom-language-flag":["https:\/\/vapestornado.com\/wp-content\/uploads\/2024\/12\/WGA-15000-PUFFS-JUICY-PEACH-Disposable-Vape.jpg",12,12,false],"woocommerce_thumbnail":["https:\/\/vapestornado.com\/wp-content\/uploads\/2024\/12\/WGA-15000-PUFFS-JUICY-PEACH-Disposable-Vape-300x300.jpg",300,300,true],"woocommerce_single":["https:\/\/vapestornado.com\/wp-content\/uploads\/2024\/12\/WGA-15000-PUFFS-JUICY-PEACH-Disposable-Vape-600x600.jpg",600,600,true],"woocommerce_gallery_thumbnail":["https:\/\/vapestornado.com\/wp-content\/uploads\/2024\/12\/WGA-15000-PUFFS-JUICY-PEACH-Disposable-Vape-100x100.jpg",100,100,true]},"uagb_author_info":{"display_name":"ESMANDY","author_link":"https:\/\/vapestornado.com\/pl\/author\/"},"uagb_comment_info":0,"uagb_excerpt":"WGA Crystal Pro Max 15k Puffs vape pods at wholesale prices. Enjoy long-lasting puffs, premium flavors, and bulk purchase options for your business. [caption id=\"attachment_2951\" align=\"alignnone\" width=\"265\"] Pls Contact Mandy's WhatsApp For Discount Price+8618077105796[\/caption] &nbsp;","_links":{"self":[{"href":"https:\/\/vapestornado.com\/pl\/wp-json\/wp\/v2\/product\/3033","targetHints":{"allow":["GET"]}}],"collection":[{"href":"https:\/\/vapestornado.com\/pl\/wp-json\/wp\/v2\/product"}],"about":[{"href":"https:\/\/vapestornado.com\/pl\/wp-json\/wp\/v2\/types\/product"}],"replies":[{"embeddable":true,"href":"https:\/\/vapestornado.com\/pl\/wp-json\/wp\/v2\/comments?post=3033"}],"wp:featuredmedia":[{"embeddable":true,"href":"https:\/\/vapestornado.com\/pl\/wp-json\/wp\/v2\/media\/3052"}],"wp:attachment":[{"href":"https:\/\/vapestornado.com\/pl\/wp-json\/wp\/v2\/media?parent=3033"}],"wp:term":[{"taxonomy":"product_brand","embeddable":true,"href":"https:\/\/vapestornado.com\/pl\/wp-json\/wp\/v2\/product_brand?post=3033"},{"taxonomy":"product_cat","embeddable":true,"href":"https:\/\/vapestornado.com\/pl\/wp-json\/wp\/v2\/product_cat?post=3033"},{"taxonomy":"product_tag","embeddable":true,"href":"https:\/\/vapestornado.com\/pl\/wp-json\/wp\/v2\/product_tag?post=3033"}],"curies":[{"name":"wp","href":"https:\/\/api.w.org\/{rel}","templated":true}]}}