{"id":3021,"date":"2024-12-09T09:52:59","date_gmt":"2024-12-09T09:52:59","guid":{"rendered":"https:\/\/vapestornado.com\/?post_type=product&#038;p=3021"},"modified":"2025-12-05T09:42:57","modified_gmt":"2025-12-05T09:42:57","slug":"bang-36000-smart-disposable-vape-wholesale-shop-online","status":"publish","type":"product","link":"https:\/\/vapestornado.com\/pl\/product\/bang-36000-smart-disposable-vape-wholesale-shop-online\/","title":{"rendered":"Bang 36000 Smart Jednorazowy Vape Hurtownia Sklep Online"},"content":{"rendered":"<div class=\"flex-shrink-0 flex flex-col relative items-end\">\n<div>\n<div class=\"pt-0\">\n<div class=\"gizmo-bot-avatar flex h-8 w-8 items-center justify-center overflow-hidden rounded-full\">\n<div class=\"relative p-1 rounded-sm flex items-center justify-center bg-token-main-surface-primary text-token-text-primary h-8 w-8\"><\/div>\n<\/div>\n<\/div>\n<\/div>\n<\/div>\n<div class=\"group\/conversation-turn relative flex w-full min-w-0 flex-col agent-turn\">\n<div class=\"flex-col gap-1 md:gap-3\">\n<div class=\"flex max-w-full flex-col flex-grow\">\n<div class=\"min-h-8 text-message flex w-full flex-col items-end gap-2 whitespace-normal break-words text-start [.text-message+&amp;]:mt-5\" dir=\"auto\" data-message-author-role=\"assistant\" data-message-id=\"24923bbb-bc24-49c4-aeeb-a72cf182457d\" data-message-model-slug=\"gpt-4o\">\n<div class=\"flex w-full flex-col gap-1 empty:hidden first:pt-[3px]\">\n<div class=\"markdown prose w-full break-words dark:prose-invert light\">\n<h3><strong>Bang 36000 Smart Jednorazowy Vape Hurtownia Sklep Online<\/strong><\/h3>\n<\/div>\n<\/div>\n<\/div>\n<\/div>\n<\/div>\n<\/div>\n<p data-start=\"289\" data-end=\"603\">Bang 36000 Smart Jednorazowy E-papieros zapewnia d\u0142ugi czas u\u017cytkowania do 36 000 puf\u00f3w z zbiornikiem 30ml, cewk\u0105 mesh 0,6\u03a9, regulowanym przep\u0142ywem powietrza, \u017cywym ekranem LED i bateri\u0105 \u0142adowan\u0105 przez Type-C o pojemno\u015bci 650mAh w jednym kompaktowym urz\u0105dzeniu.<\/p>\n<p data-start=\"571\" data-end=\"921\"><strong data-start=\"571\" data-end=\"615\">36 000 puf\u00f3w wspieranych przez pe\u0142ny zbiornik 30ml.<\/strong><br data-start=\"615\" data-end=\"618\" \/>Cyfrowy ekran <strong data-start=\"622\" data-end=\"658\">Bang 36000 Smart Jednorazowy Vape<\/strong> znajduje si\u0119 w wysokiej kategorii pojemno\u015bci dla os\u00f3b, kt\u00f3re codziennie korzystaj\u0105 z e-papieros\u00f3w i nie chc\u0105 ci\u0105gle wymienia\u0107 ma\u0142ych urz\u0105dze\u0144. A <strong data-start=\"768\" data-end=\"797\">30ml nape\u0142niony zbiornik<\/strong> wspiera ocen\u0119 puf\u00f3w w normalnym u\u017cytkowaniu, dzi\u0119ki czemu urz\u0105dzenie dzia\u0142a d\u0142u\u017cej ni\u017c standardowe jednoraz\u00f3wki i utrzymuje sta\u0142y rytm korzystania.<\/p>\n<p data-start=\"923\" data-end=\"1193\"><strong data-start=\"923\" data-end=\"971\">Inteligentny ekran LED, kt\u00f3ry informuje, ile zosta\u0142o.<\/strong><br data-start=\"971\" data-end=\"974\" \/>Wbudowany <strong data-start=\"985\" data-end=\"1010\">Wska\u017anik LED<\/strong> pokazuje <strong data-start=\"1017\" data-end=\"1067\">poziom na\u0142adowania baterii i stan e-liquid w czasie rzeczywistym<\/strong>. To prosta funkcja, ale przydatna: wiesz, kiedy na\u0142adowa\u0107 urz\u0105dzenie i kiedy zbiornik jest prawie pusty, bez zgadywania w trakcie sesji.<\/p>\n<p data-start=\"1195\" data-end=\"1456\"><strong data-start=\"1195\" data-end=\"1238\">Cewka mesh 0,6\u03a9 dla g\u0119stego, g\u0142adkiego dymu.<\/strong><br data-start=\"1238\" data-end=\"1241\" \/>Cyfrowy ekran <strong data-start=\"1245\" data-end=\"1265\">Cewka mesh 0,6ohm<\/strong> jest dostrojona do otwartego ci\u0105gni\u0119cia i grubszej chmury. Grzanie mesh r\u00f3wnomiernie rozprowadza temperatur\u0119, pomagaj\u0105c zachowa\u0107 wyra\u017any smak i redukuj\u0105c suche, spalone nuty, kt\u00f3re pojawiaj\u0105 si\u0119 w wielu wysokopufowych jednoraz\u00f3wkach pod koniec.<\/p>\n<p data-start=\"1458\" data-end=\"1688\"><strong data-start=\"1458\" data-end=\"1496\">Regulacja przep\u0142ywu powietrza dla Twojego stylu.<\/strong><br data-start=\"1496\" data-end=\"1499\" \/>Regulacja przep\u0142ywu powietrza pozwala wybra\u0107 bardziej ciasne lub bardziej otwarte wdechy. Palacze, kt\u00f3rzy chc\u0105 oporu podobnego do papierosa, mog\u0105 go zmniejszy\u0107; u\u017cytkownicy preferuj\u0105cy lu\u017aniejsze ci\u0105gni\u0119cie mog\u0105 go zwi\u0119kszy\u0107.<\/p>\n<p data-start=\"1690\" data-end=\"1987\"><strong data-start=\"1690\" data-end=\"1740\">\u0141adowanie przez Type-C i zakres nikotyny.<\/strong><br data-start=\"1740\" data-end=\"1743\" \/>Bang 36k Smart Jednorazowy E-papieros jest wyposa\u017cony w <strong data-start=\"1745\" data-end=\"1776\">akumulator o pojemno\u015bci 650 mAh<\/strong> z <strong data-start=\"1782\" data-end=\"1810\">szybkie \u0142adowanie USB typu C<\/strong> Utrzymuje kr\u00f3tkie przestoje i pozwala doko\u0144czy\u0107 tankowanie zamiast wczesnego wyrzucania vaporizera. Opcje nikotynowe obejmuj\u0105 <strong data-start=\"1919\" data-end=\"1941\">0%, 2%, 3% i 5%<\/strong>, wi\u0119c u\u017cytkownicy mog\u0105 dopasowa\u0107 moc do codziennych nawyk\u00f3w.<\/p>\n<p>&nbsp;<\/p>\n<p><strong>Dodaj Whatsapp Amy, aby uzyska\u0107 w\u0142a\u015bciw\u0105 odpowied\u017a i kupon na vape!<\/strong><\/p>\n<p><img fetchpriority=\"high\" decoding=\"async\" class=\"size-full wp-image-2932\" src=\"https:\/\/vapestornado.com\/wp-content\/uploads\/2024\/12\/Vape-Wholesale.jpg\" alt=\"Hurtowa sprzeda\u017c e-papieros\u00f3w\" width=\"229\" height=\"300\" \/><\/p>\n<h3><a href=\"https:\/\/wa.me\/8617776015835\" target=\"_blank\" rel=\"noopener\"><span style=\"color: #ff0000;\"><strong>WhatsApp: +86 17776015835<\/strong><\/span><\/a><\/h3>\n<p>&nbsp;<\/p>\n<h4><strong style=\"font-size: 1.7em;\">\u00a0Bang 36000 Cechy Produktu<\/strong><\/h4>\n<table>\n<thead>\n<tr>\n<th>Funkcja \/ Parametr<\/th>\n<th align=\"right\">Specyfikacja<\/th>\n<th>Wyja\u015bnienie<\/th>\n<\/tr>\n<\/thead>\n<tbody>\n<tr>\n<td>Nazwa produktu<\/td>\n<td align=\"right\">Bang 36000 Smart Jednorazowy Vape<\/td>\n<td>Przejrzysta nazwa modelu dla powtarzalnych zam\u00f3wie\u0144 i wyszukiwania.<\/td>\n<\/tr>\n<tr>\n<td>Pojemno\u015b\u0107 zaci\u0105gni\u0119\u0107<\/td>\n<td align=\"right\">Do 36 000 puf\u00f3w<\/td>\n<td>Wysokowydajny jednorazowy; mniej wymian.<\/td>\n<\/tr>\n<tr>\n<td>Obj\u0119to\u015b\u0107 E-Liquidu<\/td>\n<td align=\"right\">30ml nape\u0142nione wcze\u015bniej<\/td>\n<td>Du\u017cy zbiornik obs\u0142uguje ocen\u0119 36K.<\/td>\n<\/tr>\n<tr>\n<td>Grza\u0142ka \/ Op\u00f3r<\/td>\n<td align=\"right\">grza\u0142k\u0119 mesh 0,6 \u03a9<\/td>\n<td>Otwarty ci\u0105g, g\u0119sta para, stabilniejszy smak.<\/td>\n<\/tr>\n<tr>\n<td>Przep\u0142yw Powietrza<\/td>\n<td align=\"right\">Regulowany<\/td>\n<td>Ci\u0119\u017ckie poci\u0105gni\u0119cie lub otwarte wdychanie, u\u017cytkownik decyduje.<\/td>\n<\/tr>\n<tr>\n<td>Bateria<\/td>\n<td align=\"right\">650mAh \u0142adowalny<\/td>\n<td>Na\u0142aduj, aby korzysta\u0107 z pe\u0142nego zbiornika.<\/td>\n<\/tr>\n<tr>\n<td>\u0141adowanie<\/td>\n<td align=\"right\">Szybkie \u0142adowanie USB Type-C<\/td>\n<td>Standardowy kabel i szybkie uzupe\u0142nianie.<\/td>\n<\/tr>\n<tr>\n<td>Opcje Nikotyny<\/td>\n<td align=\"right\">0% \/ 2% \/ 3% \/ 5%<\/td>\n<td>Wybierz zero-nikotyn\u0119 lub mocniejszy strza\u0142.<\/td>\n<\/tr>\n<tr>\n<td>Smaki<\/td>\n<td align=\"right\">12 opcji<\/td>\n<td>Odpowiada g\u0142\u00f3wnym trendom smakowym w UE.<\/td>\n<\/tr>\n<tr>\n<td>Wy\u015bwietlacz<\/td>\n<td align=\"right\">Inteligentna dioda LED bateria + ekran e-liquid<\/td>\n<td>\u015aledzenie statusu w czasie rzeczywistym podczas vapowania.<\/td>\n<\/tr>\n<tr>\n<td>Kszta\u0142t<\/td>\n<td align=\"right\">Kompaktowa, gotowa do kieszeni obudowa<\/td>\n<td>Praktyczna do codziennego noszenia i podr\u00f3\u017cy.<\/td>\n<\/tr>\n<\/tbody>\n<\/table>\n<p>&nbsp;<\/p>\n<h2 class=\"product-title\"><strong>\u00a0Lista Smak\u00f3w Bang 36000<\/strong><\/h2>\n<p>1. Truskawka Kiwi<br \/>\n2. Mieszane Jagody<br \/>\n3. Jagoda na Lodzie<br \/>\n4. Winogronowy L\u00f3d<br \/>\n5. Wi\u015bnia na Lodzie<br \/>\n6. Lemoniada Jagodowo-Malinowa<br \/>\n7. Brzoskwinia na Lodzie<br \/>\n8. Truskawka Arbuz<br \/>\n9. Brzoskwinia Mango Arbuz<br \/>\n10. Arbuz na Lodzie<\/p>\n<h3>Dlaczego warto wybra\u0107 vapestornado do hurtowej sprzeda\u017cy Bang 36k Vape?<\/h3>\n<div class=\"flex-shrink-0 flex flex-col relative items-end\">\n<div class=\"pt-0\">\n<div class=\"gizmo-bot-avatar flex h-8 w-8 items-center justify-center overflow-hidden rounded-full\">\n<div class=\"relative p-1 rounded-sm flex items-center justify-center bg-token-main-surface-primary text-token-text-primary h-8 w-8\">\n<p>Witamy w vapestornado, Twoim zaufanym sklepie internetowym z wysokiej jako\u015bci jednorazowymi e-papierosami. Dzi\u0119ki ponad 5-letniemu do\u015bwiadczeniu oferujemy popularne marki jednorazowych e-papieros\u00f3w, takie jak Fumot RandM Vape, Vapme, Bang Vape, Waspe Vape i WGA Vape itp.<\/p>\n<p>Nasza oferta obejmuje popularne e-papierosy, takie jak <a href=\"https:\/\/vapestornado.com\/pl\/product\/fumot-randm-tornado-15000-puffs-rechargeable-disposable-vape-wholesale\/\">RandM Tornado 15000<\/a>, oraz bogate w smaku opcje, takie jak <a href=\"https:\/\/vapestornado.com\/pl\/product\/waspe-40000-puffs-double-flavour-led-display-disposable-vape-wholesale\/\">WASPE Podw\u00f3jny Smak 40000 Zaci\u0105gni\u0119\u0107<\/a> . Ka\u017cdy produkt jest wybierany z naciskiem na jako\u015b\u0107, warto\u015b\u0107 i r\u00f3\u017cnorodno\u015b\u0107, zapewniaj\u0105c znalezienie idealnego dopasowania do Twoich potrzeb. Odkryj wyj\u0105tkow\u0105 obs\u0142ug\u0119 i szerok\u0105 gam\u0119 najlepszych produkt\u00f3w na vapestornado.<\/p>\n<\/div>\n<h3><\/h3>\n<div class=\"relative p-1 rounded-sm flex items-center justify-center bg-token-main-surface-primary text-token-text-primary h-8 w-8\">\n<h3>FAQ dotycz\u0105ce jednorazowego e-papierosa Bang 36000 z mo\u017cliwo\u015bci\u0105 \u0142adowania<\/h3>\n<\/div>\n<\/div>\n<\/div>\n<\/div>\n<div class=\"group\/conversation-turn relative flex w-full min-w-0 flex-col agent-turn\">\n<div class=\"flex-col gap-1 md:gap-3\">\n<div class=\"flex max-w-full flex-col flex-grow\">\n<div class=\"min-h-8 text-message flex w-full flex-col items-end gap-2 whitespace-normal break-words [.text-message+&amp;]:mt-5\" dir=\"auto\" data-message-author-role=\"assistant\" data-message-id=\"db716a1c-9ed0-4b8d-b3b0-7bdb913c3d42\" data-message-model-slug=\"gpt-4o\">\n<div class=\"flex w-full flex-col gap-1 empty:hidden first:pt-[3px]\">\n<div class=\"markdown prose w-full break-words dark:prose-invert light\">\n<div class=\"flex max-w-full flex-col flex-grow\">\n<div class=\"min-h-8 text-message flex w-full flex-col items-end gap-2 whitespace-normal break-words text-start [.text-message+&amp;]:mt-5\" dir=\"auto\" data-message-author-role=\"assistant\" data-message-id=\"2dbf2369-71ab-44c2-8168-31d5a517a1e4\" data-message-model-slug=\"gpt-4o-mini\">\n<div class=\"flex w-full flex-col gap-1 empty:hidden first:pt-[3px]\">\n<div class=\"markdown prose w-full break-words dark:prose-invert light\">\n<article class=\"text-token-text-primary w-full focus:outline-none [--shadow-height:45px] has-data-writing-block:pointer-events-none has-data-writing-block:-mt-(--shadow-height) has-data-writing-block:pt-(--shadow-height) [&amp;:has([data-writing-block])&gt;*]:pointer-events-auto scroll-mt-[calc(var(--header-height)+min(200px,max(70px,20svh)))]\" dir=\"auto\" tabindex=\"-1\" data-turn-id=\"ee759558-2db1-4861-8932-66c87485c242\" data-testid=\"conversation-turn-82\" data-scroll-anchor=\"true\" data-turn=\"assistant\">\n<div class=\"text-base my-auto mx-auto pb-10 [--thread-content-margin:--spacing(4)] @w-sm\/main:[--thread-content-margin:--spacing(6)] @w-lg\/main:[--thread-content-margin:--spacing(16)] px-(--thread-content-margin)\">\n<div class=\"[--thread-content-max-width:40rem] @w-lg\/main:[--thread-content-max-width:48rem] mx-auto max-w-(--thread-content-max-width) flex-1 group\/turn-messages focus-visible:outline-hidden relative flex w-full min-w-0 flex-col agent-turn\" tabindex=\"-1\">\n<div class=\"flex max-w-full flex-col grow\">\n<div class=\"min-h-8 text-message relative flex w-full flex-col items-end gap-2 text-start break-words whitespace-normal [.text-message+&amp;]:mt-1\" dir=\"auto\" data-message-author-role=\"assistant\" data-message-id=\"370325a1-2e03-4ed2-9b16-18960ddf0293\" data-message-model-slug=\"gpt-5-1\">\n<div class=\"flex w-full flex-col gap-1 empty:hidden first:pt-[1px]\">\n<div class=\"markdown prose dark:prose-invert w-full break-words light markdown-new-styling\">\n<p data-start=\"0\" data-end=\"139\">\n<ol data-start=\"141\" data-end=\"1633\">\n<li data-start=\"141\" data-end=\"427\">\n<p data-start=\"144\" data-end=\"427\"><strong data-start=\"144\" data-end=\"221\">Czy Bang 36000 Smart Disposable Vape nadaje si\u0119 do MTL lub lu\u017aniejszego wdechu<\/strong><br data-start=\"221\" data-end=\"224\" \/>Tak. The <strong data-start=\"233\" data-end=\"269\" data-is-only-node=\"\">Bang 36000 Smart Jednorazowy Vape<\/strong> posiada regulowany przep\u0142yw powietrza, wi\u0119c mo\u017cna go ustawi\u0107 na bardziej szczelny styl MTL lub otworzy\u0107 na lu\u017aniejszy wdech. To pomaga ex-palaczom dopasowa\u0107 wdech do tego, do czego s\u0105 przyzwyczajeni.<\/p>\n<\/li>\n<li data-start=\"429\" data-end=\"754\">\n<p data-start=\"432\" data-end=\"754\"><strong data-start=\"432\" data-end=\"517\">Czy Bang King 36K mo\u017cna u\u017cywa\u0107 a\u017c do ostatniej kropli bez spadku wydajno\u015bci<\/strong><br data-start=\"517\" data-end=\"520\" \/>Cyfrowy ekran <strong data-start=\"524\" data-end=\"552\" data-is-only-node=\"\">Jednorazowy Bang King 36K<\/strong> u\u017cywa siatki grza\u0142ki 0,6\u03a9 i baterii do\u0142adowywalnej. Grzanie siatk\u0105 utrzymuje stabilne wyj\u015bcie przy du\u017cym zbiorniku, a \u0142adowanie zapobiega wczesnemu wy\u0142\u0105czeniu baterii, dzi\u0119ki czemu wydajno\u015b\u0107 pozostaje bardziej sp\u00f3jna podczas d\u0142u\u017cszego u\u017cytkowania.<\/p>\n<\/li>\n<li data-start=\"756\" data-end=\"1035\">\n<p data-start=\"759\" data-end=\"1035\"><strong data-start=\"759\" data-end=\"839\">Dlaczego m\u00f3j jednorazowy Bang 36 000 puf\u00f3w czasami wydaje si\u0119 s\u0142abszy po na\u0142adowaniu<\/strong><br data-start=\"839\" data-end=\"842\" \/>Bezpo\u015brednio po na\u0142adowaniu, kondensacja powietrza mo\u017ce lekko z\u0142agodzi\u0107 pierwsze kilka poci\u0105gni\u0119\u0107. We\u017a kilka kr\u00f3tkich poci\u0105gni\u0119\u0107 i zwykle si\u0119 to wyja\u015bnia. Je\u015bli nadal jest s\u0142abe, sprawd\u017a, czy przep\u0142yw powietrza nie jest ustawiony zbyt ciasno.<\/p>\n<\/li>\n<li data-start=\"1037\" data-end=\"1313\">\n<p data-start=\"1040\" data-end=\"1313\"><strong data-start=\"1040\" data-end=\"1120\">Czy Bang 36000 Smart Disposable jest dost\u0119pny z mieszanymi smakami przy zam\u00f3wieniach hurtowych<\/strong><br data-start=\"1120\" data-end=\"1123\" \/>Wi\u0119kszo\u015b\u0107 hurtownik\u00f3w pozwala na zamawianie karton\u00f3w z mieszanymi smakami dla <strong data-start=\"1175\" data-end=\"1206\" data-is-only-node=\"\">Bang 36000 Smart Disposable<\/strong> linii. Dost\u0119pnych jest 12 smak\u00f3w, sklepy cz\u0119sto \u0142\u0105cz\u0105 bestsellery z kilkoma regionalnymi ulubie\u0144cami, aby przetestowa\u0107 popyt.<\/p>\n<\/li>\n<li data-start=\"1315\" data-end=\"1633\">\n<p data-start=\"1318\" data-end=\"1633\"><strong data-start=\"1318\" data-end=\"1399\">Jak powinienem przechowywa\u0107 Bang 36K Smart Disposable, aby unikn\u0105\u0107 wyciek\u00f3w lub suchych zaci\u0105gni\u0119\u0107<\/strong><br data-start=\"1399\" data-end=\"1402\" \/>Przechowuj <strong data-start=\"1412\" data-end=\"1446\" data-is-only-node=\"\">Bang 36K Smart Disposable Vape<\/strong> w pozycji pionowej, gdy to mo\u017cliwe, i trzymaj z dala od gor\u0105cych samochod\u00f3w lub zamra\u017caj\u0105cych warunk\u00f3w. Ekstremalne wahania temperatur mog\u0105 powodowa\u0107 kondensacj\u0119 lub rozrzedzenie e-liquidu, co jest zwyk\u0142\u0105 przyczyn\u0105 drobnych wyciek\u00f3w.<\/p>\n<\/li>\n<\/ol>\n<\/div>\n<\/div>\n<\/div>\n<\/div>\n<\/div>\n<\/div>\n<\/article>\n<\/div>\n<\/div>\n<\/div>\n<\/div>\n<\/div>\n<\/div>\n<\/div>\n<\/div>\n<\/div>\n<\/div>","protected":false},"excerpt":{"rendered":"<p>Bang 36000 Smart Jednorazowy E-papieros \u2014 36K Chmur Wydmuchiwanek Zaprojektowany na D\u0142ugie Codzienne U\u017cytkowanie<br \/>\nBang 36K Mesh Coil i Regulowany Przep\u0142yw Powietrza dla G\u0142adkiego, G\u0119stego Dymu<br \/>\nBang 36000 Smart Jednorazowy z Ekranem LED i \u0141adowaniem Type-C<\/p>\n<p><strong>Dodaj Amy do WhatsAppa, aby uzyska\u0107 szybk\u0105 odpowied\u017a i kupon na vape!<\/strong><\/p>\n<p><img fetchpriority=\"high\" decoding=\"async\" class=\"size-full wp-image-2932\" src=\"https:\/\/vapestornado.com\/wp-content\/uploads\/2024\/12\/Vape-Wholesale.jpg\" alt=\"Hurtowa sprzeda\u017c e-papieros\u00f3w\" width=\"229\" height=\"300\" \/><\/p>\n<h3><a href=\"https:\/\/wa.me\/8617776015835\"><span style=\"color: #ff0000;\"><strong>WhatsApp: +86 17776015835<\/strong><\/span><\/a><\/h3>\n<p>&nbsp;<\/p>","protected":false},"featured_media":3006,"comment_status":"open","ping_status":"closed","template":"","meta":{"_acf_changed":false,"_uag_custom_page_level_css":"","_lmt_disableupdate":"no","_lmt_disable":"","_monsterinsights_skip_tracking":false,"_monsterinsights_sitenote_active":false,"_monsterinsights_sitenote_note":"","_monsterinsights_sitenote_category":0,"site-sidebar-layout":"default","site-content-layout":"","ast-site-content-layout":"default","site-content-style":"default","site-sidebar-style":"default","ast-global-header-display":"","ast-banner-title-visibility":"","ast-main-header-display":"","ast-hfb-above-header-display":"","ast-hfb-below-header-display":"","ast-hfb-mobile-header-display":"","site-post-title":"","ast-breadcrumbs-content":"","ast-featured-img":"","footer-sml-layout":"","ast-disable-related-posts":"","theme-transparent-header-meta":"default","adv-header-id-meta":"","stick-header-meta":"","header-above-stick-meta":"","header-main-stick-meta":"","header-below-stick-meta":"","astra-migrate-meta-layouts":"set","ast-page-background-enabled":"default","ast-page-background-meta":{"desktop":{"background-color":"","background-image":"","background-repeat":"repeat","background-position":"center center","background-size":"auto","background-attachment":"scroll","background-type":"","background-media":"","overlay-type":"","overlay-color":"","overlay-opacity":"","overlay-gradient":""},"tablet":{"background-color":"","background-image":"","background-repeat":"repeat","background-position":"center center","background-size":"auto","background-attachment":"scroll","background-type":"","background-media":"","overlay-type":"","overlay-color":"","overlay-opacity":"","overlay-gradient":""},"mobile":{"background-color":"","background-image":"","background-repeat":"repeat","background-position":"center center","background-size":"auto","background-attachment":"scroll","background-type":"","background-media":"","overlay-type":"","overlay-color":"","overlay-opacity":"","overlay-gradient":""}},"ast-content-background-meta":{"desktop":{"background-color":"var(--ast-global-color-5)","background-image":"","background-repeat":"repeat","background-position":"center center","background-size":"auto","background-attachment":"scroll","background-type":"","background-media":"","overlay-type":"","overlay-color":"","overlay-opacity":"","overlay-gradient":""},"tablet":{"background-color":"var(--ast-global-color-5)","background-image":"","background-repeat":"repeat","background-position":"center center","background-size":"auto","background-attachment":"scroll","background-type":"","background-media":"","overlay-type":"","overlay-color":"","overlay-opacity":"","overlay-gradient":""},"mobile":{"background-color":"var(--ast-global-color-5)","background-image":"","background-repeat":"repeat","background-position":"center center","background-size":"auto","background-attachment":"scroll","background-type":"","background-media":"","overlay-type":"","overlay-color":"","overlay-opacity":"","overlay-gradient":""}},"_joinchat":{"telephone":"+8617776015835"}},"product_brand":[],"product_cat":[66,62,149,154,160,146],"product_tag":[109,108,110,105,93],"class_list":{"0":"post-3021","1":"product","2":"type-product","3":"status-publish","4":"has-post-thumbnail","6":"product_cat-36000-puff","7":"product_cat-bang-vape","8":"product_cat-buy-disposable-vapes-in-austria","9":"product_cat-buy-disposable-vapes-in-netherlands","10":"product_cat-buy-disposable-vapes-in-switzerland","11":"product_cat-rechargeable-disposable-vapes","12":"product_tag-bang-36000","13":"product_tag-bang-vape-36000","14":"product_tag-bang-vape-36k","15":"product_tag-digital-disposable-vape","16":"product_tag-vape-wholesale","17":"desktop-align-left","18":"tablet-align-left","19":"mobile-align-left","21":"first","22":"instock","23":"sale","24":"shipping-taxable","25":"purchasable","26":"product-type-simple"},"acf":[],"uagb_featured_image_src":{"full":["https:\/\/vapestornado.com\/wp-content\/uploads\/2024\/12\/Bang-36000-Puffs-Disposable-Vape-Wholesale-Price.jpg",1126,1126,false],"thumbnail":["https:\/\/vapestornado.com\/wp-content\/uploads\/2024\/12\/Bang-36000-Puffs-Disposable-Vape-Wholesale-Price-150x150.jpg",150,150,true],"medium":["https:\/\/vapestornado.com\/wp-content\/uploads\/2024\/12\/Bang-36000-Puffs-Disposable-Vape-Wholesale-Price-300x300.jpg",300,300,true],"medium_large":["https:\/\/vapestornado.com\/wp-content\/uploads\/2024\/12\/Bang-36000-Puffs-Disposable-Vape-Wholesale-Price-768x768.jpg",768,768,true],"large":["https:\/\/vapestornado.com\/wp-content\/uploads\/2024\/12\/Bang-36000-Puffs-Disposable-Vape-Wholesale-Price-1024x1024.jpg",1024,1024,true],"1536x1536":["https:\/\/vapestornado.com\/wp-content\/uploads\/2024\/12\/Bang-36000-Puffs-Disposable-Vape-Wholesale-Price.jpg",1126,1126,false],"2048x2048":["https:\/\/vapestornado.com\/wp-content\/uploads\/2024\/12\/Bang-36000-Puffs-Disposable-Vape-Wholesale-Price.jpg",1126,1126,false],"trp-custom-language-flag":["https:\/\/vapestornado.com\/wp-content\/uploads\/2024\/12\/Bang-36000-Puffs-Disposable-Vape-Wholesale-Price.jpg",12,12,false],"woocommerce_thumbnail":["https:\/\/vapestornado.com\/wp-content\/uploads\/2024\/12\/Bang-36000-Puffs-Disposable-Vape-Wholesale-Price-300x300.jpg",300,300,true],"woocommerce_single":["https:\/\/vapestornado.com\/wp-content\/uploads\/2024\/12\/Bang-36000-Puffs-Disposable-Vape-Wholesale-Price-600x600.jpg",600,600,true],"woocommerce_gallery_thumbnail":["https:\/\/vapestornado.com\/wp-content\/uploads\/2024\/12\/Bang-36000-Puffs-Disposable-Vape-Wholesale-Price-100x100.jpg",100,100,true]},"uagb_author_info":{"display_name":"ESAMY","author_link":"https:\/\/vapestornado.com\/pl\/author\/"},"uagb_comment_info":0,"uagb_excerpt":"Bang 36000 Smart Disposable Vape \u2014 36K Puffs Built for Long Daily Use Bang 36K Mesh Coil and Adjustable Airflow for Smooth, Dense Vapor Bang 36000 Smart Disposable with LED Screen and Type-C Rechargeable Power Add Amy's whatsapp to get right reply and vape vape coupon! WhatsApp: +86 17776015835 &nbsp;","_links":{"self":[{"href":"https:\/\/vapestornado.com\/pl\/wp-json\/wp\/v2\/product\/3021","targetHints":{"allow":["GET"]}}],"collection":[{"href":"https:\/\/vapestornado.com\/pl\/wp-json\/wp\/v2\/product"}],"about":[{"href":"https:\/\/vapestornado.com\/pl\/wp-json\/wp\/v2\/types\/product"}],"replies":[{"embeddable":true,"href":"https:\/\/vapestornado.com\/pl\/wp-json\/wp\/v2\/comments?post=3021"}],"wp:featuredmedia":[{"embeddable":true,"href":"https:\/\/vapestornado.com\/pl\/wp-json\/wp\/v2\/media\/3006"}],"wp:attachment":[{"href":"https:\/\/vapestornado.com\/pl\/wp-json\/wp\/v2\/media?parent=3021"}],"wp:term":[{"taxonomy":"product_brand","embeddable":true,"href":"https:\/\/vapestornado.com\/pl\/wp-json\/wp\/v2\/product_brand?post=3021"},{"taxonomy":"product_cat","embeddable":true,"href":"https:\/\/vapestornado.com\/pl\/wp-json\/wp\/v2\/product_cat?post=3021"},{"taxonomy":"product_tag","embeddable":true,"href":"https:\/\/vapestornado.com\/pl\/wp-json\/wp\/v2\/product_tag?post=3021"}],"curies":[{"name":"wp","href":"https:\/\/api.w.org\/{rel}","templated":true}]}}