{"id":3020,"date":"2024-12-09T09:13:52","date_gmt":"2024-12-09T09:13:52","guid":{"rendered":"https:\/\/vapestornado.com\/?post_type=product&#038;p=3020"},"modified":"2025-08-23T10:17:17","modified_gmt":"2025-08-23T10:17:17","slug":"vapme-uwin-crystal-10000-puff-vape-pen-cheap-price-2-5-nicotine","status":"publish","type":"product","link":"https:\/\/vapestornado.com\/pl\/product\/vapme-uwin-crystal-10000-puff-vape-pen-cheap-price-2-5-nicotine\/","title":{"rendered":"Vapme UWIN Crystal 10000 Zaci\u0105gni\u0119\u0107 Vape Pen Niska Cena 2% 5% Nikotyna"},"content":{"rendered":"<h1>Vapme UWIN Crystal 10000 Zaci\u0105gni\u0119\u0107 Vape Pen Niska Cena 2% 5% Nikotyna<\/h1>\n<p data-start=\"391\" data-end=\"692\">Cyfrowy ekran <strong data-start=\"395\" data-end=\"439\">Jednorazowy Vape UWIN Crystal 10000 Puffs<\/strong> \u0142\u0105czy pojemno\u015b\u0107, design i niezawodn\u0105 wydajno\u015b\u0107, co czyni go mocnym wyborem dla <strong data-start=\"523\" data-end=\"562\">hurtownik\u00f3w i detalist\u00f3w w Europie<\/strong>. Z maksymalnie <strong data-start=\"575\" data-end=\"591\">10 000 zaci\u0105gni\u0119\u0107<\/strong> oraz <strong data-start=\"599\" data-end=\"632\">18 ml wst\u0119pnie nape\u0142niony zbiornik e-liquidu<\/strong>, oferuje d\u0142u\u017csze u\u017cytkowanie w por\u00f3wnaniu ze standardowymi jednoraz\u00f3wkami.<\/p>\n<p data-start=\"694\" data-end=\"952\">Zasilany przez <strong data-start=\"707\" data-end=\"738\">akumulator o pojemno\u015bci 650 mAh<\/strong> z <strong data-start=\"744\" data-end=\"768\">Szybkie \u0142adowanie typu C<\/strong>, UWIN 10K zapewnia sta\u0142\u0105 wydajno\u015b\u0107 i skr\u00f3cony czas przestoju. Jego <strong data-start=\"831\" data-end=\"849\">cewka siatkowa 0,8 \u03a9<\/strong> zapewnia p\u0142ynn\u0105 produkcj\u0119 pary i sp\u00f3jne dostarczanie smaku, co przemawia do szerokiego grona u\u017cytkownik\u00f3w.<\/p>\n<p data-start=\"954\" data-end=\"1246\">Wyposa\u017cony w <strong data-start=\"966\" data-end=\"994\">przezroczysta kryszta\u0142owa obudowa<\/strong> z <strong data-start=\"1000\" data-end=\"1016\">o\u015bwietlenia RGB<\/strong>, ten vape wyr\u00f3\u017cnia si\u0119 na p\u00f3\u0142kach sklepowych, pozostaj\u0105c jednocze\u015bnie kompaktowym i \u0142atwym do przenoszenia. Dost\u0119pny w <strong data-start=\"1112\" data-end=\"1144\">mocach nikotyny 2% i 5%<\/strong>, <strong data-start=\"1150\" data-end=\"1177\">UWIN Crystal 10000 E-papieros<\/strong> zaspokaja r\u00f3\u017cne potrzeby klient\u00f3w, od okazjonalnych po regularnych u\u017cytkownik\u00f3w.<\/p>\n<p data-start=\"1248\" data-end=\"1373\">Dla hurtownik\u00f3w jego <strong data-start=\"1269\" data-end=\"1297\">konkurencyjne ceny hurtowe<\/strong> i silny odbi\u00f3r konsumencki czyni\u0105 go op\u0142acalnym produktem do zaopatrzenia w 2025 roku.<\/p>\n<p><img fetchpriority=\"high\" decoding=\"async\" class=\"size-medium wp-image-2951\" src=\"https:\/\/vapestornado.com\/wp-content\/uploads\/2024\/12\/Wholesale-Disposable-Vape-265x300.jpg\" alt=\"Hurtownia jednorazowych vape\" width=\"265\" height=\"300\" srcset=\"https:\/\/vapestornado.com\/wp-content\/uploads\/2024\/12\/Wholesale-Disposable-Vape-265x300.jpg 265w, https:\/\/vapestornado.com\/wp-content\/uploads\/2024\/12\/Wholesale-Disposable-Vape-768x871.jpg 768w, https:\/\/vapestornado.com\/wp-content\/uploads\/2024\/12\/Wholesale-Disposable-Vape-600x680.jpg 600w, https:\/\/vapestornado.com\/wp-content\/uploads\/2024\/12\/Wholesale-Disposable-Vape.jpg 823w\" sizes=\"(max-width: 265px) 100vw, 265px\" \/><\/p>\n<h6>Skontaktuj si\u0119 z Mandy przez WhatsApp, aby uzyska\u0107 cen\u0119 promocyjn\u0105<a href=\"https:\/\/wa.me\/8618077105796\" target=\"_blank\" rel=\"noopener\">+8618077105796<\/a><\/h6>\n<p>&nbsp;<\/p>\n<h2><strong>Uwin Crystal 10000 Puffs vape pods Kluczowe cechy<\/strong><\/h2>\n<ul>\n<li><strong>Do 10000 zaci\u0105gni\u0119\u0107<\/strong>: D\u0142ugotrwa\u0142a wydajno\u015b\u0107 dla d\u0142u\u017cszego u\u017cytkowania.<\/li>\n<li><strong>Wiele st\u0119\u017ce\u0144 nikotyny<\/strong>: Dost\u0119pne w opcjach nikotyny 0%, 2%, 3% i 5%.<\/li>\n<li><strong>Pojemno\u015b\u0107 18 ml E-Liquid<\/strong>: Du\u017cy zbiornik dla mniejszej liczby uzupe\u0142nie\u0144.<\/li>\n<li><strong>Akumulator 650 mAh<\/strong>: Szybkie \u0142adowanie typu C dla szybkiego zasilania.<\/li>\n<li><strong>Cewka siatkowa 0,8 \u03a9<\/strong>: Ulepszony smak i produkcja pary.<\/li>\n<li><strong>\u015awiat\u0142a RGB<\/strong>: Dynamiczne o\u015bwietlenie dla nowoczesnego wygl\u0105du.<\/li>\n<li><strong>Zakup hurtowy<\/strong>: Opcje hurtowe z 200 sztukami w kartonie.<\/li>\n<li><strong>Przeno\u015bny i lekki<\/strong>: \u0141atwy do przenoszenia i idealny zar\u00f3wno dla pocz\u0105tkuj\u0105cych, jak i do\u015bwiadczonych u\u017cytkownik\u00f3w.<\/li>\n<\/ul>\n<h2><strong>Szeroka gama smak\u00f3w<\/strong><\/h2>\n<p>Uwin Crystal 10000 Puffs oferuje starannie dobrany asortyment 15 wyj\u0105tkowych smak\u00f3w, zaprojektowanych tak, aby zadowoli\u0107 ka\u017cde podniebienie. Niezale\u017cnie od tego, czy wolisz s\u0142odkie, owocowe mieszanki, czy ch\u0142odz\u0105ce mentole, znajdziesz smak odpowiadaj\u0105cy Twoim preferencjom. Oto bli\u017csze spojrzenie na dost\u0119pne opcje:<\/p>\n<p>1. Jagoda Malina<br \/>\n2. Winogronowy l\u00f3d<br \/>\n3. Truskawka Arbuz<br \/>\n4. Jagoda na lodzie<br \/>\n5. Arbuzowy l\u00f3d<br \/>\n6. Wi\u015bniowy l\u00f3d<br \/>\n7. Truskawka malina wi\u015bnia<br \/>\n8. Kiwi Marakuja Guawa<br \/>\n9. Truskawkowy l\u00f3d<br \/>\n10. Brzoskwiniowy l\u00f3d<br \/>\n11. Truskawkowe kiwi<br \/>\n12. Brzoskwiniowa jagoda<br \/>\n13. Wi\u015bniowa cola<br \/>\n14. Mieszanka jagodowa<br \/>\n15. Mr blue<\/p>\n<h3><strong>Dlaczego wybra\u0107 <a href=\"https:\/\/vapestornado.com\/pl\/product\/vapme-uwin-crystal-10000-puff-vape-pen-cheap-price-2-5-nicotine\/\">Uwin Crystal 10000 Pali Puf\u00f3w<\/a> od <a href=\"https:\/\/vapestornado.com\/pl\/store\/\">vapestornado.pl<\/a>?<\/strong><\/h3>\n<ul>\n<li><strong>Najwy\u017csza jako\u015b\u0107<\/strong>: Uwin Crystal 10000 Puffs oferuje wyj\u0105tkow\u0105 wydajno\u015b\u0107 dzi\u0119ki zaawansowanej technologii grza\u0142ki siatkowej, zapewniaj\u0105c g\u0142adki smak i g\u0119st\u0105 par\u0119 z ka\u017cdym zaci\u0105gni\u0119ciem.<\/li>\n<li><strong>D\u0142ugotrwa\u0142e<\/strong>: Dzi\u0119ki pojemno\u015bci do 10 000 zaci\u0105gni\u0119\u0107 i du\u017cej pojemno\u015bci e-liquidu wynosz\u0105cej 18 ml, urz\u0105dzenie to zapewnia wyd\u0142u\u017cone u\u017cytkowanie, co czyni go op\u0142acaln\u0105 opcj\u0105 zar\u00f3wno dla okazjonalnych, jak i regularnych u\u017cytkownik\u00f3w.<\/li>\n<li><strong>Konfigurowalne poziomy nikotyny<\/strong>: Dost\u0119pne w st\u0119\u017ceniach nikotyny 0%, 2%, 3% i 5%, dostosowane do szerokiego zakresu preferencji.<\/li>\n<li><strong>Szybkie \u0142adowanie<\/strong>: Akumulator 650 mAh z \u0142adowaniem typu C zapewnia szybkie i niezawodne \u0142adowanie, dzi\u0119ki czemu mo\u017cesz d\u0142u\u017cej wapowa\u0107.<\/li>\n<li><strong>Elegancki i stylowy<\/strong>: Przezroczysta konstrukcja z \u017cywymi \u015bwiat\u0142ami RGB nie tylko poprawia estetyk\u0119, ale tak\u017ce sprawia, \u017ce jest to wyr\u00f3\u017cniaj\u0105cy si\u0119 dodatek.<\/li>\n<li><strong>Wygoda<\/strong>: \u0141atwy do przenoszenia i gotowy do u\u017cycia, idealny do wapowania w podr\u00f3\u017cy.<\/li>\n<li><strong>Konkurencyjne ceny<\/strong>: vapestornado oferuje Uwin Crystal 10000 Puffs w bezkonkurencyjnej cenie, z opcjami zakupu hurtowego dla hurtownik\u00f3w.<\/li>\n<li><strong>Niezawodna obs\u0142uga<\/strong>: Ciesz si\u0119 szybk\u0105 wysy\u0142k\u0105, doskona\u0142\u0105 obs\u0142ug\u0105 klienta i bezproblemowymi zakupami na vapestornado.com.<\/li>\n<\/ul>\n<p>&nbsp;<\/p>\n<h3><strong>Korzy\u015bci z zakup\u00f3w hurtowych na vapestornado.com<\/strong><\/h3>\n<ul>\n<li><strong>Oszcz\u0119dno\u015b\u0107 koszt\u00f3w<\/strong>: Zakup hurtowy obni\u017ca koszt jednostkowy, zwi\u0119kszaj\u0105c og\u00f3ln\u0105 rentowno\u015b\u0107.<\/li>\n<li><strong>Sta\u0142a dost\u0119pno\u015b\u0107<\/strong>: Utrzymuj niezawodny zapas, aby zaspokoi\u0107 popyt klient\u00f3w bez przerw, idealny do utrzymania p\u0142ynno\u015bci biznesowej.<\/li>\n<li><strong>Elastyczne zam\u00f3wienia<\/strong>: Dostosuj sw\u00f3j zakup hurtowy za pomoc\u0105 r\u00f3\u017cnych smak\u00f3w i st\u0119\u017ce\u0144 nikotyny, aby zaspokoi\u0107 potrzeby bazy klient\u00f3w.<\/li>\n<li><strong>Ekskluzywne rabaty hurtowe<\/strong>: Korzystaj ze specjalnych cen na zam\u00f3wienia hurtowe, zapewniaj\u0105c najlepsz\u0105 warto\u015b\u0107 za produkty premium.<\/li>\n<\/ul>\n<div class=\"flex-shrink-0 flex flex-col relative items-end\">\n<div>\n<div class=\"pt-0\">\n<div class=\"gizmo-bot-avatar flex h-8 w-8 items-center justify-center overflow-hidden rounded-full\">\n<div class=\"relative p-1 rounded-sm flex items-center justify-center bg-token-main-surface-primary text-token-text-primary h-8 w-8\"><\/div>\n<\/div>\n<\/div>\n<\/div>\n<\/div>\n<div class=\"group\/conversation-turn relative flex w-full min-w-0 flex-col agent-turn\">\n<div class=\"flex-col gap-1 md:gap-3\">\n<div class=\"flex max-w-full flex-col flex-grow\">\n<div class=\"min-h-8 text-message flex w-full flex-col items-end gap-2 whitespace-normal break-words text-start [.text-message+&amp;]:mt-5\" dir=\"auto\" data-message-author-role=\"assistant\" data-message-id=\"782e374d-2cea-4922-b41d-46c77a1b831e\" data-message-model-slug=\"gpt-4o\">\n<div class=\"flex w-full flex-col gap-1 empty:hidden first:pt-[3px]\">\n<div class=\"markdown prose w-full break-words dark:prose-invert light\">\n<h3><strong>FAQ na temat Uwin Crystal 10000 Puffs Vape z mo\u017cliwo\u015bci\u0105 \u0142adowania<\/strong><\/h3>\n<\/div>\n<\/div>\n<\/div>\n<\/div>\n<\/div>\n<\/div>\n<div class=\"flex max-w-full flex-col flex-grow\">\n<div class=\"min-h-8 text-message flex w-full flex-col items-end gap-2 whitespace-normal break-words text-start [.text-message+&amp;]:mt-5\" dir=\"auto\" data-message-author-role=\"assistant\" data-message-id=\"782e374d-2cea-4922-b41d-46c77a1b831e\" data-message-model-slug=\"gpt-4o\">\n<div class=\"flex w-full flex-col gap-1 empty:hidden first:pt-[3px]\">\n<div class=\"markdown prose w-full break-words dark:prose-invert light\">\n<ol>\n<li><strong>Jak d\u0142ugo dzia\u0142a Uwin Crystal Vape 10000 Puffs?<\/strong><br \/>\nDzi\u0119ki a\u017c 10 000 zaci\u0105gni\u0119\u0107 urz\u0105dzenie to zosta\u0142o zaprojektowane tak, aby wystarczy\u0142o na kilka dni, a nawet tygodni, w zale\u017cno\u015bci od nawyk\u00f3w u\u017cytkowania.<\/li>\n<li><strong>Czy Uwin Crystal 10k Puffs mo\u017cna \u0142adowa\u0107?<\/strong><br \/>\nTak, jest wyposa\u017cony w akumulator 650 mAh z \u0142adowaniem Type-C, co zapewnia szybkie i wydajne \u0142adowanie.<\/li>\n<li><strong>Jakie moce nikotyny s\u0105 dost\u0119pne dla Uwin Crystal 10000 Puffs?<\/strong><br \/>\nTo urz\u0105dzenie jest dost\u0119pne w poziomach nikotyny 0%, 2%, 3% i 5%, oferuj\u0105c opcje dostosowane do r\u00f3\u017cnych preferencji.<\/li>\n<li><strong>Co sprawia, \u017ce Uwin Crystal 10000 Puff jest wyj\u0105tkowy?<\/strong><br \/>\nUwin Crystal wyr\u00f3\u017cnia si\u0119 pojemno\u015bci\u0105 18 ml e-liquidu, zaawansowan\u0105 grza\u0142k\u0105 siatkow\u0105 0,8 \u03a9 dla wzmocnionego smaku, eleganckim, krystalicznie czystym designem i dynamicznym o\u015bwietleniem RGB.<\/li>\n<li><strong>Czy mog\u0119 kupi\u0107 Uwin Crystal 10000 Puffs hurtowo?<\/strong><br \/>\nTak, vapestornado oferuje opcje hurtowe z 200 sztukami w kartonie, idealne dla sprzedawc\u00f3w detalicznych lub firm.<\/li>\n<li><strong>Czy jednorazowy Vape Uwin Crystal 10000 Puffs jest przyjazny dla pocz\u0105tkuj\u0105cych?<\/strong><br \/>\nAbsolutnie! Jego przyjazna dla u\u017cytkownika konstrukcja aktywowana przez zaci\u0105gni\u0119cie sprawia, \u017ce jest idealny zar\u00f3wno dla nowych, jak i do\u015bwiadczonych waper\u00f3w.<\/li>\n<\/ol>\n<\/div>\n<\/div>\n<\/div>\n<\/div>\n<div class=\"mb-2 flex gap-3 empty:hidden -ml-2\">\n<div class=\"items-center justify-start rounded-xl p-1 flex\"><\/div>\n<\/div>","protected":false},"excerpt":{"rendered":"<p>UWIN Crystal 10000 Puffs Rechargeable vape oferuje d\u0142ugotrwa\u0142\u0105 wydajno\u015b\u0107, \u017cywy design i doskona\u0142y smak dzi\u0119ki zaawansowanej technologii waporyzacji.<\/p>\n<figure id=\"attachment_2951\" aria-describedby=\"caption-attachment-2951\" style=\"width: 265px\" class=\"wp-caption alignnone\"><img fetchpriority=\"high\" decoding=\"async\" class=\"size-medium wp-image-2951\" src=\"https:\/\/vapestornado.com\/wp-content\/uploads\/2024\/12\/Wholesale-Disposable-Vape-265x300.jpg\" alt=\"Hurtownia jednorazowych vape\" width=\"265\" height=\"300\" srcset=\"https:\/\/vapestornado.com\/wp-content\/uploads\/2024\/12\/Wholesale-Disposable-Vape-265x300.jpg 265w, https:\/\/vapestornado.com\/wp-content\/uploads\/2024\/12\/Wholesale-Disposable-Vape-768x871.jpg 768w, https:\/\/vapestornado.com\/wp-content\/uploads\/2024\/12\/Wholesale-Disposable-Vape-600x680.jpg 600w, https:\/\/vapestornado.com\/wp-content\/uploads\/2024\/12\/Wholesale-Disposable-Vape.jpg 823w\" sizes=\"(max-width: 265px) 100vw, 265px\" \/><figcaption id=\"caption-attachment-2951\" class=\"wp-caption-text\">Skontaktuj si\u0119 z Mandy w sprawie ceny promocyjnej<a href=\"https:\/\/wa.me\/8618077105796\">+86 18077105796<\/a><\/figcaption><\/figure>\n<p>&nbsp;<\/p>","protected":false},"featured_media":3009,"comment_status":"open","ping_status":"closed","template":"","meta":{"_acf_changed":false,"_uag_custom_page_level_css":"","_lmt_disableupdate":"no","_lmt_disable":"","_monsterinsights_skip_tracking":false,"_monsterinsights_sitenote_active":false,"_monsterinsights_sitenote_note":"","_monsterinsights_sitenote_category":0,"site-sidebar-layout":"default","site-content-layout":"","ast-site-content-layout":"default","site-content-style":"default","site-sidebar-style":"default","ast-global-header-display":"","ast-banner-title-visibility":"","ast-main-header-display":"","ast-hfb-above-header-display":"","ast-hfb-below-header-display":"","ast-hfb-mobile-header-display":"","site-post-title":"","ast-breadcrumbs-content":"","ast-featured-img":"","footer-sml-layout":"","ast-disable-related-posts":"","theme-transparent-header-meta":"default","adv-header-id-meta":"","stick-header-meta":"","header-above-stick-meta":"","header-main-stick-meta":"","header-below-stick-meta":"","astra-migrate-meta-layouts":"set","ast-page-background-enabled":"default","ast-page-background-meta":{"desktop":{"background-color":"","background-image":"","background-repeat":"repeat","background-position":"center center","background-size":"auto","background-attachment":"scroll","background-type":"","background-media":"","overlay-type":"","overlay-color":"","overlay-opacity":"","overlay-gradient":""},"tablet":{"background-color":"","background-image":"","background-repeat":"repeat","background-position":"center center","background-size":"auto","background-attachment":"scroll","background-type":"","background-media":"","overlay-type":"","overlay-color":"","overlay-opacity":"","overlay-gradient":""},"mobile":{"background-color":"","background-image":"","background-repeat":"repeat","background-position":"center center","background-size":"auto","background-attachment":"scroll","background-type":"","background-media":"","overlay-type":"","overlay-color":"","overlay-opacity":"","overlay-gradient":""}},"ast-content-background-meta":{"desktop":{"background-color":"var(--ast-global-color-5)","background-image":"","background-repeat":"repeat","background-position":"center center","background-size":"auto","background-attachment":"scroll","background-type":"","background-media":"","overlay-type":"","overlay-color":"","overlay-opacity":"","overlay-gradient":""},"tablet":{"background-color":"var(--ast-global-color-5)","background-image":"","background-repeat":"repeat","background-position":"center center","background-size":"auto","background-attachment":"scroll","background-type":"","background-media":"","overlay-type":"","overlay-color":"","overlay-opacity":"","overlay-gradient":""},"mobile":{"background-color":"var(--ast-global-color-5)","background-image":"","background-repeat":"repeat","background-position":"center center","background-size":"auto","background-attachment":"scroll","background-type":"","background-media":"","overlay-type":"","overlay-color":"","overlay-opacity":"","overlay-gradient":""}},"_joinchat":{"telephone":"+8618077105796"}},"product_brand":[],"product_cat":[106,140,149,150,153,155,158,141,233],"product_tag":[97,107],"class_list":{"0":"post-3020","1":"product","2":"type-product","3":"status-publish","4":"has-post-thumbnail","6":"product_cat-10000-puff","7":"product_cat-big-puffs-disposable-vapes","8":"product_cat-buy-disposable-vapes-in-austria","9":"product_cat-buy-disposable-vapes-in-belgium","10":"product_cat-buy-disposable-vapes-in-italy","11":"product_cat-buy-disposable-vapes-in-norway","12":"product_cat-buy-disposable-vapes-in-spain","13":"product_cat-crystal-disposable-vapes","14":"product_cat-uwin-vape","15":"product_tag-hot-sale-disposable-vape","16":"product_tag-uwin-crystal-10000-puffs","17":"desktop-align-left","18":"tablet-align-left","19":"mobile-align-left","21":"first","22":"instock","23":"sale","24":"shipping-taxable","25":"purchasable","26":"product-type-simple"},"acf":[],"uagb_featured_image_src":{"full":["https:\/\/vapestornado.com\/wp-content\/uploads\/2024\/12\/UWIN-Crystal-10000-Puffs-Vape-Pen-cherry-cola.jpg",800,800,false],"thumbnail":["https:\/\/vapestornado.com\/wp-content\/uploads\/2024\/12\/UWIN-Crystal-10000-Puffs-Vape-Pen-cherry-cola-150x150.jpg",150,150,true],"medium":["https:\/\/vapestornado.com\/wp-content\/uploads\/2024\/12\/UWIN-Crystal-10000-Puffs-Vape-Pen-cherry-cola-300x300.jpg",300,300,true],"medium_large":["https:\/\/vapestornado.com\/wp-content\/uploads\/2024\/12\/UWIN-Crystal-10000-Puffs-Vape-Pen-cherry-cola-768x768.jpg",768,768,true],"large":["https:\/\/vapestornado.com\/wp-content\/uploads\/2024\/12\/UWIN-Crystal-10000-Puffs-Vape-Pen-cherry-cola.jpg",800,800,false],"1536x1536":["https:\/\/vapestornado.com\/wp-content\/uploads\/2024\/12\/UWIN-Crystal-10000-Puffs-Vape-Pen-cherry-cola.jpg",800,800,false],"2048x2048":["https:\/\/vapestornado.com\/wp-content\/uploads\/2024\/12\/UWIN-Crystal-10000-Puffs-Vape-Pen-cherry-cola.jpg",800,800,false],"trp-custom-language-flag":["https:\/\/vapestornado.com\/wp-content\/uploads\/2024\/12\/UWIN-Crystal-10000-Puffs-Vape-Pen-cherry-cola.jpg",12,12,false],"woocommerce_thumbnail":["https:\/\/vapestornado.com\/wp-content\/uploads\/2024\/12\/UWIN-Crystal-10000-Puffs-Vape-Pen-cherry-cola-300x300.jpg",300,300,true],"woocommerce_single":["https:\/\/vapestornado.com\/wp-content\/uploads\/2024\/12\/UWIN-Crystal-10000-Puffs-Vape-Pen-cherry-cola-600x600.jpg",600,600,true],"woocommerce_gallery_thumbnail":["https:\/\/vapestornado.com\/wp-content\/uploads\/2024\/12\/UWIN-Crystal-10000-Puffs-Vape-Pen-cherry-cola-100x100.jpg",100,100,true]},"uagb_author_info":{"display_name":"ESMANDY","author_link":"https:\/\/vapestornado.com\/pl\/author\/"},"uagb_comment_info":0,"uagb_excerpt":"UWIN Crystal 10000 Puffs Rechargeable vape offers long-lasting performance, vibrant design, and premium flavor with advanced vaping technology. [caption id=\"attachment_2951\" align=\"alignnone\" width=\"265\"] Contact Mandy For Discount Price+86 18077105796[\/caption] &nbsp;","_links":{"self":[{"href":"https:\/\/vapestornado.com\/pl\/wp-json\/wp\/v2\/product\/3020","targetHints":{"allow":["GET"]}}],"collection":[{"href":"https:\/\/vapestornado.com\/pl\/wp-json\/wp\/v2\/product"}],"about":[{"href":"https:\/\/vapestornado.com\/pl\/wp-json\/wp\/v2\/types\/product"}],"replies":[{"embeddable":true,"href":"https:\/\/vapestornado.com\/pl\/wp-json\/wp\/v2\/comments?post=3020"}],"wp:featuredmedia":[{"embeddable":true,"href":"https:\/\/vapestornado.com\/pl\/wp-json\/wp\/v2\/media\/3009"}],"wp:attachment":[{"href":"https:\/\/vapestornado.com\/pl\/wp-json\/wp\/v2\/media?parent=3020"}],"wp:term":[{"taxonomy":"product_brand","embeddable":true,"href":"https:\/\/vapestornado.com\/pl\/wp-json\/wp\/v2\/product_brand?post=3020"},{"taxonomy":"product_cat","embeddable":true,"href":"https:\/\/vapestornado.com\/pl\/wp-json\/wp\/v2\/product_cat?post=3020"},{"taxonomy":"product_tag","embeddable":true,"href":"https:\/\/vapestornado.com\/pl\/wp-json\/wp\/v2\/product_tag?post=3020"}],"curies":[{"name":"wp","href":"https:\/\/api.w.org\/{rel}","templated":true}]}}