{"id":3000,"date":"2024-12-09T07:00:42","date_gmt":"2024-12-09T07:00:42","guid":{"rendered":"https:\/\/vapestornado.com\/?post_type=product&#038;p=3000"},"modified":"2025-08-23T10:18:27","modified_gmt":"2025-08-23T10:18:27","slug":"waspe-25000-puffs-digital-disposable-vape-wholesale-price-in-poland","status":"publish","type":"product","link":"https:\/\/vapestornado.com\/pl\/product\/waspe-25000-puffs-digital-disposable-vape-wholesale-price-in-poland\/","title":{"rendered":"Cena hurtowa jednorazowego vape Waspe 25000 Puffs Digital w Polsce"},"content":{"rendered":"<h1 class=\"product-title\">Cena hurtowa jednorazowego vape Waspe 25000 Puffs Digital w Polsce<\/h1>\n<p data-start=\"525\" data-end=\"808\">Cyfrowy ekran <strong data-start=\"529\" data-end=\"574\">Waspe 25000 Zaci\u0105gni\u0119\u0107 Digital Disposable Vape<\/strong> to praktyczny wyb\u00f3r dla hurtownik\u00f3w i detalist\u00f3w w Polsce poszukuj\u0105cych trwa\u0142ego, bogatego w funkcje asortymentu. Z maksymalnie <strong data-start=\"690\" data-end=\"715\">25 000 zaci\u0105gni\u0119\u0107 na jednostk\u0119<\/strong> i <strong data-start=\"722\" data-end=\"744\">systemem podw\u00f3jnego smaku<\/strong>, zapewnia klientom d\u0142u\u017csze u\u017cytkowanie i wi\u0119ksz\u0105 r\u00f3\u017cnorodno\u015b\u0107.<\/p>\n<p data-start=\"810\" data-end=\"1090\">Wyposa\u017cony w <strong data-start=\"826\" data-end=\"848\">cyfrowy ekran LED<\/strong>, Waspe 25K na bie\u017c\u0105co informuje u\u017cytkownik\u00f3w o stanie baterii i liczbie zaci\u0105gni\u0119\u0107. Jego <strong data-start=\"937\" data-end=\"960\">konstrukcj\u0105 z mo\u017cliwo\u015bci\u0105 \u0142adowania<\/strong> z <strong data-start=\"966\" data-end=\"990\">Szybkie \u0142adowanie typu C<\/strong> zapewnia sta\u0142\u0105 wydajno\u015b\u0107 i zmniejsza ilo\u015b\u0107 odpad\u00f3w, dzi\u0119ki czemu jest zar\u00f3wno op\u0142acalny, jak i przyjazny dla \u015brodowiska.<\/p>\n<p data-start=\"1092\" data-end=\"1373\">Dost\u0119pny w wielu <strong data-start=\"1114\" data-end=\"1133\">poziomy nikotyny<\/strong> i <strong data-start=\"1138\" data-end=\"1161\">kombinacje smakowe<\/strong>, <strong data-start=\"1167\" data-end=\"1185\">Vape Waspe 25K<\/strong> trafia do szerokiego grona odbiorc\u00f3w, od pocz\u0105tkuj\u0105cych po do\u015bwiadczonych u\u017cytkownik\u00f3w. Kompaktowy i przeno\u015bny, nadaje si\u0119 do codziennego u\u017cytku, zapewniaj\u0105c jednocze\u015bnie sp\u00f3jny smak dzi\u0119ki zaawansowanej technologii grza\u0142ek.<\/p>\n<p data-start=\"1375\" data-end=\"1604\">Dla dystrybutor\u00f3w i w\u0142a\u015bcicieli sklep\u00f3w w Polsce, <strong data-start=\"1423\" data-end=\"1449\">Vape Waspe 25000 Puffs<\/strong> \u0142\u0105czy w sobie du\u017c\u0105 pojemno\u015b\u0107 zaci\u0105gni\u0119\u0107, innowacyjne funkcje i <strong data-start=\"1504\" data-end=\"1537\">konkurencyjne ceny hurtowe<\/strong>, co czyni go op\u0142acalnym dodatkiem do zapas\u00f3w jednorazowych vape.<\/p>\n<p>&nbsp;<\/p>\n<p><strong>Dodaj Whatsapp Amy, aby uzyska\u0107 w\u0142a\u015bciw\u0105 odpowied\u017a i kupon na vape!<\/strong><\/p>\n<p><img fetchpriority=\"high\" decoding=\"async\" class=\"size-full wp-image-2932\" src=\"https:\/\/vapestornado.com\/wp-content\/uploads\/2024\/12\/Vape-Wholesale.jpg\" alt=\"Hurtowa sprzeda\u017c e-papieros\u00f3w\" width=\"229\" height=\"300\" \/><\/p>\n<h3><a href=\"https:\/\/wa.me\/8617776015835\" target=\"_blank\" rel=\"noopener\"><span style=\"color: #ff0000;\"><strong>WhatsApp: +86 17776015835<\/strong><\/span><\/a><\/h3>\n<p>&nbsp;<\/p>\n<h4><strong style=\"font-size: 1.7em;\">Cechy produktu Waspe Vape 25000<\/strong><\/h4>\n<ul>\n<li><strong>25 000 Zaci\u0105gni\u0119\u0107 Czystej Satysfakcji<\/strong>: Ciesz si\u0119 wyd\u0142u\u017conymi sesjami wapowania z maksymalnie <strong>25 000 zaci\u0105gni\u0119\u0107<\/strong>, dzi\u0119ki czemu <strong>WASPE 25000 zaci\u0105gni\u0119\u0107<\/strong> to idealny wyb\u00f3r zar\u00f3wno dla okazjonalnych, jak i intensywnych u\u017cytkownik\u00f3w.<\/li>\n<li><strong>Wiele st\u0119\u017ce\u0144 nikotyny<\/strong>: Wybierz spo\u015br\u00f3d <strong>0%, 2% lub 5% nikotyny<\/strong>, oferuj\u0105c dopasowane do\u015bwiadczenie dla u\u017cytkownik\u00f3w poszukuj\u0105cych <strong>jednorazowego e-papierosa o niskiej zawarto\u015bci nikotyny<\/strong> lub mocniejszego uderzenia.<\/li>\n<li><strong>Pojemno\u015b\u0107 25 ml E-liquidu<\/strong>: Fabrycznie za\u0142adowany hojn\u0105 ilo\u015bci\u0105 <strong>25 ml e-liquidu<\/strong>, zapewniaj\u0105c mniej przerw i d\u0142u\u017csz\u0105 przyjemno\u015b\u0107.<\/li>\n<li><strong>Zaawansowane podw\u00f3jne grza\u0142ki siatkowe<\/strong>: Zintegrowane podw\u00f3jne grza\u0142ki siatkowe gwarantuj\u0105 p\u0142ynn\u0105 produkcj\u0119 pary, sp\u00f3jne dostarczanie smaku i najwy\u017csz\u0105 jako\u015b\u0107 w ka\u017cdym zaci\u0105gni\u0119ciu.<\/li>\n<li><strong>Cyfrowy ekran LED<\/strong>: <strong>Jednorazowy Vape z wy\u015bwietlaczem LED<\/strong> posiada inteligentny ekran LCD, umo\u017cliwiaj\u0105cy monitorowanie <strong>\u017cywotno\u015bci baterii i liczby zaci\u0105gni\u0119\u0107<\/strong> bez wysi\u0142ku.<\/li>\n<li><strong>Akumulator i trwa\u0142o\u015b\u0107<\/strong>: Zasilany przez <strong>bateri\u0119 650 mAh<\/strong> i wspierany przez <strong>Szybkie \u0142adowanie typu C<\/strong>, to <strong>\u0142adowalny vape<\/strong> zapewnia zasilanie do d\u0142ugotrwa\u0142ego u\u017cytku bez d\u0142ugich przestoj\u00f3w.<\/li>\n<li><strong>Kompaktowa konstrukcja do zakupu hurtowego<\/strong>: Lekki i \u0142atwy w obs\u0142udze, Waspe 25k jest idealny do zakup\u00f3w hurtowych, co czyni go idealnym dla dystrybutor\u00f3w poszukuj\u0105cych niezawodnego produktu dla <strong>ceny hurtowe vape<\/strong>.<\/li>\n<\/ul>\n<p>&nbsp;<\/p>\n<h2 class=\"product-title\"><strong>Lista Smak\u00f3w WASPE 25000<\/strong><\/h2>\n<p>1. Truskawka Kiwi<br \/>\n2. Mieszane Jagody<br \/>\n3. Jagoda na Lodzie<br \/>\n4. Winogronowy L\u00f3d<br \/>\n5. Wi\u015bnia na Lodzie<br \/>\n6. Lemoniada Jagodowo-Malinowa<br \/>\n7. Brzoskwinia na Lodzie<br \/>\n8. Truskawka Arbuz<br \/>\n9. Brzoskwinia Mango Arbuz<br \/>\n10. Arbuz na Lodzie<\/p>\n<h3>Dlaczego warto wybra\u0107 vapestornado do hurtowej sprzeda\u017cy vape WASPE 25k?<\/h3>\n<div class=\"flex-shrink-0 flex flex-col relative items-end\">\n<div class=\"pt-0\">\n<div class=\"gizmo-bot-avatar flex h-8 w-8 items-center justify-center overflow-hidden rounded-full\">\n<div class=\"relative p-1 rounded-sm flex items-center justify-center bg-token-main-surface-primary text-token-text-primary h-8 w-8\">\n<p>Witamy w vapestornado, Twoim zaufanym sklepie internetowym z wysokiej jako\u015bci jednorazowymi e-papierosami. Dzi\u0119ki ponad 5-letniemu do\u015bwiadczeniu oferujemy popularne marki jednorazowych e-papieros\u00f3w, takie jak Fumot RandM Vape, Vapme, Bang Vape, Waspe Vape i WGA Vape itp.<\/p>\n<p>Nasza oferta obejmuje popularne e-papierosy, takie jak <a href=\"https:\/\/vapestornado.com\/pl\/product\/fumot-randm-tornado-15000-puffs-rechargeable-disposable-vape-wholesale\/\">RandM Tornado 15000<\/a>, oraz bogate w smaku opcje, takie jak <a href=\"https:\/\/vapestornado.com\/pl\/product\/waspe-40000-puffs-double-flavour-led-display-disposable-vape-wholesale\/\">WASPE Podw\u00f3jny Smak 40000 Zaci\u0105gni\u0119\u0107<\/a> . Ka\u017cdy produkt jest wybierany z naciskiem na jako\u015b\u0107, warto\u015b\u0107 i r\u00f3\u017cnorodno\u015b\u0107, zapewniaj\u0105c znalezienie idealnego dopasowania do Twoich potrzeb. Odkryj wyj\u0105tkow\u0105 obs\u0142ug\u0119 i szerok\u0105 gam\u0119 najlepszych produkt\u00f3w na vapestornado.<\/p>\n<\/div>\n<h3><\/h3>\n<div class=\"relative p-1 rounded-sm flex items-center justify-center bg-token-main-surface-primary text-token-text-primary h-8 w-8\">\n<h3>FAQ dotycz\u0105ce \u0142adowalnego jednorazowego vape WASPE 25k<\/h3>\n<\/div>\n<\/div>\n<\/div>\n<\/div>\n<div class=\"group\/conversation-turn relative flex w-full min-w-0 flex-col agent-turn\">\n<div class=\"flex-col gap-1 md:gap-3\">\n<div class=\"flex max-w-full flex-col flex-grow\">\n<div class=\"min-h-8 text-message flex w-full flex-col items-end gap-2 whitespace-normal break-words [.text-message+&amp;]:mt-5\" dir=\"auto\" data-message-author-role=\"assistant\" data-message-id=\"db716a1c-9ed0-4b8d-b3b0-7bdb913c3d42\" data-message-model-slug=\"gpt-4o\">\n<div class=\"flex w-full flex-col gap-1 empty:hidden first:pt-[3px]\">\n<div class=\"markdown prose w-full break-words dark:prose-invert light\">\n<h3><\/h3>\n<ol>\n<li><strong>Gdzie mog\u0119 kupi\u0107 Waspe 25000 Puffs Digital Disposable Vape w cenie hurtowej w Polsce?<\/strong><br \/>\nMo\u017cesz kupi\u0107 Waspe 25000 Puffs Digital Disposable Vape w konkurencyjnych cenach hurtowych od zaufanych dystrybutor\u00f3w specjalizuj\u0105cych si\u0119 w <strong>ceny hurtowe vape<\/strong> w Polsce.<\/li>\n<li><strong>Ile zaci\u0105gni\u0119\u0107 zapewnia Waspe 25000 Puffs Digital Disposable Vape?<\/strong><br \/>\nWaspe 25k zapewnia imponuj\u0105c\u0105 liczb\u0119 <strong>25 000 zaci\u0105gni\u0119\u0107<\/strong>, zapewniaj\u0105c d\u0142ugotrwa\u0142e u\u017cytkowanie i doskona\u0142y stosunek jako\u015bci do ceny.<\/li>\n<li><strong>Co sprawia, \u017ce Waspe 25000 Puffs vape jest wyj\u0105tkowy w por\u00f3wnaniu z innymi jednorazowymi vape?<\/strong><br \/>\nWaspe 25k wyr\u00f3\u017cnia si\u0119 swoim <strong>Cyfrowy ekran LED<\/strong> do monitorowania liczby zaci\u0105gni\u0119\u0107 i \u017cywotno\u015bci baterii, <strong>podw\u00f3jnym smakiem<\/strong> opcjami i <strong>konstrukcj\u0105 z mo\u017cliwo\u015bci\u0105 \u0142adowania<\/strong> zasilan\u0105 szybkim \u0142adowaniem <strong>portem Type-C<\/strong>.<\/li>\n<li><strong>Jakie poziomy nikotyny s\u0105 dost\u0119pne dla Waspe 25000 Puffs Disposable Vape?<\/strong><br \/>\nWaspe 25k oferuje trzy opcje mocy nikotyny: <strong>0%, 2% i 5%<\/strong>, przeznaczone dla u\u017cytkownik\u00f3w, kt\u00f3rzy preferuj\u0105 <strong>jednorazowego e-papierosa o niskiej zawarto\u015bci nikotyny<\/strong> lub mocniejsze uderzenia.<\/li>\n<li><strong>W jaki spos\u00f3b Waspe 25k zapewnia doskona\u0142e wra\u017cenia z vapingu?<\/strong><br \/>\nWyposa\u017cony w <strong>podw\u00f3jne grza\u0142ki siatkowe<\/strong> dla zwi\u0119kszonej produkcji pary, du\u017c\u0105 <strong>pojemno\u015bci\u0105 e-liquidu 25 ml<\/strong>i regulowanym przep\u0142ywem powietrza, Waspe 25k zapewnia sp\u00f3jne, aromatyczne zaci\u0105gni\u0119cia, zapewniaj\u0105c wyj\u0105tkowe wra\u017cenia z vapingu.<\/li>\n<\/ol>\n<\/div>\n<\/div>\n<\/div>\n<\/div>\n<\/div>\n<\/div>","protected":false},"excerpt":{"rendered":"<p>Cyfrowy ekran <strong data-start=\"290\" data-end=\"327\">Jednorazowy Vape Waspe 25000 Puffs<\/strong> oferuje podw\u00f3jne smaki, wy\u015bwietlacz LED i do 25 tys. zaci\u0105gni\u0119\u0107. Idealny dla <strong data-start=\"395\" data-end=\"425\">kupc\u00f3w hurtowych w Polsce<\/strong>, \u0142\u0105cz\u0105c pojemno\u015b\u0107, r\u00f3\u017cnorodno\u015b\u0107 smak\u00f3w i konkurencyjne ceny hurtowe.<\/p>\n<p><strong>Dodaj Amy do WhatsAppa, aby uzyska\u0107 szybk\u0105 odpowied\u017a i kupon na vape!<\/strong><\/p>\n<p><img fetchpriority=\"high\" decoding=\"async\" class=\"size-full wp-image-2932\" src=\"https:\/\/vapestornado.com\/wp-content\/uploads\/2024\/12\/Vape-Wholesale.jpg\" alt=\"Hurtowa sprzeda\u017c e-papieros\u00f3w\" width=\"229\" height=\"300\" \/><\/p>\n<h3><a href=\"https:\/\/wa.me\/8617776015835\"><span style=\"color: #ff0000;\"><strong>WhatsApp: +86 17776015835<\/strong><\/span><\/a><\/h3>\n<p>&nbsp;<\/p>","protected":false},"featured_media":2995,"comment_status":"open","ping_status":"closed","template":"","meta":{"_acf_changed":false,"_uag_custom_page_level_css":"","_lmt_disableupdate":"no","_lmt_disable":"","_monsterinsights_skip_tracking":false,"_monsterinsights_sitenote_active":false,"_monsterinsights_sitenote_note":"","_monsterinsights_sitenote_category":0,"site-sidebar-layout":"default","site-content-layout":"","ast-site-content-layout":"default","site-content-style":"default","site-sidebar-style":"default","ast-global-header-display":"","ast-banner-title-visibility":"","ast-main-header-display":"","ast-hfb-above-header-display":"","ast-hfb-below-header-display":"","ast-hfb-mobile-header-display":"","site-post-title":"","ast-breadcrumbs-content":"","ast-featured-img":"","footer-sml-layout":"","ast-disable-related-posts":"","theme-transparent-header-meta":"default","adv-header-id-meta":"","stick-header-meta":"","header-above-stick-meta":"","header-main-stick-meta":"","header-below-stick-meta":"","astra-migrate-meta-layouts":"set","ast-page-background-enabled":"default","ast-page-background-meta":{"desktop":{"background-color":"","background-image":"","background-repeat":"repeat","background-position":"center center","background-size":"auto","background-attachment":"scroll","background-type":"","background-media":"","overlay-type":"","overlay-color":"","overlay-opacity":"","overlay-gradient":""},"tablet":{"background-color":"","background-image":"","background-repeat":"repeat","background-position":"center center","background-size":"auto","background-attachment":"scroll","background-type":"","background-media":"","overlay-type":"","overlay-color":"","overlay-opacity":"","overlay-gradient":""},"mobile":{"background-color":"","background-image":"","background-repeat":"repeat","background-position":"center center","background-size":"auto","background-attachment":"scroll","background-type":"","background-media":"","overlay-type":"","overlay-color":"","overlay-opacity":"","overlay-gradient":""}},"ast-content-background-meta":{"desktop":{"background-color":"var(--ast-global-color-5)","background-image":"","background-repeat":"repeat","background-position":"center center","background-size":"auto","background-attachment":"scroll","background-type":"","background-media":"","overlay-type":"","overlay-color":"","overlay-opacity":"","overlay-gradient":""},"tablet":{"background-color":"var(--ast-global-color-5)","background-image":"","background-repeat":"repeat","background-position":"center center","background-size":"auto","background-attachment":"scroll","background-type":"","background-media":"","overlay-type":"","overlay-color":"","overlay-opacity":"","overlay-gradient":""},"mobile":{"background-color":"var(--ast-global-color-5)","background-image":"","background-repeat":"repeat","background-position":"center center","background-size":"auto","background-attachment":"scroll","background-type":"","background-media":"","overlay-type":"","overlay-color":"","overlay-opacity":"","overlay-gradient":""}},"_joinchat":{"telephone":"+8617776015835"}},"product_brand":[],"product_cat":[68,151,158,159,144,60],"product_tag":[105,100,103,104],"class_list":{"0":"post-3000","1":"product","2":"type-product","3":"status-publish","4":"has-post-thumbnail","6":"product_cat-25000-puff","7":"product_cat-buy-disposable-vapes-in-france","8":"product_cat-buy-disposable-vapes-in-spain","9":"product_cat-buy-disposable-vapes-in-sweden","10":"product_cat-low-nicotine-disposable-vapes","11":"product_cat-waspe-fihp-vape","12":"product_tag-digital-disposable-vape","13":"product_tag-wasoe-vape","14":"product_tag-waspe-25000","15":"product_tag-waspe-25k","16":"desktop-align-left","17":"tablet-align-left","18":"mobile-align-left","20":"first","21":"instock","22":"sale","23":"shipping-taxable","24":"purchasable","25":"product-type-simple"},"acf":[],"uagb_featured_image_src":{"full":["https:\/\/vapestornado.com\/wp-content\/uploads\/2024\/12\/WASPE-25000-Puffs-Disposable-Vape-Wholesale-Price.jpg",1126,1137,false],"thumbnail":["https:\/\/vapestornado.com\/wp-content\/uploads\/2024\/12\/WASPE-25000-Puffs-Disposable-Vape-Wholesale-Price-150x150.jpg",150,150,true],"medium":["https:\/\/vapestornado.com\/wp-content\/uploads\/2024\/12\/WASPE-25000-Puffs-Disposable-Vape-Wholesale-Price-297x300.jpg",297,300,true],"medium_large":["https:\/\/vapestornado.com\/wp-content\/uploads\/2024\/12\/WASPE-25000-Puffs-Disposable-Vape-Wholesale-Price-768x776.jpg",768,776,true],"large":["https:\/\/vapestornado.com\/wp-content\/uploads\/2024\/12\/WASPE-25000-Puffs-Disposable-Vape-Wholesale-Price-1014x1024.jpg",1014,1024,true],"1536x1536":["https:\/\/vapestornado.com\/wp-content\/uploads\/2024\/12\/WASPE-25000-Puffs-Disposable-Vape-Wholesale-Price.jpg",1126,1137,false],"2048x2048":["https:\/\/vapestornado.com\/wp-content\/uploads\/2024\/12\/WASPE-25000-Puffs-Disposable-Vape-Wholesale-Price.jpg",1126,1137,false],"trp-custom-language-flag":["https:\/\/vapestornado.com\/wp-content\/uploads\/2024\/12\/WASPE-25000-Puffs-Disposable-Vape-Wholesale-Price.jpg",12,12,false],"woocommerce_thumbnail":["https:\/\/vapestornado.com\/wp-content\/uploads\/2024\/12\/WASPE-25000-Puffs-Disposable-Vape-Wholesale-Price-300x300.jpg",300,300,true],"woocommerce_single":["https:\/\/vapestornado.com\/wp-content\/uploads\/2024\/12\/WASPE-25000-Puffs-Disposable-Vape-Wholesale-Price-600x606.jpg",600,606,true],"woocommerce_gallery_thumbnail":["https:\/\/vapestornado.com\/wp-content\/uploads\/2024\/12\/WASPE-25000-Puffs-Disposable-Vape-Wholesale-Price-100x100.jpg",100,100,true]},"uagb_author_info":{"display_name":"ESAMY","author_link":"https:\/\/vapestornado.com\/pl\/author\/"},"uagb_comment_info":0,"uagb_excerpt":"The Waspe 25000 Puffs Disposable Vape offers dual flavors, LED display, and up to 25K puffs. Perfect for wholesale buyers in Poland, combining capacity, flavor variety, and competitive bulk pricing. Add Amy's whatsapp to get right reply and vape vape coupon! WhatsApp: +86 17776015835 &nbsp;","_links":{"self":[{"href":"https:\/\/vapestornado.com\/pl\/wp-json\/wp\/v2\/product\/3000","targetHints":{"allow":["GET"]}}],"collection":[{"href":"https:\/\/vapestornado.com\/pl\/wp-json\/wp\/v2\/product"}],"about":[{"href":"https:\/\/vapestornado.com\/pl\/wp-json\/wp\/v2\/types\/product"}],"replies":[{"embeddable":true,"href":"https:\/\/vapestornado.com\/pl\/wp-json\/wp\/v2\/comments?post=3000"}],"wp:featuredmedia":[{"embeddable":true,"href":"https:\/\/vapestornado.com\/pl\/wp-json\/wp\/v2\/media\/2995"}],"wp:attachment":[{"href":"https:\/\/vapestornado.com\/pl\/wp-json\/wp\/v2\/media?parent=3000"}],"wp:term":[{"taxonomy":"product_brand","embeddable":true,"href":"https:\/\/vapestornado.com\/pl\/wp-json\/wp\/v2\/product_brand?post=3000"},{"taxonomy":"product_cat","embeddable":true,"href":"https:\/\/vapestornado.com\/pl\/wp-json\/wp\/v2\/product_cat?post=3000"},{"taxonomy":"product_tag","embeddable":true,"href":"https:\/\/vapestornado.com\/pl\/wp-json\/wp\/v2\/product_tag?post=3000"}],"curies":[{"name":"wp","href":"https:\/\/api.w.org\/{rel}","templated":true}]}}