{"id":2993,"date":"2024-12-06T08:51:10","date_gmt":"2024-12-06T08:51:10","guid":{"rendered":"https:\/\/vapestornado.com\/?post_type=product&#038;p=2993"},"modified":"2025-08-23T10:20:29","modified_gmt":"2025-08-23T10:20:29","slug":"randm-tornado-25000-puffs-2-nicotine-bulk-buy-vape-pods","status":"publish","type":"product","link":"https:\/\/vapestornado.com\/pl\/product\/randm-tornado-25000-puffs-2-nicotine-bulk-buy-vape-pods\/","title":{"rendered":"Randm Tornado 25000 zaci\u0105gni\u0119\u0107 2% nikotyny, hurtowe zakupy pod\u00f3w do vape"},"content":{"rendered":"<h1>Randm Tornado 25000 zaci\u0105gni\u0119\u0107 2% nikotyny, hurtowe zakupy pod\u00f3w do vape<\/h1>\n<p>&nbsp;<\/p>\n<p data-start=\"281\" data-end=\"553\">Cyfrowy ekran <strong data-start=\"285\" data-end=\"323\">Randm Tornado 25000 Zaci\u0105gni\u0119\u0107 Vape Pod<\/strong> jest przeznaczony dla hurtownik\u00f3w i w\u0142a\u015bcicieli sklep\u00f3w poszukuj\u0105cych jednorazowego vape o du\u017cej pojemno\u015bci i bogatej funkcjonalno\u015bci. Z maksymalnie <strong data-start=\"436\" data-end=\"463\">25 000 zaci\u0105gni\u0119\u0107 na urz\u0105dzenie<\/strong> i <strong data-start=\"470\" data-end=\"492\">20 ml zbiornik e-liquidu<\/strong>, zapewnia d\u0142ugotrwa\u0142e u\u017cytkowanie i du\u017cy potencja\u0142 odsprzeda\u017cy.<\/p>\n<p data-start=\"555\" data-end=\"811\">Wyposa\u017cony w <strong data-start=\"571\" data-end=\"602\">akumulator 700 mAh<\/strong> i <strong data-start=\"607\" data-end=\"631\">Szybkie \u0142adowanie typu C<\/strong>, Randm 25K minimalizuje przestoje. Jego <strong data-start=\"671\" data-end=\"698\">technologia prze\u0142\u0105cznika dotykowego<\/strong> i <strong data-start=\"703\" data-end=\"720\">tryb gry<\/strong> dodaje interaktywno\u015bci, czyni\u0105c go popularnym w\u015br\u00f3d m\u0142odszych europejskich konsument\u00f3w. Funkcje obejmuj\u0105:<\/p>\n<ul data-start=\"812\" data-end=\"925\">\n<li data-start=\"812\" data-end=\"849\">\n<p data-start=\"814\" data-end=\"849\"><strong data-start=\"814\" data-end=\"828\">Podw\u00f3jne dotkni\u0119cie<\/strong> aby wybudzi\u0107 ekran<\/p>\n<\/li>\n<li data-start=\"850\" data-end=\"886\">\n<p data-start=\"852\" data-end=\"886\"><strong data-start=\"852\" data-end=\"866\">Potr\u00f3jne dotkni\u0119cie<\/strong> aby dostosowa\u0107 moc<\/p>\n<\/li>\n<li data-start=\"887\" data-end=\"925\">\n<p data-start=\"889\" data-end=\"925\"><strong data-start=\"889\" data-end=\"901\">Czterokrotne dotkni\u0119cie<\/strong> aby aktywowa\u0107 tryb gry<\/p>\n<\/li>\n<\/ul>\n<p data-start=\"927\" data-end=\"1181\">Dost\u0119pne w <strong data-start=\"940\" data-end=\"979\">opcje nikotyny 0%, 2%, 3% i 5%<\/strong>, <strong data-start=\"985\" data-end=\"1006\">Randm Tornado 25K<\/strong> jest przeznaczony zar\u00f3wno dla u\u017cytkownik\u00f3w okazjonalnych, jak i intensywnych. Kompaktowy, stylowy i przeno\u015bny, \u0142\u0105czy wydajno\u015b\u0107 z wygod\u0105, co czyni go silnym sprzedawc\u0105 na polskim hurtowym rynku vape.<\/p>\n<p><img fetchpriority=\"high\" decoding=\"async\" class=\"size-medium wp-image-2951\" src=\"https:\/\/vapestornado.com\/wp-content\/uploads\/2024\/12\/Wholesale-Disposable-Vape-265x300.jpg\" alt=\"Hurtownia jednorazowych vape\" width=\"265\" height=\"300\" srcset=\"https:\/\/vapestornado.com\/wp-content\/uploads\/2024\/12\/Wholesale-Disposable-Vape-265x300.jpg 265w, https:\/\/vapestornado.com\/wp-content\/uploads\/2024\/12\/Wholesale-Disposable-Vape-768x871.jpg 768w, https:\/\/vapestornado.com\/wp-content\/uploads\/2024\/12\/Wholesale-Disposable-Vape-600x680.jpg 600w, https:\/\/vapestornado.com\/wp-content\/uploads\/2024\/12\/Wholesale-Disposable-Vape.jpg 823w\" sizes=\"(max-width: 265px) 100vw, 265px\" \/><\/p>\n<h6>Skontaktuj si\u0119 z Mandy przez WhatsApp, aby uzyska\u0107 cen\u0119 promocyjn\u0105<a href=\"https:\/\/wa.me\/8618077105796\" target=\"_blank\" rel=\"noopener\">+8618077105796<\/a><\/h6>\n<p>&nbsp;<\/p>\n<h2><strong>Kluczowe cechy Fumot Tornado Vape 25000 Puffs<\/strong><\/h2>\n<ul>\n<li><strong>Liczba zaci\u0105gni\u0119\u0107:<\/strong> 25 000 zaci\u0105gni\u0119\u0107<\/li>\n<li><strong>Bateria:<\/strong> 700mAh, akumulator<\/li>\n<li><strong>Pojemno\u015b\u0107 e-liquidu:<\/strong> 20ml<\/li>\n<li><strong>Poziomy nikotyny:<\/strong> 0%, 2%, 3%, 5%<\/li>\n<li><strong>\u0141adowanie:<\/strong> Szybkie \u0142adowanie typu C<\/li>\n<li><strong>Tryb gry:<\/strong> Interaktywna, zabawna funkcja gry<\/li>\n<li><strong>Funkcje prze\u0142\u0105cznika dotykowego:<\/strong>\n<ul>\n<li>Podw\u00f3jne dotkni\u0119cie: Wybud\u017a ekran<\/li>\n<li>Potr\u00f3jne dotkni\u0119cie: Dostosuj moc<\/li>\n<li>Czterokrotne dotkni\u0119cie: Wejd\u017a do trybu gry; kliknij raz, aby zagra\u0107<\/li>\n<\/ul>\n<\/li>\n<li><strong>Projekt:<\/strong> Przeno\u015bny i przyjazny dla u\u017cytkownika pod vape<\/li>\n<\/ul>\n<h2><strong>Lista smak\u00f3w jednorazowego vape'a RandM Tornado 25k Puffs:<\/strong><\/h2>\n<p>1. Bananowy l\u00f3d<br \/>\n2. Truskawkowy arbuz<br \/>\n3. Mi\u0119towa Miami<br \/>\n4. Bor\u00f3wka Malina<br \/>\n5. Czarny L\u00f3d<br \/>\n6. Bia\u0142y \u017belek L\u00f3d<br \/>\n7. Arbuzowy L\u00f3d<br \/>\n8. Soczysta Brzoskwinia L\u00f3d<br \/>\n9. R\u00f3\u017cowa Lemoniada<br \/>\n10. Truskawka Mango<br \/>\n11. Brzoskwinia Mango Arbuz<br \/>\n12. Winogrono Cytryna<br \/>\n13. Tropikalna T\u0119cza<br \/>\n14. Wi\u015bniowa Bomba<br \/>\n15. Cukierki Truskawkowo-Mi\u0119towe<br \/>\n16. Podw\u00f3jne Jab\u0142ko<br \/>\n17. Bor\u00f3wka z Lodem<br \/>\n18. Truskawka z Lodem<br \/>\n19. Soczysty L\u00f3d<br \/>\n20. Ananas z Lodem<br \/>\n21. Winogrono z Lodem<br \/>\n22. Dr Blue<br \/>\n23. Kiwi, Marakuja, Guawa<br \/>\n24. Wi\u015bniowa Cola<\/p>\n<h3>Dlaczego wybra\u0107 RandM Tornado 25000 zaci\u0105gni\u0119\u0107 w Polsce? <a href=\"https:\/\/vapestornado.com\/pl\/\">vapestornado<\/a>?<\/h3>\n<p><strong>1. Korzy\u015bci z zakup\u00f3w w vapestornado<\/strong><\/p>\n<ul>\n<li><strong>Szeroki Wyb\u00f3r<\/strong>: vapestornado oferuje szeroki wyb\u00f3r wysokiej jako\u015bci marek i modeli vape, spe\u0142niaj\u0105c wszystkie potrzeby klient\u00f3w w jednym miejscu.<\/li>\n<li><strong>Doskona\u0142a Obs\u0142uga<\/strong>: Ciesz si\u0119 szybk\u0105 wysy\u0142k\u0105 i niezawodnym wsparciem posprzeda\u017cowym, co zapewnia bezproblemowe zakupy.<\/li>\n<li><strong>Przejrzyste Ceny<\/strong>: Ka\u017cdy produkt jest wystawiony z jasnymi i szczeg\u00f3\u0142owymi cenami \u2014 bez ukrytych koszt\u00f3w.<\/li>\n<li><strong>Oferty Specjalne<\/strong>: Regularne rabaty i promocje, z ekskluzywnymi ofertami dla cz\u0142onk\u00f3w.<\/li>\n<li><strong>Przyjazna dla u\u017cytkownika platforma<\/strong>: \u0141atwa w nawigacji strona internetowa obs\u0142uguj\u0105ca wiele j\u0119zyk\u00f3w i metod p\u0142atno\u015bci, w tym karty kredytowe i PayPal.<\/li>\n<\/ul>\n<p><strong>2. Zalety RandM Tornado 25k Puffs<\/strong><\/p>\n<ul>\n<li><strong>D\u0142ugotrwa\u0142e u\u017cytkowanie<\/strong>: Zaprojektowany na 25 000 zaci\u0105gni\u0119\u0107, co zapewnia trwa\u0142o\u015b\u0107 i d\u0142ugie u\u017cytkowanie dla cz\u0119stych vaper\u00f3w.<\/li>\n<li><strong>Pot\u0119\u017cna Bateria<\/strong>: Wyposa\u017cony w akumulator o pojemno\u015bci 700 mAh i szybkie \u0142adowanie Type-C dla ekologicznej wygody.<\/li>\n<li><strong>Bogactwo opcji smakowych<\/strong>: Oferuje do 30 smak\u00f3w, w tym owocowe, mentolowe i inspirowane napojami, aby zaspokoi\u0107 r\u00f3\u017cnorodne gusta.<\/li>\n<li><strong>Stylowy wygl\u0105d<\/strong>: Posiada \u015bwiat\u0142a LED, kt\u00f3re nadaj\u0105 mu modny i przyci\u0105gaj\u0105cy wzrok wygl\u0105d.<\/li>\n<li><strong>\u0141atwo\u015b\u0107 u\u017cytkowania<\/strong>: Gotowy do u\u017cycia od razu po wyj\u0119ciu z pude\u0142ka, bez konieczno\u015bci konfiguracji, idealny zar\u00f3wno dla pocz\u0105tkuj\u0105cych, jak i do\u015bwiadczonych u\u017cytkownik\u00f3w.<\/li>\n<\/ul>\n<p><strong>3. Specjalne ceny od vapestornado<\/strong><\/p>\n<ul>\n<li><strong>Przyst\u0119pna cena<\/strong>: RandM Tornado 25000 Puffs jest dost\u0119pny w promocyjnej cenie na vapestornado, co pozwala zaoszcz\u0119dzi\u0107 w por\u00f3wnaniu z cenami rynkowymi.<\/li>\n<li><strong>Rabaty hurtowe<\/strong>: Dodatkowe oszcz\u0119dno\u015bci przy zakupach hurtowych, idealne dla dystrybutor\u00f3w i nabywc\u00f3w hurtowych.<\/li>\n<li><strong>Oferty limitowane czasowo<\/strong>: Sprawd\u017a stron\u0119 g\u0142\u00f3wn\u0105, aby uzyska\u0107 ekskluzywne kupony rabatowe na produkty RandM.<\/li>\n<\/ul>\n<p>Kup teraz w vapestornado i ciesz si\u0119 bezkonkurencyjnymi ofertami oraz wyj\u0105tkowym do\u015bwiadczeniem z RandM Tornado 25000 Puffs!<\/p>\n<h3><\/h3>\n<h3>Najcz\u0119\u015bciej zadawane pytania dotycz\u0105ce Randm Vape 25000 Puffs Rechargeable Vape:<\/h3>\n<ul>\n<li><strong>Jak d\u0142ugo wystarcza RandM Tornado 25000 Puffs?<\/strong><br \/>\nRandM Tornado 25000 Puffs zapewnia d\u0142ugotrwa\u0142e wra\u017cenia z vapingu, oferuj\u0105c do 25 000 zaci\u0105gni\u0119\u0107, co czyni go idealnym do d\u0142ugotrwa\u0142ego u\u017cytkowania bez cz\u0119stej wymiany.<\/li>\n<li><strong>Jak aktywowa\u0107 RandM Tornado 25000 Puffs?<\/strong><br \/>\nRandM Tornado 25000 Puffs jest gotowy do u\u017cycia od razu po wyj\u0119ciu z pude\u0142ka. Wystarczy zaci\u0105gn\u0105\u0107 si\u0119 z ustnika, aby aktywowa\u0107 urz\u0105dzenie \u2013 nie s\u0105 wymagane \u017cadne przyciski ani skomplikowane ustawienia.<\/li>\n<li><strong>Czy RandM Tornado 25000 Puffs jest \u0142adowalny?<\/strong><br \/>\nTak, RandM Tornado 25000 Puffs jest wyposa\u017cony w \u0142adowaln\u0105 bateri\u0119 700mAh, co zapewnia sta\u0142\u0105 wydajno\u015b\u0107 dzi\u0119ki szybkiemu \u0142adowaniu za pomoc\u0105 z\u0142\u0105cza Type-C.<\/li>\n<li><strong>Sk\u0105d mam wiedzie\u0107, \u017ce w moim RandM Tornado 25000 Puffs ko\u0144czy si\u0119 bateria lub e-liquid?<\/strong><br \/>\nGdy produkcja pary spada lub smak staje si\u0119 mniej intensywny, jest to znak, \u017ce bateria lub e-liquid zbli\u017caj\u0105 si\u0119 do wyczerpania. Na\u0142aduj bateri\u0119 lub wymie\u0144 urz\u0105dzenie, gdy sko\u0144czy si\u0119 e-liquid.<\/li>\n<\/ul>","protected":false},"excerpt":{"rendered":"<p data-start=\"1221\" data-end=\"1388\">Cyfrowy ekran <strong data-start=\"1225\" data-end=\"1263\">Randm Tornado 25000 Zaci\u0105gni\u0119\u0107 Vape Pod<\/strong> oferuje podw\u00f3jne opcje nikotynowe, inteligentne sterowanie dotykowe i 25 tys. zaci\u0105gni\u0119\u0107. Niezawodny wyb\u00f3r dla <strong data-start=\"1353\" data-end=\"1385\">hurtowego zakupu w Europie<\/strong>.<\/p>\n<figure id=\"attachment_2951\" aria-describedby=\"caption-attachment-2951\" style=\"width: 265px\" class=\"wp-caption alignnone\"><img fetchpriority=\"high\" decoding=\"async\" class=\"size-medium wp-image-2951\" src=\"https:\/\/vapestornado.com\/wp-content\/uploads\/2024\/12\/Wholesale-Disposable-Vape-265x300.jpg\" alt=\"Hurtownia jednorazowych vape\" width=\"265\" height=\"300\" srcset=\"https:\/\/vapestornado.com\/wp-content\/uploads\/2024\/12\/Wholesale-Disposable-Vape-265x300.jpg 265w, https:\/\/vapestornado.com\/wp-content\/uploads\/2024\/12\/Wholesale-Disposable-Vape-768x871.jpg 768w, https:\/\/vapestornado.com\/wp-content\/uploads\/2024\/12\/Wholesale-Disposable-Vape-600x680.jpg 600w, https:\/\/vapestornado.com\/wp-content\/uploads\/2024\/12\/Wholesale-Disposable-Vape.jpg 823w\" sizes=\"(max-width: 265px) 100vw, 265px\" \/><figcaption id=\"caption-attachment-2951\" class=\"wp-caption-text\">Skontaktuj si\u0119 z Mandy przez WhatsApp, aby uzyska\u0107 cen\u0119 promocyjn\u0105<a href=\"https:\/\/wa.me\/8618077105796\">+8618077105796<\/a><\/figcaption><\/figure>\n<p>&nbsp;<\/p>","protected":false},"featured_media":2987,"comment_status":"open","ping_status":"closed","template":"","meta":{"_acf_changed":false,"_uag_custom_page_level_css":"","_lmt_disableupdate":"no","_lmt_disable":"","_monsterinsights_skip_tracking":false,"_monsterinsights_sitenote_active":false,"_monsterinsights_sitenote_note":"","_monsterinsights_sitenote_category":0,"site-sidebar-layout":"default","site-content-layout":"","ast-site-content-layout":"default","site-content-style":"default","site-sidebar-style":"default","ast-global-header-display":"","ast-banner-title-visibility":"","ast-main-header-display":"","ast-hfb-above-header-display":"","ast-hfb-below-header-display":"","ast-hfb-mobile-header-display":"","site-post-title":"","ast-breadcrumbs-content":"","ast-featured-img":"","footer-sml-layout":"","ast-disable-related-posts":"","theme-transparent-header-meta":"default","adv-header-id-meta":"","stick-header-meta":"","header-above-stick-meta":"","header-main-stick-meta":"","header-below-stick-meta":"","astra-migrate-meta-layouts":"set","ast-page-background-enabled":"default","ast-page-background-meta":{"desktop":{"background-color":"","background-image":"","background-repeat":"repeat","background-position":"center center","background-size":"auto","background-attachment":"scroll","background-type":"","background-media":"","overlay-type":"","overlay-color":"","overlay-opacity":"","overlay-gradient":""},"tablet":{"background-color":"","background-image":"","background-repeat":"repeat","background-position":"center center","background-size":"auto","background-attachment":"scroll","background-type":"","background-media":"","overlay-type":"","overlay-color":"","overlay-opacity":"","overlay-gradient":""},"mobile":{"background-color":"","background-image":"","background-repeat":"repeat","background-position":"center center","background-size":"auto","background-attachment":"scroll","background-type":"","background-media":"","overlay-type":"","overlay-color":"","overlay-opacity":"","overlay-gradient":""}},"ast-content-background-meta":{"desktop":{"background-color":"var(--ast-global-color-5)","background-image":"","background-repeat":"repeat","background-position":"center center","background-size":"auto","background-attachment":"scroll","background-type":"","background-media":"","overlay-type":"","overlay-color":"","overlay-opacity":"","overlay-gradient":""},"tablet":{"background-color":"var(--ast-global-color-5)","background-image":"","background-repeat":"repeat","background-position":"center center","background-size":"auto","background-attachment":"scroll","background-type":"","background-media":"","overlay-type":"","overlay-color":"","overlay-opacity":"","overlay-gradient":""},"mobile":{"background-color":"var(--ast-global-color-5)","background-image":"","background-repeat":"repeat","background-position":"center center","background-size":"auto","background-attachment":"scroll","background-type":"","background-media":"","overlay-type":"","overlay-color":"","overlay-opacity":"","overlay-gradient":""}},"_joinchat":{"telephone":"+8618077105796"}},"product_brand":[],"product_cat":[68,153,156,58,148],"product_tag":[97,102],"class_list":{"0":"post-2993","1":"product","2":"type-product","3":"status-publish","4":"has-post-thumbnail","6":"product_cat-25000-puff","7":"product_cat-buy-disposable-vapes-in-italy","8":"product_cat-buy-disposable-vapes-in-poland","9":"product_cat-fumot-vape","10":"product_cat-tornado-disposable-vapes","11":"product_tag-hot-sale-disposable-vape","12":"product_tag-randm-tornado-25k","13":"desktop-align-left","14":"tablet-align-left","15":"mobile-align-left","17":"first","18":"instock","19":"sale","20":"shipping-taxable","21":"purchasable","22":"product-type-simple"},"acf":[],"uagb_featured_image_src":{"full":["https:\/\/vapestornado.com\/wp-content\/uploads\/2024\/12\/RandM-Fumot-25000-Dr-Blue-Disposable-Vape.jpg",800,800,false],"thumbnail":["https:\/\/vapestornado.com\/wp-content\/uploads\/2024\/12\/RandM-Fumot-25000-Dr-Blue-Disposable-Vape-150x150.jpg",150,150,true],"medium":["https:\/\/vapestornado.com\/wp-content\/uploads\/2024\/12\/RandM-Fumot-25000-Dr-Blue-Disposable-Vape-300x300.jpg",300,300,true],"medium_large":["https:\/\/vapestornado.com\/wp-content\/uploads\/2024\/12\/RandM-Fumot-25000-Dr-Blue-Disposable-Vape-768x768.jpg",768,768,true],"large":["https:\/\/vapestornado.com\/wp-content\/uploads\/2024\/12\/RandM-Fumot-25000-Dr-Blue-Disposable-Vape.jpg",800,800,false],"1536x1536":["https:\/\/vapestornado.com\/wp-content\/uploads\/2024\/12\/RandM-Fumot-25000-Dr-Blue-Disposable-Vape.jpg",800,800,false],"2048x2048":["https:\/\/vapestornado.com\/wp-content\/uploads\/2024\/12\/RandM-Fumot-25000-Dr-Blue-Disposable-Vape.jpg",800,800,false],"trp-custom-language-flag":["https:\/\/vapestornado.com\/wp-content\/uploads\/2024\/12\/RandM-Fumot-25000-Dr-Blue-Disposable-Vape.jpg",12,12,false],"woocommerce_thumbnail":["https:\/\/vapestornado.com\/wp-content\/uploads\/2024\/12\/RandM-Fumot-25000-Dr-Blue-Disposable-Vape-300x300.jpg",300,300,true],"woocommerce_single":["https:\/\/vapestornado.com\/wp-content\/uploads\/2024\/12\/RandM-Fumot-25000-Dr-Blue-Disposable-Vape-600x600.jpg",600,600,true],"woocommerce_gallery_thumbnail":["https:\/\/vapestornado.com\/wp-content\/uploads\/2024\/12\/RandM-Fumot-25000-Dr-Blue-Disposable-Vape-100x100.jpg",100,100,true]},"uagb_author_info":{"display_name":"ESMANDY","author_link":"https:\/\/vapestornado.com\/pl\/author\/"},"uagb_comment_info":0,"uagb_excerpt":"The Randm Tornado 25000 Puffs Vape Pod offers dual nicotine options, smart touch controls, and 25K puffs. A reliable choice for wholesale bulk buy in Europe. [caption id=\"attachment_2951\" align=\"alignnone\" width=\"265\"] Pls Contact Mandy's WhatsApp For Discount Price+8618077105796[\/caption] &nbsp;","_links":{"self":[{"href":"https:\/\/vapestornado.com\/pl\/wp-json\/wp\/v2\/product\/2993","targetHints":{"allow":["GET"]}}],"collection":[{"href":"https:\/\/vapestornado.com\/pl\/wp-json\/wp\/v2\/product"}],"about":[{"href":"https:\/\/vapestornado.com\/pl\/wp-json\/wp\/v2\/types\/product"}],"replies":[{"embeddable":true,"href":"https:\/\/vapestornado.com\/pl\/wp-json\/wp\/v2\/comments?post=2993"}],"wp:featuredmedia":[{"embeddable":true,"href":"https:\/\/vapestornado.com\/pl\/wp-json\/wp\/v2\/media\/2987"}],"wp:attachment":[{"href":"https:\/\/vapestornado.com\/pl\/wp-json\/wp\/v2\/media?parent=2993"}],"wp:term":[{"taxonomy":"product_brand","embeddable":true,"href":"https:\/\/vapestornado.com\/pl\/wp-json\/wp\/v2\/product_brand?post=2993"},{"taxonomy":"product_cat","embeddable":true,"href":"https:\/\/vapestornado.com\/pl\/wp-json\/wp\/v2\/product_cat?post=2993"},{"taxonomy":"product_tag","embeddable":true,"href":"https:\/\/vapestornado.com\/pl\/wp-json\/wp\/v2\/product_tag?post=2993"}],"curies":[{"name":"wp","href":"https:\/\/api.w.org\/{rel}","templated":true}]}}