{"id":2980,"date":"2024-12-06T06:49:43","date_gmt":"2024-12-06T06:49:43","guid":{"rendered":"https:\/\/vapestornado.com\/?post_type=product&#038;p=2980"},"modified":"2025-08-23T12:26:33","modified_gmt":"2025-08-23T12:26:33","slug":"waspe-vape-30000-fihp-30k-puffs-disposable-vape-wholesale-price-in-germany","status":"publish","type":"product","link":"https:\/\/vapestornado.com\/pl\/product\/waspe-vape-30000-fihp-30k-puffs-disposable-vape-wholesale-price-in-germany\/","title":{"rendered":"Cena hurtowa jednorazowego vape Waspe Vape 30000 FIHP 30K Puffs w Niemczech"},"content":{"rendered":"<h1 class=\"product-title\">Cena hurtowa jednorazowego vape Waspe Vape 30000 FIHP 30K Puffs w Niemczech<\/h1>\n<p>Szukasz rozwi\u0105zania do wapowania, kt\u00f3re \u0142\u0105czy w sobie wysok\u0105 wydajno\u015b\u0107 z wyj\u0105tkowymi opcjami smakowymi? <strong>Jednorazowy e-papieros Waspe Vape FIHP 30000 zaci\u0105gni\u0119\u0107<\/strong> jest tutaj, aby podnie\u015b\u0107 jako\u015b\u0107 twoich wra\u017ce\u0144 z wapowania. Dzi\u0119ki <strong>dw\u00f3m trybom<\/strong>, regulowanym poziomom nikotyny i eleganckiemu wy\u015bwietlaczowi LED, to urz\u0105dzenie jest idealne dla tych, kt\u00f3rzy szukaj\u0105 jako\u015bci i personalizacji w konkurencyjnej cenie hurtowej w Polsce.<\/p>\n<p>Niezale\u017cnie od tego, czy jeste\u015b sprzedawc\u0105 szukaj\u0105cym <strong>ofert hurtowych na e-papierosy w Polsce<\/strong> czy osob\u0105 poszukuj\u0105c\u0105 wydajnego produktu, <strong>jednorazowego e-papierosa o niskiej zawarto\u015bci nikotyny<\/strong>, Waspe 30K oferuje niezr\u00f3wnan\u0105 warto\u015b\u0107. Jego <strong>\u0142adowalny vape<\/strong> design i innowacyjne funkcje sprawiaj\u0105, \u017ce wyr\u00f3\u017cnia si\u0119 na rynku.<\/p>\n<p>Waspe FIHP jest dost\u0119pny w r\u00f3\u017cnych <strong>kombinacjach podw\u00f3jnego smaku<\/strong>, dostarczaj\u0105c bogatych i satysfakcjonuj\u0105cych smak\u00f3w, kt\u00f3re zadowol\u0105 ka\u017cde podniebienie.<\/p>\n<p>Skorzystaj z <strong>Cena hurtowa jednorazowego vape Waspe Vape 30000 FIHP 30K Puffs w Niemczech<\/strong> i wprowad\u017a ten nowatorski produkt do swojej oferty ju\u017c dzi\u015b!<\/p>\n<p>&nbsp;<\/p>\n<p><strong>Dodaj Whatsapp Amy, aby uzyska\u0107 w\u0142a\u015bciw\u0105 odpowied\u017a i kupon na vape!<\/strong><\/p>\n<p><img fetchpriority=\"high\" decoding=\"async\" class=\"size-full wp-image-2932\" src=\"https:\/\/vapestornado.com\/wp-content\/uploads\/2024\/12\/Vape-Wholesale.jpg\" alt=\"Hurtowa sprzeda\u017c e-papieros\u00f3w\" width=\"229\" height=\"300\" \/><\/p>\n<h3><a href=\"https:\/\/wa.me\/8617776015835\" target=\"_blank\" rel=\"noopener\"><span style=\"color: #ff0000;\"><strong>WhatsApp: +86 17776015835<\/strong><\/span><\/a><\/h3>\n<p>&nbsp;<\/p>\n<h4><strong style=\"font-size: 1.7em;\">Waspe Vape 30000 - Cechy produktu<\/strong><\/h4>\n<h4><\/h4>\n<ul>\n<li><strong>30000 zaci\u0105gni\u0119\u0107 z dwoma trybami<\/strong>:<br \/>\nCiesz si\u0119 a\u017c do <strong>30 000 zaci\u0105gni\u0119\u0107<\/strong> w trybie regularnym do d\u0142ugotrwa\u0142ych sesji lub prze\u0142\u0105cz si\u0119 na <strong>tryb pulsacyjny<\/strong> dla bardziej intensywnych wra\u017ce\u0144, zapewniaj\u0105c 15 000 zaci\u0105gni\u0119\u0107. Idealny dla u\u017cytkownik\u00f3w ceni\u0105cych elastyczno\u015b\u0107.<\/li>\n<li><strong>Wiele Opcji Nikotyny<\/strong>:<br \/>\nDostosuj swoje wra\u017cenia z palenia z <strong>Poziomy nikotyny 0%, 2% lub 5%<\/strong>, z my\u015bl\u0105 zar\u00f3wno o entuzjastach niskiej nikotyny, jak i tych, kt\u00f3rzy wol\u0105 mocniejsze uderzenie.<\/li>\n<li><strong>Pojemno\u015b\u0107 e-liquidu 28 ml<\/strong>:<br \/>\nTo urz\u0105dzenie mie\u015bci obfite <strong>28 ml e-liquidu<\/strong>, co zmniejsza potrzeb\u0119 cz\u0119stego uzupe\u0142niania i zapewnia d\u0142u\u017csze u\u017cytkowanie.<\/li>\n<li><strong>Technologia Podw\u00f3jnej Siatki Grzewczej<\/strong>:<br \/>\nWyposa\u017cony w zaawansowan\u0105 <strong>Grza\u0142ki z podw\u00f3jn\u0105 siatk\u0105 1 om + 1 om<\/strong>, Waspe 30K zapewnia g\u0142adsz\u0105 par\u0119 i niezmiennie bogaty smak.<\/li>\n<li><strong>Akumulator i wydajno\u015b\u0107<\/strong>:<br \/>\nWyposa\u017cony w <strong>akumulator 850mAh<\/strong> z <strong>Szybkie \u0142adowanie typu C<\/strong>, ten vape zapewnia zasilanie przez ca\u0142y dzie\u0144 przy minimalnym czasie przestoju.<\/li>\n<li><strong>Wy\u015bwietlacz LED do \u0142atwego monitorowania<\/strong>:<br \/>\nWbudowany <strong>ekran LED<\/strong> pokazuje liczb\u0119 zaci\u0105gni\u0119\u0107 w czasie rzeczywistym i \u017cywotno\u015b\u0107 baterii, daj\u0105c ci ca\u0142kowit\u0105 kontrol\u0119 nad sesjami palenia.<\/li>\n<li><strong>Regulowany przep\u0142yw powietrza dla dostosowania<\/strong>:<br \/>\nZ <strong>regulowany system przep\u0142ywu powietrza<\/strong>, mo\u017cesz modyfikowa\u0107 intensywno\u015b\u0107 zaci\u0105gni\u0119cia dla dostosowanych wra\u017ce\u0144 z palenia.<\/li>\n<\/ul>\n<h2 class=\"product-title\"><strong>Lista smak\u00f3w WASPE 30000<\/strong><\/h2>\n<p>1.Truskawka Mango<br \/>\n2. Mieszanka Jag\u00f3d<br \/>\n3.Arbuz L\u00f3d<br \/>\n4. Truskawka Arbuz<br \/>\n5. Truskawkowy Red Bull<br \/>\n6. Kiwi Marakuja Guawa<br \/>\n7. Winogronowy l\u00f3d<br \/>\n8. Podw\u00f3jne Jab\u0142ko z lodem<br \/>\n9. Bor\u00f3wka Malina<br \/>\n10. Arbuz Mango z lodem<br \/>\n11.Bor\u00f3wkowy L\u00f3d<br \/>\n12.Brzoskwiniowa Jagoda<br \/>\n13. Truskawka Kiwi<br \/>\n14. Wi\u015bnia z lodem<br \/>\n15. Truskawkowa Superburst Wi\u015bnia<br \/>\n16. Arbuzowa Guma Balonowa<\/p>\n<h3>Dlaczego wybra\u0107 vapestornado do hurtowej sprzeda\u017cy Waspe 30k Vape?<\/h3>\n<div class=\"flex-shrink-0 flex flex-col relative items-end\">\n<div class=\"pt-0\">\n<div class=\"gizmo-bot-avatar flex h-8 w-8 items-center justify-center overflow-hidden rounded-full\">\n<div class=\"relative p-1 rounded-sm flex items-center justify-center bg-token-main-surface-primary text-token-text-primary h-8 w-8\">\n<p>Witamy w vapestornado, Twoim zaufanym sklepie internetowym z wysokiej jako\u015bci jednorazowymi e-papierosami. Dzi\u0119ki ponad 5-letniemu do\u015bwiadczeniu oferujemy popularne marki jednorazowych e-papieros\u00f3w, takie jak Fumot RandM Vape, Vapme, Bang Vape, Waspe Vape i WGA Vape itp.<\/p>\n<p>Nasza oferta obejmuje popularne e-papierosy, takie jak <a href=\"https:\/\/vapestornado.com\/pl\/product\/fumot-randm-tornado-15000-puffs-rechargeable-disposable-vape-wholesale\/\">RandM Tornado 15000<\/a>, oraz bogate w smaku opcje, takie jak <a href=\"https:\/\/vapestornado.com\/pl\/product\/waspe-40000-puffs-double-flavour-led-display-disposable-vape-wholesale\/\">WASPE Podw\u00f3jny Smak 40000 Zaci\u0105gni\u0119\u0107<\/a> . Ka\u017cdy produkt jest wybierany z naciskiem na jako\u015b\u0107, warto\u015b\u0107 i r\u00f3\u017cnorodno\u015b\u0107, zapewniaj\u0105c znalezienie idealnego dopasowania do Twoich potrzeb. Odkryj wyj\u0105tkow\u0105 obs\u0142ug\u0119 i szerok\u0105 gam\u0119 najlepszych produkt\u00f3w na vapestornado.<\/p>\n<\/div>\n<h3><\/h3>\n<div class=\"relative p-1 rounded-sm flex items-center justify-center bg-token-main-surface-primary text-token-text-primary h-8 w-8\">\n<h3>FAQ dotycz\u0105ce jednorazowego vape WASPE 40k z mo\u017cliwo\u015bci\u0105 \u0142adowania<\/h3>\n<\/div>\n<\/div>\n<\/div>\n<\/div>\n<div class=\"group\/conversation-turn relative flex w-full min-w-0 flex-col agent-turn\">\n<div class=\"flex-col gap-1 md:gap-3\">\n<div class=\"flex max-w-full flex-col flex-grow\">\n<div class=\"min-h-8 text-message flex w-full flex-col items-end gap-2 whitespace-normal break-words [.text-message+&amp;]:mt-5\" dir=\"auto\" data-message-author-role=\"assistant\" data-message-id=\"db716a1c-9ed0-4b8d-b3b0-7bdb913c3d42\" data-message-model-slug=\"gpt-4o\">\n<div class=\"flex w-full flex-col gap-1 empty:hidden first:pt-[3px]\">\n<div class=\"markdown prose w-full break-words dark:prose-invert light\">\n<ul>\n<li><strong>Gdzie kupi\u0107 jednorazowy e-papieros WASPE FIHP 30000 Puffs w cenie hurtowej w Polsce?<\/strong><br \/>\nJednorazowe e-papierosy WASPE FIHP 30000 Puffs mo\u017cna naby\u0107 w cenach hurtowych w Polsce u zaufanych <strong>dostawc\u00f3w hurtowych e-papieros\u00f3w<\/strong> lub na internetowych platformach hurtowych, takich jak vapestornado, kt\u00f3re specjalizuj\u0105 si\u0119 w produktach do e-palenia.<\/li>\n<li><strong>Ile zaci\u0105gni\u0119\u0107 zapewnia WASPE FIHP 30k Puffs?<\/strong><br \/>\nWASPE FIHP 30K oferuje <strong>30 000 zaci\u0105gni\u0119\u0107<\/strong> w trybie normalnym, lub <strong>15 000 zaci\u0105gni\u0119\u0107<\/strong> w trybie pulsacyjnym dla bardziej intensywnych dozna\u0144 z e-papierosa.<\/li>\n<li><strong>Jak d\u0142ugo wystarcza popularny jednorazowy e-papieros WASPE 30000 puffs Ultra?<\/strong><br \/>\n\u017bywotno\u015b\u0107 urz\u0105dzenia zale\u017cy od cz\u0119stotliwo\u015bci u\u017cytkowania. Dla umiarkowanych u\u017cytkownik\u00f3w <strong>30 000 zaci\u0105gni\u0119\u0107<\/strong> mo\u017ce wystarczy\u0107 na kilka tygodni, co czyni go idealnym wyborem do d\u0142ugotrwa\u0142ego u\u017cytkowania.<\/li>\n<li><strong>Jakie s\u0105 popularne smaki e-papierosa WASPE 30000 digital box?<\/strong><br \/>\nE-papieros WASPE 30000 digital box oferuje <strong>podw\u00f3jne doznania smakowe<\/strong>, oferuj\u0105c r\u00f3\u017cnorodne i satysfakcjonuj\u0105ce kombinacje. Popularne wybory s\u0105 r\u00f3\u017cne, ale cz\u0119sto obejmuj\u0105 mieszanki owocowe, mi\u0119towe i inspirowane deserami, aby dopasowa\u0107 si\u0119 do r\u00f3\u017cnych preferencji.<\/li>\n<li><strong>Jak d\u0142ugo trwa \u0142adowanie jednorazowych e-papieros\u00f3w WASPE FIHP 30k?<\/strong><br \/>\nCyfrowy ekran <strong>akumulator 850mAh<\/strong> \u0142aduje si\u0119 szybko przez <strong>Port \u0142adowania typu C<\/strong>zazwyczaj zajmuj\u0105c oko\u0142o <strong>1 do 1,5 godziny<\/strong> do pe\u0142nego na\u0142adowania.<\/li>\n<li><strong>Ile nikotyny jest w e-papierosie jednorazowym WASPE 30000 z cyfrowym ekranem?<\/strong><br \/>\nWASPE 30000 oferuje <strong>opcje nikotyny 0%, 2% lub 5%<\/strong>, co pozwala u\u017cytkownikom wybra\u0107 st\u0119\u017cenie nikotyny, kt\u00f3re najlepiej odpowiada ich preferencjom.<\/li>\n<\/ul>\n<\/div>\n<\/div>\n<\/div>\n<\/div>\n<\/div>\n<\/div>","protected":false},"excerpt":{"rendered":"<p>WASPE FIHP 30000 zaci\u0105gni\u0119\u0107, jednorazowy e-papieros z wy\u015bwietlaczem LED<br \/>\nWaspe 30000 zaci\u0105gni\u0119\u0107 FIHP, e-papieros 30k<br \/>\nWASPE Vape 30000 zaci\u0105gni\u0119\u0107, podw\u00f3jna siatka 0.1%, 2.1%, 5.1% nikotyny<\/p>\n<p><strong>Dodaj Amy do WhatsAppa, aby uzyska\u0107 szybk\u0105 odpowied\u017a i kupon na vape!<\/strong><\/p>\n<p><img fetchpriority=\"high\" decoding=\"async\" class=\"size-full wp-image-2932\" src=\"https:\/\/vapestornado.com\/wp-content\/uploads\/2024\/12\/Vape-Wholesale.jpg\" alt=\"Hurtowa sprzeda\u017c e-papieros\u00f3w\" width=\"229\" height=\"300\" \/><\/p>\n<h3><a href=\"https:\/\/wa.me\/8617776015835\"><span style=\"color: #ff0000;\"><strong>WhatsApp: +86 17776015835<\/strong><\/span><\/a><\/h3>\n<p>&nbsp;<\/p>","protected":false},"featured_media":2977,"comment_status":"open","ping_status":"closed","template":"","meta":{"_acf_changed":false,"_uag_custom_page_level_css":"","_lmt_disableupdate":"no","_lmt_disable":"","_monsterinsights_skip_tracking":false,"_monsterinsights_sitenote_active":false,"_monsterinsights_sitenote_note":"","_monsterinsights_sitenote_category":0,"site-sidebar-layout":"default","site-content-layout":"","ast-site-content-layout":"default","site-content-style":"default","site-sidebar-style":"default","ast-global-header-display":"","ast-banner-title-visibility":"","ast-main-header-display":"","ast-hfb-above-header-display":"","ast-hfb-below-header-display":"","ast-hfb-mobile-header-display":"","site-post-title":"","ast-breadcrumbs-content":"","ast-featured-img":"","footer-sml-layout":"","ast-disable-related-posts":"","theme-transparent-header-meta":"default","adv-header-id-meta":"","stick-header-meta":"","header-above-stick-meta":"","header-main-stick-meta":"","header-below-stick-meta":"","astra-migrate-meta-layouts":"set","ast-page-background-enabled":"default","ast-page-background-meta":{"desktop":{"background-color":"","background-image":"","background-repeat":"repeat","background-position":"center center","background-size":"auto","background-attachment":"scroll","background-type":"","background-media":"","overlay-type":"","overlay-color":"","overlay-opacity":"","overlay-gradient":""},"tablet":{"background-color":"","background-image":"","background-repeat":"repeat","background-position":"center center","background-size":"auto","background-attachment":"scroll","background-type":"","background-media":"","overlay-type":"","overlay-color":"","overlay-opacity":"","overlay-gradient":""},"mobile":{"background-color":"","background-image":"","background-repeat":"repeat","background-position":"center center","background-size":"auto","background-attachment":"scroll","background-type":"","background-media":"","overlay-type":"","overlay-color":"","overlay-opacity":"","overlay-gradient":""}},"ast-content-background-meta":{"desktop":{"background-color":"var(--ast-global-color-5)","background-image":"","background-repeat":"repeat","background-position":"center center","background-size":"auto","background-attachment":"scroll","background-type":"","background-media":"","overlay-type":"","overlay-color":"","overlay-opacity":"","overlay-gradient":""},"tablet":{"background-color":"var(--ast-global-color-5)","background-image":"","background-repeat":"repeat","background-position":"center center","background-size":"auto","background-attachment":"scroll","background-type":"","background-media":"","overlay-type":"","overlay-color":"","overlay-opacity":"","overlay-gradient":""},"mobile":{"background-color":"var(--ast-global-color-5)","background-image":"","background-repeat":"repeat","background-position":"center center","background-size":"auto","background-attachment":"scroll","background-type":"","background-media":"","overlay-type":"","overlay-color":"","overlay-opacity":"","overlay-gradient":""}},"_joinchat":{"telephone":"+8617776015835"}},"product_brand":[],"product_cat":[67,152,157,158,142,146,60],"product_tag":[100,99,101],"class_list":{"0":"post-2980","1":"product","2":"type-product","3":"status-publish","4":"has-post-thumbnail","6":"product_cat-30000-puff","7":"product_cat-buy-disposable-vapes-in-cermany","8":"product_cat-buy-disposable-vapes-in-portugal","9":"product_cat-buy-disposable-vapes-in-spain","10":"product_cat-digital-box-disposable-vapes","11":"product_cat-rechargeable-disposable-vapes","12":"product_cat-waspe-fihp-vape","13":"product_tag-wasoe-vape","14":"product_tag-waspe-30000-puffs","15":"product_tag-waspe-30k","16":"desktop-align-left","17":"tablet-align-left","18":"mobile-align-left","20":"first","21":"instock","22":"sale","23":"shipping-taxable","24":"purchasable","25":"product-type-simple"},"acf":[],"uagb_featured_image_src":{"full":["https:\/\/vapestornado.com\/wp-content\/uploads\/2024\/12\/Waspe-FIHP-30000-30K-Puffs-Disposable-Vape.jpg",800,800,false],"thumbnail":["https:\/\/vapestornado.com\/wp-content\/uploads\/2024\/12\/Waspe-FIHP-30000-30K-Puffs-Disposable-Vape-150x150.jpg",150,150,true],"medium":["https:\/\/vapestornado.com\/wp-content\/uploads\/2024\/12\/Waspe-FIHP-30000-30K-Puffs-Disposable-Vape-300x300.jpg",300,300,true],"medium_large":["https:\/\/vapestornado.com\/wp-content\/uploads\/2024\/12\/Waspe-FIHP-30000-30K-Puffs-Disposable-Vape-768x768.jpg",768,768,true],"large":["https:\/\/vapestornado.com\/wp-content\/uploads\/2024\/12\/Waspe-FIHP-30000-30K-Puffs-Disposable-Vape.jpg",800,800,false],"1536x1536":["https:\/\/vapestornado.com\/wp-content\/uploads\/2024\/12\/Waspe-FIHP-30000-30K-Puffs-Disposable-Vape.jpg",800,800,false],"2048x2048":["https:\/\/vapestornado.com\/wp-content\/uploads\/2024\/12\/Waspe-FIHP-30000-30K-Puffs-Disposable-Vape.jpg",800,800,false],"trp-custom-language-flag":["https:\/\/vapestornado.com\/wp-content\/uploads\/2024\/12\/Waspe-FIHP-30000-30K-Puffs-Disposable-Vape.jpg",12,12,false],"woocommerce_thumbnail":["https:\/\/vapestornado.com\/wp-content\/uploads\/2024\/12\/Waspe-FIHP-30000-30K-Puffs-Disposable-Vape-300x300.jpg",300,300,true],"woocommerce_single":["https:\/\/vapestornado.com\/wp-content\/uploads\/2024\/12\/Waspe-FIHP-30000-30K-Puffs-Disposable-Vape-600x600.jpg",600,600,true],"woocommerce_gallery_thumbnail":["https:\/\/vapestornado.com\/wp-content\/uploads\/2024\/12\/Waspe-FIHP-30000-30K-Puffs-Disposable-Vape-100x100.jpg",100,100,true]},"uagb_author_info":{"display_name":"ESAMY","author_link":"https:\/\/vapestornado.com\/pl\/author\/"},"uagb_comment_info":0,"uagb_excerpt":"WASPE FIHP 30000 Puffs LED Display Disposable Vape Waspe 30000 Puffs FIHP Vape Electric Cigarette 30k WASPE Vape 30000 Puffs Dual Mesh 0% 2% 5% Nicotine Add Amy's whatsapp to get right reply and vape vape coupon! WhatsApp: +86 17776015835 &nbsp;","_links":{"self":[{"href":"https:\/\/vapestornado.com\/pl\/wp-json\/wp\/v2\/product\/2980","targetHints":{"allow":["GET"]}}],"collection":[{"href":"https:\/\/vapestornado.com\/pl\/wp-json\/wp\/v2\/product"}],"about":[{"href":"https:\/\/vapestornado.com\/pl\/wp-json\/wp\/v2\/types\/product"}],"replies":[{"embeddable":true,"href":"https:\/\/vapestornado.com\/pl\/wp-json\/wp\/v2\/comments?post=2980"}],"wp:featuredmedia":[{"embeddable":true,"href":"https:\/\/vapestornado.com\/pl\/wp-json\/wp\/v2\/media\/2977"}],"wp:attachment":[{"href":"https:\/\/vapestornado.com\/pl\/wp-json\/wp\/v2\/media?parent=2980"}],"wp:term":[{"taxonomy":"product_brand","embeddable":true,"href":"https:\/\/vapestornado.com\/pl\/wp-json\/wp\/v2\/product_brand?post=2980"},{"taxonomy":"product_cat","embeddable":true,"href":"https:\/\/vapestornado.com\/pl\/wp-json\/wp\/v2\/product_cat?post=2980"},{"taxonomy":"product_tag","embeddable":true,"href":"https:\/\/vapestornado.com\/pl\/wp-json\/wp\/v2\/product_tag?post=2980"}],"curies":[{"name":"wp","href":"https:\/\/api.w.org\/{rel}","templated":true}]}}