{"id":2974,"date":"2024-12-05T03:54:55","date_gmt":"2024-12-05T03:54:55","guid":{"rendered":"https:\/\/vapestornado.com\/?post_type=product&#038;p=2974"},"modified":"2025-08-23T11:41:10","modified_gmt":"2025-08-23T11:41:10","slug":"vopk-ultra-40000-puffs-2-in-1-digital-screen-rechargeable-disposable-vape","status":"publish","type":"product","link":"https:\/\/vapestornado.com\/pl\/product\/vopk-ultra-40000-puffs-2-in-1-digital-screen-rechargeable-disposable-vape\/","title":{"rendered":"VOPK ULTRA 40000 zaci\u0105gni\u0119\u0107 2 w 1 Cyfrowy ekran \u0141adowalny jednorazowy Vape"},"content":{"rendered":"<h1 class=\"product-title\">VOPK ULTRA 40000 zaci\u0105gni\u0119\u0107 2 w 1 Cyfrowy ekran \u0141adowalny jednorazowy Vape<\/h1>\n<p>Do\u015bwiadcz nowego poziomu vapingu z <strong>VOPK ULTRA 40000<\/strong>, najnowocze\u015bniejszym <strong>jednorazowego vape z mo\u017cliwo\u015bci\u0105 \u0142adowania<\/strong> zaprojektowanym, aby zapewni\u0107 niezr\u00f3wnan\u0105 wygod\u0119, smak i wydajno\u015b\u0107. Z niezwyk\u0142ym <strong>40000 zaci\u0105gni\u0119\u0107<\/strong> i <strong>systemem 2 w 1 z podw\u00f3jnym smakiem<\/strong> to urz\u0105dzenie pozwala u\u017cytkownikom p\u0142ynnie prze\u0142\u0105cza\u0107 si\u0119 mi\u0119dzy dwoma r\u00f3\u017cnymi smakami, redefiniuj\u0105c koncepcj\u0119 r\u00f3\u017cnorodno\u015bci smak\u00f3w.<\/p>\n<p>Wyposa\u017cony w ogromn\u0105 <strong>pojemno\u015b\u0107 36 ml e-liquidu<\/strong> i dost\u0119pny w <strong>st\u0119\u017ceniach nikotyny 2% lub 5%<\/strong>, <strong>VOPK 40K<\/strong> zapewnia, \u017ce ka\u017cdy wdech jest g\u0142adki, satysfakcjonuj\u0105cy i dostosowany do Twoich preferencji. Innowacyjny <strong>wy\u015bwietlacz LED<\/strong> przenosi wygod\u0119 na wy\u017cszy poziom, dostarczaj\u0105c informacji w czasie rzeczywistym o \u017cywotno\u015bci baterii i pozosta\u0142ym poziomie e-liquidu, dzi\u0119ki czemu mo\u017cesz wapowa\u0107 bez obaw.<\/p>\n<p>Cyfrowy ekran <strong>Akumulator \u0142adowany przez Type-C<\/strong> zapewnia szybkie i niezawodne \u0142adowanie, a jego kompaktowa i przeno\u015bna konstrukcja sprawia, \u017ce jest <strong>VOPK ULTRA 40000<\/strong> idealny do wapowania w podr\u00f3\u017cy. Wybieraj spo\u015br\u00f3d 10 kusz\u0105cych smak\u00f3w, aby odda\u0107 si\u0119 prawdziwie spersonalizowanemu do\u015bwiadczeniu, a wszystko to, korzystaj\u0105c z zalet <strong>jednorazowego e-papierosa o niskiej zawarto\u015bci nikotyny<\/strong>.<\/p>\n<p>Niezale\u017cnie od tego, czy jeste\u015b sprzedawc\u0105 detalicznym, czy szukasz zakup\u00f3w hurtowych, <strong>VOPK ULTRA 40000<\/strong> wyr\u00f3\u017cnia si\u0119 na <strong>ceny hurtowe vape<\/strong> rynku jako idealne po\u0142\u0105czenie trwa\u0142o\u015bci, innowacyjno\u015bci i przyst\u0119pno\u015bci cenowej. Podnie\u015b swoje wra\u017cenia z wapowania dzi\u0119ki urz\u0105dzeniu zaprojektowanemu z my\u015bl\u0105 o trwa\u0142o\u015bci i podw\u00f3jnym smaku, a wszystko to, informuj\u0105c Ci\u0119 dzi\u0119ki inteligentnemu <strong>ogromna liczba zaci\u0105gni\u0119\u0107<\/strong>.<\/p>\n<p>Przejd\u017a na <strong>VOPK ULTRA 40000 Zaci\u0105gni\u0119\u0107<\/strong> i ciesz si\u0119 tym, co najlepsze we wsp\u00f3\u0142czesnym wapowaniu ze stylem i wygod\u0105!<\/p>\n<p>&nbsp;<\/p>\n<p><strong>Dodaj Whatsapp Amy, aby uzyska\u0107 w\u0142a\u015bciw\u0105 odpowied\u017a i kupon na vape!<\/strong><\/p>\n<p><img fetchpriority=\"high\" decoding=\"async\" class=\"size-full wp-image-2932\" src=\"https:\/\/vapestornado.com\/wp-content\/uploads\/2024\/12\/Vape-Wholesale.jpg\" alt=\"Hurtowa sprzeda\u017c e-papieros\u00f3w\" width=\"229\" height=\"300\" \/><\/p>\n<h3><a href=\"https:\/\/wa.me\/8617776015835\" target=\"_blank\" rel=\"noopener\"><span style=\"color: #ff0000;\"><strong>WhatsApp: +86 17776015835<\/strong><\/span><\/a><\/h3>\n<p>&nbsp;<\/p>\n<h2><strong>VOPK ULTRA 40000 Zaci\u0105gni\u0119\u0107 - Cechy Produktu<\/strong><\/h2>\n<p>Zaci\u0105gni\u0119cia: 40000 zaci\u0105gni\u0119\u0107<br \/>\nPojemno\u015b\u0107 e-liquidu: 36 ml<br \/>\nNikotyna: 2%\/5%<br \/>\n\u0141adowanie typu C dla szybkiego \u0142adowania<br \/>\nInteligentny wy\u015bwietlacz LED pokazuje stan baterii i poziom e-liquidu<br \/>\nPodw\u00f3jne Doznanie Smakowe<br \/>\n10 smak\u00f3w do wyboru<\/p>\n<h2 class=\"product-title\"><strong>Lista Smak\u00f3w VOPK ULTRA 40000<\/strong><\/h2>\n<p>1. Truskawkowy Arbuz \/ Gujawa z Kiwi i Marakui<br \/>\n2. Jagodowa Malina \/ Brzoskwiniowy Mango Arbuz<br \/>\n3. Niebieski Gummy Bear \/ Truskawkowe Kiwi<br \/>\n4. Niebieska Malina Wi\u015bnia \/ Truskawkowa Malina<br \/>\n5. Musuj\u0105ca Cytryna<br \/>\n6. Arbuzowy l\u00f3d \/ Niebieski Malina l\u00f3d<br \/>\n7. Niebieski Malina Ananas \/ Potr\u00f3jne Mango<br \/>\n8. Grape Berry Burst \/ Gruszka Jab\u0142ko Malina<br \/>\n9. Truskawka \u017burawina Wi\u015bnia \/ Ananas Marakuja Limonka<br \/>\n10. Jagoda Truskawka Mentol \/ Jagoda Malina Mentol<\/p>\n<p>&nbsp;<\/p>\n<h2>Dlaczego warto wybra\u0107 vapestornado do hurtowej sprzeda\u017cy VOPK 40k Vape?<\/h2>\n<div class=\"flex-shrink-0 flex flex-col relative items-end\">\n<div class=\"pt-0\">\n<div class=\"gizmo-bot-avatar flex h-8 w-8 items-center justify-center overflow-hidden rounded-full\">\n<div class=\"relative p-1 rounded-sm flex items-center justify-center bg-token-main-surface-primary text-token-text-primary h-8 w-8\">\n<p>Witamy w vapestornado, Twoim zaufanym sklepie internetowym z wysokiej jako\u015bci jednorazowymi e-papierosami. Dzi\u0119ki ponad 5-letniemu do\u015bwiadczeniu oferujemy popularne marki jednorazowych e-papieros\u00f3w, takie jak Fumot RandM Vape, Vapme, Bang Vape, Waspe Vape i WGA Vape itp.<\/p>\n<p>Nasza oferta obejmuje popularne e-papierosy, takie jak <a href=\"https:\/\/vapestornado.com\/pl\/product\/fumot-randm-tornado-15000-puffs-rechargeable-disposable-vape-wholesale\/\">RandM Tornado 15000<\/a>, oraz bogate w smaku opcje, takie jak <a href=\"https:\/\/vapestornado.com\/pl\/product\/waspe-40000-puffs-double-flavour-led-display-disposable-vape-wholesale\/\">WASPE Podw\u00f3jny Smak 40000 Zaci\u0105gni\u0119\u0107<\/a> . Ka\u017cdy produkt jest wybierany z naciskiem na jako\u015b\u0107, warto\u015b\u0107 i r\u00f3\u017cnorodno\u015b\u0107, zapewniaj\u0105c znalezienie idealnego dopasowania do Twoich potrzeb. Odkryj wyj\u0105tkow\u0105 obs\u0142ug\u0119 i szerok\u0105 gam\u0119 najlepszych produkt\u00f3w na vapestornado.<\/p>\n<\/div>\n<h3><\/h3>\n<div class=\"relative p-1 rounded-sm flex items-center justify-center bg-token-main-surface-primary text-token-text-primary h-8 w-8\">\n<h2>FAQ dotycz\u0105ce jednorazowego vape VOPK 40k z mo\u017cliwo\u015bci\u0105 \u0142adowania<\/h2>\n<\/div>\n<\/div>\n<\/div>\n<\/div>\n<div class=\"group\/conversation-turn relative flex w-full min-w-0 flex-col agent-turn\">\n<div class=\"flex-col gap-1 md:gap-3\">\n<div class=\"flex max-w-full flex-col flex-grow\">\n<div class=\"min-h-8 text-message flex w-full flex-col items-end gap-2 whitespace-normal break-words [.text-message+&amp;]:mt-5\" dir=\"auto\" data-message-author-role=\"assistant\" data-message-id=\"db716a1c-9ed0-4b8d-b3b0-7bdb913c3d42\" data-message-model-slug=\"gpt-4o\">\n<div class=\"flex w-full flex-col gap-1 empty:hidden first:pt-[3px]\">\n<div class=\"markdown prose w-full break-words dark:prose-invert light\">\n<p>&nbsp;<\/p>\n<p><strong>1. Gdzie kupi\u0107 jednorazowy vape VOPK 40000 Puffs w cenie hurtowej w Polsce<\/strong><br \/>\nMo\u017cesz kupi\u0107 <strong>Jednorazowy vape VOPK 40000 Puffs<\/strong> w cenach hurtowych przez Internet <strong>ceny hurtowe vape<\/strong> platformy obs\u0142uguj\u0105ce Polsk\u0119.<\/p>\n<p><strong>2. Ile zaci\u0105gni\u0119\u0107 zapewnia VOPK Ultra 40k Puffs?<\/strong><br \/>\nCyfrowy ekran <strong>Jednorazowy e-papieros VOPK Ultra 40k Puffs<\/strong> zapewnia do <strong>40 000 zaci\u0105gni\u0119\u0107<\/strong>, co czyni go jednym z najd\u0142u\u017cej dzia\u0142aj\u0105cych urz\u0105dze\u0144 na rynku.<\/p>\n<p><strong>3. Jak d\u0142ugo dzia\u0142a popularny jednorazowy e-papieros VOPK 40000 puffs Ultra?<\/strong><br \/>\nCzas dzia\u0142ania <strong>VOPK Ultra 40000<\/strong> zale\u017cy od nawyk\u00f3w u\u017cytkowania, ale dzi\u0119ki ogromnej <strong>pojemno\u015b\u0107 36 ml e-liquidu<\/strong> i akumulatorowi wielokrotnego \u0142adowania, zosta\u0142 zaprojektowany tak, aby dzia\u0142a\u0142 znacznie d\u0142u\u017cej ni\u017c wi\u0119kszo\u015b\u0107 jednorazowych e-papieros\u00f3w.<\/p>\n<p><strong>4. Jakie s\u0105 popularne smaki w cyfrowym pude\u0142ku VOPK 40000 Puffs?<\/strong><br \/>\nCyfrowy ekran <strong>VOPK 40k Zaci\u0105gni\u0119\u0107<\/strong> oferuje 10 ekscytuj\u0105cych smak\u00f3w, a jego <strong>podw\u00f3jny smak<\/strong> system pozwala u\u017cytkownikom cieszy\u0107 si\u0119 dwoma smakami w jednym urz\u0105dzeniu. Popularne smaki r\u00f3\u017cni\u0105 si\u0119 w zale\u017cno\u015bci od preferencji, ale szczeg\u00f3lnie popularne s\u0105 kombinacje owocowe i mentolowe.<\/p>\n<p><strong>5. Ile czasu zajmuje na\u0142adowanie jednorazowego e-papierosa VOPK 40k Puffs Spaceman?<\/strong><br \/>\nCyfrowy ekran <strong>VOPK Ultra 40k Zaci\u0105gni\u0119\u0107<\/strong> u\u017cywa <strong>Akumulator \u0142adowany przez Type-C<\/strong>, co zwykle zajmuje oko\u0142o <strong>1-2 godziny<\/strong> do pe\u0142nego na\u0142adowania, w zale\u017cno\u015bci od \u017ar\u00f3d\u0142a zasilania.<\/p>\n<p><strong>6. Ile nikotyny znajduje si\u0119 w jednorazowym e-papierosie VOPK 40k z cyfrowym ekranem?<\/strong><br \/>\nCyfrowy ekran <strong>VOPK Ultra 40000<\/strong> jest dost\u0119pny w <strong>2% (20mg)<\/strong> or <strong>5% (50mg)<\/strong> zawarto\u015bci nikotyny, zaspokajaj\u0105c r\u00f3\u017cne preferencje dotycz\u0105ce nikotyny.<\/p>\n<\/div>\n<\/div>\n<\/div>\n<\/div>\n<\/div>\n<\/div>","protected":false},"excerpt":{"rendered":"<p>VOPK 40000 Zaci\u0105gni\u0119\u0107 2 w 1 Jednorazowy Vape Podw\u00f3jny Smak 40K Hurtowo<br \/>\nVOPK Podw\u00f3jny Smak 40000 Zaci\u0105gni\u0119\u0107 Jednorazowy Vape z Mo\u017cliwo\u015bci\u0105 \u0141adowania<br \/>\nVOPK 40000 Zaci\u0105gni\u0119\u0107 Podw\u00f3jny Smak z Wy\u015bwietlaczem LED<\/p>\n<p><strong>Dodaj Amy do WhatsAppa, aby uzyska\u0107 szybk\u0105 odpowied\u017a i kupon na vape!<\/strong><\/p>\n<p><img fetchpriority=\"high\" decoding=\"async\" class=\"size-full wp-image-2932\" src=\"https:\/\/vapestornado.com\/wp-content\/uploads\/2024\/12\/Vape-Wholesale.jpg\" alt=\"Hurtowa sprzeda\u017c e-papieros\u00f3w\" width=\"229\" height=\"300\" \/><\/p>","protected":false},"featured_media":2973,"comment_status":"open","ping_status":"closed","template":"","meta":{"_acf_changed":false,"_uag_custom_page_level_css":"","_lmt_disableupdate":"no","_lmt_disable":"","_monsterinsights_skip_tracking":false,"_monsterinsights_sitenote_active":false,"_monsterinsights_sitenote_note":"","_monsterinsights_sitenote_category":0,"site-sidebar-layout":"default","site-content-layout":"","ast-site-content-layout":"default","site-content-style":"default","site-sidebar-style":"default","ast-global-header-display":"","ast-banner-title-visibility":"","ast-main-header-display":"","ast-hfb-above-header-display":"","ast-hfb-below-header-display":"","ast-hfb-mobile-header-display":"","site-post-title":"","ast-breadcrumbs-content":"","ast-featured-img":"","footer-sml-layout":"","ast-disable-related-posts":"","theme-transparent-header-meta":"default","adv-header-id-meta":"","stick-header-meta":"","header-above-stick-meta":"","header-main-stick-meta":"","header-below-stick-meta":"","astra-migrate-meta-layouts":"set","ast-page-background-enabled":"default","ast-page-background-meta":{"desktop":{"background-color":"","background-image":"","background-repeat":"repeat","background-position":"center center","background-size":"auto","background-attachment":"scroll","background-type":"","background-media":"","overlay-type":"","overlay-color":"","overlay-opacity":"","overlay-gradient":""},"tablet":{"background-color":"","background-image":"","background-repeat":"repeat","background-position":"center center","background-size":"auto","background-attachment":"scroll","background-type":"","background-media":"","overlay-type":"","overlay-color":"","overlay-opacity":"","overlay-gradient":""},"mobile":{"background-color":"","background-image":"","background-repeat":"repeat","background-position":"center center","background-size":"auto","background-attachment":"scroll","background-type":"","background-media":"","overlay-type":"","overlay-color":"","overlay-opacity":"","overlay-gradient":""}},"ast-content-background-meta":{"desktop":{"background-color":"var(--ast-global-color-5)","background-image":"","background-repeat":"repeat","background-position":"center center","background-size":"auto","background-attachment":"scroll","background-type":"","background-media":"","overlay-type":"","overlay-color":"","overlay-opacity":"","overlay-gradient":""},"tablet":{"background-color":"var(--ast-global-color-5)","background-image":"","background-repeat":"repeat","background-position":"center center","background-size":"auto","background-attachment":"scroll","background-type":"","background-media":"","overlay-type":"","overlay-color":"","overlay-opacity":"","overlay-gradient":""},"mobile":{"background-color":"var(--ast-global-color-5)","background-image":"","background-repeat":"repeat","background-position":"center center","background-size":"auto","background-attachment":"scroll","background-type":"","background-media":"","overlay-type":"","overlay-color":"","overlay-opacity":"","overlay-gradient":""}},"_joinchat":{"telephone":"+8617776015835"}},"product_brand":[],"product_cat":[65,140,153,157,158,142,144,290],"product_tag":[94,95,93,96,92],"class_list":{"0":"post-2974","1":"product","2":"type-product","3":"status-publish","4":"has-post-thumbnail","6":"product_cat-40000-puff","7":"product_cat-big-puffs-disposable-vapes","8":"product_cat-buy-disposable-vapes-in-italy","9":"product_cat-buy-disposable-vapes-in-portugal","10":"product_cat-buy-disposable-vapes-in-spain","11":"product_cat-digital-box-disposable-vapes","12":"product_cat-low-nicotine-disposable-vapes","13":"product_cat-vopk-vape","14":"product_tag-rechargeable-disposable-vape","15":"product_tag-spaceman-disposable-vape","16":"product_tag-vape-wholesale","17":"product_tag-vopk-40000","18":"product_tag-vopk-vape","19":"desktop-align-left","20":"tablet-align-left","21":"mobile-align-left","23":"first","24":"instock","25":"sale","26":"shipping-taxable","27":"purchasable","28":"product-type-simple"},"acf":[],"uagb_featured_image_src":{"full":["https:\/\/vapestornado.com\/wp-content\/uploads\/2024\/12\/VOPK-ULTRA-40000-Disposable-Vape.jpg",1126,1126,false],"thumbnail":["https:\/\/vapestornado.com\/wp-content\/uploads\/2024\/12\/VOPK-ULTRA-40000-Disposable-Vape-150x150.jpg",150,150,true],"medium":["https:\/\/vapestornado.com\/wp-content\/uploads\/2024\/12\/VOPK-ULTRA-40000-Disposable-Vape-300x300.jpg",300,300,true],"medium_large":["https:\/\/vapestornado.com\/wp-content\/uploads\/2024\/12\/VOPK-ULTRA-40000-Disposable-Vape-768x768.jpg",768,768,true],"large":["https:\/\/vapestornado.com\/wp-content\/uploads\/2024\/12\/VOPK-ULTRA-40000-Disposable-Vape-1024x1024.jpg",1024,1024,true],"1536x1536":["https:\/\/vapestornado.com\/wp-content\/uploads\/2024\/12\/VOPK-ULTRA-40000-Disposable-Vape.jpg",1126,1126,false],"2048x2048":["https:\/\/vapestornado.com\/wp-content\/uploads\/2024\/12\/VOPK-ULTRA-40000-Disposable-Vape.jpg",1126,1126,false],"trp-custom-language-flag":["https:\/\/vapestornado.com\/wp-content\/uploads\/2024\/12\/VOPK-ULTRA-40000-Disposable-Vape.jpg",12,12,false],"woocommerce_thumbnail":["https:\/\/vapestornado.com\/wp-content\/uploads\/2024\/12\/VOPK-ULTRA-40000-Disposable-Vape-300x300.jpg",300,300,true],"woocommerce_single":["https:\/\/vapestornado.com\/wp-content\/uploads\/2024\/12\/VOPK-ULTRA-40000-Disposable-Vape-600x600.jpg",600,600,true],"woocommerce_gallery_thumbnail":["https:\/\/vapestornado.com\/wp-content\/uploads\/2024\/12\/VOPK-ULTRA-40000-Disposable-Vape-100x100.jpg",100,100,true]},"uagb_author_info":{"display_name":"ESAMY","author_link":"https:\/\/vapestornado.com\/pl\/author\/"},"uagb_comment_info":0,"uagb_excerpt":"VOPK 40000 Puffs 2 in 1 Disposable Vape Dual Taste 40K Wholesale VOPK Double Flavor 40000 Puffs Rechargeable Disposable Vape VOPK 40000 Puffs Double Flavor with LED Display Add Amy's whatsapp to get right reply and vape vape coupon!","_links":{"self":[{"href":"https:\/\/vapestornado.com\/pl\/wp-json\/wp\/v2\/product\/2974","targetHints":{"allow":["GET"]}}],"collection":[{"href":"https:\/\/vapestornado.com\/pl\/wp-json\/wp\/v2\/product"}],"about":[{"href":"https:\/\/vapestornado.com\/pl\/wp-json\/wp\/v2\/types\/product"}],"replies":[{"embeddable":true,"href":"https:\/\/vapestornado.com\/pl\/wp-json\/wp\/v2\/comments?post=2974"}],"wp:featuredmedia":[{"embeddable":true,"href":"https:\/\/vapestornado.com\/pl\/wp-json\/wp\/v2\/media\/2973"}],"wp:attachment":[{"href":"https:\/\/vapestornado.com\/pl\/wp-json\/wp\/v2\/media?parent=2974"}],"wp:term":[{"taxonomy":"product_brand","embeddable":true,"href":"https:\/\/vapestornado.com\/pl\/wp-json\/wp\/v2\/product_brand?post=2974"},{"taxonomy":"product_cat","embeddable":true,"href":"https:\/\/vapestornado.com\/pl\/wp-json\/wp\/v2\/product_cat?post=2974"},{"taxonomy":"product_tag","embeddable":true,"href":"https:\/\/vapestornado.com\/pl\/wp-json\/wp\/v2\/product_tag?post=2974"}],"curies":[{"name":"wp","href":"https:\/\/api.w.org\/{rel}","templated":true}]}}