{"id":2968,"date":"2024-12-04T04:02:23","date_gmt":"2024-12-04T04:02:23","guid":{"rendered":"https:\/\/vapestornado.com\/?post_type=product&#038;p=2968"},"modified":"2025-12-08T04:02:53","modified_gmt":"2025-12-08T04:02:53","slug":"waspe-40000-puffs-double-flavour-led-display-disposable-vape-wholesale","status":"publish","type":"product","link":"https:\/\/vapestornado.com\/pl\/product\/waspe-40000-puffs-double-flavour-led-display-disposable-vape-wholesale\/","title":{"rendered":"WASPE 40000 zaci\u0105gni\u0119\u0107 Podw\u00f3jny smak Wy\u015bwietlacz LED Jednorazowy Vape Hurt"},"content":{"rendered":"<h1 class=\"product-title\">WASPE 40000 Puf\u00f3w Podw\u00f3jny smak Jednorazowy Vape \u2014 Prze\u0142\u0105cznik podw\u00f3jnego smaku i inteligentny kontroler LED<\/h1>\n<p data-start=\"1070\" data-end=\"1397\">Cyfrowy ekran <strong data-start=\"108\" data-end=\"154\">WASPE 40000 Puf\u00f3w Jednorazowy Vape z podw\u00f3jnym smakiem<\/strong> jest stworzony dla os\u00f3b, kt\u00f3re chc\u0105 d\u0142ugotrwa\u0142ego jednorazowego urz\u0105dzenia bez rezygnacji z wyboru lub kontroli. Otrzymujesz <strong data-start=\"254\" data-end=\"276\">do 40 000 puf\u00f3w<\/strong>, a <strong data-start=\"280\" data-end=\"303\">system podw\u00f3jnego smaku<\/strong> mo\u017cesz prze\u0142\u0105cza\u0107 w locie, oraz <strong data-start=\"337\" data-end=\"357\">inteligentny ekran LED<\/strong> kt\u00f3ry dok\u0142adnie informuje, na jakim poziomie jest bateria i p\u0142yn. Kr\u00f3tko m\u00f3wi\u0105c: mniej wymian, wi\u0119cej r\u00f3\u017cnorodno\u015bci i urz\u0105dzenie, kt\u00f3re zachowuje si\u0119 przewidywalnie w codziennym u\u017cytkowaniu.<\/p>\n<h3 data-start=\"755\" data-end=\"807\">Dlaczego mo\u017cesz zaufa\u0107 vape WASPE 40000 puf\u00f3w \u2014 i dlaczego warto go kupi\u0107<\/h3>\n<ul data-start=\"809\" data-end=\"1956\">\n<li data-start=\"809\" data-end=\"1099\">\n<p data-start=\"811\" data-end=\"1099\"><strong data-start=\"811\" data-end=\"874\">Zosta\u0142 zaprojektowany do rzeczywistego u\u017cytkowania, a nie tylko do du\u017cej liczby puf\u00f3w.<\/strong> 36 ml wst\u0119pnie nape\u0142niony zbiornik i podw\u00f3jne cewki mesh 0,9\u03a9 s\u0105 zaprojektowane tak, aby utrzyma\u0107 smak i par\u0119 na sta\u0142ym poziomie podczas d\u0142ugich sesji. To kluczowa r\u00f3\u017cnica mi\u0119dzy du\u017cym jednorazowym urz\u0105dzeniem, kt\u00f3re <em data-start=\"1054\" data-end=\"1061\">trwa<\/em> a tym, kt\u00f3re po prostu <em data-start=\"1082\" data-end=\"1090\">twierdzi<\/em> \u017ce wytrzyma.<\/p>\n<\/li>\n<li data-start=\"1101\" data-end=\"1356\">\n<p data-start=\"1103\" data-end=\"1356\"><strong data-start=\"1103\" data-end=\"1163\">Prze\u0142\u0105czanie podw\u00f3jnego smaku czyni go praktycznym, a nie tylko gad\u017cetem.<\/strong> Zamiast kupowa\u0107 dwa urz\u0105dzenia lub nudzi\u0107 si\u0119 w po\u0142owie, mo\u017cesz prze\u0142\u0105cza\u0107 si\u0119 mi\u0119dzy dwoma smakami w jednym urz\u0105dzeniu. Dla wielu u\u017cytkownik\u00f3w to funkcja, kt\u00f3ra zapobiega uczuciu \u201emonotonii\u201d po tygodniu u\u017cytkowania.<\/p>\n<\/li>\n<li data-start=\"1358\" data-end=\"1596\">\n<p data-start=\"1360\" data-end=\"1596\"><strong data-start=\"1360\" data-end=\"1436\">\u0141adowalny akumulator eliminuje g\u0142\u00f3wn\u0105 s\u0142abo\u015b\u0107 wysokopufowych jednoraz\u00f3wek.<\/strong> Z <strong data-start=\"1445\" data-end=\"1476\">akumulator 850mAh<\/strong> i <strong data-start=\"1481\" data-end=\"1505\">Szybkie \u0142adowanie typu C<\/strong>, nie b\u0119dziesz utkn\u0105\u0107 z pozosta\u0142ym p\u0142ynem, ale bez mocy. To wa\u017cne, je\u015bli regularnie korzystasz z vapingu.<\/p>\n<\/li>\n<li data-start=\"1598\" data-end=\"1800\">\n<p data-start=\"1600\" data-end=\"1800\"><strong data-start=\"1600\" data-end=\"1638\">Wy\u015bwietlacz LED dodaje przejrzysto\u015bci.<\/strong> Nie musisz zgadywa\u0107 pozosta\u0142ego poziomu baterii lub p\u0142ynu. B\u0119dziesz wiedzia\u0142, kiedy uzupe\u0142ni\u0107 lub kiedy ko\u0144czy si\u0119 zapas \u2014 przydatne podczas dojazd\u00f3w, wyj\u015b\u0107 na miasto i podr\u00f3\u017cy.<\/p>\n<\/li>\n<li data-start=\"1802\" data-end=\"1956\">\n<p data-start=\"1804\" data-end=\"1956\"><strong data-start=\"1804\" data-end=\"1850\">Moc nikotyny obejmuje r\u00f3\u017cne nawyki.<\/strong> Opcje nikotyny s\u00f3l 2% i 5% sprawiaj\u0105, \u017ce jest odpowiedni, niezale\u017cnie od tego, czy chcesz l\u017cejszy codzienny waporyzator, czy mocniejszy zastrzyk.<\/p>\n<\/li>\n<\/ul>\n<p>&nbsp;<\/p>\n<p><strong>Dodaj Whatsapp Amy, aby uzyska\u0107 w\u0142a\u015bciw\u0105 odpowied\u017a i kupon na vape!<\/strong><\/p>\n<p><img fetchpriority=\"high\" decoding=\"async\" class=\"size-full wp-image-2932\" src=\"https:\/\/vapestornado.com\/wp-content\/uploads\/2024\/12\/Vape-Wholesale.jpg\" alt=\"Hurtowa sprzeda\u017c e-papieros\u00f3w\" width=\"229\" height=\"300\" \/><\/p>\n<h3><a href=\"https:\/\/wa.me\/8617776015835\" target=\"_blank\" rel=\"noopener\"><span style=\"color: #ff0000;\"><strong>WhatsApp: +86 17776015835<\/strong><\/span><\/a><\/h3>\n<p>&nbsp;<\/p>\n<h2><strong>WASPE 40000 Puffs - Cechy produktu<\/strong><\/h2>\n<table>\n<thead>\n<tr>\n<th>Specyfikacja<\/th>\n<th>Szczeg\u00f3\u0142y<\/th>\n<th><\/th>\n<\/tr>\n<\/thead>\n<tbody>\n<tr>\n<td>Pojemno\u015b\u0107 chmurki<\/td>\n<td>Do 40 000 puf\u00f3w<\/td>\n<td>Zaprojektowany do d\u0142ugotrwa\u0142ego u\u017cytkowania; rzadsza wymiana i lepszy koszt na chmurk\u0119.<\/td>\n<\/tr>\n<tr>\n<td>Pojemno\u015b\u0107 e-liquid<\/td>\n<td>36ml wst\u0119pnie nape\u0142nione<\/td>\n<td>Du\u017cy zbiornik wspiera d\u0142u\u017csze sesje i op\u00f3\u017ania spadek smaku.<\/td>\n<\/tr>\n<tr>\n<td>Bateria<\/td>\n<td>850mAh do\u0142adowywalna bateria<\/td>\n<td>Wystarczaj\u0105ca moc dla du\u017cej liczby chmurek; na\u0142aduj ponownie zamiast wczesnego wyrzucania.<\/td>\n<\/tr>\n<tr>\n<td>\u0141adowanie<\/td>\n<td>Szybkie \u0142adowanie typu C<\/td>\n<td>Szybkie, szeroko kompatybilne \u0142adowanie w ca\u0142ej Europie.<\/td>\n<\/tr>\n<tr>\n<td>System grza\u0142ek<\/td>\n<td>Podw\u00f3jne 0,9\u03a9 siatkowe grza\u0142ki<\/td>\n<td>Bardziej r\u00f3wnomierne podgrzewanie, bogatszy smak, \u0142agodniejsze odczucie w gardle, sp\u00f3jna para.<\/td>\n<\/tr>\n<tr>\n<td>Moc nikotyny<\/td>\n<td>S\u00f3l nikotynowa 2% \/ 5%<\/td>\n<td>Pozwala dopasowa\u0107 intensywno\u015b\u0107 do Twojego nawyku.<\/td>\n<\/tr>\n<tr>\n<td>Wy\u015bwietlacz<\/td>\n<td>Inteligentny ekran LED (bateria + e-liquid)<\/td>\n<td>\u015aledzenie w czasie rzeczywistym, dzi\u0119ki czemu nigdy nie zgadujesz.<\/td>\n<\/tr>\n<tr>\n<td>System smak\u00f3w<\/td>\n<td>Prze\u0142\u0105cznik podw\u00f3jnego smaku<\/td>\n<td>Dwa smaki w jednym urz\u0105dzeniu; zmieniaj kiedy chcesz.<\/td>\n<\/tr>\n<tr>\n<td>Opcje smakowe<\/td>\n<td>16 wybor\u00f3w smak\u00f3w<\/td>\n<td>Szeroki zakres dla r\u00f3\u017cnych preferencji i powtarzalnych zakup\u00f3w.<\/td>\n<\/tr>\n<\/tbody>\n<\/table>\n<h2 class=\"product-title\"><strong>Lista smak\u00f3w WASPE 40000 Puffs<\/strong><\/h2>\n<p>1 arbuzowy l\u00f3d \/ limonka<br \/>\n2 wi\u015bniowa oran\u017cada z lodem \/ wata cukrowa jagodowa<br \/>\n3 truskawkowy arbuz \/ jagodowa malina<br \/>\n4 red bull Ice \/ truskawkowe mango<br \/>\n5 brzoskwiniowy l\u00f3d \/ ananasowe mango z brzoskwini\u0105<br \/>\n6 winogronowy l\u00f3d \/ truskawkowe kiwi<br \/>\n7 mieszane jagody \/ podw\u00f3jny jab\u0142kowy l\u00f3d<br \/>\n8 niebieska lemoniada malinowa \/ guma balonowa o smaku arbuza<br \/>\n9 truskawka malina wi\u015bnia \/ love 666<br \/>\n10 truskawka banan \/ l\u00f3d ananasowo-kokosowy<br \/>\n11 truskawkowa guma balonowa arbuzowa \/ owoce mieszane<br \/>\n12 wi\u015bniowa cola z lodem \/ truskawkowe cukierki malinowe<br \/>\n13 kwa\u015bna malina jab\u0142kowa \/ truskawkowy big bang<br \/>\n14 brzoskwinia jagoda \/ arbuz mango brzoskwinia<br \/>\n15 mro\u017cona jagoda \/ mro\u017cony czarny smok<br \/>\n16 truskawka wi\u015bnia \/ kiwi marakuja guawa<\/p>\n<figure id=\"attachment_4660\" aria-describedby=\"caption-attachment-4660\" style=\"width: 225px\" class=\"wp-caption alignnone\"><img decoding=\"async\" class=\"size-medium wp-image-4660\" src=\"https:\/\/vapestornado.com\/wp-content\/uploads\/2025\/12\/WASPE-40k-Disposable-Vape-1-225x300.jpg\" alt=\"WASPE 40k Puffs Jednorazowy e-papieros\" width=\"225\" height=\"300\" srcset=\"https:\/\/vapestornado.com\/wp-content\/uploads\/2025\/12\/WASPE-40k-Disposable-Vape-1-225x300.jpg 225w, https:\/\/vapestornado.com\/wp-content\/uploads\/2025\/12\/WASPE-40k-Disposable-Vape-1-768x1024.jpg 768w, https:\/\/vapestornado.com\/wp-content\/uploads\/2025\/12\/WASPE-40k-Disposable-Vape-1-1152x1536.jpg 1152w, https:\/\/vapestornado.com\/wp-content\/uploads\/2025\/12\/WASPE-40k-Disposable-Vape-1-9x12.jpg 9w, https:\/\/vapestornado.com\/wp-content\/uploads\/2025\/12\/WASPE-40k-Disposable-Vape-1-600x800.jpg 600w, https:\/\/vapestornado.com\/wp-content\/uploads\/2025\/12\/WASPE-40k-Disposable-Vape-1.jpg 1280w\" sizes=\"(max-width: 225px) 100vw, 225px\" \/><figcaption id=\"caption-attachment-4660\" class=\"wp-caption-text\">WASPE 40k Puffs Jednorazowy e-papieros<\/figcaption><\/figure>\n<figure id=\"attachment_4661\" aria-describedby=\"caption-attachment-4661\" style=\"width: 300px\" class=\"wp-caption alignnone\"><img decoding=\"async\" class=\"size-medium wp-image-4661\" src=\"https:\/\/vapestornado.com\/wp-content\/uploads\/2025\/12\/WASPE-40000-Wholesale-300x300.jpg\" alt=\"WASPE 40000 Puffs Hurtowy e-papieros Polska\" width=\"300\" height=\"300\" srcset=\"https:\/\/vapestornado.com\/wp-content\/uploads\/2025\/12\/WASPE-40000-Wholesale-300x300.jpg 300w, https:\/\/vapestornado.com\/wp-content\/uploads\/2025\/12\/WASPE-40000-Wholesale-1024x1024.jpg 1024w, https:\/\/vapestornado.com\/wp-content\/uploads\/2025\/12\/WASPE-40000-Wholesale-150x150.jpg 150w, https:\/\/vapestornado.com\/wp-content\/uploads\/2025\/12\/WASPE-40000-Wholesale-768x768.jpg 768w, https:\/\/vapestornado.com\/wp-content\/uploads\/2025\/12\/WASPE-40000-Wholesale-1536x1536.jpg 1536w, https:\/\/vapestornado.com\/wp-content\/uploads\/2025\/12\/WASPE-40000-Wholesale-2048x2048.jpg 2048w, https:\/\/vapestornado.com\/wp-content\/uploads\/2025\/12\/WASPE-40000-Wholesale-12x12.jpg 12w, https:\/\/vapestornado.com\/wp-content\/uploads\/2025\/12\/WASPE-40000-Wholesale-600x600.jpg 600w, https:\/\/vapestornado.com\/wp-content\/uploads\/2025\/12\/WASPE-40000-Wholesale-100x100.jpg 100w\" sizes=\"(max-width: 300px) 100vw, 300px\" \/><figcaption id=\"caption-attachment-4661\" class=\"wp-caption-text\">WASPE 40000 Puffs Hurtowy e-papieros Polska<\/figcaption><\/figure>\n<h2>Dlaczego wybra\u0107 vapestornado dla hurtowego zakupu WASPE 40000 Puffs?<\/h2>\n<div class=\"flex-shrink-0 flex flex-col relative items-end\">\n<div class=\"pt-0\">\n<div class=\"gizmo-bot-avatar flex h-8 w-8 items-center justify-center overflow-hidden rounded-full\">\n<div class=\"relative p-1 rounded-sm flex items-center justify-center bg-token-main-surface-primary text-token-text-primary h-8 w-8\">\n<p>Witamy w vapestornado, Twoim zaufanym sklepie internetowym z wysokiej jako\u015bci jednorazowymi e-papierosami. Dzi\u0119ki ponad 5-letniemu do\u015bwiadczeniu oferujemy popularne marki jednorazowych e-papieros\u00f3w, takie jak Fumot RandM Vape, Vapme, Bang Vape, Waspe Vape i WGA Vape itp.<\/p>\n<p>Nasza oferta obejmuje popularne e-papierosy, takie jak <a href=\"https:\/\/vapestornado.com\/pl\/product\/fumot-randm-tornado-15000-puffs-rechargeable-disposable-vape-wholesale\/\">RandM Tornado 15000<\/a>, oraz bogate w smaki opcje, takie jak WASPE Double Flavor 40000 Puffs . Ka\u017cdy produkt jest wybierany z naciskiem na jako\u015b\u0107, warto\u015b\u0107 i r\u00f3\u017cnorodno\u015b\u0107, zapewniaj\u0105c idealne dopasowanie do Twoich potrzeb. Odkryj wyj\u0105tkow\u0105 obs\u0142ug\u0119 i szerok\u0105 gam\u0119 najlepszych produkt\u00f3w w vapestornado.<\/p>\n<\/div>\n<h3><\/h3>\n<div class=\"relative p-1 rounded-sm flex items-center justify-center bg-token-main-surface-primary text-token-text-primary h-8 w-8\">\n<h2>FAQ dotycz\u0105ce jednorazowego vape WASPE 40k z mo\u017cliwo\u015bci\u0105 \u0142adowania<\/h2>\n<\/div>\n<\/div>\n<\/div>\n<\/div>\n<div class=\"group\/conversation-turn relative flex w-full min-w-0 flex-col agent-turn\">\n<div class=\"flex-col gap-1 md:gap-3\">\n<div class=\"flex max-w-full flex-col flex-grow\">\n<div class=\"min-h-8 text-message flex w-full flex-col items-end gap-2 whitespace-normal break-words [.text-message+&amp;]:mt-5\" dir=\"auto\" data-message-author-role=\"assistant\" data-message-id=\"db716a1c-9ed0-4b8d-b3b0-7bdb913c3d42\" data-message-model-slug=\"gpt-4o\">\n<div class=\"flex w-full flex-col gap-1 empty:hidden first:pt-[3px]\">\n<div class=\"markdown prose w-full break-words dark:prose-invert light\">\n<ol data-start=\"4048\" data-end=\"5439\">\n<li data-start=\"4048\" data-end=\"4347\">\n<p data-start=\"4051\" data-end=\"4347\"><strong data-start=\"4051\" data-end=\"4153\">Jak podw\u00f3jny smak w jednorazowym e-papierosie WASPE 40000 utrzymuje smak przez 40 000 puf\u00f3w?<\/strong><br data-start=\"4153\" data-end=\"4156\" \/>U\u017cywa <strong data-start=\"4164\" data-end=\"4188\">podw\u00f3jne grza\u0142ki siatkowe 0,9 \u03a9<\/strong> kt\u00f3ry r\u00f3wnomiernie rozprowadza ciep\u0142o przez p\u0142yn. To zmniejsza gor\u0105ce punkty i pomaga unikn\u0105\u0107 smaku \u201ecienkiego lub spalonego\u201d, kt\u00f3ry pojawia si\u0119 w wielu wysokowydajnych jednoraz\u00f3wkach p\u00f3\u017aniej.<\/p>\n<\/li>\n<li data-start=\"4349\" data-end=\"4610\">\n<p data-start=\"4352\" data-end=\"4610\"><strong data-start=\"4352\" data-end=\"4430\">Czy system prze\u0142\u0105czania podw\u00f3jnych smak\u00f3w w WASPE 40K jest naprawd\u0119 przydatny na co dzie\u0144?<\/strong><br data-start=\"4430\" data-end=\"4433\" \/>Tak. Mo\u017cliwo\u015b\u0107 zmiany smak\u00f3w w jednym urz\u0105dzeniu oznacza, \u017ce mo\u017cesz <strong data-start=\"4500\" data-end=\"4561\">zmienia\u0107 smak kiedy chcesz bez konieczno\u015bci noszenia drugiego e-papierosa<\/strong>, co utrzymuje do\u015bwiadczenie \u015bwie\u017cym przez d\u0142ugi czas.<\/p>\n<\/li>\n<li data-start=\"4612\" data-end=\"4889\">\n<p data-start=\"4615\" data-end=\"4889\"><strong data-start=\"4615\" data-end=\"4701\">Przy baterii 850mAh, czy e-papieros WASPE 40000 wytrzyma ca\u0142y 36ml tank?<\/strong><br data-start=\"4701\" data-end=\"4704\" \/>Dlatego jest \u0142adowalny. Je\u015bli palisz intensywnie, mo\u017cesz potrzebowa\u0107 na\u0142adowa\u0107 go przed ko\u0144cem p\u0142ynu \u2014 <strong data-start=\"4812\" data-end=\"4848\">\u0141adowanie Type-C sprawia, \u017ce jest to szybkie<\/strong>, wi\u0119c nadal mo\u017cesz korzysta\u0107 z pe\u0142nej pojemno\u015bci.<\/p>\n<\/li>\n<li data-start=\"4891\" data-end=\"5143\">\n<p data-start=\"4894\" data-end=\"5143\"><strong data-start=\"4894\" data-end=\"5002\">Co pokazuje ekran LED na jednorazowym waporyzatorze WASPE 40000 Double Flavour i dlaczego to jest wa\u017cne?<\/strong><br data-start=\"5002\" data-end=\"5005\" \/>Pokazuje <strong data-start=\"5014\" data-end=\"5063\">poziom baterii i poziom e-liquidu w czasie rzeczywistym<\/strong>, wi\u0119c mo\u017cesz zaplanowa\u0107 \u0142adowanie lub wymian\u0119, zamiast by\u0107 zaskoczonym w po\u0142owie dnia.<\/p>\n<\/li>\n<li data-start=\"5145\" data-end=\"5439\">\n<p data-start=\"5148\" data-end=\"5439\"><strong data-start=\"5148\" data-end=\"5245\">Czy jednorazowy waporyzator WASPE 40000 o du\u017cej liczbie puf\u00f3w jest odpowiedni dla intensywnych u\u017cytkownik\u00f3w, kt\u00f3rzy chc\u0105 mocnego dymu?<\/strong><br data-start=\"5245\" data-end=\"5248\" \/>Absolutnie. Ustawienie cewki i niska rezystancja wspieraj\u0105 <strong data-start=\"5302\" data-end=\"5341\">g\u0119sty dym i mocne uderzenie w gard\u0142o<\/strong>, szczeg\u00f3lnie z opcj\u0105 5%. Intensywni u\u017cytkownicy najbardziej korzystaj\u0105 z d\u0142ugiej \u017cywotno\u015bci.<\/p>\n<\/li>\n<\/ol>\n<\/div>\n<\/div>\n<\/div>\n<\/div>\n<\/div>\n<\/div>","protected":false},"excerpt":{"rendered":"<p data-start=\"1437\" data-end=\"1596\"><strong data-start=\"1441\" data-end=\"1476\">WASPE 40000 Podw\u00f3jny smak Vape,<\/strong> wysokowydajny jednorazowy e-papieros o pojemno\u015bci 36 ml, z podw\u00f3jnym smakiem, z \u0142adowaniem przez Type-C i podw\u00f3jnymi cewkami mesh, zapewniaj\u0105cy do 40 000 g\u0142adkich, pe\u0142nych smak\u00f3w puf\u00f3w z przejrzystym \u015bledzeniem baterii i p\u0142ynu. D\u0142ugo dzia\u0142aj\u0105ca opcja dla <strong data-start=\"1558\" data-end=\"1593\">hurtowych nabywc\u00f3w vape w Europie<\/strong>.<\/p>\n<p><strong>Dodaj Amy do WhatsAppa, aby uzyska\u0107 szybk\u0105 odpowied\u017a i kupon na vape!<\/strong><\/p>\n<p><img fetchpriority=\"high\" decoding=\"async\" class=\"size-full wp-image-2932\" src=\"https:\/\/vapestornado.com\/wp-content\/uploads\/2024\/12\/Vape-Wholesale.jpg\" alt=\"Hurtowa sprzeda\u017c e-papieros\u00f3w\" width=\"229\" height=\"300\" \/><\/p>\n<h3><a href=\"https:\/\/wa.me\/8617776015835\"><span style=\"color: #ff0000;\"><strong>WhatsApp: +86 17776015835<\/strong><\/span><\/a><\/h3>\n<p>&nbsp;<\/p>","protected":false},"featured_media":2961,"comment_status":"open","ping_status":"closed","template":"","meta":{"_acf_changed":false,"_uag_custom_page_level_css":"","_lmt_disableupdate":"no","_lmt_disable":"","_monsterinsights_skip_tracking":false,"_monsterinsights_sitenote_active":false,"_monsterinsights_sitenote_note":"","_monsterinsights_sitenote_category":0,"site-sidebar-layout":"default","site-content-layout":"","ast-site-content-layout":"default","site-content-style":"default","site-sidebar-style":"default","ast-global-header-display":"","ast-banner-title-visibility":"","ast-main-header-display":"","ast-hfb-above-header-display":"","ast-hfb-below-header-display":"","ast-hfb-mobile-header-display":"","site-post-title":"","ast-breadcrumbs-content":"","ast-featured-img":"","footer-sml-layout":"","ast-disable-related-posts":"","theme-transparent-header-meta":"default","adv-header-id-meta":"","stick-header-meta":"","header-above-stick-meta":"","header-main-stick-meta":"","header-below-stick-meta":"","astra-migrate-meta-layouts":"set","ast-page-background-enabled":"default","ast-page-background-meta":{"desktop":{"background-color":"","background-image":"","background-repeat":"repeat","background-position":"center center","background-size":"auto","background-attachment":"scroll","background-type":"","background-media":"","overlay-type":"","overlay-color":"","overlay-opacity":"","overlay-gradient":""},"tablet":{"background-color":"","background-image":"","background-repeat":"repeat","background-position":"center center","background-size":"auto","background-attachment":"scroll","background-type":"","background-media":"","overlay-type":"","overlay-color":"","overlay-opacity":"","overlay-gradient":""},"mobile":{"background-color":"","background-image":"","background-repeat":"repeat","background-position":"center center","background-size":"auto","background-attachment":"scroll","background-type":"","background-media":"","overlay-type":"","overlay-color":"","overlay-opacity":"","overlay-gradient":""}},"ast-content-background-meta":{"desktop":{"background-color":"var(--ast-global-color-5)","background-image":"","background-repeat":"repeat","background-position":"center center","background-size":"auto","background-attachment":"scroll","background-type":"","background-media":"","overlay-type":"","overlay-color":"","overlay-opacity":"","overlay-gradient":""},"tablet":{"background-color":"var(--ast-global-color-5)","background-image":"","background-repeat":"repeat","background-position":"center center","background-size":"auto","background-attachment":"scroll","background-type":"","background-media":"","overlay-type":"","overlay-color":"","overlay-opacity":"","overlay-gradient":""},"mobile":{"background-color":"var(--ast-global-color-5)","background-image":"","background-repeat":"repeat","background-position":"center center","background-size":"auto","background-attachment":"scroll","background-type":"","background-media":"","overlay-type":"","overlay-color":"","overlay-opacity":"","overlay-gradient":""}},"_joinchat":{"telephone":"+8617776015835"}},"product_brand":[],"product_cat":[65,149,150,157,146,60],"product_tag":[91,89,90],"class_list":{"0":"post-2968","1":"product","2":"type-product","3":"status-publish","4":"has-post-thumbnail","6":"product_cat-40000-puff","7":"product_cat-buy-disposable-vapes-in-austria","8":"product_cat-buy-disposable-vapes-in-belgium","9":"product_cat-buy-disposable-vapes-in-portugal","10":"product_cat-rechargeable-disposable-vapes","11":"product_cat-waspe-fihp-vape","12":"product_tag-double-flavour","13":"product_tag-waspe-40000-puffs","14":"product_tag-waspe-40k","15":"desktop-align-left","16":"tablet-align-left","17":"mobile-align-left","19":"first","20":"instock","21":"sale","22":"shipping-taxable","23":"purchasable","24":"product-type-simple"},"acf":[],"uagb_featured_image_src":{"full":["https:\/\/vapestornado.com\/wp-content\/uploads\/2024\/12\/WASPE-40k-Puffs-Disposalbe-Vape-Bulk-Buy-Price.jpg",800,800,false],"thumbnail":["https:\/\/vapestornado.com\/wp-content\/uploads\/2024\/12\/WASPE-40k-Puffs-Disposalbe-Vape-Bulk-Buy-Price-150x150.jpg",150,150,true],"medium":["https:\/\/vapestornado.com\/wp-content\/uploads\/2024\/12\/WASPE-40k-Puffs-Disposalbe-Vape-Bulk-Buy-Price-300x300.jpg",300,300,true],"medium_large":["https:\/\/vapestornado.com\/wp-content\/uploads\/2024\/12\/WASPE-40k-Puffs-Disposalbe-Vape-Bulk-Buy-Price-768x768.jpg",768,768,true],"large":["https:\/\/vapestornado.com\/wp-content\/uploads\/2024\/12\/WASPE-40k-Puffs-Disposalbe-Vape-Bulk-Buy-Price.jpg",800,800,false],"1536x1536":["https:\/\/vapestornado.com\/wp-content\/uploads\/2024\/12\/WASPE-40k-Puffs-Disposalbe-Vape-Bulk-Buy-Price.jpg",800,800,false],"2048x2048":["https:\/\/vapestornado.com\/wp-content\/uploads\/2024\/12\/WASPE-40k-Puffs-Disposalbe-Vape-Bulk-Buy-Price.jpg",800,800,false],"trp-custom-language-flag":["https:\/\/vapestornado.com\/wp-content\/uploads\/2024\/12\/WASPE-40k-Puffs-Disposalbe-Vape-Bulk-Buy-Price.jpg",12,12,false],"woocommerce_thumbnail":["https:\/\/vapestornado.com\/wp-content\/uploads\/2024\/12\/WASPE-40k-Puffs-Disposalbe-Vape-Bulk-Buy-Price-300x300.jpg",300,300,true],"woocommerce_single":["https:\/\/vapestornado.com\/wp-content\/uploads\/2024\/12\/WASPE-40k-Puffs-Disposalbe-Vape-Bulk-Buy-Price-600x600.jpg",600,600,true],"woocommerce_gallery_thumbnail":["https:\/\/vapestornado.com\/wp-content\/uploads\/2024\/12\/WASPE-40k-Puffs-Disposalbe-Vape-Bulk-Buy-Price-100x100.jpg",100,100,true]},"uagb_author_info":{"display_name":"ESAMY","author_link":"https:\/\/vapestornado.com\/pl\/author\/"},"uagb_comment_info":0,"uagb_excerpt":"WASPE 40000 Double Flavour Vape, a high-capacity 36ml, dual-flavour disposable with rechargeable Type-C power and dual mesh coils, delivering up to 40,000 smooth, full-taste puffs with clear battery\/liquid tracking. A long-lasting option for wholesale vape buyers in Europe. Add Amy's whatsapp to get right reply and vape vape coupon! WhatsApp: +86 17776015835 &nbsp;","_links":{"self":[{"href":"https:\/\/vapestornado.com\/pl\/wp-json\/wp\/v2\/product\/2968","targetHints":{"allow":["GET"]}}],"collection":[{"href":"https:\/\/vapestornado.com\/pl\/wp-json\/wp\/v2\/product"}],"about":[{"href":"https:\/\/vapestornado.com\/pl\/wp-json\/wp\/v2\/types\/product"}],"replies":[{"embeddable":true,"href":"https:\/\/vapestornado.com\/pl\/wp-json\/wp\/v2\/comments?post=2968"}],"wp:featuredmedia":[{"embeddable":true,"href":"https:\/\/vapestornado.com\/pl\/wp-json\/wp\/v2\/media\/2961"}],"wp:attachment":[{"href":"https:\/\/vapestornado.com\/pl\/wp-json\/wp\/v2\/media?parent=2968"}],"wp:term":[{"taxonomy":"product_brand","embeddable":true,"href":"https:\/\/vapestornado.com\/pl\/wp-json\/wp\/v2\/product_brand?post=2968"},{"taxonomy":"product_cat","embeddable":true,"href":"https:\/\/vapestornado.com\/pl\/wp-json\/wp\/v2\/product_cat?post=2968"},{"taxonomy":"product_tag","embeddable":true,"href":"https:\/\/vapestornado.com\/pl\/wp-json\/wp\/v2\/product_tag?post=2968"}],"curies":[{"name":"wp","href":"https:\/\/api.w.org\/{rel}","templated":true}]}}