{"id":2958,"date":"2024-12-05T08:16:37","date_gmt":"2024-12-05T08:16:37","guid":{"rendered":"https:\/\/vapestornado.com\/?post_type=product&#038;p=2958"},"modified":"2025-08-23T10:27:04","modified_gmt":"2025-08-23T10:27:04","slug":"randm-vape-tornado-15k-puffs-disposable-vapes-wholesale-price-2-5-nicotine","status":"publish","type":"product","link":"https:\/\/vapestornado.com\/pl\/product\/randm-vape-tornado-15k-puffs-disposable-vapes-wholesale-price-2-5-nicotine\/","title":{"rendered":"Randm Vape Tornado 15k Zaci\u0105gni\u0119\u0107 Jednorazowe Vape Cena Hurtowa 2% 5% Nikotyna"},"content":{"rendered":"<h1>Randm Vape Tornado 15k Puffs Jednorazowe Vape Cena hurtowa 2% 5% Nikotyna<\/h1>\n<p>&nbsp;<\/p>\n<p data-start=\"206\" data-end=\"513\">Cyfrowy ekran <strong data-start=\"210\" data-end=\"247\">RandM Tornado 15K Jednorazowy Vape<\/strong> zosta\u0142 stworzony, aby zapewni\u0107 sprzedawcom detalicznym i dystrybutorom niezawodn\u0105 opcj\u0119 o du\u017cej obj\u0119to\u015bci na ich p\u00f3\u0142ki. Ka\u017cda jednostka jest wst\u0119pnie nape\u0142niona <strong data-start=\"383\" data-end=\"403\">25 ml e-liquidu<\/strong> i jest zasilana przez <strong data-start=\"425\" data-end=\"456\">akumulator 850mAh<\/strong>, oferuj\u0105c do <strong data-start=\"473\" data-end=\"489\">15 000 zaci\u0105gni\u0119\u0107<\/strong> bez zak\u0142\u00f3ce\u0144.<\/p>\n<p data-start=\"515\" data-end=\"845\">Zaprojektowany z <strong data-start=\"533\" data-end=\"553\">systemem grza\u0142ki siatkowej<\/strong>, urz\u0105dzenie zapewnia stabiln\u0105 produkcj\u0119 pary i pe\u0142ny smak. U\u017cytkownicy mog\u0105 \u0142atwo monitorowa\u0107 wydajno\u015b\u0107 za pomoc\u0105 <strong data-start=\"672\" data-end=\"691\">podw\u00f3jnych wska\u017anik\u00f3w<\/strong> zar\u00f3wno poziomu baterii, jak i p\u0142ynu. Jego <strong data-start=\"732\" data-end=\"767\">mechanizm aktywacji zaci\u0105gni\u0119ciem<\/strong> zapewnia proste, bezprzyciskowe u\u017cytkowanie, dzi\u0119ki czemu jest odpowiedni dla codziennych klient\u00f3w.<\/p>\n<p data-start=\"847\" data-end=\"1119\">Cyfrowy ekran <strong data-start=\"851\" data-end=\"875\">Szybkie \u0142adowanie typu C<\/strong> port skraca czas przestoju mi\u0119dzy sesjami, a lekka <strong data-start=\"936\" data-end=\"950\">rama 103g<\/strong> u\u0142atwia przenoszenie w podr\u00f3\u017cy. Z <strong data-start=\"990\" data-end=\"1022\">mocach nikotyny 2% i 5%<\/strong>, <strong data-start=\"1028\" data-end=\"1041\">RandM 15K<\/strong> jest odpowiedni zar\u00f3wno dla l\u017cejszych u\u017cytkownik\u00f3w, jak i tych, kt\u00f3rzy preferuj\u0105 mocniejsze uderzenie w gard\u0142o.<\/p>\n<p data-start=\"1121\" data-end=\"1311\">Zaprojektowany z my\u015bl\u0105 o sprzeda\u017cy hurtowej, <strong data-start=\"1158\" data-end=\"1193\">RandM Tornado 15 000 Zaci\u0105gni\u0119\u0107 Vape<\/strong> r\u00f3wnowa\u017cy pojemno\u015b\u0107, u\u017cyteczno\u015b\u0107 i konkurencyjne ceny hurtowe \u2014 co czyni go inteligentnym dodatkiem do europejskich zapas\u00f3w vape.<\/p>\n<p><img fetchpriority=\"high\" decoding=\"async\" class=\"size-medium wp-image-2951\" src=\"https:\/\/vapestornado.com\/wp-content\/uploads\/2024\/12\/Wholesale-Disposable-Vape-265x300.jpg\" alt=\"Hurtownia jednorazowych vape\" width=\"265\" height=\"300\" srcset=\"https:\/\/vapestornado.com\/wp-content\/uploads\/2024\/12\/Wholesale-Disposable-Vape-265x300.jpg 265w, https:\/\/vapestornado.com\/wp-content\/uploads\/2024\/12\/Wholesale-Disposable-Vape-768x871.jpg 768w, https:\/\/vapestornado.com\/wp-content\/uploads\/2024\/12\/Wholesale-Disposable-Vape-600x680.jpg 600w, https:\/\/vapestornado.com\/wp-content\/uploads\/2024\/12\/Wholesale-Disposable-Vape.jpg 823w\" sizes=\"(max-width: 265px) 100vw, 265px\" \/><\/p>\n<h6>Skontaktuj si\u0119 z Mandy przez WhatsApp, aby uzyska\u0107 cen\u0119 promocyjn\u0105<a href=\"https:\/\/wa.me\/8618077105796\" target=\"_blank\" rel=\"noopener\">+8618077105796<\/a><\/h6>\n<p>&nbsp;<\/p>\n<h2><strong>RandM Tornado Vape 15000 Puffs \u2013 Najwa\u017cniejsze cechy produktu<\/strong><\/h2>\n<ul>\n<li><strong>Wyd\u0142u\u017cone U\u017cytkowanie<\/strong>: Zapewnia imponuj\u0105ce 15 000 zaci\u0105gni\u0119\u0107, zapewniaj\u0105c d\u0142ugotrwa\u0142\u0105 wydajno\u015b\u0107 dla cz\u0119stych u\u017cytkownik\u00f3w.<\/li>\n<li><strong>Inteligentne wska\u017aniki<\/strong>: Wyposa\u017cony we wska\u017aniki poziomu baterii i e-liquidu, zapewniaj\u0105ce aktualizacje w czasie rzeczywistym, aby unikn\u0105\u0107 nieoczekiwanych przerw.<\/li>\n<li><strong>Bezproblemowa obs\u0142uga<\/strong>: Aktywowany prostym wdechem, eliminuj\u0105c potrzeb\u0119 u\u017cywania przycisk\u00f3w i oferuj\u0105c bezproblemowe wra\u017cenia z vapingu.<\/li>\n<li><strong>Przyjazny dla \u0142adowania<\/strong>: Zasilany akumulatorem 850 mAh z portem \u0142adowania Type-C dla szybkiego i wydajnego \u0142adowania.<\/li>\n<li><strong>Doskona\u0142y system cewek<\/strong>: Wyposa\u017cony w zaawansowan\u0105 technologi\u0119 grza\u0142ki siatkowej, zapewniaj\u0105c\u0105 sp\u00f3jne, bogate smaki i g\u0119ste chmury pary.<\/li>\n<li><strong>Gotowy do sprzeda\u017cy hurtowej<\/strong>: Opakowanie zbiorcze po 200 sztuk w kartonie jest przeznaczone dla hurtownik\u00f3w i dystrybutor\u00f3w detalicznych.<\/li>\n<li><strong>Przeno\u015bna konstrukcja<\/strong>: Wa\u017c\u0105ca zaledwie 103 g, ta lekka konstrukcja jest idealna dla os\u00f3b prowadz\u0105cych aktywny tryb \u017cycia.<\/li>\n<\/ul>\n<p>&nbsp;<\/p>\n<h2><strong>RandM Tornado 15000 Puff Szczeg\u00f3\u0142owe opisy smak\u00f3w<\/strong><\/h2>\n<p>1. Blue Razz Lemonade (Lemoniada z niebieskiej maliny)<br \/>\n2. Peach Ice (Brzoskwinia z lodem)<br \/>\n3. Sour Apple (Kwa\u015bne jab\u0142ko)<br \/>\n4. Arbuzowa L\u00f3d<br \/>\n5. Blueberry On Ice (Jagoda z lodem)<br \/>\n6. Jagoda z malin\u0105<br \/>\n7. L\u00f3d Ananasowy<br \/>\n8. Wi\u015bnia<br \/>\n9. L\u00f3d Truskawkowy<br \/>\n10. Vimto<br \/>\n11. L\u00f3d Winogronowy<br \/>\n12. L\u00f3d Cola<br \/>\n13. Truskawka Arbuz<br \/>\n14. R\u00f3\u017cowa Lemoniada<br \/>\n15. Mieszanka Jag\u00f3d<br \/>\n16. Brzoskwinia Mango<br \/>\n17. Smoczy Owoc<br \/>\n18. Truskawkowe Winogrono<br \/>\n19. Mr Blue<br \/>\n20. Soczysty L\u00f3d<br \/>\n21. L\u00f3d na Patyku<br \/>\n22. Truskawka Kiwi<br \/>\n23. Kiwi Marakuja Guawa<br \/>\n24. Potr\u00f3jna Jagoda<br \/>\n25. Bananowy L\u00f3d<br \/>\n26. Brzoskwiniowo-Jagodowy Cukierkowy<br \/>\n27. Jab\u0142ko Brzoskwinia Gruszka<br \/>\n28. Jagodowa Lemonada<br \/>\n29. Niebieska Malina Wi\u015bnia<br \/>\n30. Jagodowa Guma Balonowa<br \/>\n31. Jagoda Wi\u015bnia \u017burawina<br \/>\n32. Jagoda Granat<br \/>\n33. Kwa\u015bna Niebieska Malina<br \/>\n34. Cola Wi\u015bniowa<br \/>\n35. \u017belkowy\u00a0Mi\u015b<br \/>\n36. Cytryna<br \/>\n37. Mango On Ice<br \/>\n38. Red Energy Ice<br \/>\n39. Strawberry Banana<br \/>\n40. Strawberry Red Bull<br \/>\n41. Strawberry Watermelon Lemonade<br \/>\n42. Ice Tea Lemon Ice<br \/>\n43. Ice Tea Peach Ice<br \/>\n44. Fizzy Cherry<br \/>\n45. Skittles<\/p>\n<h3><strong>Dlaczego warto wybra\u0107 RandM Tornado 15000 Puffs?<\/strong><\/h3>\n<ul>\n<li><strong>Niezr\u00f3wnana trwa\u0142o\u015b\u0107<\/strong><br \/>\nCiesz si\u0119 nawet 15 000 zaci\u0105gni\u0119\u0107 na urz\u0105dzenie, co zapewnia d\u0142ugotrwa\u0142e u\u017cytkowanie bez cz\u0119stej wymiany \u2013 idealny wyb\u00f3r dla os\u00f3b regularnie wapuj\u0105cych.<\/li>\n<li><strong>Zaawansowana Technologia<\/strong><br \/>\nWyposa\u017cony w technologi\u0119 grza\u0142ki mesh, RandM Tornado zapewnia doskona\u0142e profile smakowe i g\u0119ste chmury pary, poprawiaj\u0105c wra\u017cenia z wapowania.<\/li>\n<li><strong>Wygoda na nowo zdefiniowana<\/strong><br \/>\nDzi\u0119ki systemowi aktywacji automatycznego zaci\u0105gania, wapowanie jest tak proste, jak wdychanie \u2013 bez przycisk\u00f3w, bez k\u0142opot\u00f3w, po prostu bezwysi\u0142kowa przyjemno\u015b\u0107.<\/li>\n<li><strong>Akumulator<\/strong><br \/>\nAkumulator o pojemno\u015bci 850 mAh, w po\u0142\u0105czeniu z portem \u0142adowania typu C, zapewnia szybkie \u0142adowanie, dzi\u0119ki czemu jeste\u015b gotowy do wapowania w ka\u017cdej chwili.<\/li>\n<li><strong>Monitorowanie w czasie rzeczywistym<\/strong><br \/>\nWyposa\u017cony we wska\u017aniki baterii i e-liquidu, mo\u017cesz by\u0107 na bie\u017c\u0105co informowany o stanie urz\u0105dzenia, unikaj\u0105c nieoczekiwanych przerw.<\/li>\n<\/ul>\n<h3><strong>Zakup RandM Tornado 15000 Puffs hurtowo<\/strong><\/h3>\n<p><strong>Przyst\u0119pna doskona\u0142o\u015b\u0107<\/strong><br \/>\nZakup RandM Tornado 15000 Puffs hurtowo to ekonomiczny spos\u00f3b na korzystanie z najwy\u017cszej jako\u015bci wapowania w ni\u017cszej cenie za sztuk\u0119. Ta opcja jest idealna dla sprzedawc\u00f3w detalicznych i indywidualnych nabywc\u00f3w poszukuj\u0105cych maksymalnej warto\u015bci bez kompromis\u00f3w w zakresie jako\u015bci.<\/p>\n<p><strong>Sta\u0142a dost\u0119pno\u015b\u0107<\/strong><br \/>\nUpewnij si\u0119, \u017ce nigdy nie zabraknie Ci ulubionego jednorazowego waporyzatora dzi\u0119ki zakupom hurtowym. Niezale\u017cnie od tego, czy jeste\u015b sprzedawc\u0105 detalicznym, czy zapalonym waperem, sta\u0142e zaopatrzenie w te d\u0142ugotrwa\u0142e urz\u0105dzenia gwarantuje nieprzerwane zadowolenie.<\/p>\n<p><strong>Idealne dla firm<\/strong><br \/>\nSprzedawcy detaliczni i w\u0142a\u015bciciele sklep\u00f3w z artyku\u0142ami do wapowania mog\u0105 odnie\u015b\u0107 du\u017ce korzy\u015bci, zaopatruj\u0105c si\u0119 w RandM Tornado 15000. Jego reputacja wysokiej wydajno\u015bci, funkcja \u0142adowania i imponuj\u0105ca liczba zaci\u0105gni\u0119\u0107 sprawiaj\u0105, \u017ce jest to najlepiej sprzedaj\u0105cy si\u0119 produkt, przyci\u0105gaj\u0105cy szerok\u0105 baz\u0119 klient\u00f3w.<\/p>\n<p><strong>Konfigurowalny wyb\u00f3r smak\u00f3w<\/strong><br \/>\nDzi\u0119ki szerokiej gamie smak\u00f3w, od s\u0142odkich i owocowych po klasyczne i mentolowe, zam\u00f3wienia hurtowe mo\u017cna dostosowa\u0107 tak, aby obejmowa\u0142y r\u00f3\u017cnorodne opcje, kt\u00f3re zaspokoj\u0105 r\u00f3\u017cne preferencje. Ta elastyczno\u015b\u0107 zapewnia ka\u017cdemu klientowi idealne wra\u017cenia z wapowania.<\/p>\n<h3><\/h3>\n<h3><strong>Dlaczego warto wybra\u0107 zakupy hurtowe vapestornado Randm Vape 15k puff?<\/strong><\/h3>\n<ul>\n<li><strong>Korzy\u015bci hurtowe<\/strong>: Du\u017ce zam\u00f3wienia wi\u0105\u017c\u0105 si\u0119 z obni\u017conymi cenami, co czyni je inteligentnym wyborem dla firm.<\/li>\n<li><strong>Ekologiczny projekt<\/strong>: Technologia \u0142adowania zmniejsza ilo\u015b\u0107 odpad\u00f3w w por\u00f3wnaniu z urz\u0105dzeniami jednorazowego u\u017cytku.<\/li>\n<li><strong>Zwi\u0119kszone mar\u017ce zysku<\/strong>: Sprzedawcy detaliczni mog\u0105 wykorzysta\u0107 popularno\u015b\u0107 tego produktu o wysokim popycie.<\/li>\n<\/ul>\n<h3><strong>Odkryj \u015bwiat RandM Vape<\/strong><\/h3>\n<p>Zanurz si\u0119 w szerokim wyborze ekscytuj\u0105cych smak\u00f3w, takich jak <strong>Jagodowy L\u00f3d<\/strong>, <strong>Mango Brzoskwinia<\/strong>, <strong>Ch\u0142odna Mi\u0119ta<\/strong>i wiele innych. Ka\u017cdy smak jest stworzony, aby zapewni\u0107 wyj\u0105tkowy i sp\u00f3jny smak, dzi\u0119ki czemu ka\u017cdy wdech jest tak samo zachwycaj\u0105cy jak pierwszy. Odkryj najwy\u017csz\u0105 satysfakcj\u0119 z waporyzacji dzi\u0119ki RandM Tornado 15000 Puffs. Opcje zakupu hurtowego s\u0105 teraz dost\u0119pne w <a href=\"https:\/\/vapestornado.com\/pl\/\"><strong>vapestornado<\/strong><\/a>, Twoim zaufanym \u017ar\u00f3dle wysokiej jako\u015bci jednorazowych vape. Kupuj ju\u017c dzi\u015b i przenie\u015b swoj\u0105 podr\u00f3\u017c z waporyzacj\u0105 na wy\u017cszy poziom!<\/p>","protected":false},"excerpt":{"rendered":"<p>Cyfrowy ekran <strong data-start=\"1355\" data-end=\"1381\">RandM Tornado 15K Vape<\/strong> oferuje pojemno\u015b\u0107 25 ml, 15 000 zaci\u0105gni\u0119\u0107 i podw\u00f3jne wska\u017aniki. Lekka, \u0142adowalna opcja dostosowana dla <strong data-start=\"1487\" data-end=\"1523\">europejskich rynk\u00f3w hurtowej sprzeda\u017cy e-papieros\u00f3w<\/strong>.<\/p>\n<figure id=\"attachment_2951\" aria-describedby=\"caption-attachment-2951\" style=\"width: 265px\" class=\"wp-caption alignnone\"><img fetchpriority=\"high\" decoding=\"async\" class=\"size-medium wp-image-2951\" src=\"https:\/\/vapestornado.com\/wp-content\/uploads\/2024\/12\/Wholesale-Disposable-Vape-265x300.jpg\" alt=\"Hurtownia jednorazowych vape\" width=\"265\" height=\"300\" srcset=\"https:\/\/vapestornado.com\/wp-content\/uploads\/2024\/12\/Wholesale-Disposable-Vape-265x300.jpg 265w, https:\/\/vapestornado.com\/wp-content\/uploads\/2024\/12\/Wholesale-Disposable-Vape-768x871.jpg 768w, https:\/\/vapestornado.com\/wp-content\/uploads\/2024\/12\/Wholesale-Disposable-Vape-600x680.jpg 600w, https:\/\/vapestornado.com\/wp-content\/uploads\/2024\/12\/Wholesale-Disposable-Vape.jpg 823w\" sizes=\"(max-width: 265px) 100vw, 265px\" \/><figcaption id=\"caption-attachment-2951\" class=\"wp-caption-text\">Skontaktuj si\u0119 z Mandy przez WhatsApp, aby uzyska\u0107 cen\u0119 promocyjn\u0105<a href=\"https:\/\/wa.me\/8618077105796\">+8618077105796<\/a><\/figcaption><\/figure>\n<p>&nbsp;<\/p>","protected":false},"featured_media":2933,"comment_status":"open","ping_status":"closed","template":"","meta":{"_acf_changed":false,"_uag_custom_page_level_css":"","_lmt_disableupdate":"no","_lmt_disable":"","_monsterinsights_skip_tracking":false,"_monsterinsights_sitenote_active":false,"_monsterinsights_sitenote_note":"","_monsterinsights_sitenote_category":0,"site-sidebar-layout":"default","site-content-layout":"","ast-site-content-layout":"default","site-content-style":"default","site-sidebar-style":"default","ast-global-header-display":"","ast-banner-title-visibility":"","ast-main-header-display":"","ast-hfb-above-header-display":"","ast-hfb-below-header-display":"","ast-hfb-mobile-header-display":"","site-post-title":"","ast-breadcrumbs-content":"","ast-featured-img":"","footer-sml-layout":"","ast-disable-related-posts":"","theme-transparent-header-meta":"default","adv-header-id-meta":"","stick-header-meta":"","header-above-stick-meta":"","header-main-stick-meta":"","header-below-stick-meta":"","astra-migrate-meta-layouts":"set","ast-page-background-enabled":"default","ast-page-background-meta":{"desktop":{"background-color":"","background-image":"","background-repeat":"repeat","background-position":"center center","background-size":"auto","background-attachment":"scroll","background-type":"","background-media":"","overlay-type":"","overlay-color":"","overlay-opacity":"","overlay-gradient":""},"tablet":{"background-color":"","background-image":"","background-repeat":"repeat","background-position":"center center","background-size":"auto","background-attachment":"scroll","background-type":"","background-media":"","overlay-type":"","overlay-color":"","overlay-opacity":"","overlay-gradient":""},"mobile":{"background-color":"","background-image":"","background-repeat":"repeat","background-position":"center center","background-size":"auto","background-attachment":"scroll","background-type":"","background-media":"","overlay-type":"","overlay-color":"","overlay-opacity":"","overlay-gradient":""}},"ast-content-background-meta":{"desktop":{"background-color":"var(--ast-global-color-5)","background-image":"","background-repeat":"repeat","background-position":"center center","background-size":"auto","background-attachment":"scroll","background-type":"","background-media":"","overlay-type":"","overlay-color":"","overlay-opacity":"","overlay-gradient":""},"tablet":{"background-color":"var(--ast-global-color-5)","background-image":"","background-repeat":"repeat","background-position":"center center","background-size":"auto","background-attachment":"scroll","background-type":"","background-media":"","overlay-type":"","overlay-color":"","overlay-opacity":"","overlay-gradient":""},"mobile":{"background-color":"var(--ast-global-color-5)","background-image":"","background-repeat":"repeat","background-position":"center center","background-size":"auto","background-attachment":"scroll","background-type":"","background-media":"","overlay-type":"","overlay-color":"","overlay-opacity":"","overlay-gradient":""}},"_joinchat":{"telephone":"+8618077105796"}},"product_brand":[],"product_cat":[71,154,157,58,148],"product_tag":[97,80],"class_list":{"0":"post-2958","1":"product","2":"type-product","3":"status-publish","4":"has-post-thumbnail","6":"product_cat-15000-puff","7":"product_cat-buy-disposable-vapes-in-netherlands","8":"product_cat-buy-disposable-vapes-in-portugal","9":"product_cat-fumot-vape","10":"product_cat-tornado-disposable-vapes","11":"product_tag-hot-sale-disposable-vape","12":"product_tag-randm-15k","13":"desktop-align-left","14":"tablet-align-left","15":"mobile-align-left","17":"first","18":"instock","19":"sale","20":"shipping-taxable","21":"purchasable","22":"product-type-simple"},"acf":[],"uagb_featured_image_src":{"full":["https:\/\/vapestornado.com\/wp-content\/uploads\/2024\/12\/Discount-Price-Randm-Vape-Tornado-15000-Puffs-Apple-Peach-Pear.jpg",800,800,false],"thumbnail":["https:\/\/vapestornado.com\/wp-content\/uploads\/2024\/12\/Discount-Price-Randm-Vape-Tornado-15000-Puffs-Apple-Peach-Pear-150x150.jpg",150,150,true],"medium":["https:\/\/vapestornado.com\/wp-content\/uploads\/2024\/12\/Discount-Price-Randm-Vape-Tornado-15000-Puffs-Apple-Peach-Pear-300x300.jpg",300,300,true],"medium_large":["https:\/\/vapestornado.com\/wp-content\/uploads\/2024\/12\/Discount-Price-Randm-Vape-Tornado-15000-Puffs-Apple-Peach-Pear-768x768.jpg",768,768,true],"large":["https:\/\/vapestornado.com\/wp-content\/uploads\/2024\/12\/Discount-Price-Randm-Vape-Tornado-15000-Puffs-Apple-Peach-Pear.jpg",800,800,false],"1536x1536":["https:\/\/vapestornado.com\/wp-content\/uploads\/2024\/12\/Discount-Price-Randm-Vape-Tornado-15000-Puffs-Apple-Peach-Pear.jpg",800,800,false],"2048x2048":["https:\/\/vapestornado.com\/wp-content\/uploads\/2024\/12\/Discount-Price-Randm-Vape-Tornado-15000-Puffs-Apple-Peach-Pear.jpg",800,800,false],"trp-custom-language-flag":["https:\/\/vapestornado.com\/wp-content\/uploads\/2024\/12\/Discount-Price-Randm-Vape-Tornado-15000-Puffs-Apple-Peach-Pear.jpg",12,12,false],"woocommerce_thumbnail":["https:\/\/vapestornado.com\/wp-content\/uploads\/2024\/12\/Discount-Price-Randm-Vape-Tornado-15000-Puffs-Apple-Peach-Pear-300x300.jpg",300,300,true],"woocommerce_single":["https:\/\/vapestornado.com\/wp-content\/uploads\/2024\/12\/Discount-Price-Randm-Vape-Tornado-15000-Puffs-Apple-Peach-Pear-600x600.jpg",600,600,true],"woocommerce_gallery_thumbnail":["https:\/\/vapestornado.com\/wp-content\/uploads\/2024\/12\/Discount-Price-Randm-Vape-Tornado-15000-Puffs-Apple-Peach-Pear-100x100.jpg",100,100,true]},"uagb_author_info":{"display_name":"ESMANDY","author_link":"https:\/\/vapestornado.com\/pl\/author\/"},"uagb_comment_info":0,"uagb_excerpt":"The RandM Tornado 15K Vape offers 25ml capacity, 15,000 puffs, and dual indicators. A lightweight, rechargeable option tailored for wholesale vape markets in Europe. [caption id=\"attachment_2951\" align=\"alignnone\" width=\"265\"] Pls Contact Mandy's WhatsApp For Discount Price+8618077105796[\/caption] &nbsp;","_links":{"self":[{"href":"https:\/\/vapestornado.com\/pl\/wp-json\/wp\/v2\/product\/2958","targetHints":{"allow":["GET"]}}],"collection":[{"href":"https:\/\/vapestornado.com\/pl\/wp-json\/wp\/v2\/product"}],"about":[{"href":"https:\/\/vapestornado.com\/pl\/wp-json\/wp\/v2\/types\/product"}],"replies":[{"embeddable":true,"href":"https:\/\/vapestornado.com\/pl\/wp-json\/wp\/v2\/comments?post=2958"}],"wp:featuredmedia":[{"embeddable":true,"href":"https:\/\/vapestornado.com\/pl\/wp-json\/wp\/v2\/media\/2933"}],"wp:attachment":[{"href":"https:\/\/vapestornado.com\/pl\/wp-json\/wp\/v2\/media?parent=2958"}],"wp:term":[{"taxonomy":"product_brand","embeddable":true,"href":"https:\/\/vapestornado.com\/pl\/wp-json\/wp\/v2\/product_brand?post=2958"},{"taxonomy":"product_cat","embeddable":true,"href":"https:\/\/vapestornado.com\/pl\/wp-json\/wp\/v2\/product_cat?post=2958"},{"taxonomy":"product_tag","embeddable":true,"href":"https:\/\/vapestornado.com\/pl\/wp-json\/wp\/v2\/product_tag?post=2958"}],"curies":[{"name":"wp","href":"https:\/\/api.w.org\/{rel}","templated":true}]}}