{"id":2926,"date":"2024-12-03T08:03:07","date_gmt":"2024-12-03T08:03:07","guid":{"rendered":"https:\/\/vapestornado.com\/?post_type=product&#038;p=2926"},"modified":"2025-08-23T10:05:34","modified_gmt":"2025-08-23T10:05:34","slug":"fumot-digital-box-12000-puffs-cheap-price-disposable-vape","status":"publish","type":"product","link":"https:\/\/vapestornado.com\/pl\/product\/fumot-digital-box-12000-puffs-cheap-price-disposable-vape\/","title":{"rendered":"Fumot Digital Box 12000 Puffs Tani Jednorazowy Vape"},"content":{"rendered":"<h1>Fumot Digital Box 12000 Puffs Tani Jednorazowy Vape<\/h1>\n<p>&nbsp;<\/p>\n<p data-start=\"298\" data-end=\"609\">Cyfrowy ekran <strong data-start=\"302\" data-end=\"351\">Fumot Digital Box 12000 Puffs Jednorazowy Vape<\/strong> oferuje d\u0142ugotrwa\u0142\u0105 wydajno\u015b\u0107 i siln\u0105 atrakcyjno\u015b\u0107 hurtow\u0105. Z <strong data-start=\"420\" data-end=\"453\">20 ml wst\u0119pnie nape\u0142nionego zbiornika e-liquidu<\/strong> i do <strong data-start=\"464\" data-end=\"491\">12 000 zaci\u0105gni\u0119\u0107 na urz\u0105dzenie<\/strong>, zapewnia wyd\u0142u\u017cone u\u017cytkowanie i sp\u00f3jny smak, co czyni go atrakcyjnym wyborem zar\u00f3wno dla sprzedawc\u00f3w detalicznych, jak i nabywc\u00f3w hurtowych.<\/p>\n<p data-start=\"611\" data-end=\"868\">Zasilany przez <strong data-start=\"624\" data-end=\"655\">akumulator 550mAh<\/strong> z <strong data-start=\"661\" data-end=\"685\">Szybkie \u0142adowanie typu C<\/strong>, ten waporyzator minimalizuje przestoje, zapewniaj\u0105c jednocze\u015bnie niezawodne dzia\u0142anie. Jego <strong data-start=\"759\" data-end=\"789\">regulowanej kontroli przep\u0142ywu powietrza<\/strong> umo\u017cliwia klientom dostosowanie produkcji pary, co przemawia do szerokiego grona u\u017cytkownik\u00f3w.<\/p>\n<p data-start=\"870\" data-end=\"1111\">Unikaln\u0105 cech\u0105 <strong data-start=\"894\" data-end=\"919\">Fumot 12K Cyfrowa Skrzynka<\/strong> jest <strong data-start=\"927\" data-end=\"943\">6 \u015bwiate\u0142 RGB<\/strong>, kt\u00f3re aktywuj\u0105 si\u0119 podczas u\u017cytkowania, dodaj\u0105c wizualnego uroku \u2013 popularne w\u015br\u00f3d m\u0142odszych europejskich konsument\u00f3w. Kompaktowy, trwa\u0142y i \u0142atwy do przenoszenia, nadaje si\u0119 zar\u00f3wno do codziennego, jak i towarzyskiego u\u017cytku.<\/p>\n<p data-start=\"1113\" data-end=\"1315\">Dzi\u0119ki r\u00f3wnowadze du\u017cej pojemno\u015bci zaci\u0105gni\u0119\u0107, konfigurowalnych funkcji i <strong data-start=\"1180\" data-end=\"1213\">konkurencyjne ceny hurtowe<\/strong>, <strong data-start=\"1219\" data-end=\"1246\">Fumot Cyfrowa Skrzynka 12000<\/strong> to m\u0105dry dodatek dla sklep\u00f3w z waporyzatorami i dystrybutor\u00f3w w ca\u0142ej Europie.<\/p>\n<p><img fetchpriority=\"high\" decoding=\"async\" class=\"size-medium wp-image-2951\" src=\"https:\/\/vapestornado.com\/wp-content\/uploads\/2024\/12\/Wholesale-Disposable-Vape-265x300.jpg\" alt=\"Hurtownia jednorazowych vape\" width=\"265\" height=\"300\" srcset=\"https:\/\/vapestornado.com\/wp-content\/uploads\/2024\/12\/Wholesale-Disposable-Vape-265x300.jpg 265w, https:\/\/vapestornado.com\/wp-content\/uploads\/2024\/12\/Wholesale-Disposable-Vape-768x871.jpg 768w, https:\/\/vapestornado.com\/wp-content\/uploads\/2024\/12\/Wholesale-Disposable-Vape-600x680.jpg 600w, https:\/\/vapestornado.com\/wp-content\/uploads\/2024\/12\/Wholesale-Disposable-Vape.jpg 823w\" sizes=\"(max-width: 265px) 100vw, 265px\" \/><\/p>\n<h6>Skontaktuj si\u0119 z Mandy przez WhatsApp, aby uzyska\u0107 cen\u0119 promocyjn\u0105<a href=\"https:\/\/wa.me\/8618077105796\" target=\"_blank\" rel=\"noopener\">+8618077105796<\/a><\/h6>\n<p>&nbsp;<\/p>\n<h3>Cechy Produktu<\/h3>\n<ul>\n<li><strong>20 ml e-liquidu<\/strong>: Zapewnia wyj\u0105tkowy smak i do 12 000 zaci\u0105gni\u0119\u0107.<\/li>\n<li><strong>akumulator 550mAh<\/strong>: Zapewnia d\u0142ugotrwa\u0142\u0105 moc dzi\u0119ki szybkiemu \u0142adowaniu typu C.<\/li>\n<li><strong>6 \u015bwiate\u0142 RGB<\/strong>: Wzbogaca wra\u017cenia z waporyzacji o ch\u0142odn\u0105 i stylow\u0105 po\u015bwiat\u0119.<\/li>\n<li><strong>Prze\u0142\u0105cznik kontroli przep\u0142ywu powietrza<\/strong>: Bez wysi\u0142ku dostosuj intensywno\u015b\u0107 pary do swoich preferencji.<\/li>\n<li><strong>Kompaktowy i trwa\u0142y<\/strong>: Idealny do u\u017cytku w podr\u00f3\u017cy dzi\u0119ki eleganckiemu, ekskluzywnemu wygl\u0105dowi.<\/li>\n<\/ul>\n<h4><strong>Fumot 12000 smak\u00f3w<\/strong><\/h4>\n<p>1 Mi\u0119ta Ch\u0142odna<br \/>\n2 Arbuz z Lodem<br \/>\n3 Winogrono z Lodem<br \/>\n4 Jagoda z Malin\u0105<br \/>\n5 Truskawka z Arbuzem<br \/>\n6 Truskawka z Bananem<br \/>\n7 Bujny l\u00f3d<br \/>\n8 Wi\u015bnia<br \/>\n9 Mro\u017cona truskawka<br \/>\n10 L\u00f3d na patyku<br \/>\n11 R\u00f3\u017cowa lemoniada<br \/>\n12 Mango z lodem<br \/>\n13 Mieszane jagody<br \/>\n14 P\u0105czek truskawkowy<br \/>\n15 Truskawkowe winogrono<br \/>\n16 Cola wi\u015bniowa<br \/>\n17 Dr niebieski<br \/>\n18 Jagoda z lodem<br \/>\n19 Guawa z marakui i kiwi<br \/>\n20 Truskawkowe kiwi<br \/>\n21 Brzoskwiniowe mango<br \/>\n22 Mro\u017cona brzoskwinia<br \/>\n23 Mro\u017cone czerwone jab\u0142ko<br \/>\n24 Guma balonowa jagodowa<br \/>\n25 Lemoniada jagodowa<br \/>\n26 Lemoniada Blue Razz<br \/>\n27 Bluesour malinowy<br \/>\n28 Truskawkowy Red Bull<br \/>\n29 Jab\u0142kowo-jagodowy wybuch<br \/>\n30 Arbuzowa guma balonowa<br \/>\n31 Malinowy arbuz<br \/>\n32 Czarny l\u00f3d<br \/>\n33 Jagoda, wi\u015bnia, \u017curawina<br \/>\n34 Truskawkowy granat<br \/>\n35 Vimto<br \/>\n36 Wi\u015bniowo-jagodowy<br \/>\n37 Cytryna<br \/>\n38 Bingo Crush<br \/>\n39 Jagoda kiwi<br \/>\n40 Jab\u0142ko cynamon<\/p>\n<p>&nbsp;<\/p>\n<h3>Najcz\u0119\u015bciej zadawane pytania dotycz\u0105ce jednorazowego e-papierosa Fumot Digital Box 12000 Puffs<\/h3>\n<p><strong>P: Czy e-papierosy Fumot s\u0105 wysokiej jako\u015bci?<\/strong><br \/>\n<strong>A:<\/strong> Tak, e-papierosy Fumot s\u0142yn\u0105 z najwy\u017cszej jako\u015bci i wyj\u0105tkowej wydajno\u015bci. S\u0105 wyposa\u017cone w zaawansowan\u0105 technologi\u0119, kt\u00f3ra zapewnia sp\u00f3jny smak, satysfakcjonuj\u0105ce wra\u017cenia z wapowania i imponuj\u0105c\u0105 liczb\u0119 zaci\u0105gni\u0119\u0107, co czyni je niezawodnym wyborem dla entuzjast\u00f3w wapowania.<\/p>\n<p><strong>P: Jak d\u0142ugo wystarcza e-papieros RandM z 12 000 zaci\u0105gni\u0119\u0107?<\/strong><br \/>\n<strong>A:<\/strong> Czas trwania zale\u017cy od indywidualnych nawyk\u00f3w u\u017cytkowania. W przypadku os\u00f3b intensywnie korzystaj\u0105cych mo\u017ce wystarczy\u0107 na kilka tygodni, natomiast osoby umiarkowanie korzystaj\u0105ce mog\u0105 uzna\u0107, \u017ce wystarcza na jeden do dw\u00f3ch miesi\u0119cy. Osoby korzystaj\u0105ce sporadycznie mog\u0105 potencjalnie cieszy\u0107 si\u0119 urz\u0105dzeniem nawet przez trzy miesi\u0105ce, co czyni go idealnym rozwi\u0105zaniem dla tych, kt\u00f3rzy preferuj\u0105 d\u0142ugotrwa\u0142\u0105 opcj\u0119 wapowania bez cz\u0119stych wymian.<\/p>\n<p><strong>P: Jaka jest cena e-papierosa Fumot z 12 000 zaci\u0105gni\u0119\u0107?<\/strong><br \/>\n<strong>A:<\/strong> Cena e-papierosa z 12 000 zaci\u0105gni\u0119\u0107 r\u00f3\u017cni si\u0119 w zale\u017cno\u015bci od marki, funkcji i sprzedawcy. Zazwyczaj w Wielkiej Brytanii waha si\u0119 od 15 do 30 funt\u00f3w. Sezonowe rabaty, dost\u0119pno\u015b\u0107 i r\u00f3\u017cnice w modelach mog\u0105 r\u00f3wnie\u017c wp\u0142ywa\u0107 na koszt.<\/p>\n<p><strong>P: Ile nikotyny znajduje si\u0119 w e-papierosie z 12 000 zaci\u0105gni\u0119\u0107?<\/strong><br \/>\n<strong>A:<\/strong> Fumot Digital Box oferuje wiele opcji st\u0119\u017cenia nikotyny, w tym 0%, 2%, 3% i 5%. Ta r\u00f3\u017cnorodno\u015b\u0107 pozwala u\u017cytkownikom wybra\u0107 poziom, kt\u00f3ry jest zgodny z ich preferencjami i nawykami wapowania.<\/p>\n<p><strong>P: Ile czasu zajmuje na\u0142adowanie e-papierosa Fumot?<\/strong><br \/>\n<strong>A:<\/strong> Czas \u0142adowania e-papierosa Fumot wynosi oko\u0142o 1 do 2 godzin, w zale\u017cno\u015bci od pojemno\u015bci baterii urz\u0105dzenia i typu \u0142adowarki. Funkcja szybkiego \u0142adowania zapewnia minimalny czas przestoju, dzi\u0119ki czemu u\u017cytkownicy mog\u0105 szybko wznowi\u0107 wapowanie.<\/p>\n<p>&nbsp;<\/p>\n<h3>Powody, dla kt\u00f3rych warto wybra\u0107 cen\u0119 hurtow\u0105 <a href=\"https:\/\/vapestornado.com\/pl\/product\/fumot-digital-box-12000-puffs-cheap-price-disposable-vape\/\">Fumot Digital Box 12000 zaci\u0105gni\u0119\u0107<\/a> Jednorazowy e-papieros w <a href=\"https:\/\/vapestornado.com\/pl\/store\/\">vapestornado<\/a><\/h3>\n<ol>\n<li><strong>Wysoka liczba zaci\u0105gni\u0119\u0107 dla d\u0142ugowieczno\u015bci<\/strong><br \/>\nDzi\u0119ki imponuj\u0105cej pojemno\u015bci 12 000 zaci\u0105gni\u0119\u0107 urz\u0105dzenie zapewnia d\u0142ugotrwa\u0142e u\u017cytkowanie, idealne dla os\u00f3b poszukuj\u0105cych d\u0142ugotrwa\u0142ego e-papierosa bez cz\u0119stych wymian.<\/li>\n<li><strong>Konfigurowalne opcje nikotyny<\/strong><br \/>\nDost\u0119pny w st\u0119\u017ceniach nikotyny 0%, 2%, 3% i 5%, Fumot Digital Box zaspokaja szeroki zakres preferencji, niezale\u017cnie od tego, czy szukasz wra\u017ce\u0144 beznikotynowych, czy mocniejszych.<\/li>\n<li><strong>Kompaktowa konstrukcja z zaawansowanymi funkcjami<\/strong><br \/>\nElegancka, lekka konstrukcja po\u0142\u0105czona jest z nowoczesnymi funkcjami, takimi jak kontrola przep\u0142ywu powietrza i 6 \u015bwiate\u0142 RGB, zapewniaj\u0105c zar\u00f3wno funkcjonalno\u015b\u0107, jak i styl.<\/li>\n<li><strong>Wygodny akumulator<\/strong><br \/>\nWyposa\u017cony w akumulator 550 mAh i port \u0142adowania typu C, oferuje szybkie \u0142adowanie, minimalizuj\u0105c przestoje.<\/li>\n<li><strong>Przyst\u0119pna cena<\/strong><br \/>\nOferuj\u0105c funkcje premium w konkurencyjnej cenie, Fumot Digital Box zapewnia doskona\u0142\u0105 warto\u015b\u0107 dla os\u00f3b poszukuj\u0105cych niedrogiego, wysokowydajnego rozwi\u0105zania do waporyzacji.<\/li>\n<\/ol>","protected":false},"excerpt":{"rendered":"<p>Odkryj niezr\u00f3wnane oferty na Fumot Digital Box 12000 puff Rechargeable Vape. Skontaktuj si\u0119 ju\u017c dzi\u015b, aby zabezpieczy\u0107 sw\u00f3j specjalny rabat!<strong>(MOQ to 50 sztuk)<\/strong><\/p>\n<figure id=\"attachment_2951\" aria-describedby=\"caption-attachment-2951\" style=\"width: 265px\" class=\"wp-caption alignnone\"><img fetchpriority=\"high\" decoding=\"async\" class=\"size-medium wp-image-2951\" src=\"https:\/\/vapestornado.com\/wp-content\/uploads\/2024\/12\/Wholesale-Disposable-Vape-265x300.jpg\" alt=\"Hurtownia jednorazowych vape\" width=\"265\" height=\"300\" srcset=\"https:\/\/vapestornado.com\/wp-content\/uploads\/2024\/12\/Wholesale-Disposable-Vape-265x300.jpg 265w, https:\/\/vapestornado.com\/wp-content\/uploads\/2024\/12\/Wholesale-Disposable-Vape-768x871.jpg 768w, https:\/\/vapestornado.com\/wp-content\/uploads\/2024\/12\/Wholesale-Disposable-Vape-600x680.jpg 600w, https:\/\/vapestornado.com\/wp-content\/uploads\/2024\/12\/Wholesale-Disposable-Vape.jpg 823w\" sizes=\"(max-width: 265px) 100vw, 265px\" \/><figcaption id=\"caption-attachment-2951\" class=\"wp-caption-text\">Skontaktuj si\u0119 z Mandy przez WhatsApp, aby uzyska\u0107 cen\u0119 promocyjn\u0105<a href=\"https:\/\/wa.me\/8618077105796\">+8618077105796<\/a><\/figcaption><\/figure>","protected":false},"featured_media":2943,"comment_status":"open","ping_status":"closed","template":"","meta":{"_acf_changed":false,"_uag_custom_page_level_css":"","_lmt_disableupdate":"no","_lmt_disable":"","_monsterinsights_skip_tracking":false,"_monsterinsights_sitenote_active":false,"_monsterinsights_sitenote_note":"","_monsterinsights_sitenote_category":0,"site-sidebar-layout":"default","site-content-layout":"","ast-site-content-layout":"default","site-content-style":"default","site-sidebar-style":"default","ast-global-header-display":"","ast-banner-title-visibility":"","ast-main-header-display":"","ast-hfb-above-header-display":"","ast-hfb-below-header-display":"","ast-hfb-mobile-header-display":"","site-post-title":"","ast-breadcrumbs-content":"","ast-featured-img":"","footer-sml-layout":"","ast-disable-related-posts":"","theme-transparent-header-meta":"default","adv-header-id-meta":"","stick-header-meta":"","header-above-stick-meta":"","header-main-stick-meta":"","header-below-stick-meta":"","astra-migrate-meta-layouts":"set","ast-page-background-enabled":"default","ast-page-background-meta":{"desktop":{"background-color":"","background-image":"","background-repeat":"repeat","background-position":"center center","background-size":"auto","background-attachment":"scroll","background-type":"","background-media":"","overlay-type":"","overlay-color":"","overlay-opacity":"","overlay-gradient":""},"tablet":{"background-color":"","background-image":"","background-repeat":"repeat","background-position":"center center","background-size":"auto","background-attachment":"scroll","background-type":"","background-media":"","overlay-type":"","overlay-color":"","overlay-opacity":"","overlay-gradient":""},"mobile":{"background-color":"","background-image":"","background-repeat":"repeat","background-position":"center center","background-size":"auto","background-attachment":"scroll","background-type":"","background-media":"","overlay-type":"","overlay-color":"","overlay-opacity":"","overlay-gradient":""}},"ast-content-background-meta":{"desktop":{"background-color":"var(--ast-global-color-5)","background-image":"","background-repeat":"repeat","background-position":"center center","background-size":"auto","background-attachment":"scroll","background-type":"","background-media":"","overlay-type":"","overlay-color":"","overlay-opacity":"","overlay-gradient":""},"tablet":{"background-color":"var(--ast-global-color-5)","background-image":"","background-repeat":"repeat","background-position":"center center","background-size":"auto","background-attachment":"scroll","background-type":"","background-media":"","overlay-type":"","overlay-color":"","overlay-opacity":"","overlay-gradient":""},"mobile":{"background-color":"var(--ast-global-color-5)","background-image":"","background-repeat":"repeat","background-position":"center center","background-size":"auto","background-attachment":"scroll","background-type":"","background-media":"","overlay-type":"","overlay-color":"","overlay-opacity":"","overlay-gradient":""}},"_joinchat":{"telephone":"+8618077105796"}},"product_brand":[],"product_cat":[72,154,155,142,58],"product_tag":[82,98],"class_list":{"0":"post-2926","1":"product","2":"type-product","3":"status-publish","4":"has-post-thumbnail","6":"product_cat-12000-puff","7":"product_cat-buy-disposable-vapes-in-netherlands","8":"product_cat-buy-disposable-vapes-in-norway","9":"product_cat-digital-box-disposable-vapes","10":"product_cat-fumot-vape","11":"product_tag-fumot-digital-box-12000-puffs","12":"product_tag-wholesale-price-disposable-vape","13":"desktop-align-left","14":"tablet-align-left","15":"mobile-align-left","17":"first","18":"instock","19":"sale","20":"shipping-taxable","21":"purchasable","22":"product-type-simple"},"acf":[],"uagb_featured_image_src":{"full":["https:\/\/vapestornado.com\/wp-content\/uploads\/2024\/12\/Fumot-Digital-Box-12000-Puffs-Grape-Ice.jpg",800,800,false],"thumbnail":["https:\/\/vapestornado.com\/wp-content\/uploads\/2024\/12\/Fumot-Digital-Box-12000-Puffs-Grape-Ice-150x150.jpg",150,150,true],"medium":["https:\/\/vapestornado.com\/wp-content\/uploads\/2024\/12\/Fumot-Digital-Box-12000-Puffs-Grape-Ice-300x300.jpg",300,300,true],"medium_large":["https:\/\/vapestornado.com\/wp-content\/uploads\/2024\/12\/Fumot-Digital-Box-12000-Puffs-Grape-Ice-768x768.jpg",768,768,true],"large":["https:\/\/vapestornado.com\/wp-content\/uploads\/2024\/12\/Fumot-Digital-Box-12000-Puffs-Grape-Ice.jpg",800,800,false],"1536x1536":["https:\/\/vapestornado.com\/wp-content\/uploads\/2024\/12\/Fumot-Digital-Box-12000-Puffs-Grape-Ice.jpg",800,800,false],"2048x2048":["https:\/\/vapestornado.com\/wp-content\/uploads\/2024\/12\/Fumot-Digital-Box-12000-Puffs-Grape-Ice.jpg",800,800,false],"trp-custom-language-flag":["https:\/\/vapestornado.com\/wp-content\/uploads\/2024\/12\/Fumot-Digital-Box-12000-Puffs-Grape-Ice.jpg",12,12,false],"woocommerce_thumbnail":["https:\/\/vapestornado.com\/wp-content\/uploads\/2024\/12\/Fumot-Digital-Box-12000-Puffs-Grape-Ice-300x300.jpg",300,300,true],"woocommerce_single":["https:\/\/vapestornado.com\/wp-content\/uploads\/2024\/12\/Fumot-Digital-Box-12000-Puffs-Grape-Ice-600x600.jpg",600,600,true],"woocommerce_gallery_thumbnail":["https:\/\/vapestornado.com\/wp-content\/uploads\/2024\/12\/Fumot-Digital-Box-12000-Puffs-Grape-Ice-100x100.jpg",100,100,true]},"uagb_author_info":{"display_name":"ESMANDY","author_link":"https:\/\/vapestornado.com\/pl\/author\/"},"uagb_comment_info":0,"uagb_excerpt":"Discover unbeatable deals on the Fumot Digital Box 12000 puff Rechargeable Vape. Reach out today to secure your special discount!(MOQ is 50pcs) [caption id=\"attachment_2951\" align=\"alignnone\" width=\"265\"] Pls Contact Mandy's WhatsApp For Discount Price+8618077105796[\/caption]","_links":{"self":[{"href":"https:\/\/vapestornado.com\/pl\/wp-json\/wp\/v2\/product\/2926","targetHints":{"allow":["GET"]}}],"collection":[{"href":"https:\/\/vapestornado.com\/pl\/wp-json\/wp\/v2\/product"}],"about":[{"href":"https:\/\/vapestornado.com\/pl\/wp-json\/wp\/v2\/types\/product"}],"replies":[{"embeddable":true,"href":"https:\/\/vapestornado.com\/pl\/wp-json\/wp\/v2\/comments?post=2926"}],"wp:featuredmedia":[{"embeddable":true,"href":"https:\/\/vapestornado.com\/pl\/wp-json\/wp\/v2\/media\/2943"}],"wp:attachment":[{"href":"https:\/\/vapestornado.com\/pl\/wp-json\/wp\/v2\/media?parent=2926"}],"wp:term":[{"taxonomy":"product_brand","embeddable":true,"href":"https:\/\/vapestornado.com\/pl\/wp-json\/wp\/v2\/product_brand?post=2926"},{"taxonomy":"product_cat","embeddable":true,"href":"https:\/\/vapestornado.com\/pl\/wp-json\/wp\/v2\/product_cat?post=2926"},{"taxonomy":"product_tag","embeddable":true,"href":"https:\/\/vapestornado.com\/pl\/wp-json\/wp\/v2\/product_tag?post=2926"}],"curies":[{"name":"wp","href":"https:\/\/api.w.org\/{rel}","templated":true}]}}