{"id":2922,"date":"2024-12-02T03:41:29","date_gmt":"2024-12-02T03:41:29","guid":{"rendered":"https:\/\/vapestornado.com\/?post_type=product&#038;p=2922"},"modified":"2025-10-31T09:41:30","modified_gmt":"2025-10-31T09:41:30","slug":"fumot-randm-tornado-15000-puffs-rechargeable-disposable-vape-wholesale","status":"publish","type":"product","link":"https:\/\/vapestornado.com\/pl\/product\/fumot-randm-tornado-15000-puffs-rechargeable-disposable-vape-wholesale\/","title":{"rendered":"Fumot RandM Tornado 15000 Puffs \u0141adowalny Jednorazowy E-Papieros Vape Sprzeda\u017c Hurtowa"},"content":{"rendered":"<h1 class=\"product-title\">Fumot RandM Tornado 15000 Puffs \u0141adowalny Jednorazowy E-Papieros Vape Sprzeda\u017c Hurtowa<\/h1>\n<p data-start=\"0\" data-end=\"528\">Cyfrowy ekran <strong data-start=\"4\" data-end=\"55\">Fumot RandM Tornado 15000 Puffs Jednorazowy Vape<\/strong> jest pot\u0119\u017cny <strong data-start=\"70\" data-end=\"82\">15K vape<\/strong> zaprojektowany dla wydajno\u015bci, niezawodno\u015bci i warto\u015bci. Ka\u017cda <strong data-start=\"135\" data-end=\"158\">RandM Tornado 15000<\/strong> jednostka zapewnia do <strong data-start=\"179\" data-end=\"195\">15 000 zaci\u0105gni\u0119\u0107<\/strong> z ogromn\u0105 <strong data-start=\"211\" data-end=\"235\">22 ml wst\u0119pnie nape\u0142niony zbiornik<\/strong>, oferuj\u0105c wyj\u0105tkow\u0105 trwa\u0142o\u015b\u0107 dla sprzedawc\u00f3w i hurtownik\u00f3w poszukuj\u0105cych towar\u00f3w o du\u017cym popycie. Zaprojektowany z precyzj\u0105, ten <strong data-start=\"355\" data-end=\"375\">15K tornado vape<\/strong> zapewnia sta\u0142\u0105 produkcj\u0119 pary i bogate dozowanie smaku, czyni\u0105c go jednym z najpopularniejszych <strong data-start=\"473\" data-end=\"495\">tornado vape 15000<\/strong> modeli na rynku europejskim.<\/p>\n<p data-start=\"530\" data-end=\"866\">Wyposa\u017cony w <strong data-start=\"547\" data-end=\"578\">akumulator 850mAh<\/strong> i <strong data-start=\"583\" data-end=\"607\">Szybkie \u0142adowanie typu C<\/strong>, urz\u0105dzenie minimalizuje przestoje, jednocze\u015bnie utrzymuj\u0105c stabiln\u0105 wydajno\u015b\u0107 podczas ka\u017cdej sesji. The <strong data-start=\"700\" data-end=\"720\">systemem grza\u0142ki siatkowej<\/strong> zwi\u0119ksza intensywno\u015b\u0107 smaku i g\u0142adko\u015b\u0107 pary, podczas gdy the <strong data-start=\"779\" data-end=\"797\">wska\u017aniki LED<\/strong> informuje u\u017cytkownik\u00f3w o stanie e-liquid i baterii na pierwszy rzut oka.<\/p>\n<p data-start=\"868\" data-end=\"1247\" data-is-last-node=\"\" data-is-only-node=\"\">Dost\u0119pne w <strong data-start=\"881\" data-end=\"910\">2% i 5% nikotyny<\/strong> z ponad <strong data-start=\"926\" data-end=\"940\">45 smak\u00f3w<\/strong>, <strong data-start=\"946\" data-end=\"966\">Fumot vape 15000<\/strong> odpowiada zar\u00f3wno okazjonalnym u\u017cytkownikom, jak i intensywnym vaperom. Kompaktowy, stylowy i \u0142atwy do przenoszenia, jest idealnym dodatkiem do ka\u017cdego katalogu hurtowego. Dla dystrybutor\u00f3w w Polsce, the <strong data-start=\"1132\" data-end=\"1166\">RandM Tornado 15000 Paliw Vape<\/strong> oferuje najwy\u017csz\u0105 wydajno\u015b\u0107, r\u00f3\u017cnorodno\u015b\u0107 smak\u00f3w i nie do pobicia ceny hurtowe.<\/p>\n<p>&nbsp;<\/p>\n<p><strong>Dodaj Amy na WhatsApp, aby uzyska\u0107 szybk\u0105 odpowied\u017a i kupon na vape!<\/strong><\/p>\n<p><img fetchpriority=\"high\" decoding=\"async\" class=\"size-full wp-image-2932\" src=\"https:\/\/vapestornado.com\/wp-content\/uploads\/2024\/12\/Vape-Wholesale.jpg\" alt=\"Hurtowa sprzeda\u017c e-papieros\u00f3w\" width=\"229\" height=\"300\" \/><\/p>\n<h3><a href=\"https:\/\/wa.me\/8617776015835\" target=\"_blank\" rel=\"noopener\"><span style=\"color: #ff0000;\"><strong>WhatsApp: +86 17776015835<\/strong><\/span><\/a><\/h3>\n<p>&nbsp;<\/p>\n<h2><strong>RandM Tornado 15000 Cechy Produktu<\/strong><\/h2>\n<p>Liczba zaci\u0105gni\u0119\u0107: Do 15000 zaci\u0105gni\u0119\u0107.<br \/>\nPojemno\u015b\u0107 baterii: Akumulator 850mAh z mo\u017cliwo\u015bci\u0105 \u0142adowania<br \/>\nSzybkie \u0142adowanie: USB Typ-C<br \/>\nWska\u017anik LED poziomu baterii i oleju.<br \/>\nGrza\u0142ka Mesh<br \/>\nDost\u0119pnych 45 smak\u00f3w.<br \/>\nNikotyna: 2% 5%<br \/>\nKompaktowy<\/p>\n<h2 class=\"product-title\"><strong>Lista smak\u00f3w e-papieros\u00f3w RandM 15k<\/strong><\/h2>\n<p>1. Blue Razz Lemonade (Lemoniada z niebieskiej maliny)<br \/>\n2. Peach Ice (Brzoskwinia z lodem)<br \/>\n3. Sour Apple (Kwa\u015bne jab\u0142ko)<br \/>\n4. Arbuzowa L\u00f3d<br \/>\n5. Blueberry On Ice (Jagoda z lodem)<br \/>\n6. Jagoda z malin\u0105<br \/>\n7. L\u00f3d Ananasowy<br \/>\n8. Wi\u015bnia<br \/>\n9. L\u00f3d Truskawkowy<br \/>\n10. Vimto<br \/>\n11. L\u00f3d Winogronowy<br \/>\n12. L\u00f3d Cola<br \/>\n13. Truskawka Arbuz<br \/>\n14. R\u00f3\u017cowa Lemoniada<br \/>\n15. Mieszanka Jag\u00f3d<br \/>\n16. Brzoskwinia Mango<br \/>\n17. Smoczy Owoc<br \/>\n18. Truskawkowe Winogrono<br \/>\n19. Mr Blue<br \/>\n20. Soczysty L\u00f3d<br \/>\n21. L\u00f3d na Patyku<br \/>\n22. Truskawka Kiwi<br \/>\n23. Kiwi Marakuja Guawa<br \/>\n24. Potr\u00f3jna Jagoda<br \/>\n25. Bananowy L\u00f3d<br \/>\n26. Brzoskwiniowo-Jagodowy Cukierkowy<br \/>\n27. Jab\u0142ko Brzoskwinia Gruszka<br \/>\n28. Jagodowa Lemonada<br \/>\n29. Niebieska Malina Wi\u015bnia<br \/>\n30. Jagodowa Guma Balonowa<br \/>\n31. Jagoda Wi\u015bnia \u017burawina<br \/>\n32. Jagoda Granat<br \/>\n33. Kwa\u015bna Niebieska Malina<br \/>\n34. Cola Wi\u015bniowa<br \/>\n35. \u017belkowy\u00a0Mi\u015b<br \/>\n36. Cytryna<br \/>\n37. Mango On Ice<br \/>\n38. Red Energy Ice<br \/>\n39. Strawberry Banana<br \/>\n40. Strawberry Red Bull<br \/>\n41. Strawberry Watermelon Lemonade<br \/>\n42. Ice Tea Lemon Ice<br \/>\n43. Ice Tea Peach Ice<br \/>\n44. Fizzy Cherry<br \/>\n45. Skittles<\/p>\n<h3>Dlaczego warto wybra\u0107 vapestornado do hurtowej sprzeda\u017cy Fumot 15k Tornado Vape?<\/h3>\n<div class=\"flex-shrink-0 flex flex-col relative items-end\">\n<div class=\"pt-0\">\n<div class=\"gizmo-bot-avatar flex h-8 w-8 items-center justify-center overflow-hidden rounded-full\">\n<div class=\"relative p-1 rounded-sm flex items-center justify-center bg-token-main-surface-primary text-token-text-primary h-8 w-8\">\n<p>Witamy w vapestornado, Twoim zaufanym sklepie internetowym z wysokiej jako\u015bci jednorazowymi e-papierosami. Z ponad 5-letnim do\u015bwiadczeniem, oferujemy popularne marki jednorazowych e-papieros\u00f3w, takie jak <a href=\"https:\/\/vapestornado.com\/pl\/product\/jnr-ragegorilla-55000-puffs-55k-vape-disposables-42ml-2-nicotine-wholesale-price\/\">JNR Vape<\/a>, Vapme, Bang Vape, Waspe Vape i <a href=\"https:\/\/vapestornado.com\/pl\/product\/original-wga-ultra-35k-35000-puff-rechargeable-crystal-disposable-nicotine-vape-best-discount-price\/\">WGA Vape<\/a>, itd.<\/p>\n<p>Nasza oferta obejmuje popularne vape, takie jak RandM Tornado 15000, oraz bogate w smaki opcje, takie jak WASPE Double Flavor 40000 Puffs. Ka\u017cdy produkt jest wybierany z naciskiem na jako\u015b\u0107, warto\u015b\u0107 i r\u00f3\u017cnorodno\u015b\u0107, dzi\u0119ki czemu znajdziesz idealne dopasowanie do swoich potrzeb. Odkryj wyj\u0105tkow\u0105 obs\u0142ug\u0119 i szerok\u0105 gam\u0119 najlepszych produkt\u00f3w w vapestornado.<\/p>\n<\/div>\n<h3><\/h3>\n<div class=\"relative p-1 rounded-sm flex items-center justify-center bg-token-main-surface-primary text-token-text-primary h-8 w-8\">\n<h3>FAQ dotycz\u0105ce jednorazowego vape RandM 15k<\/h3>\n<\/div>\n<\/div>\n<\/div>\n<\/div>\n<div class=\"flex-shrink-0 flex flex-col relative items-end\">\n<div class=\"pt-0\">\n<div class=\"gizmo-bot-avatar flex h-8 w-8 items-center justify-center overflow-hidden rounded-full\">\n<div class=\"relative p-1 rounded-sm flex items-center justify-center bg-token-main-surface-primary text-token-text-primary h-8 w-8\"><\/div>\n<\/div>\n<\/div>\n<\/div>\n<div class=\"group\/conversation-turn relative flex w-full min-w-0 flex-col agent-turn\">\n<div class=\"flex-col gap-1 md:gap-3\">\n<div class=\"flex max-w-full flex-col flex-grow\">\n<div class=\"min-h-8 text-message flex w-full flex-col items-end gap-2 whitespace-normal break-words [.text-message+&amp;]:mt-5\" dir=\"auto\" data-message-author-role=\"assistant\" data-message-id=\"db716a1c-9ed0-4b8d-b3b0-7bdb913c3d42\" data-message-model-slug=\"gpt-4o\">\n<div class=\"flex w-full flex-col gap-1 empty:hidden first:pt-[3px]\">\n<div class=\"markdown prose w-full break-words dark:prose-invert light\">\n<p><strong>Gdzie kupi\u0107 RandM Tornado 15000 Vape w cenie hurtowej w Niemczech<\/strong><br \/>\nAby kupi\u0107 RandM Tornado 15000 vape w cenach hurtowych w Niemczech, skontaktuj si\u0119 z autoryzowanymi dystrybutorami hurtowymi vape lub dostawcami internetowymi specjalizuj\u0105cymi si\u0119 w produktach RandM Vape. Upewnij si\u0119, \u017ce przestrzegaj\u0105 oni lokalnych przepis\u00f3w i oferuj\u0105 autentyczne produkty.<\/p>\n<p><strong>Ile zaci\u0105gni\u0119\u0107 zapewnia Fumot Vape 15k?<\/strong><br \/>\nFumot Vape 15k oferuje do 15 000 zaci\u0105gni\u0119\u0107, zapewniaj\u0105c wyj\u0105tkow\u0105 trwa\u0142o\u015b\u0107 podczas d\u0142ugich sesji wapowania.<\/p>\n<p><strong>Jak d\u0142ugo dzia\u0142a popularny jednorazowy d\u0142ugopis RandM 15000?<\/strong><br \/>\nCzas dzia\u0142ania RandM 15000 zale\u017cy od nawyk\u00f3w u\u017cytkownika. W przypadku umiarkowanych waper\u00f3w zwykle trwa to od dw\u00f3ch do trzech tygodni, dzi\u0119ki du\u017cej pojemno\u015bci zaci\u0105gni\u0119\u0107 i konstrukcji z mo\u017cliwo\u015bci\u0105 \u0142adowania.<\/p>\n<p><strong>Jakie s\u0105 popularne smaki jednorazowego pude\u0142ka Fumot 15k Puffs?<\/strong><br \/>\nPopularne smaki Fumot 15k obejmuj\u0105 owocowe opcje, takie jak Mango Ice, Strawberry Watermelon i Blueberry Raspberry, a tak\u017ce ch\u0142odz\u0105ce mieszanki mentolowe i profile inspirowane deserami.<\/p>\n<p><strong>Ile czasu zajmuje na\u0142adowanie waporyzatora RandM 15k z mo\u017cliwo\u015bci\u0105 \u0142adowania?<\/strong><br \/>\n\u0141adowanie waporyzatora RandM 15k z mo\u017cliwo\u015bci\u0105 \u0142adowania zajmuje oko\u0142o 1-2 godzin przy u\u017cyciu portu szybkiego \u0142adowania USB typu C, co zapewnia szybkie i wydajne przywracanie zasilania.<\/p>\n<p><strong>Ile nikotyny znajduje si\u0119 w jednorazowym waporyzatorze RandM Tornado 15000 Puffs?<\/strong><br \/>\nRandM Tornado 15000 oferuje mo\u017cliwo\u015b\u0107 dostosowania zawarto\u015bci nikotyny, z moc\u0105 do 50 mg w zale\u017cno\u015bci od wariantu, co odpowiada r\u00f3\u017cnym preferencjom u\u017cytkownik\u00f3w.<\/p>\n<\/div>\n<\/div>\n<\/div>\n<\/div>\n<\/div>\n<\/div>","protected":false},"excerpt":{"rendered":"<p>Najlepsze smaki RandM Tornado 15000 Puffs w najni\u017cszej cenie<br \/>\nHurtownia jednorazowych e-papieros\u00f3w Fumot RandM 15000 Puffs<br \/>\nRandM Tornado 15000 Rechargeable Disposable Vape Cena zakupu hurtowego<\/p>\n<p><strong>Dodaj Amy do WhatsAppa, aby uzyska\u0107 szybk\u0105 odpowied\u017a i kupon na vape!<\/strong><\/p>\n<p><img fetchpriority=\"high\" decoding=\"async\" class=\"size-full wp-image-2932\" src=\"https:\/\/vapestornado.com\/wp-content\/uploads\/2024\/12\/Vape-Wholesale.jpg\" alt=\"Hurtowa sprzeda\u017c e-papieros\u00f3w\" width=\"229\" height=\"300\" \/><\/p>\n<h3><a href=\"https:\/\/wa.me\/8617776015835\"><span style=\"color: #ff0000;\"><strong>WhatsApp: +86 17776015835<\/strong><\/span><\/a><\/h3>\n<p>&nbsp;<\/p>","protected":false},"featured_media":2929,"comment_status":"open","ping_status":"closed","template":"","meta":{"_acf_changed":false,"_uag_custom_page_level_css":"","_lmt_disableupdate":"no","_lmt_disable":"","_monsterinsights_skip_tracking":false,"_monsterinsights_sitenote_active":false,"_monsterinsights_sitenote_note":"","_monsterinsights_sitenote_category":0,"site-sidebar-layout":"default","site-content-layout":"","ast-site-content-layout":"default","site-content-style":"default","site-sidebar-style":"default","ast-global-header-display":"","ast-banner-title-visibility":"","ast-main-header-display":"","ast-hfb-above-header-display":"","ast-hfb-below-header-display":"","ast-hfb-mobile-header-display":"","site-post-title":"","ast-breadcrumbs-content":"","ast-featured-img":"","footer-sml-layout":"","ast-disable-related-posts":"","theme-transparent-header-meta":"default","adv-header-id-meta":"","stick-header-meta":"","header-above-stick-meta":"","header-main-stick-meta":"","header-below-stick-meta":"","astra-migrate-meta-layouts":"set","ast-page-background-enabled":"default","ast-page-background-meta":{"desktop":{"background-color":"","background-image":"","background-repeat":"repeat","background-position":"center center","background-size":"auto","background-attachment":"scroll","background-type":"","background-media":"","overlay-type":"","overlay-color":"","overlay-opacity":"","overlay-gradient":""},"tablet":{"background-color":"","background-image":"","background-repeat":"repeat","background-position":"center center","background-size":"auto","background-attachment":"scroll","background-type":"","background-media":"","overlay-type":"","overlay-color":"","overlay-opacity":"","overlay-gradient":""},"mobile":{"background-color":"","background-image":"","background-repeat":"repeat","background-position":"center center","background-size":"auto","background-attachment":"scroll","background-type":"","background-media":"","overlay-type":"","overlay-color":"","overlay-opacity":"","overlay-gradient":""}},"ast-content-background-meta":{"desktop":{"background-color":"var(--ast-global-color-5)","background-image":"","background-repeat":"repeat","background-position":"center center","background-size":"auto","background-attachment":"scroll","background-type":"","background-media":"","overlay-type":"","overlay-color":"","overlay-opacity":"","overlay-gradient":""},"tablet":{"background-color":"var(--ast-global-color-5)","background-image":"","background-repeat":"repeat","background-position":"center center","background-size":"auto","background-attachment":"scroll","background-type":"","background-media":"","overlay-type":"","overlay-color":"","overlay-opacity":"","overlay-gradient":""},"mobile":{"background-color":"var(--ast-global-color-5)","background-image":"","background-repeat":"repeat","background-position":"center center","background-size":"auto","background-attachment":"scroll","background-type":"","background-media":"","overlay-type":"","overlay-color":"","overlay-opacity":"","overlay-gradient":""}},"_joinchat":{"telephone":"+8617776015835"}},"product_brand":[],"product_cat":[71,140,149,150,152,157,58],"product_tag":[414,415,79,416,81,80,77,78,214],"class_list":{"0":"post-2922","1":"product","2":"type-product","3":"status-publish","4":"has-post-thumbnail","6":"product_cat-15000-puff","7":"product_cat-big-puffs-disposable-vapes","8":"product_cat-buy-disposable-vapes-in-austria","9":"product_cat-buy-disposable-vapes-in-belgium","10":"product_cat-buy-disposable-vapes-in-cermany","11":"product_cat-buy-disposable-vapes-in-portugal","12":"product_cat-fumot-vape","13":"product_tag-15k-tornado-vape","14":"product_tag-15k-vape","15":"product_tag-fumot-15k","16":"product_tag-fumot-vape-15000","17":"product_tag-randm-15000","18":"product_tag-randm-15k","19":"product_tag-randm-tornado-15000","20":"product_tag-randm-vape","21":"product_tag-tornado-vape-15000","22":"desktop-align-left","23":"tablet-align-left","24":"mobile-align-left","26":"first","27":"instock","28":"sale","29":"shipping-taxable","30":"purchasable","31":"product-type-simple"},"acf":[],"uagb_featured_image_src":{"full":["https:\/\/vapestornado.com\/wp-content\/uploads\/2024\/12\/RandM-15000-Tornado-Vape-Wholesale.jpg",1182,1182,false],"thumbnail":["https:\/\/vapestornado.com\/wp-content\/uploads\/2024\/12\/RandM-15000-Tornado-Vape-Wholesale-150x150.jpg",150,150,true],"medium":["https:\/\/vapestornado.com\/wp-content\/uploads\/2024\/12\/RandM-15000-Tornado-Vape-Wholesale-300x300.jpg",300,300,true],"medium_large":["https:\/\/vapestornado.com\/wp-content\/uploads\/2024\/12\/RandM-15000-Tornado-Vape-Wholesale-768x768.jpg",768,768,true],"large":["https:\/\/vapestornado.com\/wp-content\/uploads\/2024\/12\/RandM-15000-Tornado-Vape-Wholesale-1024x1024.jpg",1024,1024,true],"1536x1536":["https:\/\/vapestornado.com\/wp-content\/uploads\/2024\/12\/RandM-15000-Tornado-Vape-Wholesale.jpg",1182,1182,false],"2048x2048":["https:\/\/vapestornado.com\/wp-content\/uploads\/2024\/12\/RandM-15000-Tornado-Vape-Wholesale.jpg",1182,1182,false],"trp-custom-language-flag":["https:\/\/vapestornado.com\/wp-content\/uploads\/2024\/12\/RandM-15000-Tornado-Vape-Wholesale.jpg",12,12,false],"woocommerce_thumbnail":["https:\/\/vapestornado.com\/wp-content\/uploads\/2024\/12\/RandM-15000-Tornado-Vape-Wholesale-300x300.jpg",300,300,true],"woocommerce_single":["https:\/\/vapestornado.com\/wp-content\/uploads\/2024\/12\/RandM-15000-Tornado-Vape-Wholesale-600x600.jpg",600,600,true],"woocommerce_gallery_thumbnail":["https:\/\/vapestornado.com\/wp-content\/uploads\/2024\/12\/RandM-15000-Tornado-Vape-Wholesale-100x100.jpg",100,100,true]},"uagb_author_info":{"display_name":"ESAMY","author_link":"https:\/\/vapestornado.com\/pl\/author\/"},"uagb_comment_info":1,"uagb_excerpt":"Best RandM Tornado 15000 Puffs Flavours Lowest Price Fumot RandM 15000 Puffs Disposable Vape Wholesale RandM Tornado 15000 Rechargeable Disposable Vape Bulk Buy Price Add Amy's whatsapp get right reply and vape vape coupon! WhatsApp: +86 17776015835 &nbsp;","_links":{"self":[{"href":"https:\/\/vapestornado.com\/pl\/wp-json\/wp\/v2\/product\/2922","targetHints":{"allow":["GET"]}}],"collection":[{"href":"https:\/\/vapestornado.com\/pl\/wp-json\/wp\/v2\/product"}],"about":[{"href":"https:\/\/vapestornado.com\/pl\/wp-json\/wp\/v2\/types\/product"}],"replies":[{"embeddable":true,"href":"https:\/\/vapestornado.com\/pl\/wp-json\/wp\/v2\/comments?post=2922"}],"wp:featuredmedia":[{"embeddable":true,"href":"https:\/\/vapestornado.com\/pl\/wp-json\/wp\/v2\/media\/2929"}],"wp:attachment":[{"href":"https:\/\/vapestornado.com\/pl\/wp-json\/wp\/v2\/media?parent=2922"}],"wp:term":[{"taxonomy":"product_brand","embeddable":true,"href":"https:\/\/vapestornado.com\/pl\/wp-json\/wp\/v2\/product_brand?post=2922"},{"taxonomy":"product_cat","embeddable":true,"href":"https:\/\/vapestornado.com\/pl\/wp-json\/wp\/v2\/product_cat?post=2922"},{"taxonomy":"product_tag","embeddable":true,"href":"https:\/\/vapestornado.com\/pl\/wp-json\/wp\/v2\/product_tag?post=2922"}],"curies":[{"name":"wp","href":"https:\/\/api.w.org\/{rel}","templated":true}]}}