{"id":2784,"date":"2024-11-12T10:04:17","date_gmt":"2024-11-12T10:04:17","guid":{"rendered":"https:\/\/vapestornado.com\/?page_id=2784"},"modified":"2024-11-12T10:04:19","modified_gmt":"2024-11-12T10:04:19","slug":"payment-methods-at-vapestornado","status":"publish","type":"page","link":"https:\/\/vapestornado.com\/pl\/payment-methods-at-vapestornado\/","title":{"rendered":"Metody p\u0142atno\u015bci w vapestornado"},"content":{"rendered":"<p>Dzi\u0119kujemy za wybranie <strong>vapestornado<\/strong>, Tw\u00f3j zaufany sklep internetowy z produktami jednorazowego u\u017cytku vape premium. Z wieloletnim do\u015bwiadczeniem w bran\u017cy z dum\u0105 oferujemy szeroki wyb\u00f3r najlepszych marek i wysy\u0142amy nasze produkty na ca\u0142ym \u015bwiecie do r\u00f3\u017cnych kraj\u00f3w. Zale\u017cy nam na zapewnieniu bezpiecznych, wygodnych i bezproblemowych zakup\u00f3w.<\/p>\n\n\n\n<p>Akceptujemy nast\u0119puj\u0105ce metody p\u0142atno\u015bci:<\/p>\n\n\n\n<ol class=\"wp-block-list\">\n<li><strong>PayPal<\/strong>: Ciesz si\u0119 bezpiecznymi i \u0142atwymi p\u0142atno\u015bciami za po\u015brednictwem systemu PayPal dla swoich zam\u00f3wie\u0144. <em>(23% VAT)<\/em><\/li>\n\n\n\n<li><strong>Karta kredytowa<\/strong>: Akceptujemy g\u0142\u00f3wne karty kredytowe, zapewniaj\u0105c bezproblemowy proces realizacji transakcji. <em>(23% VAT)<\/em><\/li>\n\n\n\n<li><strong>Przelew bankowy<\/strong>: W przypadku tradycyjnych p\u0142atno\u015bci dost\u0119pne s\u0105 przelewy bankowe. <em>(Brak VAT)<\/em><\/li>\n\n\n\n<li><strong>Kryptowaluta<\/strong>: Oferujemy p\u0142atno\u015bci kryptowalutami jako nowoczesn\u0105 opcj\u0119 p\u0142atno\u015bci zorientowan\u0105 na przysz\u0142o\u015b\u0107. <em>(Brak VAT)<\/em><\/li>\n\n\n\n<li><strong>Przelew Wise<\/strong>: U\u017cyj Wise do wydajnych i op\u0142acalnych us\u0142ug transferowych. <em>(Brak VAT)<\/em><\/li>\n<\/ol>\n\n\n\n<p>Je\u015bli masz jakiekolwiek pytania lub pro\u015bby dotycz\u0105ce p\u0142atno\u015bci, nasz zesp\u00f3\u0142 obs\u0142ugi klienta jest zawsze gotowy do pomocy. Jeste\u015bmy tutaj, aby zapewni\u0107, \u017ce zakupy w vapestornado przebiegaj\u0105 sprawnie i bezpiecznie!<\/p>\n\n\n\n<p><\/p>","protected":false},"excerpt":{"rendered":"<p>Dzi\u0119kujemy za wybranie vapestornado, Twojego zaufanego sklepu internetowego z wysokiej jako\u015bci jednorazowymi produktami do wapowania. Dzi\u0119ki wieloletniemu do\u015bwiadczeniu w bran\u017cy z dum\u0105 oferujemy szeroki wyb\u00f3r najlepszych marek i wysy\u0142amy nasze produkty na ca\u0142ym \u015bwiecie do r\u00f3\u017cnych kraj\u00f3w. Zale\u017cy nam na zapewnieniu bezpiecznych, wygodnych i bezproblemowych zakup\u00f3w.<\/p>","protected":false},"author":1,"featured_media":0,"parent":0,"menu_order":0,"comment_status":"closed","ping_status":"closed","template":"","meta":{"_acf_changed":false,"_uag_custom_page_level_css":"","_lmt_disableupdate":"","_lmt_disable":"","_monsterinsights_skip_tracking":false,"_monsterinsights_sitenote_active":false,"_monsterinsights_sitenote_note":"","_monsterinsights_sitenote_category":0,"site-sidebar-layout":"default","site-content-layout":"","ast-site-content-layout":"default","site-content-style":"default","site-sidebar-style":"default","ast-global-header-display":"","ast-banner-title-visibility":"","ast-main-header-display":"","ast-hfb-above-header-display":"","ast-hfb-below-header-display":"","ast-hfb-mobile-header-display":"","site-post-title":"","ast-breadcrumbs-content":"","ast-featured-img":"","footer-sml-layout":"","ast-disable-related-posts":"","theme-transparent-header-meta":"","adv-header-id-meta":"","stick-header-meta":"","header-above-stick-meta":"","header-main-stick-meta":"","header-below-stick-meta":"","astra-migrate-meta-layouts":"set","ast-page-background-enabled":"default","ast-page-background-meta":{"desktop":{"background-color":"","background-image":"","background-repeat":"repeat","background-position":"center center","background-size":"auto","background-attachment":"scroll","background-type":"","background-media":"","overlay-type":"","overlay-color":"","overlay-opacity":"","overlay-gradient":""},"tablet":{"background-color":"","background-image":"","background-repeat":"repeat","background-position":"center center","background-size":"auto","background-attachment":"scroll","background-type":"","background-media":"","overlay-type":"","overlay-color":"","overlay-opacity":"","overlay-gradient":""},"mobile":{"background-color":"","background-image":"","background-repeat":"repeat","background-position":"center center","background-size":"auto","background-attachment":"scroll","background-type":"","background-media":"","overlay-type":"","overlay-color":"","overlay-opacity":"","overlay-gradient":""}},"ast-content-background-meta":{"desktop":{"background-color":"var(--ast-global-color-5)","background-image":"","background-repeat":"repeat","background-position":"center center","background-size":"auto","background-attachment":"scroll","background-type":"","background-media":"","overlay-type":"","overlay-color":"","overlay-opacity":"","overlay-gradient":""},"tablet":{"background-color":"var(--ast-global-color-5)","background-image":"","background-repeat":"repeat","background-position":"center center","background-size":"auto","background-attachment":"scroll","background-type":"","background-media":"","overlay-type":"","overlay-color":"","overlay-opacity":"","overlay-gradient":""},"mobile":{"background-color":"var(--ast-global-color-5)","background-image":"","background-repeat":"repeat","background-position":"center center","background-size":"auto","background-attachment":"scroll","background-type":"","background-media":"","overlay-type":"","overlay-color":"","overlay-opacity":"","overlay-gradient":""}},"_joinchat":[],"footnotes":""},"class_list":["post-2784","page","type-page","status-publish","hentry"],"acf":[],"uagb_featured_image_src":{"full":false,"thumbnail":false,"medium":false,"medium_large":false,"large":false,"1536x1536":false,"2048x2048":false,"trp-custom-language-flag":false,"woocommerce_thumbnail":false,"woocommerce_single":false,"woocommerce_gallery_thumbnail":false},"uagb_author_info":{"display_name":"yannazhan@gmail.com","author_link":"https:\/\/vapestornado.com\/pl\/author\/yannazhangmail-com\/"},"uagb_comment_info":0,"uagb_excerpt":"Thank you for choosing vapestornado, your trusted online store for premium disposable vape products. With years of expertise in the industry, we are proud to offer a wide selection of top brands and ship our products globally to various countries. We are committed to providing you with a secure, convenient, and seamless shopping experience. We&hellip;","_links":{"self":[{"href":"https:\/\/vapestornado.com\/pl\/wp-json\/wp\/v2\/pages\/2784","targetHints":{"allow":["GET"]}}],"collection":[{"href":"https:\/\/vapestornado.com\/pl\/wp-json\/wp\/v2\/pages"}],"about":[{"href":"https:\/\/vapestornado.com\/pl\/wp-json\/wp\/v2\/types\/page"}],"author":[{"embeddable":true,"href":"https:\/\/vapestornado.com\/pl\/wp-json\/wp\/v2\/users\/1"}],"replies":[{"embeddable":true,"href":"https:\/\/vapestornado.com\/pl\/wp-json\/wp\/v2\/comments?post=2784"}],"version-history":[{"count":1,"href":"https:\/\/vapestornado.com\/pl\/wp-json\/wp\/v2\/pages\/2784\/revisions"}],"predecessor-version":[{"id":2785,"href":"https:\/\/vapestornado.com\/pl\/wp-json\/wp\/v2\/pages\/2784\/revisions\/2785"}],"wp:attachment":[{"href":"https:\/\/vapestornado.com\/pl\/wp-json\/wp\/v2\/media?parent=2784"}],"curies":[{"name":"wp","href":"https:\/\/api.w.org\/{rel}","templated":true}]}}