{"id":2781,"date":"2024-11-12T10:02:57","date_gmt":"2024-11-12T10:02:57","guid":{"rendered":"https:\/\/vapestornado.com\/?page_id=2781"},"modified":"2024-11-12T10:02:58","modified_gmt":"2024-11-12T10:02:58","slug":"age-verification-policy-for-vapestornado","status":"publish","type":"page","link":"https:\/\/vapestornado.com\/pl\/age-verification-policy-for-vapestornado\/","title":{"rendered":"Polityka weryfikacji wieku dla vapestornado"},"content":{"rendered":"<p>W Vapestornado d\u0105\u017cymy do prowadzenia odpowiedzialnej i legalnej sprzeda\u017cy naszych produkt\u00f3w do wapowania. Aby spe\u0142ni\u0107 wymogi prawne i promowa\u0107 odpowiedzialne wapowanie, wdro\u017cyli\u015bmy nast\u0119puj\u0105c\u0105 polityk\u0119 weryfikacji wieku:<\/p>\n\n\n\n<h3 class=\"wp-block-heading\"><strong>Wymagany wiek do legalnego palenia<\/strong><\/h3>\n\n\n\n<p>Klienci musz\u0105 mie\u0107 uko\u0144czone co najmniej <strong>21 lat<\/strong> (wymagany wiek do legalnego palenia w Polsce), aby kupowa\u0107 produkty do wapowania z naszej strony internetowej, vapestornado.com.<\/p>\n\n\n\n<h3 class=\"wp-block-heading\"><strong>Fa\u0142szowanie wieku jest nielegalne<\/strong><\/h3>\n\n\n\n<p>To jest <strong>nielegalne<\/strong> aby fa\u0142szowa\u0107 sw\u00f3j wiek w celu zakupu naszych produkt\u00f3w. Naruszenie tego prawa mo\u017ce skutkowa\u0107 karami prawnymi, w tym grzywnami i potencjalnymi zarzutami karnymi.<\/p>\n\n\n\n<h3 class=\"wp-block-heading\"><strong>Zakaz kupowania dla nieletnich<\/strong><\/h3>\n\n\n\n<p>Kupowanie produkt\u00f3w do wapowania od vapestornado dla <strong>nieletnich<\/strong> jest surowo zabronione. Jakakolwiek pr\u00f3ba takiego dzia\u0142ania mo\u017ce prowadzi\u0107 do konsekwencji prawnych dla kupuj\u0105cego.<\/p>\n\n\n\n<h3 class=\"wp-block-heading\"><strong>Proces weryfikacji wieku<\/strong><\/h3>\n\n\n\n<p>Mamy <strong>rygorystyczny proces weryfikacji wieku<\/strong> aby zapewni\u0107 zgodno\u015b\u0107 z wymogami wieku. Aby zako\u0144czy\u0107 weryfikacj\u0119 wieku, mo\u017cesz zosta\u0107 poproszony o podanie danych osobowych, w tym imienia i nazwiska, adresu, daty urodzenia i ostatnich czterech cyfr numeru PESEL. Te informacje zostan\u0105 sprawdzone w rejestrach publicznych. Je\u015bli weryfikacja nie powiedzie si\u0119 lub je\u015bli nie mo\u017cesz poda\u0107 numeru PESEL, b\u0119dziesz musia\u0142 przes\u0142a\u0107 <strong>dokument to\u017csamo\u015bci wydany przez rz\u0105d<\/strong> w celu weryfikacji.<\/p>\n\n\n\n<h3 class=\"wp-block-heading\"><strong>Prawo do odmowy \u015bwiadczenia us\u0142ugi<\/strong><\/h3>\n\n\n\n<p>Zastrzegamy sobie prawo do <strong>odm\u00f3wi\u0107 lub anulowa\u0107 zam\u00f3wienie<\/strong> je\u015bli nie jeste\u015bmy w stanie zweryfikowa\u0107 Twojego wieku lub je\u015bli odpowiedni dow\u00f3d to\u017csamo\u015bci nie mo\u017ce zosta\u0107 niezw\u0142ocznie dostarczony.<\/p>\n\n\n\n<h3 class=\"wp-block-heading\"><strong>Zaanga\u017cowanie w prewencj\u0119 m\u0142odzie\u017cy<\/strong><\/h3>\n\n\n\n<p>vapestornado jest zaanga\u017cowany w zapobieganie sprzeda\u017cy produkt\u00f3w osobom nieletnim. Stosujemy solidny system weryfikacji wieku, aby zapewni\u0107 zgodno\u015b\u0107 z prawnymi ograniczeniami wiekowymi i zapobiega\u0107 dost\u0119powi m\u0142odzie\u017cy do produkt\u00f3w do waporyzacji.<\/p>\n\n\n\n<h3 class=\"wp-block-heading\"><strong>Odmowa lub ograniczenie us\u0142ug<\/strong><\/h3>\n\n\n\n<p>Zastrzegamy sobie prawo do <strong>odmowy \u015bwiadczenia us\u0142ug<\/strong> osobom, kt\u00f3re nie spe\u0142niaj\u0105 wymog\u00f3w wiekowych lub nie dostarczaj\u0105 wystarczaj\u0105cego dowodu wieku. Je\u015bli uwa\u017casz, \u017ce nies\u0142usznie odm\u00f3wiono Ci obs\u0142ugi, skontaktuj si\u0119 z naszym zespo\u0142em obs\u0142ugi klienta w celu uzyskania pomocy.<\/p>\n\n\n\n<h3 class=\"wp-block-heading\"><strong>Ostrze\u017cenie dotycz\u0105ce zawarto\u015bci strony<\/strong><\/h3>\n\n\n\n<p>Na naszej stronie internetowej zamieszczamy <strong>ostrze\u017cenie<\/strong> dotycz\u0105ce produkt\u00f3w do e-papieros\u00f3w, przypominaj\u0105c klientom, \u017ce aby dokona\u0107 zakupu, musz\u0105 mie\u0107 uko\u0144czone co najmniej <strong>21 lat<\/strong> w Polsce.<\/p>\n\n\n\n<p>W vapestornado priorytetowo traktujemy <strong>bezpiecze\u0144stwo<\/strong> i <strong>i dobre samopoczucie<\/strong> naszych klient\u00f3w. Poprzez zapewnienie \u015bcis\u0142ego przestrzegania protoko\u0142\u00f3w weryfikacji wieku, utrzymujemy odpowiedzialne i zgodne z prawem podej\u015bcie do sprzeda\u017cy e-papieros\u00f3w. Nasze zaanga\u017cowanie w zapobieganie dost\u0119powi os\u00f3b niepe\u0142noletnich odzwierciedla nasze zaanga\u017cowanie w promowanie zdrowej i odpowiedzialnej spo\u0142eczno\u015bci waporyzacyjnej.<\/p>\n\n\n\n<p>4o mini<\/p>","protected":false},"excerpt":{"rendered":"<p>W vapestornado jeste\u015bmy zaanga\u017cowani w utrzymywanie odpowiedzialnego i zgodnego z prawem podej\u015bcia do sprzeda\u017cy naszych produkt\u00f3w do waporyzacji. Aby zapewni\u0107 spe\u0142nienie wymog\u00f3w prawnych i promowa\u0107 odpowiedzialne waporyzowanie, wdro\u017cyli\u015bmy nast\u0119puj\u0105c\u0105 polityk\u0119 weryfikacji wieku: Wym\u00f3g prawnego wieku palenia Klienci musz\u0105 mie\u0107 uko\u0144czone co najmniej 18 lat (wiek dozwolony w [\u2026]<\/p>","protected":false},"author":1,"featured_media":0,"parent":0,"menu_order":0,"comment_status":"closed","ping_status":"closed","template":"","meta":{"_acf_changed":false,"_uag_custom_page_level_css":"","_lmt_disableupdate":"","_lmt_disable":"","_monsterinsights_skip_tracking":false,"_monsterinsights_sitenote_active":false,"_monsterinsights_sitenote_note":"","_monsterinsights_sitenote_category":0,"site-sidebar-layout":"default","site-content-layout":"","ast-site-content-layout":"default","site-content-style":"default","site-sidebar-style":"default","ast-global-header-display":"","ast-banner-title-visibility":"","ast-main-header-display":"","ast-hfb-above-header-display":"","ast-hfb-below-header-display":"","ast-hfb-mobile-header-display":"","site-post-title":"","ast-breadcrumbs-content":"","ast-featured-img":"","footer-sml-layout":"","ast-disable-related-posts":"","theme-transparent-header-meta":"","adv-header-id-meta":"","stick-header-meta":"","header-above-stick-meta":"","header-main-stick-meta":"","header-below-stick-meta":"","astra-migrate-meta-layouts":"set","ast-page-background-enabled":"default","ast-page-background-meta":{"desktop":{"background-color":"","background-image":"","background-repeat":"repeat","background-position":"center center","background-size":"auto","background-attachment":"scroll","background-type":"","background-media":"","overlay-type":"","overlay-color":"","overlay-opacity":"","overlay-gradient":""},"tablet":{"background-color":"","background-image":"","background-repeat":"repeat","background-position":"center center","background-size":"auto","background-attachment":"scroll","background-type":"","background-media":"","overlay-type":"","overlay-color":"","overlay-opacity":"","overlay-gradient":""},"mobile":{"background-color":"","background-image":"","background-repeat":"repeat","background-position":"center center","background-size":"auto","background-attachment":"scroll","background-type":"","background-media":"","overlay-type":"","overlay-color":"","overlay-opacity":"","overlay-gradient":""}},"ast-content-background-meta":{"desktop":{"background-color":"var(--ast-global-color-5)","background-image":"","background-repeat":"repeat","background-position":"center center","background-size":"auto","background-attachment":"scroll","background-type":"","background-media":"","overlay-type":"","overlay-color":"","overlay-opacity":"","overlay-gradient":""},"tablet":{"background-color":"var(--ast-global-color-5)","background-image":"","background-repeat":"repeat","background-position":"center center","background-size":"auto","background-attachment":"scroll","background-type":"","background-media":"","overlay-type":"","overlay-color":"","overlay-opacity":"","overlay-gradient":""},"mobile":{"background-color":"var(--ast-global-color-5)","background-image":"","background-repeat":"repeat","background-position":"center center","background-size":"auto","background-attachment":"scroll","background-type":"","background-media":"","overlay-type":"","overlay-color":"","overlay-opacity":"","overlay-gradient":""}},"_joinchat":[],"footnotes":""},"class_list":["post-2781","page","type-page","status-publish","hentry"],"acf":[],"uagb_featured_image_src":{"full":false,"thumbnail":false,"medium":false,"medium_large":false,"large":false,"1536x1536":false,"2048x2048":false,"trp-custom-language-flag":false,"woocommerce_thumbnail":false,"woocommerce_single":false,"woocommerce_gallery_thumbnail":false},"uagb_author_info":{"display_name":"yannazhan@gmail.com","author_link":"https:\/\/vapestornado.com\/pl\/author\/yannazhangmail-com\/"},"uagb_comment_info":0,"uagb_excerpt":"At vapestornado, we are committed to maintaining a responsible and legal approach to the sale of our vape products. To ensure we meet legal requirements and promote responsible vaping, we have implemented the following age verification policy: Legal Smoking Age Requirement Customers must be at least 21 years old (the legal smoking age in the&hellip;","_links":{"self":[{"href":"https:\/\/vapestornado.com\/pl\/wp-json\/wp\/v2\/pages\/2781","targetHints":{"allow":["GET"]}}],"collection":[{"href":"https:\/\/vapestornado.com\/pl\/wp-json\/wp\/v2\/pages"}],"about":[{"href":"https:\/\/vapestornado.com\/pl\/wp-json\/wp\/v2\/types\/page"}],"author":[{"embeddable":true,"href":"https:\/\/vapestornado.com\/pl\/wp-json\/wp\/v2\/users\/1"}],"replies":[{"embeddable":true,"href":"https:\/\/vapestornado.com\/pl\/wp-json\/wp\/v2\/comments?post=2781"}],"version-history":[{"count":1,"href":"https:\/\/vapestornado.com\/pl\/wp-json\/wp\/v2\/pages\/2781\/revisions"}],"predecessor-version":[{"id":2783,"href":"https:\/\/vapestornado.com\/pl\/wp-json\/wp\/v2\/pages\/2781\/revisions\/2783"}],"wp:attachment":[{"href":"https:\/\/vapestornado.com\/pl\/wp-json\/wp\/v2\/media?parent=2781"}],"curies":[{"name":"wp","href":"https:\/\/api.w.org\/{rel}","templated":true}]}}