{"id":2776,"date":"2024-11-12T09:55:46","date_gmt":"2024-11-12T09:55:46","guid":{"rendered":"https:\/\/vapestornado.com\/?page_id=2776"},"modified":"2024-11-12T09:55:48","modified_gmt":"2024-11-12T09:55:48","slug":"terms-conditions","status":"publish","type":"page","link":"https:\/\/vapestornado.com\/pl\/terms-conditions\/","title":{"rendered":"Warunki korzystania"},"content":{"rendered":"<p>Witamy w vapestornado! Uzyskuj\u0105c dost\u0119p do naszej strony internetowej i korzystaj\u0105c z niej, zgadzasz si\u0119 przestrzega\u0107 nast\u0119puj\u0105cych warunk\u00f3w, wraz z obowi\u0105zuj\u0105cymi przepisami prawa. Je\u015bli nie zgadzasz si\u0119 z tymi warunkami, prosimy nie korzysta\u0107 z naszej strony. Dokonuj\u0105c zakupu na naszej stronie internetowej, zgadzasz si\u0119 na Warunki.<\/p>\n\n\n\n<p><strong>Zam\u00f3wienia mi\u0119dzynarodowe<\/strong><\/p>\n\n\n\n<p>vapestornado ma siedzib\u0119 w Hong Kongu i dzia\u0142a globalnie. Klienci robi\u0105cy zakupy u nas i wysy\u0142aj\u0105cy do kraj\u00f3w poza Hong Kongiem b\u0119d\u0105 uwa\u017cani za klient\u00f3w mi\u0119dzynarodowych. Upewnij si\u0119, \u017ce rozumiesz przepisy swojego kraju dotycz\u0105ce posiadania, importu, eksportu i u\u017cywania produkt\u00f3w do waporyzacji przed dokonaniem zakupu. Dodatkowe zasady dla poszczeg\u00f3lnych kraj\u00f3w s\u0105 okre\u015blone w naszych zasadach wysy\u0142ki, zwrot\u00f3w i gwarancji.<\/p>\n\n\n\n<p><strong>Prawa autorskie<\/strong><\/p>\n\n\n\n<p>Ca\u0142a zawarto\u015b\u0107 tej strony, w tym tekst, grafika i kod, jest chroniona prawami autorskimi jako dzie\u0142o zbiorowe zgodnie z prawami autorskimi. To dzie\u0142o zbiorowe obejmuje dzie\u0142a licencjonowane na rzecz vapestornado. Copyright 2022, vapestornado. Wszelkie prawa zastrze\u017cone. Mo\u017cesz elektronicznie kopiowa\u0107 i drukowa\u0107 fragmenty tej strony wy\u0142\u0105cznie w celu z\u0142o\u017cenia zam\u00f3wienia w vapestornado lub zakupu produkt\u00f3w vapestornado. Jakiekolwiek inne u\u017cycie, w tym powielanie, rozpowszechnianie, wy\u015bwietlanie lub przekazywanie zawarto\u015bci strony, jest surowo zabronione bez wyra\u017anej zgody vapestornado Inc.<\/p>\n\n\n\n<p><strong>Znaki towarowe<\/strong><\/p>\n\n\n\n<p>Wszystkie znaki towarowe, znaki us\u0142ugowe i nazwy handlowe u\u017cyte na stronie s\u0105 znakami towarowymi lub zastrze\u017conymi znakami towarowymi firmy vapestornado.<\/p>\n\n\n\n<p><strong>Zrzeczenie si\u0119 gwarancji<\/strong><\/p>\n\n\n\n<p>Nasza strona oraz udost\u0119pniane materia\u0142y i produkty oferowane s\u0105 \u201etak jak s\u0105\u201d, bez jakichkolwiek gwarancji, wyra\u017anych lub dorozumianych. vapestornado zrzeka si\u0119 wszelkich gwarancji, w tym przydatno\u015bci handlowej, przydatno\u015bci do okre\u015blonego celu i nienaruszalno\u015bci. Nie gwarantujemy, \u017ce funkcje strony b\u0119d\u0105 nieprzerwane lub wolne od b\u0142\u0119d\u00f3w, ani \u017ce jakiekolwiek wady zostan\u0105 naprawione. Nie gwarantujemy r\u00f3wnie\u017c dok\u0142adno\u015bci, aktualno\u015bci ani niezawodno\u015bci materia\u0142\u00f3w na stronie.<\/p>\n\n\n\n<p><strong>Ograniczenie odpowiedzialno\u015bci<\/strong><\/p>\n\n\n\n<p>vapestornado nie ponosi odpowiedzialno\u015bci za jakiekolwiek szkody specjalne lub wynikowe wynikaj\u0105ce z wykorzystania materia\u0142\u00f3w na tej stronie lub dzia\u0142ania produkt\u00f3w, nawet je\u015bli zosta\u0142 poinformowany o mo\u017cliwo\u015bci wyst\u0105pienia takich szk\u00f3d. Niekt\u00f3re jurysdykcje nie zezwalaj\u0105 na ograniczenia gwarancji lub wy\u0142\u0105czenia odpowiedzialno\u015bci za szkody wynikowe, wi\u0119c te ograniczenia mog\u0105 nie mie\u0107 zastosowania.<\/p>\n\n\n\n<p><strong>Zako\u0144czenie<\/strong><\/p>\n\n\n\n<p>Niniejsze warunki maj\u0105 zastosowanie do u\u017cytkownika w momencie uzyskania dost\u0119pu do strony lub uko\u0144czenia jakiegokolwiek procesu rejestracji lub zakup\u00f3w. vapestornado mo\u017ce rozwi\u0105za\u0107 niniejsze warunki lub jak\u0105kolwiek ich cz\u0119\u015b\u0107, bez powiadomienia w dowolnym momencie i z dowolnego powodu. Niekt\u00f3re postanowienia, w tym Prawa autorskie, Znaki towarowe, Zrzeczenie si\u0119 odpowiedzialno\u015bci, Ograniczenie odpowiedzialno\u015bci, Odszkodowanie i Postanowienia r\u00f3\u017cne, pozostaj\u0105 w mocy po rozwi\u0105zaniu.<\/p>\n\n\n\n<p><strong>Uwaga<\/strong><\/p>\n\n\n\n<p>vapestornado mo\u017ce przekazywa\u0107 powiadomienia za po\u015brednictwem poczty elektronicznej, og\u00f3lnego powiadomienia na stronie lub innych niezawodnych metod, korzystaj\u0105c z danych kontaktowych, kt\u00f3re zosta\u0142y podane.<\/p>\n\n\n\n<p><strong>R\u00f3\u017cne<\/strong><\/p>\n\n\n\n<p>Korzystanie z tej strony podlega prawu Hongkongu, bez wzgl\u0119du na przepisy dotycz\u0105ce wyboru prawa. Wszelkie post\u0119powania prawne zwi\u0105zane z t\u0105 stron\u0105 b\u0119d\u0105 prowadzone w s\u0105dach Hongkongu. Wszelkie roszczenia zwi\u0105zane ze stron\u0105 musz\u0105 by\u0107 zg\u0142oszone w ci\u0105gu jednego roku od powstania roszczenia. Niewyegzekwowanie przez vapestornado jakiegokolwiek postanowienia niniejszych warunk\u00f3w nie stanowi zrzeczenia si\u0119 jakichkolwiek praw. Vapestornado mo\u017ce przenie\u015b\u0107 swoje prawa i obowi\u0105zki wynikaj\u0105ce z niniejszej Umowy bez powiadomienia.<\/p>\n\n\n\n<p><strong>Korzystanie z Witryny<\/strong><\/p>\n\n\n\n<p>N\u0119kanie w jakiejkolwiek formie na stronie jest zabronione. Nie mo\u017cesz przesy\u0142a\u0107 obra\u017aliwych tre\u015bci ani nak\u0142ania\u0107 innych do korzystania z us\u0142ug komercyjnych. vapestornado zastrzega sobie prawo do blokowania lub usuwania nieodpowiednich tre\u015bci wed\u0142ug w\u0142asnego uznania.<\/p>\n\n\n\n<p><strong>Zastrze\u017cenie dotycz\u0105ce uczestnictwa<\/strong><\/p>\n\n\n\n<p>vapestornado nie ponosi odpowiedzialno\u015bci za tre\u015bci generowane przez u\u017cytkownik\u00f3w na stronie. Dzia\u0142amy jako po\u015brednik w dystrybucji i zastrzegamy sobie prawo do usuni\u0119cia wszelkich materia\u0142\u00f3w budz\u0105cych zastrze\u017cenia.<\/p>\n\n\n\n<p><strong>U\u017cywanie Produkt\u00f3w<\/strong><\/p>\n\n\n\n<p>vapestornado nie sk\u0142ada \u017cadnych o\u015bwiadcze\u0144 dotycz\u0105cych skuteczno\u015bci naszych produkt\u00f3w do jakiegokolwiek konkretnego zastosowania. Kupuj\u0105c nasze produkty, zgadzasz si\u0119 u\u017cywa\u0107 ich na w\u0142asne ryzyko. Produkty nikotynowe s\u0105 przeznaczone wy\u0142\u0105cznie dla os\u00f3b doros\u0142ych. Przed u\u017cyciem produkt\u00f3w nikotynowych skonsultuj si\u0119 z lekarzem.<\/p>\n\n\n\n<p><strong>Odszkodowanie<\/strong><\/p>\n\n\n\n<p>Zgadzasz si\u0119 zabezpieczy\u0107 vapestornado i jego us\u0142ugodawc\u00f3w przed wszelkimi stratami, wydatkami, obra\u017ceniami, szkodami i kosztami wynikaj\u0105cymi z jakiegokolwiek naruszenia niniejszych warunk\u00f3w lub dzia\u0142a\u0144 zwi\u0105zanych z Twoim kontem.<\/p>\n\n\n\n<p><strong>Linki do Stron Trzecich<\/strong><\/p>\n\n\n\n<p>vapestornado mo\u017ce zawiera\u0107 linki do stron trzecich dla wygody odwiedzaj\u0105cych. Nie mamy kontroli nad tymi stronami i nie ponosimy odpowiedzialno\u015bci za ich praktyki.<\/p>\n\n\n\n<p><strong>Zastrze\u017cenie Produktu<\/strong><\/p>\n\n\n\n<p>Niekt\u00f3re produkty mog\u0105 mie\u0107 okre\u015blone zastrze\u017cenia dotycz\u0105ce mo\u017cliwo\u015bci wymiany lub zwrotu pieni\u0119dzy. Przeczytaj wszystkie zastrze\u017cenia dotycz\u0105ce produktu przed zakupem. Zgadzaj\u0105c si\u0119 na nasze Warunki podczas realizacji transakcji, potwierdzasz, \u017ce przeczyta\u0142e\u015b i zrozumia\u0142e\u015b wszystkie zastrze\u017cenia dotycz\u0105ce produktu.<\/p>\n\n\n\n<p>Dzi\u0119kujemy za wybranie vapestornado!<\/p>","protected":false},"excerpt":{"rendered":"<p>Welcome to vapestornado! By accessing and using our website, you agree to comply with the following terms and conditions, along with applicable laws. If you do not agree with these terms, please do not use our site. By making a purchase on our website, you agree to the Terms &amp; Conditions below, as well as [&hellip;]<\/p>","protected":false},"author":1,"featured_media":0,"parent":0,"menu_order":0,"comment_status":"closed","ping_status":"closed","template":"","meta":{"_acf_changed":false,"_uag_custom_page_level_css":"","_lmt_disableupdate":"","_lmt_disable":"","_monsterinsights_skip_tracking":false,"_monsterinsights_sitenote_active":false,"_monsterinsights_sitenote_note":"","_monsterinsights_sitenote_category":0,"site-sidebar-layout":"default","site-content-layout":"","ast-site-content-layout":"default","site-content-style":"default","site-sidebar-style":"default","ast-global-header-display":"","ast-banner-title-visibility":"","ast-main-header-display":"","ast-hfb-above-header-display":"","ast-hfb-below-header-display":"","ast-hfb-mobile-header-display":"","site-post-title":"","ast-breadcrumbs-content":"","ast-featured-img":"","footer-sml-layout":"","ast-disable-related-posts":"","theme-transparent-header-meta":"","adv-header-id-meta":"","stick-header-meta":"","header-above-stick-meta":"","header-main-stick-meta":"","header-below-stick-meta":"","astra-migrate-meta-layouts":"set","ast-page-background-enabled":"default","ast-page-background-meta":{"desktop":{"background-color":"","background-image":"","background-repeat":"repeat","background-position":"center center","background-size":"auto","background-attachment":"scroll","background-type":"","background-media":"","overlay-type":"","overlay-color":"","overlay-opacity":"","overlay-gradient":""},"tablet":{"background-color":"","background-image":"","background-repeat":"repeat","background-position":"center center","background-size":"auto","background-attachment":"scroll","background-type":"","background-media":"","overlay-type":"","overlay-color":"","overlay-opacity":"","overlay-gradient":""},"mobile":{"background-color":"","background-image":"","background-repeat":"repeat","background-position":"center center","background-size":"auto","background-attachment":"scroll","background-type":"","background-media":"","overlay-type":"","overlay-color":"","overlay-opacity":"","overlay-gradient":""}},"ast-content-background-meta":{"desktop":{"background-color":"var(--ast-global-color-5)","background-image":"","background-repeat":"repeat","background-position":"center center","background-size":"auto","background-attachment":"scroll","background-type":"","background-media":"","overlay-type":"","overlay-color":"","overlay-opacity":"","overlay-gradient":""},"tablet":{"background-color":"var(--ast-global-color-5)","background-image":"","background-repeat":"repeat","background-position":"center center","background-size":"auto","background-attachment":"scroll","background-type":"","background-media":"","overlay-type":"","overlay-color":"","overlay-opacity":"","overlay-gradient":""},"mobile":{"background-color":"var(--ast-global-color-5)","background-image":"","background-repeat":"repeat","background-position":"center center","background-size":"auto","background-attachment":"scroll","background-type":"","background-media":"","overlay-type":"","overlay-color":"","overlay-opacity":"","overlay-gradient":""}},"_joinchat":[],"footnotes":""},"class_list":["post-2776","page","type-page","status-publish","hentry"],"acf":[],"uagb_featured_image_src":{"full":false,"thumbnail":false,"medium":false,"medium_large":false,"large":false,"1536x1536":false,"2048x2048":false,"trp-custom-language-flag":false,"woocommerce_thumbnail":false,"woocommerce_single":false,"woocommerce_gallery_thumbnail":false},"uagb_author_info":{"display_name":"yannazhan@gmail.com","author_link":"https:\/\/vapestornado.com\/pl\/author\/yannazhangmail-com\/"},"uagb_comment_info":0,"uagb_excerpt":"Welcome to vapestornado! By accessing and using our website, you agree to comply with the following terms and conditions, along with applicable laws. If you do not agree with these terms, please do not use our site. By making a purchase on our website, you agree to the Terms &amp; Conditions below, as well as&hellip;","_links":{"self":[{"href":"https:\/\/vapestornado.com\/pl\/wp-json\/wp\/v2\/pages\/2776","targetHints":{"allow":["GET"]}}],"collection":[{"href":"https:\/\/vapestornado.com\/pl\/wp-json\/wp\/v2\/pages"}],"about":[{"href":"https:\/\/vapestornado.com\/pl\/wp-json\/wp\/v2\/types\/page"}],"author":[{"embeddable":true,"href":"https:\/\/vapestornado.com\/pl\/wp-json\/wp\/v2\/users\/1"}],"replies":[{"embeddable":true,"href":"https:\/\/vapestornado.com\/pl\/wp-json\/wp\/v2\/comments?post=2776"}],"version-history":[{"count":1,"href":"https:\/\/vapestornado.com\/pl\/wp-json\/wp\/v2\/pages\/2776\/revisions"}],"predecessor-version":[{"id":2777,"href":"https:\/\/vapestornado.com\/pl\/wp-json\/wp\/v2\/pages\/2776\/revisions\/2777"}],"wp:attachment":[{"href":"https:\/\/vapestornado.com\/pl\/wp-json\/wp\/v2\/media?parent=2776"}],"curies":[{"name":"wp","href":"https:\/\/api.w.org\/{rel}","templated":true}]}}