{"id":2772,"date":"2024-11-12T09:48:42","date_gmt":"2024-11-12T09:48:42","guid":{"rendered":"https:\/\/vapestornado.com\/?page_id=2772"},"modified":"2024-11-12T09:52:13","modified_gmt":"2024-11-12T09:52:13","slug":"vapestornado-shipping-policy","status":"publish","type":"page","link":"https:\/\/vapestornado.com\/pl\/vapestornado-shipping-policy\/","title":{"rendered":"Polityka wysy\u0142ki vapestornado"},"content":{"rendered":"<ol class=\"wp-block-list\">\n<li><strong>Czas przetwarzania i wysy\u0142ki:<\/strong><br>Zam\u00f3wienia s\u0105 przetwarzane i wysy\u0142ane w ci\u0105gu 1-3 dni roboczych. Czas dostawy wynosi zazwyczaj od 7 do 15 dni roboczych. Prosimy pami\u0119ta\u0107, \u017ce nie wysy\u0142amy w weekendy.<\/li>\n\n\n\n<li><strong>Informacje o \u015bledzeniu przesy\u0142ki:<\/strong><br>Po wys\u0142aniu zam\u00f3wienia otrzymasz wiadomo\u015b\u0107 e-mail z informacjami o \u015bledzeniu przesy\u0142ki. \u015aled\u017a swoj\u0105 przesy\u0142k\u0119, u\u017cywaj\u0105c podanego numeru \u015bledzenia na stronie <a href=\"https:\/\/www.17track.net\/en\" target=\"_blank\" rel=\"noopener\">https:\/\/www.17track.net\/en<\/a>. Prosimy odczeka\u0107 1-2 dni po wysy\u0142ce na pojawienie si\u0119 aktualizacji \u015bledzenia.<\/li>\n\n\n\n<li><strong>Anulowanie zam\u00f3wienia lub zmiana adresu:<\/strong><br>Mo\u017cesz anulowa\u0107 zam\u00f3wienie lub zaktualizowa\u0107 adres wysy\u0142ki w dowolnym momencie przed wys\u0142aniem zam\u00f3wienia. Jednak po jego wys\u0142aniu nie mo\u017cemy przetwarza\u0107 zwrot\u00f3w ani zmian adresu.<\/li>\n\n\n\n<li><strong>Wysy\u0142ka z op\u0142aconym c\u0142em (DDP):<\/strong><br>W przypadku wybranych kraj\u00f3w oferujemy wysy\u0142k\u0119 DDP, co oznacza, \u017ce nie b\u0119dziesz musia\u0142 zajmowa\u0107 si\u0119 odpraw\u0105 celn\u0105 ani p\u0142aci\u0107 ce\u0142.<ul><li><strong>Polska<\/strong> \u2013 UPS Express<\/li><li><strong>UK<\/strong> \u2013 Lokalny DPD Express<\/li><li><strong>Europa<\/strong> \u2013 UPS Express\/DPD Express\/DHL Express<\/li><\/ul><strong>Kraje kwalifikuj\u0105ce si\u0119 do DDP w Europie<\/strong> obejmuj\u0105: Niemcy, Belgi\u0119, Luksemburg, Holandi\u0119, Czechy, Polsk\u0119, Chorwacj\u0119, S\u0142owacj\u0119, S\u0142oweni\u0119, Finlandi\u0119, Dani\u0119, Szwecj\u0119, Austri\u0119, Francj\u0119, W\u0142ochy, W\u0119gry, Bu\u0142gari\u0119, Litw\u0119, Estoni\u0119, \u0141otw\u0119, Grecj\u0119, Irlandi\u0119, Portugali\u0119 i Hiszpani\u0119.<\/li>\n\n\n\n<li><strong>Prosz\u0119 zanotowa\u0107:<\/strong> W przypadku przesy\u0142ek do Finlandii, Szwecji, Danii, Norwegii, Islandii, Szwajcarii i Serbii istnieje ryzyko wt\u00f3rnej odprawy celnej. Je\u015bli towary zostan\u0105 zaj\u0119te przez lokalne s\u0142u\u017cby celne podczas kontroli, ubezpieczenie odprawy celnej nie pokryje straty.<\/li>\n<\/ol>\n\n\n\n<p>Dzi\u0119kujemy za wybranie vapestornado do zaspokojenia Twoich potrzeb zwi\u0105zanych z wapowaniem!<\/p>\n\n\n\n<hr class=\"wp-block-separator has-alpha-channel-opacity\"\/>\n\n\n\n<p><strong>Czasy wysy\u0142ki Puff dla okre\u015blonych kraj\u00f3w<\/strong><\/p>\n\n\n\n<figure class=\"wp-block-table\"><table class=\"has-fixed-layout\"><thead><tr><th>Kraj<\/th><th>Metoda wysy\u0142ki<\/th><th>Czas wysy\u0142ki<\/th><\/tr><\/thead><tbody><tr><td>Polska<\/td><td>Lokalny UPS Ground<\/td><td>10-15 dni<\/td><\/tr><tr><td>UK<\/td><td>Lokalny DPD Express<\/td><td>7-12 dni<\/td><\/tr><tr><td>Niemczech<\/td><td>UPS\/DPD\/DHL<\/td><td>8-13 dni<\/td><\/tr><tr><td>Francji<\/td><td>UPS\/DPD\/DHL<\/td><td>8-13 dni<\/td><\/tr><tr><td>Belgia<\/td><td>UPS\/DPD\/DHL<\/td><td>8-13 dni<\/td><\/tr><tr><td>Luksemburg<\/td><td>UPS\/DPD\/DHL<\/td><td>8-13 dni<\/td><\/tr><tr><td>Holandia<\/td><td>UPS\/DPD\/DHL<\/td><td>8-13 dni<\/td><\/tr><tr><td>Czechy<\/td><td>UPS\/DPD\/DHL<\/td><td>8-13 dni<\/td><\/tr><tr><td>Polska<\/td><td>UPS\/DPD\/DHL<\/td><td>8-13 dni<\/td><\/tr><tr><td>Chorwacja<\/td><td>UPS\/DPD\/DHL<\/td><td>8-13 dni<\/td><\/tr><tr><td>S\u0142owacja<\/td><td>UPS\/DPD\/DHL<\/td><td>8-13 dni<\/td><\/tr><tr><td>S\u0142owenia<\/td><td>UPS\/DPD\/DHL<\/td><td>8-13 dni<\/td><\/tr><tr><td>Finlandia<\/td><td>UPS\/DPD\/DHL<\/td><td>8-13 dni<\/td><\/tr><tr><td>Dania<\/td><td>UPS\/DPD\/DHL<\/td><td>8-13 dni<\/td><\/tr><tr><td>Szwecja<\/td><td>UPS\/DPD\/DHL<\/td><td>8-13 dni<\/td><\/tr><tr><td>Austria<\/td><td>UPS\/DPD\/DHL<\/td><td>8-13 dni<\/td><\/tr><tr><td>W\u0142ochy<\/td><td>UPS\/DPD\/DHL<\/td><td>8-13 dni<\/td><\/tr><tr><td>W\u0119gry<\/td><td>UPS\/DPD\/DHL<\/td><td>8-13 dni<\/td><\/tr><tr><td>Litwa<\/td><td>UPS\/DPD\/DHL<\/td><td>8-13 dni<\/td><\/tr><tr><td>Estonia<\/td><td>UPS\/DPD\/DHL<\/td><td>8-13 dni<\/td><\/tr><tr><td>\u0141otwa<\/td><td>UPS\/DPD\/DHL<\/td><td>8-13 dni<\/td><\/tr><tr><td>Grecja<\/td><td>UPS\/DPD\/DHL<\/td><td>8-13 dni<\/td><\/tr><tr><td>Irlandia<\/td><td>UPS\/DPD\/DHL<\/td><td>8-13 dni<\/td><\/tr><tr><td>Portugalia<\/td><td>UPS\/DPD\/DHL<\/td><td>8-13 dni<\/td><\/tr><tr><td>Hiszpania<\/td><td>UPS\/DPD\/DHL<\/td><td>8-13 dni<\/td><\/tr><tr><td>ZEA (Dubaj)<\/td><td>Dedykowana linia Dubaj<\/td><td>12-18 dni<\/td><\/tr><tr><td>Republika Po\u0142udniowej Afryki<\/td><td>Dedykowana linia Republiki Po\u0142udniowej Afryki<\/td><td>15-25 dni<\/td><\/tr><tr><td>Wietnam<\/td><td>Dedykowana linia Wietnamu<\/td><td>3-5 dni<\/td><\/tr><tr><td>Malezja Zachodnia<\/td><td>Dedykowana linia Malezji<\/td><td>4-8 dni<\/td><\/tr><\/tbody><\/table><\/figure>\n\n\n\n<p><\/p>","protected":false},"excerpt":{"rendered":"<p>Dzi\u0119kujemy za wybranie vapestornado do zaspokojenia Twoich potrzeb zwi\u0105zanych z wapowaniem! Czasy wysy\u0142ki Puff dla poszczeg\u00f3lnych kraj\u00f3w Kraj Metoda wysy\u0142ki Czas wysy\u0142ki Polska Lokalna UPS Ground 10-15 dni Wielka Brytania Lokalna DPD Express 7-12 dni Niemcy UPS\/DPD\/DHL 8-13 dni Francja UPS\/DPD\/DHL 8-13 dni Belgia UPS\/DPD\/DHL 8-13 dni Luksemburg UPS\/DPD\/DHL 8-13 dni Holandia UPS\/DPD\/DHL 8-13 dni Czechy UPS\/DPD\/DHL [\u2026]<\/p>","protected":false},"author":1,"featured_media":0,"parent":0,"menu_order":0,"comment_status":"closed","ping_status":"closed","template":"","meta":{"_acf_changed":false,"_uag_custom_page_level_css":"","_lmt_disableupdate":"","_lmt_disable":"","_monsterinsights_skip_tracking":false,"_monsterinsights_sitenote_active":false,"_monsterinsights_sitenote_note":"","_monsterinsights_sitenote_category":0,"site-sidebar-layout":"default","site-content-layout":"","ast-site-content-layout":"default","site-content-style":"default","site-sidebar-style":"default","ast-global-header-display":"","ast-banner-title-visibility":"","ast-main-header-display":"","ast-hfb-above-header-display":"","ast-hfb-below-header-display":"","ast-hfb-mobile-header-display":"","site-post-title":"","ast-breadcrumbs-content":"","ast-featured-img":"","footer-sml-layout":"","ast-disable-related-posts":"","theme-transparent-header-meta":"","adv-header-id-meta":"","stick-header-meta":"","header-above-stick-meta":"","header-main-stick-meta":"","header-below-stick-meta":"","astra-migrate-meta-layouts":"set","ast-page-background-enabled":"default","ast-page-background-meta":{"desktop":{"background-color":"","background-image":"","background-repeat":"repeat","background-position":"center center","background-size":"auto","background-attachment":"scroll","background-type":"","background-media":"","overlay-type":"","overlay-color":"","overlay-opacity":"","overlay-gradient":""},"tablet":{"background-color":"","background-image":"","background-repeat":"repeat","background-position":"center center","background-size":"auto","background-attachment":"scroll","background-type":"","background-media":"","overlay-type":"","overlay-color":"","overlay-opacity":"","overlay-gradient":""},"mobile":{"background-color":"","background-image":"","background-repeat":"repeat","background-position":"center center","background-size":"auto","background-attachment":"scroll","background-type":"","background-media":"","overlay-type":"","overlay-color":"","overlay-opacity":"","overlay-gradient":""}},"ast-content-background-meta":{"desktop":{"background-color":"var(--ast-global-color-5)","background-image":"","background-repeat":"repeat","background-position":"center center","background-size":"auto","background-attachment":"scroll","background-type":"","background-media":"","overlay-type":"","overlay-color":"","overlay-opacity":"","overlay-gradient":""},"tablet":{"background-color":"var(--ast-global-color-5)","background-image":"","background-repeat":"repeat","background-position":"center center","background-size":"auto","background-attachment":"scroll","background-type":"","background-media":"","overlay-type":"","overlay-color":"","overlay-opacity":"","overlay-gradient":""},"mobile":{"background-color":"var(--ast-global-color-5)","background-image":"","background-repeat":"repeat","background-position":"center center","background-size":"auto","background-attachment":"scroll","background-type":"","background-media":"","overlay-type":"","overlay-color":"","overlay-opacity":"","overlay-gradient":""}},"_joinchat":[],"footnotes":""},"class_list":["post-2772","page","type-page","status-publish","hentry"],"acf":[],"uagb_featured_image_src":{"full":false,"thumbnail":false,"medium":false,"medium_large":false,"large":false,"1536x1536":false,"2048x2048":false,"trp-custom-language-flag":false,"woocommerce_thumbnail":false,"woocommerce_single":false,"woocommerce_gallery_thumbnail":false},"uagb_author_info":{"display_name":"yannazhan@gmail.com","author_link":"https:\/\/vapestornado.com\/pl\/author\/yannazhangmail-com\/"},"uagb_comment_info":0,"uagb_excerpt":"Thank you for choosing vapestornado for your vaping needs! Puff Shipping Times for Specific Countries Country Shipping Method Shipping Time USA Local UPS Ground 10-15 Days UK Local DPD Express 7-12 Days Germany UPS\/DPD\/DHL 8-13 Days France UPS\/DPD\/DHL 8-13 Days Belgium UPS\/DPD\/DHL 8-13 Days Luxembourg UPS\/DPD\/DHL 8-13 Days Netherlands UPS\/DPD\/DHL 8-13 Days Czech Republic UPS\/DPD\/DHL&hellip;","_links":{"self":[{"href":"https:\/\/vapestornado.com\/pl\/wp-json\/wp\/v2\/pages\/2772","targetHints":{"allow":["GET"]}}],"collection":[{"href":"https:\/\/vapestornado.com\/pl\/wp-json\/wp\/v2\/pages"}],"about":[{"href":"https:\/\/vapestornado.com\/pl\/wp-json\/wp\/v2\/types\/page"}],"author":[{"embeddable":true,"href":"https:\/\/vapestornado.com\/pl\/wp-json\/wp\/v2\/users\/1"}],"replies":[{"embeddable":true,"href":"https:\/\/vapestornado.com\/pl\/wp-json\/wp\/v2\/comments?post=2772"}],"version-history":[{"count":3,"href":"https:\/\/vapestornado.com\/pl\/wp-json\/wp\/v2\/pages\/2772\/revisions"}],"predecessor-version":[{"id":2775,"href":"https:\/\/vapestornado.com\/pl\/wp-json\/wp\/v2\/pages\/2772\/revisions\/2775"}],"wp:attachment":[{"href":"https:\/\/vapestornado.com\/pl\/wp-json\/wp\/v2\/media?parent=2772"}],"curies":[{"name":"wp","href":"https:\/\/api.w.org\/{rel}","templated":true}]}}