{"id":2769,"date":"2024-11-12T09:44:18","date_gmt":"2024-11-12T09:44:18","guid":{"rendered":"https:\/\/vapestornado.com\/?page_id=2769"},"modified":"2024-11-12T09:45:01","modified_gmt":"2024-11-12T09:45:01","slug":"refund-policy","status":"publish","type":"page","link":"https:\/\/vapestornado.com\/pl\/refund-policy\/","title":{"rendered":"Polityka zwrot\u00f3w"},"content":{"rendered":"<p>Dzi\u0119kujemy za zakupy w vapestornado. Prosimy o uwa\u017cne zapoznanie si\u0119 z nasz\u0105 polityk\u0105 zwrot\u00f3w:<\/p>\n\n\n\n<p><strong>\u017b\u0105dania zwrotu w ci\u0105gu 24 godzin:<\/strong><br>Mo\u017cesz za\u017c\u0105da\u0107 zwrotu w ci\u0105gu 24 godzin od z\u0142o\u017cenia zam\u00f3wienia. Skontaktuj si\u0119 z nami niezw\u0142ocznie, aby otrzyma\u0107 pe\u0142ny zwrot pieni\u0119dzy.<\/p>\n\n\n\n<p><strong>\u017b\u0105dania zwrotu po 24 godzinach:<\/strong><br>W przypadku zam\u00f3wie\u0144 z\u0142o\u017conych ponad 24 godziny temu pe\u0142ny zwrot pieni\u0119dzy mo\u017ce nie by\u0107 mo\u017cliwy, poniewa\u017c zam\u00f3wienia s\u0105 zazwyczaj przygotowywane do odprawy celnej. W takich przypadkach mo\u017cemy zaoferowa\u0107 cz\u0119\u015bciowy zwrot pieni\u0119dzy w wysoko\u015bci do 50% kwoty zam\u00f3wienia ze wzgl\u0119du na koszty wycofania paczki.<\/p>\n\n\n\n<p><strong>Brak zwrotu po wysy\u0142ce:<\/strong><br>Po wys\u0142aniu paczki i wydaniu numeru \u015bledzenia nie b\u0119dziesz ju\u017c uprawniony do zwrotu pieni\u0119dzy.<\/p>\n\n\n\n<p><strong>Ubezpieczenie i problemy celne:<\/strong><br>Wszystkie paczki s\u0105 ubezpieczone. Je\u015bli Twoja paczka zostanie zatrzymana przez urz\u0105d celny i nie zostanie zwolniona, zwr\u00f3cimy Ci pe\u0142n\u0105 kwot\u0119.<\/p>\n\n\n\n<p><strong>Nieprawid\u0142owy adres lub problemy z dostaw\u0105:<\/strong><br>Je\u015bli paczka nie mo\u017ce zosta\u0107 dostarczona z powodu nieprawid\u0142owego adresu lub innych problem\u00f3w zwi\u0105zanych z klientem, klient jest odpowiedzialny za koszt ponownej wysy\u0142ki.<\/p>\n\n\n\n<p>W przypadku pyta\u0144 lub w\u0105tpliwo\u015bci dotycz\u0105cych naszej polityki zwrot\u00f3w prosimy o kontakt z naszym zespo\u0142em obs\u0142ugi klienta pod adresem vapestornado.<\/p>\n\n\n\n<p><\/p>","protected":false},"excerpt":{"rendered":"<p>Dzi\u0119kujemy za zakupy w vapestornado. Prosimy o uwa\u017cne zapoznanie si\u0119 z nasz\u0105 polityk\u0105 zwrot\u00f3w: \u017b\u0105dania zwrotu w ci\u0105gu 24 godzin: Mo\u017cesz za\u017c\u0105da\u0107 zwrotu w ci\u0105gu 24 godzin od z\u0142o\u017cenia zam\u00f3wienia. Skontaktuj si\u0119 z nami niezw\u0142ocznie, aby otrzyma\u0107 pe\u0142ny zwrot pieni\u0119dzy. \u017b\u0105dania zwrotu po 24 godzinach: W przypadku zam\u00f3wie\u0144 z\u0142o\u017conych ponad 24 godziny temu pe\u0142ny zwrot pieni\u0119dzy mo\u017ce nie by\u0107 mo\u017cliwy [\u2026]<\/p>","protected":false},"author":1,"featured_media":0,"parent":0,"menu_order":0,"comment_status":"closed","ping_status":"closed","template":"","meta":{"_acf_changed":false,"_uag_custom_page_level_css":"","_lmt_disableupdate":"","_lmt_disable":"","_monsterinsights_skip_tracking":false,"_monsterinsights_sitenote_active":false,"_monsterinsights_sitenote_note":"","_monsterinsights_sitenote_category":0,"site-sidebar-layout":"default","site-content-layout":"","ast-site-content-layout":"default","site-content-style":"default","site-sidebar-style":"default","ast-global-header-display":"","ast-banner-title-visibility":"","ast-main-header-display":"","ast-hfb-above-header-display":"","ast-hfb-below-header-display":"","ast-hfb-mobile-header-display":"","site-post-title":"","ast-breadcrumbs-content":"","ast-featured-img":"","footer-sml-layout":"","ast-disable-related-posts":"","theme-transparent-header-meta":"","adv-header-id-meta":"","stick-header-meta":"","header-above-stick-meta":"","header-main-stick-meta":"","header-below-stick-meta":"","astra-migrate-meta-layouts":"set","ast-page-background-enabled":"default","ast-page-background-meta":{"desktop":{"background-color":"","background-image":"","background-repeat":"repeat","background-position":"center center","background-size":"auto","background-attachment":"scroll","background-type":"","background-media":"","overlay-type":"","overlay-color":"","overlay-opacity":"","overlay-gradient":""},"tablet":{"background-color":"","background-image":"","background-repeat":"repeat","background-position":"center center","background-size":"auto","background-attachment":"scroll","background-type":"","background-media":"","overlay-type":"","overlay-color":"","overlay-opacity":"","overlay-gradient":""},"mobile":{"background-color":"","background-image":"","background-repeat":"repeat","background-position":"center center","background-size":"auto","background-attachment":"scroll","background-type":"","background-media":"","overlay-type":"","overlay-color":"","overlay-opacity":"","overlay-gradient":""}},"ast-content-background-meta":{"desktop":{"background-color":"var(--ast-global-color-5)","background-image":"","background-repeat":"repeat","background-position":"center center","background-size":"auto","background-attachment":"scroll","background-type":"","background-media":"","overlay-type":"","overlay-color":"","overlay-opacity":"","overlay-gradient":""},"tablet":{"background-color":"var(--ast-global-color-5)","background-image":"","background-repeat":"repeat","background-position":"center center","background-size":"auto","background-attachment":"scroll","background-type":"","background-media":"","overlay-type":"","overlay-color":"","overlay-opacity":"","overlay-gradient":""},"mobile":{"background-color":"var(--ast-global-color-5)","background-image":"","background-repeat":"repeat","background-position":"center center","background-size":"auto","background-attachment":"scroll","background-type":"","background-media":"","overlay-type":"","overlay-color":"","overlay-opacity":"","overlay-gradient":""}},"_joinchat":[],"footnotes":""},"class_list":["post-2769","page","type-page","status-publish","hentry"],"acf":[],"uagb_featured_image_src":{"full":false,"thumbnail":false,"medium":false,"medium_large":false,"large":false,"1536x1536":false,"2048x2048":false,"trp-custom-language-flag":false,"woocommerce_thumbnail":false,"woocommerce_single":false,"woocommerce_gallery_thumbnail":false},"uagb_author_info":{"display_name":"yannazhan@gmail.com","author_link":"https:\/\/vapestornado.com\/pl\/author\/yannazhangmail-com\/"},"uagb_comment_info":0,"uagb_excerpt":"Thank you for shopping with vapestornado. Please review our refund policy carefully: Refund Requests Within 24 Hours:You may request a refund within 24 hours of placing your order. Contact us promptly to receive a full refund. Refund Requests After 24 Hours:For orders placed more than 24 hours ago, a full refund may not be possible&hellip;","_links":{"self":[{"href":"https:\/\/vapestornado.com\/pl\/wp-json\/wp\/v2\/pages\/2769","targetHints":{"allow":["GET"]}}],"collection":[{"href":"https:\/\/vapestornado.com\/pl\/wp-json\/wp\/v2\/pages"}],"about":[{"href":"https:\/\/vapestornado.com\/pl\/wp-json\/wp\/v2\/types\/page"}],"author":[{"embeddable":true,"href":"https:\/\/vapestornado.com\/pl\/wp-json\/wp\/v2\/users\/1"}],"replies":[{"embeddable":true,"href":"https:\/\/vapestornado.com\/pl\/wp-json\/wp\/v2\/comments?post=2769"}],"version-history":[{"count":2,"href":"https:\/\/vapestornado.com\/pl\/wp-json\/wp\/v2\/pages\/2769\/revisions"}],"predecessor-version":[{"id":2771,"href":"https:\/\/vapestornado.com\/pl\/wp-json\/wp\/v2\/pages\/2769\/revisions\/2771"}],"wp:attachment":[{"href":"https:\/\/vapestornado.com\/pl\/wp-json\/wp\/v2\/media?parent=2769"}],"curies":[{"name":"wp","href":"https:\/\/api.w.org\/{rel}","templated":true}]}}