{"id":4842,"date":"2026-01-24T09:54:19","date_gmt":"2026-01-24T09:54:19","guid":{"rendered":"https:\/\/vapestornado.com\/?post_type=product&#038;p=4842"},"modified":"2026-01-24T10:03:36","modified_gmt":"2026-01-24T10:03:36","slug":"aivono-avn-mate-120k-puffs-double-flaovr-disposable-e-cigarette-adjust-flavor","status":"publish","type":"product","link":"https:\/\/vapestornado.com\/nl\/product\/aivono-avn-mate-120k-puffs-double-flaovr-disposable-e-cigarette-adjust-flavor\/","title":{"rendered":"AIVONO AVN MATE 120k Puffs Dubbel Smaak Wegwerp E-Sigaret Aanpasbare Smaak"},"content":{"rendered":"<h1 data-start=\"0\" data-end=\"87\">AIVONO AVN MATE 120k Puffs Dubbel Smaak Wegwerp E-Sigaret Aanpasbare Smaak<\/h1>\n<p data-start=\"276\" data-end=\"608\">De <strong data-start=\"280\" data-end=\"304\">AIVONO AVN MATE 120k<\/strong> is ontworpen voor groothandels die een hoog-capaciteit, hoge waarde wegwerp nodig hebben die snel verkoopt in competitieve Europese markten. Met een echte <strong data-start=\"439\" data-end=\"464\">120.000 puff levensduur<\/strong>, dual-smaak wisselontwerp, en een slimme scherm, richt dit apparaat zich op gebruikers die vari\u00ebteit, duurzaamheid en zichtbare prestaties in \u00e9\u00e9n apparaat willen.<\/p>\n<p data-start=\"610\" data-end=\"976\">Ontworpen als een <strong data-start=\"624\" data-end=\"662\">2-in-1 Dual Smaak Wegwerp Vape<\/strong>, stelt de AIVONO AVN MATE 120000 gebruikers in staat om snel tussen twee smaken te schakelen zonder van apparaat te wisselen. Dit aanpasbare smaakssysteem verhoogt het gebruikstijd en verbetert klanttevredenheid, waardoor het een sterke keuze is voor <strong data-start=\"887\" data-end=\"911\">vape groothandel Nederland<\/strong> kopers die op zoek zijn naar differentiatie op een <strong data-start=\"952\" data-end=\"975\">lage groothandelsprijs<\/strong>.<\/p>\n<p data-start=\"978\" data-end=\"1308\">grote <strong data-start=\"986\" data-end=\"1012\">36ml e-liquid capaciteit<\/strong>, gecombineerd met een stabiele <strong data-start=\"1037\" data-end=\"1050\">1.0\u03a9 kern<\/strong>, zorgt voor consistente damp- en smaakoutput gedurende de volledige puffcyclus. De <strong data-start=\"1127\" data-end=\"1179\">850mAh oplaadbare batterij met Type-C-opladen<\/strong> is afgestemd op het olievolume, zodat gebruikers de vloeistof kunnen opmaken zonder stroomverlies\u2014waardoor klachten en retouren op detailniveau worden verminderd.<\/p>\n<p data-start=\"1310\" data-end=\"1559\">Het ingebouwde <strong data-start=\"1323\" data-end=\"1337\">LED-scherm<\/strong> geeft duidelijk de batterij- en e-vloeistofstatus weer, waardoor dit model zich positioneert als een premium <strong data-start=\"1420\" data-end=\"1440\">vape met scherm<\/strong> terwijl de bediening eenvoudig blijft. Compact formaat helpt ook detailhandelaren om de schapruimte te optimaliseren en de effici\u00ebntie van bulkverzending te verbeteren.<\/p>\n<p data-start=\"1561\" data-end=\"1812\">Voor distributeurs die op zoek zijn naar een betrouwbare <strong data-start=\"1597\" data-end=\"1612\">AIVONO vape<\/strong> met sterk herhaalbestelpotentieel, levert de AVN MATE 120k prestaties, smaakvariatie en prijsstelling die gunstig is voor de marge.<br data-start=\"1733\" data-end=\"1736\" \/><strong data-start=\"1739\" data-end=\"1812\">Neem nu contact met ons op voor Vape Wholesale tegen lage prijzen en bulklevering in Nederland.<\/strong><\/p>\n<p><strong><span style=\"color: #ff0000;\">Voeg Amy's whatsapp toe en krijg direct antwoord en vape vape korting!<\/span><\/strong><\/p>\n<p><img fetchpriority=\"high\" decoding=\"async\" class=\"size-full wp-image-2932\" src=\"https:\/\/vapestornado.com\/wp-content\/uploads\/2024\/12\/Vape-Wholesale.jpg\" alt=\"Vape Groothandel\" width=\"229\" height=\"300\" \/><\/p>\n<h3><a href=\"https:\/\/wa.me\/8617776015835\" target=\"_blank\" rel=\"noopener\"><span style=\"color: #ff0000;\"><strong>WhatsApp: +86 17776015835<\/strong><\/span><\/a><\/h3>\n<h2><strong>AIVONO AVN MATE 120k \u00a0Puffs Productkenmerken<\/strong><\/h2>\n<div>\n<ul>\n<li data-start=\"1887\" data-end=\"1985\">\n<p data-start=\"1889\" data-end=\"1985\"><strong data-start=\"1889\" data-end=\"1907\">120.000 Puffs:<\/strong> Echte high-puff structuur ontworpen voor langdurig gebruik en minder vervangingen.<\/p>\n<\/li>\n<li data-start=\"1986\" data-end=\"2096\">\n<p data-start=\"1988\" data-end=\"2096\"><strong data-start=\"1988\" data-end=\"2018\">2-in-1 Dual Flavor Systeem:<\/strong> Twee smaken in \u00e9\u00e9n apparaat met directe schakeling voor hogere gebruikersretentie.<\/p>\n<\/li>\n<li data-start=\"2097\" data-end=\"2203\">\n<p data-start=\"2099\" data-end=\"2203\"><strong data-start=\"2099\" data-end=\"2126\">36ml E-Liquid Capaciteit:<\/strong> Groot olievolume ondersteunt stabiele output gedurende de volledige puffduur.<\/p>\n<\/li>\n<li data-start=\"2204\" data-end=\"2301\">\n<p data-start=\"2206\" data-end=\"2301\"><strong data-start=\"2206\" data-end=\"2227\">Slim LED-scherm:<\/strong> Realtime batterij- en olieweergave verbetert gebruiksvriendelijkheid en productvertrouwen.<\/p>\n<\/li>\n<li data-start=\"2302\" data-end=\"2419\">\n<p data-start=\"2304\" data-end=\"2419\"><strong data-start=\"2304\" data-end=\"2343\">850mAh Type-C Oplaadbare Batterij:<\/strong> Gebalanceerd krachtensysteem zorgt voor volledige consumptie van e-liquid zonder stilstand.<\/p>\n<\/li>\n<\/ul>\n<figure id=\"attachment_4838\" aria-describedby=\"caption-attachment-4838\" style=\"width: 162px\" class=\"wp-caption alignnone\"><img decoding=\"async\" class=\"size-medium wp-image-4838\" src=\"https:\/\/vapestornado.com\/wp-content\/uploads\/2026\/01\/AIVONO-AVN-MATE-120k-120000-Puffs-Disposable-Vape-Low-Price-162x300.webp\" alt=\"AIVONO AVN MATE 120k 120000 Puffs Wegwerp Vape Lage Prijs\" width=\"162\" height=\"300\" srcset=\"https:\/\/vapestornado.com\/wp-content\/uploads\/2026\/01\/AIVONO-AVN-MATE-120k-120000-Puffs-Disposable-Vape-Low-Price-162x300.webp 162w, https:\/\/vapestornado.com\/wp-content\/uploads\/2026\/01\/AIVONO-AVN-MATE-120k-120000-Puffs-Disposable-Vape-Low-Price-552x1024.webp 552w, https:\/\/vapestornado.com\/wp-content\/uploads\/2026\/01\/AIVONO-AVN-MATE-120k-120000-Puffs-Disposable-Vape-Low-Price-768x1425.webp 768w, https:\/\/vapestornado.com\/wp-content\/uploads\/2026\/01\/AIVONO-AVN-MATE-120k-120000-Puffs-Disposable-Vape-Low-Price-6x12.webp 6w, https:\/\/vapestornado.com\/wp-content\/uploads\/2026\/01\/AIVONO-AVN-MATE-120k-120000-Puffs-Disposable-Vape-Low-Price-600x1113.webp 600w, https:\/\/vapestornado.com\/wp-content\/uploads\/2026\/01\/AIVONO-AVN-MATE-120k-120000-Puffs-Disposable-Vape-Low-Price.webp 800w\" sizes=\"(max-width: 162px) 100vw, 162px\" \/><figcaption id=\"caption-attachment-4838\" class=\"wp-caption-text\">AIVONO AVN MATE 120k 120000 Puffs Wegwerp Vape Lage Prijs<\/figcaption><\/figure>\n<\/div>\n<h2 class=\"product-title\"><strong>AIVONO AVN MATE 120k Puff Smakenlijst<\/strong><\/h2>\n<ol data-start=\"2475\" data-end=\"2828\">\n<li data-start=\"2475\" data-end=\"2508\">\n<p data-start=\"2478\" data-end=\"2508\">Kersenkola + Watermeloen IJs<\/p>\n<\/li>\n<li data-start=\"2509\" data-end=\"2554\">\n<p data-start=\"2512\" data-end=\"2554\">Kiwi Passievrucht Guave + Blauwe Bessen IJs<\/p>\n<\/li>\n<li data-start=\"2555\" data-end=\"2584\">\n<p data-start=\"2558\" data-end=\"2584\">Regenboog Snoep + Meneer Blauw<\/p>\n<\/li>\n<li data-start=\"2585\" data-end=\"2617\">\n<p data-start=\"2588\" data-end=\"2617\">Energiedrank + Drie Mango's<\/p>\n<\/li>\n<li data-start=\"2618\" data-end=\"2653\">\n<p data-start=\"2621\" data-end=\"2653\">Aardbei Banaan + Roze Citroen<\/p>\n<\/li>\n<li data-start=\"2654\" data-end=\"2691\">\n<p data-start=\"2657\" data-end=\"2691\">Bosbes Framboos + Citroen Munt<\/p>\n<\/li>\n<li data-start=\"2692\" data-end=\"2734\">\n<p data-start=\"2695\" data-end=\"2734\">Aardbei Watermeloen + Ananas IJs<\/p>\n<\/li>\n<li data-start=\"2735\" data-end=\"2768\">\n<p data-start=\"2738\" data-end=\"2768\">Ananas Sinaasappel Limoen + Munt<\/p>\n<\/li>\n<li data-start=\"2769\" data-end=\"2796\">\n<p data-start=\"2772\" data-end=\"2796\">Citroen Limoen + Druif IJs<\/p>\n<\/li>\n<li data-start=\"2797\" data-end=\"2828\">\n<p data-start=\"2801\" data-end=\"2828\">Gummyberen + Gemengde Bessen<\/p>\n<h2 data-start=\"2835\" data-end=\"2886\">Waarom Groothandel Aankopers Kiezen voor AIVONO AVN MATE 120k<\/h2>\n<ul data-start=\"2888\" data-end=\"3159\">\n<li data-start=\"2888\" data-end=\"2950\">\n<p data-start=\"2890\" data-end=\"2950\">Dubbel-smaak ontwerp verhoogt de aantrekkingskracht en herhaalaankopen<\/p>\n<\/li>\n<li data-start=\"2951\" data-end=\"3020\">\n<p data-start=\"2953\" data-end=\"3020\">Hoge puff-aantallen verlagen de vervangingsfrequentie en het risico na verkoop<\/p>\n<\/li>\n<li data-start=\"3021\" data-end=\"3091\">\n<p data-start=\"3023\" data-end=\"3091\">Slim scherm voegt premium waarde toe zonder de kosten aanzienlijk te verhogen<\/p>\n<\/li>\n<li data-start=\"3092\" data-end=\"3159\">\n<p data-start=\"3094\" data-end=\"3159\">Ideaal voor <strong data-start=\"3104\" data-end=\"3128\">vape groothandel Nederland<\/strong> en EU-distributiekanalen<\/p>\n<\/li>\n<\/ul>\n<\/li>\n<\/ol>\n<div class=\"flex-shrink-0 flex flex-col relative items-end\">\n<div class=\"pt-0\">\n<div class=\"gizmo-bot-avatar flex h-8 w-8 items-center justify-center overflow-hidden rounded-full\">\n<div class=\"relative p-1 rounded-sm flex items-center justify-center bg-token-main-surface-primary text-token-text-primary h-8 w-8\">\n<h2 data-start=\"1200\" data-end=\"1487\">Vapes Tornado \u2013 Jouw Groothandel Online Vaporwinkel voor Populaire Vapes<\/h2>\n<p data-start=\"72\" data-end=\"396\"><strong data-start=\"72\" data-end=\"89\">Vapes Tornado<\/strong> is een groothandel online vaporwinkel gericht op Europa die een zorgvuldig geselecteerd assortiment levert van <strong data-start=\"178\" data-end=\"195\">populaire vapes<\/strong> voor professionele kopers. We werken samen met detailhandelaren, distributeurs en online winkels in heel Europa die behoefte hebben aan een stabiele levering, duidelijke productinformatie en merken die klanten al kennen en vertrouwen.<\/p>\n<p data-start=\"398\" data-end=\"687\">We werken samen met vertrouwde namen zoals <strong data-start=\"247\" data-end=\"352\"><a href=\"https:\/\/vapestornado.com\/nl\/product\/randm-12000-puffs-fumot-digital-disposable-vape-wholesale-price\/\">Fumot VAPE<\/a>, <a href=\"https:\/\/vapestornado.com\/nl\/product\/original-wga-ultra-35k-35000-puff-rechargeable-crystal-disposable-nicotine-vape-best-discount-price\/\">WGA VAPE<\/a>, <a href=\"https:\/\/vapestornado.com\/nl\/product\/vozol-gear-shisha-25k-25000-puffs-best-dtl-disposable-vape-hookah-cheap-price\/\">VOZOL BAR VAPE<\/a>, <\/strong><strong data-start=\"247\" data-end=\"352\">Elf Bar Vape, WASPE Vape, <a href=\"https:\/\/vapestornado.com\/nl\/product\/uzy-150k-puffs-6-in-1-flavor-switch-disposable-vape-pen-wholesale\/\">UZY Vape<\/a>, Bang Vape, Razz Bar Vape, en Stag Bar Vape<\/strong>, gekozen vanwege consistente kwaliteit en sterke vraag op de Europese markt.<\/p>\n<h4 data-start=\"1080\" data-end=\"1120\">Gebouwd voor Europese Vapers Groothandel<\/h4>\n<p data-start=\"1121\" data-end=\"1189\">Vapes Tornado is gestructureerd rond de echte behoeften van groothandelaren in de EU:<\/p>\n<ul data-start=\"1190\" data-end=\"1400\">\n<li data-start=\"1190\" data-end=\"1239\">\n<p data-start=\"1192\" data-end=\"1239\">Concurrerende groothandelsprijzen voor bulkbestellingen<\/p>\n<\/li>\n<li data-start=\"1240\" data-end=\"1289\">\n<p data-start=\"1242\" data-end=\"1289\">Duidelijke productbeschrijvingen en specificaties<\/p>\n<\/li>\n<li data-start=\"1290\" data-end=\"1330\">\n<p data-start=\"1292\" data-end=\"1330\">Snelle, betrouwbare logistiek gericht op de EU<\/p>\n<\/li>\n<li data-start=\"1331\" data-end=\"1400\">\n<p data-start=\"1333\" data-end=\"1400\">Een catalogus gericht op <strong data-start=\"1356\" data-end=\"1373\">populaire vapes<\/strong>, niet oververzadigde SKU's<\/p>\n<\/li>\n<\/ul>\n<h2 data-start=\"2064\" data-end=\"2115\">Veelgestelde vragen over AIVONO AVN MATE 120k Puffs Disposable Vape<\/h2>\n<p data-start=\"3198\" data-end=\"3373\"><strong data-start=\"3198\" data-end=\"3260\">1. Is de AIVONO AVN MATE 120k een echt apparaat met 120.000 puffs?<\/strong><br data-start=\"3260\" data-end=\"3263\" \/>Ja, het is ontworpen met een bijpassende batterij en olie systeem om de volledige puff-reeks onder normaal gebruik te ondersteunen.<\/p>\n<p data-start=\"3375\" data-end=\"3514\"><strong data-start=\"3375\" data-end=\"3419\">2. Hoe werkt het duale smaakssysteem?<\/strong><br data-start=\"3419\" data-end=\"3422\" \/>Gebruikers kunnen schakelen tussen twee smaken die in hetzelfde apparaat zijn ingebouwd zonder te mengen of bij te vullen.<\/p>\n<p data-start=\"3516\" data-end=\"3619\"><strong data-start=\"3516\" data-end=\"3562\">3. Is dit een oplaadbare wegwerpsmoking?<\/strong><br data-start=\"3562\" data-end=\"3565\" \/>Ja, het beschikt over een oplaadbare Type-C 850mAh batterij.<\/p>\n<p data-start=\"3621\" data-end=\"3727\"><strong data-start=\"3621\" data-end=\"3666\">4. Welke nicotinegehaltes zijn beschikbaar?<\/strong><br data-start=\"3666\" data-end=\"3669\" \/>Het apparaat is beschikbaar in <strong data-start=\"3696\" data-end=\"3726\">2% en 5% nicotine opties<\/strong>.<\/p>\n<p data-start=\"3729\" data-end=\"3888\"><strong data-start=\"3729\" data-end=\"3789\">5. Is dit geschikt voor groothandel distributie in Nederland?<\/strong><br data-start=\"3789\" data-end=\"3792\" \/>Ja, het ontwerp, de prijsstelling en de smaakstructuur zijn goed geschikt voor de Nederlandse groothandelsmarkt.<\/p>\n<\/div>\n<\/div>\n<\/div>\n<\/div>","protected":false},"excerpt":{"rendered":"<div class=\"flex max-w-full flex-col grow\">\n<div class=\"min-h-8 text-message relative flex w-full flex-col items-end gap-2 text-start break-words whitespace-normal [.text-message+&amp;]:mt-1\" dir=\"auto\" data-message-author-role=\"assistant\" data-message-id=\"2a9d6edf-5b3a-41c0-afc9-caef2e4c2c3b\" data-message-model-slug=\"gpt-5-2\">\n<div class=\"flex w-full flex-col gap-1 empty:hidden first:pt-[1px]\">\n<div class=\"markdown prose dark:prose-invert w-full break-words light markdown-new-styling\">\n<p data-start=\"4127\" data-end=\"4213\"><strong data-start=\"4127\" data-end=\"4211\">AIVONO AVN MATE 120k Dual Smaak Wegwerp Vape met Scherm voor Groothandel in Nederland<\/strong><\/p>\n<p data-start=\"4217\" data-end=\"4296\"><strong data-start=\"4217\" data-end=\"4294\">AIVONO AVN MATE 120000 Puffs 2-in-1 Wegwerp Vape Laag Prijs Bulk Levering<\/strong><\/p>\n<p data-start=\"4300\" data-end=\"4384\"><strong data-start=\"4300\" data-end=\"4384\">AIVONO AVN MATE 120k Aanpasbare Smaak Wegwerp E-Sigaret voor Vape Groothandel<\/strong><\/p>\n<\/div>\n<\/div>\n<\/div>\n<\/div>\n<p><strong>Voeg Amy's whatsapp toe om het juiste antwoord en kortingsprijs te krijgen!<\/strong><\/p>\n<p><img fetchpriority=\"high\" decoding=\"async\" class=\"size-full wp-image-2932\" src=\"https:\/\/vapestornado.com\/wp-content\/uploads\/2024\/12\/Vape-Wholesale.jpg\" alt=\"Vape Groothandel\" width=\"229\" height=\"300\" \/><\/p>\n<h3><a href=\"https:\/\/wa.me\/8617776015835\"><span style=\"color: #ff0000;\"><strong>WhatsApp: +86 17776015835<\/strong><\/span><\/a><\/h3>","protected":false},"featured_media":4837,"comment_status":"open","ping_status":"closed","template":"","meta":{"_acf_changed":false,"_uag_custom_page_level_css":"","_lmt_disableupdate":"no","_lmt_disable":"","_monsterinsights_skip_tracking":false,"_monsterinsights_sitenote_active":false,"_monsterinsights_sitenote_note":"","_monsterinsights_sitenote_category":0,"site-sidebar-layout":"default","site-content-layout":"","ast-site-content-layout":"default","site-content-style":"default","site-sidebar-style":"default","ast-global-header-display":"","ast-banner-title-visibility":"","ast-main-header-display":"","ast-hfb-above-header-display":"","ast-hfb-below-header-display":"","ast-hfb-mobile-header-display":"","site-post-title":"","ast-breadcrumbs-content":"","ast-featured-img":"","footer-sml-layout":"","ast-disable-related-posts":"","theme-transparent-header-meta":"default","adv-header-id-meta":"","stick-header-meta":"","header-above-stick-meta":"","header-main-stick-meta":"","header-below-stick-meta":"","astra-migrate-meta-layouts":"set","ast-page-background-enabled":"default","ast-page-background-meta":{"desktop":{"background-color":"","background-image":"","background-repeat":"repeat","background-position":"center center","background-size":"auto","background-attachment":"scroll","background-type":"","background-media":"","overlay-type":"","overlay-color":"","overlay-opacity":"","overlay-gradient":""},"tablet":{"background-color":"","background-image":"","background-repeat":"repeat","background-position":"center center","background-size":"auto","background-attachment":"scroll","background-type":"","background-media":"","overlay-type":"","overlay-color":"","overlay-opacity":"","overlay-gradient":""},"mobile":{"background-color":"","background-image":"","background-repeat":"repeat","background-position":"center center","background-size":"auto","background-attachment":"scroll","background-type":"","background-media":"","overlay-type":"","overlay-color":"","overlay-opacity":"","overlay-gradient":""}},"ast-content-background-meta":{"desktop":{"background-color":"var(--ast-global-color-5)","background-image":"","background-repeat":"repeat","background-position":"center center","background-size":"auto","background-attachment":"scroll","background-type":"","background-media":"","overlay-type":"","overlay-color":"","overlay-opacity":"","overlay-gradient":""},"tablet":{"background-color":"var(--ast-global-color-5)","background-image":"","background-repeat":"repeat","background-position":"center center","background-size":"auto","background-attachment":"scroll","background-type":"","background-media":"","overlay-type":"","overlay-color":"","overlay-opacity":"","overlay-gradient":""},"mobile":{"background-color":"var(--ast-global-color-5)","background-image":"","background-repeat":"repeat","background-position":"center center","background-size":"auto","background-attachment":"scroll","background-type":"","background-media":"","overlay-type":"","overlay-color":"","overlay-opacity":"","overlay-gradient":""}},"_joinchat":[]},"product_brand":[],"product_cat":[347,176,150,152,153,158,141,142,492,144,146],"product_tag":[567,563,562,564,195,566,565,522,269],"class_list":{"0":"post-4842","1":"product","2":"type-product","3":"status-publish","4":"has-post-thumbnail","6":"product_cat-120000-puff","7":"product_cat-aivono-vape","8":"product_cat-buy-disposable-vapes-in-belgium","9":"product_cat-buy-disposable-vapes-in-cermany","10":"product_cat-buy-disposable-vapes-in-italy","11":"product_cat-buy-disposable-vapes-in-spain","12":"product_cat-crystal-disposable-vapes","13":"product_cat-digital-box-disposable-vapes","14":"product_cat-eu-warehouse","15":"product_cat-low-nicotine-disposable-vapes","16":"product_cat-rechargeable-disposable-vapes","17":"product_tag-2-in-1-flavor","18":"product_tag-aivono-avn-mate-120000","19":"product_tag-aivono-avn-mate-120k","20":"product_tag-aivono-vape","21":"product_tag-dual-flavor-disposable-vape","22":"product_tag-puff-120k","23":"product_tag-vape-wholesale-at-low-price","24":"product_tag-vape-wholesale-italy","25":"product_tag-vape-with-screen","26":"desktop-align-left","27":"tablet-align-left","28":"mobile-align-left","30":"first","31":"instock","32":"sale","33":"shipping-taxable","34":"purchasable","35":"product-type-simple"},"acf":[],"uagb_featured_image_src":{"full":["https:\/\/vapestornado.com\/wp-content\/uploads\/2026\/01\/AIVONO-AVN-MATE-120k-120000-Puffs-Disposable-Vape-Double-Flaovr.webp",800,800,false],"thumbnail":["https:\/\/vapestornado.com\/wp-content\/uploads\/2026\/01\/AIVONO-AVN-MATE-120k-120000-Puffs-Disposable-Vape-Double-Flaovr-150x150.webp",150,150,true],"medium":["https:\/\/vapestornado.com\/wp-content\/uploads\/2026\/01\/AIVONO-AVN-MATE-120k-120000-Puffs-Disposable-Vape-Double-Flaovr-300x300.webp",300,300,true],"medium_large":["https:\/\/vapestornado.com\/wp-content\/uploads\/2026\/01\/AIVONO-AVN-MATE-120k-120000-Puffs-Disposable-Vape-Double-Flaovr-768x768.webp",768,768,true],"large":["https:\/\/vapestornado.com\/wp-content\/uploads\/2026\/01\/AIVONO-AVN-MATE-120k-120000-Puffs-Disposable-Vape-Double-Flaovr.webp",800,800,false],"1536x1536":["https:\/\/vapestornado.com\/wp-content\/uploads\/2026\/01\/AIVONO-AVN-MATE-120k-120000-Puffs-Disposable-Vape-Double-Flaovr.webp",800,800,false],"2048x2048":["https:\/\/vapestornado.com\/wp-content\/uploads\/2026\/01\/AIVONO-AVN-MATE-120k-120000-Puffs-Disposable-Vape-Double-Flaovr.webp",800,800,false],"trp-custom-language-flag":["https:\/\/vapestornado.com\/wp-content\/uploads\/2026\/01\/AIVONO-AVN-MATE-120k-120000-Puffs-Disposable-Vape-Double-Flaovr-12x12.webp",12,12,true],"woocommerce_thumbnail":["https:\/\/vapestornado.com\/wp-content\/uploads\/2026\/01\/AIVONO-AVN-MATE-120k-120000-Puffs-Disposable-Vape-Double-Flaovr-300x300.webp",300,300,true],"woocommerce_single":["https:\/\/vapestornado.com\/wp-content\/uploads\/2026\/01\/AIVONO-AVN-MATE-120k-120000-Puffs-Disposable-Vape-Double-Flaovr-600x600.webp",600,600,true],"woocommerce_gallery_thumbnail":["https:\/\/vapestornado.com\/wp-content\/uploads\/2026\/01\/AIVONO-AVN-MATE-120k-120000-Puffs-Disposable-Vape-Double-Flaovr-100x100.webp",100,100,true]},"uagb_author_info":{"display_name":"ESAMY","author_link":"https:\/\/vapestornado.com\/nl\/author\/"},"uagb_comment_info":0,"uagb_excerpt":"AIVONO AVN MATE 120k Dual Flavor Disposable Vape with Screen for Italy Wholesale AIVONO AVN MATE 120000 Puffs 2 in 1 Disposable Vape Low Price Bulk Supply AIVONO AVN MATE 120k Adjustable Flavor Disposable E-Cigarette for Vape Wholesale Add Amy's whatsapp to get right reply and discount price! WhatsApp: +86 17776015835","_links":{"self":[{"href":"https:\/\/vapestornado.com\/nl\/wp-json\/wp\/v2\/product\/4842","targetHints":{"allow":["GET"]}}],"collection":[{"href":"https:\/\/vapestornado.com\/nl\/wp-json\/wp\/v2\/product"}],"about":[{"href":"https:\/\/vapestornado.com\/nl\/wp-json\/wp\/v2\/types\/product"}],"replies":[{"embeddable":true,"href":"https:\/\/vapestornado.com\/nl\/wp-json\/wp\/v2\/comments?post=4842"}],"wp:featuredmedia":[{"embeddable":true,"href":"https:\/\/vapestornado.com\/nl\/wp-json\/wp\/v2\/media\/4837"}],"wp:attachment":[{"href":"https:\/\/vapestornado.com\/nl\/wp-json\/wp\/v2\/media?parent=4842"}],"wp:term":[{"taxonomy":"product_brand","embeddable":true,"href":"https:\/\/vapestornado.com\/nl\/wp-json\/wp\/v2\/product_brand?post=4842"},{"taxonomy":"product_cat","embeddable":true,"href":"https:\/\/vapestornado.com\/nl\/wp-json\/wp\/v2\/product_cat?post=4842"},{"taxonomy":"product_tag","embeddable":true,"href":"https:\/\/vapestornado.com\/nl\/wp-json\/wp\/v2\/product_tag?post=4842"}],"curies":[{"name":"wp","href":"https:\/\/api.w.org\/{rel}","templated":true}]}}