{"id":4379,"date":"2025-09-25T02:51:29","date_gmt":"2025-09-25T02:51:29","guid":{"rendered":"https:\/\/vapestornado.com\/?post_type=product&#038;p=4379"},"modified":"2025-09-25T03:40:09","modified_gmt":"2025-09-25T03:40:09","slug":"vopk-80000-puff-80k-4-in-1-four-flavors-disposable-vapes-online-wholesale","status":"publish","type":"product","link":"https:\/\/vapestornado.com\/nl\/product\/vopk-80000-puff-80k-4-in-1-four-flavors-disposable-vapes-online-wholesale\/","title":{"rendered":"VOPK 80000 Puff 80k 4 in 1 Vier Smaken Wegwerp Vape Online Groothandel"},"content":{"rendered":"<h2 data-pm-slice=\"1 1 []\">VOPK 80000 Puff 80k 4 in 1 Vier Smaken Wegwerp Vape Online Groothandel<\/h2>\n<p data-start=\"175\" data-end=\"532\">De <strong data-start=\"179\" data-end=\"214\">VOPK 80000 Puff Wegwerp Vape<\/strong> is gebouwd voor dampers die <strong data-start=\"244\" data-end=\"293\">kracht, vari\u00ebteit en gemak in \u00e9\u00e9n apparaat<\/strong>. Met <strong data-start=\"300\" data-end=\"328\">4-in-1 smaaktechnologie<\/strong>, gebruikers kunnen direct schakelen tussen vier premium smaken zonder meerdere pods mee te nemen. Biedt tot <strong data-start=\"433\" data-end=\"457\">80k puffs per apparaat<\/strong>, dit model is een <strong data-start=\"475\" data-end=\"515\">topkeuze in vapes online groothandel<\/strong> binnen Nederland.<\/p>\n<p data-start=\"534\" data-end=\"1007\">Uitgerust met een <strong data-start=\"550\" data-end=\"568\">0.9\u03a9 gaascoil<\/strong>, <strong data-start=\"570\" data-end=\"608\">650mAh Type-C oplaadbare batterij<\/strong>, en een <strong data-start=\"616\" data-end=\"642\">digitaal display scherm<\/strong>, de <strong data-start=\"648\" data-end=\"660\">VOPK 80k<\/strong> zorgt voor rijke smaak, dichte damp en volledige controle over olie- en batterijlevels. Met nicotine-opties op <strong data-start=\"764\" data-end=\"782\">0%, 2% en 5%<\/strong>, het voldoet aan zowel casual gebruikers als ervaren vapers. Compact maar krachtig, het is de perfecte <strong data-start=\"878\" data-end=\"905\">wegwerp vape mod kit<\/strong> voor de <b>gebruikers<\/b>, met modern design en betrouwbare prestaties.<\/p>\n<p><strong><span style=\"color: #ff0000;\">Voeg Amy's whatsapp toe en krijg direct antwoord en vape vape korting!<\/span><\/strong><\/p>\n<p><img fetchpriority=\"high\" decoding=\"async\" class=\"size-full wp-image-2932\" src=\"https:\/\/vapestornado.com\/wp-content\/uploads\/2024\/12\/Vape-Wholesale.jpg\" alt=\"Vape Groothandel\" width=\"229\" height=\"300\" \/><\/p>\n<h3><a href=\"https:\/\/wa.me\/8617776015835\" target=\"_blank\" rel=\"noopener\"><span style=\"color: #ff0000;\"><strong>WhatsApp: +86 17776015835<\/strong><\/span><\/a><\/h3>\n<p>&nbsp;<\/p>\n<h2><strong>VOPK 80000 Puffs Productkenmerken<\/strong><\/h2>\n<h2 data-start=\"201\" data-end=\"249\"><\/h2>\n<ul data-start=\"251\" data-end=\"944\">\n<li data-start=\"251\" data-end=\"343\">\n<p data-start=\"253\" data-end=\"343\"><strong data-start=\"253\" data-end=\"277\">Enorme 80.000 Puffs<\/strong> \u2013 gebouwd voor langdurig gebruik, ideaal voor bulk- en groothandelsvraag.<\/p>\n<\/li>\n<li data-start=\"344\" data-end=\"438\">\n<p data-start=\"346\" data-end=\"438\"><strong data-start=\"346\" data-end=\"370\">4-in-1 Smaaksysteem<\/strong> \u2013 geniet van vier smaken in \u00e9\u00e9n apparaat, geen podwissel nodig.<\/p>\n<\/li>\n<li data-start=\"439\" data-end=\"518\">\n<p data-start=\"441\" data-end=\"518\"><strong data-start=\"441\" data-end=\"459\">0,9\u03a9 Mesh Coil<\/strong> \u2013 levert consistente dampdichtheid en verbeterde smaak.<\/p>\n<\/li>\n<li data-start=\"519\" data-end=\"606\">\n<p data-start=\"521\" data-end=\"606\"><strong data-start=\"521\" data-end=\"552\">650mAh Oplaadbare Batterij<\/strong> \u2013 Type-C snelladen houdt je onderweg van stroom voorzien.<\/p>\n<\/li>\n<li data-start=\"607\" data-end=\"693\">\n<p data-start=\"609\" data-end=\"693\"><strong data-start=\"609\" data-end=\"634\">Smart Digitaal Display<\/strong> \u2013 bewaak batterijduur en e-liquid niveaus in realtime.<\/p>\n<\/li>\n<li data-start=\"694\" data-end=\"776\">\n<p data-start=\"696\" data-end=\"776\"><strong data-start=\"696\" data-end=\"727\">Nicotine Opties: 0%, 2%, 5%<\/strong> \u2013 flexibiliteit om aan verschillende vape-behoeften te voldoen.<\/p>\n<\/li>\n<li data-start=\"777\" data-end=\"862\">\n<p data-start=\"779\" data-end=\"862\"><strong data-start=\"779\" data-end=\"807\">Draagbaar &amp; Gebruiksvriendelijk<\/strong> \u2013 ergonomisch groot mondstuk en lichtgewicht ontwerp.<\/p>\n<\/li>\n<li data-start=\"863\" data-end=\"944\">\n<p data-start=\"865\" data-end=\"944\"><strong data-start=\"865\" data-end=\"885\">10 Smaakcombinaties<\/strong> \u2013 een grote verscheidenheid om aan verschillende smaakvoorkeuren te voldoen.<\/p>\n<\/li>\n<\/ul>\n<figure id=\"attachment_4374\" aria-describedby=\"caption-attachment-4374\" style=\"width: 300px\" class=\"wp-caption alignnone\"><img decoding=\"async\" class=\"size-medium wp-image-4374\" src=\"https:\/\/vapestornado.com\/wp-content\/uploads\/2025\/09\/VOPK-80000-Puffs-Nicotine-Free-Disposable-Vape-300x300.webp\" alt=\"VOPK 80000 Puffs Nicotinevrije Wegwerp Vape\" width=\"300\" height=\"300\" srcset=\"https:\/\/vapestornado.com\/wp-content\/uploads\/2025\/09\/VOPK-80000-Puffs-Nicotine-Free-Disposable-Vape-300x300.webp 300w, https:\/\/vapestornado.com\/wp-content\/uploads\/2025\/09\/VOPK-80000-Puffs-Nicotine-Free-Disposable-Vape-150x150.webp 150w, https:\/\/vapestornado.com\/wp-content\/uploads\/2025\/09\/VOPK-80000-Puffs-Nicotine-Free-Disposable-Vape-768x768.webp 768w, https:\/\/vapestornado.com\/wp-content\/uploads\/2025\/09\/VOPK-80000-Puffs-Nicotine-Free-Disposable-Vape-12x12.webp 12w, https:\/\/vapestornado.com\/wp-content\/uploads\/2025\/09\/VOPK-80000-Puffs-Nicotine-Free-Disposable-Vape-600x600.webp 600w, https:\/\/vapestornado.com\/wp-content\/uploads\/2025\/09\/VOPK-80000-Puffs-Nicotine-Free-Disposable-Vape-100x100.webp 100w, https:\/\/vapestornado.com\/wp-content\/uploads\/2025\/09\/VOPK-80000-Puffs-Nicotine-Free-Disposable-Vape.webp 800w\" sizes=\"(max-width: 300px) 100vw, 300px\" \/><figcaption id=\"caption-attachment-4374\" class=\"wp-caption-text\">VOPK 80000 Puffs Nicotinevrije Wegwerp Vape<\/figcaption><\/figure>\n<h2 class=\"product-title\"><strong>VOPK 80000 Puff 80k 4-in-1 Smakenlijst<\/strong><\/h2>\n<p data-start=\"2550\" data-end=\"2736\">1. Watermeloen ijs \/ Triple meloen ijs \/ Blauwe razz ijs \/ Aardbeien ijsroom<br \/>\n2. Blauwe bes framboos \/ Fuji ijs \/ Gemengde bessen \/ Blauwe bes kokos snoep<br \/>\n3. Aardbei watermeloen \/ Cranberry druif \/ Mango ijs \/ Aardbei framboos snoep<br \/>\n4. Red Bull ijs \/ Passievrucht kiwi limoen \/ Zure appel framboos Aardbei \/ Watermeloen kauwgom<br \/>\n5. Blauwe bes ijs \/ Perzik mango watermeloen \/ Meloen appel \/ Bruisende kers ijs<br \/>\n6. Aardbei mango \/ Aardbei kiwi \/ Watermeloen Dragon Fruit \/ Gummy beer<br \/>\n7. Love 66 \/ Framboos watermeloen \/ Aardbei Framboos kers \/ Kers snoep ijs<br \/>\n8. Aardbei banaan \/ Ananas kokos ijs \/ Mango perzik abrikoos \/ Alo\u00eb mango meloen<br \/>\n9. Regenboog Snoep \/ Perzik ijs \/ Citroen zuur sinaasappel \/ Cranberry Citroen<br \/>\n10. Kiwi passievrucht guave \/ Aardbei kers \/ Druif ijs \/ Aardbei Candy<\/p>\n<div class=\"flex-shrink-0 flex flex-col relative items-end\">\n<div class=\"pt-0\">\n<div class=\"gizmo-bot-avatar flex h-8 w-8 items-center justify-center overflow-hidden rounded-full\">\n<div class=\"relative p-1 rounded-sm flex items-center justify-center bg-token-main-surface-primary text-token-text-primary h-8 w-8\">\n<h2 data-start=\"1200\" data-end=\"1487\">Vapes Tornado \u2013 Jouw Groothandel Online Vape Winkel voor Top Vape Merken<\/h2>\n<p data-start=\"1200\" data-end=\"1487\"><strong data-start=\"141\" data-end=\"177\">Vapes Tornado Online Rookwinkel<\/strong> is jouw vertrouwde bron voor <strong data-start=\"205\" data-end=\"270\">premium wegwerp vapes en groothandel e-sigaretten in Nederland<\/strong>. We bieden topverkopende merken zoals <strong data-start=\"307\" data-end=\"362\"><a href=\"https:\/\/vapestornado.com\/nl\/product\/elf-bar-raya-d3-25000-puffs-best-disposable-vape-wholesale-in-uk\/\">ELF BAR VAPE<\/a>, <a href=\"https:\/\/vapestornado.com\/nl\/product\/randm-tornado-15000-disposable-vape-wholesale-price\/\">Fumot VAPE<\/a>, <a href=\"https:\/\/vapestornado.com\/nl\/product\/original-vozol-star-40000-puff-40k-best-disposable-vape-2025-wholesale-cheap-price\/\">VOZOL VAPE<\/a>, Bang Vape<\/strong>, en meer, wat kwaliteit en vari\u00ebteit voor elke klant garandeert. Of je nu een individuele vaper bent of een groothandel koper, wij leveren <strong data-start=\"481\" data-end=\"550\">hoogwaardige apparaten, stijlvolle ontwerpen en concurrerende prijzen<\/strong> om aan jouw behoeften te voldoen.<\/p>\n<h2 data-start=\"2064\" data-end=\"2115\">Veelgestelde vragen over VOPK 80000 Puff 80k 4-in-1 Wegwerp Vape<\/h2>\n<p data-start=\"1035\" data-end=\"1198\"><strong data-start=\"1035\" data-end=\"1107\">Q1: Hoeveel puffs biedt de VOPK 80000 Puff Wegwerp Vape?<\/strong><br data-start=\"1107\" data-end=\"1110\" \/>A1: Elk apparaat levert tot <strong data-start=\"1141\" data-end=\"1157\">80.000 puffs<\/strong>, waardoor het ideaal is voor langdurig gebruik.<\/p>\n<p data-start=\"1200\" data-end=\"1379\"><strong data-start=\"1200\" data-end=\"1281\">Q2: Wat maakt de VOPK 80k uniek vergeleken met andere wegwerp vapes online?<\/strong><br data-start=\"1281\" data-end=\"1284\" \/>A2: Het beschikt over een <strong data-start=\"1302\" data-end=\"1326\">4-in-1 smaak systeem<\/strong>, waarmee je vier smaken in \u00e9\u00e9n apparaat kunt genieten.<\/p>\n<p data-start=\"1381\" data-end=\"1530\"><strong data-start=\"1381\" data-end=\"1433\">V3: Ondersteunt de VOPK 80000 Puff opladen?<\/strong><br data-start=\"1433\" data-end=\"1436\" \/>A3: Ja, het wordt geleverd met een <strong data-start=\"1461\" data-end=\"1499\">650mAh Type-C oplaadbare batterij<\/strong> voor effici\u00ebnt snel opladen.<\/p>\n<p data-start=\"1532\" data-end=\"1693\"><strong data-start=\"1532\" data-end=\"1610\">V4: Welke nicotine sterktes zijn beschikbaar voor de VOPK 80k Wegwerp Vape?<\/strong><br data-start=\"1610\" data-end=\"1613\" \/>A4: Opties zijn onder andere <strong data-start=\"1633\" data-end=\"1651\">0%, 2% en 5%<\/strong>, die voldoen aan de behoeften van verschillende vapers.<\/p>\n<p data-start=\"1695\" data-end=\"1910\"><strong data-start=\"1695\" data-end=\"1762\">V5: Waarom is de VOPK 80k populair op groothandelsmarkten in Nederland?<\/strong><br data-start=\"1762\" data-end=\"1765\" \/>A5: De <strong data-start=\"1773\" data-end=\"1840\">hoge puff capaciteit, schermweergave en meerdere smaakkeuzes<\/strong> maken het zeer aantrekkelijk voor groothandelskopers en jonge consumenten.<\/p>\n<\/div>\n<\/div>\n<\/div>\n<\/div>","protected":false},"excerpt":{"rendered":"<p data-start=\"2159\" data-end=\"2246\"><strong data-start=\"2159\" data-end=\"2244\">VOPK 80000 Puff Wegwerp Vape \u2013 4-in-1 Smaak, 80k Puffs, Beste Groothandel Prijs<\/strong><\/p>\n<p data-start=\"2250\" data-end=\"2331\"><strong data-start=\"2250\" data-end=\"2329\">Groothandel VOPK 80k Wegwerp Vape Mod Kits \u2013 Schermweergave &amp; Oplaadbaar<\/strong><\/p>\n<p data-start=\"2335\" data-end=\"2416\"><strong data-start=\"2335\" data-end=\"2414\">VOPK 80000 Puff 4-in-1 Wegwerp Vape Kit \u2013 Premium Vapes Online voor de EU-markt<\/strong><\/p>\n<p><strong>Voeg Amy's whatsapp toe om het juiste antwoord en kortingsprijs te krijgen!<\/strong><\/p>\n<p><img fetchpriority=\"high\" decoding=\"async\" class=\"size-full wp-image-2932\" src=\"https:\/\/vapestornado.com\/wp-content\/uploads\/2024\/12\/Vape-Wholesale.jpg\" alt=\"Vape Groothandel\" width=\"229\" height=\"300\" \/><\/p>\n<h3><a href=\"https:\/\/wa.me\/8617776015835\"><span style=\"color: #ff0000;\"><strong>WhatsApp: +86 17776015835<\/strong><\/span><\/a><\/h3>","protected":false},"featured_media":4373,"comment_status":"open","ping_status":"closed","template":"","meta":{"_acf_changed":false,"_uag_custom_page_level_css":"","_lmt_disableupdate":"no","_lmt_disable":"","_monsterinsights_skip_tracking":false,"_monsterinsights_sitenote_active":false,"_monsterinsights_sitenote_note":"","_monsterinsights_sitenote_category":0,"site-sidebar-layout":"default","site-content-layout":"","ast-site-content-layout":"default","site-content-style":"default","site-sidebar-style":"default","ast-global-header-display":"","ast-banner-title-visibility":"","ast-main-header-display":"","ast-hfb-above-header-display":"","ast-hfb-below-header-display":"","ast-hfb-mobile-header-display":"","site-post-title":"","ast-breadcrumbs-content":"","ast-featured-img":"","footer-sml-layout":"","ast-disable-related-posts":"","theme-transparent-header-meta":"default","adv-header-id-meta":"","stick-header-meta":"","header-above-stick-meta":"","header-main-stick-meta":"","header-below-stick-meta":"","astra-migrate-meta-layouts":"set","ast-page-background-enabled":"default","ast-page-background-meta":{"desktop":{"background-color":"","background-image":"","background-repeat":"repeat","background-position":"center center","background-size":"auto","background-attachment":"scroll","background-type":"","background-media":"","overlay-type":"","overlay-color":"","overlay-opacity":"","overlay-gradient":""},"tablet":{"background-color":"","background-image":"","background-repeat":"repeat","background-position":"center center","background-size":"auto","background-attachment":"scroll","background-type":"","background-media":"","overlay-type":"","overlay-color":"","overlay-opacity":"","overlay-gradient":""},"mobile":{"background-color":"","background-image":"","background-repeat":"repeat","background-position":"center center","background-size":"auto","background-attachment":"scroll","background-type":"","background-media":"","overlay-type":"","overlay-color":"","overlay-opacity":"","overlay-gradient":""}},"ast-content-background-meta":{"desktop":{"background-color":"var(--ast-global-color-5)","background-image":"","background-repeat":"repeat","background-position":"center center","background-size":"auto","background-attachment":"scroll","background-type":"","background-media":"","overlay-type":"","overlay-color":"","overlay-opacity":"","overlay-gradient":""},"tablet":{"background-color":"var(--ast-global-color-5)","background-image":"","background-repeat":"repeat","background-position":"center center","background-size":"auto","background-attachment":"scroll","background-type":"","background-media":"","overlay-type":"","overlay-color":"","overlay-opacity":"","overlay-gradient":""},"mobile":{"background-color":"var(--ast-global-color-5)","background-image":"","background-repeat":"repeat","background-position":"center center","background-size":"auto","background-attachment":"scroll","background-type":"","background-media":"","overlay-type":"","overlay-color":"","overlay-opacity":"","overlay-gradient":""}},"_joinchat":[]},"product_brand":[],"product_cat":[344,149,153,156,158,142,143,144,146,290],"product_tag":[378,380,368,381,377,379],"class_list":{"0":"post-4379","1":"product","2":"type-product","3":"status-publish","4":"has-post-thumbnail","6":"product_cat-80000-puff","7":"product_cat-buy-disposable-vapes-in-austria","8":"product_cat-buy-disposable-vapes-in-italy","9":"product_cat-buy-disposable-vapes-in-poland","10":"product_cat-buy-disposable-vapes-in-spain","11":"product_cat-digital-box-disposable-vapes","12":"product_cat-dual-mesh-disposable-vapes","13":"product_cat-low-nicotine-disposable-vapes","14":"product_cat-rechargeable-disposable-vapes","15":"product_cat-vopk-vape","16":"product_tag-4-in-1-vape","17":"product_tag-disposable-vapes-online","18":"product_tag-disposable-vapor","19":"product_tag-vapes-online-wholesale","20":"product_tag-vopk-80000-puff","21":"product_tag-vopk-80k","22":"desktop-align-left","23":"tablet-align-left","24":"mobile-align-left","26":"first","27":"instock","28":"sale","29":"shipping-taxable","30":"purchasable","31":"product-type-simple"},"acf":[],"uagb_featured_image_src":{"full":["https:\/\/vapestornado.com\/wp-content\/uploads\/2025\/09\/VOPK-80k-80000-Puffs-Disposable-Vape-Mod-Kits.webp",800,800,false],"thumbnail":["https:\/\/vapestornado.com\/wp-content\/uploads\/2025\/09\/VOPK-80k-80000-Puffs-Disposable-Vape-Mod-Kits-150x150.webp",150,150,true],"medium":["https:\/\/vapestornado.com\/wp-content\/uploads\/2025\/09\/VOPK-80k-80000-Puffs-Disposable-Vape-Mod-Kits-300x300.webp",300,300,true],"medium_large":["https:\/\/vapestornado.com\/wp-content\/uploads\/2025\/09\/VOPK-80k-80000-Puffs-Disposable-Vape-Mod-Kits-768x768.webp",768,768,true],"large":["https:\/\/vapestornado.com\/wp-content\/uploads\/2025\/09\/VOPK-80k-80000-Puffs-Disposable-Vape-Mod-Kits.webp",800,800,false],"1536x1536":["https:\/\/vapestornado.com\/wp-content\/uploads\/2025\/09\/VOPK-80k-80000-Puffs-Disposable-Vape-Mod-Kits.webp",800,800,false],"2048x2048":["https:\/\/vapestornado.com\/wp-content\/uploads\/2025\/09\/VOPK-80k-80000-Puffs-Disposable-Vape-Mod-Kits.webp",800,800,false],"trp-custom-language-flag":["https:\/\/vapestornado.com\/wp-content\/uploads\/2025\/09\/VOPK-80k-80000-Puffs-Disposable-Vape-Mod-Kits-12x12.webp",12,12,true],"woocommerce_thumbnail":["https:\/\/vapestornado.com\/wp-content\/uploads\/2025\/09\/VOPK-80k-80000-Puffs-Disposable-Vape-Mod-Kits-300x300.webp",300,300,true],"woocommerce_single":["https:\/\/vapestornado.com\/wp-content\/uploads\/2025\/09\/VOPK-80k-80000-Puffs-Disposable-Vape-Mod-Kits-600x600.webp",600,600,true],"woocommerce_gallery_thumbnail":["https:\/\/vapestornado.com\/wp-content\/uploads\/2025\/09\/VOPK-80k-80000-Puffs-Disposable-Vape-Mod-Kits-100x100.webp",100,100,true]},"uagb_author_info":{"display_name":"ESAMY","author_link":"https:\/\/vapestornado.com\/nl\/author\/"},"uagb_comment_info":1,"uagb_excerpt":"VOPK 80000 Puff Disposable Vapes \u2013 4-in-1 Flavor, 80k Puffs, Best Wholesale Price Wholesale VOPK 80k Disposable Vape Mod Kits \u2013 Screen Display &amp; Rechargeable VOPK 80000 Puff 4-in-1 Disposable Vape Kit\u2013 Premium Vapes Online for EU Market Add Amy's whatsapp to get right reply and discount price! WhatsApp: +86 17776015835","_links":{"self":[{"href":"https:\/\/vapestornado.com\/nl\/wp-json\/wp\/v2\/product\/4379","targetHints":{"allow":["GET"]}}],"collection":[{"href":"https:\/\/vapestornado.com\/nl\/wp-json\/wp\/v2\/product"}],"about":[{"href":"https:\/\/vapestornado.com\/nl\/wp-json\/wp\/v2\/types\/product"}],"replies":[{"embeddable":true,"href":"https:\/\/vapestornado.com\/nl\/wp-json\/wp\/v2\/comments?post=4379"}],"wp:featuredmedia":[{"embeddable":true,"href":"https:\/\/vapestornado.com\/nl\/wp-json\/wp\/v2\/media\/4373"}],"wp:attachment":[{"href":"https:\/\/vapestornado.com\/nl\/wp-json\/wp\/v2\/media?parent=4379"}],"wp:term":[{"taxonomy":"product_brand","embeddable":true,"href":"https:\/\/vapestornado.com\/nl\/wp-json\/wp\/v2\/product_brand?post=4379"},{"taxonomy":"product_cat","embeddable":true,"href":"https:\/\/vapestornado.com\/nl\/wp-json\/wp\/v2\/product_cat?post=4379"},{"taxonomy":"product_tag","embeddable":true,"href":"https:\/\/vapestornado.com\/nl\/wp-json\/wp\/v2\/product_tag?post=4379"}],"curies":[{"name":"wp","href":"https:\/\/api.w.org\/{rel}","templated":true}]}}