{"id":3726,"date":"2025-01-13T07:22:44","date_gmt":"2025-01-13T07:22:44","guid":{"rendered":"https:\/\/vapestornado.com\/?post_type=product&#038;p=3726"},"modified":"2025-08-23T12:33:57","modified_gmt":"2025-08-23T12:33:57","slug":"bang-king-35k-35000-puffs-2-in-1-dual-flavour-disposable-vape-wholesale-cheap-price","status":"publish","type":"product","link":"https:\/\/vapestornado.com\/nl\/product\/bang-king-35k-35000-puffs-2-in-1-dual-flavour-disposable-vape-wholesale-cheap-price\/","title":{"rendered":"Bang King 35K 35000 Trekjes 2 in 1 Dubbele Smaak Wegwerp Vape Groothandel Goedkope Prijs"},"content":{"rendered":"<h1 class=\"product-title\">Bang King 35K 35000 Trekjes 2 in 1 Dubbele Smaak Wegwerp Vape Groothandel Goedkope Prijs<\/h1>\n<p>&nbsp;<\/p>\n<p>Waarom wordt de <strong>Bang King 35K 35000 Puffs 2 in 1 Dubbele Smaak Wegwerp Vape<\/strong> populair? Dit apparaat combineert gemak, smaak en betaalbaarheid. Met een strak digitaal scherm, een indrukwekkend aantal trekjes en twee verschillende smaken in \u00e9\u00e9n apparaat, herdefinieert deze vape wat wegwerp vapes kunnen bieden.<\/p>\n<p>Zeg vaarwel tegen frequente vervangingen! Met maar liefst <strong>35.000 puffs<\/strong>, zorgt de Bang King 35K voor langdurige tevredenheid, waardoor het een van de meest <strong>populaire wegwerp vapes<\/strong> op de markt is. Waarom genoegen nemen met \u00e9\u00e9n smaak als je er twee kunt hebben? Geniet van het <strong>2 in 1 smaakontwerp<\/strong>, waarmee je kunt schakelen tussen twee ongelooflijke smaken in \u00e9\u00e9n enkel apparaat. Proef dubbel zoveel smaak, alles in \u00e9\u00e9n strak pakket. Blijf in controle met het <strong>LED-touchscreen<\/strong>. Het toont de levensduur van de batterij, e-vloeistofniveaus en stelt je in staat de luchtstroom en stroominstellingen aan te passen voor een aanpasbare ervaring.<\/p>\n<p>Met drie luchtstroommodi kun je de trek eenvoudig aanpassen aan je voorkeur. Of je nu de voorkeur geeft aan zachte of robuuste trekjes, deze vape past zich aan jou aan. De <strong>700mAh oplaadbare batterij<\/strong> en <strong>Type-C opladen<\/strong> zorgen voor snelle en effici\u00ebnte herladingen, waardoor je apparaat de hele dag van stroom voorzien blijft. De <strong>35ML e-vloeistoftank<\/strong> vermindert de noodzaak voor frequent bijvullen en biedt meer ononderbroken vapen. Perfect voor grootinkopers, de <strong>groothandelsprijs<\/strong> maakt het ideaal voor wederverkopers en vape-liefhebbers die op zoek zijn naar de beste deal.<\/p>\n<p><span style=\"color: #ff0000;\"><strong>Voeg Amy's WhatsApp toe, krijg direct antwoord en een vape-coupon!<\/strong><\/span><\/p>\n<p><img fetchpriority=\"high\" decoding=\"async\" class=\"size-full wp-image-2932\" src=\"https:\/\/vapestornado.com\/wp-content\/uploads\/2024\/12\/Vape-Wholesale.jpg\" alt=\"Vape Groothandel\" width=\"229\" height=\"300\" \/><\/p>\n<h3><a href=\"https:\/\/wa.me\/8617776015835\" target=\"_blank\" rel=\"noopener\"><span style=\"color: #ff0000;\"><strong>WhatsApp: +86 17776015835<\/strong><\/span><\/a><\/h3>\n<p>&nbsp;<\/p>\n<h2 class=\"product-title\"><strong>Bang King 35K Productfuncties<\/strong><\/h2>\n<div role=\"article\" data-tabster=\"{&quot;groupper&quot;:{&quot;tabbability&quot;:2},&quot;focusable&quot;:{}}\" data-content=\"ai-message\" aria-labelledby=\"juhNTJ6o7Gk1cgwZMJgv2-author juhNTJ6o7Gk1cgwZMJgv2-content\">\n<div id=\"juhNTJ6o7Gk1cgwZMJgv2-content\">\n<div role=\"article\" data-tabster=\"{&quot;groupper&quot;:{&quot;tabbability&quot;:2},&quot;focusable&quot;:{}}\" data-content=\"ai-message\" aria-labelledby=\"x4EZuCZWrTbh3weWUt7CU-author x4EZuCZWrTbh3weWUt7CU-content\">\n<div id=\"x4EZuCZWrTbh3weWUt7CU-content\">\n<div class=\"flex max-w-full flex-col flex-grow\">\n<div class=\"min-h-8 text-message flex w-full flex-col items-end gap-2 whitespace-normal break-words text-start [.text-message+&amp;]:mt-5\" dir=\"auto\" data-message-author-role=\"assistant\" data-message-id=\"52c6e00a-252f-4104-805d-2f1a84739c71\" data-message-model-slug=\"gpt-4o\">\n<div class=\"flex w-full flex-col gap-1 empty:hidden first:pt-[3px]\">\n<div class=\"markdown prose w-full break-words dark:prose-invert light\">\n<div class=\"flex max-w-full flex-col flex-grow\">\n<div class=\"min-h-8 text-message flex w-full flex-col items-end gap-2 whitespace-normal break-words text-start [.text-message+&amp;]:mt-5\" dir=\"auto\" data-message-author-role=\"assistant\" data-message-id=\"3c321776-aace-4a97-95f3-35c104de1c0a\" data-message-model-slug=\"gpt-4o\">\n<div class=\"flex w-full flex-col gap-1 empty:hidden first:pt-[3px]\">\n<div class=\"markdown prose w-full break-words dark:prose-invert light\">\n<h3><\/h3>\n<ul>\n<li><strong>Puffs:<\/strong> Tot 35.000<\/li>\n<li><strong>Batterij:<\/strong> 700mAh oplaadbaar met Type-C opladen<\/li>\n<li><strong>Smaken:<\/strong> Dubbele smaak in \u00e9\u00e9n apparaat<\/li>\n<li><strong>Luchtstroom:<\/strong> Aanpasbaar met drie standen<\/li>\n<li><strong>E-vloeistofcapaciteit:<\/strong> 35ML<\/li>\n<li><strong>Digitaal display:<\/strong> LED-touchscreen voor controle en aanpassingen<\/li>\n<li><strong>Draagbaarheid:<\/strong> Lichtgewicht ontwerp, perfect voor onderweg<\/li>\n<\/ul>\n<\/div>\n<\/div>\n<\/div>\n<\/div>\n<\/div>\n<\/div>\n<\/div>\n<\/div>\n<div class=\"mb-2 flex gap-3 empty:hidden -ml-2\">\n<figure id=\"attachment_3733\" aria-describedby=\"caption-attachment-3733\" style=\"width: 800px\" class=\"wp-caption alignnone\"><img decoding=\"async\" class=\"wp-image-3733 size-full\" src=\"https:\/\/vapestornado.com\/wp-content\/uploads\/2025\/01\/Bangking-Vape-36000-Disposable-Vape-Wholesale.webp\" alt=\"Bangking Vape 35000 Wegwerp Vape Groothandel\" width=\"800\" height=\"800\" srcset=\"https:\/\/vapestornado.com\/wp-content\/uploads\/2025\/01\/Bangking-Vape-36000-Disposable-Vape-Wholesale.webp 800w, https:\/\/vapestornado.com\/wp-content\/uploads\/2025\/01\/Bangking-Vape-36000-Disposable-Vape-Wholesale-300x300.webp 300w, https:\/\/vapestornado.com\/wp-content\/uploads\/2025\/01\/Bangking-Vape-36000-Disposable-Vape-Wholesale-150x150.webp 150w, https:\/\/vapestornado.com\/wp-content\/uploads\/2025\/01\/Bangking-Vape-36000-Disposable-Vape-Wholesale-768x768.webp 768w, https:\/\/vapestornado.com\/wp-content\/uploads\/2025\/01\/Bangking-Vape-36000-Disposable-Vape-Wholesale-600x600.webp 600w, https:\/\/vapestornado.com\/wp-content\/uploads\/2025\/01\/Bangking-Vape-36000-Disposable-Vape-Wholesale-100x100.webp 100w\" sizes=\"(max-width: 800px) 100vw, 800px\" \/><figcaption id=\"caption-attachment-3733\" class=\"wp-caption-text\">Bangking Vape 35000 Wegwerp Vape Groothandel<\/figcaption><\/figure>\n<\/div>\n<\/div>\n<\/div>\n<\/div>\n<\/div>\n<h2 class=\"product-title\"><strong>Populaire smaak voor Bang King 35K<\/strong><strong>\u00a0<\/strong><strong>Wegwerp Vapes<\/strong><\/h2>\n<p>Of je nu de voorkeur geeft aan een tropische ontsnapping of een ijzige traktatie, <strong>Bangking 35000 Puffs Dual Flavour Wegwerp Vape<\/strong> heeft de perfecte combinatie om je smaakpapillen tevreden te houden! Wat is de populaire smaak voor BANG KING 35000 Vape? Ontdek wat onze klant zegt.<\/p>\n<p>1.Blue Razz Ice + Sappige Perzik Ice<br \/>\n2.Aardbei Watermeloen + Watermeloen Ice <span style=\"color: #ff0000;\"><strong>&gt;&gt;&gt;&gt; Heet!<\/strong><\/span><br \/>\n3.Aardbei Banaan + Dubbele Appel<br \/>\n4.Triple Berry Ice + Tropisch Fruit<br \/>\n5.Kersenbom + Druivenijs <span style=\"color: #ff0000;\"><strong>&gt;&gt;&gt;&gt; Heet!<\/strong><\/span><br \/>\n6.Perzik Mango + Aardbei Mango<br \/>\n7.Mango Limoen + Koele Munt<br \/>\n8.Kers Pop + Meneer Blauw<br \/>\n9.Zwarte Draak IJs + Aardbei Kiwi<br \/>\n10.Rode Stier + Perzik Bes <span style=\"color: #ff0000;\"><strong>&gt;&gt;&gt;&gt; Heet!<\/strong><\/span><br \/>\n11.Roze Citroen + Meneer Blauw<br \/>\n12.Kiwi Passievrucht Guave + Blauwe Kers Citroen<\/p>\n<div class=\"flex-shrink-0 flex flex-col relative items-end\">\n<div class=\"pt-0\">\n<div class=\"gizmo-bot-avatar flex h-8 w-8 items-center justify-center overflow-hidden rounded-full\">\n<div class=\"relative p-1 rounded-sm flex items-center justify-center bg-token-main-surface-primary text-token-text-primary h-8 w-8\">\n<h3>Veelgestelde vragen voor Bang King 35K Puffs Oplaadbaar<strong>\u00a0<\/strong>Wegwerp Vape<\/h3>\n<h3><\/h3>\n<p><strong>1. Waar kan ik Bang King 35K kopen tegen groothandelsprijzen in Nederland?<\/strong><br \/>\nU kunt het kopen bij Vapestornado<strong>\u00a0online vapewinkel<\/strong> of neem contact op met uw lokale distributeur voor de beste aanbiedingen.<\/p>\n<p><strong>2. Hoe weet ik wanneer de e-liquid bijna op is?<\/strong><br \/>\nDe <strong>digitale display<\/strong> toont het e-liquidniveau, zodat u altijd op de hoogte bent.<\/p>\n<p><strong>3. Hoe laad ik de Bang King 35000 op?<\/strong><br \/>\nGebruik gewoon de <strong>Type-C oplaadpoort<\/strong> voor een snel en probleemloos opladen.<\/p>\n<p><strong>4. Wat onderscheidt deze Bang King 35k vape van andere merken wegwerpvapes?<\/strong><br \/>\nDe <strong>dubbele smaak ontwerp<\/strong>, <strong>aanpasbare luchtstroom<\/strong>, en enorme <strong>35.000 puffs<\/strong> onderscheiden het, waardoor het een van de <strong>meest populaire wegwerp vapes<\/strong>.<\/p>\n<p><strong>5. Kan ik de luchtstroom naar mijn voorkeur aanpassen?<\/strong><br \/>\nJa! Het apparaat biedt <strong>drie luchtstroommodi<\/strong> om ervoor te zorgen dat u elke keer de perfecte trek krijgt.<\/p>\n<p><strong>6. Zijn de smaken geschikt voor liefhebbers van weinig nicotine?<\/strong><br \/>\nAbsoluut. De Bang King 35K biedt <strong>aanpasbare nicotinegehaltes<\/strong> in 0%, 2%, en 5%.<\/p>\n<div class=\"flex max-w-full flex-col flex-grow\">\n<div class=\"min-h-8 text-message flex w-full flex-col items-end gap-2 whitespace-normal break-words text-start [.text-message+&amp;]:mt-5\" dir=\"auto\" data-message-author-role=\"assistant\" data-message-id=\"4dc48248-df95-45bd-b800-6dedb43cf7f1\" data-message-model-slug=\"gpt-4o\">\n<div class=\"flex w-full flex-col gap-1 empty:hidden first:pt-[3px]\"><\/div>\n<\/div>\n<\/div>\n<\/div>\n<\/div>\n<\/div>\n<\/div>\n<div class=\"flex-shrink-0 flex flex-col relative items-end\">\n<div class=\"pt-0\">\n<div class=\"gizmo-bot-avatar flex h-8 w-8 items-center justify-center overflow-hidden rounded-full\">\n<div class=\"relative p-1 rounded-sm flex items-center justify-center bg-token-main-surface-primary text-token-text-primary h-8 w-8\">\n<div class=\"mb-2 flex gap-3 empty:hidden -ml-2\">\n<div role=\"article\" data-tabster=\"{&quot;groupper&quot;:{&quot;tabbability&quot;:2},&quot;focusable&quot;:{}}\" data-content=\"ai-message\" aria-labelledby=\"Vdt5ez4X7Tg813x6rFVha-author Vdt5ez4X7Tg813x6rFVha-content\">\n<div id=\"Vdt5ez4X7Tg813x6rFVha-content\">\n<div role=\"article\" data-tabster=\"{&quot;groupper&quot;:{&quot;tabbability&quot;:2},&quot;focusable&quot;:{}}\" data-content=\"ai-message\" aria-labelledby=\"o968oC7CEo2fGHsGdsRYC-author o968oC7CEo2fGHsGdsRYC-content\">\n<div id=\"o968oC7CEo2fGHsGdsRYC-content\">\n<h3>Waarom kiezen voor vapestornado voor Uwin Crystal 20000 Shisha Hookah Wegwerp Vape Groothandel?<\/h3>\n<div class=\"flex-shrink-0 flex flex-col relative items-end\">\n<div class=\"pt-0\">\n<div class=\"gizmo-bot-avatar flex h-8 w-8 items-center justify-center overflow-hidden rounded-full\">\n<div class=\"relative p-1 rounded-sm flex items-center justify-center bg-token-main-surface-primary text-token-text-primary h-8 w-8\">\n<p>In de groeiende concurrentie in de wegwerp-vape-industrie heeft vapestornado, een toonaangevend wereldwijd platform voor groothandel in e-sigarettenoplossingen, de baanbrekende Bang King 35K Puffs wegwerp-vape ge\u00efntroduceerd. Met zijn opvallende kristalontwerp en multifunctionele functies combineert dit innovatieve product stijl met functionaliteit. Met een brede selectie van fruitige smaken wil het de uiteenlopende smaken van vapers tevreden stellen.<\/p>\n<p>vapestornado is uw vertrouwde online vape shop voor hoogwaardige wegwerpvapes. We bieden u populaire wegwerp-vape-merken zoals Waspe Vape, en WGA Vape, Fumot RandM Vape, Vozol Vape, Bang Vape, enz.<\/p>\n<p>Ons assortiment omvat de meest populaire wegwerpvapes zoals de <a href=\"https:\/\/vapestornado.com\/nl\/product\/randm-tornado-30000-puffs-music-rechargeable-disposable-vape-pen-wholesale\/\">Randm Tornado 30000<\/a>, en smaakrijke keuzes zoals de <a href=\"https:\/\/vapestornado.com\/nl\/product\/uwin-crystal-20000-shisha-hookah-20k-puffs-disposable-vape-factory-cheap-price\/\"> Uwin Crystal 20000 Puffs<\/a> . Elk product is gekozen met een focus op kwaliteit, waarde en vari\u00ebteit, zodat u de perfecte match voor uw behoeften vindt. Ontdek uitzonderlijke service en een breed scala aan topproducten met groothandelsprijzen bij vapestornado.<\/p>\n<\/div>\n<p>&nbsp;<\/p>\n<p><strong>Andere Hete Verkoop Wegwerp Vapes<\/strong><\/p>\n<p><a href=\"https:\/\/vapestornado.com\/nl\/product\/fumot-randm-tornado-25000-puffs-touch-disposable-vape-wholesale-online\/\">Fumot 25000 Trekjes <span style=\"color: #ff0000;\"><strong>&gt;&gt;&gt;&gt; Start!<\/strong><\/span><\/a><\/p>\n<p><a href=\"https:\/\/vapestornado.com\/nl\/product\/bang-36000-smart-disposable-vape-wholesale-shop-online\/\">Bang 36000 Trekjes<span style=\"color: #ff0000;\"><strong>&gt;&gt;&gt;&gt; Start!<\/strong><\/span><\/a><\/p>\n<p><a href=\"https:\/\/vapestornado.com\/nl\/product\/randm-tornado-9000-puffs-rechargeable-disposable-vape-wholesale-online\/\">RandM Tornado 9000 <span style=\"color: #ff0000;\"><strong>&gt;&gt;&gt;&gt; Start!<\/strong><\/span><\/a><\/p>\n<\/div>\n<\/div>\n<\/div>\n<p>&nbsp;<\/p>\n<\/div>\n<\/div>\n<\/div>\n<\/div>\n<\/div>\n<\/div>\n<\/div>\n<\/div>\n<\/div>","protected":false},"excerpt":{"rendered":"<p>Bang King 35000 Puffs Slim Beeldscherm Groothandel Wegwerp<br \/>\nBang King 35000 Puffs Wegwerp Vape Grote Inkoop<br \/>\nBang King Tornado 35000 35K Puffs Wegwerp Vape Pen<\/p>\n<p><strong>Voeg Amy's whatsapp toe en krijg direct antwoord en vape vape korting!<\/strong><\/p>\n<p><img fetchpriority=\"high\" decoding=\"async\" class=\"size-full wp-image-2932\" src=\"https:\/\/vapestornado.com\/wp-content\/uploads\/2024\/12\/Vape-Wholesale.jpg\" alt=\"Vape Groothandel\" width=\"229\" height=\"300\" \/><\/p>\n<h3><a href=\"https:\/\/wa.me\/8617776015835\"><span style=\"color: #ff0000;\"><strong>WhatsApp: +86 17776015835<\/strong><\/span><\/a><\/h3>\n<p>&nbsp;<\/p>","protected":false},"featured_media":3731,"comment_status":"open","ping_status":"closed","template":"","meta":{"_acf_changed":false,"_uag_custom_page_level_css":"","_lmt_disableupdate":"no","_lmt_disable":"","_monsterinsights_skip_tracking":false,"_monsterinsights_sitenote_active":false,"_monsterinsights_sitenote_note":"","_monsterinsights_sitenote_category":0,"site-sidebar-layout":"default","site-content-layout":"","ast-site-content-layout":"default","site-content-style":"default","site-sidebar-style":"default","ast-global-header-display":"","ast-banner-title-visibility":"","ast-main-header-display":"","ast-hfb-above-header-display":"","ast-hfb-below-header-display":"","ast-hfb-mobile-header-display":"","site-post-title":"","ast-breadcrumbs-content":"","ast-featured-img":"","footer-sml-layout":"","ast-disable-related-posts":"","theme-transparent-header-meta":"default","adv-header-id-meta":"","stick-header-meta":"","header-above-stick-meta":"","header-main-stick-meta":"","header-below-stick-meta":"","astra-migrate-meta-layouts":"set","ast-page-background-enabled":"default","ast-page-background-meta":{"desktop":{"background-color":"","background-image":"","background-repeat":"repeat","background-position":"center center","background-size":"auto","background-attachment":"scroll","background-type":"","background-media":"","overlay-type":"","overlay-color":"","overlay-opacity":"","overlay-gradient":""},"tablet":{"background-color":"","background-image":"","background-repeat":"repeat","background-position":"center center","background-size":"auto","background-attachment":"scroll","background-type":"","background-media":"","overlay-type":"","overlay-color":"","overlay-opacity":"","overlay-gradient":""},"mobile":{"background-color":"","background-image":"","background-repeat":"repeat","background-position":"center center","background-size":"auto","background-attachment":"scroll","background-type":"","background-media":"","overlay-type":"","overlay-color":"","overlay-opacity":"","overlay-gradient":""}},"ast-content-background-meta":{"desktop":{"background-color":"var(--ast-global-color-5)","background-image":"","background-repeat":"repeat","background-position":"center center","background-size":"auto","background-attachment":"scroll","background-type":"","background-media":"","overlay-type":"","overlay-color":"","overlay-opacity":"","overlay-gradient":""},"tablet":{"background-color":"var(--ast-global-color-5)","background-image":"","background-repeat":"repeat","background-position":"center center","background-size":"auto","background-attachment":"scroll","background-type":"","background-media":"","overlay-type":"","overlay-color":"","overlay-opacity":"","overlay-gradient":""},"mobile":{"background-color":"var(--ast-global-color-5)","background-image":"","background-repeat":"repeat","background-position":"center center","background-size":"auto","background-attachment":"scroll","background-type":"","background-media":"","overlay-type":"","overlay-color":"","overlay-opacity":"","overlay-gradient":""}},"_joinchat":{"telephone":"+8617776015835"}},"product_brand":[],"product_cat":[175,63,153,155,159,143,146],"product_tag":[196,234,165,198,97,166,94],"class_list":{"0":"post-3726","1":"product","2":"type-product","3":"status-publish","4":"has-post-thumbnail","6":"product_cat-35000-puff","7":"product_cat-bangking","8":"product_cat-buy-disposable-vapes-in-italy","9":"product_cat-buy-disposable-vapes-in-norway","10":"product_cat-buy-disposable-vapes-in-sweden","11":"product_cat-dual-mesh-disposable-vapes","12":"product_cat-rechargeable-disposable-vapes","13":"product_tag-bang-vape","14":"product_tag-bangking-35000","15":"product_tag-cheap-vapes","16":"product_tag-double-flavor-disposable-vape","17":"product_tag-hot-sale-disposable-vape","18":"product_tag-low-nicotine-vape","19":"product_tag-rechargeable-disposable-vape","20":"desktop-align-left","21":"tablet-align-left","22":"mobile-align-left","24":"first","25":"instock","26":"sale","27":"shipping-taxable","28":"purchasable","29":"product-type-simple"},"acf":[],"uagb_featured_image_src":{"full":["https:\/\/vapestornado.com\/wp-content\/uploads\/2025\/01\/Bang-Vape-Bangking-36k-Disposable-Vape-Bulk-Price.webp",800,800,false],"thumbnail":["https:\/\/vapestornado.com\/wp-content\/uploads\/2025\/01\/Bang-Vape-Bangking-36k-Disposable-Vape-Bulk-Price-150x150.webp",150,150,true],"medium":["https:\/\/vapestornado.com\/wp-content\/uploads\/2025\/01\/Bang-Vape-Bangking-36k-Disposable-Vape-Bulk-Price-300x300.webp",300,300,true],"medium_large":["https:\/\/vapestornado.com\/wp-content\/uploads\/2025\/01\/Bang-Vape-Bangking-36k-Disposable-Vape-Bulk-Price-768x768.webp",768,768,true],"large":["https:\/\/vapestornado.com\/wp-content\/uploads\/2025\/01\/Bang-Vape-Bangking-36k-Disposable-Vape-Bulk-Price.webp",800,800,false],"1536x1536":["https:\/\/vapestornado.com\/wp-content\/uploads\/2025\/01\/Bang-Vape-Bangking-36k-Disposable-Vape-Bulk-Price.webp",800,800,false],"2048x2048":["https:\/\/vapestornado.com\/wp-content\/uploads\/2025\/01\/Bang-Vape-Bangking-36k-Disposable-Vape-Bulk-Price.webp",800,800,false],"trp-custom-language-flag":["https:\/\/vapestornado.com\/wp-content\/uploads\/2025\/01\/Bang-Vape-Bangking-36k-Disposable-Vape-Bulk-Price.webp",12,12,false],"woocommerce_thumbnail":["https:\/\/vapestornado.com\/wp-content\/uploads\/2025\/01\/Bang-Vape-Bangking-36k-Disposable-Vape-Bulk-Price-300x300.webp",300,300,true],"woocommerce_single":["https:\/\/vapestornado.com\/wp-content\/uploads\/2025\/01\/Bang-Vape-Bangking-36k-Disposable-Vape-Bulk-Price-600x600.webp",600,600,true],"woocommerce_gallery_thumbnail":["https:\/\/vapestornado.com\/wp-content\/uploads\/2025\/01\/Bang-Vape-Bangking-36k-Disposable-Vape-Bulk-Price-100x100.webp",100,100,true]},"uagb_author_info":{"display_name":"ESAMY","author_link":"https:\/\/vapestornado.com\/nl\/author\/"},"uagb_comment_info":0,"uagb_excerpt":"Bang King 35000 Puffs Smart Screen Wholesale Disposable Bang King 35000 Puffs Disposable Vape Bulk Buy Bang King Tornado 35000 35K Puffs Disposable Vape Pen Add Amy's whatsapp get right reply and vape coupon! WhatsApp: +86 17776015835 &nbsp;","_links":{"self":[{"href":"https:\/\/vapestornado.com\/nl\/wp-json\/wp\/v2\/product\/3726","targetHints":{"allow":["GET"]}}],"collection":[{"href":"https:\/\/vapestornado.com\/nl\/wp-json\/wp\/v2\/product"}],"about":[{"href":"https:\/\/vapestornado.com\/nl\/wp-json\/wp\/v2\/types\/product"}],"replies":[{"embeddable":true,"href":"https:\/\/vapestornado.com\/nl\/wp-json\/wp\/v2\/comments?post=3726"}],"wp:featuredmedia":[{"embeddable":true,"href":"https:\/\/vapestornado.com\/nl\/wp-json\/wp\/v2\/media\/3731"}],"wp:attachment":[{"href":"https:\/\/vapestornado.com\/nl\/wp-json\/wp\/v2\/media?parent=3726"}],"wp:term":[{"taxonomy":"product_brand","embeddable":true,"href":"https:\/\/vapestornado.com\/nl\/wp-json\/wp\/v2\/product_brand?post=3726"},{"taxonomy":"product_cat","embeddable":true,"href":"https:\/\/vapestornado.com\/nl\/wp-json\/wp\/v2\/product_cat?post=3726"},{"taxonomy":"product_tag","embeddable":true,"href":"https:\/\/vapestornado.com\/nl\/wp-json\/wp\/v2\/product_tag?post=3726"}],"curies":[{"name":"wp","href":"https:\/\/api.w.org\/{rel}","templated":true}]}}