{"id":3668,"date":"2025-01-03T09:09:38","date_gmt":"2025-01-03T09:09:38","guid":{"rendered":"https:\/\/vapestornado.com\/?post_type=product&#038;p=3668"},"modified":"2025-08-23T10:46:05","modified_gmt":"2025-08-23T10:46:05","slug":"wholesale-waspe-40000-puffs-dual-flavor-disposable-vape","status":"publish","type":"product","link":"https:\/\/vapestornado.com\/nl\/product\/wholesale-waspe-40000-puffs-dual-flavor-disposable-vape\/","title":{"rendered":"Groothandel Waspe 40000 Rookwolken Dual Smaak Wegwerp Vape"},"content":{"rendered":"<h1>Groothandel Waspe 40000 Rookwolken Dual Smaak Wegwerp Vape<\/h1>\n<p data-start=\"276\" data-end=\"565\">De <strong data-start=\"280\" data-end=\"329\">Waspe 40000 Puffs Wegwerp Vape met Dubbele Smaak<\/strong> is gebouwd voor groothandelaren en detailhandelaren die op zoek zijn naar een apparaat met een hoge capaciteit en unieke functies. Biedt tot <strong data-start=\"437\" data-end=\"453\">40.000 puffs<\/strong> en een <strong data-start=\"460\" data-end=\"482\">Tank voor e-liquid van 36ml<\/strong>, deze vape levert langdurig gebruik, waardoor de noodzaak voor frequente vervangingen wordt verminderd.<\/p>\n<p data-start=\"567\" data-end=\"847\">Zijn <strong data-start=\"571\" data-end=\"593\">dubbel smaken systeem<\/strong> stelt gebruikers in staat om te schakelen tussen twee smaakprofielen in \u00e9\u00e9n apparaat, waardoor de vari\u00ebteit en de aantrekkingskracht voor de klant worden vergroot. Uitgerust met een <strong data-start=\"721\" data-end=\"752\">850mAh oplaadbare batterij<\/strong> en <strong data-start=\"757\" data-end=\"781\">Type-C snelladen<\/strong>, zorgt de Waspe 40K voor betrouwbare prestaties gedurende de dag.<\/p>\n<p data-start=\"849\" data-end=\"1132\">De <strong data-start=\"853\" data-end=\"874\">LED slimme display<\/strong> houdt gebruikers op de hoogte van de batterijduur en het e-liquidniveau, terwijl de <strong data-start=\"946\" data-end=\"965\">0,9\u03a9 mesh coils<\/strong> zorgen voor een soepele damp productie en een gedurfde smaak. Beschikbaar in <strong data-start=\"1028\" data-end=\"1060\">2% en 5% nicotinesterktes<\/strong>, is het geschikt voor zowel lichtere gebruikers als degenen die de voorkeur geven aan een sterkere hit.<\/p>\n<p data-start=\"1134\" data-end=\"1325\">Voor Nederlandse distributeurs is de <strong data-start=\"1165\" data-end=\"1197\">Waspe 40000 Dual Flavor Vape<\/strong> combineert een grote capaciteit, een modern design en <strong data-start=\"1242\" data-end=\"1275\">concurrerende groothandelsprijzen<\/strong>, waardoor het een winstgevende keuze is voor bulkbestellingen.<\/p>\n<p><img fetchpriority=\"high\" decoding=\"async\" class=\"alignnone size-medium wp-image-4246\" src=\"https:\/\/vapestornado.com\/wp-content\/uploads\/2024\/12\/Waspe-DOUBLE-FLAVOUR-40k-Vape-Discount-Price-300x234.jpg\" alt=\"Waspe DUBBELE SMAAK 40k Vape Kortingsprijs\" width=\"300\" height=\"234\" srcset=\"https:\/\/vapestornado.com\/wp-content\/uploads\/2024\/12\/Waspe-DOUBLE-FLAVOUR-40k-Vape-Discount-Price-300x234.jpg 300w, https:\/\/vapestornado.com\/wp-content\/uploads\/2024\/12\/Waspe-DOUBLE-FLAVOUR-40k-Vape-Discount-Price-1024x799.jpg 1024w, https:\/\/vapestornado.com\/wp-content\/uploads\/2024\/12\/Waspe-DOUBLE-FLAVOUR-40k-Vape-Discount-Price-768x600.jpg 768w, https:\/\/vapestornado.com\/wp-content\/uploads\/2024\/12\/Waspe-DOUBLE-FLAVOUR-40k-Vape-Discount-Price-15x12.jpg 15w, https:\/\/vapestornado.com\/wp-content\/uploads\/2024\/12\/Waspe-DOUBLE-FLAVOUR-40k-Vape-Discount-Price-600x468.jpg 600w, https:\/\/vapestornado.com\/wp-content\/uploads\/2024\/12\/Waspe-DOUBLE-FLAVOUR-40k-Vape-Discount-Price.jpg 1500w\" sizes=\"(max-width: 300px) 100vw, 300px\" \/><\/p>\n<h3>Productdetails<\/h3>\n<p>Trekjes: 40.000 trekjes<br \/>\nDubbele smaak<br \/>\nMesh Coil: 0,9ohm+0,9ohm<br \/>\nE-liquid: 36ml<br \/>\nNicotine: 0%\/2%\/5%<br \/>\nBatterij: 850mah<br \/>\nOplaadbaar: Type-C<br \/>\nLED-display<br \/>\nProductgewicht: 120g\/stuk Productafmeting: 61*31*115mm<br \/>\nAANTAL: 160st\/doos, 10st\/doos<br \/>\nBrutogewicht: 20kg<\/p>\n<h3><strong>Waspe 40000 Puffs Dubbele Smaak<\/strong> Kenmerken<\/h3>\n<ol>\n<li><strong>Dubbel-smaken Systeem:<\/strong> Geniet van twee verschillende smaken in \u00e9\u00e9n apparaat voor een unieke vape-ervaring.<\/li>\n<li><strong>Enorm Aantal Puff's:<\/strong> Levert tot 40.000 trekjes per apparaat voor langdurig gebruik.<\/li>\n<li><strong>Oplaadbare batterij:<\/strong> 850mAh capaciteit met Type-C snelladen.<\/li>\n<li><strong>Hoge E-Liquid Capaciteit:<\/strong> 36ml e-liquid zorgt voor ononderbroken vape-sessies.<\/li>\n<li><strong>Mesh Coil-technologie:<\/strong> 0,9-ohm coils voor verbeterde smaak en zachte damp productie.<\/li>\n<\/ol>\n<h3>Smakenlijst<\/h3>\n<ol start=\"1\" data-spread=\"false\" data-pm-slice=\"3 3 []\">\n<li>Watermeloen IJs \/ Citroen Limoen<\/li>\n<li>Fizzy Kers IJs \/ Bosbes Suikerspin<\/li>\n<li>Aardbei Watermeloen \/ Bosbes Framboos<\/li>\n<li>Red Bull IJs \/ Aardbei Mango<\/li>\n<li>Perzik IJs \/ Ananas Mango Perzik<\/li>\n<li>Druiven IJs \/ Aardbei Kiwi<\/li>\n<li>Gemengde Bessen \/ Dubbele Appel IJs<\/li>\n<li>Blauwe Framboos Limonade \/ Watermeloen Bubblegum<\/li>\n<li>Aardbei Framboos Kers \/ Liefde 666<\/li>\n<li>Aardbei Banaan \/ Ananas Kokosnoot IJs<\/li>\n<li>Aardbei Watermeloen Bubblegum \/ Gemengd Fruit<\/li>\n<li>Kers Cola IJs \/ Aardbei Framboos Snoep<\/li>\n<li>Zure Appel Framboos \/ Aardbei Big Bang<\/li>\n<li>Perzik Bes \/ Watermeloen Mango Perzik<\/li>\n<li>Bosbes IJs \/ Zwarte Draak IJs<\/li>\n<li>Aardbei Kers \/ Kiwi Passievrucht Guave<\/li>\n<\/ol>\n<h4><strong>Top 5 Smaken<\/strong><\/h4>\n<ol start=\"1\" data-spread=\"false\">\n<li><strong>Watermeloen IJs \/ Citroen Limoen:<\/strong> Een verfrissende uitbarsting van zomerfruit met een citrusachtige kick.<\/li>\n<li><strong>Fizzy Kers IJs \/ Bosbes Suikerspin:<\/strong> Zoete en bruisende perfectie voor dessertliefhebbers.<\/li>\n<li><strong>Aardbei Watermeloen \/ Bosbes Framboos:<\/strong> Een fruitige mix die zowel zoet als pittig is.<\/li>\n<li><strong>Red Bull Ice \/ Aardbei Mango:<\/strong> Energiek en tropisch, perfect voor een oppepper.<\/li>\n<li><strong>Perzik IJs \/ Ananas Mango Perzik:<\/strong> Een tropisch trio met een koele, ijzige afwerking.<\/li>\n<\/ol>\n<h2 data-start=\"135\" data-end=\"179\">WASPE Serie Vergelijking (Groothandel Gids)<\/h2>\n<p data-start=\"181\" data-end=\"206\"><strong data-start=\"181\" data-end=\"204\">WASPE Tornado 15000<\/strong><\/p>\n<ul data-start=\"207\" data-end=\"569\">\n<li data-start=\"207\" data-end=\"224\">\n<p data-start=\"209\" data-end=\"224\">Puffs: 15.000<\/p>\n<\/li>\n<li data-start=\"225\" data-end=\"257\">\n<p data-start=\"227\" data-end=\"257\">Batterij: 850mAh oplaadbaar<\/p>\n<\/li>\n<li data-start=\"258\" data-end=\"285\">\n<p data-start=\"260\" data-end=\"285\">E-liquid Capaciteit: 25ml<\/p>\n<\/li>\n<li data-start=\"286\" data-end=\"310\">\n<p data-start=\"288\" data-end=\"310\">Coil Type: Mesh 0,8\u03a9<\/p>\n<\/li>\n<li data-start=\"311\" data-end=\"382\">\n<p data-start=\"313\" data-end=\"382\">Belangrijkste kenmerken: Digitaal display, compact ontwerp, Type-C snelladen<\/p>\n<\/li>\n<li data-start=\"383\" data-end=\"419\">\n<p data-start=\"385\" data-end=\"419\">Nicotine-opties: 0%, 2%, 3%, 5%<\/p>\n<\/li>\n<li data-start=\"420\" data-end=\"499\">\n<p data-start=\"422\" data-end=\"499\">Doelklanten: Starters, retailers die op zoek zijn naar betaalbare voorraad<\/p>\n<\/li>\n<li data-start=\"500\" data-end=\"569\">\n<p data-start=\"502\" data-end=\"569\">Groothandel zoekwoorden: Waspe 15K wegwerp vape, groothandel vape pen<\/p>\n<\/li>\n<\/ul>\n<hr data-start=\"571\" data-end=\"574\" \/>\n<p data-start=\"576\" data-end=\"601\"><strong data-start=\"576\" data-end=\"599\">WASPE 25000 Digitaal<\/strong><\/p>\n<ul data-start=\"602\" data-end=\"1000\">\n<li data-start=\"602\" data-end=\"619\">\n<p data-start=\"604\" data-end=\"619\">Puffjes: 25.000<\/p>\n<\/li>\n<li data-start=\"620\" data-end=\"652\">\n<p data-start=\"622\" data-end=\"652\">Batterij: 850mAh oplaadbaar<\/p>\n<\/li>\n<li data-start=\"653\" data-end=\"680\">\n<p data-start=\"655\" data-end=\"680\">E-liquid Capaciteit: 28ml<\/p>\n<\/li>\n<li data-start=\"681\" data-end=\"705\">\n<p data-start=\"683\" data-end=\"705\">Coil Type: Mesh 1,0\u03a9<\/p>\n<\/li>\n<li data-start=\"706\" data-end=\"794\">\n<p data-start=\"708\" data-end=\"794\">Belangrijkste kenmerken: Slim LED-scherm, dual-flavor switch, milieuvriendelijk oplaadbaar ontwerp<\/p>\n<\/li>\n<li data-start=\"795\" data-end=\"831\">\n<p data-start=\"797\" data-end=\"831\">Nicotine-opties: 0%, 2%, 3%, 5%<\/p>\n<\/li>\n<li data-start=\"832\" data-end=\"919\">\n<p data-start=\"834\" data-end=\"919\">Doelklanten: Retailers die zich richten op kopers uit het middensegment, distributeurs in Nederland<\/p>\n<\/li>\n<li data-start=\"920\" data-end=\"1000\">\n<p data-start=\"922\" data-end=\"1000\">Groothandel zoekwoorden: Waspe 25K digitale vape, dual flavor wegwerp groothandel<\/p>\n<\/li>\n<\/ul>\n<hr data-start=\"1002\" data-end=\"1005\" \/>\n<p data-start=\"1007\" data-end=\"1042\"><strong data-start=\"1007\" data-end=\"1040\">WASPE FIHP 30000 Slim Scherm<\/strong><\/p>\n<ul data-start=\"1043\" data-end=\"1431\">\n<li data-start=\"1043\" data-end=\"1060\">\n<p data-start=\"1045\" data-end=\"1060\">Puffjes: 30.000<\/p>\n<\/li>\n<li data-start=\"1061\" data-end=\"1093\">\n<p data-start=\"1063\" data-end=\"1093\">Batterij: 850mAh oplaadbaar<\/p>\n<\/li>\n<li data-start=\"1094\" data-end=\"1121\">\n<p data-start=\"1096\" data-end=\"1121\">E-liquid Capaciteit: 28ml<\/p>\n<\/li>\n<li data-start=\"1122\" data-end=\"1158\">\n<p data-start=\"1124\" data-end=\"1158\">Coil Type: Dual Mesh 1,0\u03a9 + 1,0\u03a9<\/p>\n<\/li>\n<li data-start=\"1159\" data-end=\"1246\">\n<p data-start=\"1161\" data-end=\"1246\">Belangrijkste kenmerken: Slim display, twee vaping modi (Regulier<\/p>\n<\/li>\n<li data-start=\"1247\" data-end=\"1275\">\n<p data-start=\"1249\" data-end=\"1275\">Nicotine-opties: 2%, 5%<\/p>\n<\/li>\n<li data-start=\"1276\" data-end=\"1352\">\n<p data-start=\"1278\" data-end=\"1352\">Doelklanten: Winkels die zich richten op premium producten, smaak liefhebbers<\/p>\n<\/li>\n<li data-start=\"1353\" data-end=\"1431\">\n<p data-start=\"1355\" data-end=\"1431\">Groothandel zoekwoorden: Waspe FIHP 30K vape, smart screen wegwerp groothandel<\/p>\n<\/li>\n<\/ul>\n<hr data-start=\"1433\" data-end=\"1436\" \/>\n<p data-start=\"1438\" data-end=\"1467\"><strong data-start=\"1438\" data-end=\"1465\">WASPE 40000 Dual Flavor<\/strong><\/p>\n<ul data-start=\"1468\" data-end=\"1847\">\n<li data-start=\"1468\" data-end=\"1485\">\n<p data-start=\"1470\" data-end=\"1485\">Puffjes: 40.000<\/p>\n<\/li>\n<li data-start=\"1486\" data-end=\"1518\">\n<p data-start=\"1488\" data-end=\"1518\">Batterij: 850mAh oplaadbaar<\/p>\n<\/li>\n<li data-start=\"1519\" data-end=\"1546\">\n<p data-start=\"1521\" data-end=\"1546\">E-liquid Capaciteit: 36ml<\/p>\n<\/li>\n<li data-start=\"1547\" data-end=\"1576\">\n<p data-start=\"1549\" data-end=\"1576\">Spoeltype: Dubbele Mesh 0.9\u03a9<\/p>\n<\/li>\n<li data-start=\"1577\" data-end=\"1655\">\n<p data-start=\"1579\" data-end=\"1655\">Belangrijkste kenmerken: Dubbel smaken systeem, slim LED-display, lange levensduur<\/p>\n<\/li>\n<li data-start=\"1656\" data-end=\"1684\">\n<p data-start=\"1658\" data-end=\"1684\">Nicotine-opties: 2%, 5%<\/p>\n<\/li>\n<li data-start=\"1685\" data-end=\"1762\">\n<p data-start=\"1687\" data-end=\"1762\">Doelklanten: Intensieve gebruikers, distributeurs die op zoek zijn naar apparaten met een lange levensduur<\/p>\n<\/li>\n<li data-start=\"1763\" data-end=\"1847\">\n<p data-start=\"1765\" data-end=\"1847\">Groothandel zoekwoorden: Waspe 40K dubbele smaak vape, groothandel wegwerp vape Europa<\/p>\n<\/li>\n<\/ul>\n<h3 data-pm-slice=\"1 3 []\"><strong>Veelgestelde vragen<\/strong><\/h3>\n<ol start=\"1\" data-spread=\"true\">\n<li><strong>Hoe lang gaat de Waspe 40000 Puffs wegwerpvape mee?<\/strong> Met maximaal 40.000 trekjes kan hij weken of zelfs maanden meegaan, afhankelijk van het gebruik.<\/li>\n<li><strong>Is de Waspe 40000 Puffs wegwerpvape oplaadbaar?<\/strong> Ja, het beschikt over een 850mAh oplaadbare batterij met een Type-C oplaadpoort.<\/li>\n<li><strong>Welke nicotinegehaltes zijn beschikbaar?<\/strong> Kies tussen 0%, 2%, of 5% nicotine om aan uw behoeften te voldoen.<\/li>\n<li><strong>Ondersteunt het apparaat dubbele smaken?<\/strong> Ja, het wordt geleverd met een dubbel smaaksysteem voor een verbeterde dampervaring.<\/li>\n<li><strong>Wat maakt de Waspe 40000 Puffs zo bijzonder?<\/strong> Zijn enorme aantal trekjes, dubbele smaken, oplaadbare batterij en superieure bouwkwaliteit onderscheiden hem.<\/li>\n<\/ol>\n<h4>WASPE 40000 Dubbele Smaak vapes groothandel Neem contact op en ontvang nu korting!<a href=\"https:\/\/wa.me\/8618077105750\" target=\"_blank\" rel=\"noopener\">+8618077105750<\/a><\/h4>\n<p><img decoding=\"async\" class=\"size-large wp-image-2921\" src=\"https:\/\/vapestornado.com\/wp-content\/uploads\/2024\/11\/20062b3a285f900e79520aad496b94d-887x1024.jpg\" alt=\"vapestornado Vicky\" width=\"887\" height=\"1024\" srcset=\"https:\/\/vapestornado.com\/wp-content\/uploads\/2024\/11\/20062b3a285f900e79520aad496b94d-887x1024.jpg 887w, https:\/\/vapestornado.com\/wp-content\/uploads\/2024\/11\/20062b3a285f900e79520aad496b94d-260x300.jpg 260w, https:\/\/vapestornado.com\/wp-content\/uploads\/2024\/11\/20062b3a285f900e79520aad496b94d-768x887.jpg 768w, https:\/\/vapestornado.com\/wp-content\/uploads\/2024\/11\/20062b3a285f900e79520aad496b94d-600x693.jpg 600w, https:\/\/vapestornado.com\/wp-content\/uploads\/2024\/11\/20062b3a285f900e79520aad496b94d.jpg 1080w\" sizes=\"(max-width: 887px) 100vw, 887px\" \/><\/p>","protected":false},"excerpt":{"rendered":"<p data-start=\"1365\" data-end=\"1535\">De <strong data-start=\"1369\" data-end=\"1395\">Waspe 40000 Puffs Vape<\/strong> biedt dubbele smaken, een capaciteit van 36 ml en een slim LED-scherm. Een duurzame, oplaadbare keuze voor <strong data-start=\"1496\" data-end=\"1532\">groothandel vape markten in Europa<\/strong>.<\/p>\n<p><strong><span style=\"color: #ff0000;\">(onze websiteprijs is exclusief verzendkosten, neem contact met mij op om de totale prijs en uw korting te krijgen!)<\/span><\/strong><\/p>\n<p><img decoding=\"async\" class=\"size-medium wp-image-2921\" src=\"https:\/\/vapestornado.com\/wp-content\/uploads\/2024\/11\/20062b3a285f900e79520aad496b94d-260x300.jpg\" alt=\"vapestornado Vicky\" width=\"260\" height=\"300\" srcset=\"https:\/\/vapestornado.com\/wp-content\/uploads\/2024\/11\/20062b3a285f900e79520aad496b94d-260x300.jpg 260w, https:\/\/vapestornado.com\/wp-content\/uploads\/2024\/11\/20062b3a285f900e79520aad496b94d-887x1024.jpg 887w, https:\/\/vapestornado.com\/wp-content\/uploads\/2024\/11\/20062b3a285f900e79520aad496b94d-768x887.jpg 768w, https:\/\/vapestornado.com\/wp-content\/uploads\/2024\/11\/20062b3a285f900e79520aad496b94d-600x693.jpg 600w, https:\/\/vapestornado.com\/wp-content\/uploads\/2024\/11\/20062b3a285f900e79520aad496b94d.jpg 1080w\" sizes=\"(max-width: 260px) 100vw, 260px\" \/><\/p>","protected":false},"featured_media":4245,"comment_status":"open","ping_status":"closed","template":"","meta":{"_acf_changed":false,"_uag_custom_page_level_css":"","_lmt_disableupdate":"no","_lmt_disable":"","_monsterinsights_skip_tracking":false,"_monsterinsights_sitenote_active":false,"_monsterinsights_sitenote_note":"","_monsterinsights_sitenote_category":0,"site-sidebar-layout":"default","site-content-layout":"","ast-site-content-layout":"default","site-content-style":"default","site-sidebar-style":"default","ast-global-header-display":"","ast-banner-title-visibility":"","ast-main-header-display":"","ast-hfb-above-header-display":"","ast-hfb-below-header-display":"","ast-hfb-mobile-header-display":"","site-post-title":"","ast-breadcrumbs-content":"","ast-featured-img":"","footer-sml-layout":"","ast-disable-related-posts":"","theme-transparent-header-meta":"default","adv-header-id-meta":"","stick-header-meta":"","header-above-stick-meta":"","header-main-stick-meta":"","header-below-stick-meta":"","astra-migrate-meta-layouts":"set","ast-page-background-enabled":"default","ast-page-background-meta":{"desktop":{"background-color":"","background-image":"","background-repeat":"repeat","background-position":"center center","background-size":"auto","background-attachment":"scroll","background-type":"","background-media":"","overlay-type":"","overlay-color":"","overlay-opacity":"","overlay-gradient":""},"tablet":{"background-color":"","background-image":"","background-repeat":"repeat","background-position":"center center","background-size":"auto","background-attachment":"scroll","background-type":"","background-media":"","overlay-type":"","overlay-color":"","overlay-opacity":"","overlay-gradient":""},"mobile":{"background-color":"","background-image":"","background-repeat":"repeat","background-position":"center center","background-size":"auto","background-attachment":"scroll","background-type":"","background-media":"","overlay-type":"","overlay-color":"","overlay-opacity":"","overlay-gradient":""}},"ast-content-background-meta":{"desktop":{"background-color":"var(--ast-global-color-5)","background-image":"","background-repeat":"repeat","background-position":"center center","background-size":"auto","background-attachment":"scroll","background-type":"","background-media":"","overlay-type":"","overlay-color":"","overlay-opacity":"","overlay-gradient":""},"tablet":{"background-color":"var(--ast-global-color-5)","background-image":"","background-repeat":"repeat","background-position":"center center","background-size":"auto","background-attachment":"scroll","background-type":"","background-media":"","overlay-type":"","overlay-color":"","overlay-opacity":"","overlay-gradient":""},"mobile":{"background-color":"var(--ast-global-color-5)","background-image":"","background-repeat":"repeat","background-position":"center center","background-size":"auto","background-attachment":"scroll","background-type":"","background-media":"","overlay-type":"","overlay-color":"","overlay-opacity":"","overlay-gradient":""}},"_joinchat":{"telephone":"+8618077105750"}},"product_brand":[],"product_cat":[140,65,152,154,155,158,160,143,60],"product_tag":[],"class_list":{"0":"post-3668","1":"product","2":"type-product","3":"status-publish","4":"has-post-thumbnail","6":"product_cat-big-puffs-disposable-vapes","7":"product_cat-40000-puff","8":"product_cat-buy-disposable-vapes-in-cermany","9":"product_cat-buy-disposable-vapes-in-netherlands","10":"product_cat-buy-disposable-vapes-in-norway","11":"product_cat-buy-disposable-vapes-in-spain","12":"product_cat-buy-disposable-vapes-in-switzerland","13":"product_cat-dual-mesh-disposable-vapes","14":"product_cat-waspe-fihp-vape","15":"desktop-align-left","16":"tablet-align-left","17":"mobile-align-left","19":"first","20":"instock","21":"sale","22":"shipping-taxable","23":"purchasable","24":"product-type-simple"},"acf":[],"uagb_featured_image_src":{"full":["https:\/\/vapestornado.com\/wp-content\/uploads\/2024\/12\/Waspe-DOUBLE-FLAVOUR-40k-Vape-Cheap-Price.jpg",1500,1500,false],"thumbnail":["https:\/\/vapestornado.com\/wp-content\/uploads\/2024\/12\/Waspe-DOUBLE-FLAVOUR-40k-Vape-Cheap-Price-150x150.jpg",150,150,true],"medium":["https:\/\/vapestornado.com\/wp-content\/uploads\/2024\/12\/Waspe-DOUBLE-FLAVOUR-40k-Vape-Cheap-Price-300x300.jpg",300,300,true],"medium_large":["https:\/\/vapestornado.com\/wp-content\/uploads\/2024\/12\/Waspe-DOUBLE-FLAVOUR-40k-Vape-Cheap-Price-768x768.jpg",768,768,true],"large":["https:\/\/vapestornado.com\/wp-content\/uploads\/2024\/12\/Waspe-DOUBLE-FLAVOUR-40k-Vape-Cheap-Price-1024x1024.jpg",1024,1024,true],"1536x1536":["https:\/\/vapestornado.com\/wp-content\/uploads\/2024\/12\/Waspe-DOUBLE-FLAVOUR-40k-Vape-Cheap-Price.jpg",1500,1500,false],"2048x2048":["https:\/\/vapestornado.com\/wp-content\/uploads\/2024\/12\/Waspe-DOUBLE-FLAVOUR-40k-Vape-Cheap-Price.jpg",1500,1500,false],"trp-custom-language-flag":["https:\/\/vapestornado.com\/wp-content\/uploads\/2024\/12\/Waspe-DOUBLE-FLAVOUR-40k-Vape-Cheap-Price-12x12.jpg",12,12,true],"woocommerce_thumbnail":["https:\/\/vapestornado.com\/wp-content\/uploads\/2024\/12\/Waspe-DOUBLE-FLAVOUR-40k-Vape-Cheap-Price-300x300.jpg",300,300,true],"woocommerce_single":["https:\/\/vapestornado.com\/wp-content\/uploads\/2024\/12\/Waspe-DOUBLE-FLAVOUR-40k-Vape-Cheap-Price-600x600.jpg",600,600,true],"woocommerce_gallery_thumbnail":["https:\/\/vapestornado.com\/wp-content\/uploads\/2024\/12\/Waspe-DOUBLE-FLAVOUR-40k-Vape-Cheap-Price-100x100.jpg",100,100,true]},"uagb_author_info":{"display_name":"ESvicky","author_link":"https:\/\/vapestornado.com\/nl\/author\/"},"uagb_comment_info":0,"uagb_excerpt":"The Waspe 40000 Puffs Vape offers dual flavors, 36ml capacity, and a smart LED screen. A long-lasting, rechargeable choice for wholesale vape markets in Europe. (our website price not include shipping cost, please contact me to get whole price and your disccount!)","_links":{"self":[{"href":"https:\/\/vapestornado.com\/nl\/wp-json\/wp\/v2\/product\/3668","targetHints":{"allow":["GET"]}}],"collection":[{"href":"https:\/\/vapestornado.com\/nl\/wp-json\/wp\/v2\/product"}],"about":[{"href":"https:\/\/vapestornado.com\/nl\/wp-json\/wp\/v2\/types\/product"}],"replies":[{"embeddable":true,"href":"https:\/\/vapestornado.com\/nl\/wp-json\/wp\/v2\/comments?post=3668"}],"wp:featuredmedia":[{"embeddable":true,"href":"https:\/\/vapestornado.com\/nl\/wp-json\/wp\/v2\/media\/4245"}],"wp:attachment":[{"href":"https:\/\/vapestornado.com\/nl\/wp-json\/wp\/v2\/media?parent=3668"}],"wp:term":[{"taxonomy":"product_brand","embeddable":true,"href":"https:\/\/vapestornado.com\/nl\/wp-json\/wp\/v2\/product_brand?post=3668"},{"taxonomy":"product_cat","embeddable":true,"href":"https:\/\/vapestornado.com\/nl\/wp-json\/wp\/v2\/product_cat?post=3668"},{"taxonomy":"product_tag","embeddable":true,"href":"https:\/\/vapestornado.com\/nl\/wp-json\/wp\/v2\/product_tag?post=3668"}],"curies":[{"name":"wp","href":"https:\/\/api.w.org\/{rel}","templated":true}]}}