{"id":3385,"date":"2024-12-26T03:09:17","date_gmt":"2024-12-26T03:09:17","guid":{"rendered":"https:\/\/vapestornado.com\/?post_type=product&#038;p=3385"},"modified":"2025-08-23T11:12:32","modified_gmt":"2025-08-23T11:12:32","slug":"wga-crystal-plus-20000-puff-vape-2-in-1-rechargeable-disposable-vape-wholesale-bulk-buy","status":"publish","type":"product","link":"https:\/\/vapestornado.com\/nl\/product\/wga-crystal-plus-20000-puff-vape-2-in-1-rechargeable-disposable-vape-wholesale-bulk-buy\/","title":{"rendered":"WGA Crystal Plus 20000 Puf Vape 2-in-1 Oplaadbare Wegwerp Vape Groothandel Bulk Inkoop"},"content":{"rendered":"<h1 class=\"product-title\">WGA Crystal Plus 20000 Puf Vape 2-in-1 Oplaadbare Wegwerp Vape Groothandel Bulk Inkoop<\/h1>\n<p data-start=\"239\" data-end=\"582\">De <strong data-start=\"243\" data-end=\"275\">WGA Crystal Plus 20000 Puffs<\/strong> is een praktische 2-in-1 optie voor <strong data-start=\"309\" data-end=\"360\">EU-detailhandelaren, distributeurs en B2B-bulkinkopers<\/strong> die variatie willen zonder extra SKU's aan te houden. Elk apparaat levert tot <strong data-start=\"433\" data-end=\"449\">20.000 trekjes<\/strong> en laat klanten <strong data-start=\"469\" data-end=\"511\">schakelen tussen twee voorgevulde smaken<\/strong> direct\u2014ideaal voor winkels die gemengde smaakprofielen in \u00e9\u00e9n product bedienen.<\/p>\n<p data-start=\"584\" data-end=\"988\">A <strong data-start=\"586\" data-end=\"616\">oplaadbaar Type-C ontwerp<\/strong> helpt ervoor te zorgen dat de pod volledig wordt gebruikt, waardoor e-liquidverspilling en retouren worden verminderd. De kristallen behuizing is compact voor toonbankdisplays en om in de zak te dragen, terwijl een zuivere smaakafgifte herhaalde verkopen ondersteunt in gemakswinkels en gespecialiseerde vape-kanalen. <strong data-start=\"850\" data-end=\"881\">Meerdere nicotinegehaltes<\/strong> (beschikbaarheid varieert per markt) maken de line-up geschikt voor zowel lichte gebruikers als vaste klanten in heel Europa.<\/p>\n<p data-start=\"990\" data-end=\"1021\"><strong data-start=\"990\" data-end=\"1021\">Waarom het werkt voor de groothandel:<\/strong><\/p>\n<ul data-start=\"1022\" data-end=\"1325\">\n<li data-start=\"1022\" data-end=\"1079\">\n<p data-start=\"1024\" data-end=\"1079\"><strong data-start=\"1024\" data-end=\"1037\">20K puffs<\/strong> per eenheid voor langere verkoopcycli<\/p>\n<\/li>\n<li data-start=\"1080\" data-end=\"1157\">\n<p data-start=\"1082\" data-end=\"1157\"><strong data-start=\"1082\" data-end=\"1105\">2-in-1 dubbele smaak<\/strong> schakelen = bredere aantrekkingskracht, minder varianten om op voorraad te hebben<\/p>\n<\/li>\n<li data-start=\"1158\" data-end=\"1238\">\n<p data-start=\"1160\" data-end=\"1238\"><strong data-start=\"1160\" data-end=\"1187\">Oplaadbaar via Type-C<\/strong> voor een beter gebruik en klanttevredenheid<\/p>\n<\/li>\n<li data-start=\"1239\" data-end=\"1325\">\n<p data-start=\"1241\" data-end=\"1325\"><strong data-start=\"1241\" data-end=\"1284\">Bulkverpakking<\/strong>, afgestemd op EU-detailhandelaren en -distributeurs<\/p>\n<\/li>\n<\/ul>\n<p><span style=\"color: #ff0000;\"><strong>Voeg Amy's WhatsApp toe, krijg direct antwoord en een vape-coupon!<\/strong><\/span><\/p>\n<p><img fetchpriority=\"high\" decoding=\"async\" class=\"size-full wp-image-2932\" src=\"https:\/\/vapestornado.com\/wp-content\/uploads\/2024\/12\/Vape-Wholesale.jpg\" alt=\"Vape Groothandel\" width=\"229\" height=\"300\" \/><\/p>\n<h3><a href=\"https:\/\/wa.me\/8617776015835\" target=\"_blank\" rel=\"noopener\"><span style=\"color: #ff0000;\"><strong>WhatsApp: +86 17776015835<\/strong><\/span><\/a><\/h3>\n<p>&nbsp;<\/p>\n<h2 class=\"product-title\">WGA Crystal Plus 20000 Wegwerp Vape<strong> Productkenmerken<\/strong><\/h2>\n<div role=\"article\" data-tabster=\"{&quot;groupper&quot;:{&quot;tabbability&quot;:2},&quot;focusable&quot;:{}}\" data-content=\"ai-message\" aria-labelledby=\"juhNTJ6o7Gk1cgwZMJgv2-author juhNTJ6o7Gk1cgwZMJgv2-content\">\n<div id=\"juhNTJ6o7Gk1cgwZMJgv2-content\">\n<div role=\"article\" data-tabster=\"{&quot;groupper&quot;:{&quot;tabbability&quot;:2},&quot;focusable&quot;:{}}\" data-content=\"ai-message\" aria-labelledby=\"x4EZuCZWrTbh3weWUt7CU-author x4EZuCZWrTbh3weWUt7CU-content\">\n<div id=\"x4EZuCZWrTbh3weWUt7CU-content\">\n<div class=\"flex max-w-full flex-col flex-grow\">\n<div class=\"min-h-8 text-message flex w-full flex-col items-end gap-2 whitespace-normal break-words text-start [.text-message+&amp;]:mt-5\" dir=\"auto\" data-message-author-role=\"assistant\" data-message-id=\"52c6e00a-252f-4104-805d-2f1a84739c71\" data-message-model-slug=\"gpt-4o\">\n<div class=\"flex w-full flex-col gap-1 empty:hidden first:pt-[3px]\">\n<div class=\"markdown prose w-full break-words dark:prose-invert light\">\n<h4><\/h4>\n<h4><strong>Onge\u00ebvenaarde Puff Capaciteit<\/strong><\/h4>\n<p>Met <strong>20.000 trekjes<\/strong>, de Crystal Plus zorgt voor langdurig gebruik, waardoor het een betrouwbare partner is voor langere vape-sessies.<\/p>\n<h4><strong>Duidelijk LCD-scherm<\/strong><\/h4>\n<p>Het apparaat beschikt over een <strong>kristalhelder LCD-scherm<\/strong> dat u op de hoogte houdt van de batterijstatus en het e-liquidniveau, waardoor giswerk overbodig wordt.<\/p>\n<h4><strong>Oplaadbare 650mAh Batterij<\/strong><\/h4>\n<p>Aangedreven door een <strong>650mAh oplaadbare batterij<\/strong>, deze vape is ontworpen voor een lange levensduur en gemak. De <strong>USB Type-C oplaadpoort<\/strong> zorgt voor snel en effici\u00ebnt opladen, zodat u meer tijd kunt besteden aan vapen en minder tijd aan wachten.<\/p>\n<h4><strong>Dubbele Mesh Coil Technologie<\/strong><\/h4>\n<p>Uitgerust met geavanceerde <strong>dubbele mesh coils<\/strong>, levert de Crystal Plus soepele, consistente damp en een rijke smaak bij elke trek. Deze technologie verbetert de effici\u00ebntie van e-liquid en zorgt voor een bevredigende Mouth-to-Lung (MTL) vape-ervaring.<\/p>\n<h4><strong>18 Exquise Smaken<\/strong><\/h4>\n<p>Kies uit een verscheidenheid van <strong>18 zorgvuldig samengestelde smaken<\/strong>, elk ontworpen om uw smaakpapillen te verwennen. Van fruitig tot mintachtig en meer, er is iets voor elk wat wils.<\/p>\n<h4><strong>Verpakt voor Gemak<\/strong><\/h4>\n<p>Beschikbaar in <strong>Bulkverpakkingen van 10 stuks<\/strong>, de WGA Crystal Plus is een uitstekende keuze voor groothandelaren, detailhandelaren of iedereen die een hoogwaardige wegwerpvape wil inslaan.<\/p>\n<\/div>\n<\/div>\n<\/div>\n<\/div>\n<div class=\"mb-2 flex gap-3 empty:hidden -ml-2\">\n<p>&nbsp;<\/p>\n<\/div>\n<\/div>\n<\/div>\n<\/div>\n<\/div>\n<h2 class=\"product-title\"><strong>Populaire Smaak voor WGA Crystal Plus 20000 Puffs Wegwerp Vapes<\/strong><\/h2>\n<p>1.BLUE RAZZ CHERRY\/FIZZY CHERRY<br \/>\n2. BLAUWE FRAMBOOS GUMMY\/BLAUWE FRAMBOOS\u00a0 <span style=\"color: #ff0000;\"><strong>&gt;&gt;&gt;&gt; Heet!<\/strong><\/span><br \/>\n3. BLAUWE FRAMBOOS LIMONADE\/COLA CITROEN<br \/>\n4. VERSE MUNT\/DUBBELE MENTHOL<br \/>\n5. GUMMIBEER\/SKITTLES <span style=\"color: #ff0000;\"><strong>&gt;&gt;&gt;&gt; Beste !<\/strong><\/span><br \/>\n6. HEISENBERG\/ROZE MAN<br \/>\n7. CITROEN<br \/>\n8. ANANAS IJS\/ANANAS PERZIK MANGO<br \/>\n9. ANANAS CITROEN\/DRUIF IJS<br \/>\n10. ZOMERDROOM\/KERSENCOLA IJS<br \/>\n11. AARDBEIEN IJS\/AARDBEIEN BANAAN<br \/>\n12. AARDBEI FRAMBOOS IJS\/BOSBES KERS CRANBERRY <span style=\"color: #ff0000;\"><strong>&gt;&gt;&gt;&gt; Heet!<\/strong><\/span><br \/>\n13. DRIEVOUDIGE MANGO\/KIWI PASSIEVRUCHT GUAVE<br \/>\n14. WATERMELOEN IJS\/DUBBELE APPEL<br \/>\n15. WATERMELOEN HUBBA BUBBA\/BOSBES HUBBA BUBBA<br \/>\n16. BANAAN IJS\/GUAVE IJS<br \/>\n17. BOSBES IJS\/AARDBEI IJS <span style=\"color: #ff0000;\"><strong>&gt;&gt;&gt;&gt; Heet!<\/strong><\/span><br \/>\n18. BOSBES IJS LOLLY\/AARDBEI IJS LOLLY<br \/>\n19. KERSEN IJS\/SINAASAPPEL IJS<br \/>\n20. ZACHTE PERZIK\/PERZIK APPEL IJS <span style=\"color: #ff0000;\"><strong>&gt;&gt;&gt;&gt; Heet!<\/strong><\/span><\/p>\n<div class=\"flex-shrink-0 flex flex-col relative items-end\">\n<div class=\"pt-0\">\n<div class=\"gizmo-bot-avatar flex h-8 w-8 items-center justify-center overflow-hidden rounded-full\">\n<div class=\"relative p-1 rounded-sm flex items-center justify-center bg-token-main-surface-primary text-token-text-primary h-8 w-8\">\n<figure id=\"attachment_3374\" aria-describedby=\"caption-attachment-3374\" style=\"width: 1000px\" class=\"wp-caption alignnone\"><img decoding=\"async\" class=\"wp-image-3374 size-full\" src=\"https:\/\/vapestornado.com\/wp-content\/uploads\/2024\/12\/WGA-Crystal-20K-Puffs-Disposable-Vape-Bulk-Buy.jpg\" alt=\"WGA Crystal 20K Puffs Wegwerp Vape Bulk Aankoop\" width=\"1000\" height=\"520\" srcset=\"https:\/\/vapestornado.com\/wp-content\/uploads\/2024\/12\/WGA-Crystal-20K-Puffs-Disposable-Vape-Bulk-Buy.jpg 1000w, https:\/\/vapestornado.com\/wp-content\/uploads\/2024\/12\/WGA-Crystal-20K-Puffs-Disposable-Vape-Bulk-Buy-300x156.jpg 300w, https:\/\/vapestornado.com\/wp-content\/uploads\/2024\/12\/WGA-Crystal-20K-Puffs-Disposable-Vape-Bulk-Buy-768x399.jpg 768w, https:\/\/vapestornado.com\/wp-content\/uploads\/2024\/12\/WGA-Crystal-20K-Puffs-Disposable-Vape-Bulk-Buy-600x312.jpg 600w\" sizes=\"(max-width: 1000px) 100vw, 1000px\" \/><figcaption id=\"caption-attachment-3374\" class=\"wp-caption-text\">WGA Crystal 20K Puffs Wegwerp Vape Bulk Aankoop<\/figcaption><\/figure>\n<h2>FAQ's voor WGA Crystal Plus 20000 Wegwerp Vape<\/h2>\n<div class=\"flex max-w-full flex-col flex-grow\">\n<div class=\"min-h-8 text-message flex w-full flex-col items-end gap-2 whitespace-normal break-words text-start [.text-message+&amp;]:mt-5\" dir=\"auto\" data-message-author-role=\"assistant\" data-message-id=\"4dc48248-df95-45bd-b800-6dedb43cf7f1\" data-message-model-slug=\"gpt-4o\">\n<div class=\"flex w-full flex-col gap-1 empty:hidden first:pt-[3px]\">\n<div class=\"markdown prose w-full break-words dark:prose-invert light\">\n<h3><\/h3>\n<ol>\n<li><strong>Wat maakt de WGA Crystal Plus 20000 Puffs uniek?<\/strong><br \/>\nDe <strong>WGA Crystal Plus 20000 Puffs<\/strong> beschikt over een <strong>dubbel smaken systeem<\/strong>, waardoor u kunt schakelen tussen twee voorgevulde smaken in \u00e9\u00e9n apparaat, wat een onge\u00ebvenaarde veelzijdigheid en gemak biedt.<\/li>\n<li><strong>Hoe controleer ik de batterij- en e-liquid niveaus op de WGA Crystal Plus 20k?<\/strong><br \/>\nDit apparaat bevat een <strong>kristalhelder LCD-scherm<\/strong>, dat zowel de batterijduur als de e-liquid niveaus weergeeft, zodat u altijd op de hoogte bent van de status van uw vape.<\/li>\n<li><strong>Welke smaken zijn beschikbaar voor de WGA Crystal 20000 Dual Flavor Vape?<\/strong><br \/>\nEr zijn <strong>18 opwindende smaakcombinaties<\/strong>, zoals <strong>Blue Razz Cherry<\/strong> en <strong>Watermelon Ice<\/strong>, die tegemoetkomen aan diverse smaakvoorkeuren.<\/li>\n<li><strong>Kan ik de WGA Crystal 20k Puff Disposable Vape opladen?<\/strong><br \/>\nJa, hij wordt geleverd met een <strong>oplaadbare 650mAh batterij<\/strong> en een <strong>Type-C oplaadpoort<\/strong>, waardoor snel en gemakkelijk opladen mogelijk is voor langdurig gebruik.<\/li>\n<li><strong>Is de WGA Crystal Plus 20000 geschikt voor Mouth-to-Lung (MTL) vaping?<\/strong><br \/>\nAbsoluut! Zijn <strong>dubbele mesh coil technologie<\/strong> zorgt voor een soepele damp productie, waardoor het ideaal is voor MTL-vapers die genieten van gecontroleerde, smaakvolle trekjes.<\/li>\n<\/ol>\n<\/div>\n<\/div>\n<\/div>\n<\/div>\n<div class=\"mb-2 flex gap-3 empty:hidden -ml-2\">\n<div class=\"items-center justify-start rounded-xl p-1 flex\"><\/div>\n<\/div>\n<\/div>\n<\/div>\n<\/div>\n<\/div>\n<div class=\"flex-shrink-0 flex flex-col relative items-end\">\n<div class=\"pt-0\">\n<div class=\"gizmo-bot-avatar flex h-8 w-8 items-center justify-center overflow-hidden rounded-full\">\n<div class=\"relative p-1 rounded-sm flex items-center justify-center bg-token-main-surface-primary text-token-text-primary h-8 w-8\">\n<div class=\"mb-2 flex gap-3 empty:hidden -ml-2\">\n<div role=\"article\" data-tabster=\"{&quot;groupper&quot;:{&quot;tabbability&quot;:2},&quot;focusable&quot;:{}}\" data-content=\"ai-message\" aria-labelledby=\"Vdt5ez4X7Tg813x6rFVha-author Vdt5ez4X7Tg813x6rFVha-content\">\n<div id=\"Vdt5ez4X7Tg813x6rFVha-content\">\n<div role=\"article\" data-tabster=\"{&quot;groupper&quot;:{&quot;tabbability&quot;:2},&quot;focusable&quot;:{}}\" data-content=\"ai-message\" aria-labelledby=\"o968oC7CEo2fGHsGdsRYC-author o968oC7CEo2fGHsGdsRYC-content\">\n<div id=\"o968oC7CEo2fGHsGdsRYC-content\">\n<p>&nbsp;<\/p>\n<h2>Waarom kiezen voor vapestornado voor WGA Crystal 15000 Puffs Vape Wholesale?<\/h2>\n<div class=\"flex-shrink-0 flex flex-col relative items-end\">\n<div class=\"pt-0\">\n<div class=\"gizmo-bot-avatar flex h-8 w-8 items-center justify-center overflow-hidden rounded-full\">\n<div class=\"relative p-1 rounded-sm flex items-center justify-center bg-token-main-surface-primary text-token-text-primary h-8 w-8\">\n<p>Welkom bij vapestornado, uw vertrouwde online vape winkel voor premium wegwerp vapes. Met meer dan 5 jaar expertise, brengen wij u populaire wegwerp vape merken zoals Fumot RandM Vape, <a href=\"https:\/\/vapestornado.com\/nl\/product-category\/vapme-shisha\/\">Vapme<\/a>, Bang Vape, Waspe Vape, en WGA Vape, enz.<\/p>\n<p>Ons assortiment omvat populaire vapes zoals de <a href=\"https:\/\/vapestornado.com\/nl\/product\/randm-12000-puffs-fumot-digital-disposable-vape-wholesale-price\/\">RandM Tornado 12000<\/a>, en smaakrijke keuzes zoals de <a href=\"https:\/\/vapestornado.com\/nl\/product\/wga-crystal-pro-max-extra-15000-puffs-rechargeable-disposable-vape-wholesale-bulk-buy\/\">\u00a0WGA Kristal 15k Puffs<\/a> . Elk product is gekozen met een focus op kwaliteit, waarde en vari\u00ebteit, zodat u de perfecte match voor uw behoeften vindt. Ontdek uitzonderlijke service en een breed scala aan topproducten met groothandelsprijzen bij vapestornado.<\/p>\n<\/div>\n<p>&nbsp;<\/p>\n<p><strong>Andere Hete Verkoop Wegwerp Vapes<\/strong><\/p>\n<p><a href=\"https:\/\/vapestornado.com\/nl\/product\/bang-vape-35000-puffs-low-nicotine-bulk-buy-rechargeable-disposable-vapes-box-wholesale-price\/\">Bang Vape 35000 Puffs <span style=\"color: #ff0000;\"><strong>&gt;&gt;&gt;&gt; Start!<\/strong><\/span><\/a><\/p>\n<p><a href=\"https:\/\/vapestornado.com\/nl\/product\/vopk-ultra-40000-puffs-2-in-1-digital-screen-rechargeable-disposable-vape\/\">VOPK 40000 Dubbele Smaak<span style=\"color: #ff0000;\"><strong>&gt;&gt;&gt;&gt; Start!<\/strong><\/span><\/a><\/p>\n<p><a href=\"https:\/\/vapestornado.com\/nl\/product\/bood-twins-46000-puff-double-flavour-low-nicotine-disposable-vape-wholesale-bulk-buy-price\/\">Bloed Twins 46000<span style=\"color: #ff0000;\"><strong>&gt;&gt;&gt;&gt; Start!<\/strong><\/span><\/a><\/p>\n<\/div>\n<\/div>\n<\/div>\n<p>&nbsp;<\/p>\n<\/div>\n<\/div>\n<\/div>\n<\/div>\n<\/div>\n<\/div>\n<\/div>\n<\/div>\n<\/div>","protected":false},"excerpt":{"rendered":"<p><strong data-start=\"1473\" data-end=\"1505\">WGA Crystal Plus 20000 Puffs<\/strong>\u2014a <strong data-start=\"1508\" data-end=\"1552\">2-in-1 dubbele smaak, Type-C oplaadbaar<\/strong> wegwerp gebouwd voor <strong data-start=\"1574\" data-end=\"1606\">EU groothandel- en bulkbestellingen<\/strong>. Hoge capaciteit, gemakkelijke smaakwisseling en detailhandelvriendelijke verpakking voor sterke, herhaalbare verkopen.<\/p>\n<p><strong>Voeg Amy's whatsapp toe en krijg direct antwoord en vape vape korting!<\/strong><\/p>\n<p><img fetchpriority=\"high\" decoding=\"async\" class=\"size-full wp-image-2932\" src=\"https:\/\/vapestornado.com\/wp-content\/uploads\/2024\/12\/Vape-Wholesale.jpg\" alt=\"Vape Groothandel\" width=\"229\" height=\"300\" \/><\/p>\n<h3><a href=\"https:\/\/wa.me\/8617776015835\"><span style=\"color: #ff0000;\"><strong>WhatsApp: +86 17776015835<\/strong><\/span><\/a><\/h3>\n<p>&nbsp;<\/p>","protected":false},"featured_media":3370,"comment_status":"open","ping_status":"closed","template":"","meta":{"_acf_changed":false,"_uag_custom_page_level_css":"","_lmt_disableupdate":"no","_lmt_disable":"","_monsterinsights_skip_tracking":false,"_monsterinsights_sitenote_active":false,"_monsterinsights_sitenote_note":"","_monsterinsights_sitenote_category":0,"site-sidebar-layout":"default","site-content-layout":"","ast-site-content-layout":"default","site-content-style":"default","site-sidebar-style":"default","ast-global-header-display":"","ast-banner-title-visibility":"","ast-main-header-display":"","ast-hfb-above-header-display":"","ast-hfb-below-header-display":"","ast-hfb-mobile-header-display":"","site-post-title":"","ast-breadcrumbs-content":"","ast-featured-img":"","footer-sml-layout":"","ast-disable-related-posts":"","theme-transparent-header-meta":"default","adv-header-id-meta":"","stick-header-meta":"","header-above-stick-meta":"","header-main-stick-meta":"","header-below-stick-meta":"","astra-migrate-meta-layouts":"set","ast-page-background-enabled":"default","ast-page-background-meta":{"desktop":{"background-color":"","background-image":"","background-repeat":"repeat","background-position":"center center","background-size":"auto","background-attachment":"scroll","background-type":"","background-media":"","overlay-type":"","overlay-color":"","overlay-opacity":"","overlay-gradient":""},"tablet":{"background-color":"","background-image":"","background-repeat":"repeat","background-position":"center center","background-size":"auto","background-attachment":"scroll","background-type":"","background-media":"","overlay-type":"","overlay-color":"","overlay-opacity":"","overlay-gradient":""},"mobile":{"background-color":"","background-image":"","background-repeat":"repeat","background-position":"center center","background-size":"auto","background-attachment":"scroll","background-type":"","background-media":"","overlay-type":"","overlay-color":"","overlay-opacity":"","overlay-gradient":""}},"ast-content-background-meta":{"desktop":{"background-color":"var(--ast-global-color-5)","background-image":"","background-repeat":"repeat","background-position":"center center","background-size":"auto","background-attachment":"scroll","background-type":"","background-media":"","overlay-type":"","overlay-color":"","overlay-opacity":"","overlay-gradient":""},"tablet":{"background-color":"var(--ast-global-color-5)","background-image":"","background-repeat":"repeat","background-position":"center center","background-size":"auto","background-attachment":"scroll","background-type":"","background-media":"","overlay-type":"","overlay-color":"","overlay-opacity":"","overlay-gradient":""},"mobile":{"background-color":"var(--ast-global-color-5)","background-image":"","background-repeat":"repeat","background-position":"center center","background-size":"auto","background-attachment":"scroll","background-type":"","background-media":"","overlay-type":"","overlay-color":"","overlay-opacity":"","overlay-gradient":""}},"_joinchat":{"telephone":"+8617776015835"}},"product_brand":[],"product_cat":[69,151,155,142,146,59],"product_tag":[165,105,97,166,94,205,206,204],"class_list":{"0":"post-3385","1":"product","2":"type-product","3":"status-publish","4":"has-post-thumbnail","6":"product_cat-20000-puff","7":"product_cat-buy-disposable-vapes-in-france","8":"product_cat-buy-disposable-vapes-in-norway","9":"product_cat-digital-box-disposable-vapes","10":"product_cat-rechargeable-disposable-vapes","11":"product_cat-wga-crystal-vape","12":"product_tag-cheap-vapes","13":"product_tag-digital-disposable-vape","14":"product_tag-hot-sale-disposable-vape","15":"product_tag-low-nicotine-vape","16":"product_tag-rechargeable-disposable-vape","17":"product_tag-wga-crystal-20k","18":"product_tag-wga-crystal-plus-20000","19":"product_tag-wga-vape","20":"desktop-align-left","21":"tablet-align-left","22":"mobile-align-left","24":"first","25":"instock","26":"sale","27":"shipping-taxable","28":"purchasable","29":"product-type-simple"},"acf":[],"uagb_featured_image_src":{"full":["https:\/\/vapestornado.com\/wp-content\/uploads\/2024\/12\/WGA-Crystal-Plus-20000-Disposable-Vape-Wholesale.jpg",1000,992,false],"thumbnail":["https:\/\/vapestornado.com\/wp-content\/uploads\/2024\/12\/WGA-Crystal-Plus-20000-Disposable-Vape-Wholesale-150x150.jpg",150,150,true],"medium":["https:\/\/vapestornado.com\/wp-content\/uploads\/2024\/12\/WGA-Crystal-Plus-20000-Disposable-Vape-Wholesale-300x298.jpg",300,298,true],"medium_large":["https:\/\/vapestornado.com\/wp-content\/uploads\/2024\/12\/WGA-Crystal-Plus-20000-Disposable-Vape-Wholesale-768x762.jpg",768,762,true],"large":["https:\/\/vapestornado.com\/wp-content\/uploads\/2024\/12\/WGA-Crystal-Plus-20000-Disposable-Vape-Wholesale.jpg",1000,992,false],"1536x1536":["https:\/\/vapestornado.com\/wp-content\/uploads\/2024\/12\/WGA-Crystal-Plus-20000-Disposable-Vape-Wholesale.jpg",1000,992,false],"2048x2048":["https:\/\/vapestornado.com\/wp-content\/uploads\/2024\/12\/WGA-Crystal-Plus-20000-Disposable-Vape-Wholesale.jpg",1000,992,false],"trp-custom-language-flag":["https:\/\/vapestornado.com\/wp-content\/uploads\/2024\/12\/WGA-Crystal-Plus-20000-Disposable-Vape-Wholesale.jpg",12,12,false],"woocommerce_thumbnail":["https:\/\/vapestornado.com\/wp-content\/uploads\/2024\/12\/WGA-Crystal-Plus-20000-Disposable-Vape-Wholesale-300x300.jpg",300,300,true],"woocommerce_single":["https:\/\/vapestornado.com\/wp-content\/uploads\/2024\/12\/WGA-Crystal-Plus-20000-Disposable-Vape-Wholesale-600x595.jpg",600,595,true],"woocommerce_gallery_thumbnail":["https:\/\/vapestornado.com\/wp-content\/uploads\/2024\/12\/WGA-Crystal-Plus-20000-Disposable-Vape-Wholesale-100x100.jpg",100,100,true]},"uagb_author_info":{"display_name":"ESAMY","author_link":"https:\/\/vapestornado.com\/nl\/author\/"},"uagb_comment_info":0,"uagb_excerpt":"WGA Crystal Plus 20000 Puffs\u2014a 2\u2011in\u20111 dual\u2011flavour, Type\u2011C rechargeable disposable built for EU wholesale and bulk orders. High capacity, easy flavour switch, and retailer\u2011friendly packaging for strong, repeatable sales. Add Amy's whatsapp get right reply and vape coupon! WhatsApp: +86 17776015835 &nbsp;","_links":{"self":[{"href":"https:\/\/vapestornado.com\/nl\/wp-json\/wp\/v2\/product\/3385","targetHints":{"allow":["GET"]}}],"collection":[{"href":"https:\/\/vapestornado.com\/nl\/wp-json\/wp\/v2\/product"}],"about":[{"href":"https:\/\/vapestornado.com\/nl\/wp-json\/wp\/v2\/types\/product"}],"replies":[{"embeddable":true,"href":"https:\/\/vapestornado.com\/nl\/wp-json\/wp\/v2\/comments?post=3385"}],"wp:featuredmedia":[{"embeddable":true,"href":"https:\/\/vapestornado.com\/nl\/wp-json\/wp\/v2\/media\/3370"}],"wp:attachment":[{"href":"https:\/\/vapestornado.com\/nl\/wp-json\/wp\/v2\/media?parent=3385"}],"wp:term":[{"taxonomy":"product_brand","embeddable":true,"href":"https:\/\/vapestornado.com\/nl\/wp-json\/wp\/v2\/product_brand?post=3385"},{"taxonomy":"product_cat","embeddable":true,"href":"https:\/\/vapestornado.com\/nl\/wp-json\/wp\/v2\/product_cat?post=3385"},{"taxonomy":"product_tag","embeddable":true,"href":"https:\/\/vapestornado.com\/nl\/wp-json\/wp\/v2\/product_tag?post=3385"}],"curies":[{"name":"wp","href":"https:\/\/api.w.org\/{rel}","templated":true}]}}